{"id":4003,"date":"2025-07-12T09:38:09","date_gmt":"2025-07-12T09:38:09","guid":{"rendered":"https:\/\/www.usborkeychain.com\/?post_type=product&#038;p=4003"},"modified":"2025-07-12T10:22:25","modified_gmt":"2025-07-12T10:22:25","slug":"a5-b5-daolin-paper-notebook-flash-drive","status":"publish","type":"product","link":"https:\/\/www.usborkeychain.com\/it\/prodotto\/a5-b5-daolin-paper-notebook-flash-drive\/","title":{"rendered":"A5\/B5 Daolin Taccuino di carta Unit\u00e0 flash"},"content":{"rendered":"<p><\/p>\n\n\n\n<div class=\"wp-block-columns is-layout-flex wp-container-core-columns-is-layout-28f84493 wp-block-columns-is-layout-flex\">\n<div class=\"wp-block-column is-layout-flow wp-block-column-is-layout-flow\">\n<figure class=\"wp-block-image size-full\"><img alt=\"\" fetchpriority=\"high\" decoding=\"async\" width=\"750\" height=\"469\" src=\"https:\/\/www.usborkeychain.com\/wp-content\/uploads\/Custom-A5-Daolin-Notebook-USB-Storage-Drive.jpg\" class=\"wp-image-4010\" srcset=\"https:\/\/www.usborkeychain.com\/wp-content\/uploads\/Custom-A5-Daolin-Notebook-USB-Storage-Drive.jpg 750w, https:\/\/www.usborkeychain.com\/wp-content\/uploads\/Custom-A5-Daolin-Notebook-USB-Storage-Drive-300x188.jpg 300w, https:\/\/www.usborkeychain.com\/wp-content\/uploads\/Custom-A5-Daolin-Notebook-USB-Storage-Drive-18x12.jpg 18w, https:\/\/www.usborkeychain.com\/wp-content\/uploads\/Custom-A5-Daolin-Notebook-USB-Storage-Drive-600x375.jpg 600w\" sizes=\"(max-width: 750px) 100vw, 750px\" \/><\/figure>\n<\/div>\n\n\n\n<div class=\"wp-block-column is-vertically-aligned-center is-layout-flow wp-block-column-is-layout-flow\">\n<p>Nei frenetici ambienti d'ufficio di oggi, la chiavetta USB integrata in un notebook si distingue come strumento altamente funzionale e innovativo. <\/p>\n\n\n\n<p>Progettato specificamente per l'uso professionale, questo prodotto unisce la praticit\u00e0 di un taccuino cartaceo Dowling alle capacit\u00e0 di archiviazione dati di una chiavetta USB, offrendo una soluzione perfetta per le moderne esigenze del posto di lavoro. <\/p>\n\n\n\n<p>Elimina il fastidio di dover portare con s\u00e9 notebook e dispositivi di archiviazione separati, diventando un accessorio indispensabile per i professionisti che puntano all'efficienza.<\/p>\n<\/div>\n<\/div>\n\n\n\n<h3 class=\"wp-block-heading\">Che cos'\u00e8 l'unit\u00e0 flash USB con un taccuino di carta Dowling?<\/h3>\n\n\n\n<p>L'unit\u00e0 flash USB con taccuino di carta Dowling \u00e8 caratterizzata da un esterno in materiale PU di prima qualit\u00e0, che garantisce durata e un aspetto elegante. \u00c8 compatibile con notebook di varie dimensioni e modelli, adattandosi facilmente alle diverse preferenze degli utenti. La sua caratteristica distintiva \u00e8 l'unit\u00e0 USB rettangolare in metallo integrata nella fibbia metallica del notebook. Lungo, sottile e dal design pulito, questo accento funzionale mantiene l'aspetto generale snello e aggiunge una funzionalit\u00e0 di archiviazione essenziale.<\/p>\n\n\n\n<div class=\"wp-block-columns is-layout-flex wp-container-core-columns-is-layout-9c22b1e3 wp-block-columns-is-layout-flex\">\n<div class=\"wp-block-column is-layout-flow wp-block-column-is-layout-flow\">\n<figure class=\"wp-block-image size-full\"><img alt=\"\" decoding=\"async\" width=\"800\" height=\"800\" src=\"https:\/\/www.usborkeychain.com\/wp-content\/uploads\/Manufacturer-Direct-Custom-B5-Daolin-Notebook-USB-Stick.jpg\" class=\"wp-image-4014\" srcset=\"https:\/\/www.usborkeychain.com\/wp-content\/uploads\/Manufacturer-Direct-Custom-B5-Daolin-Notebook-USB-Stick.jpg 800w, https:\/\/www.usborkeychain.com\/wp-content\/uploads\/Manufacturer-Direct-Custom-B5-Daolin-Notebook-USB-Stick-300x300.jpg 300w, https:\/\/www.usborkeychain.com\/wp-content\/uploads\/Manufacturer-Direct-Custom-B5-Daolin-Notebook-USB-Stick-150x150.jpg 150w, https:\/\/www.usborkeychain.com\/wp-content\/uploads\/Manufacturer-Direct-Custom-B5-Daolin-Notebook-USB-Stick-768x768.jpg 768w, https:\/\/www.usborkeychain.com\/wp-content\/uploads\/Manufacturer-Direct-Custom-B5-Daolin-Notebook-USB-Stick-12x12.jpg 12w, https:\/\/www.usborkeychain.com\/wp-content\/uploads\/Manufacturer-Direct-Custom-B5-Daolin-Notebook-USB-Stick-600x600.jpg 600w, https:\/\/www.usborkeychain.com\/wp-content\/uploads\/Manufacturer-Direct-Custom-B5-Daolin-Notebook-USB-Stick-100x100.jpg 100w\" sizes=\"(max-width: 800px) 100vw, 800px\" \/><\/figure>\n<\/div>\n\n\n\n<div class=\"wp-block-column is-layout-flow wp-block-column-is-layout-flow\">\n<figure class=\"wp-block-image size-full\"><img alt=\"\" decoding=\"async\" width=\"800\" height=\"800\" src=\"https:\/\/www.usborkeychain.com\/wp-content\/uploads\/Factory-Customized-A6-Daolin-Notebook-USB-Memory-Stick.jpg\" class=\"wp-image-4012\" srcset=\"https:\/\/www.usborkeychain.com\/wp-content\/uploads\/Factory-Customized-A6-Daolin-Notebook-USB-Memory-Stick.jpg 800w, https:\/\/www.usborkeychain.com\/wp-content\/uploads\/Factory-Customized-A6-Daolin-Notebook-USB-Memory-Stick-300x300.jpg 300w, https:\/\/www.usborkeychain.com\/wp-content\/uploads\/Factory-Customized-A6-Daolin-Notebook-USB-Memory-Stick-150x150.jpg 150w, https:\/\/www.usborkeychain.com\/wp-content\/uploads\/Factory-Customized-A6-Daolin-Notebook-USB-Memory-Stick-768x768.jpg 768w, https:\/\/www.usborkeychain.com\/wp-content\/uploads\/Factory-Customized-A6-Daolin-Notebook-USB-Memory-Stick-12x12.jpg 12w, https:\/\/www.usborkeychain.com\/wp-content\/uploads\/Factory-Customized-A6-Daolin-Notebook-USB-Memory-Stick-600x600.jpg 600w, https:\/\/www.usborkeychain.com\/wp-content\/uploads\/Factory-Customized-A6-Daolin-Notebook-USB-Memory-Stick-100x100.jpg 100w\" sizes=\"(max-width: 800px) 100vw, 800px\" \/><\/figure>\n<\/div>\n<\/div>\n\n\n\n<div class=\"wp-block-columns is-layout-flex wp-container-core-columns-is-layout-9c22b1e3 wp-block-columns-is-layout-flex\">\n<div class=\"wp-block-column is-layout-flow wp-block-column-is-layout-flow\">\n<figure class=\"wp-block-image size-full\"><img alt=\"\" loading=\"lazy\" decoding=\"async\" width=\"800\" height=\"800\" src=\"https:\/\/www.usborkeychain.com\/wp-content\/uploads\/A5-Daolin-Paper-Notebook-USB-Flash-Drive-Factory.jpg\" class=\"wp-image-4006\" srcset=\"https:\/\/www.usborkeychain.com\/wp-content\/uploads\/A5-Daolin-Paper-Notebook-USB-Flash-Drive-Factory.jpg 800w, https:\/\/www.usborkeychain.com\/wp-content\/uploads\/A5-Daolin-Paper-Notebook-USB-Flash-Drive-Factory-300x300.jpg 300w, https:\/\/www.usborkeychain.com\/wp-content\/uploads\/A5-Daolin-Paper-Notebook-USB-Flash-Drive-Factory-150x150.jpg 150w, https:\/\/www.usborkeychain.com\/wp-content\/uploads\/A5-Daolin-Paper-Notebook-USB-Flash-Drive-Factory-768x768.jpg 768w, https:\/\/www.usborkeychain.com\/wp-content\/uploads\/A5-Daolin-Paper-Notebook-USB-Flash-Drive-Factory-12x12.jpg 12w, https:\/\/www.usborkeychain.com\/wp-content\/uploads\/A5-Daolin-Paper-Notebook-USB-Flash-Drive-Factory-600x600.jpg 600w, https:\/\/www.usborkeychain.com\/wp-content\/uploads\/A5-Daolin-Paper-Notebook-USB-Flash-Drive-Factory-100x100.jpg 100w\" sizes=\"(max-width: 800px) 100vw, 800px\" \/><\/figure>\n<\/div>\n\n\n\n<div class=\"wp-block-column is-layout-flow wp-block-column-is-layout-flow\">\n<figure class=\"wp-block-image size-full\"><img alt=\"\" loading=\"lazy\" decoding=\"async\" width=\"800\" height=\"800\" src=\"https:\/\/www.usborkeychain.com\/wp-content\/uploads\/Manufacturer-Direct-Custom-A5-Notebook-USB-Stick.jpg\" class=\"wp-image-4002\" srcset=\"https:\/\/www.usborkeychain.com\/wp-content\/uploads\/Manufacturer-Direct-Custom-A5-Notebook-USB-Stick.jpg 800w, https:\/\/www.usborkeychain.com\/wp-content\/uploads\/Manufacturer-Direct-Custom-A5-Notebook-USB-Stick-300x300.jpg 300w, https:\/\/www.usborkeychain.com\/wp-content\/uploads\/Manufacturer-Direct-Custom-A5-Notebook-USB-Stick-150x150.jpg 150w, https:\/\/www.usborkeychain.com\/wp-content\/uploads\/Manufacturer-Direct-Custom-A5-Notebook-USB-Stick-768x768.jpg 768w, https:\/\/www.usborkeychain.com\/wp-content\/uploads\/Manufacturer-Direct-Custom-A5-Notebook-USB-Stick-12x12.jpg 12w, https:\/\/www.usborkeychain.com\/wp-content\/uploads\/Manufacturer-Direct-Custom-A5-Notebook-USB-Stick-600x600.jpg 600w, https:\/\/www.usborkeychain.com\/wp-content\/uploads\/Manufacturer-Direct-Custom-A5-Notebook-USB-Stick-100x100.jpg 100w\" sizes=\"(max-width: 800px) 100vw, 800px\" \/><\/figure>\n<\/div>\n<\/div>\n\n\n\n<h3 class=\"wp-block-heading\">Quali sono i parametri della chiavetta USB?<\/h3>\n\n\n\n<figure class=\"wp-block-table\"><table class=\"has-fixed-layout\"><thead><tr><th>Parametro<\/th><th>Dettagli<\/th><\/tr><\/thead><tbody><tr><td>Materiale<\/td><td>PU che cambia colore<\/td><\/tr><tr><td>Pagine interne<\/td><td>Carta Dowling da 80 grammi<\/td><\/tr><tr><td>Conteggio delle pagine<\/td><td>100 fogli (200 pagine)<\/td><\/tr><tr><td>Dimensioni del prodotto<\/td><td>145\u00d7210 mm<\/td><\/tr><tr><td>Spaziatura interna del nucleo<\/td><td>8 mm<\/td><\/tr><tr><td>Tipo di nucleo interno<\/td><td>Nucleo notebook a fodera orizzontale<\/td><\/tr><tr><td>Materiale del nucleo interno<\/td><td>Carta Dowling beige da 80 grammi<\/td><\/tr><tr><td>Quantit\u00e0 di pagine interne<\/td><td>100 fogli (200 pagine)<\/td><\/tr><\/tbody><\/table><\/figure>\n\n\n\n<h3 class=\"wp-block-heading\">\u00c8 possibile personalizzare il blocco note dell'unit\u00e0 flash USB con blocco note?<\/h3>\n\n\n\n<p>Assolutamente s\u00ec. I produttori di unit\u00e0 USB offrono opzioni di personalizzazione complete per i notebook. Gli utenti possono regolare il numero di pagine interne, scegliere colori di copertina personalizzati e persino aggiungere loghi alla copertina utilizzando tecniche come la goffratura, la stampa a colori, la stampa in oro o in argento. Questi servizi di personalizzazione assicurano che il prodotto si allinei perfettamente all'identit\u00e0 del marchio o alle preferenze personali.<\/p>\n\n\n\n<div class=\"wp-block-columns is-layout-flex wp-container-core-columns-is-layout-9c22b1e3 wp-block-columns-is-layout-flex\">\n<div class=\"wp-block-column is-layout-flow wp-block-column-is-layout-flow\">\n<figure class=\"wp-block-image size-full\"><img alt=\"\" loading=\"lazy\" decoding=\"async\" width=\"750\" height=\"469\" src=\"https:\/\/www.usborkeychain.com\/wp-content\/uploads\/B5-Daolin-Paper-Notebook-Thumb-Drive.jpg\" class=\"wp-image-4009\" srcset=\"https:\/\/www.usborkeychain.com\/wp-content\/uploads\/B5-Daolin-Paper-Notebook-Thumb-Drive.jpg 750w, https:\/\/www.usborkeychain.com\/wp-content\/uploads\/B5-Daolin-Paper-Notebook-Thumb-Drive-300x188.jpg 300w, https:\/\/www.usborkeychain.com\/wp-content\/uploads\/B5-Daolin-Paper-Notebook-Thumb-Drive-18x12.jpg 18w, https:\/\/www.usborkeychain.com\/wp-content\/uploads\/B5-Daolin-Paper-Notebook-Thumb-Drive-600x375.jpg 600w\" sizes=\"(max-width: 750px) 100vw, 750px\" \/><\/figure>\n<\/div>\n\n\n\n<div class=\"wp-block-column is-layout-flow wp-block-column-is-layout-flow\">\n<figure class=\"wp-block-image size-full\"><img alt=\"\" loading=\"lazy\" decoding=\"async\" width=\"750\" height=\"469\" src=\"https:\/\/www.usborkeychain.com\/wp-content\/uploads\/A6-Daolin-Paper-Notebook-Flash-Drive-with-Factory-Customization.jpg\" class=\"wp-image-4007\" srcset=\"https:\/\/www.usborkeychain.com\/wp-content\/uploads\/A6-Daolin-Paper-Notebook-Flash-Drive-with-Factory-Customization.jpg 750w, https:\/\/www.usborkeychain.com\/wp-content\/uploads\/A6-Daolin-Paper-Notebook-Flash-Drive-with-Factory-Customization-300x188.jpg 300w, https:\/\/www.usborkeychain.com\/wp-content\/uploads\/A6-Daolin-Paper-Notebook-Flash-Drive-with-Factory-Customization-18x12.jpg 18w, https:\/\/www.usborkeychain.com\/wp-content\/uploads\/A6-Daolin-Paper-Notebook-Flash-Drive-with-Factory-Customization-600x375.jpg 600w\" sizes=\"(max-width: 750px) 100vw, 750px\" \/><\/figure>\n<\/div>\n<\/div>\n\n\n\n<h3 class=\"wp-block-heading\">Perch\u00e9 la chiavetta USB con notebook \u00e8 adatta come regalo?<\/h3>\n\n\n\n<p><\/p>\n\n\n\n<div class=\"wp-block-columns is-layout-flex wp-container-core-columns-is-layout-28f84493 wp-block-columns-is-layout-flex\">\n<div class=\"wp-block-column is-layout-flow wp-block-column-is-layout-flow\">\n<figure class=\"wp-block-image size-full\"><img alt=\"\" loading=\"lazy\" decoding=\"async\" width=\"745\" height=\"409\" src=\"https:\/\/www.usborkeychain.com\/wp-content\/uploads\/A6-Daolin-Paper-Notebook-Thumb-Drive-Customized-by-Manufacturer.jpg\" class=\"wp-image-4008\" srcset=\"https:\/\/www.usborkeychain.com\/wp-content\/uploads\/A6-Daolin-Paper-Notebook-Thumb-Drive-Customized-by-Manufacturer.jpg 745w, https:\/\/www.usborkeychain.com\/wp-content\/uploads\/A6-Daolin-Paper-Notebook-Thumb-Drive-Customized-by-Manufacturer-300x165.jpg 300w, https:\/\/www.usborkeychain.com\/wp-content\/uploads\/A6-Daolin-Paper-Notebook-Thumb-Drive-Customized-by-Manufacturer-18x10.jpg 18w, https:\/\/www.usborkeychain.com\/wp-content\/uploads\/A6-Daolin-Paper-Notebook-Thumb-Drive-Customized-by-Manufacturer-600x329.jpg 600w\" sizes=\"(max-width: 745px) 100vw, 745px\" \/><\/figure>\n<\/div>\n\n\n\n<div class=\"wp-block-column is-vertically-aligned-center is-layout-flow wp-block-column-is-layout-flow\">\n<p>Il lavoro d'ufficio richiede intrinsecamente l'uso di notebook e l'aggiunta di un'unit\u00e0 USB rende questo prodotto doppiamente utile. Questo prodotto soddisfa le esigenze quotidiane di quasi tutti i professionisti, combinando la presa di appunti e l'archiviazione dei dati in un unico pratico articolo.<\/p>\n\n\n\n<p> Se regalato a dipendenti, clienti o partner d'affari, rappresenta l'equilibrio ideale tra praticit\u00e0 e attenzione, rendendolo un regalo universalmente apprezzato.<\/p>\n<\/div>\n<\/div>\n\n\n\n<p>In sintesi, la chiavetta USB con notebook, con i suoi materiali pregiati, le sue specifiche dettagliate e le sue caratteristiche personalizzabili, emerge come una scelta eccellente sia per l'uso in ufficio che come regalo.<\/p>\n\n\n\n<p><\/p>","protected":false},"excerpt":{"rendered":"<ul>\n<li>Taccuino in carta Daolin A5\/B5<\/li>\n<li>Mini unit\u00e0 usb in metallo<\/li>\n<li>La capacit\u00e0 di 1GB-256GB pu\u00f2 essere scelta<\/li>\n<li>Molti colori possono essere scelti<\/li>\n<li>Pu\u00f2 personalizzare il LOGO<\/li>\n<\/ul>","protected":false},"featured_media":4013,"comment_status":"open","ping_status":"closed","template":"","meta":{"_seopress_robots_primary_cat":"","_seopress_titles_title":"","_seopress_titles_desc":"","_seopress_robots_index":"","site-sidebar-layout":"default","site-content-layout":"","ast-site-content-layout":"","site-content-style":"default","site-sidebar-style":"default","ast-global-header-display":"","ast-banner-title-visibility":"","ast-main-header-display":"","ast-hfb-above-header-display":"","ast-hfb-below-header-display":"","ast-hfb-mobile-header-display":"","site-post-title":"","ast-breadcrumbs-content":"","ast-featured-img":"","footer-sml-layout":"","theme-transparent-header-meta":"","adv-header-id-meta":"","stick-header-meta":"","header-above-stick-meta":"","header-main-stick-meta":"","header-below-stick-meta":"","astra-migrate-meta-layouts":"default","ast-page-background-enabled":"default","ast-page-background-meta":{"desktop":{"background-color":"var(--ast-global-color-5)","background-image":"","background-repeat":"repeat","background-position":"center center","background-size":"auto","background-attachment":"scroll","background-type":"","background-media":"","overlay-type":"","overlay-color":"","overlay-opacity":"","overlay-gradient":""},"tablet":{"background-color":"","background-image":"","background-repeat":"repeat","background-position":"center center","background-size":"auto","background-attachment":"scroll","background-type":"","background-media":"","overlay-type":"","overlay-color":"","overlay-opacity":"","overlay-gradient":""},"mobile":{"background-color":"","background-image":"","background-repeat":"repeat","background-position":"center center","background-size":"auto","background-attachment":"scroll","background-type":"","background-media":"","overlay-type":"","overlay-color":"","overlay-opacity":"","overlay-gradient":""}},"ast-content-background-meta":{"desktop":{"background-color":"var(--ast-global-color-4)","background-image":"","background-repeat":"repeat","background-position":"center center","background-size":"auto","background-attachment":"scroll","background-type":"","background-media":"","overlay-type":"","overlay-color":"","overlay-opacity":"","overlay-gradient":""},"tablet":{"background-color":"var(--ast-global-color-4)","background-image":"","background-repeat":"repeat","background-position":"center center","background-size":"auto","background-attachment":"scroll","background-type":"","background-media":"","overlay-type":"","overlay-color":"","overlay-opacity":"","overlay-gradient":""},"mobile":{"background-color":"var(--ast-global-color-4)","background-image":"","background-repeat":"repeat","background-position":"center center","background-size":"auto","background-attachment":"scroll","background-type":"","background-media":"","overlay-type":"","overlay-color":"","overlay-opacity":"","overlay-gradient":""}}},"product_brand":[],"product_cat":[99],"product_tag":[],"class_list":{"0":"post-4003","1":"product","2":"type-product","3":"status-publish","4":"has-post-thumbnail","6":"product_cat-usb-pendrive-with-notebook","7":"desktop-align-left","8":"tablet-align-left","9":"mobile-align-left","11":"first","12":"instock","13":"shipping-taxable","14":"product-type-simple"},"_links":{"self":[{"href":"https:\/\/www.usborkeychain.com\/it\/wp-json\/wp\/v2\/product\/4003","targetHints":{"allow":["GET"]}}],"collection":[{"href":"https:\/\/www.usborkeychain.com\/it\/wp-json\/wp\/v2\/product"}],"about":[{"href":"https:\/\/www.usborkeychain.com\/it\/wp-json\/wp\/v2\/types\/product"}],"replies":[{"embeddable":true,"href":"https:\/\/www.usborkeychain.com\/it\/wp-json\/wp\/v2\/comments?post=4003"}],"wp:featuredmedia":[{"embeddable":true,"href":"https:\/\/www.usborkeychain.com\/it\/wp-json\/wp\/v2\/media\/4013"}],"wp:attachment":[{"href":"https:\/\/www.usborkeychain.com\/it\/wp-json\/wp\/v2\/media?parent=4003"}],"wp:term":[{"taxonomy":"product_brand","embeddable":true,"href":"https:\/\/www.usborkeychain.com\/it\/wp-json\/wp\/v2\/product_brand?post=4003"},{"taxonomy":"product_cat","embeddable":true,"href":"https:\/\/www.usborkeychain.com\/it\/wp-json\/wp\/v2\/product_cat?post=4003"},{"taxonomy":"product_tag","embeddable":true,"href":"https:\/\/www.usborkeychain.com\/it\/wp-json\/wp\/v2\/product_tag?post=4003"}],"curies":[{"name":"wp","href":"https:\/\/api.w.org\/{rel}","templated":true}]}}