{"id":4015,"date":"2025-07-12T10:15:29","date_gmt":"2025-07-12T10:15:29","guid":{"rendered":"https:\/\/www.usborkeychain.com\/?post_type=product&#038;p=4015"},"modified":"2025-07-12T10:22:36","modified_gmt":"2025-07-12T10:22:36","slug":"metal-usb-flash-drive-with-diamond-and-notebook","status":"publish","type":"product","link":"https:\/\/www.usborkeychain.com\/it\/prodotto\/metal-usb-flash-drive-with-diamond-and-notebook\/","title":{"rendered":"Chiavetta USB in metallo con diamante e taccuino"},"content":{"rendered":"<p><\/p>\n\n\n\n<div class=\"wp-block-columns is-layout-flex wp-container-core-columns-is-layout-28f84493 wp-block-columns-is-layout-flex\">\n<div class=\"wp-block-column is-layout-flow wp-block-column-is-layout-flow\">\n<figure class=\"wp-block-image size-full\"><img fetchpriority=\"high\" decoding=\"async\" width=\"800\" height=\"800\" src=\"https:\/\/www.usborkeychain.com\/wp-content\/uploads\/Personalized-Notebook-with-USB-Flash-pendrive.jpg\" alt=\"Personalized-Notebook-with-USB-Flash-pendrive\" class=\"wp-image-4022\" srcset=\"https:\/\/www.usborkeychain.com\/wp-content\/uploads\/Personalized-Notebook-with-USB-Flash-pendrive.jpg 800w, https:\/\/www.usborkeychain.com\/wp-content\/uploads\/Personalized-Notebook-with-USB-Flash-pendrive-300x300.jpg 300w, https:\/\/www.usborkeychain.com\/wp-content\/uploads\/Personalized-Notebook-with-USB-Flash-pendrive-150x150.jpg 150w, https:\/\/www.usborkeychain.com\/wp-content\/uploads\/Personalized-Notebook-with-USB-Flash-pendrive-768x768.jpg 768w, https:\/\/www.usborkeychain.com\/wp-content\/uploads\/Personalized-Notebook-with-USB-Flash-pendrive-12x12.jpg 12w, https:\/\/www.usborkeychain.com\/wp-content\/uploads\/Personalized-Notebook-with-USB-Flash-pendrive-600x600.jpg 600w, https:\/\/www.usborkeychain.com\/wp-content\/uploads\/Personalized-Notebook-with-USB-Flash-pendrive-100x100.jpg 100w\" sizes=\"(max-width: 800px) 100vw, 800px\" \/><\/figure>\n<\/div>\n\n\n\n<div class=\"wp-block-column is-vertically-aligned-center is-layout-flow wp-block-column-is-layout-flow\">\n<p>Nell'era odierna in cui si cerca la personalizzazione e l'alta qualit\u00e0, la chiavetta USB per notebook in metallo con diamanti si distingue. Combina perfettamente elementi di moda e funzioni pratiche grazie al suo design unico. <\/p>\n\n\n\n<p>\u00c8 molto amato dai consumatori. Con delicati diamanti incastonati sul guscio esterno, la sua forma allungata e il materiale metallico dimostrano il lusso.<\/p>\n<\/div>\n<\/div>\n\n\n\n<h3 class=\"wp-block-heading\">Quale materiale viene utilizzato per l'unit\u00e0 USB del notebook in metallo con diamanti?<\/h3>\n\n\n\n<p>Questa unit\u00e0 USB \u00e8 realizzata in metallo di alta qualit\u00e0. La cornice concava e convessa che la circonda non solo ne aumenta l'estetica, ma ne previene anche l'usura. L'incastonatura di diamanti \u00e8 il tocco finale, che rende l'intera chiavetta USB pi\u00f9 di alta gamma. Il design allungato \u00e8 semplice ed elegante, uno stile classico tra le unit\u00e0 USB per notebook. I produttori di unit\u00e0 USB sono molto attenti alla selezione dei materiali per garantire la consistenza e la durata del prodotto.<\/p>\n\n\n\n<div class=\"wp-block-columns is-layout-flex wp-container-core-columns-is-layout-28f84493 wp-block-columns-is-layout-flex\">\n<div class=\"wp-block-column is-layout-flow wp-block-column-is-layout-flow\">\n<figure class=\"wp-block-image size-full\"><img decoding=\"async\" width=\"800\" height=\"800\" src=\"https:\/\/www.usborkeychain.com\/wp-content\/uploads\/A5-Notebook-Diary-with-USB-Flash-Drive.jpg\" alt=\"A5-Notebook-Diary-with-USB-Flash-Drive\" class=\"wp-image-4019\" srcset=\"https:\/\/www.usborkeychain.com\/wp-content\/uploads\/A5-Notebook-Diary-with-USB-Flash-Drive.jpg 800w, https:\/\/www.usborkeychain.com\/wp-content\/uploads\/A5-Notebook-Diary-with-USB-Flash-Drive-300x300.jpg 300w, https:\/\/www.usborkeychain.com\/wp-content\/uploads\/A5-Notebook-Diary-with-USB-Flash-Drive-150x150.jpg 150w, https:\/\/www.usborkeychain.com\/wp-content\/uploads\/A5-Notebook-Diary-with-USB-Flash-Drive-768x768.jpg 768w, https:\/\/www.usborkeychain.com\/wp-content\/uploads\/A5-Notebook-Diary-with-USB-Flash-Drive-12x12.jpg 12w, https:\/\/www.usborkeychain.com\/wp-content\/uploads\/A5-Notebook-Diary-with-USB-Flash-Drive-600x600.jpg 600w, https:\/\/www.usborkeychain.com\/wp-content\/uploads\/A5-Notebook-Diary-with-USB-Flash-Drive-100x100.jpg 100w\" sizes=\"(max-width: 800px) 100vw, 800px\" \/><\/figure>\n<\/div>\n\n\n\n<div class=\"wp-block-column is-layout-flow wp-block-column-is-layout-flow\">\n<figure class=\"wp-block-image size-full\"><img decoding=\"async\" width=\"800\" height=\"800\" src=\"https:\/\/www.usborkeychain.com\/wp-content\/uploads\/gold-Personalized-Notebook-with-USB-Flash-Drive.jpg\" alt=\"gold-Personalized-Notebook-with-USB-Flash-Drive\" class=\"wp-image-4020\" srcset=\"https:\/\/www.usborkeychain.com\/wp-content\/uploads\/gold-Personalized-Notebook-with-USB-Flash-Drive.jpg 800w, https:\/\/www.usborkeychain.com\/wp-content\/uploads\/gold-Personalized-Notebook-with-USB-Flash-Drive-300x300.jpg 300w, https:\/\/www.usborkeychain.com\/wp-content\/uploads\/gold-Personalized-Notebook-with-USB-Flash-Drive-150x150.jpg 150w, https:\/\/www.usborkeychain.com\/wp-content\/uploads\/gold-Personalized-Notebook-with-USB-Flash-Drive-768x768.jpg 768w, https:\/\/www.usborkeychain.com\/wp-content\/uploads\/gold-Personalized-Notebook-with-USB-Flash-Drive-12x12.jpg 12w, https:\/\/www.usborkeychain.com\/wp-content\/uploads\/gold-Personalized-Notebook-with-USB-Flash-Drive-600x600.jpg 600w, https:\/\/www.usborkeychain.com\/wp-content\/uploads\/gold-Personalized-Notebook-with-USB-Flash-Drive-100x100.jpg 100w\" sizes=\"(max-width: 800px) 100vw, 800px\" \/><\/figure>\n<\/div>\n<\/div>\n\n\n\n<h3 class=\"wp-block-heading\">Quali sono i parametri dell'unit\u00e0 USB?<\/h3>\n\n\n\n<figure class=\"wp-block-table\"><table class=\"has-fixed-layout\"><thead><tr><th>Parametro<\/th><th>Dettagli<\/th><\/tr><\/thead><tbody><tr><td>Materiale<\/td><td>Metallo di alta qualit\u00e0<\/td><\/tr><tr><td>Decorazione<\/td><td>Diamanti<\/td><\/tr><tr><td>Forma<\/td><td>Allungato<\/td><\/tr><tr><td>Opzioni del notebook<\/td><td>Vari modelli come A5, B5, A6, B6, ecc. Il numero di pagine e i tipi di carta delle pagine interne possono essere selezionati in base alle esigenze.<\/td><\/tr><\/tbody><\/table><\/figure>\n\n\n\n<h3 class=\"wp-block-heading\">Quali sono i colori disponibili per la chiavetta USB per notebook in metallo con diamanti?<\/h3>\n\n\n\n<p><\/p>\n\n\n\n<div class=\"wp-block-columns is-layout-flex wp-container-core-columns-is-layout-28f84493 wp-block-columns-is-layout-flex\">\n<div class=\"wp-block-column is-layout-flow wp-block-column-is-layout-flow\">\n<figure class=\"wp-block-image size-full\"><img loading=\"lazy\" decoding=\"async\" width=\"800\" height=\"800\" src=\"https:\/\/www.usborkeychain.com\/wp-content\/uploads\/Personalized-Notebook-with-USB-Flash-Drive-128gb.jpg\" alt=\"Personalized-Notebook-with-USB-Flash-Drive-128gb\" class=\"wp-image-4021\" srcset=\"https:\/\/www.usborkeychain.com\/wp-content\/uploads\/Personalized-Notebook-with-USB-Flash-Drive-128gb.jpg 800w, https:\/\/www.usborkeychain.com\/wp-content\/uploads\/Personalized-Notebook-with-USB-Flash-Drive-128gb-300x300.jpg 300w, https:\/\/www.usborkeychain.com\/wp-content\/uploads\/Personalized-Notebook-with-USB-Flash-Drive-128gb-150x150.jpg 150w, https:\/\/www.usborkeychain.com\/wp-content\/uploads\/Personalized-Notebook-with-USB-Flash-Drive-128gb-768x768.jpg 768w, https:\/\/www.usborkeychain.com\/wp-content\/uploads\/Personalized-Notebook-with-USB-Flash-Drive-128gb-12x12.jpg 12w, https:\/\/www.usborkeychain.com\/wp-content\/uploads\/Personalized-Notebook-with-USB-Flash-Drive-128gb-600x600.jpg 600w, https:\/\/www.usborkeychain.com\/wp-content\/uploads\/Personalized-Notebook-with-USB-Flash-Drive-128gb-100x100.jpg 100w\" sizes=\"(max-width: 800px) 100vw, 800px\" \/><\/figure>\n<\/div>\n\n\n\n<div class=\"wp-block-column is-vertically-aligned-center is-layout-flow wp-block-column-is-layout-flow\">\n<p>Attualmente, l'unit\u00e0 USB per notebook in metallo con diamanti \u00e8 disponibile principalmente in due colori: oro e argento. Il colore argento \u00e8 pi\u00f9 popolare sul mercato grazie al suo stile semplice ed elegante.<\/p>\n\n\n\n<p> Mentre il colore oro \u00e8 pi\u00f9 adatto a combinazioni di set di fascia alta, che possono mostrare nobilt\u00e0 e lusso. I servizi di personalizzazione delle unit\u00e0 USB possono progettare in modo innovativo i colori in base alle esigenze dei clienti.<\/p>\n<\/div>\n<\/div>\n\n\n\n<h3 class=\"wp-block-heading\">Come installare l'unit\u00e0 USB del notebook in metallo?<\/h3>\n\n\n\n<p>Il metodo di installazione \u00e8 relativamente semplice. Un modo \u00e8 quello di inserire direttamente l'unit\u00e0 USB nell'alloggiamento pre-progettato del notebook e assicurarsi che sia stabile. Un altro modo \u00e8 quello di inserire direttamente l'unit\u00e0 USB in uno stile a fibbia, che \u00e8 pi\u00f9 comodo e veloce da usare e migliora anche l'integrit\u00e0 del prodotto.<\/p>\n\n\n\n<p>In conclusione, l'unit\u00e0 USB per notebook in metallo con diamanti \u00e8 diventata un prodotto altamente competitivo sul mercato grazie ai suoi materiali di alta qualit\u00e0, all'aspetto alla moda e ai pratici metodi di installazione. \u00c8 molto adatta sia per l'uso quotidiano che per i regali.<\/p>","protected":false},"excerpt":{"rendered":"<ul>\n<li>Stile mini<\/li>\n<li>Unit\u00e0 flash USB in metallo<\/li>\n<li>Con diamante e taccuino<\/li>\n<li>Logo personalizzato<\/li>\n<li>MOQ\uff1b100PCS<\/li>\n<li><\/li>\n<\/ul>","protected":false},"featured_media":4022,"comment_status":"open","ping_status":"closed","template":"","meta":{"_seopress_robots_primary_cat":"","_seopress_titles_title":"","_seopress_titles_desc":"","_seopress_robots_index":"","site-sidebar-layout":"default","site-content-layout":"","ast-site-content-layout":"","site-content-style":"default","site-sidebar-style":"default","ast-global-header-display":"","ast-banner-title-visibility":"","ast-main-header-display":"","ast-hfb-above-header-display":"","ast-hfb-below-header-display":"","ast-hfb-mobile-header-display":"","site-post-title":"","ast-breadcrumbs-content":"","ast-featured-img":"","footer-sml-layout":"","theme-transparent-header-meta":"","adv-header-id-meta":"","stick-header-meta":"","header-above-stick-meta":"","header-main-stick-meta":"","header-below-stick-meta":"","astra-migrate-meta-layouts":"default","ast-page-background-enabled":"default","ast-page-background-meta":{"desktop":{"background-color":"var(--ast-global-color-5)","background-image":"","background-repeat":"repeat","background-position":"center center","background-size":"auto","background-attachment":"scroll","background-type":"","background-media":"","overlay-type":"","overlay-color":"","overlay-opacity":"","overlay-gradient":""},"tablet":{"background-color":"","background-image":"","background-repeat":"repeat","background-position":"center center","background-size":"auto","background-attachment":"scroll","background-type":"","background-media":"","overlay-type":"","overlay-color":"","overlay-opacity":"","overlay-gradient":""},"mobile":{"background-color":"","background-image":"","background-repeat":"repeat","background-position":"center center","background-size":"auto","background-attachment":"scroll","background-type":"","background-media":"","overlay-type":"","overlay-color":"","overlay-opacity":"","overlay-gradient":""}},"ast-content-background-meta":{"desktop":{"background-color":"var(--ast-global-color-4)","background-image":"","background-repeat":"repeat","background-position":"center center","background-size":"auto","background-attachment":"scroll","background-type":"","background-media":"","overlay-type":"","overlay-color":"","overlay-opacity":"","overlay-gradient":""},"tablet":{"background-color":"var(--ast-global-color-4)","background-image":"","background-repeat":"repeat","background-position":"center center","background-size":"auto","background-attachment":"scroll","background-type":"","background-media":"","overlay-type":"","overlay-color":"","overlay-opacity":"","overlay-gradient":""},"mobile":{"background-color":"var(--ast-global-color-4)","background-image":"","background-repeat":"repeat","background-position":"center center","background-size":"auto","background-attachment":"scroll","background-type":"","background-media":"","overlay-type":"","overlay-color":"","overlay-opacity":"","overlay-gradient":""}}},"product_brand":[],"product_cat":[99],"product_tag":[],"class_list":{"0":"post-4015","1":"product","2":"type-product","3":"status-publish","4":"has-post-thumbnail","6":"product_cat-usb-pendrive-with-notebook","7":"desktop-align-left","8":"tablet-align-left","9":"mobile-align-left","11":"first","12":"instock","13":"shipping-taxable","14":"product-type-simple"},"_links":{"self":[{"href":"https:\/\/www.usborkeychain.com\/it\/wp-json\/wp\/v2\/product\/4015","targetHints":{"allow":["GET"]}}],"collection":[{"href":"https:\/\/www.usborkeychain.com\/it\/wp-json\/wp\/v2\/product"}],"about":[{"href":"https:\/\/www.usborkeychain.com\/it\/wp-json\/wp\/v2\/types\/product"}],"replies":[{"embeddable":true,"href":"https:\/\/www.usborkeychain.com\/it\/wp-json\/wp\/v2\/comments?post=4015"}],"wp:featuredmedia":[{"embeddable":true,"href":"https:\/\/www.usborkeychain.com\/it\/wp-json\/wp\/v2\/media\/4022"}],"wp:attachment":[{"href":"https:\/\/www.usborkeychain.com\/it\/wp-json\/wp\/v2\/media?parent=4015"}],"wp:term":[{"taxonomy":"product_brand","embeddable":true,"href":"https:\/\/www.usborkeychain.com\/it\/wp-json\/wp\/v2\/product_brand?post=4015"},{"taxonomy":"product_cat","embeddable":true,"href":"https:\/\/www.usborkeychain.com\/it\/wp-json\/wp\/v2\/product_cat?post=4015"},{"taxonomy":"product_tag","embeddable":true,"href":"https:\/\/www.usborkeychain.com\/it\/wp-json\/wp\/v2\/product_tag?post=4015"}],"curies":[{"name":"wp","href":"https:\/\/api.w.org\/{rel}","templated":true}]}}