{"id":4023,"date":"2025-07-12T12:22:49","date_gmt":"2025-07-12T12:22:49","guid":{"rendered":"https:\/\/www.usborkeychain.com\/?post_type=product&#038;p=4023"},"modified":"2025-07-18T02:26:37","modified_gmt":"2025-07-18T02:26:37","slug":"hp-750w-metal-usb-flash-drive-with-keychain","status":"publish","type":"product","link":"https:\/\/www.usborkeychain.com\/it\/prodotto\/hp-750w-metal-usb-flash-drive-with-keychain\/","title":{"rendered":"Unit\u00e0 flash USB HP 750W in metallo con portachiavi"},"content":{"rendered":"<p><\/p>\n\n\n\n<div class=\"wp-block-columns is-layout-flex wp-container-core-columns-is-layout-28f84493 wp-block-columns-is-layout-flex\">\n<div class=\"wp-block-column is-layout-flow wp-block-column-is-layout-flow\">\n<figure class=\"wp-block-image size-full\"><img fetchpriority=\"high\" decoding=\"async\" width=\"800\" height=\"800\" src=\"https:\/\/www.usborkeychain.com\/wp-content\/uploads\/HP-V150W-32GB-USB-3.0-Flash-Drive-manufacturer.jpg\" alt=\"HP V150W 32GB USB 3.0 Flash Drive manufacturer\" class=\"wp-image-4033\" srcset=\"https:\/\/www.usborkeychain.com\/wp-content\/uploads\/HP-V150W-32GB-USB-3.0-Flash-Drive-manufacturer.jpg 800w, https:\/\/www.usborkeychain.com\/wp-content\/uploads\/HP-V150W-32GB-USB-3.0-Flash-Drive-manufacturer-300x300.jpg 300w, https:\/\/www.usborkeychain.com\/wp-content\/uploads\/HP-V150W-32GB-USB-3.0-Flash-Drive-manufacturer-150x150.jpg 150w, https:\/\/www.usborkeychain.com\/wp-content\/uploads\/HP-V150W-32GB-USB-3.0-Flash-Drive-manufacturer-768x768.jpg 768w, https:\/\/www.usborkeychain.com\/wp-content\/uploads\/HP-V150W-32GB-USB-3.0-Flash-Drive-manufacturer-12x12.jpg 12w, https:\/\/www.usborkeychain.com\/wp-content\/uploads\/HP-V150W-32GB-USB-3.0-Flash-Drive-manufacturer-600x600.jpg 600w, https:\/\/www.usborkeychain.com\/wp-content\/uploads\/HP-V150W-32GB-USB-3.0-Flash-Drive-manufacturer-100x100.jpg 100w\" sizes=\"(max-width: 800px) 100vw, 800px\" \/><\/figure>\n<\/div>\n\n\n\n<div class=\"wp-block-column is-vertically-aligned-center is-layout-flow wp-block-column-is-layout-flow\">\n<p>L'unit\u00e0 flash USB HP 750W \u00e8 un modello classico, popolare da 20 anni. Insieme al modello SE09, sono i due modelli con il maggior volume di ordini.<\/p>\n\n\n\n<p> Il design della fibbia a tigre \u00e8 il suo punto forte, unito al materiale interamente in metallo e alla capacit\u00e0 di trasmissione ad alta velocit\u00e0. Non solo \u00e8 molto pratico, ma vanta anche consistenza e durata. <\/p>\n\n\n\n<p>Da tempo \u00e8 in cima alla lista dei volumi di ordini dei produttori di unit\u00e0 USB ed \u00e8 la prima scelta per molti consumatori e aziende.<\/p>\n<\/div>\n<\/div>\n\n\n\n<h3 class=\"wp-block-heading\">Quali sono le caratteristiche dell'unit\u00e0 flash USB HP 750W?<\/h3>\n\n\n\n<p>L'unit\u00e0 flash USB HP 750W presenta caratteristiche distintive. In primo luogo, ha l'iconico design della fibbia di sicurezza a forma di tigre. Una volta fissata, la fibbia \u00e8 salda e sicura e impedisce efficacemente che l'interfaccia dell'unit\u00e0 USB cada accidentalmente o si impolveri, proteggendo cos\u00ec il chip interno. In secondo luogo, \u00e8 realizzato in materiale interamente metallico. Il guscio in metallo di alta qualit\u00e0, dopo una raffinata lucidatura, non solo \u00e8 resistente alle cadute e all'usura, ma ha anche una consistenza tranquilla in stile industriale. Infine, \u00e8 dotato di un'interfaccia USB 3.2 Gen 1 ad alta velocit\u00e0, con una velocit\u00e0 di lettura fino a 450 MB\/s e una velocit\u00e0 di scrittura di 30 MB\/s, che soddisfa la richiesta di una trasmissione veloce dei file.<\/p>\n\n\n\n<div class=\"wp-block-columns is-layout-flex wp-container-core-columns-is-layout-9c22b1e3 wp-block-columns-is-layout-flex\">\n<div class=\"wp-block-column is-layout-flow wp-block-column-is-layout-flow\">\n<figure class=\"wp-block-image size-full\"><img alt=\"\" decoding=\"async\" width=\"800\" height=\"800\" src=\"https:\/\/www.usborkeychain.com\/wp-content\/uploads\/HP-V150W-32GB-USB-Flash-Drive.jpg\" class=\"wp-image-4035\" srcset=\"https:\/\/www.usborkeychain.com\/wp-content\/uploads\/HP-V150W-32GB-USB-Flash-Drive.jpg 800w, https:\/\/www.usborkeychain.com\/wp-content\/uploads\/HP-V150W-32GB-USB-Flash-Drive-300x300.jpg 300w, https:\/\/www.usborkeychain.com\/wp-content\/uploads\/HP-V150W-32GB-USB-Flash-Drive-150x150.jpg 150w, https:\/\/www.usborkeychain.com\/wp-content\/uploads\/HP-V150W-32GB-USB-Flash-Drive-768x768.jpg 768w, https:\/\/www.usborkeychain.com\/wp-content\/uploads\/HP-V150W-32GB-USB-Flash-Drive-12x12.jpg 12w, https:\/\/www.usborkeychain.com\/wp-content\/uploads\/HP-V150W-32GB-USB-Flash-Drive-600x600.jpg 600w, https:\/\/www.usborkeychain.com\/wp-content\/uploads\/HP-V150W-32GB-USB-Flash-Drive-100x100.jpg 100w\" sizes=\"(max-width: 800px) 100vw, 800px\" \/><\/figure>\n<\/div>\n\n\n\n<div class=\"wp-block-column is-layout-flow wp-block-column-is-layout-flow\">\n<figure class=\"wp-block-image size-full\"><img alt=\"\" decoding=\"async\" width=\"800\" height=\"800\" src=\"https:\/\/www.usborkeychain.com\/wp-content\/uploads\/HP-V150W-32GB-USB-2.0-Flash-Drive-Blue.jpg\" class=\"wp-image-4032\" srcset=\"https:\/\/www.usborkeychain.com\/wp-content\/uploads\/HP-V150W-32GB-USB-2.0-Flash-Drive-Blue.jpg 800w, https:\/\/www.usborkeychain.com\/wp-content\/uploads\/HP-V150W-32GB-USB-2.0-Flash-Drive-Blue-300x300.jpg 300w, https:\/\/www.usborkeychain.com\/wp-content\/uploads\/HP-V150W-32GB-USB-2.0-Flash-Drive-Blue-150x150.jpg 150w, https:\/\/www.usborkeychain.com\/wp-content\/uploads\/HP-V150W-32GB-USB-2.0-Flash-Drive-Blue-768x768.jpg 768w, https:\/\/www.usborkeychain.com\/wp-content\/uploads\/HP-V150W-32GB-USB-2.0-Flash-Drive-Blue-12x12.jpg 12w, https:\/\/www.usborkeychain.com\/wp-content\/uploads\/HP-V150W-32GB-USB-2.0-Flash-Drive-Blue-600x600.jpg 600w, https:\/\/www.usborkeychain.com\/wp-content\/uploads\/HP-V150W-32GB-USB-2.0-Flash-Drive-Blue-100x100.jpg 100w\" sizes=\"(max-width: 800px) 100vw, 800px\" \/><\/figure>\n<\/div>\n\n\n\n<div class=\"wp-block-column is-layout-flow wp-block-column-is-layout-flow\">\n<figure class=\"wp-block-image size-full\"><img alt=\"\" loading=\"lazy\" decoding=\"async\" width=\"800\" height=\"800\" src=\"https:\/\/www.usborkeychain.com\/wp-content\/uploads\/gold-HP-750W-USB-Flash-Drive.jpg\" class=\"wp-image-4027\" srcset=\"https:\/\/www.usborkeychain.com\/wp-content\/uploads\/gold-HP-750W-USB-Flash-Drive.jpg 800w, https:\/\/www.usborkeychain.com\/wp-content\/uploads\/gold-HP-750W-USB-Flash-Drive-300x300.jpg 300w, https:\/\/www.usborkeychain.com\/wp-content\/uploads\/gold-HP-750W-USB-Flash-Drive-150x150.jpg 150w, https:\/\/www.usborkeychain.com\/wp-content\/uploads\/gold-HP-750W-USB-Flash-Drive-768x768.jpg 768w, https:\/\/www.usborkeychain.com\/wp-content\/uploads\/gold-HP-750W-USB-Flash-Drive-12x12.jpg 12w, https:\/\/www.usborkeychain.com\/wp-content\/uploads\/gold-HP-750W-USB-Flash-Drive-600x600.jpg 600w, https:\/\/www.usborkeychain.com\/wp-content\/uploads\/gold-HP-750W-USB-Flash-Drive-100x100.jpg 100w\" sizes=\"(max-width: 800px) 100vw, 800px\" \/><\/figure>\n<\/div>\n<\/div>\n\n\n\n<h3 class=\"wp-block-heading\">Perch\u00e9 l'unit\u00e0 flash USB HP 750W \u00e8 il modello pi\u00f9 popolare?<\/h3>\n\n\n\n<p>Il motivo per cui questa unit\u00e0 USB \u00e8 stata venduta bene per molto tempo risiede nella comodit\u00e0 del design a inserimento diretto della fibbia di tigre: non \u00e8 necessario collegare o scollegare il cappuccio. \u00c8 possibile esporre l'interfaccia facendo scorrere delicatamente la fibbia a tigre, e spingerla indietro per proteggere l'interfaccia dopo l'uso, rendendo l'operazione semplice ed efficiente. Sin dal suo lancio, grazie al suo aspetto classico e alle sue funzioni pratiche, \u00e8 diventato un modello popolare per 20 anni consecutivi. Anche la domanda di personalizzazione delle unit\u00e0 USB \u00e8 rimasta alta tutto l'anno, confermando pienamente il suo riconoscimento sul mercato.<\/p>\n\n\n\n<div class=\"wp-block-columns is-layout-flex wp-container-core-columns-is-layout-28f84493 wp-block-columns-is-layout-flex\">\n<div class=\"wp-block-column is-layout-flow wp-block-column-is-layout-flow\">\n<figure class=\"wp-block-image size-full\"><img alt=\"\" loading=\"lazy\" decoding=\"async\" width=\"800\" height=\"800\" src=\"https:\/\/www.usborkeychain.com\/wp-content\/uploads\/HP-v150w-USB-2.0-Flash-Drive.jpg\" class=\"wp-image-4036\" srcset=\"https:\/\/www.usborkeychain.com\/wp-content\/uploads\/HP-v150w-USB-2.0-Flash-Drive.jpg 800w, https:\/\/www.usborkeychain.com\/wp-content\/uploads\/HP-v150w-USB-2.0-Flash-Drive-300x300.jpg 300w, https:\/\/www.usborkeychain.com\/wp-content\/uploads\/HP-v150w-USB-2.0-Flash-Drive-150x150.jpg 150w, https:\/\/www.usborkeychain.com\/wp-content\/uploads\/HP-v150w-USB-2.0-Flash-Drive-768x768.jpg 768w, https:\/\/www.usborkeychain.com\/wp-content\/uploads\/HP-v150w-USB-2.0-Flash-Drive-12x12.jpg 12w, https:\/\/www.usborkeychain.com\/wp-content\/uploads\/HP-v150w-USB-2.0-Flash-Drive-600x600.jpg 600w, https:\/\/www.usborkeychain.com\/wp-content\/uploads\/HP-v150w-USB-2.0-Flash-Drive-100x100.jpg 100w\" sizes=\"(max-width: 800px) 100vw, 800px\" \/><\/figure>\n<\/div>\n\n\n\n<div class=\"wp-block-column is-layout-flow wp-block-column-is-layout-flow\">\n<figure class=\"wp-block-image size-full\"><img alt=\"\" loading=\"lazy\" decoding=\"async\" width=\"800\" height=\"800\" src=\"https:\/\/www.usborkeychain.com\/wp-content\/uploads\/silver-HP-750W-USB-Flash-Drive.jpg\" class=\"wp-image-4037\" srcset=\"https:\/\/www.usborkeychain.com\/wp-content\/uploads\/silver-HP-750W-USB-Flash-Drive.jpg 800w, https:\/\/www.usborkeychain.com\/wp-content\/uploads\/silver-HP-750W-USB-Flash-Drive-300x300.jpg 300w, https:\/\/www.usborkeychain.com\/wp-content\/uploads\/silver-HP-750W-USB-Flash-Drive-150x150.jpg 150w, https:\/\/www.usborkeychain.com\/wp-content\/uploads\/silver-HP-750W-USB-Flash-Drive-768x768.jpg 768w, https:\/\/www.usborkeychain.com\/wp-content\/uploads\/silver-HP-750W-USB-Flash-Drive-12x12.jpg 12w, https:\/\/www.usborkeychain.com\/wp-content\/uploads\/silver-HP-750W-USB-Flash-Drive-600x600.jpg 600w, https:\/\/www.usborkeychain.com\/wp-content\/uploads\/silver-HP-750W-USB-Flash-Drive-100x100.jpg 100w\" sizes=\"(max-width: 800px) 100vw, 800px\" \/><\/figure>\n<\/div>\n<\/div>\n\n\n\n<h3 class=\"wp-block-heading\">Per quali settori l'unit\u00e0 flash USB HP 750W \u00e8 adatta come regalo?<\/h3>\n\n\n\n<p>Il settore finanziario \u00e8 adatto per essere utilizzato come regalo per i clienti. Il design della fibbia a forma di tigre simboleggia infatti la sicurezza dei dati, in linea con le esigenze di protezione delle informazioni nel settore finanziario. La personalizzazione del logo aziendale pu\u00f2 inoltre rafforzare l'immagine professionale del marchio.<\/p>\n\n\n\n<div class=\"wp-block-columns is-layout-flex wp-container-core-columns-is-layout-28f84493 wp-block-columns-is-layout-flex\">\n<div class=\"wp-block-column is-layout-flow wp-block-column-is-layout-flow\">\n<figure class=\"wp-block-image size-full\"><img alt=\"\" loading=\"lazy\" decoding=\"async\" width=\"800\" height=\"800\" src=\"https:\/\/www.usborkeychain.com\/wp-content\/uploads\/HP-V150W-32GB-USB-3.0-Flash-Drive.jpg\" class=\"wp-image-4034\" srcset=\"https:\/\/www.usborkeychain.com\/wp-content\/uploads\/HP-V150W-32GB-USB-3.0-Flash-Drive.jpg 800w, https:\/\/www.usborkeychain.com\/wp-content\/uploads\/HP-V150W-32GB-USB-3.0-Flash-Drive-300x300.jpg 300w, https:\/\/www.usborkeychain.com\/wp-content\/uploads\/HP-V150W-32GB-USB-3.0-Flash-Drive-150x150.jpg 150w, https:\/\/www.usborkeychain.com\/wp-content\/uploads\/HP-V150W-32GB-USB-3.0-Flash-Drive-768x768.jpg 768w, https:\/\/www.usborkeychain.com\/wp-content\/uploads\/HP-V150W-32GB-USB-3.0-Flash-Drive-12x12.jpg 12w, https:\/\/www.usborkeychain.com\/wp-content\/uploads\/HP-V150W-32GB-USB-3.0-Flash-Drive-600x600.jpg 600w, https:\/\/www.usborkeychain.com\/wp-content\/uploads\/HP-V150W-32GB-USB-3.0-Flash-Drive-100x100.jpg 100w\" sizes=\"(max-width: 800px) 100vw, 800px\" \/><\/figure>\n<\/div>\n\n\n\n<div class=\"wp-block-column is-layout-flow wp-block-column-is-layout-flow\">\n<figure class=\"wp-block-image size-full\"><img alt=\"\" loading=\"lazy\" decoding=\"async\" width=\"800\" height=\"800\" src=\"https:\/\/www.usborkeychain.com\/wp-content\/uploads\/HP-V150W-32GB-USB-2.0-Flash-Drive-factory.jpg\" class=\"wp-image-4031\" srcset=\"https:\/\/www.usborkeychain.com\/wp-content\/uploads\/HP-V150W-32GB-USB-2.0-Flash-Drive-factory.jpg 800w, https:\/\/www.usborkeychain.com\/wp-content\/uploads\/HP-V150W-32GB-USB-2.0-Flash-Drive-factory-300x300.jpg 300w, https:\/\/www.usborkeychain.com\/wp-content\/uploads\/HP-V150W-32GB-USB-2.0-Flash-Drive-factory-150x150.jpg 150w, https:\/\/www.usborkeychain.com\/wp-content\/uploads\/HP-V150W-32GB-USB-2.0-Flash-Drive-factory-768x768.jpg 768w, https:\/\/www.usborkeychain.com\/wp-content\/uploads\/HP-V150W-32GB-USB-2.0-Flash-Drive-factory-12x12.jpg 12w, https:\/\/www.usborkeychain.com\/wp-content\/uploads\/HP-V150W-32GB-USB-2.0-Flash-Drive-factory-600x600.jpg 600w, https:\/\/www.usborkeychain.com\/wp-content\/uploads\/HP-V150W-32GB-USB-2.0-Flash-Drive-factory-100x100.jpg 100w\" sizes=\"(max-width: 800px) 100vw, 800px\" \/><\/figure>\n<\/div>\n\n\n\n<div class=\"wp-block-column is-layout-flow wp-block-column-is-layout-flow\">\n<figure class=\"wp-block-image size-full\"><img alt=\"\" loading=\"lazy\" decoding=\"async\" width=\"800\" height=\"800\" src=\"https:\/\/www.usborkeychain.com\/wp-content\/uploads\/HP-750W-USB-Flash-Drive.jpg\" class=\"wp-image-4030\" srcset=\"https:\/\/www.usborkeychain.com\/wp-content\/uploads\/HP-750W-USB-Flash-Drive.jpg 800w, https:\/\/www.usborkeychain.com\/wp-content\/uploads\/HP-750W-USB-Flash-Drive-300x300.jpg 300w, https:\/\/www.usborkeychain.com\/wp-content\/uploads\/HP-750W-USB-Flash-Drive-150x150.jpg 150w, https:\/\/www.usborkeychain.com\/wp-content\/uploads\/HP-750W-USB-Flash-Drive-768x768.jpg 768w, https:\/\/www.usborkeychain.com\/wp-content\/uploads\/HP-750W-USB-Flash-Drive-12x12.jpg 12w, https:\/\/www.usborkeychain.com\/wp-content\/uploads\/HP-750W-USB-Flash-Drive-600x600.jpg 600w, https:\/\/www.usborkeychain.com\/wp-content\/uploads\/HP-750W-USB-Flash-Drive-100x100.jpg 100w\" sizes=\"(max-width: 800px) 100vw, 800px\" \/><\/figure>\n<\/div>\n<\/div>\n\n\n\n<p>Anche il settore dell'istruzione \u00e8 un campo adatto. Il materiale interamente metallico \u00e8 molto resistente e pu\u00f2 adattarsi a scenari di trasmissione di file didattici frequenti. L'interfaccia ad alta velocit\u00e0 consente di trasmettere rapidamente i corsi e i materiali.<\/p>\n\n\n\n<p>Inoltre, l'industria tecnologica pu\u00f2 utilizzarlo come benefit per i dipendenti. Non solo soddisfa la richiesta del settore di un'archiviazione efficiente, ma anche il modello classico pu\u00f2 riflettere il gusto dell'azienda.<\/p>\n\n\n\n<p>In conclusione, l'unit\u00e0 USB HP Tiger Buckle, con il suo design sicuro, i materiali di alta qualit\u00e0 e le prestazioni pratiche, \u00e8 diventata un evergreen nel mercato della personalizzazione delle unit\u00e0 USB e una scelta ideale che bilancia funzionalit\u00e0 e reputazione.<\/p>\n\n\n\n<p><\/p>","protected":false},"excerpt":{"rendered":"<ul>\n<li>HP 750W<\/li>\n<li>Con portachiavi<\/li>\n<li>Unit\u00e0 flash USB in metallo<\/li>\n<li>MOQ: 100PCS<\/li>\n<li>LOGO personalizzato<\/li>\n<\/ul>","protected":false},"featured_media":4033,"comment_status":"open","ping_status":"closed","template":"","meta":{"_seopress_robots_primary_cat":"none","_seopress_titles_title":"","_seopress_titles_desc":"","_seopress_robots_index":"","site-sidebar-layout":"default","site-content-layout":"","ast-site-content-layout":"","site-content-style":"default","site-sidebar-style":"default","ast-global-header-display":"","ast-banner-title-visibility":"","ast-main-header-display":"","ast-hfb-above-header-display":"","ast-hfb-below-header-display":"","ast-hfb-mobile-header-display":"","site-post-title":"","ast-breadcrumbs-content":"","ast-featured-img":"","footer-sml-layout":"","theme-transparent-header-meta":"","adv-header-id-meta":"","stick-header-meta":"","header-above-stick-meta":"","header-main-stick-meta":"","header-below-stick-meta":"","astra-migrate-meta-layouts":"default","ast-page-background-enabled":"default","ast-page-background-meta":{"desktop":{"background-color":"var(--ast-global-color-5)","background-image":"","background-repeat":"repeat","background-position":"center center","background-size":"auto","background-attachment":"scroll","background-type":"","background-media":"","overlay-type":"","overlay-color":"","overlay-opacity":"","overlay-gradient":""},"tablet":{"background-color":"","background-image":"","background-repeat":"repeat","background-position":"center center","background-size":"auto","background-attachment":"scroll","background-type":"","background-media":"","overlay-type":"","overlay-color":"","overlay-opacity":"","overlay-gradient":""},"mobile":{"background-color":"","background-image":"","background-repeat":"repeat","background-position":"center center","background-size":"auto","background-attachment":"scroll","background-type":"","background-media":"","overlay-type":"","overlay-color":"","overlay-opacity":"","overlay-gradient":""}},"ast-content-background-meta":{"desktop":{"background-color":"var(--ast-global-color-4)","background-image":"","background-repeat":"repeat","background-position":"center center","background-size":"auto","background-attachment":"scroll","background-type":"","background-media":"","overlay-type":"","overlay-color":"","overlay-opacity":"","overlay-gradient":""},"tablet":{"background-color":"var(--ast-global-color-4)","background-image":"","background-repeat":"repeat","background-position":"center center","background-size":"auto","background-attachment":"scroll","background-type":"","background-media":"","overlay-type":"","overlay-color":"","overlay-opacity":"","overlay-gradient":""},"mobile":{"background-color":"var(--ast-global-color-4)","background-image":"","background-repeat":"repeat","background-position":"center center","background-size":"auto","background-attachment":"scroll","background-type":"","background-media":"","overlay-type":"","overlay-color":"","overlay-opacity":"","overlay-gradient":""}}},"product_brand":[],"product_cat":[111,89,101],"product_tag":[],"class_list":{"0":"post-4023","1":"product","2":"type-product","3":"status-publish","4":"has-post-thumbnail","6":"product_cat-brand-usb-pendrive","7":"product_cat-metal-usb-pendrive","8":"product_cat-usb-pendrive-with-keychain","9":"desktop-align-left","10":"tablet-align-left","11":"mobile-align-left","13":"first","14":"instock","15":"shipping-taxable","16":"product-type-simple"},"_links":{"self":[{"href":"https:\/\/www.usborkeychain.com\/it\/wp-json\/wp\/v2\/product\/4023","targetHints":{"allow":["GET"]}}],"collection":[{"href":"https:\/\/www.usborkeychain.com\/it\/wp-json\/wp\/v2\/product"}],"about":[{"href":"https:\/\/www.usborkeychain.com\/it\/wp-json\/wp\/v2\/types\/product"}],"replies":[{"embeddable":true,"href":"https:\/\/www.usborkeychain.com\/it\/wp-json\/wp\/v2\/comments?post=4023"}],"wp:featuredmedia":[{"embeddable":true,"href":"https:\/\/www.usborkeychain.com\/it\/wp-json\/wp\/v2\/media\/4033"}],"wp:attachment":[{"href":"https:\/\/www.usborkeychain.com\/it\/wp-json\/wp\/v2\/media?parent=4023"}],"wp:term":[{"taxonomy":"product_brand","embeddable":true,"href":"https:\/\/www.usborkeychain.com\/it\/wp-json\/wp\/v2\/product_brand?post=4023"},{"taxonomy":"product_cat","embeddable":true,"href":"https:\/\/www.usborkeychain.com\/it\/wp-json\/wp\/v2\/product_cat?post=4023"},{"taxonomy":"product_tag","embeddable":true,"href":"https:\/\/www.usborkeychain.com\/it\/wp-json\/wp\/v2\/product_tag?post=4023"}],"curies":[{"name":"wp","href":"https:\/\/api.w.org\/{rel}","templated":true}]}}