{"id":4111,"date":"2025-07-13T14:02:11","date_gmt":"2025-07-13T14:02:11","guid":{"rendered":"https:\/\/www.usborkeychain.com\/?post_type=product&#038;p=4111"},"modified":"2025-08-11T07:02:30","modified_gmt":"2025-08-11T07:02:30","slug":"metal-red-wine-bottle-usb-drive","status":"publish","type":"product","link":"https:\/\/www.usborkeychain.com\/it\/prodotto\/metal-red-wine-bottle-usb-drive\/","title":{"rendered":"Unit\u00e0 flash USB a forma di bottiglia in lega di alluminio"},"content":{"rendered":"<p>Il <strong>unit\u00e0 flash USB a forma di bottiglia in lega di alluminio<\/strong> \u00e8 realizzata in lega di alluminio di alta qualit\u00e0 e riproduce accuratamente le forme di bottiglie comuni come quelle della birra e dell'aceto. Adotta un design in scala ridotta, che non solo mantiene i contorni vivaci del corpo della bottiglia, ma tiene anche conto della portabilit\u00e0 dell'unit\u00e0 flash USB. Il prodotto offre una variet\u00e0 di opzioni di colore tra cui rosso, blu, verde, argento e nero, superando il convenzionale sia nella visione che nella struttura.<\/p>\n\n\n\n<figure class=\"wp-block-image aligncenter size-full\"><img alt=\"\" fetchpriority=\"high\" decoding=\"async\" width=\"800\" height=\"800\" src=\"https:\/\/www.usborkeychain.com\/wp-content\/uploads\/Metal-Red-Wine-Bottle-USB-Drive.png\" class=\"wp-image-4121\" srcset=\"https:\/\/www.usborkeychain.com\/wp-content\/uploads\/Metal-Red-Wine-Bottle-USB-Drive.png 800w, https:\/\/www.usborkeychain.com\/wp-content\/uploads\/Metal-Red-Wine-Bottle-USB-Drive-300x300.png 300w, https:\/\/www.usborkeychain.com\/wp-content\/uploads\/Metal-Red-Wine-Bottle-USB-Drive-150x150.png 150w, https:\/\/www.usborkeychain.com\/wp-content\/uploads\/Metal-Red-Wine-Bottle-USB-Drive-768x768.png 768w, https:\/\/www.usborkeychain.com\/wp-content\/uploads\/Metal-Red-Wine-Bottle-USB-Drive-12x12.png 12w, https:\/\/www.usborkeychain.com\/wp-content\/uploads\/Metal-Red-Wine-Bottle-USB-Drive-600x600.png 600w, https:\/\/www.usborkeychain.com\/wp-content\/uploads\/Metal-Red-Wine-Bottle-USB-Drive-100x100.png 100w\" sizes=\"(max-width: 800px) 100vw, 800px\" \/><\/figure>\n\n\n\n<p>Tra i t<strong>a forma di bottiglia delle chiavette USB<\/strong>I modelli che imitano le forme delle bottiglie di birra e di aceto sono i pi\u00f9 popolari sul mercato. Grazie al design di simulazione proporzionale, le curve del corpo della bottiglia e i dettagli del tappo sono altamente riprodotti, come se una bottiglia reale fosse \"miniaturizzata\" in un supporto digitale. Per quanto riguarda il materiale, \u00e8 stata scelta una lega di alluminio ultraleggera, con un singolo pezzo che pesa solo circa 15 g (a seconda della capacit\u00e0). Il guscio \u00e8 personalizzabile con finitura satinata ed effetto spazzolato: la versione opaca ha un tocco delicato e liscio, mentre la versione spazzolata presenta una lucentezza metallica. Entrambi i processi possono essere abbinati a colori brillanti e personalizzati per soddisfare le esigenze di differenziazione del marchio.<\/p>\n\n\n\n<div class=\"wp-block-columns is-layout-flex wp-container-core-columns-is-layout-28f84493 wp-block-columns-is-layout-flex\">\n<div class=\"wp-block-column is-layout-flow wp-block-column-is-layout-flow\">\n<figure class=\"wp-block-image size-full\"><img alt=\"\" decoding=\"async\" width=\"800\" height=\"800\" src=\"https:\/\/www.usborkeychain.com\/wp-content\/uploads\/Metal-Red-Wine-Bottle-USB-as-a-Premium-Gift.png\" class=\"wp-image-4120\" srcset=\"https:\/\/www.usborkeychain.com\/wp-content\/uploads\/Metal-Red-Wine-Bottle-USB-as-a-Premium-Gift.png 800w, https:\/\/www.usborkeychain.com\/wp-content\/uploads\/Metal-Red-Wine-Bottle-USB-as-a-Premium-Gift-300x300.png 300w, https:\/\/www.usborkeychain.com\/wp-content\/uploads\/Metal-Red-Wine-Bottle-USB-as-a-Premium-Gift-150x150.png 150w, https:\/\/www.usborkeychain.com\/wp-content\/uploads\/Metal-Red-Wine-Bottle-USB-as-a-Premium-Gift-768x768.png 768w, https:\/\/www.usborkeychain.com\/wp-content\/uploads\/Metal-Red-Wine-Bottle-USB-as-a-Premium-Gift-12x12.png 12w, https:\/\/www.usborkeychain.com\/wp-content\/uploads\/Metal-Red-Wine-Bottle-USB-as-a-Premium-Gift-600x600.png 600w, https:\/\/www.usborkeychain.com\/wp-content\/uploads\/Metal-Red-Wine-Bottle-USB-as-a-Premium-Gift-100x100.png 100w\" sizes=\"(max-width: 800px) 100vw, 800px\" \/><\/figure>\n<\/div>\n\n\n\n<div class=\"wp-block-column is-layout-flow wp-block-column-is-layout-flow\">\n<figure class=\"wp-block-image size-full\"><img alt=\"\" decoding=\"async\" width=\"800\" height=\"800\" src=\"https:\/\/www.usborkeychain.com\/wp-content\/uploads\/Durable-Metal-Wine-Bottle-styled-USB-Drive.png\" class=\"wp-image-4118\" srcset=\"https:\/\/www.usborkeychain.com\/wp-content\/uploads\/Durable-Metal-Wine-Bottle-styled-USB-Drive.png 800w, https:\/\/www.usborkeychain.com\/wp-content\/uploads\/Durable-Metal-Wine-Bottle-styled-USB-Drive-300x300.png 300w, https:\/\/www.usborkeychain.com\/wp-content\/uploads\/Durable-Metal-Wine-Bottle-styled-USB-Drive-150x150.png 150w, https:\/\/www.usborkeychain.com\/wp-content\/uploads\/Durable-Metal-Wine-Bottle-styled-USB-Drive-768x768.png 768w, https:\/\/www.usborkeychain.com\/wp-content\/uploads\/Durable-Metal-Wine-Bottle-styled-USB-Drive-12x12.png 12w, https:\/\/www.usborkeychain.com\/wp-content\/uploads\/Durable-Metal-Wine-Bottle-styled-USB-Drive-600x600.png 600w, https:\/\/www.usborkeychain.com\/wp-content\/uploads\/Durable-Metal-Wine-Bottle-styled-USB-Drive-100x100.png 100w\" sizes=\"(max-width: 800px) 100vw, 800px\" \/><\/figure>\n<\/div>\n<\/div>\n\n\n\n<h2 class=\"wp-block-heading\"><strong>Tabella dei parametri dell'unit\u00e0 flash USB<\/strong><\/h2>\n\n\n\n<figure class=\"wp-block-table\"><table class=\"has-fixed-layout\"><thead><tr><th>Parametro Voce<\/th><th>Parametro Valore<\/th><\/tr><\/thead><tbody><tr><td>Tipo di interfaccia<\/td><td>USB 2.0\/USB 3.0 (opzionale)<\/td><\/tr><tr><td>Opzioni di capacit\u00e0<\/td><td>8GB\/16GB\/32GB\/64GB\/128GB<\/td><\/tr><tr><td>Dimensioni del prodotto<\/td><td>60 mm di altezza \u00d7 18 mm di diametro<\/td><\/tr><tr><td>Peso del prodotto<\/td><td>Circa 15 g<\/td><\/tr><tr><td>Velocit\u00e0 di lettura<\/td><td>Fino a 15MB\/s (USB2.0); fino a 80MB\/s (USB3.0)<\/td><\/tr><tr><td>Velocit\u00e0 di scrittura<\/td><td>Fino a 8MB\/s (USB2.0); fino a 30MB\/s (USB3.0)<\/td><\/tr><tr><td>Materiale<\/td><td>Lega di alluminio (processo opaco \/ spazzolato opzionale)<\/td><\/tr><tr><td>Personalizzazione del colore<\/td><td>Disponibile in rosso, blu, verde, argento, nero e altri colori.<\/td><\/tr><\/tbody><\/table><\/figure>\n\n\n\n<h2 class=\"wp-block-heading\">L'unit\u00e0 flash USB con bottiglia in lega di alluminio \u00e8 dotata di un portachiavi?<\/h2>\n\n\n\n<p><strong> <\/strong>La parte superiore del tappo della bottiglia del<strong> bottiglia in lega di alluminio Unit\u00e0 flash USB<\/strong> \u00e8 stato appositamente progettato con un foro circolare per la chiave, che consente di abbinarlo a un portachiavi in metallo (personalizzabile). Questo dettaglio consente di agganciare facilmente il prodotto a borse, portafogli e portachiavi, risolvendo il problema delle \"chiavette USB facili da perdere\" e migliorando la comodit\u00e0 del trasporto quotidiano. Per gli acquirenti all'ingrosso, questo design rafforza ulteriormente l'\"attributo portatile\" del prodotto, mantenendo l'esposizione del marchio in ogni momento.<\/p>\n\n\n\n<div class=\"wp-block-columns is-layout-flex wp-container-core-columns-is-layout-28f84493 wp-block-columns-is-layout-flex\">\n<div class=\"wp-block-column is-layout-flow wp-block-column-is-layout-flow\">\n<figure class=\"wp-block-image size-full\"><img alt=\"\" loading=\"lazy\" decoding=\"async\" width=\"800\" height=\"800\" src=\"https:\/\/www.usborkeychain.com\/wp-content\/uploads\/Portable-Metal-Red-Wine-Bottle-USB-with-Multiple-Capacities.png\" class=\"wp-image-4124\" srcset=\"https:\/\/www.usborkeychain.com\/wp-content\/uploads\/Portable-Metal-Red-Wine-Bottle-USB-with-Multiple-Capacities.png 800w, https:\/\/www.usborkeychain.com\/wp-content\/uploads\/Portable-Metal-Red-Wine-Bottle-USB-with-Multiple-Capacities-300x300.png 300w, https:\/\/www.usborkeychain.com\/wp-content\/uploads\/Portable-Metal-Red-Wine-Bottle-USB-with-Multiple-Capacities-150x150.png 150w, https:\/\/www.usborkeychain.com\/wp-content\/uploads\/Portable-Metal-Red-Wine-Bottle-USB-with-Multiple-Capacities-768x768.png 768w, https:\/\/www.usborkeychain.com\/wp-content\/uploads\/Portable-Metal-Red-Wine-Bottle-USB-with-Multiple-Capacities-12x12.png 12w, https:\/\/www.usborkeychain.com\/wp-content\/uploads\/Portable-Metal-Red-Wine-Bottle-USB-with-Multiple-Capacities-600x600.png 600w, https:\/\/www.usborkeychain.com\/wp-content\/uploads\/Portable-Metal-Red-Wine-Bottle-USB-with-Multiple-Capacities-100x100.png 100w\" sizes=\"(max-width: 800px) 100vw, 800px\" \/><\/figure>\n<\/div>\n\n\n\n<div class=\"wp-block-column is-layout-flow wp-block-column-is-layout-flow\">\n<figure class=\"wp-block-image size-full\"><img alt=\"\" loading=\"lazy\" decoding=\"async\" width=\"800\" height=\"800\" src=\"https:\/\/www.usborkeychain.com\/wp-content\/uploads\/Compact-Metal-Red-Wine-Bottle-USB-Storage.png\" class=\"wp-image-4116\" srcset=\"https:\/\/www.usborkeychain.com\/wp-content\/uploads\/Compact-Metal-Red-Wine-Bottle-USB-Storage.png 800w, https:\/\/www.usborkeychain.com\/wp-content\/uploads\/Compact-Metal-Red-Wine-Bottle-USB-Storage-300x300.png 300w, https:\/\/www.usborkeychain.com\/wp-content\/uploads\/Compact-Metal-Red-Wine-Bottle-USB-Storage-150x150.png 150w, https:\/\/www.usborkeychain.com\/wp-content\/uploads\/Compact-Metal-Red-Wine-Bottle-USB-Storage-768x768.png 768w, https:\/\/www.usborkeychain.com\/wp-content\/uploads\/Compact-Metal-Red-Wine-Bottle-USB-Storage-12x12.png 12w, https:\/\/www.usborkeychain.com\/wp-content\/uploads\/Compact-Metal-Red-Wine-Bottle-USB-Storage-600x600.png 600w, https:\/\/www.usborkeychain.com\/wp-content\/uploads\/Compact-Metal-Red-Wine-Bottle-USB-Storage-100x100.png 100w\" sizes=\"(max-width: 800px) 100vw, 800px\" \/><\/figure>\n<\/div>\n<\/div>\n\n\n\n<hr class=\"wp-block-separator alignfull has-alpha-channel-opacity\"\/>\n\n\n\n<h2 class=\"wp-block-heading\">Per quali settori \u00e8 adatto come regalo?<\/h2>\n\n\n\n<p>La chiavetta USB a forma di bottiglia in lega di alluminio \u00e8 intrinsecamente adatta alle esigenze di regali personalizzati delle \"industrie legate alle bottiglie\", in particolare:<\/p>\n\n\n\n<p>Societ\u00e0 di marketing creativo: Personalizzazione di regali digitali differenziati per i clienti per creare \"punti di memoria\".<\/p>\n\n\n\n<p>Vino rosso \/ industria del vino: La chiavetta USB che imita la forma di una bottiglia di vino pu\u00f2 essere utilizzata come regalo per le feste di degustazione delle cantine e per la promozione di nuovi prodotti, con il logo del marchio inciso per trasmettere una texture di alto livello.<\/p>\n\n\n\n<p>Industria dei condimenti (aceto, salsa di soia, ecc.): Abbinato alla forma delle bottiglie di aceto e di salsa di soia, viene utilizzato come regalo personalizzato per le riunioni annuali delle aziende e le conferenze dei rivenditori per rafforzare l'associazione di categoria.<\/p>\n\n\n\n<p>Industria delle bevande: Il design che imita le bottiglie di bevande \u00e8 adatto per il lancio di nuove bevande e per le attivit\u00e0 promozionali, attirando gruppi di consumatori giovani con supporti creativi.<\/p>\n\n\n\n<p>Imprese produttrici di birra\/alimentari: Come regali periferici del marchio, possono estendere la cultura del prodotto e migliorare l'adesione degli utenti.<\/p>\n\n\n\n<div class=\"wp-block-columns is-layout-flex wp-container-core-columns-is-layout-28f84493 wp-block-columns-is-layout-flex\">\n<div class=\"wp-block-column is-layout-flow wp-block-column-is-layout-flow\">\n<figure class=\"wp-block-image size-full\"><img alt=\"\" loading=\"lazy\" decoding=\"async\" width=\"800\" height=\"800\" src=\"https:\/\/www.usborkeychain.com\/wp-content\/uploads\/Customizable-Metal-Red-Wine-Bottle-USB-for-Wine-Companies.png\" class=\"wp-image-4117\" srcset=\"https:\/\/www.usborkeychain.com\/wp-content\/uploads\/Customizable-Metal-Red-Wine-Bottle-USB-for-Wine-Companies.png 800w, https:\/\/www.usborkeychain.com\/wp-content\/uploads\/Customizable-Metal-Red-Wine-Bottle-USB-for-Wine-Companies-300x300.png 300w, https:\/\/www.usborkeychain.com\/wp-content\/uploads\/Customizable-Metal-Red-Wine-Bottle-USB-for-Wine-Companies-150x150.png 150w, https:\/\/www.usborkeychain.com\/wp-content\/uploads\/Customizable-Metal-Red-Wine-Bottle-USB-for-Wine-Companies-768x768.png 768w, https:\/\/www.usborkeychain.com\/wp-content\/uploads\/Customizable-Metal-Red-Wine-Bottle-USB-for-Wine-Companies-12x12.png 12w, https:\/\/www.usborkeychain.com\/wp-content\/uploads\/Customizable-Metal-Red-Wine-Bottle-USB-for-Wine-Companies-600x600.png 600w, https:\/\/www.usborkeychain.com\/wp-content\/uploads\/Customizable-Metal-Red-Wine-Bottle-USB-for-Wine-Companies-100x100.png 100w\" sizes=\"(max-width: 800px) 100vw, 800px\" \/><\/figure>\n<\/div>\n\n\n\n<div class=\"wp-block-column is-layout-flow wp-block-column-is-layout-flow\">\n<figure class=\"wp-block-image size-full\"><img alt=\"\" loading=\"lazy\" decoding=\"async\" width=\"800\" height=\"800\" src=\"https:\/\/www.usborkeychain.com\/wp-content\/uploads\/Colorful-Metal-Red-Wine-Bottle-USB-Options.png\" class=\"wp-image-4115\" srcset=\"https:\/\/www.usborkeychain.com\/wp-content\/uploads\/Colorful-Metal-Red-Wine-Bottle-USB-Options.png 800w, https:\/\/www.usborkeychain.com\/wp-content\/uploads\/Colorful-Metal-Red-Wine-Bottle-USB-Options-300x300.png 300w, https:\/\/www.usborkeychain.com\/wp-content\/uploads\/Colorful-Metal-Red-Wine-Bottle-USB-Options-150x150.png 150w, https:\/\/www.usborkeychain.com\/wp-content\/uploads\/Colorful-Metal-Red-Wine-Bottle-USB-Options-768x768.png 768w, https:\/\/www.usborkeychain.com\/wp-content\/uploads\/Colorful-Metal-Red-Wine-Bottle-USB-Options-12x12.png 12w, https:\/\/www.usborkeychain.com\/wp-content\/uploads\/Colorful-Metal-Red-Wine-Bottle-USB-Options-600x600.png 600w, https:\/\/www.usborkeychain.com\/wp-content\/uploads\/Colorful-Metal-Red-Wine-Bottle-USB-Options-100x100.png 100w\" sizes=\"(max-width: 800px) 100vw, 800px\" \/><\/figure>\n<\/div>\n<\/div>\n\n\n\n<hr class=\"wp-block-separator has-alpha-channel-opacity\"\/>\n\n\n\n<p>Il produttore supporta la personalizzazione di piccoli lotti e la vendita all'ingrosso su larga scala, soddisfacendo le esigenze personalizzate del marchio nell'intero processo, dalla serigrafia del logo alla miscelazione dei colori.<\/p>\n\n\n\n<div class=\"wp-block-columns is-layout-flex wp-container-core-columns-is-layout-28f84493 wp-block-columns-is-layout-flex\">\n<div class=\"wp-block-column is-layout-flow wp-block-column-is-layout-flow\">\n<figure class=\"wp-block-image size-full\"><img alt=\"\" loading=\"lazy\" decoding=\"async\" width=\"800\" height=\"800\" src=\"https:\/\/www.usborkeychain.com\/wp-content\/uploads\/Branding-Friendly-Metal-Red-Wine-Bottle-USB.png\" class=\"wp-image-4114\" srcset=\"https:\/\/www.usborkeychain.com\/wp-content\/uploads\/Branding-Friendly-Metal-Red-Wine-Bottle-USB.png 800w, https:\/\/www.usborkeychain.com\/wp-content\/uploads\/Branding-Friendly-Metal-Red-Wine-Bottle-USB-300x300.png 300w, https:\/\/www.usborkeychain.com\/wp-content\/uploads\/Branding-Friendly-Metal-Red-Wine-Bottle-USB-150x150.png 150w, https:\/\/www.usborkeychain.com\/wp-content\/uploads\/Branding-Friendly-Metal-Red-Wine-Bottle-USB-768x768.png 768w, https:\/\/www.usborkeychain.com\/wp-content\/uploads\/Branding-Friendly-Metal-Red-Wine-Bottle-USB-12x12.png 12w, https:\/\/www.usborkeychain.com\/wp-content\/uploads\/Branding-Friendly-Metal-Red-Wine-Bottle-USB-600x600.png 600w, https:\/\/www.usborkeychain.com\/wp-content\/uploads\/Branding-Friendly-Metal-Red-Wine-Bottle-USB-100x100.png 100w\" sizes=\"(max-width: 800px) 100vw, 800px\" \/><\/figure>\n<\/div>\n\n\n\n<div class=\"wp-block-column is-layout-flow wp-block-column-is-layout-flow\">\n<figure class=\"wp-block-image size-full\"><img alt=\"\" loading=\"lazy\" decoding=\"async\" width=\"800\" height=\"800\" src=\"https:\/\/www.usborkeychain.com\/wp-content\/uploads\/High-end-Metal-Red-Wine-Bottle-Shaped-USB-Flash-Drive.png\" class=\"wp-image-4119\" srcset=\"https:\/\/www.usborkeychain.com\/wp-content\/uploads\/High-end-Metal-Red-Wine-Bottle-Shaped-USB-Flash-Drive.png 800w, https:\/\/www.usborkeychain.com\/wp-content\/uploads\/High-end-Metal-Red-Wine-Bottle-Shaped-USB-Flash-Drive-300x300.png 300w, https:\/\/www.usborkeychain.com\/wp-content\/uploads\/High-end-Metal-Red-Wine-Bottle-Shaped-USB-Flash-Drive-150x150.png 150w, https:\/\/www.usborkeychain.com\/wp-content\/uploads\/High-end-Metal-Red-Wine-Bottle-Shaped-USB-Flash-Drive-768x768.png 768w, https:\/\/www.usborkeychain.com\/wp-content\/uploads\/High-end-Metal-Red-Wine-Bottle-Shaped-USB-Flash-Drive-12x12.png 12w, https:\/\/www.usborkeychain.com\/wp-content\/uploads\/High-end-Metal-Red-Wine-Bottle-Shaped-USB-Flash-Drive-600x600.png 600w, https:\/\/www.usborkeychain.com\/wp-content\/uploads\/High-end-Metal-Red-Wine-Bottle-Shaped-USB-Flash-Drive-100x100.png 100w\" sizes=\"(max-width: 800px) 100vw, 800px\" \/><\/figure>\n<\/div>\n<\/div>\n\n\n\n<p>L'a<strong>chiavetta USB a forma di bottiglia in lega di alluminio<\/strong> Il prodotto \u00e8 caratterizzato da una forma creativa, da un materiale di alta qualit\u00e0 e da una personalizzazione flessibile. Non \u00e8 solo un prodotto digitale pratico, ma anche un \"vettore creativo\" per il marketing del marchio, che lo rende una scelta ideale per la vendita all'ingrosso dei produttori e la personalizzazione del marchio, aiutando varie industrie a raggiungere i caratteristici traguardi del marketing.<\/p>","protected":false},"excerpt":{"rendered":"<ul>\n<li>Lega di alluminio<\/li>\n<li>Metallo<\/li>\n<li>Colore: rosso, blu, verde, argento, nero<\/li>\n<li>Regalo aziendale di alta gamma<\/li>\n<li>Serigrafia, incisione laser e stampa UV<\/li>\n<li>MOQ: 100PCS<\/li>\n<\/ul>","protected":false},"featured_media":4121,"comment_status":"open","ping_status":"closed","template":"","meta":{"_seopress_robots_primary_cat":"none","_seopress_titles_title":"","_seopress_titles_desc":"","_seopress_robots_index":"","site-sidebar-layout":"default","site-content-layout":"","ast-site-content-layout":"","site-content-style":"default","site-sidebar-style":"default","ast-global-header-display":"","ast-banner-title-visibility":"","ast-main-header-display":"","ast-hfb-above-header-display":"","ast-hfb-below-header-display":"","ast-hfb-mobile-header-display":"","site-post-title":"","ast-breadcrumbs-content":"","ast-featured-img":"","footer-sml-layout":"","theme-transparent-header-meta":"","adv-header-id-meta":"","stick-header-meta":"","header-above-stick-meta":"","header-main-stick-meta":"","header-below-stick-meta":"","astra-migrate-meta-layouts":"default","ast-page-background-enabled":"default","ast-page-background-meta":{"desktop":{"background-color":"var(--ast-global-color-5)","background-image":"","background-repeat":"repeat","background-position":"center center","background-size":"auto","background-attachment":"scroll","background-type":"","background-media":"","overlay-type":"","overlay-color":"","overlay-opacity":"","overlay-gradient":""},"tablet":{"background-color":"","background-image":"","background-repeat":"repeat","background-position":"center center","background-size":"auto","background-attachment":"scroll","background-type":"","background-media":"","overlay-type":"","overlay-color":"","overlay-opacity":"","overlay-gradient":""},"mobile":{"background-color":"","background-image":"","background-repeat":"repeat","background-position":"center center","background-size":"auto","background-attachment":"scroll","background-type":"","background-media":"","overlay-type":"","overlay-color":"","overlay-opacity":"","overlay-gradient":""}},"ast-content-background-meta":{"desktop":{"background-color":"var(--ast-global-color-4)","background-image":"","background-repeat":"repeat","background-position":"center center","background-size":"auto","background-attachment":"scroll","background-type":"","background-media":"","overlay-type":"","overlay-color":"","overlay-opacity":"","overlay-gradient":""},"tablet":{"background-color":"var(--ast-global-color-4)","background-image":"","background-repeat":"repeat","background-position":"center center","background-size":"auto","background-attachment":"scroll","background-type":"","background-media":"","overlay-type":"","overlay-color":"","overlay-opacity":"","overlay-gradient":""},"mobile":{"background-color":"var(--ast-global-color-4)","background-image":"","background-repeat":"repeat","background-position":"center center","background-size":"auto","background-attachment":"scroll","background-type":"","background-media":"","overlay-type":"","overlay-color":"","overlay-opacity":"","overlay-gradient":""}}},"product_brand":[],"product_cat":[89],"product_tag":[238,398],"class_list":{"0":"post-4111","1":"product","2":"type-product","3":"status-publish","4":"has-post-thumbnail","6":"product_cat-metal-usb-pendrive","7":"product_tag-aluminum-alloy-bottle-shaped-usb-flash-drive","8":"product_tag-aluminum-usb-drive","9":"desktop-align-left","10":"tablet-align-left","11":"mobile-align-left","13":"first","14":"instock","15":"shipping-taxable","16":"product-type-simple"},"_links":{"self":[{"href":"https:\/\/www.usborkeychain.com\/it\/wp-json\/wp\/v2\/product\/4111","targetHints":{"allow":["GET"]}}],"collection":[{"href":"https:\/\/www.usborkeychain.com\/it\/wp-json\/wp\/v2\/product"}],"about":[{"href":"https:\/\/www.usborkeychain.com\/it\/wp-json\/wp\/v2\/types\/product"}],"replies":[{"embeddable":true,"href":"https:\/\/www.usborkeychain.com\/it\/wp-json\/wp\/v2\/comments?post=4111"}],"wp:featuredmedia":[{"embeddable":true,"href":"https:\/\/www.usborkeychain.com\/it\/wp-json\/wp\/v2\/media\/4121"}],"wp:attachment":[{"href":"https:\/\/www.usborkeychain.com\/it\/wp-json\/wp\/v2\/media?parent=4111"}],"wp:term":[{"taxonomy":"product_brand","embeddable":true,"href":"https:\/\/www.usborkeychain.com\/it\/wp-json\/wp\/v2\/product_brand?post=4111"},{"taxonomy":"product_cat","embeddable":true,"href":"https:\/\/www.usborkeychain.com\/it\/wp-json\/wp\/v2\/product_cat?post=4111"},{"taxonomy":"product_tag","embeddable":true,"href":"https:\/\/www.usborkeychain.com\/it\/wp-json\/wp\/v2\/product_tag?post=4111"}],"curies":[{"name":"wp","href":"https:\/\/api.w.org\/{rel}","templated":true}]}}