{"id":4133,"date":"2025-07-17T01:55:04","date_gmt":"2025-07-17T01:55:04","guid":{"rendered":"https:\/\/www.usborkeychain.com\/?post_type=product&#038;p=4133"},"modified":"2025-08-11T07:07:27","modified_gmt":"2025-08-11T07:07:27","slug":"metal-bottle-opener-usb-drive","status":"publish","type":"product","link":"https:\/\/www.usborkeychain.com\/it\/prodotto\/metal-bottle-opener-usb-drive\/","title":{"rendered":"Unit\u00e0 USB apribottiglie in metallo"},"content":{"rendered":"<p>Il <strong>unit\u00e0 USB apribottiglie in metallo<\/strong> combina abilmente la funzione di apertura delle bottiglie con la funzione di stoccaggio, progettata specificamente per gli scenari di ristorazione sociale e di ufficio. Adotta una struttura in lega integrata, che integra perfettamente un'interfaccia USB standard all'estremit\u00e0 dell'apribottiglie. La forma unica dell'apribottiglie combina praticit\u00e0 e divertimento. Pu\u00f2 essere utilizzato come piccolo strumento per aprire le bottiglie nella vita quotidiana, ma anche per memorizzare e trasmettere in modo stabile i dati, realizzando l'integrazione transfrontaliera della memorizzazione dei dati e dell'apertura fisica delle bottiglie. Il profilo affusolato si adatta alla curvatura del palmo della mano e la fessura per l'apertura della bottiglia nella parte superiore corrisponde esattamente alle dimensioni del tappo della bottiglia di birra. Che sia per la trasmissione di dati in conferenza o per i momenti di festa, pu\u00f2 diventare il fulcro dell'intera scena.<\/p>\n\n\n\n<div class=\"wp-block-columns is-layout-flex wp-container-core-columns-is-layout-28f84493 wp-block-columns-is-layout-flex\">\n<div class=\"wp-block-column is-layout-flow wp-block-column-is-layout-flow\">\n<figure class=\"wp-block-image size-full\"><img alt=\"\" fetchpriority=\"high\" decoding=\"async\" width=\"800\" height=\"800\" src=\"https:\/\/www.usborkeychain.com\/wp-content\/uploads\/BottleOpener-USB.png\" class=\"wp-image-4136\" srcset=\"https:\/\/www.usborkeychain.com\/wp-content\/uploads\/BottleOpener-USB.png 800w, https:\/\/www.usborkeychain.com\/wp-content\/uploads\/BottleOpener-USB-300x300.png 300w, https:\/\/www.usborkeychain.com\/wp-content\/uploads\/BottleOpener-USB-150x150.png 150w, https:\/\/www.usborkeychain.com\/wp-content\/uploads\/BottleOpener-USB-768x768.png 768w, https:\/\/www.usborkeychain.com\/wp-content\/uploads\/BottleOpener-USB-12x12.png 12w, https:\/\/www.usborkeychain.com\/wp-content\/uploads\/BottleOpener-USB-600x600.png 600w, https:\/\/www.usborkeychain.com\/wp-content\/uploads\/BottleOpener-USB-100x100.png 100w\" sizes=\"(max-width: 800px) 100vw, 800px\" \/><\/figure>\n<\/div>\n\n\n\n<div class=\"wp-block-column is-layout-flow wp-block-column-is-layout-flow\">\n<figure class=\"wp-block-image size-full\"><img alt=\"\" decoding=\"async\" width=\"800\" height=\"800\" src=\"https:\/\/www.usborkeychain.com\/wp-content\/uploads\/KeyUSB-Opener.png\" class=\"wp-image-4138\" srcset=\"https:\/\/www.usborkeychain.com\/wp-content\/uploads\/KeyUSB-Opener.png 800w, https:\/\/www.usborkeychain.com\/wp-content\/uploads\/KeyUSB-Opener-300x300.png 300w, https:\/\/www.usborkeychain.com\/wp-content\/uploads\/KeyUSB-Opener-150x150.png 150w, https:\/\/www.usborkeychain.com\/wp-content\/uploads\/KeyUSB-Opener-768x768.png 768w, https:\/\/www.usborkeychain.com\/wp-content\/uploads\/KeyUSB-Opener-12x12.png 12w, https:\/\/www.usborkeychain.com\/wp-content\/uploads\/KeyUSB-Opener-600x600.png 600w, https:\/\/www.usborkeychain.com\/wp-content\/uploads\/KeyUSB-Opener-100x100.png 100w\" sizes=\"(max-width: 800px) 100vw, 800px\" \/><\/figure>\n<\/div>\n<\/div>\n\n\n\n<h2 class=\"wp-block-heading\">Tabella dei parametri dell'unit\u00e0 USB dell'apribottiglie in metallo<\/h2>\n\n\n\n<figure class=\"wp-block-table\"><table class=\"has-fixed-layout\"><thead><tr><th>Categoria di parametri<\/th><th>Dettagli<\/th><\/tr><\/thead><tbody><tr><td>Tipo di interfaccia<\/td><td>USB 3.0<\/td><\/tr><tr><td>Capacit\u00e0 di stoccaggio<\/td><td>8GB, 16GB, 32GB, 64GB, 128GB<\/td><\/tr><tr><td>Dimensioni e peso<\/td><td>8cm*3cm*1,5cm;30g<\/td><\/tr><\/tbody><\/table><\/figure>\n\n\n\n<h3 class=\"wp-block-heading\">Prestazioni e scenari applicabili<\/h3>\n\n\n\n<p>In termini di prestazioni, il <strong>unit\u00e0 USB apribottiglie in metallo<\/strong> \u00e8 stabile in lettura e scrittura, efficiente nella trasmissione dei dati e pu\u00f2 eseguire rapidamente il backup di documenti e trasmettere foto e video. Il materiale metallico permette di adattarsi a vari ambienti e non \u00e8 facile che venga danneggiato da cadute, urti, umidit\u00e0, ecc.<\/p>\n\n\n\n<p><strong>Scenari applicativi ad alta conversione<\/strong>:<\/p>\n\n\n\n<ol class=\"wp-block-list\">\n<li><strong>Promozione del settore della ristorazione<\/strong>:\n<ul class=\"wp-block-list\">\n<li>Unit\u00e0 USB personalizzate per i festival della birra<\/li>\n\n\n\n<li>Carte valore VIP per ristoranti <\/li>\n<\/ul>\n<\/li>\n\n\n\n<li><strong>Espansione dello scenario di business<\/strong>: In occasione di incontri d'affari, viene regalato ai clienti e la funzione di archiviazione pu\u00f2 preimpostare i materiali aziendali.<\/li>\n\n\n\n<li><strong>Combinazione di emergenza per esterni<\/strong>:\n<ul class=\"wp-block-list\">\n<li>Set di attrezzature da campeggio (in sostituzione dei tradizionali apribottiglie)<\/li>\n\n\n\n<li>Strumenti di emergenza per il veicolo (con guida integrata in PDF)<\/li>\n<\/ul>\n<\/li>\n\n\n\n<li>Alle feste, non \u00e8 solo un utile apribottiglie, ma pu\u00f2 anche memorizzare foto e musica dell'evento per condividerle in qualsiasi momento.<\/li>\n\n\n\n<li>Per la distribuzione delle prestazioni quotidiane nelle imprese, i dipendenti possono utilizzarlo per l'archiviazione in ufficio, in modo pratico e creativo, migliorando la reputazione dell'impresa.<\/li>\n<\/ol>\n\n\n\n<div class=\"wp-block-columns is-layout-flex wp-container-core-columns-is-layout-28f84493 wp-block-columns-is-layout-flex\">\n<div class=\"wp-block-column is-layout-flow wp-block-column-is-layout-flow\">\n<figure class=\"wp-block-image size-full\"><img alt=\"\" decoding=\"async\" width=\"800\" height=\"800\" src=\"https:\/\/www.usborkeychain.com\/wp-content\/uploads\/MetalOpener-Drive.png\" class=\"wp-image-4139\" srcset=\"https:\/\/www.usborkeychain.com\/wp-content\/uploads\/MetalOpener-Drive.png 800w, https:\/\/www.usborkeychain.com\/wp-content\/uploads\/MetalOpener-Drive-300x300.png 300w, https:\/\/www.usborkeychain.com\/wp-content\/uploads\/MetalOpener-Drive-150x150.png 150w, https:\/\/www.usborkeychain.com\/wp-content\/uploads\/MetalOpener-Drive-768x768.png 768w, https:\/\/www.usborkeychain.com\/wp-content\/uploads\/MetalOpener-Drive-12x12.png 12w, https:\/\/www.usborkeychain.com\/wp-content\/uploads\/MetalOpener-Drive-600x600.png 600w, https:\/\/www.usborkeychain.com\/wp-content\/uploads\/MetalOpener-Drive-100x100.png 100w\" sizes=\"(max-width: 800px) 100vw, 800px\" \/><\/figure>\n<\/div>\n\n\n\n<div class=\"wp-block-column is-layout-flow wp-block-column-is-layout-flow\">\n<figure class=\"wp-block-image size-full\"><img alt=\"\" loading=\"lazy\" decoding=\"async\" width=\"800\" height=\"800\" src=\"https:\/\/www.usborkeychain.com\/wp-content\/uploads\/CapLifter-USB.png\" class=\"wp-image-4137\" srcset=\"https:\/\/www.usborkeychain.com\/wp-content\/uploads\/CapLifter-USB.png 800w, https:\/\/www.usborkeychain.com\/wp-content\/uploads\/CapLifter-USB-300x300.png 300w, https:\/\/www.usborkeychain.com\/wp-content\/uploads\/CapLifter-USB-150x150.png 150w, https:\/\/www.usborkeychain.com\/wp-content\/uploads\/CapLifter-USB-768x768.png 768w, https:\/\/www.usborkeychain.com\/wp-content\/uploads\/CapLifter-USB-12x12.png 12w, https:\/\/www.usborkeychain.com\/wp-content\/uploads\/CapLifter-USB-600x600.png 600w, https:\/\/www.usborkeychain.com\/wp-content\/uploads\/CapLifter-USB-100x100.png 100w\" sizes=\"(max-width: 800px) 100vw, 800px\" \/><\/figure>\n<\/div>\n<\/div>\n\n\n\n<h2 class=\"wp-block-heading\">Comunicazione personalizzata del marchio<\/h2>\n\n\n\n<figure class=\"wp-block-table\"><table class=\"has-fixed-layout\"><thead><tr><th>Tipo di artigianato<\/th><th>Parte applicabile<\/th><\/tr><\/thead><tbody><tr><td>Incisione laser<\/td><td>Piano di interfaccia USB<\/td><\/tr><tr><td>Stampa UV<\/td><td>Superficie curva dell'apribottiglie<\/td><\/tr><tr><td>Stampa serigrafica<\/td><td>Ampia area laterale<\/td><\/tr><\/tbody><\/table><\/figure>\n\n\n\n<p>  Stampa del logo aziendale sul <strong>Unit\u00e0 USB<\/strong> lo rende un \"biglietto da visita mobile del marchio\". Che si tratti di comunicazione commerciale, promozione di eventi o uso quotidiano, pu\u00f2 trasmettere le informazioni dell'azienda in qualsiasi momento e ovunque, rafforzare l'impressione del marchio e aiutare le imprese ad ampliare i canali di comunicazione del marchio.<\/p>\n\n\n\n<p>  Grazie alla sua forma creativa, alle prestazioni pratiche e ai vantaggi della personalizzazione, la <strong>unit\u00e0 USB apribottiglie in metallo<\/strong> crea un ponte tra stoccaggio, esigenze di scenario e comunicazione del marchio. \u00c8 un prodotto di alta qualit\u00e0 con un valore sia pratico che di marketing.<\/p>\n\n\n\n<figure class=\"wp-block-image aligncenter size-full\"><img alt=\"\" loading=\"lazy\" decoding=\"async\" width=\"800\" height=\"800\" src=\"https:\/\/www.usborkeychain.com\/wp-content\/uploads\/OpenStore-USB.png\" class=\"wp-image-4140\" srcset=\"https:\/\/www.usborkeychain.com\/wp-content\/uploads\/OpenStore-USB.png 800w, https:\/\/www.usborkeychain.com\/wp-content\/uploads\/OpenStore-USB-300x300.png 300w, https:\/\/www.usborkeychain.com\/wp-content\/uploads\/OpenStore-USB-150x150.png 150w, https:\/\/www.usborkeychain.com\/wp-content\/uploads\/OpenStore-USB-768x768.png 768w, https:\/\/www.usborkeychain.com\/wp-content\/uploads\/OpenStore-USB-12x12.png 12w, https:\/\/www.usborkeychain.com\/wp-content\/uploads\/OpenStore-USB-600x600.png 600w, https:\/\/www.usborkeychain.com\/wp-content\/uploads\/OpenStore-USB-100x100.png 100w\" sizes=\"(max-width: 800px) 100vw, 800px\" \/><\/figure>","protected":false},"excerpt":{"rendered":"<ul>\n<li>Unit\u00e0 USB in metallo<\/li>\n<li>Unit\u00e0 flash USB apribottiglie<\/li>\n<li>Unit\u00e0 USB apribottiglie in argento<\/li>\n<li>Promozione del settore della ristorazione<\/li>\n<li>MOQ: 100PCS<\/li>\n<\/ul>","protected":false},"featured_media":4136,"comment_status":"open","ping_status":"closed","template":"","meta":{"_seopress_robots_primary_cat":"","_seopress_titles_title":"Metal Bottle Opener USB flash Drive;metal usb drive","_seopress_titles_desc":"","_seopress_robots_index":"","site-sidebar-layout":"default","site-content-layout":"","ast-site-content-layout":"","site-content-style":"default","site-sidebar-style":"default","ast-global-header-display":"","ast-banner-title-visibility":"","ast-main-header-display":"","ast-hfb-above-header-display":"","ast-hfb-below-header-display":"","ast-hfb-mobile-header-display":"","site-post-title":"","ast-breadcrumbs-content":"","ast-featured-img":"","footer-sml-layout":"","theme-transparent-header-meta":"","adv-header-id-meta":"","stick-header-meta":"","header-above-stick-meta":"","header-main-stick-meta":"","header-below-stick-meta":"","astra-migrate-meta-layouts":"default","ast-page-background-enabled":"default","ast-page-background-meta":{"desktop":{"background-color":"var(--ast-global-color-5)","background-image":"","background-repeat":"repeat","background-position":"center center","background-size":"auto","background-attachment":"scroll","background-type":"","background-media":"","overlay-type":"","overlay-color":"","overlay-opacity":"","overlay-gradient":""},"tablet":{"background-color":"","background-image":"","background-repeat":"repeat","background-position":"center center","background-size":"auto","background-attachment":"scroll","background-type":"","background-media":"","overlay-type":"","overlay-color":"","overlay-opacity":"","overlay-gradient":""},"mobile":{"background-color":"","background-image":"","background-repeat":"repeat","background-position":"center center","background-size":"auto","background-attachment":"scroll","background-type":"","background-media":"","overlay-type":"","overlay-color":"","overlay-opacity":"","overlay-gradient":""}},"ast-content-background-meta":{"desktop":{"background-color":"var(--ast-global-color-4)","background-image":"","background-repeat":"repeat","background-position":"center center","background-size":"auto","background-attachment":"scroll","background-type":"","background-media":"","overlay-type":"","overlay-color":"","overlay-opacity":"","overlay-gradient":""},"tablet":{"background-color":"var(--ast-global-color-4)","background-image":"","background-repeat":"repeat","background-position":"center center","background-size":"auto","background-attachment":"scroll","background-type":"","background-media":"","overlay-type":"","overlay-color":"","overlay-opacity":"","overlay-gradient":""},"mobile":{"background-color":"var(--ast-global-color-4)","background-image":"","background-repeat":"repeat","background-position":"center center","background-size":"auto","background-attachment":"scroll","background-type":"","background-media":"","overlay-type":"","overlay-color":"","overlay-opacity":"","overlay-gradient":""}}},"product_brand":[],"product_cat":[89],"product_tag":[224,222,397],"class_list":{"0":"post-4133","1":"product","2":"type-product","3":"status-publish","4":"has-post-thumbnail","6":"product_cat-metal-usb-pendrive","7":"product_tag-metal-bottle-opener-usb-flash-drive","8":"product_tag-metal-bottle-usb-drive","9":"product_tag-zinc-alloy-usb-pen-drive","10":"desktop-align-left","11":"tablet-align-left","12":"mobile-align-left","14":"first","15":"instock","16":"shipping-taxable","17":"product-type-simple"},"_links":{"self":[{"href":"https:\/\/www.usborkeychain.com\/it\/wp-json\/wp\/v2\/product\/4133","targetHints":{"allow":["GET"]}}],"collection":[{"href":"https:\/\/www.usborkeychain.com\/it\/wp-json\/wp\/v2\/product"}],"about":[{"href":"https:\/\/www.usborkeychain.com\/it\/wp-json\/wp\/v2\/types\/product"}],"replies":[{"embeddable":true,"href":"https:\/\/www.usborkeychain.com\/it\/wp-json\/wp\/v2\/comments?post=4133"}],"wp:featuredmedia":[{"embeddable":true,"href":"https:\/\/www.usborkeychain.com\/it\/wp-json\/wp\/v2\/media\/4136"}],"wp:attachment":[{"href":"https:\/\/www.usborkeychain.com\/it\/wp-json\/wp\/v2\/media?parent=4133"}],"wp:term":[{"taxonomy":"product_brand","embeddable":true,"href":"https:\/\/www.usborkeychain.com\/it\/wp-json\/wp\/v2\/product_brand?post=4133"},{"taxonomy":"product_cat","embeddable":true,"href":"https:\/\/www.usborkeychain.com\/it\/wp-json\/wp\/v2\/product_cat?post=4133"},{"taxonomy":"product_tag","embeddable":true,"href":"https:\/\/www.usborkeychain.com\/it\/wp-json\/wp\/v2\/product_tag?post=4133"}],"curies":[{"name":"wp","href":"https:\/\/api.w.org\/{rel}","templated":true}]}}