{"id":4141,"date":"2025-07-17T03:09:57","date_gmt":"2025-07-17T03:09:57","guid":{"rendered":"https:\/\/www.usborkeychain.com\/?post_type=product&#038;p=4141"},"modified":"2025-08-11T07:02:09","modified_gmt":"2025-08-11T07:02:09","slug":"metal-can-shaped-usb-drive","status":"publish","type":"product","link":"https:\/\/www.usborkeychain.com\/it\/prodotto\/metal-can-shaped-usb-drive\/","title":{"rendered":"Unit\u00e0 USB a forma di lattina in metallo"},"content":{"rendered":"<p>L'unit\u00e0 USB con lattina di soda in metallo \u00e8 un dispositivo di archiviazione creativo sviluppato da produttori professionisti di unit\u00e0 USB. Realizzata interamente in metallo, riproduce con precisione l'aspetto di una lattina di bibita, infondendo l'ispirazione del packaging delle bevande quotidiane in un dispositivo di archiviazione. Offre una scelta unica per i servizi di personalizzazione delle unit\u00e0 USB e, grazie al suo design innovativo e alle sue prestazioni stabili, \u00e8 diventata un eccellente supporto per la memorizzazione creativa e la promozione del marchio.<\/p>\n\n\n\n<figure class=\"wp-block-image aligncenter size-full\"><img alt=\"\" fetchpriority=\"high\" decoding=\"async\" width=\"800\" height=\"800\" src=\"https:\/\/www.usborkeychain.com\/wp-content\/uploads\/Clip-Can-USB\u200b-drive.png\" class=\"wp-image-4145\" srcset=\"https:\/\/www.usborkeychain.com\/wp-content\/uploads\/Clip-Can-USB\u200b-drive.png 800w, https:\/\/www.usborkeychain.com\/wp-content\/uploads\/Clip-Can-USB\u200b-drive-300x300.png 300w, https:\/\/www.usborkeychain.com\/wp-content\/uploads\/Clip-Can-USB\u200b-drive-150x150.png 150w, https:\/\/www.usborkeychain.com\/wp-content\/uploads\/Clip-Can-USB\u200b-drive-768x768.png 768w, https:\/\/www.usborkeychain.com\/wp-content\/uploads\/Clip-Can-USB\u200b-drive-12x12.png 12w, https:\/\/www.usborkeychain.com\/wp-content\/uploads\/Clip-Can-USB\u200b-drive-600x600.png 600w, https:\/\/www.usborkeychain.com\/wp-content\/uploads\/Clip-Can-USB\u200b-drive-100x100.png 100w\" sizes=\"(max-width: 800px) 100vw, 800px\" \/><\/figure>\n\n\n\n<h2 class=\"wp-block-heading\"> Di che materiale \u00e8 fatta la chiavetta USB in metallo e quali sono i suoi vantaggi?<\/h2>\n\n\n\n<p>Il corpo principale del <strong>unit\u00e0 USB in metallo in lattina di soda<\/strong> \u00e8 realizzato in lega di alluminio. Il materiale metallico gli conferisce un'eccellente durata; non si danneggia facilmente in caso di cadute o piccoli urti nell'uso quotidiano, proteggendo efficacemente il chip di memoria interno. Nel frattempo, la texture metallica rende il suo aspetto pi\u00f9 raffinato e di alto livello, migliorando la qualit\u00e0 del marchio quando viene utilizzato come regalo personalizzato. Inoltre, il metallo \u00e8 facile da lavorare e facilita la personalizzazione dell'unit\u00e0 USB con vari modelli e colori.<\/p>\n\n\n\n<div class=\"wp-block-columns is-layout-flex wp-container-core-columns-is-layout-28f84493 wp-block-columns-is-layout-flex\">\n<div class=\"wp-block-column is-layout-flow wp-block-column-is-layout-flow\">\n<figure class=\"wp-block-image size-full\"><img alt=\"\" decoding=\"async\" width=\"800\" height=\"800\" src=\"https:\/\/www.usborkeychain.com\/wp-content\/uploads\/Coke-Can-USB-Flash-Drive\u200b.png\" class=\"wp-image-4146\" srcset=\"https:\/\/www.usborkeychain.com\/wp-content\/uploads\/Coke-Can-USB-Flash-Drive\u200b.png 800w, https:\/\/www.usborkeychain.com\/wp-content\/uploads\/Coke-Can-USB-Flash-Drive\u200b-300x300.png 300w, https:\/\/www.usborkeychain.com\/wp-content\/uploads\/Coke-Can-USB-Flash-Drive\u200b-150x150.png 150w, https:\/\/www.usborkeychain.com\/wp-content\/uploads\/Coke-Can-USB-Flash-Drive\u200b-768x768.png 768w, https:\/\/www.usborkeychain.com\/wp-content\/uploads\/Coke-Can-USB-Flash-Drive\u200b-12x12.png 12w, https:\/\/www.usborkeychain.com\/wp-content\/uploads\/Coke-Can-USB-Flash-Drive\u200b-600x600.png 600w, https:\/\/www.usborkeychain.com\/wp-content\/uploads\/Coke-Can-USB-Flash-Drive\u200b-100x100.png 100w\" sizes=\"(max-width: 800px) 100vw, 800px\" \/><\/figure>\n<\/div>\n\n\n\n<div class=\"wp-block-column is-layout-flow wp-block-column-is-layout-flow\">\n<figure class=\"wp-block-image size-full\"><img alt=\"\" decoding=\"async\" width=\"750\" height=\"750\" src=\"https:\/\/www.usborkeychain.com\/wp-content\/uploads\/Slide-Soda-Storage-USB-dirve.webp\" class=\"wp-image-4149\" srcset=\"https:\/\/www.usborkeychain.com\/wp-content\/uploads\/Slide-Soda-Storage-USB-dirve.webp 750w, https:\/\/www.usborkeychain.com\/wp-content\/uploads\/Slide-Soda-Storage-USB-dirve-300x300.webp 300w, https:\/\/www.usborkeychain.com\/wp-content\/uploads\/Slide-Soda-Storage-USB-dirve-150x150.webp 150w, https:\/\/www.usborkeychain.com\/wp-content\/uploads\/Slide-Soda-Storage-USB-dirve-12x12.webp 12w, https:\/\/www.usborkeychain.com\/wp-content\/uploads\/Slide-Soda-Storage-USB-dirve-600x600.webp 600w, https:\/\/www.usborkeychain.com\/wp-content\/uploads\/Slide-Soda-Storage-USB-dirve-100x100.webp 100w\" sizes=\"(max-width: 750px) 100vw, 750px\" \/><\/figure>\n<\/div>\n<\/div>\n\n\n\n<h2 class=\"wp-block-heading\">Quali sono i parametri dell'unit\u00e0 USB della lattina di soda in metallo?<\/h2>\n\n\n\n<p>Di seguito sono riportati i parametri fondamentali del<strong> unit\u00e0 USB in metallo in lattina di soda<\/strong>. I produttori di drive USB controllano rigorosamente gli standard di produzione per garantire prestazioni stabili:<\/p>\n\n\n\n<figure class=\"wp-block-table\"><table class=\"has-fixed-layout\"><thead><tr><th>Categoria di parametri<\/th><th>Dettagli<\/th><\/tr><\/thead><tbody><tr><td>Tipo di interfaccia<\/td><td><strong>USB3.0<\/strong> (retrocompatibile con USB2.0)<\/td><\/tr><tr><td>Capacit\u00e0 di stoccaggio<\/td><td><strong>8GB, 16GB, 32GB, 64GB, 128GB<\/strong> (opzionale)<\/td><\/tr><tr><td>Velocit\u00e0 di lettura\/scrittura<\/td><td>Con l'interfaccia USB3.0, la velocit\u00e0 di lettura pu\u00f2 raggiungere 30-80MB\/s, quella di scrittura 10-30MB\/s (a seconda della capacit\u00e0 e del dispositivo).<\/td><\/tr><tr><td>Spessore del metallo<\/td><td>1,2 mm<\/td><\/tr><tr><td>Dimensioni del prodotto<\/td><td>Altezza 60 mm, diametro 25 mm<\/td><\/tr><\/tbody><\/table><\/figure>\n\n\n\n<h2 class=\"wp-block-heading\">La chiavetta USB in metallo pu\u00f2 essere personalizzata con un logo?<\/h2>\n\n\n\n<p>La personalizzazione delle unit\u00e0 USB \u00e8 un servizio fondamentale! La superficie della lattina supporta:<br>\u2460 <strong>Incisione laser di LOGO aziendale\/identificativi VI<\/strong><br>\u2461<strong> Personalizzazione di schemi di colori esclusivi <\/strong>(come il rosso della Coca-Cola, il blu della Pepsi)<br>\u2462 T<strong>scenari previsti<\/strong>: <strong>aziende produttrici di birra<\/strong> (lattine verdi Heineken), <strong>imprese di bevande<\/strong> (tipi di lattine di cola), bevande energetiche (lattine di Red Bull gold), ecc. \u00c8 stato testato che aumenta l'esposizione del marchio di 300%.<\/p>\n\n\n\n<p>Per le promozioni delle aziende produttrici di bevande, regalare chiavette USB a forma di lattina di soda permette ai clienti non solo di conservare i file, ma anche di ricordare il marchio in ogni momento. Distribuirle in occasione di mostre ed eventi \u00e8 accattivante e pratico, e contribuisce alla comunicazione del marchio.<\/p>\n\n\n\n<div class=\"wp-block-columns is-layout-flex wp-container-core-columns-is-layout-28f84493 wp-block-columns-is-layout-flex\">\n<div class=\"wp-block-column is-layout-flow wp-block-column-is-layout-flow\">\n<figure class=\"wp-block-image size-full\"><img alt=\"\" loading=\"lazy\" decoding=\"async\" width=\"800\" height=\"800\" src=\"https:\/\/www.usborkeychain.com\/wp-content\/uploads\/Pop-Top-Portable-USB-drive.png\" class=\"wp-image-4148\" srcset=\"https:\/\/www.usborkeychain.com\/wp-content\/uploads\/Pop-Top-Portable-USB-drive.png 800w, https:\/\/www.usborkeychain.com\/wp-content\/uploads\/Pop-Top-Portable-USB-drive-300x300.png 300w, https:\/\/www.usborkeychain.com\/wp-content\/uploads\/Pop-Top-Portable-USB-drive-150x150.png 150w, https:\/\/www.usborkeychain.com\/wp-content\/uploads\/Pop-Top-Portable-USB-drive-768x768.png 768w, https:\/\/www.usborkeychain.com\/wp-content\/uploads\/Pop-Top-Portable-USB-drive-12x12.png 12w, https:\/\/www.usborkeychain.com\/wp-content\/uploads\/Pop-Top-Portable-USB-drive-600x600.png 600w, https:\/\/www.usborkeychain.com\/wp-content\/uploads\/Pop-Top-Portable-USB-drive-100x100.png 100w\" sizes=\"(max-width: 800px) 100vw, 800px\" \/><\/figure>\n<\/div>\n\n\n\n<div class=\"wp-block-column is-layout-flow wp-block-column-is-layout-flow\">\n<figure class=\"wp-block-image size-full\"><img alt=\"\" loading=\"lazy\" decoding=\"async\" width=\"800\" height=\"800\" src=\"https:\/\/www.usborkeychain.com\/wp-content\/uploads\/Cola-Cruiser-USB\u200b-flash-drive.png\" class=\"wp-image-4147\" srcset=\"https:\/\/www.usborkeychain.com\/wp-content\/uploads\/Cola-Cruiser-USB\u200b-flash-drive.png 800w, https:\/\/www.usborkeychain.com\/wp-content\/uploads\/Cola-Cruiser-USB\u200b-flash-drive-300x300.png 300w, https:\/\/www.usborkeychain.com\/wp-content\/uploads\/Cola-Cruiser-USB\u200b-flash-drive-150x150.png 150w, https:\/\/www.usborkeychain.com\/wp-content\/uploads\/Cola-Cruiser-USB\u200b-flash-drive-768x768.png 768w, https:\/\/www.usborkeychain.com\/wp-content\/uploads\/Cola-Cruiser-USB\u200b-flash-drive-12x12.png 12w, https:\/\/www.usborkeychain.com\/wp-content\/uploads\/Cola-Cruiser-USB\u200b-flash-drive-600x600.png 600w, https:\/\/www.usborkeychain.com\/wp-content\/uploads\/Cola-Cruiser-USB\u200b-flash-drive-100x100.png 100w\" sizes=\"(max-width: 800px) 100vw, 800px\" \/><\/figure>\n<\/div>\n<\/div>\n\n\n\n<h2 class=\"wp-block-heading\">Quali sono i colori disponibili per la chiavetta USB in metallo?<\/h2>\n\n\n\n<ol class=\"wp-block-list\">\n<li>Attualmente, i modelli base sono disponibili in:<\/li>\n<\/ol>\n\n\n\n<ul class=\"wp-block-list\">\n<li>Argento classico (lucidato a specchio)<\/li>\n\n\n\n<li>Business Gun Gray (texture opaca)<\/li>\n<\/ul>\n\n\n\n<p>Opzioni di personalizzazione speciali per esigenze specifiche:<\/p>\n\n\n\n<ul class=\"wp-block-list\">\n<li>Colori del marchio (ad esempio, il rosso della Coca-Cola)<\/li>\n\n\n\n<li>Galvanotecnica a gradi (\u00e8 richiesta una quantit\u00e0 minima d'ordine)<\/li>\n\n\n\n<li>Iridescenza laser (soluzione di personalizzazione di alto livello)<\/li>\n<\/ul>\n\n\n\n<figure class=\"wp-block-image aligncenter size-full\"><img alt=\"\" loading=\"lazy\" decoding=\"async\" width=\"800\" height=\"800\" src=\"https:\/\/www.usborkeychain.com\/wp-content\/uploads\/Byte-Beverage\u200b-USB-drive.png\" class=\"wp-image-4144\" srcset=\"https:\/\/www.usborkeychain.com\/wp-content\/uploads\/Byte-Beverage\u200b-USB-drive.png 800w, https:\/\/www.usborkeychain.com\/wp-content\/uploads\/Byte-Beverage\u200b-USB-drive-300x300.png 300w, https:\/\/www.usborkeychain.com\/wp-content\/uploads\/Byte-Beverage\u200b-USB-drive-150x150.png 150w, https:\/\/www.usborkeychain.com\/wp-content\/uploads\/Byte-Beverage\u200b-USB-drive-768x768.png 768w, https:\/\/www.usborkeychain.com\/wp-content\/uploads\/Byte-Beverage\u200b-USB-drive-12x12.png 12w, https:\/\/www.usborkeychain.com\/wp-content\/uploads\/Byte-Beverage\u200b-USB-drive-600x600.png 600w, https:\/\/www.usborkeychain.com\/wp-content\/uploads\/Byte-Beverage\u200b-USB-drive-100x100.png 100w\" sizes=\"(max-width: 800px) 100vw, 800px\" \/><\/figure>\n\n\n\n<h2 class=\"wp-block-heading\">Sintesi<\/h2>\n\n\n\n<p>  Il <strong>unit\u00e0 USB in metallo in lattina di soda<\/strong> \u00e8 costruita con una qualit\u00e0 metallica durevole, garantisce prestazioni pratiche grazie a parametri chiari ed espande i canali di marketing del marchio attraverso loghi e colori personalizzati. I produttori di unit\u00e0 USB possono anche realizzare il duplice valore di strumenti di archiviazione e di media di marca attraverso l'unit\u00e0 USB in metallo a forma di lattina, supportando la personalizzazione basata sullo scenario con parametri solidi e aiutando le imprese a superare il marketing omogeneo.<\/p>","protected":false},"excerpt":{"rendered":"<ul>\n<li>L'unit\u00e0 USB in metallo della lattina di soda<\/li>\n<li>Unit\u00e0 USB a forma di lattina in metallo<\/li>\n<li>Rosso Coca-Cola<\/li>\n<li>Blu Pepsi<\/li>\n<li>MOQ: 100PCS<\/li>\n<\/ul>","protected":false},"featured_media":4145,"comment_status":"open","ping_status":"closed","template":"","meta":{"_seopress_robots_primary_cat":"","_seopress_titles_title":"Metal soda can USB drive;Metal Can-shaped USB Drive;metal USB","_seopress_titles_desc":"","_seopress_robots_index":"","site-sidebar-layout":"default","site-content-layout":"","ast-site-content-layout":"","site-content-style":"default","site-sidebar-style":"default","ast-global-header-display":"","ast-banner-title-visibility":"","ast-main-header-display":"","ast-hfb-above-header-display":"","ast-hfb-below-header-display":"","ast-hfb-mobile-header-display":"","site-post-title":"","ast-breadcrumbs-content":"","ast-featured-img":"","footer-sml-layout":"","theme-transparent-header-meta":"","adv-header-id-meta":"","stick-header-meta":"","header-above-stick-meta":"","header-main-stick-meta":"","header-below-stick-meta":"","astra-migrate-meta-layouts":"default","ast-page-background-enabled":"default","ast-page-background-meta":{"desktop":{"background-color":"var(--ast-global-color-5)","background-image":"","background-repeat":"repeat","background-position":"center center","background-size":"auto","background-attachment":"scroll","background-type":"","background-media":"","overlay-type":"","overlay-color":"","overlay-opacity":"","overlay-gradient":""},"tablet":{"background-color":"","background-image":"","background-repeat":"repeat","background-position":"center center","background-size":"auto","background-attachment":"scroll","background-type":"","background-media":"","overlay-type":"","overlay-color":"","overlay-opacity":"","overlay-gradient":""},"mobile":{"background-color":"","background-image":"","background-repeat":"repeat","background-position":"center center","background-size":"auto","background-attachment":"scroll","background-type":"","background-media":"","overlay-type":"","overlay-color":"","overlay-opacity":"","overlay-gradient":""}},"ast-content-background-meta":{"desktop":{"background-color":"var(--ast-global-color-4)","background-image":"","background-repeat":"repeat","background-position":"center center","background-size":"auto","background-attachment":"scroll","background-type":"","background-media":"","overlay-type":"","overlay-color":"","overlay-opacity":"","overlay-gradient":""},"tablet":{"background-color":"var(--ast-global-color-4)","background-image":"","background-repeat":"repeat","background-position":"center center","background-size":"auto","background-attachment":"scroll","background-type":"","background-media":"","overlay-type":"","overlay-color":"","overlay-opacity":"","overlay-gradient":""},"mobile":{"background-color":"var(--ast-global-color-4)","background-image":"","background-repeat":"repeat","background-position":"center center","background-size":"auto","background-attachment":"scroll","background-type":"","background-media":"","overlay-type":"","overlay-color":"","overlay-opacity":"","overlay-gradient":""}}},"product_brand":[],"product_cat":[89,104],"product_tag":[398,227,226],"class_list":{"0":"post-4141","1":"product","2":"type-product","3":"status-publish","4":"has-post-thumbnail","6":"product_cat-metal-usb-pendrive","7":"product_cat-usb3-0-usb-pendrive","8":"product_tag-aluminum-usb-drive","9":"product_tag-metal-can-usb-drive","10":"product_tag-metal-can-shaped-usb-drive","11":"desktop-align-left","12":"tablet-align-left","13":"mobile-align-left","15":"first","16":"instock","17":"shipping-taxable","18":"product-type-simple"},"_links":{"self":[{"href":"https:\/\/www.usborkeychain.com\/it\/wp-json\/wp\/v2\/product\/4141","targetHints":{"allow":["GET"]}}],"collection":[{"href":"https:\/\/www.usborkeychain.com\/it\/wp-json\/wp\/v2\/product"}],"about":[{"href":"https:\/\/www.usborkeychain.com\/it\/wp-json\/wp\/v2\/types\/product"}],"replies":[{"embeddable":true,"href":"https:\/\/www.usborkeychain.com\/it\/wp-json\/wp\/v2\/comments?post=4141"}],"wp:featuredmedia":[{"embeddable":true,"href":"https:\/\/www.usborkeychain.com\/it\/wp-json\/wp\/v2\/media\/4145"}],"wp:attachment":[{"href":"https:\/\/www.usborkeychain.com\/it\/wp-json\/wp\/v2\/media?parent=4141"}],"wp:term":[{"taxonomy":"product_brand","embeddable":true,"href":"https:\/\/www.usborkeychain.com\/it\/wp-json\/wp\/v2\/product_brand?post=4141"},{"taxonomy":"product_cat","embeddable":true,"href":"https:\/\/www.usborkeychain.com\/it\/wp-json\/wp\/v2\/product_cat?post=4141"},{"taxonomy":"product_tag","embeddable":true,"href":"https:\/\/www.usborkeychain.com\/it\/wp-json\/wp\/v2\/product_tag?post=4141"}],"curies":[{"name":"wp","href":"https:\/\/api.w.org\/{rel}","templated":true}]}}