{"id":4182,"date":"2025-07-17T09:16:56","date_gmt":"2025-07-17T09:16:56","guid":{"rendered":"https:\/\/www.usborkeychain.com\/?post_type=product&#038;p=4182"},"modified":"2025-07-22T14:18:53","modified_gmt":"2025-07-22T14:18:53","slug":"red-wine-cork-usb-drive","status":"publish","type":"product","link":"https:\/\/www.usborkeychain.com\/it\/prodotto\/red-wine-cork-usb-drive\/","title":{"rendered":"Unit\u00e0 USB con tappo di sughero rosso"},"content":{"rendered":"<p>Il <strong>unit\u00e0 USB in sughero per vino rosso<\/strong> riproduce abilmente la forma di un tappo di vino rosso, combinando il materiale naturale del sughero con la funzionalit\u00e0 di conservazione. \u00c8 dotato di una catena metallica sulla parte superiore per una facile portabilit\u00e0; estraendo il tappo si scopre l'interfaccia USB, creando una divertente esperienza \"apri e usa\". Compatto e poco ingombrante, non solo \u00e8 uno strumento affidabile per l'archiviazione dei dati, ma assomiglia anche a uno squisito tappo di sughero estratto da una bottiglia di vino, rompendo i vincoli del design tradizionale delle unit\u00e0 USB.<\/p>\n\n\n\n<div class=\"wp-block-columns is-layout-flex wp-container-core-columns-is-layout-28f84493 wp-block-columns-is-layout-flex\">\n<div class=\"wp-block-column is-layout-flow wp-block-column-is-layout-flow\">\n<figure class=\"wp-block-image size-full\"><img alt=\"\" fetchpriority=\"high\" decoding=\"async\" width=\"800\" height=\"800\" src=\"https:\/\/www.usborkeychain.com\/wp-content\/uploads\/Wine-Cork-USB-for-Promotion.png\" class=\"wp-image-4197\" srcset=\"https:\/\/www.usborkeychain.com\/wp-content\/uploads\/Wine-Cork-USB-for-Promotion.png 800w, https:\/\/www.usborkeychain.com\/wp-content\/uploads\/Wine-Cork-USB-for-Promotion-300x300.png 300w, https:\/\/www.usborkeychain.com\/wp-content\/uploads\/Wine-Cork-USB-for-Promotion-150x150.png 150w, https:\/\/www.usborkeychain.com\/wp-content\/uploads\/Wine-Cork-USB-for-Promotion-768x768.png 768w, https:\/\/www.usborkeychain.com\/wp-content\/uploads\/Wine-Cork-USB-for-Promotion-12x12.png 12w, https:\/\/www.usborkeychain.com\/wp-content\/uploads\/Wine-Cork-USB-for-Promotion-600x600.png 600w, https:\/\/www.usborkeychain.com\/wp-content\/uploads\/Wine-Cork-USB-for-Promotion-100x100.png 100w\" sizes=\"(max-width: 800px) 100vw, 800px\" \/><\/figure>\n<\/div>\n\n\n\n<div class=\"wp-block-column is-layout-flow wp-block-column-is-layout-flow\">\n<figure class=\"wp-block-image size-full\"><img alt=\"\" decoding=\"async\" width=\"800\" height=\"800\" src=\"https:\/\/www.usborkeychain.com\/wp-content\/uploads\/Wine-Cork-USB-Ornamen.png\" class=\"wp-image-4198\" srcset=\"https:\/\/www.usborkeychain.com\/wp-content\/uploads\/Wine-Cork-USB-Ornamen.png 800w, https:\/\/www.usborkeychain.com\/wp-content\/uploads\/Wine-Cork-USB-Ornamen-300x300.png 300w, https:\/\/www.usborkeychain.com\/wp-content\/uploads\/Wine-Cork-USB-Ornamen-150x150.png 150w, https:\/\/www.usborkeychain.com\/wp-content\/uploads\/Wine-Cork-USB-Ornamen-768x768.png 768w, https:\/\/www.usborkeychain.com\/wp-content\/uploads\/Wine-Cork-USB-Ornamen-12x12.png 12w, https:\/\/www.usborkeychain.com\/wp-content\/uploads\/Wine-Cork-USB-Ornamen-600x600.png 600w, https:\/\/www.usborkeychain.com\/wp-content\/uploads\/Wine-Cork-USB-Ornamen-100x100.png 100w\" sizes=\"(max-width: 800px) 100vw, 800px\" \/><\/figure>\n<\/div>\n<\/div>\n\n\n\n<h2 class=\"wp-block-heading\">Parametri dettagliati dell'unit\u00e0 USB con tappo di sughero per vino rosso<\/h2>\n\n\n\n<p><strong>Unit\u00e0 USB<\/strong> I produttori controllano rigorosamente la produzione e i seguenti parametri fondamentali dimostrano chiaramente le prestazioni del prodotto:<\/p>\n\n\n\n<figure class=\"wp-block-table\"><table class=\"has-fixed-layout\"><thead><tr><th>Categoria di parametri<\/th><th>Dettagli<\/th><\/tr><\/thead><tbody><tr><td>Tipo di interfaccia<\/td><td>USB 2.0\/3.0<\/td><\/tr><tr><td>Capacit\u00e0 di stoccaggio<\/td><td>8GB, 16GB, 32GB, 64GB, 128GB<\/td><\/tr><tr><td>Dimensioni del prodotto<\/td><td>Diametro: circa 20-25 mm; Lunghezza: circa 30-35 mm<\/td><\/tr><tr><td>Spessore del sughero<\/td><td>Strato di rivestimento in sughero: circa 5-8 mm<\/td><\/tr><tr><td>Peso<\/td><td>Circa 8-12 grammi<\/td><\/tr><\/tbody><\/table><\/figure>\n\n\n\n<p>Presenta vantaggi significativi: <strong>sughero naturale<\/strong> \u00e8 eco-compatibile con texture uniche, che rendono ogni chiavetta USB unica nel suo genere; le sue dimensioni si adattano agli scenari di trasporto quotidiano, inserendosi facilmente nelle tasche o nei portachiavi senza problemi.<\/p>\n\n\n\n<div class=\"wp-block-columns is-layout-flex wp-container-core-columns-is-layout-28f84493 wp-block-columns-is-layout-flex\">\n<div class=\"wp-block-column is-layout-flow wp-block-column-is-layout-flow\">\n<figure class=\"wp-block-image size-full\"><img alt=\"\" decoding=\"async\" width=\"800\" height=\"800\" src=\"https:\/\/www.usborkeychain.com\/wp-content\/uploads\/Wine-Cork-Gift-USB.png\" class=\"wp-image-4194\" srcset=\"https:\/\/www.usborkeychain.com\/wp-content\/uploads\/Wine-Cork-Gift-USB.png 800w, https:\/\/www.usborkeychain.com\/wp-content\/uploads\/Wine-Cork-Gift-USB-300x300.png 300w, https:\/\/www.usborkeychain.com\/wp-content\/uploads\/Wine-Cork-Gift-USB-150x150.png 150w, https:\/\/www.usborkeychain.com\/wp-content\/uploads\/Wine-Cork-Gift-USB-768x768.png 768w, https:\/\/www.usborkeychain.com\/wp-content\/uploads\/Wine-Cork-Gift-USB-12x12.png 12w, https:\/\/www.usborkeychain.com\/wp-content\/uploads\/Wine-Cork-Gift-USB-600x600.png 600w, https:\/\/www.usborkeychain.com\/wp-content\/uploads\/Wine-Cork-Gift-USB-100x100.png 100w\" sizes=\"(max-width: 800px) 100vw, 800px\" \/><\/figure>\n<\/div>\n\n\n\n<div class=\"wp-block-column is-layout-flow wp-block-column-is-layout-flow\">\n<figure class=\"wp-block-image size-full\"><img alt=\"\" loading=\"lazy\" decoding=\"async\" width=\"800\" height=\"800\" src=\"https:\/\/www.usborkeychain.com\/wp-content\/uploads\/Wine-Cork-USB-Drive-1.png\" class=\"wp-image-4196\" srcset=\"https:\/\/www.usborkeychain.com\/wp-content\/uploads\/Wine-Cork-USB-Drive-1.png 800w, https:\/\/www.usborkeychain.com\/wp-content\/uploads\/Wine-Cork-USB-Drive-1-300x300.png 300w, https:\/\/www.usborkeychain.com\/wp-content\/uploads\/Wine-Cork-USB-Drive-1-150x150.png 150w, https:\/\/www.usborkeychain.com\/wp-content\/uploads\/Wine-Cork-USB-Drive-1-768x768.png 768w, https:\/\/www.usborkeychain.com\/wp-content\/uploads\/Wine-Cork-USB-Drive-1-12x12.png 12w, https:\/\/www.usborkeychain.com\/wp-content\/uploads\/Wine-Cork-USB-Drive-1-600x600.png 600w, https:\/\/www.usborkeychain.com\/wp-content\/uploads\/Wine-Cork-USB-Drive-1-100x100.png 100w\" sizes=\"(max-width: 800px) 100vw, 800px\" \/><\/figure>\n<\/div>\n<\/div>\n\n\n\n<div class=\"wp-block-columns is-layout-flex wp-container-core-columns-is-layout-28f84493 wp-block-columns-is-layout-flex\">\n<div class=\"wp-block-column is-layout-flow wp-block-column-is-layout-flow\">\n<figure class=\"wp-block-image size-full\"><img alt=\"\" loading=\"lazy\" decoding=\"async\" width=\"800\" height=\"800\" src=\"https:\/\/www.usborkeychain.com\/wp-content\/uploads\/Vintage-Cork-Wine-USB.png\" class=\"wp-image-4193\" srcset=\"https:\/\/www.usborkeychain.com\/wp-content\/uploads\/Vintage-Cork-Wine-USB.png 800w, https:\/\/www.usborkeychain.com\/wp-content\/uploads\/Vintage-Cork-Wine-USB-300x300.png 300w, https:\/\/www.usborkeychain.com\/wp-content\/uploads\/Vintage-Cork-Wine-USB-150x150.png 150w, https:\/\/www.usborkeychain.com\/wp-content\/uploads\/Vintage-Cork-Wine-USB-768x768.png 768w, https:\/\/www.usborkeychain.com\/wp-content\/uploads\/Vintage-Cork-Wine-USB-12x12.png 12w, https:\/\/www.usborkeychain.com\/wp-content\/uploads\/Vintage-Cork-Wine-USB-600x600.png 600w, https:\/\/www.usborkeychain.com\/wp-content\/uploads\/Vintage-Cork-Wine-USB-100x100.png 100w\" sizes=\"(max-width: 800px) 100vw, 800px\" \/><\/figure>\n<\/div>\n\n\n\n<div class=\"wp-block-column is-layout-flow wp-block-column-is-layout-flow\">\n<figure class=\"wp-block-image size-full\"><img alt=\"\" loading=\"lazy\" decoding=\"async\" width=\"800\" height=\"800\" src=\"https:\/\/www.usborkeychain.com\/wp-content\/uploads\/Cork-Wine-Stopper-USB.png\" class=\"wp-image-4188\" srcset=\"https:\/\/www.usborkeychain.com\/wp-content\/uploads\/Cork-Wine-Stopper-USB.png 800w, https:\/\/www.usborkeychain.com\/wp-content\/uploads\/Cork-Wine-Stopper-USB-300x300.png 300w, https:\/\/www.usborkeychain.com\/wp-content\/uploads\/Cork-Wine-Stopper-USB-150x150.png 150w, https:\/\/www.usborkeychain.com\/wp-content\/uploads\/Cork-Wine-Stopper-USB-768x768.png 768w, https:\/\/www.usborkeychain.com\/wp-content\/uploads\/Cork-Wine-Stopper-USB-12x12.png 12w, https:\/\/www.usborkeychain.com\/wp-content\/uploads\/Cork-Wine-Stopper-USB-600x600.png 600w, https:\/\/www.usborkeychain.com\/wp-content\/uploads\/Cork-Wine-Stopper-USB-100x100.png 100w\" sizes=\"(max-width: 800px) 100vw, 800px\" \/><\/figure>\n<\/div>\n<\/div>\n\n\n\n<h2 class=\"wp-block-heading\">Prestazioni e scenari applicabili<\/h2>\n\n\n\n<p>In termini di prestazioni, la stabilit\u00e0 di lettura e scrittura \u00e8 fondamentale. \u00c8 in grado di memorizzare documenti, foto, video, ecc. nell'uso quotidiano, con il minimo rischio di errori o rallentamenti nella trasmissione dei dati. \u00c8 adatto a diversi scenari:<\/p>\n\n\n\n<ul class=\"wp-block-list\">\n<li><strong>Promozione dell'industria del vino rosso<\/strong>: Le cantine possono personalizzarlo con i loghi del marchio come regalo per l'acquisto di vino o per i vantaggi dei soci. I clienti possono conservare guide alla degustazione e materiali sulla storia della cantina, contribuendo a diffondere la cultura del marchio. Cantine famose come Lafite e Penfolds lo usano come regalo personalizzato per migliorare il riconoscimento del marchio.<\/li>\n\n\n\n<li><strong>Attivit\u00e0 commerciali<\/strong>: Come souvenir per i partner in occasione di incontri o cene di lavoro, il suo design unico lascia un'impressione profonda. Pu\u00f2 contenere materiale per riunioni e piani di cooperazione, \u00e8 pratico ed elegante e aiuta le imprese a rafforzare i legami nelle interazioni commerciali.<\/li>\n\n\n\n<li><strong>Uso personale<\/strong>: Gli appassionati di letteratura e i collezionisti di vini rossi possono utilizzarlo per conservare recensioni di vini e foto di viaggio. Compatto e raffinato, occupa poco spazio. Appeso a un portachiavi, funge sia da decorazione che da comodo strumento per accedere ai dati in qualsiasi momento, soddisfacendo le esigenze di archiviazione quotidiana e di visualizzazione della personalit\u00e0.<\/li>\n<\/ul>\n\n\n\n<div class=\"wp-block-columns is-layout-flex wp-container-core-columns-is-layout-28f84493 wp-block-columns-is-layout-flex\">\n<div class=\"wp-block-column is-layout-flow wp-block-column-is-layout-flow\">\n<figure class=\"wp-block-image size-full\"><img alt=\"\" loading=\"lazy\" decoding=\"async\" width=\"750\" height=\"750\" src=\"https:\/\/www.usborkeychain.com\/wp-content\/uploads\/Wine-Cork-Memory-Stick.webp\" class=\"wp-image-4195\" srcset=\"https:\/\/www.usborkeychain.com\/wp-content\/uploads\/Wine-Cork-Memory-Stick.webp 750w, https:\/\/www.usborkeychain.com\/wp-content\/uploads\/Wine-Cork-Memory-Stick-300x300.webp 300w, https:\/\/www.usborkeychain.com\/wp-content\/uploads\/Wine-Cork-Memory-Stick-150x150.webp 150w, https:\/\/www.usborkeychain.com\/wp-content\/uploads\/Wine-Cork-Memory-Stick-12x12.webp 12w, https:\/\/www.usborkeychain.com\/wp-content\/uploads\/Wine-Cork-Memory-Stick-600x600.webp 600w, https:\/\/www.usborkeychain.com\/wp-content\/uploads\/Wine-Cork-Memory-Stick-100x100.webp 100w\" sizes=\"(max-width: 750px) 100vw, 750px\" \/><\/figure>\n<\/div>\n\n\n\n<div class=\"wp-block-column is-layout-flow wp-block-column-is-layout-flow\">\n<figure class=\"wp-block-image size-full\"><img alt=\"\" loading=\"lazy\" decoding=\"async\" width=\"750\" height=\"750\" src=\"https:\/\/www.usborkeychain.com\/wp-content\/uploads\/Natural-Cork-USB.webp\" class=\"wp-image-4190\" srcset=\"https:\/\/www.usborkeychain.com\/wp-content\/uploads\/Natural-Cork-USB.webp 750w, https:\/\/www.usborkeychain.com\/wp-content\/uploads\/Natural-Cork-USB-300x300.webp 300w, https:\/\/www.usborkeychain.com\/wp-content\/uploads\/Natural-Cork-USB-150x150.webp 150w, https:\/\/www.usborkeychain.com\/wp-content\/uploads\/Natural-Cork-USB-12x12.webp 12w, https:\/\/www.usborkeychain.com\/wp-content\/uploads\/Natural-Cork-USB-600x600.webp 600w, https:\/\/www.usborkeychain.com\/wp-content\/uploads\/Natural-Cork-USB-100x100.webp 100w\" sizes=\"(max-width: 750px) 100vw, 750px\" \/><\/figure>\n<\/div>\n<\/div>\n\n\n\n<h2 class=\"wp-block-heading\"> Tecniche e personalizzazione del logo<\/h2>\n\n\n\n<p>La personalizzazione del logo \u00e8 una parte fondamentale<strong> Unit\u00e0 USB<\/strong> servizi di personalizzazione. L'incisione laser \u00e8 comunemente utilizzata per incidere con precisione loghi e identificativi VI sulla superficie del sughero, con linee chiare che si fondono naturalmente con la texture del sughero e sono resistenti all'usura e al peeling. Anche la serigrafia pu\u00f2 essere applicata all'estremit\u00e0 del tappo per stampare motivi e testi colorati, adattandosi ai diversi stili del marchio. Sia che le aziende produttrici di vino rosso vogliano rafforzare l'immagine del proprio marchio, sia che altri settori abbiano bisogno di regali personalizzati, queste due tecniche permettono di ottenere design personalizzati.<\/p>\n\n\n\n<div class=\"wp-block-columns is-layout-flex wp-container-core-columns-is-layout-28f84493 wp-block-columns-is-layout-flex\">\n<div class=\"wp-block-column is-layout-flow wp-block-column-is-layout-flow\">\n<figure class=\"wp-block-image size-full\"><img alt=\"\" loading=\"lazy\" decoding=\"async\" width=\"800\" height=\"800\" src=\"https:\/\/www.usborkeychain.com\/wp-content\/uploads\/Artistic-Cork-Wine-USB.png\" class=\"wp-image-4185\" srcset=\"https:\/\/www.usborkeychain.com\/wp-content\/uploads\/Artistic-Cork-Wine-USB.png 800w, https:\/\/www.usborkeychain.com\/wp-content\/uploads\/Artistic-Cork-Wine-USB-300x300.png 300w, https:\/\/www.usborkeychain.com\/wp-content\/uploads\/Artistic-Cork-Wine-USB-150x150.png 150w, https:\/\/www.usborkeychain.com\/wp-content\/uploads\/Artistic-Cork-Wine-USB-768x768.png 768w, https:\/\/www.usborkeychain.com\/wp-content\/uploads\/Artistic-Cork-Wine-USB-12x12.png 12w, https:\/\/www.usborkeychain.com\/wp-content\/uploads\/Artistic-Cork-Wine-USB-600x600.png 600w, https:\/\/www.usborkeychain.com\/wp-content\/uploads\/Artistic-Cork-Wine-USB-100x100.png 100w\" sizes=\"(max-width: 800px) 100vw, 800px\" \/><\/figure>\n<\/div>\n\n\n\n<div class=\"wp-block-column is-layout-flow wp-block-column-is-layout-flow\">\n<figure class=\"wp-block-image size-full\"><img alt=\"\" loading=\"lazy\" decoding=\"async\" width=\"800\" height=\"800\" src=\"https:\/\/www.usborkeychain.com\/wp-content\/uploads\/Sustainable-Cork-Wine-USB.png\" class=\"wp-image-4192\" srcset=\"https:\/\/www.usborkeychain.com\/wp-content\/uploads\/Sustainable-Cork-Wine-USB.png 800w, https:\/\/www.usborkeychain.com\/wp-content\/uploads\/Sustainable-Cork-Wine-USB-300x300.png 300w, https:\/\/www.usborkeychain.com\/wp-content\/uploads\/Sustainable-Cork-Wine-USB-150x150.png 150w, https:\/\/www.usborkeychain.com\/wp-content\/uploads\/Sustainable-Cork-Wine-USB-768x768.png 768w, https:\/\/www.usborkeychain.com\/wp-content\/uploads\/Sustainable-Cork-Wine-USB-12x12.png 12w, https:\/\/www.usborkeychain.com\/wp-content\/uploads\/Sustainable-Cork-Wine-USB-600x600.png 600w, https:\/\/www.usborkeychain.com\/wp-content\/uploads\/Sustainable-Cork-Wine-USB-100x100.png 100w\" sizes=\"(max-width: 800px) 100vw, 800px\" \/><\/figure>\n<\/div>\n<\/div>\n\n\n\n<h2 class=\"wp-block-heading\">Sintesi<\/h2>\n\n\n\n<p>Il <strong>unit\u00e0 USB in sughero per vino rosso<\/strong>Grazie all'aspetto unico del sughero naturale, ai chiari parametri professionali, alle prestazioni stabili e pratiche e ai servizi flessibili di personalizzazione del logo, \u00e8 diventato un prodotto creativo e distintivo dei produttori di drive USB. I produttori professionali di drive USB utilizzano l'incisione laser per infondere il DNA del marchio in ogni centimetro della struttura del legno, elevando l'archiviazione dei dati a mezzo di connessione emotiva. \u00c8 una combinazione perfetta di creativit\u00e0 e praticit\u00e0, degna di essere sperimentata.<\/p>\n\n\n\n<div class=\"wp-block-columns is-layout-flex wp-container-core-columns-is-layout-28f84493 wp-block-columns-is-layout-flex\">\n<div class=\"wp-block-column is-layout-flow wp-block-column-is-layout-flow\">\n<figure class=\"wp-block-image size-full\"><img alt=\"\" loading=\"lazy\" decoding=\"async\" width=\"800\" height=\"800\" src=\"https:\/\/www.usborkeychain.com\/wp-content\/uploads\/Cork-USB-with-Tin-Case.png\" class=\"wp-image-4187\" srcset=\"https:\/\/www.usborkeychain.com\/wp-content\/uploads\/Cork-USB-with-Tin-Case.png 800w, https:\/\/www.usborkeychain.com\/wp-content\/uploads\/Cork-USB-with-Tin-Case-300x300.png 300w, https:\/\/www.usborkeychain.com\/wp-content\/uploads\/Cork-USB-with-Tin-Case-150x150.png 150w, https:\/\/www.usborkeychain.com\/wp-content\/uploads\/Cork-USB-with-Tin-Case-768x768.png 768w, https:\/\/www.usborkeychain.com\/wp-content\/uploads\/Cork-USB-with-Tin-Case-12x12.png 12w, https:\/\/www.usborkeychain.com\/wp-content\/uploads\/Cork-USB-with-Tin-Case-600x600.png 600w, https:\/\/www.usborkeychain.com\/wp-content\/uploads\/Cork-USB-with-Tin-Case-100x100.png 100w\" sizes=\"(max-width: 800px) 100vw, 800px\" \/><\/figure>\n<\/div>\n\n\n\n<div class=\"wp-block-column is-layout-flow wp-block-column-is-layout-flow\">\n<figure class=\"wp-block-image size-full\"><img alt=\"\" loading=\"lazy\" decoding=\"async\" width=\"800\" height=\"800\" src=\"https:\/\/www.usborkeychain.com\/wp-content\/uploads\/Cork-USB-with-Keychain.png\" class=\"wp-image-4186\" srcset=\"https:\/\/www.usborkeychain.com\/wp-content\/uploads\/Cork-USB-with-Keychain.png 800w, https:\/\/www.usborkeychain.com\/wp-content\/uploads\/Cork-USB-with-Keychain-300x300.png 300w, https:\/\/www.usborkeychain.com\/wp-content\/uploads\/Cork-USB-with-Keychain-150x150.png 150w, https:\/\/www.usborkeychain.com\/wp-content\/uploads\/Cork-USB-with-Keychain-768x768.png 768w, https:\/\/www.usborkeychain.com\/wp-content\/uploads\/Cork-USB-with-Keychain-12x12.png 12w, https:\/\/www.usborkeychain.com\/wp-content\/uploads\/Cork-USB-with-Keychain-600x600.png 600w, https:\/\/www.usborkeychain.com\/wp-content\/uploads\/Cork-USB-with-Keychain-100x100.png 100w\" sizes=\"(max-width: 800px) 100vw, 800px\" \/><\/figure>\n<\/div>\n<\/div>","protected":false},"excerpt":{"rendered":"<ul>\n<li>Aprire e utilizzare<\/li>\n<li>Sughero naturale<\/li>\n<li>Compatto<\/li>\n<li>Risparmio di spazio<\/li>\n<li>Eco-compatibile<\/li>\n<\/ul>","protected":false},"featured_media":4189,"comment_status":"open","ping_status":"closed","template":"","meta":{"_seopress_robots_primary_cat":"none","_seopress_titles_title":"Red Wine Cork USB Drive\uff1bwooden usb drive","_seopress_titles_desc":"","_seopress_robots_index":"","site-sidebar-layout":"default","site-content-layout":"","ast-site-content-layout":"","site-content-style":"default","site-sidebar-style":"default","ast-global-header-display":"","ast-banner-title-visibility":"","ast-main-header-display":"","ast-hfb-above-header-display":"","ast-hfb-below-header-display":"","ast-hfb-mobile-header-display":"","site-post-title":"","ast-breadcrumbs-content":"","ast-featured-img":"","footer-sml-layout":"","theme-transparent-header-meta":"","adv-header-id-meta":"","stick-header-meta":"","header-above-stick-meta":"","header-main-stick-meta":"","header-below-stick-meta":"","astra-migrate-meta-layouts":"default","ast-page-background-enabled":"default","ast-page-background-meta":{"desktop":{"background-color":"var(--ast-global-color-5)","background-image":"","background-repeat":"repeat","background-position":"center center","background-size":"auto","background-attachment":"scroll","background-type":"","background-media":"","overlay-type":"","overlay-color":"","overlay-opacity":"","overlay-gradient":""},"tablet":{"background-color":"","background-image":"","background-repeat":"repeat","background-position":"center center","background-size":"auto","background-attachment":"scroll","background-type":"","background-media":"","overlay-type":"","overlay-color":"","overlay-opacity":"","overlay-gradient":""},"mobile":{"background-color":"","background-image":"","background-repeat":"repeat","background-position":"center center","background-size":"auto","background-attachment":"scroll","background-type":"","background-media":"","overlay-type":"","overlay-color":"","overlay-opacity":"","overlay-gradient":""}},"ast-content-background-meta":{"desktop":{"background-color":"var(--ast-global-color-4)","background-image":"","background-repeat":"repeat","background-position":"center center","background-size":"auto","background-attachment":"scroll","background-type":"","background-media":"","overlay-type":"","overlay-color":"","overlay-opacity":"","overlay-gradient":""},"tablet":{"background-color":"var(--ast-global-color-4)","background-image":"","background-repeat":"repeat","background-position":"center center","background-size":"auto","background-attachment":"scroll","background-type":"","background-media":"","overlay-type":"","overlay-color":"","overlay-opacity":"","overlay-gradient":""},"mobile":{"background-color":"var(--ast-global-color-4)","background-image":"","background-repeat":"repeat","background-position":"center center","background-size":"auto","background-attachment":"scroll","background-type":"","background-media":"","overlay-type":"","overlay-color":"","overlay-opacity":"","overlay-gradient":""}}},"product_brand":[],"product_cat":[168,101,103],"product_tag":[235,237,236],"class_list":{"0":"post-4182","1":"product","2":"type-product","3":"status-publish","4":"has-post-thumbnail","6":"product_cat-wood-usb-flash-drive","7":"product_cat-usb-pendrive-with-keychain","8":"product_cat-usb2-0-usb-pendrive","9":"product_tag-red-wine-cork-usb-drive","10":"product_tag-wine-cork-usb-flash-drive","11":"product_tag-wooden-usb-drive","12":"desktop-align-left","13":"tablet-align-left","14":"mobile-align-left","16":"first","17":"instock","18":"shipping-taxable","19":"product-type-simple"},"_links":{"self":[{"href":"https:\/\/www.usborkeychain.com\/it\/wp-json\/wp\/v2\/product\/4182","targetHints":{"allow":["GET"]}}],"collection":[{"href":"https:\/\/www.usborkeychain.com\/it\/wp-json\/wp\/v2\/product"}],"about":[{"href":"https:\/\/www.usborkeychain.com\/it\/wp-json\/wp\/v2\/types\/product"}],"replies":[{"embeddable":true,"href":"https:\/\/www.usborkeychain.com\/it\/wp-json\/wp\/v2\/comments?post=4182"}],"wp:featuredmedia":[{"embeddable":true,"href":"https:\/\/www.usborkeychain.com\/it\/wp-json\/wp\/v2\/media\/4189"}],"wp:attachment":[{"href":"https:\/\/www.usborkeychain.com\/it\/wp-json\/wp\/v2\/media?parent=4182"}],"wp:term":[{"taxonomy":"product_brand","embeddable":true,"href":"https:\/\/www.usborkeychain.com\/it\/wp-json\/wp\/v2\/product_brand?post=4182"},{"taxonomy":"product_cat","embeddable":true,"href":"https:\/\/www.usborkeychain.com\/it\/wp-json\/wp\/v2\/product_cat?post=4182"},{"taxonomy":"product_tag","embeddable":true,"href":"https:\/\/www.usborkeychain.com\/it\/wp-json\/wp\/v2\/product_tag?post=4182"}],"curies":[{"name":"wp","href":"https:\/\/api.w.org\/{rel}","templated":true}]}}