{"id":4203,"date":"2025-07-18T07:07:55","date_gmt":"2025-07-18T07:07:55","guid":{"rendered":"https:\/\/www.usborkeychain.com\/?post_type=product&#038;p=4203"},"modified":"2025-07-19T08:52:46","modified_gmt":"2025-07-19T08:52:46","slug":"wooden-heart-shaped-usb-flash-drive","status":"publish","type":"product","link":"https:\/\/www.usborkeychain.com\/it\/prodotto\/wooden-heart-shaped-usb-flash-drive\/","title":{"rendered":"Chiavetta USB a forma di cuore in legno"},"content":{"rendered":"<div class=\"wp-block-columns is-layout-flex wp-container-core-columns-is-layout-28f84493 wp-block-columns-is-layout-flex\">\n<div class=\"wp-block-column is-layout-flow wp-block-column-is-layout-flow\">\n<figure class=\"wp-block-image size-full\"><img alt=\"\" fetchpriority=\"high\" decoding=\"async\" width=\"800\" height=\"800\" src=\"https:\/\/www.usborkeychain.com\/wp-content\/uploads\/Heart-Woody-USB.png\" class=\"wp-image-4207\" srcset=\"https:\/\/www.usborkeychain.com\/wp-content\/uploads\/Heart-Woody-USB.png 800w, https:\/\/www.usborkeychain.com\/wp-content\/uploads\/Heart-Woody-USB-300x300.png 300w, https:\/\/www.usborkeychain.com\/wp-content\/uploads\/Heart-Woody-USB-150x150.png 150w, https:\/\/www.usborkeychain.com\/wp-content\/uploads\/Heart-Woody-USB-768x768.png 768w, https:\/\/www.usborkeychain.com\/wp-content\/uploads\/Heart-Woody-USB-12x12.png 12w, https:\/\/www.usborkeychain.com\/wp-content\/uploads\/Heart-Woody-USB-600x600.png 600w, https:\/\/www.usborkeychain.com\/wp-content\/uploads\/Heart-Woody-USB-100x100.png 100w\" sizes=\"(max-width: 800px) 100vw, 800px\" \/><\/figure>\n<\/div>\n\n\n\n<div class=\"wp-block-column is-vertically-aligned-center is-layout-flow wp-block-column-is-layout-flow\">\n<p>Il <strong>chiavetta USB a forma di cuore in legno<\/strong> \u00e8 realizzato con legni naturali come il noce e il faggio, e ogni pezzo vanta una venatura unica e delicata. Offre una soluzione di archiviazione digitale distintiva che combina l'ecocompatibilit\u00e0 con un look elegante. <\/p>\n\n\n\n<p>Il suo <strong>a forma di cuore<\/strong> Il design di questa unit\u00e0 USB \u00e8 romantico e rompe la monotonia delle unit\u00e0 USB tradizionali, diventando un supporto di archiviazione che definisce la personalit\u00e0. Il colore naturale del legno si adatta a diversi stili, rendendola un gadget digitale pratico e bello da vedere, in grado di conservare documenti di lavoro, foto preziose e musica preferita. <\/p>\n\n\n\n<p>\u00c8 dotato di un portachiavi in metallo staccabile, che trasforma il contenitore in un accessorio pratico e alla moda da portare con s\u00e9 ogni giorno.<\/p>\n<\/div>\n<\/div>\n\n\n\n<h2 class=\"wp-block-heading\">Tabella dei parametri dell'unit\u00e0 USB<\/h2>\n\n\n\n<figure class=\"wp-block-table\"><table class=\"has-fixed-layout\"><thead><tr><th>Categoria di parametri<\/th><th>Dettagli<\/th><\/tr><\/thead><tbody><tr><td>Tipo di interfaccia<\/td><td>USB 2.0\/USB 3.0 opzionale<\/td><\/tr><tr><td>Capacit\u00e0 di stoccaggio<\/td><td>8GB, 16GB, 32GB, 64GB, 128GB<\/td><\/tr><tr><td>Peso<\/td><td>Circa 12-18 g<\/td><\/tr><tr><td>Spessore del legno<\/td><td>Circa 0,8-1,2 cm<\/td><\/tr><\/tbody><\/table><\/figure>\n\n\n\n<h2 class=\"wp-block-heading\">Viene fornito con un portachiavi?<\/h2>\n\n\n\n<div class=\"wp-block-columns is-layout-flex wp-container-core-columns-is-layout-28f84493 wp-block-columns-is-layout-flex\">\n<div class=\"wp-block-column is-layout-flow wp-block-column-is-layout-flow\">\n<p>Il <strong>chiavetta USB in legno a forma di cuore<\/strong> \u00e8 stato progettato pensando alla portabilit\u00e0, con un foro per la chiave appositamente realizzato sul bordo. Grazie a questo foro, pu\u00f2 essere abbinato a un portachiavi in metallo, per essere facilmente agganciato a borse, portafogli o portachiavi. Questo design riduce il rischio di smarrimento, assicurando che i dati importanti siano sempre a portata di mano quando si viaggia per lavoro, si \u00e8 pendolari o si \u00e8 in viaggio, poich\u00e9 pu\u00f2 essere appeso comodamente ai propri effetti personali.<\/p>\n<\/div>\n\n\n\n<div class=\"wp-block-column is-layout-flow wp-block-column-is-layout-flow\">\n<figure class=\"wp-block-image size-full\"><img alt=\"\" decoding=\"async\" width=\"800\" height=\"800\" src=\"https:\/\/www.usborkeychain.com\/wp-content\/uploads\/Nature-Love-USB-Drive.png\" class=\"wp-image-4208\" srcset=\"https:\/\/www.usborkeychain.com\/wp-content\/uploads\/Nature-Love-USB-Drive.png 800w, https:\/\/www.usborkeychain.com\/wp-content\/uploads\/Nature-Love-USB-Drive-300x300.png 300w, https:\/\/www.usborkeychain.com\/wp-content\/uploads\/Nature-Love-USB-Drive-150x150.png 150w, https:\/\/www.usborkeychain.com\/wp-content\/uploads\/Nature-Love-USB-Drive-768x768.png 768w, https:\/\/www.usborkeychain.com\/wp-content\/uploads\/Nature-Love-USB-Drive-12x12.png 12w, https:\/\/www.usborkeychain.com\/wp-content\/uploads\/Nature-Love-USB-Drive-600x600.png 600w, https:\/\/www.usborkeychain.com\/wp-content\/uploads\/Nature-Love-USB-Drive-100x100.png 100w\" sizes=\"(max-width: 800px) 100vw, 800px\" \/><\/figure>\n<\/div>\n<\/div>\n\n\n\n<h2 class=\"wp-block-heading\">Pu\u00f2 essere personalizzato con un logo?<\/h2>\n\n\n\n<div class=\"wp-block-columns is-layout-flex wp-container-core-columns-is-layout-28f84493 wp-block-columns-is-layout-flex\">\n<div class=\"wp-block-column is-layout-flow wp-block-column-is-layout-flow\">\n<figure class=\"wp-block-image size-full\"><img alt=\"\" decoding=\"async\" width=\"800\" height=\"800\" src=\"https:\/\/www.usborkeychain.com\/wp-content\/uploads\/TimberLoveKey-USB.png\" class=\"wp-image-4209\" srcset=\"https:\/\/www.usborkeychain.com\/wp-content\/uploads\/TimberLoveKey-USB.png 800w, https:\/\/www.usborkeychain.com\/wp-content\/uploads\/TimberLoveKey-USB-300x300.png 300w, https:\/\/www.usborkeychain.com\/wp-content\/uploads\/TimberLoveKey-USB-150x150.png 150w, https:\/\/www.usborkeychain.com\/wp-content\/uploads\/TimberLoveKey-USB-768x768.png 768w, https:\/\/www.usborkeychain.com\/wp-content\/uploads\/TimberLoveKey-USB-12x12.png 12w, https:\/\/www.usborkeychain.com\/wp-content\/uploads\/TimberLoveKey-USB-600x600.png 600w, https:\/\/www.usborkeychain.com\/wp-content\/uploads\/TimberLoveKey-USB-100x100.png 100w\" sizes=\"(max-width: 800px) 100vw, 800px\" \/><\/figure>\n<\/div>\n\n\n\n<div class=\"wp-block-column is-layout-flow wp-block-column-is-layout-flow\">\n<p><strong>Posizione di stampa<\/strong>: La superficie piatta in legno della chiavetta USB a forma di cuore.<\/p>\n\n\n\n<p><strong>Metodi di stampa<\/strong>:<\/p>\n\n\n\n<ul class=\"wp-block-list\">\n<li><strong>Incisione laser<\/strong>: L'opzione preferita. Offre risultati chiari e duraturi che non sbiadiscono, fondendosi perfettamente con le venature del legno per una texture di alto livello.<\/li>\n\n\n\n<li><strong>Spruzzatura piana\/stampa UV<\/strong>: Adatto per loghi che richiedono colori.<\/li>\n<\/ul>\n\n\n\n<p><strong>Contenuti personalizzabili<\/strong>: Loghi, nomi di marchi, siti web, messaggi di benedizione, date memorabili, ecc.<\/p>\n<\/div>\n<\/div>\n\n\n\n<h2 class=\"wp-block-heading\">Per quali settori e imprese \u00e8 adatta la chiavetta USB a forma di cuore in legno?<\/h2>\n\n\n\n<div class=\"wp-block-columns is-layout-flex wp-container-core-columns-is-layout-28f84493 wp-block-columns-is-layout-flex\">\n<div class=\"wp-block-column is-layout-flow wp-block-column-is-layout-flow\">\n<p>La chiavetta USB a forma di cuore in legno trova ampie applicazioni in diversi settori:<\/p>\n\n\n\n<ul class=\"wp-block-list\">\n<li><strong>Societ\u00e0 di organizzazione di eventi nuziali<\/strong>: Pu\u00f2 contenere foto, video e inviti personalizzati. La forma a cuore si adatta al tema romantico dei matrimoni e serve come ricordo per gli sposi o come regalo per gli ospiti per conservare i ricordi pi\u00f9 belli.<\/li>\n\n\n\n<li><strong>Studi fotografici per matrimoni<\/strong>: I fotografi possono utilizzarlo per consegnare ai clienti foto e video di matrimonio ad alta definizione. Il suo design unico migliora l'esperienza di consegna, rafforza la soddisfazione dei clienti e si allinea all'impegno dello studio per un servizio di alta qualit\u00e0.<\/li>\n\n\n\n<li><strong>Ristoranti di alto livello<\/strong>: In occasione di anniversari o promozioni di nuovi menu, pu\u00f2 contenere ricette esclusive (in formato elettronico), storie del marchio e offerte speciali. La forma a cuore \u00e8 associata alla \"condivisione di esperienze meravigliose\" e lo rende un regalo promozionale accattivante.<\/li>\n\n\n\n<li><strong>Marchi di gioielli<\/strong>: Il suo design romantico ed elegante si adatta all'immagine dei marchi di gioielli. Pu\u00f2 contenere cataloghi di prodotti, storie di design ed esperienze di prova virtuali ed essere regalato con l'acquisto o durante eventi per migliorare il coinvolgimento dei clienti.<\/li>\n\n\n\n<li><strong>Negozi di fiori<\/strong>: Pu\u00f2 contenere guide floreali, ricordi floreali esclusivi dei clienti (foto di lavori passati) e conoscenze floreali. La forma a cuore si adatta alla natura di regalo emozionale dei negozi di fiori, rendendolo un efficace articolo promozionale.<\/li>\n<\/ul>\n<\/div>\n\n\n\n<div class=\"wp-block-column is-layout-flow wp-block-column-is-layout-flow\">\n<figure class=\"wp-block-image size-full\"><img alt=\"\" loading=\"lazy\" decoding=\"async\" width=\"800\" height=\"800\" src=\"https:\/\/www.usborkeychain.com\/wp-content\/uploads\/Eco-Heart-USB-Flash-drive.png\" class=\"wp-image-4206\" srcset=\"https:\/\/www.usborkeychain.com\/wp-content\/uploads\/Eco-Heart-USB-Flash-drive.png 800w, https:\/\/www.usborkeychain.com\/wp-content\/uploads\/Eco-Heart-USB-Flash-drive-300x300.png 300w, https:\/\/www.usborkeychain.com\/wp-content\/uploads\/Eco-Heart-USB-Flash-drive-150x150.png 150w, https:\/\/www.usborkeychain.com\/wp-content\/uploads\/Eco-Heart-USB-Flash-drive-768x768.png 768w, https:\/\/www.usborkeychain.com\/wp-content\/uploads\/Eco-Heart-USB-Flash-drive-12x12.png 12w, https:\/\/www.usborkeychain.com\/wp-content\/uploads\/Eco-Heart-USB-Flash-drive-600x600.png 600w, https:\/\/www.usborkeychain.com\/wp-content\/uploads\/Eco-Heart-USB-Flash-drive-100x100.png 100w\" sizes=\"(max-width: 800px) 100vw, 800px\" \/><\/figure>\n<\/div>\n<\/div>\n\n\n\n<div class=\"wp-block-columns is-layout-flex wp-container-core-columns-is-layout-28f84493 wp-block-columns-is-layout-flex\">\n<div class=\"wp-block-column is-layout-flow wp-block-column-is-layout-flow\">\n<figure class=\"wp-block-image size-full\"><img loading=\"lazy\" decoding=\"async\" width=\"793\" height=\"773\" src=\"https:\/\/www.usborkeychain.com\/wp-content\/uploads\/wooden-heart-shaped-usb-drive.jpg\" alt=\"wooden-heart-shaped-usb-drive\" class=\"wp-image-4224\" srcset=\"https:\/\/www.usborkeychain.com\/wp-content\/uploads\/wooden-heart-shaped-usb-drive.jpg 793w, https:\/\/www.usborkeychain.com\/wp-content\/uploads\/wooden-heart-shaped-usb-drive-300x292.jpg 300w, https:\/\/www.usborkeychain.com\/wp-content\/uploads\/wooden-heart-shaped-usb-drive-768x749.jpg 768w, https:\/\/www.usborkeychain.com\/wp-content\/uploads\/wooden-heart-shaped-usb-drive-12x12.jpg 12w, https:\/\/www.usborkeychain.com\/wp-content\/uploads\/wooden-heart-shaped-usb-drive-600x585.jpg 600w\" sizes=\"(max-width: 793px) 100vw, 793px\" \/><\/figure>\n<\/div>\n\n\n\n<div class=\"wp-block-column is-layout-flow wp-block-column-is-layout-flow\">\n<p>Il <strong>chiavetta USB in legno a forma di cuore<\/strong> combina eco-compatibilit\u00e0, aspetto alla moda e funzionalit\u00e0 pratica. I materiali naturali, il design unico e le caratteristiche personalizzabili lo rendono adatto sia all'uso personale che alla promozione aziendale. Grazie al forte supporto per la personalizzazione del logo (principalmente attraverso l'incisione laser), rappresenta un eccellente strumento di marketing soprattutto per settori come i servizi matrimoniali, la fotografia di matrimonio, la ristorazione di alto livello, i marchi di gioielleria e i negozi di fiori - trasformando i massicci dati elettronici o i preziosi ricordi in una tangibile, portatile e calda benedizione del \"cuore di legno\".<\/p>\n<\/div>\n<\/div>","protected":false},"excerpt":{"rendered":"<ul>\n<li>A forma di cuore<\/li>\n<li>Personalit\u00e0 che si definisce Stoccaggio<\/li>\n<li>Portachiavi<\/li>\n<li>Contenuti personalizzabili<\/li>\n<li>MOQ: 100PCS<\/li>\n<\/ul>","protected":false},"featured_media":4224,"comment_status":"open","ping_status":"closed","template":"","meta":{"_seopress_robots_primary_cat":"none","_seopress_titles_title":"","_seopress_titles_desc":"","_seopress_robots_index":"","site-sidebar-layout":"default","site-content-layout":"","ast-site-content-layout":"","site-content-style":"default","site-sidebar-style":"default","ast-global-header-display":"","ast-banner-title-visibility":"","ast-main-header-display":"","ast-hfb-above-header-display":"","ast-hfb-below-header-display":"","ast-hfb-mobile-header-display":"","site-post-title":"","ast-breadcrumbs-content":"","ast-featured-img":"","footer-sml-layout":"","theme-transparent-header-meta":"","adv-header-id-meta":"","stick-header-meta":"","header-above-stick-meta":"","header-main-stick-meta":"","header-below-stick-meta":"","astra-migrate-meta-layouts":"default","ast-page-background-enabled":"default","ast-page-background-meta":{"desktop":{"background-color":"var(--ast-global-color-5)","background-image":"","background-repeat":"repeat","background-position":"center center","background-size":"auto","background-attachment":"scroll","background-type":"","background-media":"","overlay-type":"","overlay-color":"","overlay-opacity":"","overlay-gradient":""},"tablet":{"background-color":"","background-image":"","background-repeat":"repeat","background-position":"center center","background-size":"auto","background-attachment":"scroll","background-type":"","background-media":"","overlay-type":"","overlay-color":"","overlay-opacity":"","overlay-gradient":""},"mobile":{"background-color":"","background-image":"","background-repeat":"repeat","background-position":"center center","background-size":"auto","background-attachment":"scroll","background-type":"","background-media":"","overlay-type":"","overlay-color":"","overlay-opacity":"","overlay-gradient":""}},"ast-content-background-meta":{"desktop":{"background-color":"var(--ast-global-color-4)","background-image":"","background-repeat":"repeat","background-position":"center center","background-size":"auto","background-attachment":"scroll","background-type":"","background-media":"","overlay-type":"","overlay-color":"","overlay-opacity":"","overlay-gradient":""},"tablet":{"background-color":"var(--ast-global-color-4)","background-image":"","background-repeat":"repeat","background-position":"center center","background-size":"auto","background-attachment":"scroll","background-type":"","background-media":"","overlay-type":"","overlay-color":"","overlay-opacity":"","overlay-gradient":""},"mobile":{"background-color":"var(--ast-global-color-4)","background-image":"","background-repeat":"repeat","background-position":"center center","background-size":"auto","background-attachment":"scroll","background-type":"","background-media":"","overlay-type":"","overlay-color":"","overlay-opacity":"","overlay-gradient":""}}},"product_brand":[],"product_cat":[168],"product_tag":[240,241],"class_list":{"0":"post-4203","1":"product","2":"type-product","3":"status-publish","4":"has-post-thumbnail","6":"product_cat-wood-usb-flash-drive","7":"product_tag-wooden-heart-shaped-usb-drive","8":"product_tag-wooden-usb-flash-drive","9":"desktop-align-left","10":"tablet-align-left","11":"mobile-align-left","13":"first","14":"instock","15":"shipping-taxable","16":"product-type-simple"},"_links":{"self":[{"href":"https:\/\/www.usborkeychain.com\/it\/wp-json\/wp\/v2\/product\/4203","targetHints":{"allow":["GET"]}}],"collection":[{"href":"https:\/\/www.usborkeychain.com\/it\/wp-json\/wp\/v2\/product"}],"about":[{"href":"https:\/\/www.usborkeychain.com\/it\/wp-json\/wp\/v2\/types\/product"}],"replies":[{"embeddable":true,"href":"https:\/\/www.usborkeychain.com\/it\/wp-json\/wp\/v2\/comments?post=4203"}],"wp:featuredmedia":[{"embeddable":true,"href":"https:\/\/www.usborkeychain.com\/it\/wp-json\/wp\/v2\/media\/4224"}],"wp:attachment":[{"href":"https:\/\/www.usborkeychain.com\/it\/wp-json\/wp\/v2\/media?parent=4203"}],"wp:term":[{"taxonomy":"product_brand","embeddable":true,"href":"https:\/\/www.usborkeychain.com\/it\/wp-json\/wp\/v2\/product_brand?post=4203"},{"taxonomy":"product_cat","embeddable":true,"href":"https:\/\/www.usborkeychain.com\/it\/wp-json\/wp\/v2\/product_cat?post=4203"},{"taxonomy":"product_tag","embeddable":true,"href":"https:\/\/www.usborkeychain.com\/it\/wp-json\/wp\/v2\/product_tag?post=4203"}],"curies":[{"name":"wp","href":"https:\/\/api.w.org\/{rel}","templated":true}]}}