{"id":4214,"date":"2025-07-19T04:37:03","date_gmt":"2025-07-19T04:37:03","guid":{"rendered":"https:\/\/www.usborkeychain.com\/?post_type=product&#038;p=4214"},"modified":"2025-07-19T08:54:32","modified_gmt":"2025-07-19T08:54:32","slug":"pvc-cartoon-cat-paw-usb-drive","status":"publish","type":"product","link":"https:\/\/www.usborkeychain.com\/it\/prodotto\/pvc-cartoon-cat-paw-usb-drive\/","title":{"rendered":"Unit\u00e0 USB con zampa di gatto in PVC"},"content":{"rendered":"<div class=\"wp-block-columns is-layout-flex wp-container-core-columns-is-layout-28f84493 wp-block-columns-is-layout-flex\">\n<div class=\"wp-block-column is-layout-flow wp-block-column-is-layout-flow\">\n<figure class=\"wp-block-image size-full\"><img alt=\"\" fetchpriority=\"high\" decoding=\"async\" width=\"800\" height=\"800\" src=\"https:\/\/www.usborkeychain.com\/wp-content\/uploads\/Cat-Paw-USB-flash-Drive.png\" class=\"wp-image-4217\" srcset=\"https:\/\/www.usborkeychain.com\/wp-content\/uploads\/Cat-Paw-USB-flash-Drive.png 800w, https:\/\/www.usborkeychain.com\/wp-content\/uploads\/Cat-Paw-USB-flash-Drive-300x300.png 300w, https:\/\/www.usborkeychain.com\/wp-content\/uploads\/Cat-Paw-USB-flash-Drive-150x150.png 150w, https:\/\/www.usborkeychain.com\/wp-content\/uploads\/Cat-Paw-USB-flash-Drive-768x768.png 768w, https:\/\/www.usborkeychain.com\/wp-content\/uploads\/Cat-Paw-USB-flash-Drive-12x12.png 12w, https:\/\/www.usborkeychain.com\/wp-content\/uploads\/Cat-Paw-USB-flash-Drive-600x600.png 600w, https:\/\/www.usborkeychain.com\/wp-content\/uploads\/Cat-Paw-USB-flash-Drive-100x100.png 100w\" sizes=\"(max-width: 800px) 100vw, 800px\" \/><\/figure>\n<\/div>\n\n\n\n<div class=\"wp-block-column is-layout-flow wp-block-column-is-layout-flow\">\n<p>Il <strong>Unit\u00e0 USB con zampa di gatto in PVC <\/strong>presenta un adorabile design a zampa di gatto, con zampette arrotondate e linee giocose che riproducono fedelmente la forma della zampa di un gatto, catturando immediatamente i cuori dei \"proprietari di gatti\" e degli amanti degli oggetti carini. \u00c8 disponibile in una variet\u00e0 di colori vivaci, dal fresco rosa e blu al fresco nero e marrone, adatti a diverse personalit\u00e0. <\/p>\n\n\n\n<p>Come strumento di archiviazione, \u00e8 in grado di trasmettere i dati in modo stabile, rendendolo ideale per l'archiviazione quotidiana di documenti e foto di simpatici animali domestici. In scenari di tendenza come <strong>cosplay<\/strong> e <strong>convention di fumetti<\/strong>\u00c8 anche uno dei preferiti dagli appassionati, in quanto \u00e8 un gadget digitale elegante che permette di mostrare la propria personalit\u00e0 e di conservare comodamente i materiali, diventando cos\u00ec un oggetto popolare tra i giovani.<\/p>\n<\/div>\n<\/div>\n\n\n\n<h2 class=\"wp-block-heading\">Tabella dei parametri dell'unit\u00e0 USB con zampa di gatto dei cartoni animati del PVC<\/h2>\n\n\n\n<figure class=\"wp-block-table\"><table class=\"has-fixed-layout\"><thead><tr><th>Categoria di parametri<\/th><th>Dettagli<\/th><\/tr><\/thead><tbody><tr><td>Tipo di interfaccia<\/td><td>USB 2.0\/USB 3.0<\/td><\/tr><tr><td>Capacit\u00e0 di stoccaggio<\/td><td>8GB, 16GB, 32GB, 64GB, 128GB<\/td><\/tr><tr><td>Spessore del materiale PVC<\/td><td>Circa 2 - 3 mm<\/td><\/tr><tr><td>Dimensioni del prodotto (lunghezza \u00d7 larghezza \u00d7 altezza)<\/td><td>Circa 4cm\u00d73cm\u00d72cm<\/td><\/tr><tr><td>Peso<\/td><td>Circa 15-20 g<\/td><\/tr><\/tbody><\/table><\/figure>\n\n\n\n<h2 class=\"wp-block-heading\">Il colore pu\u00f2 essere personalizzato?<\/h2>\n\n\n\n<div class=\"wp-block-columns is-layout-flex wp-container-core-columns-is-layout-28f84493 wp-block-columns-is-layout-flex\">\n<div class=\"wp-block-column is-layout-flow wp-block-column-is-layout-flow\">\n<figure class=\"wp-block-image size-full\"><img alt=\"\" decoding=\"async\" width=\"800\" height=\"800\" src=\"https:\/\/www.usborkeychain.com\/wp-content\/uploads\/KittyClaw-USB-falsh-drive.png\" class=\"wp-image-4221\" srcset=\"https:\/\/www.usborkeychain.com\/wp-content\/uploads\/KittyClaw-USB-falsh-drive.png 800w, https:\/\/www.usborkeychain.com\/wp-content\/uploads\/KittyClaw-USB-falsh-drive-300x300.png 300w, https:\/\/www.usborkeychain.com\/wp-content\/uploads\/KittyClaw-USB-falsh-drive-150x150.png 150w, https:\/\/www.usborkeychain.com\/wp-content\/uploads\/KittyClaw-USB-falsh-drive-768x768.png 768w, https:\/\/www.usborkeychain.com\/wp-content\/uploads\/KittyClaw-USB-falsh-drive-12x12.png 12w, https:\/\/www.usborkeychain.com\/wp-content\/uploads\/KittyClaw-USB-falsh-drive-600x600.png 600w, https:\/\/www.usborkeychain.com\/wp-content\/uploads\/KittyClaw-USB-falsh-drive-100x100.png 100w\" sizes=\"(max-width: 800px) 100vw, 800px\" \/><\/figure>\n<\/div>\n\n\n\n<div class=\"wp-block-column is-layout-flow wp-block-column-is-layout-flow\">\n<p>Il <strong>Unit\u00e0 USB con zampa di gatto in PVC<\/strong> supporta la personalizzazione di diversi colori. Che si tratti del colore del marchio aziendale o di una tonalit\u00e0 unica preferita dai singoli, \u00e8 possibile ottenerla grazie al processo di miscelazione dei colori dei materiali in PVC. Ad esempio, i club di anime possono personalizzare le chiavette USB a zampa di gatto con i colori dei personaggi, mentre i marchi di bellezza possono utilizzare i loro colori esclusivi, come il rosa, il viola e cos\u00ec via, rendendo la chiavetta USB un \"biglietto da visita a colori\" che cammina per soddisfare varie esigenze personalizzate.<\/p>\n<\/div>\n<\/div>\n\n\n\n<h2 class=\"wp-block-heading\">Come viene realizzata questa chiavetta USB con zampa di gatto in PVC?<\/h2>\n\n\n\n<div class=\"wp-block-columns is-layout-flex wp-container-core-columns-is-layout-28f84493 wp-block-columns-is-layout-flex\">\n<div class=\"wp-block-column is-layout-flow wp-block-column-is-layout-flow\">\n<p>\u00c8 prodotto con un processo di stampaggio a iniezione di precisione, che garantisce che ogni forma di zampa di gatto sia altamente coerente, chiara e realistica. Il materiale \u00e8 costituito da particelle di PVC di alta qualit\u00e0 ed ecologico, che vengono iniettate nello stampo ad alta temperatura e pressione per essere modellate. I colori sono ottenuti attraverso una precisa proporzione di masterbatches di colore, che assicurano un colore stabile in ogni lotto.<\/p>\n\n\n\n<p>Inoltre, supporta la stampa del logo. La serigrafia pu\u00f2 essere utilizzata per stampare loghi di marca e simpatici motivi sulla superficie della zampa di gatto; anche l'incisione laser pu\u00f2 essere adottata per creare marchi di logo squisiti e duraturi, facilitando la personalizzazione esclusiva per imprese, club, ecc.<\/p>\n<\/div>\n\n\n\n<div class=\"wp-block-column is-layout-flow wp-block-column-is-layout-flow\">\n<figure class=\"wp-block-image size-full\"><img alt=\"\" decoding=\"async\" width=\"800\" height=\"800\" src=\"https:\/\/www.usborkeychain.com\/wp-content\/uploads\/FurryPaw-usb-Flash-drive.png\" class=\"wp-image-4220\" srcset=\"https:\/\/www.usborkeychain.com\/wp-content\/uploads\/FurryPaw-usb-Flash-drive.png 800w, https:\/\/www.usborkeychain.com\/wp-content\/uploads\/FurryPaw-usb-Flash-drive-300x300.png 300w, https:\/\/www.usborkeychain.com\/wp-content\/uploads\/FurryPaw-usb-Flash-drive-150x150.png 150w, https:\/\/www.usborkeychain.com\/wp-content\/uploads\/FurryPaw-usb-Flash-drive-768x768.png 768w, https:\/\/www.usborkeychain.com\/wp-content\/uploads\/FurryPaw-usb-Flash-drive-12x12.png 12w, https:\/\/www.usborkeychain.com\/wp-content\/uploads\/FurryPaw-usb-Flash-drive-600x600.png 600w, https:\/\/www.usborkeychain.com\/wp-content\/uploads\/FurryPaw-usb-Flash-drive-100x100.png 100w\" sizes=\"(max-width: 800px) 100vw, 800px\" \/><\/figure>\n<\/div>\n<\/div>\n\n\n\n<h2 class=\"wp-block-heading\">Scene adatte<\/h2>\n\n\n\n<h3 class=\"wp-block-heading\">Scene di cultura di tendenza<\/h3>\n\n\n\n<ul class=\"wp-block-list\">\n<li>Club di cosplay e convention di fumetti: I cosplayer la usano per conservare i riferimenti dei modelli dei personaggi e le foto degli eventi. Come regalo periferico alle convention di fumetti, i fan possono portare con s\u00e9 la simpatica chiavetta USB a forma di zampa di gatto per accedere in qualsiasi momento al materiale relativo ai cos, adattandosi all'atmosfera culturale di tendenza.<\/li>\n\n\n\n<li>Studi bidimensionali: Viene utilizzata per conservare i disegni originali degli anime e le bozze di progettazione. Quando si comunica con gli altri, consegnare una chiavetta USB a forma di zampa di gatto con il logo dello studio \u00e8 pratico e utile per migliorare l'immagine del marchio.<\/li>\n<\/ul>\n\n\n\n<h3 class=\"wp-block-heading\">Scene di marketing aziendale<\/h3>\n\n\n\n<ul class=\"wp-block-list\">\n<li>Marchi di bellezza: Personalizzate le chiavette USB a forma di zampa di gatto con i colori del marchio, memorizzate i video promozionali dei prodotti e le informazioni sulle applicazioni di prova, e usatele come regali per acquisti superiori a un certo importo. I giovani consumatori amano usarle e questo aiuta a promuovere il marchio.<\/li>\n\n\n\n<li>Imprese di forniture per animali domestici: Memorizza le conoscenze sulla cura degli animali domestici e le introduzioni di nuovi prodotti, che possono essere utilizzati dai dipendenti per l'archiviazione quotidiana dei dati o come regalo di ringraziamento per i clienti, trasmettendo il calore del marchio.<\/li>\n\n\n\n<li>Istituti di istruzione e formazione: Distribuire agli studenti unit\u00e0 USB a forma di zampa di gatto per conservare il materiale didattico e i pacchetti di studio.<\/li>\n\n\n\n<li>Aziende di animazione e giochi: Viene utilizzato come regalo alle convention di fumetti offline\/agli eventi di lancio e venduto come periferica di gioco, raggiungendo con precisione gli utenti target.<\/li>\n\n\n\n<li>Attivit\u00e0 di assistenza sociale: Disegnare zampe di gatto a tema benessere pubblico (come la cura degli animali randagi) come souvenir per donazioni di beneficenza o regali per i volontari, trasmettendo calore.<\/li>\n<\/ul>\n\n\n\n<div class=\"wp-block-columns is-layout-flex wp-container-core-columns-is-layout-28f84493 wp-block-columns-is-layout-flex\">\n<div class=\"wp-block-column is-layout-flow wp-block-column-is-layout-flow\">\n<figure class=\"wp-block-image size-full\"><img alt=\"\" loading=\"lazy\" decoding=\"async\" width=\"800\" height=\"800\" src=\"https:\/\/www.usborkeychain.com\/wp-content\/uploads\/Paw-USB-Flash-drive.png\" class=\"wp-image-4222\" srcset=\"https:\/\/www.usborkeychain.com\/wp-content\/uploads\/Paw-USB-Flash-drive.png 800w, https:\/\/www.usborkeychain.com\/wp-content\/uploads\/Paw-USB-Flash-drive-300x300.png 300w, https:\/\/www.usborkeychain.com\/wp-content\/uploads\/Paw-USB-Flash-drive-150x150.png 150w, https:\/\/www.usborkeychain.com\/wp-content\/uploads\/Paw-USB-Flash-drive-768x768.png 768w, https:\/\/www.usborkeychain.com\/wp-content\/uploads\/Paw-USB-Flash-drive-12x12.png 12w, https:\/\/www.usborkeychain.com\/wp-content\/uploads\/Paw-USB-Flash-drive-600x600.png 600w, https:\/\/www.usborkeychain.com\/wp-content\/uploads\/Paw-USB-Flash-drive-100x100.png 100w\" sizes=\"(max-width: 800px) 100vw, 800px\" \/><\/figure>\n<\/div>\n\n\n\n<div class=\"wp-block-column is-layout-flow wp-block-column-is-layout-flow\">\n<figure class=\"wp-block-image size-full\"><img alt=\"\" loading=\"lazy\" decoding=\"async\" width=\"800\" height=\"800\" src=\"https:\/\/www.usborkeychain.com\/wp-content\/uploads\/FunPaw-Keychain-usb-drive.png\" class=\"wp-image-4219\" srcset=\"https:\/\/www.usborkeychain.com\/wp-content\/uploads\/FunPaw-Keychain-usb-drive.png 800w, https:\/\/www.usborkeychain.com\/wp-content\/uploads\/FunPaw-Keychain-usb-drive-300x300.png 300w, https:\/\/www.usborkeychain.com\/wp-content\/uploads\/FunPaw-Keychain-usb-drive-150x150.png 150w, https:\/\/www.usborkeychain.com\/wp-content\/uploads\/FunPaw-Keychain-usb-drive-768x768.png 768w, https:\/\/www.usborkeychain.com\/wp-content\/uploads\/FunPaw-Keychain-usb-drive-12x12.png 12w, https:\/\/www.usborkeychain.com\/wp-content\/uploads\/FunPaw-Keychain-usb-drive-600x600.png 600w, https:\/\/www.usborkeychain.com\/wp-content\/uploads\/FunPaw-Keychain-usb-drive-100x100.png 100w\" sizes=\"(max-width: 800px) 100vw, 800px\" \/><\/figure>\n<\/div>\n<\/div>\n\n\n\n<div class=\"wp-block-columns is-layout-flex wp-container-core-columns-is-layout-28f84493 wp-block-columns-is-layout-flex\">\n<div class=\"wp-block-column is-layout-flow wp-block-column-is-layout-flow\">\n<figure class=\"wp-block-image size-full\"><img alt=\"\" loading=\"lazy\" decoding=\"async\" width=\"800\" height=\"800\" src=\"https:\/\/www.usborkeychain.com\/wp-content\/uploads\/Color-Paw-USB-flash-Drive.png\" class=\"wp-image-4218\" srcset=\"https:\/\/www.usborkeychain.com\/wp-content\/uploads\/Color-Paw-USB-flash-Drive.png 800w, https:\/\/www.usborkeychain.com\/wp-content\/uploads\/Color-Paw-USB-flash-Drive-300x300.png 300w, https:\/\/www.usborkeychain.com\/wp-content\/uploads\/Color-Paw-USB-flash-Drive-150x150.png 150w, https:\/\/www.usborkeychain.com\/wp-content\/uploads\/Color-Paw-USB-flash-Drive-768x768.png 768w, https:\/\/www.usborkeychain.com\/wp-content\/uploads\/Color-Paw-USB-flash-Drive-12x12.png 12w, https:\/\/www.usborkeychain.com\/wp-content\/uploads\/Color-Paw-USB-flash-Drive-600x600.png 600w, https:\/\/www.usborkeychain.com\/wp-content\/uploads\/Color-Paw-USB-flash-Drive-100x100.png 100w\" sizes=\"(max-width: 800px) 100vw, 800px\" \/><\/figure>\n<\/div>\n\n\n\n<div class=\"wp-block-column is-layout-flow wp-block-column-is-layout-flow\">\n<p>Il <strong>Unit\u00e0 USB con zampa di gatto in PVC<\/strong> ha conquistato con successo il cuore dei giovani utenti ed \u00e8 diventato uno strumento di marketing a basso costo e ad alto rendimento per le aziende, grazie al suo aspetto curato e simpatico, alle opzioni colorate, alla funzione di archiviazione affidabile e alle eccellenti capacit\u00e0 di personalizzazione (colore + LOGO stampato UV). La scelta di un produttore professionista di drive USB per la personalizzazione del drive USB non solo pu\u00f2 produrre in serie prodotti di alta qualit\u00e0 con una qualit\u00e0 costante, ma anche: ottenere un'accurata corrispondenza dei colori del marchio, fornire soluzioni per la complessa stampa UV del logo e garantire l'efficienza della consegna della produzione e il controllo dei costi.<\/p>\n\n\n\n<p>Sia che si tratti di un oggetto creativo di uso quotidiano, sia che si tratti di un regalo aziendale, di un regalo per un evento o di un supporto per la promozione del marchio, questa chiavetta USB a forma di zampa di gatto, che combina il potere della carineria e il valore pratico, pu\u00f2 diventare un collegamento digitale tra gli hobby alla moda e la promozione del marchio, continuando a guadagnare popolarit\u00e0 nel campo dell'immagazzinamento di oggetti carini.<\/p>\n<\/div>\n<\/div>","protected":false},"excerpt":{"rendered":"<ul>\n<li>PVC<\/li>\n<li>Cartone animato<\/li>\n<li>Zampa di gatto<\/li>\n<li>Cosplay<\/li>\n<li>Convenzioni di fumetti<\/li>\n<li>MOQ: 100PCS<\/li>\n<\/ul>","protected":false},"featured_media":4217,"comment_status":"open","ping_status":"closed","template":"","meta":{"_seopress_robots_primary_cat":"","_seopress_titles_title":"","_seopress_titles_desc":"","_seopress_robots_index":"","site-sidebar-layout":"default","site-content-layout":"","ast-site-content-layout":"","site-content-style":"default","site-sidebar-style":"default","ast-global-header-display":"","ast-banner-title-visibility":"","ast-main-header-display":"","ast-hfb-above-header-display":"","ast-hfb-below-header-display":"","ast-hfb-mobile-header-display":"","site-post-title":"","ast-breadcrumbs-content":"","ast-featured-img":"","footer-sml-layout":"","theme-transparent-header-meta":"","adv-header-id-meta":"","stick-header-meta":"","header-above-stick-meta":"","header-main-stick-meta":"","header-below-stick-meta":"","astra-migrate-meta-layouts":"default","ast-page-background-enabled":"default","ast-page-background-meta":{"desktop":{"background-color":"var(--ast-global-color-5)","background-image":"","background-repeat":"repeat","background-position":"center center","background-size":"auto","background-attachment":"scroll","background-type":"","background-media":"","overlay-type":"","overlay-color":"","overlay-opacity":"","overlay-gradient":""},"tablet":{"background-color":"","background-image":"","background-repeat":"repeat","background-position":"center center","background-size":"auto","background-attachment":"scroll","background-type":"","background-media":"","overlay-type":"","overlay-color":"","overlay-opacity":"","overlay-gradient":""},"mobile":{"background-color":"","background-image":"","background-repeat":"repeat","background-position":"center center","background-size":"auto","background-attachment":"scroll","background-type":"","background-media":"","overlay-type":"","overlay-color":"","overlay-opacity":"","overlay-gradient":""}},"ast-content-background-meta":{"desktop":{"background-color":"var(--ast-global-color-4)","background-image":"","background-repeat":"repeat","background-position":"center center","background-size":"auto","background-attachment":"scroll","background-type":"","background-media":"","overlay-type":"","overlay-color":"","overlay-opacity":"","overlay-gradient":""},"tablet":{"background-color":"var(--ast-global-color-4)","background-image":"","background-repeat":"repeat","background-position":"center center","background-size":"auto","background-attachment":"scroll","background-type":"","background-media":"","overlay-type":"","overlay-color":"","overlay-opacity":"","overlay-gradient":""},"mobile":{"background-color":"var(--ast-global-color-4)","background-image":"","background-repeat":"repeat","background-position":"center center","background-size":"auto","background-attachment":"scroll","background-type":"","background-media":"","overlay-type":"","overlay-color":"","overlay-opacity":"","overlay-gradient":""}}},"product_brand":[],"product_cat":[112],"product_tag":[242,193],"class_list":{"0":"post-4214","1":"product","2":"type-product","3":"status-publish","4":"has-post-thumbnail","6":"product_cat-cartton-usb-pendrive","7":"product_tag-pvc-cartoon-cat-paw-usb-drive","8":"product_tag-pvc-cartoon-usb-flash-drive","9":"desktop-align-left","10":"tablet-align-left","11":"mobile-align-left","13":"first","14":"instock","15":"shipping-taxable","16":"product-type-simple"},"_links":{"self":[{"href":"https:\/\/www.usborkeychain.com\/it\/wp-json\/wp\/v2\/product\/4214","targetHints":{"allow":["GET"]}}],"collection":[{"href":"https:\/\/www.usborkeychain.com\/it\/wp-json\/wp\/v2\/product"}],"about":[{"href":"https:\/\/www.usborkeychain.com\/it\/wp-json\/wp\/v2\/types\/product"}],"replies":[{"embeddable":true,"href":"https:\/\/www.usborkeychain.com\/it\/wp-json\/wp\/v2\/comments?post=4214"}],"wp:featuredmedia":[{"embeddable":true,"href":"https:\/\/www.usborkeychain.com\/it\/wp-json\/wp\/v2\/media\/4217"}],"wp:attachment":[{"href":"https:\/\/www.usborkeychain.com\/it\/wp-json\/wp\/v2\/media?parent=4214"}],"wp:term":[{"taxonomy":"product_brand","embeddable":true,"href":"https:\/\/www.usborkeychain.com\/it\/wp-json\/wp\/v2\/product_brand?post=4214"},{"taxonomy":"product_cat","embeddable":true,"href":"https:\/\/www.usborkeychain.com\/it\/wp-json\/wp\/v2\/product_cat?post=4214"},{"taxonomy":"product_tag","embeddable":true,"href":"https:\/\/www.usborkeychain.com\/it\/wp-json\/wp\/v2\/product_tag?post=4214"}],"curies":[{"name":"wp","href":"https:\/\/api.w.org\/{rel}","templated":true}]}}