{"id":4230,"date":"2025-07-19T10:06:05","date_gmt":"2025-07-19T10:06:05","guid":{"rendered":"https:\/\/www.usborkeychain.com\/?post_type=product&#038;p=4230"},"modified":"2025-07-23T23:50:18","modified_gmt":"2025-07-23T23:50:18","slug":"pvc-cartoon-rose-usb-drive","status":"publish","type":"product","link":"https:\/\/www.usborkeychain.com\/it\/prodotto\/pvc-cartoon-rose-usb-drive\/","title":{"rendered":"Unit\u00e0 USB in PVC Cartoon Rose"},"content":{"rendered":"<div class=\"wp-block-columns is-layout-flex wp-container-core-columns-is-layout-28f84493 wp-block-columns-is-layout-flex\">\n<div class=\"wp-block-column is-layout-flow wp-block-column-is-layout-flow\">\n<figure class=\"wp-block-image size-full\"><img alt=\"\" fetchpriority=\"high\" decoding=\"async\" width=\"800\" height=\"800\" src=\"https:\/\/www.usborkeychain.com\/wp-content\/uploads\/Wedding-Rose-USB-flash-drive.png\" class=\"wp-image-4236\" srcset=\"https:\/\/www.usborkeychain.com\/wp-content\/uploads\/Wedding-Rose-USB-flash-drive.png 800w, https:\/\/www.usborkeychain.com\/wp-content\/uploads\/Wedding-Rose-USB-flash-drive-300x300.png 300w, https:\/\/www.usborkeychain.com\/wp-content\/uploads\/Wedding-Rose-USB-flash-drive-150x150.png 150w, https:\/\/www.usborkeychain.com\/wp-content\/uploads\/Wedding-Rose-USB-flash-drive-768x768.png 768w, https:\/\/www.usborkeychain.com\/wp-content\/uploads\/Wedding-Rose-USB-flash-drive-12x12.png 12w, https:\/\/www.usborkeychain.com\/wp-content\/uploads\/Wedding-Rose-USB-flash-drive-600x600.png 600w, https:\/\/www.usborkeychain.com\/wp-content\/uploads\/Wedding-Rose-USB-flash-drive-100x100.png 100w\" sizes=\"(max-width: 800px) 100vw, 800px\" \/><\/figure>\n<\/div>\n\n\n\n<div class=\"wp-block-column is-layout-flow wp-block-column-is-layout-flow\">\n<p>Il <strong>Chiavetta USB in PVC con rosa animata<\/strong> riproduce in modo vivido la forma di una rosa, con strati di petali e dettagli del gambo realistici. \u00c8 disponibile in colori vivaci come il rosso classico, il rosa tenue, il bianco fresco e il giallo brillante, che si adattano a varie atmosfere romantiche. Come strumento di archiviazione, trasmette i dati in modo stabile, adatto per l'archiviazione quotidiana di file e per conservare dolci ricordi. \u00c8 particolarmente popolare tra le giovani donne, le coppie, i lavoratori creativi, gli appassionati di regali e le persone che perseguono un senso di rituale nella vita.<\/p>\n<\/div>\n<\/div>\n\n\n\n<h2 class=\"wp-block-heading\">Tabella dei parametri dell'unit\u00e0 USB<\/h2>\n\n\n\n<figure class=\"wp-block-table\"><table class=\"has-fixed-layout\"><thead><tr><th>Categoria di parametri<\/th><th>Dettagli<\/th><\/tr><\/thead><tbody><tr><td>Tipo di interfaccia<\/td><td>USB 2.0\/USB 3.0<\/td><\/tr><tr><td>Capacit\u00e0 di stoccaggio<\/td><td>8GB, 16GB, 32GB, 64GB, 128GB<\/td><\/tr><tr><td>Spessore del materiale PVC<\/td><td>Circa 2,5 - 3,5 mm<\/td><\/tr><tr><td>Dimensioni del prodotto (altezza \u00d7 diametro del fiore)<\/td><td>Circa 80mm\u00d730mm<\/td><\/tr><tr><td>Peso<\/td><td>Circa 20 g<\/td><\/tr><\/tbody><\/table><\/figure>\n\n\n\n<h2 class=\"wp-block-heading\">Supporta la personalizzazione del colore?<\/h2>\n\n\n\n<div class=\"wp-block-columns is-layout-flex wp-container-core-columns-is-layout-28f84493 wp-block-columns-is-layout-flex\">\n<div class=\"wp-block-column is-layout-flow wp-block-column-is-layout-flow\">\n<p>Il <strong>Chiavetta USB in PVC con rosa animata<\/strong> supporta la personalizzazione di diversi colori. Oltre ai tradizionali sistemi di colori romantici, le aziende possono personalizzare in base ai colori del proprio marchio e ai temi degli eventi. Le aziende che si occupano di organizzazione di matrimoni possono scegliere i colori oro champagne e rosa-viola che simboleggiano la felicit\u00e0; le aziende di fotografia possono utilizzare i colori esclusivi del loro marchio, rendendo l'unit\u00e0 USB un \"biglietto da visita romantico mobile\" per soddisfare le esigenze personalizzate e orientate al marchio. I colori pi\u00f9 diffusi sono il rosso brillante, il rosa tenue, il bianco puro e il giallo brillante, adatti a vari scenari romantici.<\/p>\n<\/div>\n\n\n\n<div class=\"wp-block-column is-layout-flow wp-block-column-is-layout-flow\">\n<figure class=\"wp-block-image size-full\"><img alt=\"\" decoding=\"async\" width=\"800\" height=\"800\" src=\"https:\/\/www.usborkeychain.com\/wp-content\/uploads\/Romance-USB-flash-drive.png\" class=\"wp-image-4234\" srcset=\"https:\/\/www.usborkeychain.com\/wp-content\/uploads\/Romance-USB-flash-drive.png 800w, https:\/\/www.usborkeychain.com\/wp-content\/uploads\/Romance-USB-flash-drive-300x300.png 300w, https:\/\/www.usborkeychain.com\/wp-content\/uploads\/Romance-USB-flash-drive-150x150.png 150w, https:\/\/www.usborkeychain.com\/wp-content\/uploads\/Romance-USB-flash-drive-768x768.png 768w, https:\/\/www.usborkeychain.com\/wp-content\/uploads\/Romance-USB-flash-drive-12x12.png 12w, https:\/\/www.usborkeychain.com\/wp-content\/uploads\/Romance-USB-flash-drive-600x600.png 600w, https:\/\/www.usborkeychain.com\/wp-content\/uploads\/Romance-USB-flash-drive-100x100.png 100w\" sizes=\"(max-width: 800px) 100vw, 800px\" \/><\/figure>\n<\/div>\n<\/div>\n\n\n\n<h2 class=\"wp-block-heading\">Che dire del design dello stampaggio integrale?<\/h2>\n\n\n\n<div class=\"wp-block-columns is-layout-flex wp-container-core-columns-is-layout-28f84493 wp-block-columns-is-layout-flex\">\n<div class=\"wp-block-column is-layout-flow wp-block-column-is-layout-flow\">\n<figure class=\"wp-block-image size-full\"><img alt=\"\" decoding=\"async\" width=\"800\" height=\"800\" src=\"https:\/\/www.usborkeychain.com\/wp-content\/uploads\/Bloom-USB-Flash-drive.png\" class=\"wp-image-4233\" srcset=\"https:\/\/www.usborkeychain.com\/wp-content\/uploads\/Bloom-USB-Flash-drive.png 800w, https:\/\/www.usborkeychain.com\/wp-content\/uploads\/Bloom-USB-Flash-drive-300x300.png 300w, https:\/\/www.usborkeychain.com\/wp-content\/uploads\/Bloom-USB-Flash-drive-150x150.png 150w, https:\/\/www.usborkeychain.com\/wp-content\/uploads\/Bloom-USB-Flash-drive-768x768.png 768w, https:\/\/www.usborkeychain.com\/wp-content\/uploads\/Bloom-USB-Flash-drive-12x12.png 12w, https:\/\/www.usborkeychain.com\/wp-content\/uploads\/Bloom-USB-Flash-drive-600x600.png 600w, https:\/\/www.usborkeychain.com\/wp-content\/uploads\/Bloom-USB-Flash-drive-100x100.png 100w\" sizes=\"(max-width: 800px) 100vw, 800px\" \/><\/figure>\n<\/div>\n\n\n\n<div class=\"wp-block-column is-layout-flow wp-block-column-is-layout-flow\">\n<p>Adotta un processo di stampaggio integrale che combina il buco della serratura in PVC con la rosa. Il buco della serratura dello stesso colore \u00e8 abilmente incastonato sul gambo, che pu\u00f2 essere dotato di un portachiavi in metallo. Pu\u00f2 essere appeso a portachiavi, borse o portafogli, per essere trasportato facilmente quando si esce. Questo design non solo previene le perdite, ma aggiunge anche un tocco di eleganza quotidiana.<\/p>\n<\/div>\n<\/div>\n\n\n\n<h2 class=\"wp-block-heading\">Per quali persone o imprese?<\/h2>\n\n\n\n<div class=\"wp-block-columns is-layout-flex wp-container-core-columns-is-layout-28f84493 wp-block-columns-is-layout-flex\">\n<div class=\"wp-block-column is-layout-flow wp-block-column-is-layout-flow\">\n<ul class=\"wp-block-list\">\n<li>Emozioni personali:\n<ul class=\"wp-block-list\">\n<li>San Valentino \/ Festa di Qixi \/ Anniversario<\/li>\n\n\n\n<li>Regali di compleanno per le migliori amiche \/ Regali di laurea<\/li>\n\n\n\n<li>Libreria d'ispirazione portatile per i lavoratori creativi<\/li>\n<\/ul>\n<\/li>\n\n\n\n<li>Binari d'oro per la personalizzazione aziendale:\n<ul class=\"wp-block-list\">\n<li>Societ\u00e0 di pianificazione di matrimoni \/ Negozi di fotografia di matrimonio di punta: come Golden Lady, Bojue Travel Photography<\/li>\n\n\n\n<li>Hotel \/ resort di alto livello: come Hilton, Sanya Edition<\/li>\n\n\n\n<li>Gioielli \/ marchi di lusso: come Chow Tai Fook, Pandora<\/li>\n\n\n\n<li>Gruppi per la salute\/la bellezza delle donne: come Watsons, Ai Kang Guobin<\/li>\n\n\n\n<li>Grandi parchi a tema \/ punti panoramici culturali e turistici: come Disney, Chimelong<\/li>\n<\/ul>\n<\/li>\n<\/ul>\n<\/div>\n\n\n\n<div class=\"wp-block-column is-layout-flow wp-block-column-is-layout-flow\">\n<figure class=\"wp-block-image size-full\"><img alt=\"\" loading=\"lazy\" decoding=\"async\" width=\"800\" height=\"800\" src=\"https:\/\/www.usborkeychain.com\/wp-content\/uploads\/Rose-USB-flash-Drive.png\" class=\"wp-image-4235\" srcset=\"https:\/\/www.usborkeychain.com\/wp-content\/uploads\/Rose-USB-flash-Drive.png 800w, https:\/\/www.usborkeychain.com\/wp-content\/uploads\/Rose-USB-flash-Drive-300x300.png 300w, https:\/\/www.usborkeychain.com\/wp-content\/uploads\/Rose-USB-flash-Drive-150x150.png 150w, https:\/\/www.usborkeychain.com\/wp-content\/uploads\/Rose-USB-flash-Drive-768x768.png 768w, https:\/\/www.usborkeychain.com\/wp-content\/uploads\/Rose-USB-flash-Drive-12x12.png 12w, https:\/\/www.usborkeychain.com\/wp-content\/uploads\/Rose-USB-flash-Drive-600x600.png 600w, https:\/\/www.usborkeychain.com\/wp-content\/uploads\/Rose-USB-flash-Drive-100x100.png 100w\" sizes=\"(max-width: 800px) 100vw, 800px\" \/><\/figure>\n<\/div>\n<\/div>\n\n\n\n<ul class=\"wp-block-list\"><\/ul>\n\n\n\n<p>Il <strong>Unit\u00e0 USB in PVC con rosa simulata<\/strong>Con la sua forma molto romantica, i colori vivaci e personalizzati, il comodo sistema di trasporto a portachiavi e la stabile funzione di archiviazione, ha superato con successo l'attributo di strumento e si \u00e8 trasformato in un mezzo emozionale per trasmettere sentimenti e marchi. I produttori professionali di drive USB controllano i dettagli, dai colori alla lavorazione, per soddisfare le diverse esigenze. Che sia per le coppie per mantenere il romanticismo in privato o per le aziende per fare marketing romantico, \u00e8 una scelta pratica e accattivante.<\/p>","protected":false},"excerpt":{"rendered":"<ul>\n<li>Materiale PVC<\/li>\n<li>Rosa simulata<\/li>\n<li>Rosa dei cartoni animati<\/li>\n<li>\u00a0Un regalo che esprime amore<\/li>\n<li>MOQ: 100PCS<\/li>\n<\/ul>","protected":false},"featured_media":4236,"comment_status":"open","ping_status":"closed","template":"","meta":{"_seopress_robots_primary_cat":"","_seopress_titles_title":"","_seopress_titles_desc":"","_seopress_robots_index":"","site-sidebar-layout":"default","site-content-layout":"","ast-site-content-layout":"","site-content-style":"default","site-sidebar-style":"default","ast-global-header-display":"","ast-banner-title-visibility":"","ast-main-header-display":"","ast-hfb-above-header-display":"","ast-hfb-below-header-display":"","ast-hfb-mobile-header-display":"","site-post-title":"","ast-breadcrumbs-content":"","ast-featured-img":"","footer-sml-layout":"","theme-transparent-header-meta":"","adv-header-id-meta":"","stick-header-meta":"","header-above-stick-meta":"","header-main-stick-meta":"","header-below-stick-meta":"","astra-migrate-meta-layouts":"default","ast-page-background-enabled":"default","ast-page-background-meta":{"desktop":{"background-color":"var(--ast-global-color-5)","background-image":"","background-repeat":"repeat","background-position":"center center","background-size":"auto","background-attachment":"scroll","background-type":"","background-media":"","overlay-type":"","overlay-color":"","overlay-opacity":"","overlay-gradient":""},"tablet":{"background-color":"","background-image":"","background-repeat":"repeat","background-position":"center center","background-size":"auto","background-attachment":"scroll","background-type":"","background-media":"","overlay-type":"","overlay-color":"","overlay-opacity":"","overlay-gradient":""},"mobile":{"background-color":"","background-image":"","background-repeat":"repeat","background-position":"center center","background-size":"auto","background-attachment":"scroll","background-type":"","background-media":"","overlay-type":"","overlay-color":"","overlay-opacity":"","overlay-gradient":""}},"ast-content-background-meta":{"desktop":{"background-color":"var(--ast-global-color-4)","background-image":"","background-repeat":"repeat","background-position":"center center","background-size":"auto","background-attachment":"scroll","background-type":"","background-media":"","overlay-type":"","overlay-color":"","overlay-opacity":"","overlay-gradient":""},"tablet":{"background-color":"var(--ast-global-color-4)","background-image":"","background-repeat":"repeat","background-position":"center center","background-size":"auto","background-attachment":"scroll","background-type":"","background-media":"","overlay-type":"","overlay-color":"","overlay-opacity":"","overlay-gradient":""},"mobile":{"background-color":"var(--ast-global-color-4)","background-image":"","background-repeat":"repeat","background-position":"center center","background-size":"auto","background-attachment":"scroll","background-type":"","background-media":"","overlay-type":"","overlay-color":"","overlay-opacity":"","overlay-gradient":""}}},"product_brand":[],"product_cat":[112,94],"product_tag":[244,243],"class_list":{"0":"post-4230","1":"product","2":"type-product","3":"status-publish","4":"has-post-thumbnail","6":"product_cat-cartton-usb-pendrive","7":"product_cat-pvc-usb-pendrive","8":"product_tag-cartoon-usb-flash-drive","9":"product_tag-pvc-cartoon-rose-usb-flash-drive","10":"desktop-align-left","11":"tablet-align-left","12":"mobile-align-left","14":"first","15":"instock","16":"shipping-taxable","17":"product-type-simple"},"_links":{"self":[{"href":"https:\/\/www.usborkeychain.com\/it\/wp-json\/wp\/v2\/product\/4230","targetHints":{"allow":["GET"]}}],"collection":[{"href":"https:\/\/www.usborkeychain.com\/it\/wp-json\/wp\/v2\/product"}],"about":[{"href":"https:\/\/www.usborkeychain.com\/it\/wp-json\/wp\/v2\/types\/product"}],"replies":[{"embeddable":true,"href":"https:\/\/www.usborkeychain.com\/it\/wp-json\/wp\/v2\/comments?post=4230"}],"wp:featuredmedia":[{"embeddable":true,"href":"https:\/\/www.usborkeychain.com\/it\/wp-json\/wp\/v2\/media\/4236"}],"wp:attachment":[{"href":"https:\/\/www.usborkeychain.com\/it\/wp-json\/wp\/v2\/media?parent=4230"}],"wp:term":[{"taxonomy":"product_brand","embeddable":true,"href":"https:\/\/www.usborkeychain.com\/it\/wp-json\/wp\/v2\/product_brand?post=4230"},{"taxonomy":"product_cat","embeddable":true,"href":"https:\/\/www.usborkeychain.com\/it\/wp-json\/wp\/v2\/product_cat?post=4230"},{"taxonomy":"product_tag","embeddable":true,"href":"https:\/\/www.usborkeychain.com\/it\/wp-json\/wp\/v2\/product_tag?post=4230"}],"curies":[{"name":"wp","href":"https:\/\/api.w.org\/{rel}","templated":true}]}}