{"id":4237,"date":"2025-07-19T10:40:15","date_gmt":"2025-07-19T10:40:15","guid":{"rendered":"https:\/\/www.usborkeychain.com\/?post_type=product&#038;p=4237"},"modified":"2025-07-25T01:40:41","modified_gmt":"2025-07-25T01:40:41","slug":"pvc-cartoon-turtle-usb-flash-drive","status":"publish","type":"product","link":"https:\/\/www.usborkeychain.com\/it\/prodotto\/pvc-cartoon-turtle-usb-flash-drive\/","title":{"rendered":"Chiavetta USB con tartaruga in PVC"},"content":{"rendered":"<div class=\"wp-block-columns is-layout-flex wp-container-core-columns-is-layout-28f84493 wp-block-columns-is-layout-flex\">\n<div class=\"wp-block-column is-layout-flow wp-block-column-is-layout-flow\">\n<figure class=\"wp-block-image size-full\"><img alt=\"\" fetchpriority=\"high\" decoding=\"async\" width=\"800\" height=\"800\" src=\"https:\/\/www.usborkeychain.com\/wp-content\/uploads\/Tiny-Turtle-Key-USB-flash.png\" class=\"wp-image-4243\" srcset=\"https:\/\/www.usborkeychain.com\/wp-content\/uploads\/Tiny-Turtle-Key-USB-flash.png 800w, https:\/\/www.usborkeychain.com\/wp-content\/uploads\/Tiny-Turtle-Key-USB-flash-300x300.png 300w, https:\/\/www.usborkeychain.com\/wp-content\/uploads\/Tiny-Turtle-Key-USB-flash-150x150.png 150w, https:\/\/www.usborkeychain.com\/wp-content\/uploads\/Tiny-Turtle-Key-USB-flash-768x768.png 768w, https:\/\/www.usborkeychain.com\/wp-content\/uploads\/Tiny-Turtle-Key-USB-flash-12x12.png 12w, https:\/\/www.usborkeychain.com\/wp-content\/uploads\/Tiny-Turtle-Key-USB-flash-600x600.png 600w, https:\/\/www.usborkeychain.com\/wp-content\/uploads\/Tiny-Turtle-Key-USB-flash-100x100.png 100w\" sizes=\"(max-width: 800px) 100vw, 800px\" \/><\/figure>\n<\/div>\n\n\n\n<div class=\"wp-block-column is-layout-flow wp-block-column-is-layout-flow\">\n<p>Il <strong>Chiavetta USB con tartaruga in PVC <\/strong>presenta un design estremamente realistico e simpatico, con un guscio tridimensionale, una testa retrattile (che protegge l'interfaccia USB), arti e coda realistici. Realizzata in PVC elastico per uso alimentare mediante stampaggio a iniezione integrale, ha una consistenza morbida e resistente alle cadute e colori vivaci, che conferiscono a ogni tartaruga un carattere unico. Nonostante le sue dimensioni ridotte (circa 40 mm), combina portabilit\u00e0, decorativit\u00e0 e praticit\u00e0, rendendola popolare tra gli studenti, i designer creativi e i collezionisti di oggetti carini.<\/p>\n<\/div>\n<\/div>\n\n\n\n<h2 class=\"wp-block-heading\">Tabella dei parametri dell'unit\u00e0 USB<\/h2>\n\n\n\n<figure class=\"wp-block-table\"><table class=\"has-fixed-layout\"><thead><tr><th>Categoria di parametri<\/th><th>Dettagli<\/th><\/tr><\/thead><tbody><tr><td>Tipo di interfaccia<\/td><td>USB 2.0\/USB 3.0<\/td><\/tr><tr><td>Capacit\u00e0 di stoccaggio<\/td><td>8GB, 16GB, 32GB, 64GB, 128GB<\/td><\/tr><tr><td>Spessore del materiale PVC<\/td><td>Circa 2 - 3 mm<\/td><\/tr><tr><td>Dimensioni del prodotto (lunghezza \u00d7 larghezza \u00d7 altezza)<\/td><td>Circa 5cm\u00d73cm\u00d72cm<\/td><\/tr><tr><td>Peso<\/td><td>Circa 15-20 g<\/td><\/tr><\/tbody><\/table><\/figure>\n\n\n\n<h2 class=\"wp-block-heading\">Pu\u00f2 essere personalizzato?<\/h2>\n\n\n\n<ul class=\"wp-block-list\">\n<li><strong>Personalizzazione del logo<\/strong>: \u00c8 possibile stampare sul guscio della tartaruga loghi di marca o simpatici motivi tramite serigrafia, oppure creare marchi raffinati e durevoli con l'incisione laser, rendendo la chiavetta USB un esclusivo biglietto da visita.<\/li>\n\n\n\n<li><strong>Personalizzazione del colore<\/strong>: Oltre ai colori esistenti, i colori possono essere mescolati in base alle esigenze. Le aziende possono personalizzare in base ai colori del marchio o ai temi degli eventi. Ad esempio, gli istituti scolastici possono scegliere un vivace arancione, mentre i marchi di animali domestici possono utilizzare un simpatico rosa.<\/li>\n\n\n\n<li><strong>Processo di apertura dello stampo<\/strong>: Per apportare lievi modifiche alla forma unica, un team di professionisti progetta innanzitutto un modello 3D. Dopo la conferma, viene realizzato lo stampo e si procede alla produzione di prova e alle regolazioni per garantire dettagli precisi. Sebbene il processo sia leggermente complicato, pu\u00f2 raggiungere un elevato grado di personalizzazione, adatto alle imprese e alle associazioni che necessitano di una personalizzazione di massa.<\/li>\n<\/ul>\n\n\n\n<div class=\"wp-block-columns is-layout-flex wp-container-core-columns-is-layout-28f84493 wp-block-columns-is-layout-flex\">\n<div class=\"wp-block-column is-layout-flow wp-block-column-is-layout-flow\">\n<figure class=\"wp-block-image size-full\"><img alt=\"\" decoding=\"async\" width=\"800\" height=\"800\" src=\"https:\/\/www.usborkeychain.com\/wp-content\/uploads\/Fun-Turtle-USB-flash-drive.png\" class=\"wp-image-4242\" srcset=\"https:\/\/www.usborkeychain.com\/wp-content\/uploads\/Fun-Turtle-USB-flash-drive.png 800w, https:\/\/www.usborkeychain.com\/wp-content\/uploads\/Fun-Turtle-USB-flash-drive-300x300.png 300w, https:\/\/www.usborkeychain.com\/wp-content\/uploads\/Fun-Turtle-USB-flash-drive-150x150.png 150w, https:\/\/www.usborkeychain.com\/wp-content\/uploads\/Fun-Turtle-USB-flash-drive-768x768.png 768w, https:\/\/www.usborkeychain.com\/wp-content\/uploads\/Fun-Turtle-USB-flash-drive-12x12.png 12w, https:\/\/www.usborkeychain.com\/wp-content\/uploads\/Fun-Turtle-USB-flash-drive-600x600.png 600w, https:\/\/www.usborkeychain.com\/wp-content\/uploads\/Fun-Turtle-USB-flash-drive-100x100.png 100w\" sizes=\"(max-width: 800px) 100vw, 800px\" \/><\/figure>\n<\/div>\n\n\n\n<div class=\"wp-block-column is-layout-flow wp-block-column-is-layout-flow\">\n<figure class=\"wp-block-image size-full\"><img alt=\"\" decoding=\"async\" width=\"800\" height=\"800\" src=\"https:\/\/www.usborkeychain.com\/wp-content\/uploads\/Cute-Turtle-USB-flash-Drive.png\" class=\"wp-image-4241\" srcset=\"https:\/\/www.usborkeychain.com\/wp-content\/uploads\/Cute-Turtle-USB-flash-Drive.png 800w, https:\/\/www.usborkeychain.com\/wp-content\/uploads\/Cute-Turtle-USB-flash-Drive-300x300.png 300w, https:\/\/www.usborkeychain.com\/wp-content\/uploads\/Cute-Turtle-USB-flash-Drive-150x150.png 150w, https:\/\/www.usborkeychain.com\/wp-content\/uploads\/Cute-Turtle-USB-flash-Drive-768x768.png 768w, https:\/\/www.usborkeychain.com\/wp-content\/uploads\/Cute-Turtle-USB-flash-Drive-12x12.png 12w, https:\/\/www.usborkeychain.com\/wp-content\/uploads\/Cute-Turtle-USB-flash-Drive-600x600.png 600w, https:\/\/www.usborkeychain.com\/wp-content\/uploads\/Cute-Turtle-USB-flash-Drive-100x100.png 100w\" sizes=\"(max-width: 800px) 100vw, 800px\" \/><\/figure>\n<\/div>\n\n\n\n<div class=\"wp-block-column is-layout-flow wp-block-column-is-layout-flow\">\n<figure class=\"wp-block-image size-full\"><img alt=\"\" loading=\"lazy\" decoding=\"async\" width=\"800\" height=\"800\" src=\"https:\/\/www.usborkeychain.com\/wp-content\/uploads\/Cartoon-Turtle-USB-Flash.png\" class=\"wp-image-4240\" srcset=\"https:\/\/www.usborkeychain.com\/wp-content\/uploads\/Cartoon-Turtle-USB-Flash.png 800w, https:\/\/www.usborkeychain.com\/wp-content\/uploads\/Cartoon-Turtle-USB-Flash-300x300.png 300w, https:\/\/www.usborkeychain.com\/wp-content\/uploads\/Cartoon-Turtle-USB-Flash-150x150.png 150w, https:\/\/www.usborkeychain.com\/wp-content\/uploads\/Cartoon-Turtle-USB-Flash-768x768.png 768w, https:\/\/www.usborkeychain.com\/wp-content\/uploads\/Cartoon-Turtle-USB-Flash-12x12.png 12w, https:\/\/www.usborkeychain.com\/wp-content\/uploads\/Cartoon-Turtle-USB-Flash-600x600.png 600w, https:\/\/www.usborkeychain.com\/wp-content\/uploads\/Cartoon-Turtle-USB-Flash-100x100.png 100w\" sizes=\"(max-width: 800px) 100vw, 800px\" \/><\/figure>\n<\/div>\n<\/div>\n\n\n\n<h2 class=\"wp-block-heading\">Per quali settori \u00e8 adatto?<\/h2>\n\n\n\n<figure class=\"wp-block-table\"><table class=\"has-fixed-layout\"><thead><tr><th>Industria<\/th><th>Scenari di applicazione<\/th><th>Caso di riferimento<\/th><\/tr><\/thead><tbody><tr><td>Marche materne e infantili\/bambini<\/td><td>Regali per corsi di educazione precoce (memorizzazione di animazioni\/canzoni per bambini), accessori per libri illustrati (storie nascoste sul dorso della tartaruga)<\/td><td>Beingmate \"Tartaruga record di crescita<\/td><\/tr><tr><td>Protezione dell'ambiente\/protezione degli animali<\/td><td>Articoli promozionali per le tartarughe marine in via di estinzione, unit\u00e0 USB commemorative per attivit\u00e0 ambientali (slogan stampati sul guscio)<\/td><td>Progetto \"Salviamo le tartarughe marine\" in co-branding con il WWF<\/td><\/tr><tr><td>Turismo culturale\/parchi tematici<\/td><td>Souvenir culturali e creativi per i luoghi panoramici (punti di riferimento stampati sul guscio della tartaruga), unit\u00e0 di archiviazione per guide turistiche elettroniche<\/td><td>Regno oceanico di Chimelong: \"Guida alle tartarughe subacquee<\/td><\/tr><tr><td>Imprese tecnologiche<\/td><td>Regali culturali per i programmatori (\"Il codice \u00e8 stabile come una tartaruga\"), oggetti carini per i nuovi dipendenti<\/td><td>Periferiche IP \"Penguin Armor Turtle\" di Tencent<\/td><\/tr><tr><td>Assistenza sanitaria<\/td><td>Unit\u00e0 USB per le cartelle cliniche degli anziani (le tartarughe simboleggiano la longevit\u00e0), dispositivi di archiviazione per le cartelle di vaccinazione dei bambini<\/td><td>La \"Tartaruga del risparmio sanitario\" di By-Health<\/td><\/tr><\/tbody><\/table><\/figure>\n\n\n\n<div class=\"wp-block-columns is-layout-flex wp-container-core-columns-is-layout-28f84493 wp-block-columns-is-layout-flex\">\n<div class=\"wp-block-column is-layout-flow wp-block-column-is-layout-flow\">\n<figure class=\"wp-block-image size-full\"><img alt=\"\" loading=\"lazy\" decoding=\"async\" width=\"800\" height=\"800\" src=\"https:\/\/www.usborkeychain.com\/wp-content\/uploads\/Turtle-USB-Flash-drive.png\" class=\"wp-image-4244\" srcset=\"https:\/\/www.usborkeychain.com\/wp-content\/uploads\/Turtle-USB-Flash-drive.png 800w, https:\/\/www.usborkeychain.com\/wp-content\/uploads\/Turtle-USB-Flash-drive-300x300.png 300w, https:\/\/www.usborkeychain.com\/wp-content\/uploads\/Turtle-USB-Flash-drive-150x150.png 150w, https:\/\/www.usborkeychain.com\/wp-content\/uploads\/Turtle-USB-Flash-drive-768x768.png 768w, https:\/\/www.usborkeychain.com\/wp-content\/uploads\/Turtle-USB-Flash-drive-12x12.png 12w, https:\/\/www.usborkeychain.com\/wp-content\/uploads\/Turtle-USB-Flash-drive-600x600.png 600w, https:\/\/www.usborkeychain.com\/wp-content\/uploads\/Turtle-USB-Flash-drive-100x100.png 100w\" sizes=\"(max-width: 800px) 100vw, 800px\" \/><\/figure>\n<\/div>\n\n\n\n<div class=\"wp-block-column is-layout-flow wp-block-column-is-layout-flow\">\n<p>Il <strong>Unit\u00e0 USB in PVC con tartaruga animata<\/strong> dimostra il suo valore in vari settori grazie al suo aspetto gradevole, alle prestazioni stabili e alla flessibilit\u00e0 di personalizzazione. I produttori professionali di drive USB personalizzati garantiscono la qualit\u00e0 dal controllo dei parametri ai servizi di personalizzazione. Che si tratti di marketing aziendale, di memorabilia del campus o di promozione culturale e creativa, \u00e8 una scelta accattivante e pratica. <strong>Unit\u00e0 USB professionale<\/strong> I produttori utilizzano questi prodotti creativi per fornire soluzioni di archiviazione personalizzate per il mercato, rendendo l'archiviazione piena di carineria e fungendo da collegamento digitale tra i marchi, le emozioni e le esigenze pratiche.<\/p>\n<\/div>\n<\/div>","protected":false},"excerpt":{"rendered":"<ul>\n<li>Materiale PVC<\/li>\n<li>Tartaruga a cartoni animati<\/li>\n<li>Chiave della tartaruga minuscola<\/li>\n<li>Disco tartaruga a colori<\/li>\n<li>MOQ: 100PCS<\/li>\n<\/ul>","protected":false},"featured_media":4243,"comment_status":"open","ping_status":"closed","template":"","meta":{"_seopress_robots_primary_cat":"","_seopress_titles_title":"","_seopress_titles_desc":"","_seopress_robots_index":"","site-sidebar-layout":"default","site-content-layout":"","ast-site-content-layout":"","site-content-style":"default","site-sidebar-style":"default","ast-global-header-display":"","ast-banner-title-visibility":"","ast-main-header-display":"","ast-hfb-above-header-display":"","ast-hfb-below-header-display":"","ast-hfb-mobile-header-display":"","site-post-title":"","ast-breadcrumbs-content":"","ast-featured-img":"","footer-sml-layout":"","theme-transparent-header-meta":"","adv-header-id-meta":"","stick-header-meta":"","header-above-stick-meta":"","header-main-stick-meta":"","header-below-stick-meta":"","astra-migrate-meta-layouts":"default","ast-page-background-enabled":"default","ast-page-background-meta":{"desktop":{"background-color":"var(--ast-global-color-5)","background-image":"","background-repeat":"repeat","background-position":"center center","background-size":"auto","background-attachment":"scroll","background-type":"","background-media":"","overlay-type":"","overlay-color":"","overlay-opacity":"","overlay-gradient":""},"tablet":{"background-color":"","background-image":"","background-repeat":"repeat","background-position":"center center","background-size":"auto","background-attachment":"scroll","background-type":"","background-media":"","overlay-type":"","overlay-color":"","overlay-opacity":"","overlay-gradient":""},"mobile":{"background-color":"","background-image":"","background-repeat":"repeat","background-position":"center center","background-size":"auto","background-attachment":"scroll","background-type":"","background-media":"","overlay-type":"","overlay-color":"","overlay-opacity":"","overlay-gradient":""}},"ast-content-background-meta":{"desktop":{"background-color":"var(--ast-global-color-4)","background-image":"","background-repeat":"repeat","background-position":"center center","background-size":"auto","background-attachment":"scroll","background-type":"","background-media":"","overlay-type":"","overlay-color":"","overlay-opacity":"","overlay-gradient":""},"tablet":{"background-color":"var(--ast-global-color-4)","background-image":"","background-repeat":"repeat","background-position":"center center","background-size":"auto","background-attachment":"scroll","background-type":"","background-media":"","overlay-type":"","overlay-color":"","overlay-opacity":"","overlay-gradient":""},"mobile":{"background-color":"var(--ast-global-color-4)","background-image":"","background-repeat":"repeat","background-position":"center center","background-size":"auto","background-attachment":"scroll","background-type":"","background-media":"","overlay-type":"","overlay-color":"","overlay-opacity":"","overlay-gradient":""}}},"product_brand":[],"product_cat":[112],"product_tag":[246,244,245],"class_list":{"0":"post-4237","1":"product","2":"type-product","3":"status-publish","4":"has-post-thumbnail","6":"product_cat-cartton-usb-pendrive","7":"product_tag-cartoon-turtle-usb-drive","8":"product_tag-cartoon-usb-flash-drive","9":"product_tag-pvc-cartoon-turtle-usb-flash-drive","10":"desktop-align-left","11":"tablet-align-left","12":"mobile-align-left","14":"first","15":"instock","16":"shipping-taxable","17":"product-type-simple"},"_links":{"self":[{"href":"https:\/\/www.usborkeychain.com\/it\/wp-json\/wp\/v2\/product\/4237","targetHints":{"allow":["GET"]}}],"collection":[{"href":"https:\/\/www.usborkeychain.com\/it\/wp-json\/wp\/v2\/product"}],"about":[{"href":"https:\/\/www.usborkeychain.com\/it\/wp-json\/wp\/v2\/types\/product"}],"replies":[{"embeddable":true,"href":"https:\/\/www.usborkeychain.com\/it\/wp-json\/wp\/v2\/comments?post=4237"}],"wp:featuredmedia":[{"embeddable":true,"href":"https:\/\/www.usborkeychain.com\/it\/wp-json\/wp\/v2\/media\/4243"}],"wp:attachment":[{"href":"https:\/\/www.usborkeychain.com\/it\/wp-json\/wp\/v2\/media?parent=4237"}],"wp:term":[{"taxonomy":"product_brand","embeddable":true,"href":"https:\/\/www.usborkeychain.com\/it\/wp-json\/wp\/v2\/product_brand?post=4237"},{"taxonomy":"product_cat","embeddable":true,"href":"https:\/\/www.usborkeychain.com\/it\/wp-json\/wp\/v2\/product_cat?post=4237"},{"taxonomy":"product_tag","embeddable":true,"href":"https:\/\/www.usborkeychain.com\/it\/wp-json\/wp\/v2\/product_tag?post=4237"}],"curies":[{"name":"wp","href":"https:\/\/api.w.org\/{rel}","templated":true}]}}