{"id":4245,"date":"2025-07-19T13:45:17","date_gmt":"2025-07-19T13:45:17","guid":{"rendered":"https:\/\/www.usborkeychain.com\/?post_type=product&#038;p=4245"},"modified":"2025-07-25T01:41:01","modified_gmt":"2025-07-25T01:41:01","slug":"pvc-cartoon-octopus-usb-flash-drive","status":"publish","type":"product","link":"https:\/\/www.usborkeychain.com\/it\/prodotto\/pvc-cartoon-octopus-usb-flash-drive\/","title":{"rendered":"Chiavetta USB in PVC con polipo cartoon"},"content":{"rendered":"<div class=\"wp-block-columns is-layout-flex wp-container-core-columns-is-layout-28f84493 wp-block-columns-is-layout-flex\">\n<div class=\"wp-block-column is-layout-flow wp-block-column-is-layout-flow\">\n<figure class=\"wp-block-image aligncenter size-full\"><img alt=\"\" fetchpriority=\"high\" decoding=\"async\" width=\"800\" height=\"800\" src=\"https:\/\/www.usborkeychain.com\/wp-content\/uploads\/Tentacle-USB-flash-Drive.png\" class=\"wp-image-4251\" srcset=\"https:\/\/www.usborkeychain.com\/wp-content\/uploads\/Tentacle-USB-flash-Drive.png 800w, https:\/\/www.usborkeychain.com\/wp-content\/uploads\/Tentacle-USB-flash-Drive-300x300.png 300w, https:\/\/www.usborkeychain.com\/wp-content\/uploads\/Tentacle-USB-flash-Drive-150x150.png 150w, https:\/\/www.usborkeychain.com\/wp-content\/uploads\/Tentacle-USB-flash-Drive-768x768.png 768w, https:\/\/www.usborkeychain.com\/wp-content\/uploads\/Tentacle-USB-flash-Drive-12x12.png 12w, https:\/\/www.usborkeychain.com\/wp-content\/uploads\/Tentacle-USB-flash-Drive-600x600.png 600w, https:\/\/www.usborkeychain.com\/wp-content\/uploads\/Tentacle-USB-flash-Drive-100x100.png 100w\" sizes=\"(max-width: 800px) 100vw, 800px\" \/><\/figure>\n<\/div>\n\n\n\n<div class=\"wp-block-column is-layout-flow wp-block-column-is-layout-flow\">\n<p>Il <strong>Chiavetta USB con polpo in PVC<\/strong> riproduce vividamente la forma di un polpo con una squisita maestria. Gli otto tentacoli si arricciano in modo naturale e la testa rotonda \u00e8 abbinata a occhi vivaci, rendendo la forma realistica ma carina. \u00c8 disponibile in una ricca variet\u00e0 di colori, tra cui il blu profondo, l'arancione vibrante e il viola sognante, che sono luminosi, pieni e non facili da sbiadire, mostrando pienamente la vitalit\u00e0 e la freschezza degli elementi marini. Con una dimensione complessiva di soli 5 cm, che si adatta perfettamente al palmo della mano, combina perfettamente le caratteristiche decorative con la praticit\u00e0 portatile, catturando con precisione il favore della Generazione Z, degli appassionati di mare e dei lavoratori creativi.<\/p>\n<\/div>\n<\/div>\n\n\n\n<h2 class=\"wp-block-heading\">Tabella dei parametri dell'unit\u00e0 USB del polpo dei cartoni animati del PVC<\/h2>\n\n\n\n<figure class=\"wp-block-table\"><table class=\"has-fixed-layout\"><thead><tr><th>Categoria di parametri<\/th><th>Dettagli<\/th><\/tr><\/thead><tbody><tr><td>Tipo di interfaccia<\/td><td>USB 2.0\/USB 3.0<\/td><\/tr><tr><td>Capacit\u00e0 di stoccaggio<\/td><td>8GB, 16GB, 32GB, 64GB, 128GB<\/td><\/tr><tr><td>Spessore del materiale PVC<\/td><td>Circa 2 - 3 mm<\/td><\/tr><tr><td>Dimensioni del prodotto (lunghezza \u00d7 larghezza \u00d7 altezza)<\/td><td>Circa 6cm\u00d74cm\u00d73cm<\/td><\/tr><tr><td>Peso<\/td><td>Circa 18 - 25 g<\/td><\/tr><\/tbody><\/table><\/figure>\n\n\n\n<h2 class=\"wp-block-heading\">Pu\u00f2 essere personalizzato?<\/h2>\n\n\n\n<p>L'unit\u00e0 USB del polpo in PVC supporta molteplici servizi di personalizzazione per soddisfare le diverse esigenze:<\/p>\n\n\n\n<ul class=\"wp-block-list\">\n<li><strong>Personalizzazione del logo<\/strong>: I loghi dei marchi e i motivi dei cartoni animati possono essere stampati sulla testa o sui tentacoli del polpo tramite serigrafia. La tecnologia di incisione laser pu\u00f2 essere utilizzata anche per creare marchi chiari e duraturi, rendendo la chiavetta USB un supporto unico per il marchio.<\/li>\n\n\n\n<li><strong>Personalizzazione del colore<\/strong>: Oltre ai colori esistenti, \u00e8 possibile miscelare i colori in base alle esigenze. Le aziende possono personalizzare in base al colore principale del loro marchio o al tema dell'evento. Ad esempio, i parchi a tema marino possono scegliere il blu profondo e il bianco delle onde, mentre i marchi per bambini possono optare per il giallo brillante e il verde fresco.<\/li>\n\n\n\n<li><strong>Processo di apertura dello stampo<\/strong>: Se \u00e8 necessario apportare modifiche personalizzate alla forma, un team di professionisti progetter\u00e0 innanzitutto un modello 3D. Dopo la conferma, verr\u00e0 realizzato lo stampo e, attraverso la produzione di prova e l'ottimizzazione dei dettagli, il prodotto finito presenter\u00e0 con precisione l'effetto del design. Sebbene il processo di apertura dello stampo sia relativamente complesso, pu\u00f2 raggiungere un elevato grado di personalizzazione, adatto alle imprese o alle associazioni che necessitano di una personalizzazione di massa.<\/li>\n\n\n\n<li><strong>Design del portachiavi<\/strong>: Il buco della serratura in PVC \u00e8 integrato nel collegamento tra la testa e i tentacoli del polpo, che pu\u00f2 essere abbinato a un portachiavi in metallo. Pu\u00f2 essere facilmente appeso a portachiavi, borse o portafogli, facilitando il trasporto e riducendo il rischio di smarrimento.<\/li>\n<\/ul>\n\n\n\n<div class=\"wp-block-columns is-layout-flex wp-container-core-columns-is-layout-28f84493 wp-block-columns-is-layout-flex\">\n<div class=\"wp-block-column is-layout-flow wp-block-column-is-layout-flow\">\n<figure class=\"wp-block-image size-full\"><img alt=\"\" decoding=\"async\" width=\"800\" height=\"800\" src=\"https:\/\/www.usborkeychain.com\/wp-content\/uploads\/Squishy-Octo-USB-Drive.png\" class=\"wp-image-4250\" srcset=\"https:\/\/www.usborkeychain.com\/wp-content\/uploads\/Squishy-Octo-USB-Drive.png 800w, https:\/\/www.usborkeychain.com\/wp-content\/uploads\/Squishy-Octo-USB-Drive-300x300.png 300w, https:\/\/www.usborkeychain.com\/wp-content\/uploads\/Squishy-Octo-USB-Drive-150x150.png 150w, https:\/\/www.usborkeychain.com\/wp-content\/uploads\/Squishy-Octo-USB-Drive-768x768.png 768w, https:\/\/www.usborkeychain.com\/wp-content\/uploads\/Squishy-Octo-USB-Drive-12x12.png 12w, https:\/\/www.usborkeychain.com\/wp-content\/uploads\/Squishy-Octo-USB-Drive-600x600.png 600w, https:\/\/www.usborkeychain.com\/wp-content\/uploads\/Squishy-Octo-USB-Drive-100x100.png 100w\" sizes=\"(max-width: 800px) 100vw, 800px\" \/><\/figure>\n<\/div>\n\n\n\n<div class=\"wp-block-column is-layout-flow wp-block-column-is-layout-flow\">\n<figure class=\"wp-block-image size-full\"><img alt=\"\" decoding=\"async\" width=\"800\" height=\"800\" src=\"https:\/\/www.usborkeychain.com\/wp-content\/uploads\/Octo-USB-Flash.png\" class=\"wp-image-4248\" srcset=\"https:\/\/www.usborkeychain.com\/wp-content\/uploads\/Octo-USB-Flash.png 800w, https:\/\/www.usborkeychain.com\/wp-content\/uploads\/Octo-USB-Flash-300x300.png 300w, https:\/\/www.usborkeychain.com\/wp-content\/uploads\/Octo-USB-Flash-150x150.png 150w, https:\/\/www.usborkeychain.com\/wp-content\/uploads\/Octo-USB-Flash-768x768.png 768w, https:\/\/www.usborkeychain.com\/wp-content\/uploads\/Octo-USB-Flash-12x12.png 12w, https:\/\/www.usborkeychain.com\/wp-content\/uploads\/Octo-USB-Flash-600x600.png 600w, https:\/\/www.usborkeychain.com\/wp-content\/uploads\/Octo-USB-Flash-100x100.png 100w\" sizes=\"(max-width: 800px) 100vw, 800px\" \/><\/figure>\n<\/div>\n<\/div>\n\n\n\n<h2 class=\"wp-block-heading\">Scenari o imprese adatte?<\/h2>\n\n\n\n<figure class=\"wp-block-table\"><table class=\"has-fixed-layout\"><thead><tr><th>Industria<\/th><th>Scenari di marketing<\/th><th>Casi emblematici<\/th><\/tr><\/thead><tbody><tr><td>Turismo culturale marino<\/td><td>Unit\u00e0 USB per le guide elettroniche (punto panoramico IP inciso sui tentacoli)<\/td><td>Guida al polpo di Chimelong Zhuhai<\/td><\/tr><tr><td>Sviluppo della propriet\u00e0 intellettuale culturale e creativa<\/td><td>Derivati periferici Anime (disegno di polpo antropomorfo)<\/td><td>Gruppo Alpha \"Balala Piccolo Polpo Magico<\/td><\/tr><tr><td>Educazione dei bambini<\/td><td>Dispositivi di archiviazione per materiali di educazione precoce (tentacoli blu + rosa a colori misti)<\/td><td>Qia Hu \"Disco dati dell'aula subacquea\"<\/td><\/tr><tr><td>Imprese tecnologiche<\/td><td>Regali antistress per programmatori (con il meme \"processore a otto core\")<\/td><td>Alibaba Cloud \"Operazione e manutenzione Guardian Octopus\"<\/td><\/tr><tr><td>Organizzazioni di protezione ambientale<\/td><td>Souvenir per le campagne di pulizia dell'ambiente marino (blu trasparente + stampe di inquinanti)<\/td><td>Versione personalizzata di Associazione Nastro Blu per la Conservazione degli Oceani<\/td><\/tr><\/tbody><\/table><\/figure>\n\n\n\n<div class=\"wp-block-columns is-layout-flex wp-container-core-columns-is-layout-28f84493 wp-block-columns-is-layout-flex\">\n<div class=\"wp-block-column is-layout-flow wp-block-column-is-layout-flow\">\n<p>Il <strong>Chiavetta USB in PVC con polipo cartoon<\/strong> mostra un valore unico in vari scenari grazie alla sua simpatica forma marina, ai diversi servizi di personalizzazione e alle stabili prestazioni di archiviazione. I produttori professionali di drive USB personalizzati possono controllare accuratamente tutti i collegamenti, dalla progettazione alla produzione. Che si tratti di miscelazione dei colori, stampa del logo o regolazione dell'apertura dello stampo, sono in grado di soddisfare esigenze personalizzate. Per le imprese, la scelta di un <strong>unit\u00e0 USB professionale<\/strong> Il produttore di chiavette USB pu\u00f2 non solo ottenere prodotti di alta qualit\u00e0, ma anche migliorare gli effetti di marketing con il design creativo della chiavetta USB a forma di polipo; per gli individui, \u00e8 anche un oggetto digitale pratico e grazioso, che rende l'archiviazione dei dati piena di fascino marino e divertimento.<\/p>\n<\/div>\n\n\n\n<div class=\"wp-block-column is-layout-flow wp-block-column-is-layout-flow\">\n<figure class=\"wp-block-image size-full\"><img alt=\"\" loading=\"lazy\" decoding=\"async\" width=\"800\" height=\"800\" src=\"https:\/\/www.usborkeychain.com\/wp-content\/uploads\/Sea-Paw-USB-Flash-drive.png\" class=\"wp-image-4249\" srcset=\"https:\/\/www.usborkeychain.com\/wp-content\/uploads\/Sea-Paw-USB-Flash-drive.png 800w, https:\/\/www.usborkeychain.com\/wp-content\/uploads\/Sea-Paw-USB-Flash-drive-300x300.png 300w, https:\/\/www.usborkeychain.com\/wp-content\/uploads\/Sea-Paw-USB-Flash-drive-150x150.png 150w, https:\/\/www.usborkeychain.com\/wp-content\/uploads\/Sea-Paw-USB-Flash-drive-768x768.png 768w, https:\/\/www.usborkeychain.com\/wp-content\/uploads\/Sea-Paw-USB-Flash-drive-12x12.png 12w, https:\/\/www.usborkeychain.com\/wp-content\/uploads\/Sea-Paw-USB-Flash-drive-600x600.png 600w, https:\/\/www.usborkeychain.com\/wp-content\/uploads\/Sea-Paw-USB-Flash-drive-100x100.png 100w\" sizes=\"(max-width: 800px) 100vw, 800px\" \/><\/figure>\n<\/div>\n<\/div>","protected":false},"excerpt":{"rendered":"<ul>\n<li>Materiale PVC<\/li>\n<li>Polpo a cartoni animati<\/li>\n<li>Ricca variet\u00e0 di colori<\/li>\n<li>Vita marina<\/li>\n<li>MOQ: 100PCS<\/li>\n<\/ul>","protected":false},"featured_media":4251,"comment_status":"open","ping_status":"closed","template":"","meta":{"_seopress_robots_primary_cat":"","_seopress_titles_title":"PVC cartoon octopus USB flash drive;PVC USB flash drive","_seopress_titles_desc":"","_seopress_robots_index":"","site-sidebar-layout":"default","site-content-layout":"","ast-site-content-layout":"","site-content-style":"default","site-sidebar-style":"default","ast-global-header-display":"","ast-banner-title-visibility":"","ast-main-header-display":"","ast-hfb-above-header-display":"","ast-hfb-below-header-display":"","ast-hfb-mobile-header-display":"","site-post-title":"","ast-breadcrumbs-content":"","ast-featured-img":"","footer-sml-layout":"","theme-transparent-header-meta":"","adv-header-id-meta":"","stick-header-meta":"","header-above-stick-meta":"","header-main-stick-meta":"","header-below-stick-meta":"","astra-migrate-meta-layouts":"default","ast-page-background-enabled":"default","ast-page-background-meta":{"desktop":{"background-color":"var(--ast-global-color-5)","background-image":"","background-repeat":"repeat","background-position":"center center","background-size":"auto","background-attachment":"scroll","background-type":"","background-media":"","overlay-type":"","overlay-color":"","overlay-opacity":"","overlay-gradient":""},"tablet":{"background-color":"","background-image":"","background-repeat":"repeat","background-position":"center center","background-size":"auto","background-attachment":"scroll","background-type":"","background-media":"","overlay-type":"","overlay-color":"","overlay-opacity":"","overlay-gradient":""},"mobile":{"background-color":"","background-image":"","background-repeat":"repeat","background-position":"center center","background-size":"auto","background-attachment":"scroll","background-type":"","background-media":"","overlay-type":"","overlay-color":"","overlay-opacity":"","overlay-gradient":""}},"ast-content-background-meta":{"desktop":{"background-color":"var(--ast-global-color-4)","background-image":"","background-repeat":"repeat","background-position":"center center","background-size":"auto","background-attachment":"scroll","background-type":"","background-media":"","overlay-type":"","overlay-color":"","overlay-opacity":"","overlay-gradient":""},"tablet":{"background-color":"var(--ast-global-color-4)","background-image":"","background-repeat":"repeat","background-position":"center center","background-size":"auto","background-attachment":"scroll","background-type":"","background-media":"","overlay-type":"","overlay-color":"","overlay-opacity":"","overlay-gradient":""},"mobile":{"background-color":"var(--ast-global-color-4)","background-image":"","background-repeat":"repeat","background-position":"center center","background-size":"auto","background-attachment":"scroll","background-type":"","background-media":"","overlay-type":"","overlay-color":"","overlay-opacity":"","overlay-gradient":""}}},"product_brand":[],"product_cat":[112,94],"product_tag":[247,248],"class_list":{"0":"post-4245","1":"product","2":"type-product","3":"status-publish","4":"has-post-thumbnail","6":"product_cat-cartton-usb-pendrive","7":"product_cat-pvc-usb-pendrive","8":"product_tag-pvc-cartoon-octopus-usb-flash-drive","9":"product_tag-pvc-usb-flash-drive","10":"desktop-align-left","11":"tablet-align-left","12":"mobile-align-left","14":"first","15":"instock","16":"shipping-taxable","17":"product-type-simple"},"_links":{"self":[{"href":"https:\/\/www.usborkeychain.com\/it\/wp-json\/wp\/v2\/product\/4245","targetHints":{"allow":["GET"]}}],"collection":[{"href":"https:\/\/www.usborkeychain.com\/it\/wp-json\/wp\/v2\/product"}],"about":[{"href":"https:\/\/www.usborkeychain.com\/it\/wp-json\/wp\/v2\/types\/product"}],"replies":[{"embeddable":true,"href":"https:\/\/www.usborkeychain.com\/it\/wp-json\/wp\/v2\/comments?post=4245"}],"wp:featuredmedia":[{"embeddable":true,"href":"https:\/\/www.usborkeychain.com\/it\/wp-json\/wp\/v2\/media\/4251"}],"wp:attachment":[{"href":"https:\/\/www.usborkeychain.com\/it\/wp-json\/wp\/v2\/media?parent=4245"}],"wp:term":[{"taxonomy":"product_brand","embeddable":true,"href":"https:\/\/www.usborkeychain.com\/it\/wp-json\/wp\/v2\/product_brand?post=4245"},{"taxonomy":"product_cat","embeddable":true,"href":"https:\/\/www.usborkeychain.com\/it\/wp-json\/wp\/v2\/product_cat?post=4245"},{"taxonomy":"product_tag","embeddable":true,"href":"https:\/\/www.usborkeychain.com\/it\/wp-json\/wp\/v2\/product_tag?post=4245"}],"curies":[{"name":"wp","href":"https:\/\/api.w.org\/{rel}","templated":true}]}}