{"id":4265,"date":"2025-07-20T14:45:36","date_gmt":"2025-07-20T14:45:36","guid":{"rendered":"https:\/\/www.usborkeychain.com\/?post_type=product&#038;p=4265"},"modified":"2025-07-20T14:58:10","modified_gmt":"2025-07-20T14:58:10","slug":"rotating-mini-usb-drive","status":"publish","type":"product","link":"https:\/\/www.usborkeychain.com\/it\/prodotto\/rotating-mini-usb-drive\/","title":{"rendered":"Mini unit\u00e0 USB rotante"},"content":{"rendered":"<div class=\"wp-block-columns is-layout-flex wp-container-core-columns-is-layout-28f84493 wp-block-columns-is-layout-flex\">\n<div class=\"wp-block-column is-layout-flow wp-block-column-is-layout-flow\">\n<figure class=\"wp-block-image size-full\"><img alt=\"\" fetchpriority=\"high\" decoding=\"async\" width=\"800\" height=\"800\" src=\"https:\/\/www.usborkeychain.com\/wp-content\/uploads\/Round-Mini-USB-Drive.jpg\" class=\"wp-image-4270\" srcset=\"https:\/\/www.usborkeychain.com\/wp-content\/uploads\/Round-Mini-USB-Drive.jpg 800w, https:\/\/www.usborkeychain.com\/wp-content\/uploads\/Round-Mini-USB-Drive-300x300.jpg 300w, https:\/\/www.usborkeychain.com\/wp-content\/uploads\/Round-Mini-USB-Drive-150x150.jpg 150w, https:\/\/www.usborkeychain.com\/wp-content\/uploads\/Round-Mini-USB-Drive-768x768.jpg 768w, https:\/\/www.usborkeychain.com\/wp-content\/uploads\/Round-Mini-USB-Drive-12x12.jpg 12w, https:\/\/www.usborkeychain.com\/wp-content\/uploads\/Round-Mini-USB-Drive-600x600.jpg 600w, https:\/\/www.usborkeychain.com\/wp-content\/uploads\/Round-Mini-USB-Drive-100x100.jpg 100w\" sizes=\"(max-width: 800px) 100vw, 800px\" \/><\/figure>\n<\/div>\n\n\n\n<div class=\"wp-block-column is-layout-flow wp-block-column-is-layout-flow\">\n<p>Il <strong>unit\u00e0 mini USB rotante a testa tonda,<\/strong> fatto di <strong>lega di alluminio<\/strong>combina leggerezza e robustezza. La lega di alluminio non solo rende l'unit\u00e0 USB leggera e facile da trasportare, ma offre anche un'eccellente resistenza all'usura e agli urti, proteggendo efficacemente il chip di memoria interno.<\/p>\n\n\n\n<p>\u00c8 disponibile un'ampia gamma di opzioni di colore, tra cui rosso, argento, blu, oro, nero e rosa, per soddisfare le diverse esigenze estetiche e i requisiti cromatici del marchio aziendale. La sua forma mini e simpatica, con un design unico a testa tonda, le conferisce una sensazione di morbidezza e un fascino visivo eccezionali, con un profilo generale naturalmente fluido. Le sue dimensioni ridotte e il suo peso leggero raggiungono perfettamente l'obiettivo di una portabilit\u00e0 senza problemi, inserendosi facilmente nelle tasche, negli zaini o appendendosi ai portachiavi senza occupare spazio.<\/p>\n<\/div>\n<\/div>\n\n\n\n<h2 class=\"wp-block-heading\">Tabella dei parametri dell'unit\u00e0 USB<\/h2>\n\n\n\n<figure class=\"wp-block-table\"><table class=\"has-fixed-layout\"><thead><tr><th>Categoria di parametri<\/th><th>Dettagli<\/th><\/tr><\/thead><tbody><tr><td>Tipo di interfaccia<\/td><td>USB2.0\/USB3.0\/USB3.1<\/td><\/tr><tr><td>Capacit\u00e0 di stoccaggio<\/td><td>8GB, 16GB, 32GB, 64GB, 128GB<\/td><\/tr><tr><td>Dimensioni del prodotto<\/td><td>Circa 25mm\u00d715mm\u00d78mm (lunghezza \u00d7 larghezza \u00d7 spessore)<\/td><\/tr><tr><td>Peso del prodotto<\/td><td>Circa 10g - 15g<\/td><\/tr><\/tbody><\/table><\/figure>\n\n\n\n<h2 class=\"wp-block-heading\">Quali sono i processi di stampa disponibili?<\/h2>\n\n\n\n<div class=\"wp-block-columns is-layout-flex wp-container-core-columns-is-layout-28f84493 wp-block-columns-is-layout-flex\">\n<div class=\"wp-block-column is-layout-flow wp-block-column-is-layout-flow\">\n<h3 class=\"wp-block-heading\">Incisione laser<\/h3>\n\n\n\n<p>Il laser ad alta energia viene utilizzato per incidere loghi o motivi sulla superficie della lega di alluminio. I segni sono chiari, duraturi e non si consumano o cadono facilmente. \u00c8 adatto per semplici disegni di testo e linee, per evidenziare la texture e dare ai loghi personalizzati una qualit\u00e0 di alto livello e durevole.<\/p>\n\n\n\n<h3 class=\"wp-block-heading\">Stampa UV<\/h3>\n\n\n\n<p>\u00c8 in grado di realizzare la stampa di modelli a colori con un'elevata riproduzione cromatica, in grado di presentare contenuti di design complessi e delicati, come loghi aziendali colorati e illustrazioni creative. Aggiunge ricchi effetti visivi alla chiavetta USB, rendendo i motivi personalizzati vividi e vivaci.<\/p>\n\n\n\n<h3 class=\"wp-block-heading\">Stampa serigrafica<\/h3>\n\n\n\n<p>L'inchiostro viene stampato sulla superficie dell'unit\u00e0 USB attraverso una mascherina. \u00c8 adatto a disegni e testi semplici di grandi dimensioni, monocolore o multicolore, con un costo relativamente basso. Pu\u00f2 soddisfare le esigenze di personalizzazione di massa e il colore ha una buona consistenza, non facile da sbiadire nell'uso quotidiano.<\/p>\n<\/div>\n\n\n\n<div class=\"wp-block-column is-layout-flow wp-block-column-is-layout-flow\">\n<figure class=\"wp-block-image size-full\"><img alt=\"\" decoding=\"async\" width=\"800\" height=\"800\" src=\"https:\/\/www.usborkeychain.com\/wp-content\/uploads\/Mini-Spin-USB-Drive.jpg\" class=\"wp-image-4269\" srcset=\"https:\/\/www.usborkeychain.com\/wp-content\/uploads\/Mini-Spin-USB-Drive.jpg 800w, https:\/\/www.usborkeychain.com\/wp-content\/uploads\/Mini-Spin-USB-Drive-300x300.jpg 300w, https:\/\/www.usborkeychain.com\/wp-content\/uploads\/Mini-Spin-USB-Drive-150x150.jpg 150w, https:\/\/www.usborkeychain.com\/wp-content\/uploads\/Mini-Spin-USB-Drive-768x768.jpg 768w, https:\/\/www.usborkeychain.com\/wp-content\/uploads\/Mini-Spin-USB-Drive-12x12.jpg 12w, https:\/\/www.usborkeychain.com\/wp-content\/uploads\/Mini-Spin-USB-Drive-600x600.jpg 600w, https:\/\/www.usborkeychain.com\/wp-content\/uploads\/Mini-Spin-USB-Drive-100x100.jpg 100w\" sizes=\"(max-width: 800px) 100vw, 800px\" \/><\/figure>\n<\/div>\n<\/div>\n\n\n\n<h3 class=\"wp-block-heading\"><\/h3>\n\n\n\n<h2 class=\"wp-block-heading\">Come viene prodotta questa unit\u00e0 USB?<\/h2>\n\n\n\n<div class=\"wp-block-columns is-layout-flex wp-container-core-columns-is-layout-28f84493 wp-block-columns-is-layout-flex\">\n<div class=\"wp-block-column is-layout-flow wp-block-column-is-layout-flow\">\n<figure class=\"wp-block-image size-full\"><img alt=\"\" decoding=\"async\" width=\"800\" height=\"800\" src=\"https:\/\/www.usborkeychain.com\/wp-content\/uploads\/Spin-Aluminum-USB-Drive.jpg\" class=\"wp-image-4271\" srcset=\"https:\/\/www.usborkeychain.com\/wp-content\/uploads\/Spin-Aluminum-USB-Drive.jpg 800w, https:\/\/www.usborkeychain.com\/wp-content\/uploads\/Spin-Aluminum-USB-Drive-300x300.jpg 300w, https:\/\/www.usborkeychain.com\/wp-content\/uploads\/Spin-Aluminum-USB-Drive-150x150.jpg 150w, https:\/\/www.usborkeychain.com\/wp-content\/uploads\/Spin-Aluminum-USB-Drive-768x768.jpg 768w, https:\/\/www.usborkeychain.com\/wp-content\/uploads\/Spin-Aluminum-USB-Drive-12x12.jpg 12w, https:\/\/www.usborkeychain.com\/wp-content\/uploads\/Spin-Aluminum-USB-Drive-600x600.jpg 600w, https:\/\/www.usborkeychain.com\/wp-content\/uploads\/Spin-Aluminum-USB-Drive-100x100.jpg 100w\" sizes=\"(max-width: 800px) 100vw, 800px\" \/><\/figure>\n<\/div>\n\n\n\n<div class=\"wp-block-column is-layout-flow wp-block-column-is-layout-flow\">\n<h3 class=\"wp-block-heading\">(I) Stampaggio a conchiglia<\/h3>\n\n\n\n<p>I processi di pressofusione di precisione o di lavorazione CNC sono utilizzati per modellare le materie prime in lega di alluminio in gusci rotanti arrotondati, garantendo dimensioni accurate e un aspetto uniforme, ponendo le basi per il successivo assemblaggio.<\/p>\n\n\n\n<h3 class=\"wp-block-heading\">(II) Gruppo struttura rotante<\/h3>\n\n\n\n<p>Il modulo di memorizzazione dell'unit\u00e0 USB \u00e8 collegato al guscio rotante attraverso componenti dell'albero rotante di alta precisione. Dopo il debug, garantisce una rotazione fluida con uno smorzamento moderato, ottenendo un capovolgimento flessibile da 180\u00b0 a 360\u00b0 e mantenendo la stabilit\u00e0 strutturale durante l'uso.<\/p>\n\n\n\n<h3 class=\"wp-block-heading\">(III) Trattamento della superficie<\/h3>\n\n\n\n<p>La scocca in lega di alluminio viene sottoposta ad anodizzazione, sabbiatura e altri trattamenti. Da un lato, migliora la durezza della superficie e la resistenza all'usura; dall'altro, fornisce una buona base di adesione per la colorazione e la stampa, garantendo colori uniformi e decisi.<\/p>\n\n\n\n<h3 class=\"wp-block-heading\">(IV) Incapsulamento e test del chip<\/h3>\n\n\n\n<p>I chip di memorizzazione di alta qualit\u00e0 vengono selezionati e impiantati nelle unit\u00e0 USB attraverso processi di incapsulamento professionali. Al termine, vengono condotti diversi test, come la velocit\u00e0 di lettura-scrittura e la stabilit\u00e0 dei dati, per garantire prestazioni affidabili del prodotto e un'archiviazione sicura dei dati.<\/p>\n<\/div>\n<\/div>\n\n\n\n<h2 class=\"wp-block-heading\">Il guscio \u00e8 solido e resistente?<\/h2>\n\n\n\n<p>Il <strong>materiale in lega di alluminio <\/strong>ha di per s\u00e9 un'elevata durezza. Dopo il trattamento superficiale (come l'anodizzazione), si forma una pellicola protettiva. Nell'uso quotidiano, purch\u00e9 non venga deliberatamente graffiato con oggetti duri e taglienti (come aghi e coltelli), non \u00e8 facile che si producano graffi gravi. Per quanto riguarda la personalizzazione mediante stampa UV o incisione laser, non vi \u00e8 alcun problema di distacco della vernice. In condizioni di normale utilizzo ed evitando forti sfregamenti, la serigrafia pu\u00f2 anche garantire una lunga conservazione del colore, mantenendo un aspetto bello per lungo tempo.<\/p>\n\n\n\n<h2 class=\"wp-block-heading\">Per quali imprese \u00e8 adatto?<\/h2>\n\n\n\n<div class=\"wp-block-columns is-layout-flex wp-container-core-columns-is-layout-28f84493 wp-block-columns-is-layout-flex\">\n<div class=\"wp-block-column is-layout-flow wp-block-column-is-layout-flow\">\n<ul class=\"wp-block-list\">\n<li><strong>Imprese tecnologiche<\/strong>: Conservare i CD del sistema, le guide all'installazione e il materiale promozionale, consentendo ai clienti di accedere ai servizi professionali in qualsiasi momento.<\/li>\n\n\n\n<li><strong>Istituzioni educative<\/strong>: Immagazzinare e trasferire il materiale didattico, i materiali didattici e i video promozionali, fungendo da \"aula portatile\" per le risorse didattiche.<\/li>\n\n\n\n<li><strong>Aziende di viaggio<\/strong>: Confeziona e archivia descrizioni di itinerari, guide regionali, paesaggi caratteristici e coupon, fungendo da \"guida turistica digitale\" riutilizzabile per i turisti.<\/li>\n\n\n\n<li><strong>Sviluppatori immobiliari<\/strong>: Pre-installazione di mappe panoramiche del tipo di casa, video immobiliari e documenti contrattuali, che fungono da \"casa modello digitale\" che i clienti possono riprendere e visionare ripetutamente.<\/li>\n\n\n\n<li><strong>Hotel di fascia alta<\/strong>: Fornire menu elettronici, guide ai servizi e vantaggi per i soci, agendo come un comodo \"maggiordomo digitale\" per gli ospiti.<\/li>\n\n\n\n<li><strong>Marchi automobilistici\/4S Store<\/strong>: Includono manuali di prodotto, istruzioni di manutenzione e video promozionali, che fungono da \"manuali elettronici\" professionali che i proprietari di auto possono conservare a lungo.<\/li>\n\n\n\n<li><strong>Aziende espositive<\/strong>: Pre-installazione di elenchi di espositori, mappe del percorso e materiali di presentazione, che fungono da \"database mobile\" per le informazioni professionali sugli espositori.<\/li>\n<\/ul>\n<\/div>\n\n\n\n<div class=\"wp-block-column is-layout-flow wp-block-column-is-layout-flow\">\n<figure class=\"wp-block-image size-full\"><img alt=\"\" loading=\"lazy\" decoding=\"async\" width=\"800\" height=\"800\" src=\"https:\/\/www.usborkeychain.com\/wp-content\/uploads\/Aluminum-Round-USB-drive.jpg\" class=\"wp-image-4268\" srcset=\"https:\/\/www.usborkeychain.com\/wp-content\/uploads\/Aluminum-Round-USB-drive.jpg 800w, https:\/\/www.usborkeychain.com\/wp-content\/uploads\/Aluminum-Round-USB-drive-300x300.jpg 300w, https:\/\/www.usborkeychain.com\/wp-content\/uploads\/Aluminum-Round-USB-drive-150x150.jpg 150w, https:\/\/www.usborkeychain.com\/wp-content\/uploads\/Aluminum-Round-USB-drive-768x768.jpg 768w, https:\/\/www.usborkeychain.com\/wp-content\/uploads\/Aluminum-Round-USB-drive-12x12.jpg 12w, https:\/\/www.usborkeychain.com\/wp-content\/uploads\/Aluminum-Round-USB-drive-600x600.jpg 600w, https:\/\/www.usborkeychain.com\/wp-content\/uploads\/Aluminum-Round-USB-drive-100x100.jpg 100w\" sizes=\"(max-width: 800px) 100vw, 800px\" \/><\/figure>\n<\/div>\n<\/div>\n\n\n\n<p>   La testa rotonda <strong>unit\u00e0 mini USB rotante<\/strong> garantisce durata e portabilit\u00e0 con <strong>materiale in lega di alluminio<\/strong>soddisfa le esigenze di personalizzazione grazie alla ricchezza dei colori e ai vari processi di personalizzazione, e garantisce prestazioni stabili grazie a tecniche di produzione mature. Utilizzata dalle aziende per la promozione del marchio e per i regali ai clienti, o per l'archiviazione quotidiana dei dati personali, si distingue come una scelta pratica e accattivante grazie alla sua mini portabilit\u00e0, alla personalizzazione flessibile e alle prestazioni affidabili. La scelta di un produttore professionale di drive USB per la personalizzazione pu\u00f2 controllare accuratamente dettagli quali materiali, processi e design, rendendo il prodotto perfettamente rispondente alle esigenze, aiutando le aziende a trasmettere il valore del marchio e consentendo agli individui di avere oggetti di archiviazione esclusivi.<\/p>","protected":false},"excerpt":{"rendered":"<ul>\n<li>Lega di alluminio<\/li>\n<li>\n<p class=\"header-vfC6AV auto-hide-last-sibling-br\">Rotazione a 360 gradi<\/p>\n<\/li>\n<li>Unit\u00e0 mini USB<\/li>\n<li>Personalizzazione di diversi colori<\/li>\n<li>MOQ: 100PCS<\/li>\n<\/ul>","protected":false},"featured_media":4270,"comment_status":"open","ping_status":"closed","template":"","meta":{"_seopress_robots_primary_cat":"","_seopress_titles_title":"Rotating Mini USB Drive;aluminum alloy usb drive","_seopress_titles_desc":"","_seopress_robots_index":"","site-sidebar-layout":"default","site-content-layout":"","ast-site-content-layout":"","site-content-style":"default","site-sidebar-style":"default","ast-global-header-display":"","ast-banner-title-visibility":"","ast-main-header-display":"","ast-hfb-above-header-display":"","ast-hfb-below-header-display":"","ast-hfb-mobile-header-display":"","site-post-title":"","ast-breadcrumbs-content":"","ast-featured-img":"","footer-sml-layout":"","theme-transparent-header-meta":"","adv-header-id-meta":"","stick-header-meta":"","header-above-stick-meta":"","header-main-stick-meta":"","header-below-stick-meta":"","astra-migrate-meta-layouts":"default","ast-page-background-enabled":"default","ast-page-background-meta":{"desktop":{"background-color":"var(--ast-global-color-5)","background-image":"","background-repeat":"repeat","background-position":"center center","background-size":"auto","background-attachment":"scroll","background-type":"","background-media":"","overlay-type":"","overlay-color":"","overlay-opacity":"","overlay-gradient":""},"tablet":{"background-color":"","background-image":"","background-repeat":"repeat","background-position":"center center","background-size":"auto","background-attachment":"scroll","background-type":"","background-media":"","overlay-type":"","overlay-color":"","overlay-opacity":"","overlay-gradient":""},"mobile":{"background-color":"","background-image":"","background-repeat":"repeat","background-position":"center center","background-size":"auto","background-attachment":"scroll","background-type":"","background-media":"","overlay-type":"","overlay-color":"","overlay-opacity":"","overlay-gradient":""}},"ast-content-background-meta":{"desktop":{"background-color":"var(--ast-global-color-4)","background-image":"","background-repeat":"repeat","background-position":"center center","background-size":"auto","background-attachment":"scroll","background-type":"","background-media":"","overlay-type":"","overlay-color":"","overlay-opacity":"","overlay-gradient":""},"tablet":{"background-color":"var(--ast-global-color-4)","background-image":"","background-repeat":"repeat","background-position":"center center","background-size":"auto","background-attachment":"scroll","background-type":"","background-media":"","overlay-type":"","overlay-color":"","overlay-opacity":"","overlay-gradient":""},"mobile":{"background-color":"var(--ast-global-color-4)","background-image":"","background-repeat":"repeat","background-position":"center center","background-size":"auto","background-attachment":"scroll","background-type":"","background-media":"","overlay-type":"","overlay-color":"","overlay-opacity":"","overlay-gradient":""}}},"product_brand":[],"product_cat":[113],"product_tag":[250,251],"class_list":{"0":"post-4265","1":"product","2":"type-product","3":"status-publish","4":"has-post-thumbnail","6":"product_cat-mini-usb-pendrive","7":"product_tag-aluminum-alloy-usb-drive","8":"product_tag-rotating-mini-usb-drive","9":"desktop-align-left","10":"tablet-align-left","11":"mobile-align-left","13":"first","14":"instock","15":"shipping-taxable","16":"product-type-simple"},"_links":{"self":[{"href":"https:\/\/www.usborkeychain.com\/it\/wp-json\/wp\/v2\/product\/4265","targetHints":{"allow":["GET"]}}],"collection":[{"href":"https:\/\/www.usborkeychain.com\/it\/wp-json\/wp\/v2\/product"}],"about":[{"href":"https:\/\/www.usborkeychain.com\/it\/wp-json\/wp\/v2\/types\/product"}],"replies":[{"embeddable":true,"href":"https:\/\/www.usborkeychain.com\/it\/wp-json\/wp\/v2\/comments?post=4265"}],"wp:featuredmedia":[{"embeddable":true,"href":"https:\/\/www.usborkeychain.com\/it\/wp-json\/wp\/v2\/media\/4270"}],"wp:attachment":[{"href":"https:\/\/www.usborkeychain.com\/it\/wp-json\/wp\/v2\/media?parent=4265"}],"wp:term":[{"taxonomy":"product_brand","embeddable":true,"href":"https:\/\/www.usborkeychain.com\/it\/wp-json\/wp\/v2\/product_brand?post=4265"},{"taxonomy":"product_cat","embeddable":true,"href":"https:\/\/www.usborkeychain.com\/it\/wp-json\/wp\/v2\/product_cat?post=4265"},{"taxonomy":"product_tag","embeddable":true,"href":"https:\/\/www.usborkeychain.com\/it\/wp-json\/wp\/v2\/product_tag?post=4265"}],"curies":[{"name":"wp","href":"https:\/\/api.w.org\/{rel}","templated":true}]}}