{"id":4273,"date":"2025-07-20T15:44:22","date_gmt":"2025-07-20T15:44:22","guid":{"rendered":"https:\/\/www.usborkeychain.com\/?post_type=product&#038;p=4273"},"modified":"2025-08-19T03:35:09","modified_gmt":"2025-08-19T03:35:09","slug":"the-most-popular-mini-rotating-usb-drive","status":"publish","type":"product","link":"https:\/\/www.usborkeychain.com\/it\/prodotto\/the-most-popular-mini-rotating-usb-drive\/","title":{"rendered":"La pi\u00f9 popolare mini unit\u00e0 USB rotante"},"content":{"rendered":"<div class=\"wp-block-columns is-layout-flex wp-container-core-columns-is-layout-28f84493 wp-block-columns-is-layout-flex\">\n<div class=\"wp-block-column is-layout-flow wp-block-column-is-layout-flow\">\n<figure class=\"wp-block-image size-full\"><img alt=\"\" fetchpriority=\"high\" decoding=\"async\" width=\"800\" height=\"800\" src=\"https:\/\/www.usborkeychain.com\/wp-content\/uploads\/ColorCarry-USB-Drive.jpg\" class=\"wp-image-4277\" srcset=\"https:\/\/www.usborkeychain.com\/wp-content\/uploads\/ColorCarry-USB-Drive.jpg 800w, https:\/\/www.usborkeychain.com\/wp-content\/uploads\/ColorCarry-USB-Drive-300x300.jpg 300w, https:\/\/www.usborkeychain.com\/wp-content\/uploads\/ColorCarry-USB-Drive-150x150.jpg 150w, https:\/\/www.usborkeychain.com\/wp-content\/uploads\/ColorCarry-USB-Drive-768x768.jpg 768w, https:\/\/www.usborkeychain.com\/wp-content\/uploads\/ColorCarry-USB-Drive-12x12.jpg 12w, https:\/\/www.usborkeychain.com\/wp-content\/uploads\/ColorCarry-USB-Drive-600x600.jpg 600w, https:\/\/www.usborkeychain.com\/wp-content\/uploads\/ColorCarry-USB-Drive-100x100.jpg 100w\" sizes=\"(max-width: 800px) 100vw, 800px\" \/><\/figure>\n<\/div>\n\n\n\n<div class=\"wp-block-column is-layout-flow wp-block-column-is-layout-flow\">\n<p>Questo \u00e8 attualmente <strong>la pi\u00f9 popolare mini unit\u00e0 USB rotante<\/strong>! Il suo vantaggio principale risiede nell'adozione di un sistema ad alta velocit\u00e0. <strong>USB 3.0<\/strong> rispetto ai prodotti USB 2.0 tradizionali, l'efficienza di trasmissione dei file \u00e8 aumentata di diverse volte, rendendo possibile la trasmissione istantanea di file di grandi dimensioni. Allo stesso tempo, le sue dimensioni ultra-sottili e ultra-piccole, come un giocattolo da dito, possono essere facilmente riposte in una tasca o in un portachiavi; \u00e8 inoltre disponibile in una variet\u00e0 di colori, tra cui argento, rosso, arancione, verde, blu, rosa, viola, nero, ecc. \u00c8 un trio di prestazioni, portabilit\u00e0 ed estetica.<\/p>\n<\/div>\n<\/div>\n\n\n\n<h2 class=\"wp-block-heading\">Parametri dell'unit\u00e0 flash USB<\/h2>\n\n\n\n<figure class=\"wp-block-table\"><table class=\"has-fixed-layout\"><thead><tr><th>Categoria di parametri<\/th><th>Specifiche dettagliate\/Descrizione<\/th><th>Vantaggi principali<\/th><\/tr><\/thead><tbody><tr><td>Interfaccia standard<\/td><td>USB 3.0<\/td><td>Trasmissione ad alta velocit\u00e0, retrocompatibile con USB 2.0<\/td><\/tr><tr><td>Capacit\u00e0 di stoccaggio<\/td><td>8GB \/ 16GB \/ 32GB \/ 64GB \/ 128GB<\/td><td>Scelta libera per gestire facilmente vari file<\/td><\/tr><tr><td>Struttura rotante<\/td><td>Cuscinetto interamente in metallo + fibbia di precisione<\/td><td>Rotazione fluida, protegge l'interfaccia da polvere e danni<\/td><\/tr><tr><td>Materiale della scocca<\/td><td>Lega di alluminio di alta precisione, superficie smerigliata<\/td><td>Robusto e in grado di dissipare il calore, antiscivolo e antimpronta<\/td><\/tr><tr><td>Caratteristiche di protezione<\/td><td>Resistente agli urti e alla pressione, non impermeabile<\/td><td>Durevole e affidabile, evitare l'uso in ambienti estremi<\/td><\/tr><tr><td>Peso<\/td><td>Circa 6 grammi<\/td><td>Ultra leggero, estremamente portatile<\/td><\/tr><tr><td>Materiale dell'anello del cordino<\/td><td>Anello in acciaio inox<\/td><td>Solido e resistente, comodo da appendere e trasportare<\/td><\/tr><tr><td>Dimensioni del prodotto<\/td><td>Lunghezza \u00d7 Larghezza \u00d7 Spessore: circa 30mm\u00d712mm\u00d73mm<\/td><td>Ultra-piccolo<\/td><\/tr><\/tbody><\/table><\/figure>\n\n\n\n<h2 class=\"wp-block-heading\">Cosa si pu\u00f2 personalizzare?<\/h2>\n\n\n\n<div class=\"wp-block-columns is-layout-flex wp-container-core-columns-is-layout-28f84493 wp-block-columns-is-layout-flex\">\n<div class=\"wp-block-column is-layout-flow wp-block-column-is-layout-flow\">\n<figure class=\"wp-block-image size-full\"><img alt=\"\" decoding=\"async\" width=\"800\" height=\"800\" src=\"https:\/\/www.usborkeychain.com\/wp-content\/uploads\/VividAlu-USB-drive.jpg\" class=\"wp-image-4284\" srcset=\"https:\/\/www.usborkeychain.com\/wp-content\/uploads\/VividAlu-USB-drive.jpg 800w, https:\/\/www.usborkeychain.com\/wp-content\/uploads\/VividAlu-USB-drive-300x300.jpg 300w, https:\/\/www.usborkeychain.com\/wp-content\/uploads\/VividAlu-USB-drive-150x150.jpg 150w, https:\/\/www.usborkeychain.com\/wp-content\/uploads\/VividAlu-USB-drive-768x768.jpg 768w, https:\/\/www.usborkeychain.com\/wp-content\/uploads\/VividAlu-USB-drive-12x12.jpg 12w, https:\/\/www.usborkeychain.com\/wp-content\/uploads\/VividAlu-USB-drive-600x600.jpg 600w, https:\/\/www.usborkeychain.com\/wp-content\/uploads\/VividAlu-USB-drive-100x100.jpg 100w\" sizes=\"(max-width: 800px) 100vw, 800px\" \/><\/figure>\n<\/div>\n\n\n\n<div class=\"wp-block-column is-layout-flow wp-block-column-is-layout-flow\">\n<h3 class=\"wp-block-heading\">Personalizzazione del colore<\/h3>\n\n\n\n<p>Siamo in grado di personalizzare i colori esclusivi in base alle esigenze. Che si tratti del colore del marchio aziendale o di un colore unico amato dai singoli, pu\u00f2 essere presentato con precisione, rendendo la chiavetta USB un pezzo unico.<\/p>\n\n\n\n<h3 class=\"wp-block-heading\">Processi di personalizzazione di logo e modelli<\/h3>\n\n\n\n<ul class=\"wp-block-list\">\n<li>Incisione laser: Utilizzando il laser ad alta energia per incidere loghi o motivi sulla superficie della chiavetta USB, i segni sono chiari, durevoli e resistenti all'usura. \u00c8 adatta per semplici disegni di testo e linee, evidenziando la consistenza e la sensazione di alto livello. Anche con un uso prolungato, i marchi non si usurano facilmente.<\/li>\n\n\n\n<li>Stampa UV: \u00c8 in grado di realizzare la stampa di modelli a colori con colori pieni e alto grado di riduzione, che possono presentare in modo vivido disegni complessi e delicati, come loghi aziendali colorati e illustrazioni creative, aggiungendo ricchi effetti visivi alla chiavetta USB e rendendo i modelli personalizzati vividi e accattivanti.<\/li>\n<\/ul>\n<\/div>\n<\/div>\n\n\n\n<h2 class=\"wp-block-heading\">Questa unit\u00e0 flash USB \u00e8 resistente?<\/h2>\n\n\n\n<div class=\"wp-block-columns is-layout-flex wp-container-core-columns-is-layout-28f84493 wp-block-columns-is-layout-flex\">\n<div class=\"wp-block-column is-layout-flow wp-block-column-is-layout-flow\">\n<figure class=\"wp-block-image size-full\"><img alt=\"\" decoding=\"async\" width=\"800\" height=\"800\" src=\"https:\/\/www.usborkeychain.com\/wp-content\/uploads\/ColorKey-USB-Drive.jpg\" class=\"wp-image-4279\" srcset=\"https:\/\/www.usborkeychain.com\/wp-content\/uploads\/ColorKey-USB-Drive.jpg 800w, https:\/\/www.usborkeychain.com\/wp-content\/uploads\/ColorKey-USB-Drive-300x300.jpg 300w, https:\/\/www.usborkeychain.com\/wp-content\/uploads\/ColorKey-USB-Drive-150x150.jpg 150w, https:\/\/www.usborkeychain.com\/wp-content\/uploads\/ColorKey-USB-Drive-768x768.jpg 768w, https:\/\/www.usborkeychain.com\/wp-content\/uploads\/ColorKey-USB-Drive-12x12.jpg 12w, https:\/\/www.usborkeychain.com\/wp-content\/uploads\/ColorKey-USB-Drive-600x600.jpg 600w, https:\/\/www.usborkeychain.com\/wp-content\/uploads\/ColorKey-USB-Drive-100x100.jpg 100w\" sizes=\"(max-width: 800px) 100vw, 800px\" \/><\/figure>\n<\/div>\n\n\n\n<div class=\"wp-block-column is-layout-flow wp-block-column-is-layout-flow\">\n<p>Nonostante i frequenti collegamenti e scollegamenti, questa unit\u00e0 flash USB adotta una struttura rotante di alta qualit\u00e0 e un solido design dell'interfaccia. La rotazione \u00e8 fluida e l'interfaccia USB \u00e8 stata rinforzata. In scenari di utilizzo normali, la porta USB non si piega a causa di un regolare inserimento e disinserimento e pu\u00f2 accompagnare gli utenti in modo stabile per lungo tempo. Tuttavia, \u00e8 necessario evitare piegature violente e altre operazioni improprie.<\/p>\n<\/div>\n<\/div>\n\n\n\n<h2 class=\"wp-block-heading\">Per quali imprese \u00e8 adatto?<\/h2>\n\n\n\n<ul class=\"wp-block-list\">\n<li>Tencent\/Alibaba: Personalizzati come regali per riunioni annuali\/vantaggi per i dipendenti, preinstallati con materiali di cultura aziendale\/software di sicurezza, piccoli, ad alta velocit\u00e0 e portatili.<\/li>\n\n\n\n<li>New Oriental\/Xueersi: immagazzina corsi di insegnamento massivo\/corsi registrati, che servono come \"base di conoscenza mobile\" esclusiva degli studenti per raddoppiare l'efficienza dell'apprendimento.<\/li>\n\n\n\n<li>Ctrip\/Qunar: preinstallato con guide turistiche\/coupon elettronici\/visite VR di punti panoramici, una premurosa \"guida turistica digitale\" per i turisti.<\/li>\n\n\n\n<li>Negozi Tesla\/NIO 4S: Fornito come \"manuale elettronico\" con l'auto, contenente cicli di manutenzione\/video di funzionamento\/informazioni sui punti di assistenza.<\/li>\n\n\n\n<li>PwC\/McKinsey: regali aziendali incisi con i LOGHI dei clienti, con introduzioni aziendali\/rapporti di settore integrati, che trasmettono immediatamente un'immagine professionale.<\/li>\n\n\n\n<li>Conferenza stampa Huawei\/centro commerciale Xiaomi: Chiavette USB con informazioni sui nuovi prodotti in fase di prevendita, che i fan possono raccogliere per i parametri dei prodotti, i rendering e i white paper tecnici.<\/li>\n\n\n\n<li>Organizzatori della Fiera di Canton\/CIIE: Distribuire all'ingresso gli elenchi degli espositori\/le mappe dell'agenda\/le raccolte di PPT dei forum, uno strumento efficiente per raggiungere le informazioni.<\/li>\n<\/ul>\n\n\n\n<div class=\"wp-block-columns is-layout-flex wp-container-core-columns-is-layout-28f84493 wp-block-columns-is-layout-flex\">\n<div class=\"wp-block-column is-layout-flow wp-block-column-is-layout-flow\">\n<figure class=\"wp-block-image size-full\"><img alt=\"\" loading=\"lazy\" decoding=\"async\" width=\"400\" height=\"400\" src=\"https:\/\/www.usborkeychain.com\/wp-content\/uploads\/VividClip-USB-Drive.jpg\" class=\"wp-image-4285\" srcset=\"https:\/\/www.usborkeychain.com\/wp-content\/uploads\/VividClip-USB-Drive.jpg 400w, https:\/\/www.usborkeychain.com\/wp-content\/uploads\/VividClip-USB-Drive-300x300.jpg 300w, https:\/\/www.usborkeychain.com\/wp-content\/uploads\/VividClip-USB-Drive-150x150.jpg 150w, https:\/\/www.usborkeychain.com\/wp-content\/uploads\/VividClip-USB-Drive-12x12.jpg 12w, https:\/\/www.usborkeychain.com\/wp-content\/uploads\/VividClip-USB-Drive-100x100.jpg 100w\" sizes=\"(max-width: 400px) 100vw, 400px\" \/><\/figure>\n<\/div>\n\n\n\n<div class=\"wp-block-column is-layout-flow wp-block-column-is-layout-flow\">\n<figure class=\"wp-block-image size-full\"><img alt=\"\" loading=\"lazy\" decoding=\"async\" width=\"400\" height=\"400\" src=\"https:\/\/www.usborkeychain.com\/wp-content\/uploads\/VarioKey-USB-Drive.jpg\" class=\"wp-image-4283\" srcset=\"https:\/\/www.usborkeychain.com\/wp-content\/uploads\/VarioKey-USB-Drive.jpg 400w, https:\/\/www.usborkeychain.com\/wp-content\/uploads\/VarioKey-USB-Drive-300x300.jpg 300w, https:\/\/www.usborkeychain.com\/wp-content\/uploads\/VarioKey-USB-Drive-150x150.jpg 150w, https:\/\/www.usborkeychain.com\/wp-content\/uploads\/VarioKey-USB-Drive-12x12.jpg 12w, https:\/\/www.usborkeychain.com\/wp-content\/uploads\/VarioKey-USB-Drive-100x100.jpg 100w\" sizes=\"(max-width: 400px) 100vw, 400px\" \/><\/figure>\n<\/div>\n\n\n\n<div class=\"wp-block-column is-layout-flow wp-block-column-is-layout-flow\">\n<figure class=\"wp-block-image size-full\"><img alt=\"\" loading=\"lazy\" decoding=\"async\" width=\"400\" height=\"400\" src=\"https:\/\/www.usborkeychain.com\/wp-content\/uploads\/ColorRide-USB-Drive.jpg\" class=\"wp-image-4280\" srcset=\"https:\/\/www.usborkeychain.com\/wp-content\/uploads\/ColorRide-USB-Drive.jpg 400w, https:\/\/www.usborkeychain.com\/wp-content\/uploads\/ColorRide-USB-Drive-300x300.jpg 300w, https:\/\/www.usborkeychain.com\/wp-content\/uploads\/ColorRide-USB-Drive-150x150.jpg 150w, https:\/\/www.usborkeychain.com\/wp-content\/uploads\/ColorRide-USB-Drive-12x12.jpg 12w, https:\/\/www.usborkeychain.com\/wp-content\/uploads\/ColorRide-USB-Drive-100x100.jpg 100w\" sizes=\"(max-width: 400px) 100vw, 400px\" \/><\/figure>\n<\/div>\n<\/div>\n\n\n\n<p>Questo <strong>La pi\u00f9 popolare mini chiavetta USB rotante<\/strong> combina perfettamente la trasmissione ad alta velocit\u00e0 USB 3.0, il corpo estremamente sottile e leggero, l'aspetto colorato e il potenziale di personalizzazione flessibile, rendendolo una scelta eccellente per l'archiviazione personale, il lavoro d'ufficio aziendale e la promozione del marketing. Sia che si tratti di singoli utenti alla ricerca di una trasmissione efficiente, sia che si tratti di aziende che apprezzano la comunicazione del marchio e i regali pratici, la scelta di un produttore professionale per la personalizzazione pu\u00f2 massimizzare il valore, soddisfare le diverse esigenze e mostrare vantaggi nell'archiviazione dei dati e nella trasmissione del marchio.<\/p>\n\n\n\n<div class=\"wp-block-columns is-layout-flex wp-container-core-columns-is-layout-28f84493 wp-block-columns-is-layout-flex\">\n<div class=\"wp-block-column is-layout-flow wp-block-column-is-layout-flow\">\n<figure class=\"wp-block-image size-full\"><img alt=\"\" loading=\"lazy\" decoding=\"async\" width=\"400\" height=\"400\" src=\"https:\/\/www.usborkeychain.com\/wp-content\/uploads\/ColorGlide-USB-drive.jpg\" class=\"wp-image-4278\" srcset=\"https:\/\/www.usborkeychain.com\/wp-content\/uploads\/ColorGlide-USB-drive.jpg 400w, https:\/\/www.usborkeychain.com\/wp-content\/uploads\/ColorGlide-USB-drive-300x300.jpg 300w, https:\/\/www.usborkeychain.com\/wp-content\/uploads\/ColorGlide-USB-drive-150x150.jpg 150w, https:\/\/www.usborkeychain.com\/wp-content\/uploads\/ColorGlide-USB-drive-12x12.jpg 12w, https:\/\/www.usborkeychain.com\/wp-content\/uploads\/ColorGlide-USB-drive-100x100.jpg 100w\" sizes=\"(max-width: 400px) 100vw, 400px\" \/><\/figure>\n<\/div>\n\n\n\n<div class=\"wp-block-column is-layout-flow wp-block-column-is-layout-flow\">\n<figure class=\"wp-block-image size-full\"><img alt=\"\" loading=\"lazy\" decoding=\"async\" width=\"400\" height=\"400\" src=\"https:\/\/www.usborkeychain.com\/wp-content\/uploads\/ColorTwist-USB-drive.jpg\" class=\"wp-image-4281\" srcset=\"https:\/\/www.usborkeychain.com\/wp-content\/uploads\/ColorTwist-USB-drive.jpg 400w, https:\/\/www.usborkeychain.com\/wp-content\/uploads\/ColorTwist-USB-drive-300x300.jpg 300w, https:\/\/www.usborkeychain.com\/wp-content\/uploads\/ColorTwist-USB-drive-150x150.jpg 150w, https:\/\/www.usborkeychain.com\/wp-content\/uploads\/ColorTwist-USB-drive-12x12.jpg 12w, https:\/\/www.usborkeychain.com\/wp-content\/uploads\/ColorTwist-USB-drive-100x100.jpg 100w\" sizes=\"(max-width: 400px) 100vw, 400px\" \/><\/figure>\n<\/div>\n\n\n\n<div class=\"wp-block-column is-layout-flow wp-block-column-is-layout-flow\">\n<figure class=\"wp-block-image size-full\"><img alt=\"\" loading=\"lazy\" decoding=\"async\" width=\"400\" height=\"400\" src=\"https:\/\/www.usborkeychain.com\/wp-content\/uploads\/ChromaticKey-USB-drive.jpg\" class=\"wp-image-4276\" srcset=\"https:\/\/www.usborkeychain.com\/wp-content\/uploads\/ChromaticKey-USB-drive.jpg 400w, https:\/\/www.usborkeychain.com\/wp-content\/uploads\/ChromaticKey-USB-drive-300x300.jpg 300w, https:\/\/www.usborkeychain.com\/wp-content\/uploads\/ChromaticKey-USB-drive-150x150.jpg 150w, https:\/\/www.usborkeychain.com\/wp-content\/uploads\/ChromaticKey-USB-drive-12x12.jpg 12w, https:\/\/www.usborkeychain.com\/wp-content\/uploads\/ChromaticKey-USB-drive-100x100.jpg 100w\" sizes=\"(max-width: 400px) 100vw, 400px\" \/><\/figure>\n<\/div>\n<\/div>","protected":false},"excerpt":{"rendered":"<ul>\n<li>I pi\u00f9 popolari<\/li>\n<li>Mini<\/li>\n<li>Rotazione<\/li>\n<li>Ultra-sottile<\/li>\n<li>MOQ: 100PCS<\/li>\n<\/ul>","protected":false},"featured_media":4282,"comment_status":"open","ping_status":"closed","template":"","meta":{"_seopress_robots_primary_cat":"","_seopress_titles_title":"Most Popular Mini Rotating USB Drive;metal USB drive","_seopress_titles_desc":"","_seopress_robots_index":"","site-sidebar-layout":"default","site-content-layout":"","ast-site-content-layout":"","site-content-style":"default","site-sidebar-style":"default","ast-global-header-display":"","ast-banner-title-visibility":"","ast-main-header-display":"","ast-hfb-above-header-display":"","ast-hfb-below-header-display":"","ast-hfb-mobile-header-display":"","site-post-title":"","ast-breadcrumbs-content":"","ast-featured-img":"","footer-sml-layout":"","theme-transparent-header-meta":"","adv-header-id-meta":"","stick-header-meta":"","header-above-stick-meta":"","header-main-stick-meta":"","header-below-stick-meta":"","astra-migrate-meta-layouts":"default","ast-page-background-enabled":"default","ast-page-background-meta":{"desktop":{"background-color":"var(--ast-global-color-5)","background-image":"","background-repeat":"repeat","background-position":"center center","background-size":"auto","background-attachment":"scroll","background-type":"","background-media":"","overlay-type":"","overlay-color":"","overlay-opacity":"","overlay-gradient":""},"tablet":{"background-color":"","background-image":"","background-repeat":"repeat","background-position":"center center","background-size":"auto","background-attachment":"scroll","background-type":"","background-media":"","overlay-type":"","overlay-color":"","overlay-opacity":"","overlay-gradient":""},"mobile":{"background-color":"","background-image":"","background-repeat":"repeat","background-position":"center center","background-size":"auto","background-attachment":"scroll","background-type":"","background-media":"","overlay-type":"","overlay-color":"","overlay-opacity":"","overlay-gradient":""}},"ast-content-background-meta":{"desktop":{"background-color":"var(--ast-global-color-4)","background-image":"","background-repeat":"repeat","background-position":"center center","background-size":"auto","background-attachment":"scroll","background-type":"","background-media":"","overlay-type":"","overlay-color":"","overlay-opacity":"","overlay-gradient":""},"tablet":{"background-color":"var(--ast-global-color-4)","background-image":"","background-repeat":"repeat","background-position":"center center","background-size":"auto","background-attachment":"scroll","background-type":"","background-media":"","overlay-type":"","overlay-color":"","overlay-opacity":"","overlay-gradient":""},"mobile":{"background-color":"var(--ast-global-color-4)","background-image":"","background-repeat":"repeat","background-position":"center center","background-size":"auto","background-attachment":"scroll","background-type":"","background-media":"","overlay-type":"","overlay-color":"","overlay-opacity":"","overlay-gradient":""}}},"product_brand":[],"product_cat":[113],"product_tag":[406,198,252],"class_list":{"0":"post-4273","1":"product","2":"type-product","3":"status-publish","4":"has-post-thumbnail","6":"product_cat-mini-usb-pendrive","7":"product_tag-metal-swivel-usb-drive","8":"product_tag-mini-metal-usb-drive","9":"product_tag-mini-rotating-usb-drive","10":"desktop-align-left","11":"tablet-align-left","12":"mobile-align-left","14":"first","15":"instock","16":"shipping-taxable","17":"product-type-simple"},"_links":{"self":[{"href":"https:\/\/www.usborkeychain.com\/it\/wp-json\/wp\/v2\/product\/4273","targetHints":{"allow":["GET"]}}],"collection":[{"href":"https:\/\/www.usborkeychain.com\/it\/wp-json\/wp\/v2\/product"}],"about":[{"href":"https:\/\/www.usborkeychain.com\/it\/wp-json\/wp\/v2\/types\/product"}],"replies":[{"embeddable":true,"href":"https:\/\/www.usborkeychain.com\/it\/wp-json\/wp\/v2\/comments?post=4273"}],"wp:featuredmedia":[{"embeddable":true,"href":"https:\/\/www.usborkeychain.com\/it\/wp-json\/wp\/v2\/media\/4282"}],"wp:attachment":[{"href":"https:\/\/www.usborkeychain.com\/it\/wp-json\/wp\/v2\/media?parent=4273"}],"wp:term":[{"taxonomy":"product_brand","embeddable":true,"href":"https:\/\/www.usborkeychain.com\/it\/wp-json\/wp\/v2\/product_brand?post=4273"},{"taxonomy":"product_cat","embeddable":true,"href":"https:\/\/www.usborkeychain.com\/it\/wp-json\/wp\/v2\/product_cat?post=4273"},{"taxonomy":"product_tag","embeddable":true,"href":"https:\/\/www.usborkeychain.com\/it\/wp-json\/wp\/v2\/product_tag?post=4273"}],"curies":[{"name":"wp","href":"https:\/\/api.w.org\/{rel}","templated":true}]}}