{"id":4294,"date":"2025-07-21T15:10:54","date_gmt":"2025-07-21T15:10:54","guid":{"rendered":"https:\/\/www.usborkeychain.com\/?post_type=product&#038;p=4294"},"modified":"2025-07-21T23:45:15","modified_gmt":"2025-07-21T23:45:15","slug":"half-moon-triangle-hole-metal-key-usb-drive","status":"publish","type":"product","link":"https:\/\/www.usborkeychain.com\/it\/prodotto\/half-moon-triangle-hole-metal-key-usb-drive\/","title":{"rendered":"Chiave USB in metallo con foro a triangolo a mezzaluna"},"content":{"rendered":"<div class=\"wp-block-columns is-layout-flex wp-container-core-columns-is-layout-28f84493 wp-block-columns-is-layout-flex\">\n<div class=\"wp-block-column is-layout-flow wp-block-column-is-layout-flow\">\n<figure class=\"wp-block-image size-full\"><img alt=\"\" fetchpriority=\"high\" decoding=\"async\" width=\"800\" height=\"800\" src=\"https:\/\/www.usborkeychain.com\/wp-content\/uploads\/Tri-Key-USB-drive.jpg\" class=\"wp-image-4300\" srcset=\"https:\/\/www.usborkeychain.com\/wp-content\/uploads\/Tri-Key-USB-drive.jpg 800w, https:\/\/www.usborkeychain.com\/wp-content\/uploads\/Tri-Key-USB-drive-300x300.jpg 300w, https:\/\/www.usborkeychain.com\/wp-content\/uploads\/Tri-Key-USB-drive-150x150.jpg 150w, https:\/\/www.usborkeychain.com\/wp-content\/uploads\/Tri-Key-USB-drive-768x768.jpg 768w, https:\/\/www.usborkeychain.com\/wp-content\/uploads\/Tri-Key-USB-drive-12x12.jpg 12w, https:\/\/www.usborkeychain.com\/wp-content\/uploads\/Tri-Key-USB-drive-600x600.jpg 600w, https:\/\/www.usborkeychain.com\/wp-content\/uploads\/Tri-Key-USB-drive-100x100.jpg 100w\" sizes=\"(max-width: 800px) 100vw, 800px\" \/><\/figure>\n<\/div>\n\n\n\n<div class=\"wp-block-column is-vertically-aligned-center is-layout-flow wp-block-column-is-layout-flow\">\n<p>Con il suo design unico e le sue prestazioni pratiche, questo <strong>Chiave USB in metallo con foro a triangolo a mezzaluna<\/strong> \u00e8 diventato il centro dell'attenzione di molti.<\/p>\n\n\n\n<p> Il guscio dell'unit\u00e0 USB con chiave metallica con foro a triangolo a mezzaluna \u00e8 realizzato principalmente con un processo di stampaggio integrato di pressofusione in lega di zinco ad alta precisione, caratterizzato da un'eccellente struttura metallica e da una struttura solida e resistente. La superficie \u00e8 trattata con sabbia di zirconio o placcatura sotto vuoto, con un tocco delicato e liscio. I bordi sono arrotondati senza spigoli vivi, in modo da non ferire le mani o impigliare i vestiti durante l'uso quotidiano. \u00c8 estremamente piccolo e dal design raffinato, leggero e facile da trasportare. <\/p>\n\n\n\n<p>Il foro triangolare standard a mezzaluna sulla parte superiore pu\u00f2 essere collegato senza problemi a portachiavi, cordini o zaini, consentendo ai dati importanti di seguirvi da vicino come una chiave. Il materiale metallico conferisce un peso pi\u00f9 solido e una presentazione visiva di alto livello rispetto alle unit\u00e0 USB in plastica. Non \u00e8 solo uno strumento pratico, ma anche un accessorio di buon gusto.<\/p>\n<\/div>\n<\/div>\n\n\n\n<h2 class=\"wp-block-heading\">Parametri dell'unit\u00e0 USB<\/h2>\n\n\n\n<figure class=\"wp-block-table\"><table class=\"has-fixed-layout\"><thead><tr><th>Categoria di parametri<\/th><th>Contenuto specifico<\/th><\/tr><\/thead><tbody><tr><td>Tipo di interfaccia<\/td><td>USB 2.0, USB 3.0\/3.1<\/td><\/tr><tr><td>Capacit\u00e0 di stoccaggio<\/td><td>4GB, 8GB, 16GB, 32GB, 64GB, 128GB<\/td><\/tr><tr><td>Dimensioni del prodotto (lunghezza * larghezza * spessore)<\/td><td>30 mm x 15 mm x 5 mm<\/td><\/tr><tr><td>Peso<\/td><td>Circa 10-20 g<\/td><\/tr><\/tbody><\/table><\/figure>\n\n\n\n<h2 class=\"wp-block-heading\">Supporta la personalizzazione?<\/h2>\n\n\n\n<div class=\"wp-block-columns is-layout-flex wp-container-core-columns-is-layout-28f84493 wp-block-columns-is-layout-flex\">\n<div class=\"wp-block-column is-vertically-aligned-center is-layout-flow wp-block-column-is-layout-flow\">\n<p>Questa unit\u00e0 USB supporta la personalizzazione. I contenuti personalizzabili sono i seguenti:<\/p>\n\n\n\n<ul class=\"wp-block-list\">\n<li>Personalizzazione del logo: Che si tratti di un logo aziendale o di un logo personale esclusivo, pu\u00f2 essere stampato sulla superficie della chiavetta USB tramite incisione laser, serigrafia, stampa a colori e altri metodi. Ad esempio, quando le aziende fanno regali, l'incisione del logo aziendale \u00e8 pratica e utile per la promozione del marchio.<\/li>\n\n\n\n<li>Personalizzazione del modello: I personaggi preferiti degli anime, le immagini dei paesaggi, i disegni di design creativo, ecc. possono essere personalizzati sulla chiavetta USB, purch\u00e9 soddisfino i requisiti di produzione, rendendo la chiavetta USB un'unica \"opera d'arte\".<\/li>\n<\/ul>\n<\/div>\n\n\n\n<div class=\"wp-block-column is-layout-flow wp-block-column-is-layout-flow\">\n<figure class=\"wp-block-image size-full\"><img alt=\"\" decoding=\"async\" width=\"800\" height=\"800\" src=\"https:\/\/www.usborkeychain.com\/wp-content\/uploads\/KeyPort-USB-Drive.jpg\" class=\"wp-image-4298\" srcset=\"https:\/\/www.usborkeychain.com\/wp-content\/uploads\/KeyPort-USB-Drive.jpg 800w, https:\/\/www.usborkeychain.com\/wp-content\/uploads\/KeyPort-USB-Drive-300x300.jpg 300w, https:\/\/www.usborkeychain.com\/wp-content\/uploads\/KeyPort-USB-Drive-150x150.jpg 150w, https:\/\/www.usborkeychain.com\/wp-content\/uploads\/KeyPort-USB-Drive-768x768.jpg 768w, https:\/\/www.usborkeychain.com\/wp-content\/uploads\/KeyPort-USB-Drive-12x12.jpg 12w, https:\/\/www.usborkeychain.com\/wp-content\/uploads\/KeyPort-USB-Drive-600x600.jpg 600w, https:\/\/www.usborkeychain.com\/wp-content\/uploads\/KeyPort-USB-Drive-100x100.jpg 100w\" sizes=\"(max-width: 800px) 100vw, 800px\" \/><\/figure>\n<\/div>\n<\/div>\n\n\n\n<h2 class=\"wp-block-heading\">E la chiarezza dei modelli personalizzati?<\/h2>\n\n\n\n<div class=\"wp-block-columns is-layout-flex wp-container-core-columns-is-layout-28f84493 wp-block-columns-is-layout-flex\">\n<div class=\"wp-block-column is-layout-flow wp-block-column-is-layout-flow\">\n<figure class=\"wp-block-image size-full\"><img alt=\"\" decoding=\"async\" width=\"800\" height=\"800\" src=\"https:\/\/www.usborkeychain.com\/wp-content\/uploads\/MetaTri-USB-drive.jpg\" class=\"wp-image-4299\" srcset=\"https:\/\/www.usborkeychain.com\/wp-content\/uploads\/MetaTri-USB-drive.jpg 800w, https:\/\/www.usborkeychain.com\/wp-content\/uploads\/MetaTri-USB-drive-300x300.jpg 300w, https:\/\/www.usborkeychain.com\/wp-content\/uploads\/MetaTri-USB-drive-150x150.jpg 150w, https:\/\/www.usborkeychain.com\/wp-content\/uploads\/MetaTri-USB-drive-768x768.jpg 768w, https:\/\/www.usborkeychain.com\/wp-content\/uploads\/MetaTri-USB-drive-12x12.jpg 12w, https:\/\/www.usborkeychain.com\/wp-content\/uploads\/MetaTri-USB-drive-600x600.jpg 600w, https:\/\/www.usborkeychain.com\/wp-content\/uploads\/MetaTri-USB-drive-100x100.jpg 100w\" sizes=\"(max-width: 800px) 100vw, 800px\" \/><\/figure>\n<\/div>\n\n\n\n<div class=\"wp-block-column is-vertically-aligned-center is-layout-flow wp-block-column-is-layout-flow\">\n<p>Il guscio dell'unit\u00e0 USB presenta un arco a forma di triangolo a mezzaluna. Quando si stampano o si incidono motivi sulla superficie dell'arco, le parti del bordo possono presentare lievi deformazioni e sfocature. <\/p>\n\n\n\n<p>Tuttavia, grazie a tecnologie ormai mature, come l'incisione laser ad alta precisione e la stampa UV a colori (processi resistenti all'usura come l'inchiostro UV tedesco), l'impatto pu\u00f2 essere ridotto al minimo. <\/p>\n\n\n\n<p>Finch\u00e9 la bozza di design \u00e8 chiara e il produttore della personalizzazione ha una buona manualit\u00e0, il modello pu\u00f2 essere chiaro e bello, con un buon effetto.<\/p>\n<\/div>\n<\/div>\n\n\n\n<h2 class=\"wp-block-heading\">Il design influisce sulla velocit\u00e0 di lettura e scrittura?<\/h2>\n\n\n\n<p>Sebbene la forma della chiave sia unica, l'interfaccia USB \u00e8 completamente esposta senza alcun blocco e pu\u00f2 essere inserita direttamente nel computer. Il chipset interno e l'interfaccia sono identici a quelli delle unit\u00e0 USB tradizionali e le prestazioni di trasmissione dei dati dipendono interamente dallo schema del chip adottato e dal limite di velocit\u00e0 standard dell'interfaccia USB 2.0 stessa. Il guscio metallico e il design a fori di serratura non hanno alcun impatto negativo sulla dissipazione del calore e sui segnali, quindi gli utenti non devono preoccuparsi che la velocit\u00e0 sia influenzata dalla forma.<\/p>\n\n\n\n<h2 class=\"wp-block-heading\">Adatto a quali imprese come regalo?<\/h2>\n\n\n\n<div class=\"wp-block-columns is-layout-flex wp-container-core-columns-is-layout-28f84493 wp-block-columns-is-layout-flex\">\n<div class=\"wp-block-column is-layout-flow wp-block-column-is-layout-flow\">\n<figure class=\"wp-block-image size-full\"><img alt=\"\" loading=\"lazy\" decoding=\"async\" width=\"800\" height=\"800\" src=\"https:\/\/www.usborkeychain.com\/wp-content\/uploads\/HoleArc-USB-drive.jpg\" class=\"wp-image-4297\" srcset=\"https:\/\/www.usborkeychain.com\/wp-content\/uploads\/HoleArc-USB-drive.jpg 800w, https:\/\/www.usborkeychain.com\/wp-content\/uploads\/HoleArc-USB-drive-300x300.jpg 300w, https:\/\/www.usborkeychain.com\/wp-content\/uploads\/HoleArc-USB-drive-150x150.jpg 150w, https:\/\/www.usborkeychain.com\/wp-content\/uploads\/HoleArc-USB-drive-768x768.jpg 768w, https:\/\/www.usborkeychain.com\/wp-content\/uploads\/HoleArc-USB-drive-12x12.jpg 12w, https:\/\/www.usborkeychain.com\/wp-content\/uploads\/HoleArc-USB-drive-600x600.jpg 600w, https:\/\/www.usborkeychain.com\/wp-content\/uploads\/HoleArc-USB-drive-100x100.jpg 100w\" sizes=\"(max-width: 800px) 100vw, 800px\" \/><\/figure>\n<\/div>\n\n\n\n<div class=\"wp-block-column is-vertically-aligned-center is-layout-flow wp-block-column-is-layout-flow\">\n<ul class=\"wp-block-list\">\n<li>Istituzioni finanziarie (banche\/assicurazioni\/titoli): Trasmettere l'immagine professionale di \"sicurezza, affidabilit\u00e0 e chiave della ricchezza\".<\/li>\n\n\n\n<li>Aziende di tecnologia e Internet: Riflettono gli attributi tecnologici di \"connessione, dati e strumenti efficienti\".<\/li>\n\n\n\n<li>Marchi\/servizi automobilistici di fascia alta: Combinare il concetto di \"chiavi\" per approfondire l'associazione al marchio.<\/li>\n\n\n\n<li>Imprese immobiliari: Servono come regali creativi che simboleggiano \"l'apertura di una vita di qualit\u00e0\".<\/li>\n\n\n\n<li>Istituzioni di servizi di consulenza\/educazione: Simboleggiano \"la chiave della conoscenza\/soluzione\".<\/li>\n\n\n\n<li>Varie mostre\/eventi su larga scala: Regali pratici con informazioni pre-memorizzate per un'esposizione a lungo termine.<\/li>\n\n\n\n<li>Catene di vendita al dettaglio e di ristorazione: Regali per i clienti VIP\/oggetti di riscatto della promozione per migliorare la fidelizzazione dei clienti.<\/li>\n\n\n\n<li>Fornitori di accessori per prodotti elettronici di fascia alta: Arricchire la linea di prodotti accessori per soddisfare le esigenze di archiviazione pi\u00f9 raffinate.<\/li>\n<\/ul>\n<\/div>\n<\/div>\n\n\n\n<p>Il <strong>Chiave USB in metallo con foro a triangolo a mezzaluna<\/strong> ha i vantaggi della robustezza, della portabilit\u00e0 e della buona dissipazione del calore grazie al suo materiale metallico. I suoi numerosi parametri sono in grado di soddisfare le diverse esigenze di stoccaggio e supportano anche la personalizzazione per creare loghi esclusivi. Sia per l'archiviazione personale quotidiana che come regalo personalizzato o articolo promozionale per le aziende, si comporta in modo eccellente, creando un ponte pratico e interessante tra l'archiviazione digitale e la comunicazione del marchio, e vale la pena provarlo.<\/p>","protected":false},"excerpt":{"rendered":"<ul>\n<li><strong>mezza luna <\/strong><\/li>\n<li><strong>foro a triangolo<\/strong><\/li>\n<li><strong>\u00a0metallo<\/strong><\/li>\n<li>lega di zinco di alta precisione<\/li>\n<li>MOQ: 100PCS<\/li>\n<\/ul>","protected":false},"featured_media":4300,"comment_status":"open","ping_status":"closed","template":"","meta":{"_seopress_robots_primary_cat":"none","_seopress_titles_title":"","_seopress_titles_desc":"","_seopress_robots_index":"","site-sidebar-layout":"default","site-content-layout":"","ast-site-content-layout":"","site-content-style":"default","site-sidebar-style":"default","ast-global-header-display":"","ast-banner-title-visibility":"","ast-main-header-display":"","ast-hfb-above-header-display":"","ast-hfb-below-header-display":"","ast-hfb-mobile-header-display":"","site-post-title":"","ast-breadcrumbs-content":"","ast-featured-img":"","footer-sml-layout":"","theme-transparent-header-meta":"","adv-header-id-meta":"","stick-header-meta":"","header-above-stick-meta":"","header-main-stick-meta":"","header-below-stick-meta":"","astra-migrate-meta-layouts":"default","ast-page-background-enabled":"default","ast-page-background-meta":{"desktop":{"background-color":"var(--ast-global-color-5)","background-image":"","background-repeat":"repeat","background-position":"center center","background-size":"auto","background-attachment":"scroll","background-type":"","background-media":"","overlay-type":"","overlay-color":"","overlay-opacity":"","overlay-gradient":""},"tablet":{"background-color":"","background-image":"","background-repeat":"repeat","background-position":"center center","background-size":"auto","background-attachment":"scroll","background-type":"","background-media":"","overlay-type":"","overlay-color":"","overlay-opacity":"","overlay-gradient":""},"mobile":{"background-color":"","background-image":"","background-repeat":"repeat","background-position":"center center","background-size":"auto","background-attachment":"scroll","background-type":"","background-media":"","overlay-type":"","overlay-color":"","overlay-opacity":"","overlay-gradient":""}},"ast-content-background-meta":{"desktop":{"background-color":"var(--ast-global-color-4)","background-image":"","background-repeat":"repeat","background-position":"center center","background-size":"auto","background-attachment":"scroll","background-type":"","background-media":"","overlay-type":"","overlay-color":"","overlay-opacity":"","overlay-gradient":""},"tablet":{"background-color":"var(--ast-global-color-4)","background-image":"","background-repeat":"repeat","background-position":"center center","background-size":"auto","background-attachment":"scroll","background-type":"","background-media":"","overlay-type":"","overlay-color":"","overlay-opacity":"","overlay-gradient":""},"mobile":{"background-color":"var(--ast-global-color-4)","background-image":"","background-repeat":"repeat","background-position":"center center","background-size":"auto","background-attachment":"scroll","background-type":"","background-media":"","overlay-type":"","overlay-color":"","overlay-opacity":"","overlay-gradient":""}}},"product_brand":[],"product_cat":[108],"product_tag":[254,255],"class_list":{"0":"post-4294","1":"product","2":"type-product","3":"status-publish","4":"has-post-thumbnail","6":"product_cat-key-shaped-usb-pendrive","7":"product_tag-half-moon-triangle-hole-metal-key-usb-drive","8":"product_tag-metal-key-usb-drive","9":"desktop-align-left","10":"tablet-align-left","11":"mobile-align-left","13":"first","14":"instock","15":"shipping-taxable","16":"product-type-simple"},"_links":{"self":[{"href":"https:\/\/www.usborkeychain.com\/it\/wp-json\/wp\/v2\/product\/4294","targetHints":{"allow":["GET"]}}],"collection":[{"href":"https:\/\/www.usborkeychain.com\/it\/wp-json\/wp\/v2\/product"}],"about":[{"href":"https:\/\/www.usborkeychain.com\/it\/wp-json\/wp\/v2\/types\/product"}],"replies":[{"embeddable":true,"href":"https:\/\/www.usborkeychain.com\/it\/wp-json\/wp\/v2\/comments?post=4294"}],"wp:featuredmedia":[{"embeddable":true,"href":"https:\/\/www.usborkeychain.com\/it\/wp-json\/wp\/v2\/media\/4300"}],"wp:attachment":[{"href":"https:\/\/www.usborkeychain.com\/it\/wp-json\/wp\/v2\/media?parent=4294"}],"wp:term":[{"taxonomy":"product_brand","embeddable":true,"href":"https:\/\/www.usborkeychain.com\/it\/wp-json\/wp\/v2\/product_brand?post=4294"},{"taxonomy":"product_cat","embeddable":true,"href":"https:\/\/www.usborkeychain.com\/it\/wp-json\/wp\/v2\/product_cat?post=4294"},{"taxonomy":"product_tag","embeddable":true,"href":"https:\/\/www.usborkeychain.com\/it\/wp-json\/wp\/v2\/product_tag?post=4294"}],"curies":[{"name":"wp","href":"https:\/\/api.w.org\/{rel}","templated":true}]}}