{"id":4301,"date":"2025-07-21T15:49:11","date_gmt":"2025-07-21T15:49:11","guid":{"rendered":"https:\/\/www.usborkeychain.com\/?post_type=product&#038;p=4301"},"modified":"2025-07-21T23:45:23","modified_gmt":"2025-07-21T23:45:23","slug":"house-shaped-key-usb-drive","status":"publish","type":"product","link":"https:\/\/www.usborkeychain.com\/it\/prodotto\/house-shaped-key-usb-drive\/","title":{"rendered":"Chiave a forma di casa in metallo Unit\u00e0 flash USB"},"content":{"rendered":"<div class=\"wp-block-columns is-layout-flex wp-container-core-columns-is-layout-28f84493 wp-block-columns-is-layout-flex\">\n<div class=\"wp-block-column is-layout-flow wp-block-column-is-layout-flow\">\n<figure class=\"wp-block-image size-full\"><img alt=\"\" fetchpriority=\"high\" decoding=\"async\" width=\"800\" height=\"800\" src=\"https:\/\/www.usborkeychain.com\/wp-content\/uploads\/HouseArc-USB-drive.jpg\" class=\"wp-image-4306\" srcset=\"https:\/\/www.usborkeychain.com\/wp-content\/uploads\/HouseArc-USB-drive.jpg 800w, https:\/\/www.usborkeychain.com\/wp-content\/uploads\/HouseArc-USB-drive-300x300.jpg 300w, https:\/\/www.usborkeychain.com\/wp-content\/uploads\/HouseArc-USB-drive-150x150.jpg 150w, https:\/\/www.usborkeychain.com\/wp-content\/uploads\/HouseArc-USB-drive-768x768.jpg 768w, https:\/\/www.usborkeychain.com\/wp-content\/uploads\/HouseArc-USB-drive-12x12.jpg 12w, https:\/\/www.usborkeychain.com\/wp-content\/uploads\/HouseArc-USB-drive-600x600.jpg 600w, https:\/\/www.usborkeychain.com\/wp-content\/uploads\/HouseArc-USB-drive-100x100.jpg 100w\" sizes=\"(max-width: 800px) 100vw, 800px\" \/><\/figure>\n<\/div>\n\n\n\n<div class=\"wp-block-column is-vertically-aligned-center is-layout-flow wp-block-column-is-layout-flow\">\n<p>Il <strong>Chiave a forma di casa Unit\u00e0 USB<\/strong> \u00e8 realizzato in metallo, solitamente acciaio inossidabile di alta qualit\u00e0 o lega di zinco. Utilizza materiali di prima qualit\u00e0 <strong>304 inossidabile<\/strong> acciaio come materiale principale, che presenta eccellenti caratteristiche di durezza, resistenza alla corrosione e all'ossidazione. <\/p>\n\n\n\n<p>Non \u00e8 facile da deformare o sbiadire dopo un uso prolungato. L'esclusivo trattamento di trafilatura a cerchi concentrici CD (o sabbia di zircone) conferisce al prodotto una delicata lucentezza metallica e al tatto, evidenziandone la squisita qualit\u00e0. Il design ultra-sottile e ultra-leggero (vedere la tabella dei parametri per le dimensioni specifiche) lo rende leggero senza senso di peso, estremamente comodo da trasportare.<\/p>\n\n\n\n<p> Adotta un design privo di driver, compatibile con i principali sistemi operativi (Windows, macOS, Linux, ecc.). Pu\u00f2 essere riconosciuto automaticamente quando viene inserito nell'interfaccia del dispositivo, il che lo rende semplice ed efficiente da usare.<\/p>\n<\/div>\n<\/div>\n\n\n\n<h2 class=\"wp-block-heading\">Parametri dell'unit\u00e0 USB<\/h2>\n\n\n\n<figure class=\"wp-block-table\"><table class=\"has-fixed-layout\"><thead><tr><th>Parametro<\/th><th>Dettagli<\/th><\/tr><\/thead><tbody><tr><td>Tipo di interfaccia<\/td><td>USB 3.0 (compatibile con USB 2.0)<\/td><\/tr><tr><td>Capacit\u00e0 di stoccaggio<\/td><td>8GB, 16GB, 32GB, 64GB, 128GB<\/td><\/tr><tr><td>Dimensioni del prodotto (lunghezza * larghezza * spessore)<\/td><td>Circa 30 mm \u00d7 15 mm \u00d7 5 mm<\/td><\/tr><tr><td>Peso<\/td><td>Circa 10-20 grammi<\/td><\/tr><\/tbody><\/table><\/figure>\n\n\n\n<h2 class=\"wp-block-heading\">Che cosa pu\u00f2 essere un logo personalizzato?<\/h2>\n\n\n\n<div class=\"wp-block-columns is-layout-flex wp-container-core-columns-is-layout-28f84493 wp-block-columns-is-layout-flex\">\n<div class=\"wp-block-column is-vertically-aligned-center is-layout-flow wp-block-column-is-layout-flow\">\n<h3 class=\"wp-block-heading\">Incisione laser<\/h3>\n\n\n\n<p>\u00c8 un metodo comunemente utilizzato. Utilizza il laser per incidere loghi o motivi sulla superficie metallica. Il vantaggio \u00e8 che l'incisione \u00e8 durevole e non facile da sbiadire, e pu\u00f2 creare un marchio alla moda e professionale.<\/p>\n\n\n\n<h3 class=\"wp-block-heading\">Stampa serigrafica<\/h3>\n\n\n\n<p>\u00c8 adatto per aggiungere loghi o motivi colorati. L'inchiostro viene stampato sulla superficie metallica attraverso un retino, che pu\u00f2 presentare disegni vivaci. Tuttavia, va notato che la sua durata \u00e8 leggermente inferiore a quella dell'incisione laser, soprattutto se viene sfregata frequentemente.<\/p>\n\n\n\n<h3 class=\"wp-block-heading\">Stampa UV<\/h3>\n\n\n\n<p>Questo processo utilizza la luce ultravioletta per polimerizzare l'inchiostro subito dopo l'applicazione. \u00c8 in grado di produrre effetti di stampa di alta qualit\u00e0 e di lunga durata e di adattarsi bene al contorno della chiavetta USB a forma di casa, adatta alla realizzazione di disegni fini e colorati.<\/p>\n<\/div>\n\n\n\n<div class=\"wp-block-column is-layout-flow wp-block-column-is-layout-flow\">\n<figure class=\"wp-block-image size-full\"><img alt=\"\" decoding=\"async\" width=\"800\" height=\"800\" src=\"https:\/\/www.usborkeychain.com\/wp-content\/uploads\/HomeKey-USB-drive.jpg\" class=\"wp-image-4305\" srcset=\"https:\/\/www.usborkeychain.com\/wp-content\/uploads\/HomeKey-USB-drive.jpg 800w, https:\/\/www.usborkeychain.com\/wp-content\/uploads\/HomeKey-USB-drive-300x300.jpg 300w, https:\/\/www.usborkeychain.com\/wp-content\/uploads\/HomeKey-USB-drive-150x150.jpg 150w, https:\/\/www.usborkeychain.com\/wp-content\/uploads\/HomeKey-USB-drive-768x768.jpg 768w, https:\/\/www.usborkeychain.com\/wp-content\/uploads\/HomeKey-USB-drive-12x12.jpg 12w, https:\/\/www.usborkeychain.com\/wp-content\/uploads\/HomeKey-USB-drive-600x600.jpg 600w, https:\/\/www.usborkeychain.com\/wp-content\/uploads\/HomeKey-USB-drive-100x100.jpg 100w\" sizes=\"(max-width: 800px) 100vw, 800px\" \/><\/figure>\n<\/div>\n<\/div>\n\n\n\n<h2 class=\"wp-block-heading\">Quali sono i vantaggi di questa unit\u00e0 USB?<\/h2>\n\n\n\n<div class=\"wp-block-columns is-layout-flex wp-container-core-columns-is-layout-28f84493 wp-block-columns-is-layout-flex\">\n<div class=\"wp-block-column is-layout-flow wp-block-column-is-layout-flow\">\n<figure class=\"wp-block-image size-full\"><img alt=\"\" decoding=\"async\" width=\"800\" height=\"800\" src=\"https:\/\/www.usborkeychain.com\/wp-content\/uploads\/HomeFlash-Mini-USB.jpg\" class=\"wp-image-4304\" srcset=\"https:\/\/www.usborkeychain.com\/wp-content\/uploads\/HomeFlash-Mini-USB.jpg 800w, https:\/\/www.usborkeychain.com\/wp-content\/uploads\/HomeFlash-Mini-USB-300x300.jpg 300w, https:\/\/www.usborkeychain.com\/wp-content\/uploads\/HomeFlash-Mini-USB-150x150.jpg 150w, https:\/\/www.usborkeychain.com\/wp-content\/uploads\/HomeFlash-Mini-USB-768x768.jpg 768w, https:\/\/www.usborkeychain.com\/wp-content\/uploads\/HomeFlash-Mini-USB-12x12.jpg 12w, https:\/\/www.usborkeychain.com\/wp-content\/uploads\/HomeFlash-Mini-USB-600x600.jpg 600w, https:\/\/www.usborkeychain.com\/wp-content\/uploads\/HomeFlash-Mini-USB-100x100.jpg 100w\" sizes=\"(max-width: 800px) 100vw, 800px\" \/><\/figure>\n<\/div>\n\n\n\n<div class=\"wp-block-column is-vertically-aligned-center is-layout-flow wp-block-column-is-layout-flow\">\n<h3 class=\"wp-block-heading\">Estetica unica<\/h3>\n\n\n\n<p>La forma del case rende il suo aspetto unico e memorabile. Non \u00e8 solo un dispositivo di archiviazione dati, ma anche un piccolo accessorio decorativo. Che sia appeso a una chiave o usato come regalo, il suo design unico \u00e8 molto accattivante.<\/p>\n\n\n\n<h3 class=\"wp-block-heading\">Forte compatibilit\u00e0<\/h3>\n\n\n\n<p>Pu\u00f2 essere adattato a una variet\u00e0 di dispositivi, tra cui computer (sono applicabili sia i sistemi Windows che Mac), computer portatili e alcune smart TV che supportano i dispositivi USB. \u00c8 possibile utilizzarlo per riprodurre file multimediali sul televisore o trasferire facilmente dati tra dispositivi diversi.<\/p>\n\n\n\n<h3 class=\"wp-block-heading\">Un certo grado di sicurezza dei dati<\/h3>\n\n\n\n<p>Il guscio metallico pu\u00f2 fornire una certa protezione fisica ai dati. Sebbene non possa sostituire una corretta crittografia dei dati, pu\u00f2 evitare la perdita di dati causata da danni accidentali all'unit\u00e0 USB.<\/p>\n<\/div>\n<\/div>\n\n\n\n<h2 class=\"wp-block-heading\">E per quanto riguarda le prestazioni e la durata?<\/h2>\n\n\n\n<div class=\"wp-block-columns is-layout-flex wp-container-core-columns-is-layout-28f84493 wp-block-columns-is-layout-flex\">\n<div class=\"wp-block-column is-vertically-aligned-center is-layout-flow wp-block-column-is-layout-flow\">\n<h3 class=\"wp-block-heading\">Durata dell'interfaccia non protetta<\/h3>\n\n\n\n<p>L'interfaccia non ha una copertura protettiva, il che la rende un po' fragile. Tuttavia, il materiale metallico intorno all'interfaccia pu\u00f2 fornire una certa protezione. Per ridurre i danni, \u00e8 possibile procedere come segue:<\/p>\n\n\n\n<ul class=\"wp-block-list\">\n<li>Evitare di mettere l'unit\u00e0 USB e oggetti appuntiti nella stessa tasca o borsa per evitare di graffiare l'interfaccia.<\/li>\n\n\n\n<li>Quando non viene utilizzato per lungo tempo, conservarlo in un luogo pulito e asciutto.<\/li>\n<\/ul>\n<\/div>\n\n\n\n<div class=\"wp-block-column is-layout-flow wp-block-column-is-layout-flow\">\n<figure class=\"wp-block-image size-full\"><img alt=\"\" loading=\"lazy\" decoding=\"async\" width=\"800\" height=\"800\" src=\"https:\/\/www.usborkeychain.com\/wp-content\/uploads\/Houseshaped-USB-Drive.jpg\" class=\"wp-image-4307\" srcset=\"https:\/\/www.usborkeychain.com\/wp-content\/uploads\/Houseshaped-USB-Drive.jpg 800w, https:\/\/www.usborkeychain.com\/wp-content\/uploads\/Houseshaped-USB-Drive-300x300.jpg 300w, https:\/\/www.usborkeychain.com\/wp-content\/uploads\/Houseshaped-USB-Drive-150x150.jpg 150w, https:\/\/www.usborkeychain.com\/wp-content\/uploads\/Houseshaped-USB-Drive-768x768.jpg 768w, https:\/\/www.usborkeychain.com\/wp-content\/uploads\/Houseshaped-USB-Drive-12x12.jpg 12w, https:\/\/www.usborkeychain.com\/wp-content\/uploads\/Houseshaped-USB-Drive-600x600.jpg 600w, https:\/\/www.usborkeychain.com\/wp-content\/uploads\/Houseshaped-USB-Drive-100x100.jpg 100w\" sizes=\"(max-width: 800px) 100vw, 800px\" \/><\/figure>\n<\/div>\n<\/div>\n\n\n\n<h2 class=\"wp-block-heading\">Per quali aziende \u00e8 adatto come regalo promozionale?<\/h2>\n\n\n\n<div class=\"wp-block-columns is-layout-flex wp-container-core-columns-is-layout-28f84493 wp-block-columns-is-layout-flex\">\n<div class=\"wp-block-column is-vertically-aligned-center is-layout-flow wp-block-column-is-layout-flow\">\n<figure class=\"wp-block-image size-full\"><img alt=\"\" loading=\"lazy\" decoding=\"async\" width=\"800\" height=\"800\" src=\"https:\/\/www.usborkeychain.com\/wp-content\/uploads\/MetalHome-USB-drive.jpg\" class=\"wp-image-4308\" srcset=\"https:\/\/www.usborkeychain.com\/wp-content\/uploads\/MetalHome-USB-drive.jpg 800w, https:\/\/www.usborkeychain.com\/wp-content\/uploads\/MetalHome-USB-drive-300x300.jpg 300w, https:\/\/www.usborkeychain.com\/wp-content\/uploads\/MetalHome-USB-drive-150x150.jpg 150w, https:\/\/www.usborkeychain.com\/wp-content\/uploads\/MetalHome-USB-drive-768x768.jpg 768w, https:\/\/www.usborkeychain.com\/wp-content\/uploads\/MetalHome-USB-drive-12x12.jpg 12w, https:\/\/www.usborkeychain.com\/wp-content\/uploads\/MetalHome-USB-drive-600x600.jpg 600w, https:\/\/www.usborkeychain.com\/wp-content\/uploads\/MetalHome-USB-drive-100x100.jpg 100w\" sizes=\"(max-width: 800px) 100vw, 800px\" \/><\/figure>\n<\/div>\n\n\n\n<div class=\"wp-block-column is-layout-flow wp-block-column-is-layout-flow\">\n<h3 class=\"wp-block-heading\">Societ\u00e0 immobiliari<\/h3>\n\n\n\n<p>La forma della casa \u00e8 molto adatta alle imprese del settore immobiliare. Potete personalizzare il logo dell'azienda e usarlo come regalo promozionale per gli acquirenti di nuove case o distribuirlo alle fiere immobiliari. Simboleggia la \"casa\" e pu\u00f2 lasciare un'impressione profonda sui clienti.<\/p>\n\n\n\n<h3 class=\"wp-block-heading\">Aziende di design d'interni<\/h3>\n\n\n\n<p>Queste aziende possono utilizzare la chiavetta USB a forma di casa per conservare il loro portfolio (schemi di design, foto prima e dopo, ecc.) e regalarlo ai clienti. La forma unica \u00e8 coerente con la loro attivit\u00e0 di creazione di belle case e spazi interni.<\/p>\n\n\n\n<h3 class=\"wp-block-heading\">Marche di elettrodomestici<\/h3>\n\n\n\n<p>Quando si promuovono nuovi elettrodomestici, regalare queste chiavette USB \u00e8 un ottimo metodo di marketing. La forma della casa \u00e8 associata al concetto di \"casa\" e gli elettrodomestici sono utilizzati in \"casa\".<\/p>\n<\/div>\n<\/div>\n\n\n\n<p>Il <strong>Inox 304 a forma di casa<\/strong> <strong>Chiave d'acciaio Unit\u00e0 USB<\/strong> si distingue nel mercato altamente competitivo dei regali aziendali per la sua implicazione unica (casa), l'ultra-sottile e il peso ridotto (solo 3 mm di spessore), la trasmissione veloce USB 3.0 e il design resistente dell'interfaccia scoperta. Non \u00e8 solo uno strumento di archiviazione dati affidabile ed efficiente (con velocit\u00e0 di lettura e scrittura di 80-120MB\/s per la lettura e 20-50MB\/s per la scrittura), ma anche un eccellente regalo promozionale e d'immagine su misura per i settori legati alla \"casa\", come l'immobiliare, l'arredamento e la finanza, grazie al suo profondo legame emotivo (simboleggiato dalla casa) e alla squisita texture metallica.<\/p>","protected":false},"excerpt":{"rendered":"<ul>\n<li>304 inossidabile<\/li>\n<li>Forma della chiave di casa<\/li>\n<li>Materiale metallico<\/li>\n<li>MOQ: 100PCS<\/li>\n<li>Logo personalizzato<\/li>\n<\/ul>","protected":false},"featured_media":4304,"comment_status":"open","ping_status":"closed","template":"","meta":{"_seopress_robots_primary_cat":"none","_seopress_titles_title":"","_seopress_titles_desc":"","_seopress_robots_index":"","site-sidebar-layout":"default","site-content-layout":"","ast-site-content-layout":"","site-content-style":"default","site-sidebar-style":"default","ast-global-header-display":"","ast-banner-title-visibility":"","ast-main-header-display":"","ast-hfb-above-header-display":"","ast-hfb-below-header-display":"","ast-hfb-mobile-header-display":"","site-post-title":"","ast-breadcrumbs-content":"","ast-featured-img":"","footer-sml-layout":"","theme-transparent-header-meta":"","adv-header-id-meta":"","stick-header-meta":"","header-above-stick-meta":"","header-main-stick-meta":"","header-below-stick-meta":"","astra-migrate-meta-layouts":"default","ast-page-background-enabled":"default","ast-page-background-meta":{"desktop":{"background-color":"var(--ast-global-color-5)","background-image":"","background-repeat":"repeat","background-position":"center center","background-size":"auto","background-attachment":"scroll","background-type":"","background-media":"","overlay-type":"","overlay-color":"","overlay-opacity":"","overlay-gradient":""},"tablet":{"background-color":"","background-image":"","background-repeat":"repeat","background-position":"center center","background-size":"auto","background-attachment":"scroll","background-type":"","background-media":"","overlay-type":"","overlay-color":"","overlay-opacity":"","overlay-gradient":""},"mobile":{"background-color":"","background-image":"","background-repeat":"repeat","background-position":"center center","background-size":"auto","background-attachment":"scroll","background-type":"","background-media":"","overlay-type":"","overlay-color":"","overlay-opacity":"","overlay-gradient":""}},"ast-content-background-meta":{"desktop":{"background-color":"var(--ast-global-color-4)","background-image":"","background-repeat":"repeat","background-position":"center center","background-size":"auto","background-attachment":"scroll","background-type":"","background-media":"","overlay-type":"","overlay-color":"","overlay-opacity":"","overlay-gradient":""},"tablet":{"background-color":"var(--ast-global-color-4)","background-image":"","background-repeat":"repeat","background-position":"center center","background-size":"auto","background-attachment":"scroll","background-type":"","background-media":"","overlay-type":"","overlay-color":"","overlay-opacity":"","overlay-gradient":""},"mobile":{"background-color":"var(--ast-global-color-4)","background-image":"","background-repeat":"repeat","background-position":"center center","background-size":"auto","background-attachment":"scroll","background-type":"","background-media":"","overlay-type":"","overlay-color":"","overlay-opacity":"","overlay-gradient":""}}},"product_brand":[],"product_cat":[108],"product_tag":[256,255],"class_list":{"0":"post-4301","1":"product","2":"type-product","3":"status-publish","4":"has-post-thumbnail","6":"product_cat-key-shaped-usb-pendrive","7":"product_tag-house-shaped-key-usb-drive","8":"product_tag-metal-key-usb-drive","9":"desktop-align-left","10":"tablet-align-left","11":"mobile-align-left","13":"first","14":"instock","15":"shipping-taxable","16":"product-type-simple"},"_links":{"self":[{"href":"https:\/\/www.usborkeychain.com\/it\/wp-json\/wp\/v2\/product\/4301","targetHints":{"allow":["GET"]}}],"collection":[{"href":"https:\/\/www.usborkeychain.com\/it\/wp-json\/wp\/v2\/product"}],"about":[{"href":"https:\/\/www.usborkeychain.com\/it\/wp-json\/wp\/v2\/types\/product"}],"replies":[{"embeddable":true,"href":"https:\/\/www.usborkeychain.com\/it\/wp-json\/wp\/v2\/comments?post=4301"}],"wp:featuredmedia":[{"embeddable":true,"href":"https:\/\/www.usborkeychain.com\/it\/wp-json\/wp\/v2\/media\/4304"}],"wp:attachment":[{"href":"https:\/\/www.usborkeychain.com\/it\/wp-json\/wp\/v2\/media?parent=4301"}],"wp:term":[{"taxonomy":"product_brand","embeddable":true,"href":"https:\/\/www.usborkeychain.com\/it\/wp-json\/wp\/v2\/product_brand?post=4301"},{"taxonomy":"product_cat","embeddable":true,"href":"https:\/\/www.usborkeychain.com\/it\/wp-json\/wp\/v2\/product_cat?post=4301"},{"taxonomy":"product_tag","embeddable":true,"href":"https:\/\/www.usborkeychain.com\/it\/wp-json\/wp\/v2\/product_tag?post=4301"}],"curies":[{"name":"wp","href":"https:\/\/api.w.org\/{rel}","templated":true}]}}