{"id":4321,"date":"2025-07-22T02:25:13","date_gmt":"2025-07-22T02:25:13","guid":{"rendered":"https:\/\/www.usborkeychain.com\/?post_type=product&#038;p=4321"},"modified":"2025-07-22T02:33:32","modified_gmt":"2025-07-22T02:33:32","slug":"metal-retro-key-usb-flash-drive","status":"publish","type":"product","link":"https:\/\/www.usborkeychain.com\/it\/prodotto\/metal-retro-key-usb-flash-drive\/","title":{"rendered":"Chiave retr\u00f2 in metallo Unit\u00e0 flash USB"},"content":{"rendered":"<div class=\"wp-block-columns is-layout-flex wp-container-core-columns-is-layout-28f84493 wp-block-columns-is-layout-flex\">\n<div class=\"wp-block-column is-layout-flow wp-block-column-is-layout-flow\">\n<figure class=\"wp-block-image aligncenter size-full\"><img alt=\"\" fetchpriority=\"high\" decoding=\"async\" width=\"800\" height=\"800\" src=\"https:\/\/www.usborkeychain.com\/wp-content\/uploads\/VintageKey-USB-flash-Drive.png\" class=\"wp-image-4331\" srcset=\"https:\/\/www.usborkeychain.com\/wp-content\/uploads\/VintageKey-USB-flash-Drive.png 800w, https:\/\/www.usborkeychain.com\/wp-content\/uploads\/VintageKey-USB-flash-Drive-300x300.png 300w, https:\/\/www.usborkeychain.com\/wp-content\/uploads\/VintageKey-USB-flash-Drive-150x150.png 150w, https:\/\/www.usborkeychain.com\/wp-content\/uploads\/VintageKey-USB-flash-Drive-768x768.png 768w, https:\/\/www.usborkeychain.com\/wp-content\/uploads\/VintageKey-USB-flash-Drive-12x12.png 12w, https:\/\/www.usborkeychain.com\/wp-content\/uploads\/VintageKey-USB-flash-Drive-600x600.png 600w, https:\/\/www.usborkeychain.com\/wp-content\/uploads\/VintageKey-USB-flash-Drive-100x100.png 100w\" sizes=\"(max-width: 800px) 100vw, 800px\" \/><\/figure>\n<\/div>\n\n\n\n<div class=\"wp-block-column is-vertically-aligned-center is-layout-flow wp-block-column-is-layout-flow\">\n<p>Il <strong>Chiave retr\u00f2 in metallo Unit\u00e0 flash USB<\/strong> \u00e8 pressofuso in lega di zinco ad alta resistenza e la sua superficie \u00e8 trattata con tecnologia galvanica sotto vuoto, disponibile in oro e argento. La lega di zinco \u00e8 resistente all'usura e alla corrosione e prolunga la vita utile. La conducibilit\u00e0 termica del metallo migliora l'efficienza della dissipazione del calore e lo spessore preciso di 1,2 mm consente di ottenere un corpo ultrasottile.<\/p>\n\n\n\n<p>La forma della chiave incorpora i tradizionali motivi cinesi Ruyi, con un numero \"8\" in rilievo incastonato nella testa della chiave, che simboleggia ricchezza e buon auspicio. Il design complessivo combina la bellezza nostalgica con la moderna precisione industriale. Non \u00e8 solo uno strumento pratico, ma anche un oggetto portatile elegante e raffinato, che mostra un gusto unico per i regali d'affari o per l'uso personale.<\/p>\n<\/div>\n<\/div>\n\n\n\n<h2 class=\"wp-block-heading\">Tabella dei parametri dell'unit\u00e0 flash USB<\/h2>\n\n\n\n<figure class=\"wp-block-table\"><table class=\"has-fixed-layout\"><thead><tr><th>Categoria di parametri<\/th><th>Dettagli<\/th><\/tr><\/thead><tbody><tr><td>Interfaccia standard<\/td><td>USB3.0, retrocompatibile con USB2.0<\/td><\/tr><tr><td>Opzioni di capacit\u00e0<\/td><td>8GB\/16GB\/32GB\/64GB\/128GB<\/td><\/tr><tr><td>Materiale metallico<\/td><td>Lega<\/td><\/tr><tr><td>Dimensioni del prodotto (lunghezza \u00d7 larghezza \u00d7 spessore)<\/td><td>58\u00d720\u00d74 mm<\/td><\/tr><tr><td>Peso<\/td><td>18g\u00b12g<\/td><\/tr><\/tbody><\/table><\/figure>\n\n\n\n<h2 class=\"wp-block-heading\">Il logo pu\u00f2 essere personalizzato?<\/h2>\n\n\n\n<div class=\"wp-block-columns is-layout-flex wp-container-core-columns-is-layout-28f84493 wp-block-columns-is-layout-flex\">\n<div class=\"wp-block-column is-vertically-aligned-center is-layout-flow wp-block-column-is-layout-flow\">\n<p><strong>Logo o motivi<\/strong> la personalizzazione \u00e8 supportata! I processi adottati sono l'incisione laser e l'incisione galvanica: l'incisione laser ha un'elevata precisione e rende il logo chiaro e resistente all'usura; l'incisione galvanica pu\u00f2 realizzare modelli complessi con una buona integrazione del colore e della struttura del metallo. La profondit\u00e0 di incisione di 0,2 mm garantisce una chiarezza permanente. Il processo di personalizzazione non danneggia lo strato galvanico superficiale e il campione pu\u00f2 essere completato entro 24 ore.<\/p>\n<\/div>\n\n\n\n<div class=\"wp-block-column is-layout-flow wp-block-column-is-layout-flow\">\n<figure class=\"wp-block-image size-full\"><img alt=\"\" decoding=\"async\" width=\"800\" height=\"800\" src=\"https:\/\/www.usborkeychain.com\/wp-content\/uploads\/RetroKey-USB-flash-drive.png\" class=\"wp-image-4330\" srcset=\"https:\/\/www.usborkeychain.com\/wp-content\/uploads\/RetroKey-USB-flash-drive.png 800w, https:\/\/www.usborkeychain.com\/wp-content\/uploads\/RetroKey-USB-flash-drive-300x300.png 300w, https:\/\/www.usborkeychain.com\/wp-content\/uploads\/RetroKey-USB-flash-drive-150x150.png 150w, https:\/\/www.usborkeychain.com\/wp-content\/uploads\/RetroKey-USB-flash-drive-768x768.png 768w, https:\/\/www.usborkeychain.com\/wp-content\/uploads\/RetroKey-USB-flash-drive-12x12.png 12w, https:\/\/www.usborkeychain.com\/wp-content\/uploads\/RetroKey-USB-flash-drive-600x600.png 600w, https:\/\/www.usborkeychain.com\/wp-content\/uploads\/RetroKey-USB-flash-drive-100x100.png 100w\" sizes=\"(max-width: 800px) 100vw, 800px\" \/><\/figure>\n<\/div>\n<\/div>\n\n\n\n<h2 class=\"wp-block-heading\">Quali sono i vantaggi di questo prodotto?<\/h2>\n\n\n\n<div class=\"wp-block-columns is-layout-flex wp-container-core-columns-is-layout-28f84493 wp-block-columns-is-layout-flex\">\n<div class=\"wp-block-column is-layout-flow wp-block-column-is-layout-flow\">\n<figure class=\"wp-block-image aligncenter size-full\"><img alt=\"\" decoding=\"async\" width=\"800\" height=\"800\" src=\"https:\/\/www.usborkeychain.com\/wp-content\/uploads\/AntiqueKey-USB-flash-Drive.jpg\" class=\"wp-image-4324\" srcset=\"https:\/\/www.usborkeychain.com\/wp-content\/uploads\/AntiqueKey-USB-flash-Drive.jpg 800w, https:\/\/www.usborkeychain.com\/wp-content\/uploads\/AntiqueKey-USB-flash-Drive-300x300.jpg 300w, https:\/\/www.usborkeychain.com\/wp-content\/uploads\/AntiqueKey-USB-flash-Drive-150x150.jpg 150w, https:\/\/www.usborkeychain.com\/wp-content\/uploads\/AntiqueKey-USB-flash-Drive-768x768.jpg 768w, https:\/\/www.usborkeychain.com\/wp-content\/uploads\/AntiqueKey-USB-flash-Drive-12x12.jpg 12w, https:\/\/www.usborkeychain.com\/wp-content\/uploads\/AntiqueKey-USB-flash-Drive-600x600.jpg 600w, https:\/\/www.usborkeychain.com\/wp-content\/uploads\/AntiqueKey-USB-flash-Drive-100x100.jpg 100w\" sizes=\"(max-width: 800px) 100vw, 800px\" \/><\/figure>\n<\/div>\n\n\n\n<div class=\"wp-block-column is-vertically-aligned-center is-layout-flow wp-block-column-is-layout-flow\">\n<ul class=\"wp-block-list\">\n<li>Ultra-sottile e ultra-leggero: pesa circa 15-20 g, con uno spessore di 3-5 mm, portatile e salvaspazio. La forma della chiave pu\u00f2 essere infilata in un portachiavi, facile da trasportare senza alcun peso.<\/li>\n\n\n\n<li>Plug and play: non richiede l'installazione di driver, viene riconosciuto immediatamente quando viene collegato a computer e telefoni cellulari (che supportano dispositivi OTG) per un trasferimento efficiente dei file.<\/li>\n\n\n\n<li>Protezione eccellente: il guscio in lega \u00e8 anti-caduta e antigraffio e protegge il chip interno; l'interfaccia USB \u00e8 rinforzata per evitare danni durante l'inserimento e il disinserimento della spina.<\/li>\n\n\n\n<li>Ampia compatibilit\u00e0: compatibile con Windows, Mac OS, Linux e altri sistemi, pu\u00f2 essere utilizzato con diversi dispositivi come telefoni cellulari, tablet e computer.<\/li>\n<\/ul>\n<\/div>\n<\/div>\n\n\n\n<h3 class=\"wp-block-heading\">Qual \u00e8 il processo di produzione?<\/h3>\n\n\n\n<div class=\"wp-block-columns is-layout-flex wp-container-core-columns-is-layout-28f84493 wp-block-columns-is-layout-flex\">\n<div class=\"wp-block-column is-vertically-aligned-center is-layout-flow wp-block-column-is-layout-flow\">\n<p>La chiave viene sottoposta a molteplici processi, come la pressofusione, la lucidatura fine, il trattamento superficiale (galvanoplastica\/ossidazione) e il confezionamento dei chip. La pressofusione assicura la forma precisa della chiave, la lucidatura rende la superficie liscia e delicata, la galvanoplastica\/ossidazione conferisce al metallo un colore retr\u00f2 e una capacit\u00e0 antiossidazione, mentre il rigoroso confezionamento dei chip garantisce prestazioni di conservazione stabili.<\/p>\n<\/div>\n\n\n\n<div class=\"wp-block-column is-layout-flow wp-block-column-is-layout-flow\">\n<figure class=\"wp-block-image aligncenter size-full\"><img alt=\"\" loading=\"lazy\" decoding=\"async\" width=\"800\" height=\"800\" src=\"https:\/\/www.usborkeychain.com\/wp-content\/uploads\/ClassicKey-USB-flash-drive.png\" class=\"wp-image-4325\" srcset=\"https:\/\/www.usborkeychain.com\/wp-content\/uploads\/ClassicKey-USB-flash-drive.png 800w, https:\/\/www.usborkeychain.com\/wp-content\/uploads\/ClassicKey-USB-flash-drive-300x300.png 300w, https:\/\/www.usborkeychain.com\/wp-content\/uploads\/ClassicKey-USB-flash-drive-150x150.png 150w, https:\/\/www.usborkeychain.com\/wp-content\/uploads\/ClassicKey-USB-flash-drive-768x768.png 768w, https:\/\/www.usborkeychain.com\/wp-content\/uploads\/ClassicKey-USB-flash-drive-12x12.png 12w, https:\/\/www.usborkeychain.com\/wp-content\/uploads\/ClassicKey-USB-flash-drive-600x600.png 600w, https:\/\/www.usborkeychain.com\/wp-content\/uploads\/ClassicKey-USB-flash-drive-100x100.png 100w\" sizes=\"(max-width: 800px) 100vw, 800px\" \/><\/figure>\n<\/div>\n<\/div>\n\n\n\n<h2 class=\"wp-block-heading\">La velocit\u00e0 di lettura e scrittura della chiavetta USB \u00e8 influenzata dalla sua forma?<\/h2>\n\n\n\n<div class=\"wp-block-columns is-layout-flex wp-container-core-columns-is-layout-28f84493 wp-block-columns-is-layout-flex\">\n<div class=\"wp-block-column is-layout-flow wp-block-column-is-layout-flow\">\n<figure class=\"wp-block-image size-full\"><img alt=\"\" loading=\"lazy\" decoding=\"async\" width=\"800\" height=\"800\" src=\"https:\/\/www.usborkeychain.com\/wp-content\/uploads\/OldStyleKey-USB-flash-drive.png\" class=\"wp-image-4329\" srcset=\"https:\/\/www.usborkeychain.com\/wp-content\/uploads\/OldStyleKey-USB-flash-drive.png 800w, https:\/\/www.usborkeychain.com\/wp-content\/uploads\/OldStyleKey-USB-flash-drive-300x300.png 300w, https:\/\/www.usborkeychain.com\/wp-content\/uploads\/OldStyleKey-USB-flash-drive-150x150.png 150w, https:\/\/www.usborkeychain.com\/wp-content\/uploads\/OldStyleKey-USB-flash-drive-768x768.png 768w, https:\/\/www.usborkeychain.com\/wp-content\/uploads\/OldStyleKey-USB-flash-drive-12x12.png 12w, https:\/\/www.usborkeychain.com\/wp-content\/uploads\/OldStyleKey-USB-flash-drive-600x600.png 600w, https:\/\/www.usborkeychain.com\/wp-content\/uploads\/OldStyleKey-USB-flash-drive-100x100.png 100w\" sizes=\"(max-width: 800px) 100vw, 800px\" \/><\/figure>\n<\/div>\n\n\n\n<div class=\"wp-block-column is-vertically-aligned-center is-layout-flow wp-block-column-is-layout-flow\">\n<p>Il <strong>forma della chiave<\/strong> non influisce sulla velocit\u00e0 di lettura e scrittura. La velocit\u00e0 di trasmissione USB3.0 \u00e8 determinata dal protocollo di interfaccia e dallo schema del chip. Il guscio metallico serve solo come protezione e decorazione, senza interferire con la trasmissione dei dati. Le prestazioni effettive di lettura e scrittura sono in linea con quelle delle unit\u00e0 flash USB convenzionali.<\/p>\n<\/div>\n<\/div>\n\n\n\n<h2 class=\"wp-block-heading\">La chiavetta USB \u00e8 facile da rompere?<\/h2>\n\n\n\n<div class=\"wp-block-columns is-layout-flex wp-container-core-columns-is-layout-28f84493 wp-block-columns-is-layout-flex\">\n<div class=\"wp-block-column is-vertically-aligned-center is-layout-flow wp-block-column-is-layout-flow\">\n<p>Sebbene abbia la forma di una chiave, l'interfaccia \u00e8 rinforzata. L'innovativo design della porta USB incorporata (con una profondit\u00e0 riservata di 0,5 mm), combinato con un coperchio protettivo rotante, previene efficacemente i danni da collisione durante l'inserimento e lo scollegamento della spina. Ha superato 5000 test di inserimento e disinserimento senza deformazioni.<\/p>\n<\/div>\n\n\n\n<div class=\"wp-block-column is-layout-flow wp-block-column-is-layout-flow\">\n<figure class=\"wp-block-image size-full\"><img alt=\"\" loading=\"lazy\" decoding=\"async\" width=\"800\" height=\"800\" src=\"https:\/\/www.usborkeychain.com\/wp-content\/uploads\/MetalVintage-USB-flash-drive.png\" class=\"wp-image-4328\" srcset=\"https:\/\/www.usborkeychain.com\/wp-content\/uploads\/MetalVintage-USB-flash-drive.png 800w, https:\/\/www.usborkeychain.com\/wp-content\/uploads\/MetalVintage-USB-flash-drive-300x300.png 300w, https:\/\/www.usborkeychain.com\/wp-content\/uploads\/MetalVintage-USB-flash-drive-150x150.png 150w, https:\/\/www.usborkeychain.com\/wp-content\/uploads\/MetalVintage-USB-flash-drive-768x768.png 768w, https:\/\/www.usborkeychain.com\/wp-content\/uploads\/MetalVintage-USB-flash-drive-12x12.png 12w, https:\/\/www.usborkeychain.com\/wp-content\/uploads\/MetalVintage-USB-flash-drive-600x600.png 600w, https:\/\/www.usborkeychain.com\/wp-content\/uploads\/MetalVintage-USB-flash-drive-100x100.png 100w\" sizes=\"(max-width: 800px) 100vw, 800px\" \/><\/figure>\n<\/div>\n<\/div>\n\n\n\n<h2 class=\"wp-block-heading\">Quali sono i settori pi\u00f9 popolari per l'utilizzo come regali?<\/h2>\n\n\n\n<div class=\"wp-block-columns is-layout-flex wp-container-core-columns-is-layout-28f84493 wp-block-columns-is-layout-flex\">\n<div class=\"wp-block-column is-layout-flow wp-block-column-is-layout-flow\">\n<figure class=\"wp-block-image size-full\"><img alt=\"\" loading=\"lazy\" decoding=\"async\" width=\"800\" height=\"800\" src=\"https:\/\/www.usborkeychain.com\/wp-content\/uploads\/MetalMemoir-USB-flash-drive.png\" class=\"wp-image-4327\" srcset=\"https:\/\/www.usborkeychain.com\/wp-content\/uploads\/MetalMemoir-USB-flash-drive.png 800w, https:\/\/www.usborkeychain.com\/wp-content\/uploads\/MetalMemoir-USB-flash-drive-300x300.png 300w, https:\/\/www.usborkeychain.com\/wp-content\/uploads\/MetalMemoir-USB-flash-drive-150x150.png 150w, https:\/\/www.usborkeychain.com\/wp-content\/uploads\/MetalMemoir-USB-flash-drive-768x768.png 768w, https:\/\/www.usborkeychain.com\/wp-content\/uploads\/MetalMemoir-USB-flash-drive-12x12.png 12w, https:\/\/www.usborkeychain.com\/wp-content\/uploads\/MetalMemoir-USB-flash-drive-600x600.png 600w, https:\/\/www.usborkeychain.com\/wp-content\/uploads\/MetalMemoir-USB-flash-drive-100x100.png 100w\" sizes=\"(max-width: 800px) 100vw, 800px\" \/><\/figure>\n<\/div>\n\n\n\n<div class=\"wp-block-column is-vertically-aligned-center is-layout-flow wp-block-column-is-layout-flow\">\n<ol class=\"wp-block-list\">\n<li>Settore immobiliare: Si adatta allo scenario della \"consegna delle chiavi\". Personalizzato con i loghi dei progetti, pu\u00f2 essere utilizzato come regalo per la consegna di un immobile o per l'apprezzamento dei clienti.<\/li>\n\n\n\n<li>Industria finanziaria: Utilizzata per la manutenzione dei clienti VIP, la struttura metallica mostra una qualit\u00e0 di alto livello, con loghi di marca personalizzati.<\/li>\n\n\n\n<li>Industria culturale e creativa<\/li>\n\n\n\n<li>Industria dei servizi di fascia alta (come studi legali, gestione di immobili di fascia alta)<\/li>\n<\/ol>\n<\/div>\n<\/div>\n\n\n\n<p>Il <strong>Chiave retr\u00f2 in metallo Unit\u00e0 flash USB<\/strong>dotato di durata e consistenza grazie al materiale in lega, integra elementi retr\u00f2 cinesi e significati di buon auspicio, e assicura una lettura e una scrittura efficienti con <strong>USB3.0<\/strong>. Supporta la personalizzazione, \u00e8 portatile e facile da usare. Non solo soddisfa le esigenze di stoccaggio, ma ha anche caratteristiche da regalo, tanto da essere apprezzato nel settore immobiliare, finanziario e in altri settori. \u00c8 un prodotto pratico che combina estetica classica e tecnologia moderna.<\/p>","protected":false},"excerpt":{"rendered":"<ul>\n<li>Materiale metallico<\/li>\n<li>Chiave retr\u00f2<\/li>\n<li>USB3.0<\/li>\n<li>Logo personalizzato<\/li>\n<li>MOQ: 100PCS<\/li>\n<\/ul>","protected":false},"featured_media":4330,"comment_status":"open","ping_status":"closed","template":"","meta":{"_seopress_robots_primary_cat":"","_seopress_titles_title":"","_seopress_titles_desc":"","_seopress_robots_index":"","site-sidebar-layout":"default","site-content-layout":"","ast-site-content-layout":"","site-content-style":"default","site-sidebar-style":"default","ast-global-header-display":"","ast-banner-title-visibility":"","ast-main-header-display":"","ast-hfb-above-header-display":"","ast-hfb-below-header-display":"","ast-hfb-mobile-header-display":"","site-post-title":"","ast-breadcrumbs-content":"","ast-featured-img":"","footer-sml-layout":"","theme-transparent-header-meta":"","adv-header-id-meta":"","stick-header-meta":"","header-above-stick-meta":"","header-main-stick-meta":"","header-below-stick-meta":"","astra-migrate-meta-layouts":"default","ast-page-background-enabled":"default","ast-page-background-meta":{"desktop":{"background-color":"var(--ast-global-color-5)","background-image":"","background-repeat":"repeat","background-position":"center center","background-size":"auto","background-attachment":"scroll","background-type":"","background-media":"","overlay-type":"","overlay-color":"","overlay-opacity":"","overlay-gradient":""},"tablet":{"background-color":"","background-image":"","background-repeat":"repeat","background-position":"center center","background-size":"auto","background-attachment":"scroll","background-type":"","background-media":"","overlay-type":"","overlay-color":"","overlay-opacity":"","overlay-gradient":""},"mobile":{"background-color":"","background-image":"","background-repeat":"repeat","background-position":"center center","background-size":"auto","background-attachment":"scroll","background-type":"","background-media":"","overlay-type":"","overlay-color":"","overlay-opacity":"","overlay-gradient":""}},"ast-content-background-meta":{"desktop":{"background-color":"var(--ast-global-color-4)","background-image":"","background-repeat":"repeat","background-position":"center center","background-size":"auto","background-attachment":"scroll","background-type":"","background-media":"","overlay-type":"","overlay-color":"","overlay-opacity":"","overlay-gradient":""},"tablet":{"background-color":"var(--ast-global-color-4)","background-image":"","background-repeat":"repeat","background-position":"center center","background-size":"auto","background-attachment":"scroll","background-type":"","background-media":"","overlay-type":"","overlay-color":"","overlay-opacity":"","overlay-gradient":""},"mobile":{"background-color":"var(--ast-global-color-4)","background-image":"","background-repeat":"repeat","background-position":"center center","background-size":"auto","background-attachment":"scroll","background-type":"","background-media":"","overlay-type":"","overlay-color":"","overlay-opacity":"","overlay-gradient":""}}},"product_brand":[],"product_cat":[108],"product_tag":[259,258],"class_list":{"0":"post-4321","1":"product","2":"type-product","3":"status-publish","4":"has-post-thumbnail","6":"product_cat-key-shaped-usb-pendrive","7":"product_tag-metal-key-usb-flash-drive","8":"product_tag-metal-retro-key-usb-flash-drive","9":"desktop-align-left","10":"tablet-align-left","11":"mobile-align-left","13":"first","14":"instock","15":"shipping-taxable","16":"product-type-simple"},"_links":{"self":[{"href":"https:\/\/www.usborkeychain.com\/it\/wp-json\/wp\/v2\/product\/4321","targetHints":{"allow":["GET"]}}],"collection":[{"href":"https:\/\/www.usborkeychain.com\/it\/wp-json\/wp\/v2\/product"}],"about":[{"href":"https:\/\/www.usborkeychain.com\/it\/wp-json\/wp\/v2\/types\/product"}],"replies":[{"embeddable":true,"href":"https:\/\/www.usborkeychain.com\/it\/wp-json\/wp\/v2\/comments?post=4321"}],"wp:featuredmedia":[{"embeddable":true,"href":"https:\/\/www.usborkeychain.com\/it\/wp-json\/wp\/v2\/media\/4330"}],"wp:attachment":[{"href":"https:\/\/www.usborkeychain.com\/it\/wp-json\/wp\/v2\/media?parent=4321"}],"wp:term":[{"taxonomy":"product_brand","embeddable":true,"href":"https:\/\/www.usborkeychain.com\/it\/wp-json\/wp\/v2\/product_brand?post=4321"},{"taxonomy":"product_cat","embeddable":true,"href":"https:\/\/www.usborkeychain.com\/it\/wp-json\/wp\/v2\/product_cat?post=4321"},{"taxonomy":"product_tag","embeddable":true,"href":"https:\/\/www.usborkeychain.com\/it\/wp-json\/wp\/v2\/product_tag?post=4321"}],"curies":[{"name":"wp","href":"https:\/\/api.w.org\/{rel}","templated":true}]}}