{"id":4333,"date":"2025-07-22T03:41:44","date_gmt":"2025-07-22T03:41:44","guid":{"rendered":"https:\/\/www.usborkeychain.com\/?post_type=product&#038;p=4333"},"modified":"2025-07-22T03:44:30","modified_gmt":"2025-07-22T03:44:30","slug":"metal-flower-key-usb-flash-drive","status":"publish","type":"product","link":"https:\/\/www.usborkeychain.com\/it\/prodotto\/metal-flower-key-usb-flash-drive\/","title":{"rendered":"Chiave a fiore in metallo Unit\u00e0 flash USB"},"content":{"rendered":"<div class=\"wp-block-columns is-layout-flex wp-container-core-columns-is-layout-28f84493 wp-block-columns-is-layout-flex\">\n<div class=\"wp-block-column is-vertically-aligned-center is-layout-flow wp-block-column-is-layout-flow\">\n<p>Il<strong> Chiave a fiore in metallo Unit\u00e0 flash USB<\/strong> \u00e8 caratterizzato da un corpo in lega di zinco di alta qualit\u00e0. La lega di zinco offre un'eccellente resistenza all'usura e alla corrosione, evitando ruggine e deformazioni. Pu\u00f2 mantenere un aspetto nuovo per molto tempo, garantendo la massima durata dell'unit\u00e0 USB.<\/p>\n\n\n\n<p>Con la tecnologia di taglio a petali ad angolo acuto da 0,3 mm, ha una forma concisa ed elegante. L'anello in acciaio inossidabile da 3 mm di diametro pu\u00f2 sopportare un peso di 5 kg senza rompersi. Le sue dimensioni mini sono 60% pi\u00f9 piccole rispetto alle unit\u00e0 USB tradizionali, il che le rende facili da riporre nelle tasche o nelle borse portachiavi e facili da trasportare quotidianamente.<\/p>\n<\/div>\n\n\n\n<div class=\"wp-block-column is-layout-flow wp-block-column-is-layout-flow\">\n<figure class=\"wp-block-image aligncenter size-full\"><img alt=\"\" fetchpriority=\"high\" decoding=\"async\" width=\"800\" height=\"800\" src=\"https:\/\/www.usborkeychain.com\/wp-content\/uploads\/FlowerKey-USB-flash-drive.jpg\" class=\"wp-image-4337\" srcset=\"https:\/\/www.usborkeychain.com\/wp-content\/uploads\/FlowerKey-USB-flash-drive.jpg 800w, https:\/\/www.usborkeychain.com\/wp-content\/uploads\/FlowerKey-USB-flash-drive-300x300.jpg 300w, https:\/\/www.usborkeychain.com\/wp-content\/uploads\/FlowerKey-USB-flash-drive-150x150.jpg 150w, https:\/\/www.usborkeychain.com\/wp-content\/uploads\/FlowerKey-USB-flash-drive-768x768.jpg 768w, https:\/\/www.usborkeychain.com\/wp-content\/uploads\/FlowerKey-USB-flash-drive-12x12.jpg 12w, https:\/\/www.usborkeychain.com\/wp-content\/uploads\/FlowerKey-USB-flash-drive-600x600.jpg 600w, https:\/\/www.usborkeychain.com\/wp-content\/uploads\/FlowerKey-USB-flash-drive-100x100.jpg 100w\" sizes=\"(max-width: 800px) 100vw, 800px\" \/><\/figure>\n<\/div>\n<\/div>\n\n\n\n<h2 class=\"wp-block-heading\">Tabella dei parametri del nucleo dell'unit\u00e0 flash USB<\/h2>\n\n\n\n<figure class=\"wp-block-table\"><table class=\"has-fixed-layout\"><thead><tr><th>Categoria di parametri<\/th><th>Dettagli<\/th><\/tr><\/thead><tbody><tr><td>Interfaccia standard<\/td><td>USB3.0 (compatibile con USB2.0)<\/td><\/tr><tr><td>Opzioni di capacit\u00e0<\/td><td>8GB\/16GB\/32GB\/64GB\/128GB<\/td><\/tr><tr><td>Dimensioni del prodotto (lunghezza \u00d7 larghezza \u00d7 spessore)<\/td><td>50mm\u00d720mm\u00d73mm<\/td><\/tr><tr><td>Peso del prodotto<\/td><td>Circa 12 - 15 g<\/td><\/tr><tr><td>Materiale metallico<\/td><td>Lega di zinco (con trattamento superficiale antiossidazione)<\/td><\/tr><\/tbody><\/table><\/figure>\n\n\n\n<h2 class=\"wp-block-heading\">Il logo pu\u00f2 essere personalizzato?<\/h2>\n\n\n\n<div class=\"wp-block-columns is-layout-flex wp-container-core-columns-is-layout-28f84493 wp-block-columns-is-layout-flex\">\n<div class=\"wp-block-column is-layout-flow wp-block-column-is-layout-flow\">\n<figure class=\"wp-block-image size-full\"><img alt=\"\" decoding=\"async\" width=\"800\" height=\"800\" src=\"https:\/\/www.usborkeychain.com\/wp-content\/uploads\/BloomKey-USB-flash-drive.jpg\" class=\"wp-image-4336\" srcset=\"https:\/\/www.usborkeychain.com\/wp-content\/uploads\/BloomKey-USB-flash-drive.jpg 800w, https:\/\/www.usborkeychain.com\/wp-content\/uploads\/BloomKey-USB-flash-drive-300x300.jpg 300w, https:\/\/www.usborkeychain.com\/wp-content\/uploads\/BloomKey-USB-flash-drive-150x150.jpg 150w, https:\/\/www.usborkeychain.com\/wp-content\/uploads\/BloomKey-USB-flash-drive-768x768.jpg 768w, https:\/\/www.usborkeychain.com\/wp-content\/uploads\/BloomKey-USB-flash-drive-12x12.jpg 12w, https:\/\/www.usborkeychain.com\/wp-content\/uploads\/BloomKey-USB-flash-drive-600x600.jpg 600w, https:\/\/www.usborkeychain.com\/wp-content\/uploads\/BloomKey-USB-flash-drive-100x100.jpg 100w\" sizes=\"(max-width: 800px) 100vw, 800px\" \/><\/figure>\n<\/div>\n\n\n\n<div class=\"wp-block-column is-vertically-aligned-center is-layout-flow wp-block-column-is-layout-flow\">\n<p><strong>Sono supportati loghi o motivi personalizzati<\/strong>! Sfruttando le propriet\u00e0 della lega di zinco, viene adottata la tecnologia di incisione laser + colorazione galvanica: L'incisione laser \u00e8 in grado di incidere con precisione i motivi sulla superficie del metallo con linee chiare e profondit\u00e0 moderata, assicurando che siano saldi e non facili da staccare. Se \u00e8 necessaria una decorazione a colori, la colorazione galvanica pu\u00f2 far aderire il colore in modo uniforme, integrandosi naturalmente con la struttura del metallo, mantenendo la lucentezza originale del materiale e ottenendo una personalizzazione.<\/p>\n<\/div>\n<\/div>\n\n\n\n<h3 class=\"wp-block-heading\">Quali sono i vantaggi della chiavetta USB?<\/h3>\n\n\n\n<div class=\"wp-block-columns is-layout-flex wp-container-core-columns-is-layout-28f84493 wp-block-columns-is-layout-flex\">\n<div class=\"wp-block-column is-vertically-aligned-center is-layout-flow wp-block-column-is-layout-flow\">\n<ul class=\"wp-block-list\">\n<li>Design anti-smarrimento: Portachiavi monoblocco, compatibile con diverse catene.<\/li>\n\n\n\n<li>Protezione dell'interfaccia: Struttura a petali rotanti (con una durata di apertura e chiusura di \u226510.000 volte), che avvolge completamente l'interfaccia USB quando \u00e8 chiusa.<\/li>\n\n\n\n<li>Resistenza agli urti e alla pressione: Ha superato il test di caduta da 3 metri di cemento (riempito con gel di silice interno che assorbe gli urti).<\/li>\n\n\n\n<li>Protezione elettrostatica: 15KV di protezione contro le scariche atmosferiche (300% migliore degli standard industriali).<\/li>\n\n\n\n<li>Standby ultra-lungo: corrente di riposo \u2264100\u03bcA (i dati possono essere memorizzati per 10 anni).<\/li>\n<\/ul>\n<\/div>\n\n\n\n<div class=\"wp-block-column is-layout-flow wp-block-column-is-layout-flow\">\n<figure class=\"wp-block-image aligncenter size-full\"><img alt=\"\" decoding=\"async\" width=\"800\" height=\"800\" src=\"https:\/\/www.usborkeychain.com\/wp-content\/uploads\/MetalBlossom-USB-flash-Drive.jpg\" class=\"wp-image-4338\" srcset=\"https:\/\/www.usborkeychain.com\/wp-content\/uploads\/MetalBlossom-USB-flash-Drive.jpg 800w, https:\/\/www.usborkeychain.com\/wp-content\/uploads\/MetalBlossom-USB-flash-Drive-300x300.jpg 300w, https:\/\/www.usborkeychain.com\/wp-content\/uploads\/MetalBlossom-USB-flash-Drive-150x150.jpg 150w, https:\/\/www.usborkeychain.com\/wp-content\/uploads\/MetalBlossom-USB-flash-Drive-768x768.jpg 768w, https:\/\/www.usborkeychain.com\/wp-content\/uploads\/MetalBlossom-USB-flash-Drive-12x12.jpg 12w, https:\/\/www.usborkeychain.com\/wp-content\/uploads\/MetalBlossom-USB-flash-Drive-600x600.jpg 600w, https:\/\/www.usborkeychain.com\/wp-content\/uploads\/MetalBlossom-USB-flash-Drive-100x100.jpg 100w\" sizes=\"(max-width: 800px) 100vw, 800px\" \/><\/figure>\n<\/div>\n<\/div>\n\n\n\n<h3 class=\"wp-block-heading\">Come viene realizzata questa chiavetta USB?<\/h3>\n\n\n\n<div class=\"wp-block-columns are-vertically-aligned-center is-layout-flex wp-container-core-columns-is-layout-28f84493 wp-block-columns-is-layout-flex\">\n<div class=\"wp-block-column is-vertically-aligned-center is-layout-flow wp-block-column-is-layout-flow\">\n<div class=\"wp-block-columns is-layout-flex wp-container-core-columns-is-layout-28f84493 wp-block-columns-is-layout-flex\">\n<div class=\"wp-block-column is-layout-flow wp-block-column-is-layout-flow\">\n<figure class=\"wp-block-image size-full\"><img alt=\"\" loading=\"lazy\" decoding=\"async\" width=\"800\" height=\"800\" src=\"https:\/\/www.usborkeychain.com\/wp-content\/uploads\/MetalPetal-Key-USB-flash-drive.jpg\" class=\"wp-image-4339\" srcset=\"https:\/\/www.usborkeychain.com\/wp-content\/uploads\/MetalPetal-Key-USB-flash-drive.jpg 800w, https:\/\/www.usborkeychain.com\/wp-content\/uploads\/MetalPetal-Key-USB-flash-drive-300x300.jpg 300w, https:\/\/www.usborkeychain.com\/wp-content\/uploads\/MetalPetal-Key-USB-flash-drive-150x150.jpg 150w, https:\/\/www.usborkeychain.com\/wp-content\/uploads\/MetalPetal-Key-USB-flash-drive-768x768.jpg 768w, https:\/\/www.usborkeychain.com\/wp-content\/uploads\/MetalPetal-Key-USB-flash-drive-12x12.jpg 12w, https:\/\/www.usborkeychain.com\/wp-content\/uploads\/MetalPetal-Key-USB-flash-drive-600x600.jpg 600w, https:\/\/www.usborkeychain.com\/wp-content\/uploads\/MetalPetal-Key-USB-flash-drive-100x100.jpg 100w\" sizes=\"(max-width: 800px) 100vw, 800px\" \/><\/figure>\n<\/div>\n<\/div>\n<\/div>\n\n\n\n<div class=\"wp-block-column is-vertically-aligned-center is-layout-flow wp-block-column-is-layout-flow\">\n<p>Il prodotto passa attraverso i processi di pressofusione\u2192lucidatura fine\u2192trattamento superficiale (galvanotecnica\/antiossidazione)\u2192confezionamento dei chip. La pressofusione assicura la riproduzione accurata della forma del fiore; la lucidatura rende la superficie metallica liscia come uno specchio; il trattamento galvanico\/antiossidazione conferisce al prodotto un colore retr\u00f2 o brillante e ne migliora la resistenza alle macchie; infine, il chip viene rigorosamente imballato per garantire una memorizzazione stabile dei dati e una lettura e scrittura fluide.<\/p>\n\n\n\n<p>La parte superiore del<strong> Metallo <strong>Fiore<\/strong><\/strong> <strong>Chiave USB<\/strong> \u00e8 dotato di un foro circolare per l'aggancio, il cui diametro \u00e8 compatibile con i comuni portachiavi presenti sul mercato (diametro interno 2 - 4 mm). \u00c8 facile da appendere e pu\u00f2 essere facilmente infilato con le chiavi dell'auto e della porta, evitando di perderlo durante il trasporto quotidiano, aggiungendo decorazioni e rendendo il portachiavi pi\u00f9 personalizzato.<\/p>\n<\/div>\n<\/div>\n\n\n\n<h2 class=\"wp-block-heading\">Quali sono i settori industriali adatti al suo utilizzo?<\/h2>\n\n\n\n<ul class=\"wp-block-list\">\n<li><strong>Industria della bellezza e della moda<\/strong>: In linea con lo stile squisito e alla moda del marchio, i loghi personalizzati possono essere utilizzati come regali di promozione di nuovi prodotti e regali di apprezzamento per i membri.<\/li>\n\n\n\n<li><strong>Industria della gioielleria<\/strong>: L'elemento floreale richiama gli attributi del settore e la struttura metallica dimostra una qualit\u00e0 di alto livello.<\/li>\n\n\n\n<li><strong>Industria dei matrimoni<\/strong>: La forma del fiore ha un buon significato. Personalizzato con i nomi degli sposi e i temi del matrimonio, pu\u00f2 essere utilizzato come regalo per gli ospiti.<\/li>\n\n\n\n<li><strong>Industria culturale e creativa<\/strong>: In collaborazione con IP culturali e creative, personalizzato con modelli unici, pu\u00f2 essere utilizzato come regalo periferico nelle mostre culturali e creative e nei negozi offline per attirare i giovani consumatori.<\/li>\n<\/ul>\n\n\n\n<p>Il <strong>Chiave a fiore in metallo Unit\u00e0 flash USB<\/strong>La lega di zinco garantisce durata e consistenza, ha una forma di fiore piccola e delicata, facile da trasportare. USB3.0 consente una lettura e una scrittura efficienti e supporta la personalizzazione. Presenta vantaggi eccezionali in termini di protezione e compatibilit\u00e0 e il foro \u00e8 adatto ai portachiavi per facilitarne il trasporto. \u00c8 molto apprezzato come regalo nei settori della bellezza, della gioielleria, dei matrimoni e in altri settori. \u00c8 un buon prodotto che integra la conservazione pratica, la decorazione personalizzata e la trasmissione di emozioni!<\/p>","protected":false},"excerpt":{"rendered":"<ul>\n<li>Materiale metallico<\/li>\n<li>Chiave del fiore<\/li>\n<li>Protezione dell'interfaccia<\/li>\n<li>Standby ultra-lungo<\/li>\n<li>MOQ: 100 pezzi<\/li>\n<\/ul>","protected":false},"featured_media":4337,"comment_status":"open","ping_status":"closed","template":"","meta":{"_seopress_robots_primary_cat":"","_seopress_titles_title":"","_seopress_titles_desc":"","_seopress_robots_index":"","site-sidebar-layout":"default","site-content-layout":"","ast-site-content-layout":"","site-content-style":"default","site-sidebar-style":"default","ast-global-header-display":"","ast-banner-title-visibility":"","ast-main-header-display":"","ast-hfb-above-header-display":"","ast-hfb-below-header-display":"","ast-hfb-mobile-header-display":"","site-post-title":"","ast-breadcrumbs-content":"","ast-featured-img":"","footer-sml-layout":"","theme-transparent-header-meta":"","adv-header-id-meta":"","stick-header-meta":"","header-above-stick-meta":"","header-main-stick-meta":"","header-below-stick-meta":"","astra-migrate-meta-layouts":"default","ast-page-background-enabled":"default","ast-page-background-meta":{"desktop":{"background-color":"var(--ast-global-color-5)","background-image":"","background-repeat":"repeat","background-position":"center center","background-size":"auto","background-attachment":"scroll","background-type":"","background-media":"","overlay-type":"","overlay-color":"","overlay-opacity":"","overlay-gradient":""},"tablet":{"background-color":"","background-image":"","background-repeat":"repeat","background-position":"center center","background-size":"auto","background-attachment":"scroll","background-type":"","background-media":"","overlay-type":"","overlay-color":"","overlay-opacity":"","overlay-gradient":""},"mobile":{"background-color":"","background-image":"","background-repeat":"repeat","background-position":"center center","background-size":"auto","background-attachment":"scroll","background-type":"","background-media":"","overlay-type":"","overlay-color":"","overlay-opacity":"","overlay-gradient":""}},"ast-content-background-meta":{"desktop":{"background-color":"var(--ast-global-color-4)","background-image":"","background-repeat":"repeat","background-position":"center center","background-size":"auto","background-attachment":"scroll","background-type":"","background-media":"","overlay-type":"","overlay-color":"","overlay-opacity":"","overlay-gradient":""},"tablet":{"background-color":"var(--ast-global-color-4)","background-image":"","background-repeat":"repeat","background-position":"center center","background-size":"auto","background-attachment":"scroll","background-type":"","background-media":"","overlay-type":"","overlay-color":"","overlay-opacity":"","overlay-gradient":""},"mobile":{"background-color":"var(--ast-global-color-4)","background-image":"","background-repeat":"repeat","background-position":"center center","background-size":"auto","background-attachment":"scroll","background-type":"","background-media":"","overlay-type":"","overlay-color":"","overlay-opacity":"","overlay-gradient":""}}},"product_brand":[],"product_cat":[108],"product_tag":[260,261],"class_list":{"0":"post-4333","1":"product","2":"type-product","3":"status-publish","4":"has-post-thumbnail","6":"product_cat-key-shaped-usb-pendrive","7":"product_tag-metal-flower-key-usb-flash-drive","8":"product_tag-metal-usb-falsh-drive","9":"desktop-align-left","10":"tablet-align-left","11":"mobile-align-left","13":"first","14":"instock","15":"shipping-taxable","16":"product-type-simple"},"_links":{"self":[{"href":"https:\/\/www.usborkeychain.com\/it\/wp-json\/wp\/v2\/product\/4333","targetHints":{"allow":["GET"]}}],"collection":[{"href":"https:\/\/www.usborkeychain.com\/it\/wp-json\/wp\/v2\/product"}],"about":[{"href":"https:\/\/www.usborkeychain.com\/it\/wp-json\/wp\/v2\/types\/product"}],"replies":[{"embeddable":true,"href":"https:\/\/www.usborkeychain.com\/it\/wp-json\/wp\/v2\/comments?post=4333"}],"wp:featuredmedia":[{"embeddable":true,"href":"https:\/\/www.usborkeychain.com\/it\/wp-json\/wp\/v2\/media\/4337"}],"wp:attachment":[{"href":"https:\/\/www.usborkeychain.com\/it\/wp-json\/wp\/v2\/media?parent=4333"}],"wp:term":[{"taxonomy":"product_brand","embeddable":true,"href":"https:\/\/www.usborkeychain.com\/it\/wp-json\/wp\/v2\/product_brand?post=4333"},{"taxonomy":"product_cat","embeddable":true,"href":"https:\/\/www.usborkeychain.com\/it\/wp-json\/wp\/v2\/product_cat?post=4333"},{"taxonomy":"product_tag","embeddable":true,"href":"https:\/\/www.usborkeychain.com\/it\/wp-json\/wp\/v2\/product_tag?post=4333"}],"curies":[{"name":"wp","href":"https:\/\/api.w.org\/{rel}","templated":true}]}}