{"id":4341,"date":"2025-07-22T08:08:30","date_gmt":"2025-07-22T08:08:30","guid":{"rendered":"https:\/\/www.usborkeychain.com\/?post_type=product&#038;p=4341"},"modified":"2025-07-22T08:12:20","modified_gmt":"2025-07-22T08:12:20","slug":"thickened-metal-key-usb-flash-drive","status":"publish","type":"product","link":"https:\/\/www.usborkeychain.com\/it\/prodotto\/thickened-metal-key-usb-flash-drive\/","title":{"rendered":"Chiave in metallo ispessito Unit\u00e0 flash USB"},"content":{"rendered":"<div class=\"wp-block-columns are-vertically-aligned-center is-layout-flex wp-container-core-columns-is-layout-28f84493 wp-block-columns-is-layout-flex\">\n<div class=\"wp-block-column is-vertically-aligned-center is-layout-flow wp-block-column-is-layout-flow\">\n<p>Il corpo principale del<strong> Chiave metallica addensata Unit\u00e0 flash USB<\/strong> \u00e8 realizzato in lega di zinco di alta qualit\u00e0, che presenta numerose propriet\u00e0 eccellenti:<\/p>\n\n\n\n<ul class=\"wp-block-list\">\n<li>Forte durata: elevata durezza, non facile da deformare o graffiare. Rispetto alle unit\u00e0 USB sottili, grazie al materiale resistente, pu\u00f2 proteggere meglio il chip interno in caso di cadute accidentali. Nell'uso quotidiano, anche in caso di caduta accidentale, il guscio in lega di zinco ispessito pu\u00f2 resistere efficacemente agli urti.<\/li>\n\n\n\n<li>Buona resistenza alla corrosione: La superficie \u00e8 stata sottoposta a uno speciale trattamento anticorrosione, in grado di resistere all'erosione causata dall'umidit\u00e0, dal sudore, ecc. nell'aria e di mantenere un aspetto gradevole per lungo tempo. Al contrario, alcune unit\u00e0 USB sottili possono essere realizzate con materiali pi\u00f9 economici, soggetti a ruggine e corrosione, che ne compromettono l'aspetto e ne riducono la durata.<\/li>\n\n\n\n<li>Struttura e peso: Il design ispessito combinato con la lega di zinco conferisce all'unit\u00e0 USB una consistenza pi\u00f9 solida e di alto livello. In mano ha un certo peso, diverso dalla sensazione di leggerezza dei modelli sottili, che aumenta il senso di valore e di piacere durante l'uso.<\/li>\n<\/ul>\n<\/div>\n\n\n\n<div class=\"wp-block-column is-vertically-aligned-center is-layout-flow wp-block-column-is-layout-flow\">\n<figure class=\"wp-block-image aligncenter size-full\"><img alt=\"\" fetchpriority=\"high\" decoding=\"async\" width=\"800\" height=\"800\" src=\"https:\/\/www.usborkeychain.com\/wp-content\/uploads\/ThickMetalKey-USB-flash-drive.png\" class=\"wp-image-4346\" srcset=\"https:\/\/www.usborkeychain.com\/wp-content\/uploads\/ThickMetalKey-USB-flash-drive.png 800w, https:\/\/www.usborkeychain.com\/wp-content\/uploads\/ThickMetalKey-USB-flash-drive-300x300.png 300w, https:\/\/www.usborkeychain.com\/wp-content\/uploads\/ThickMetalKey-USB-flash-drive-150x150.png 150w, https:\/\/www.usborkeychain.com\/wp-content\/uploads\/ThickMetalKey-USB-flash-drive-768x768.png 768w, https:\/\/www.usborkeychain.com\/wp-content\/uploads\/ThickMetalKey-USB-flash-drive-12x12.png 12w, https:\/\/www.usborkeychain.com\/wp-content\/uploads\/ThickMetalKey-USB-flash-drive-600x600.png 600w, https:\/\/www.usborkeychain.com\/wp-content\/uploads\/ThickMetalKey-USB-flash-drive-100x100.png 100w\" sizes=\"(max-width: 800px) 100vw, 800px\" \/><\/figure>\n<\/div>\n<\/div>\n\n\n\n<h2 class=\"wp-block-heading\">Parametri dell'unit\u00e0 USB<\/h2>\n\n\n\n<figure class=\"wp-block-table\"><table class=\"has-fixed-layout\"><thead><tr><th>Categoria di parametri<\/th><th>Dettagli<\/th><\/tr><\/thead><tbody><tr><td>Interfaccia standard<\/td><td>USB 3.0 (compatibile con USB 2.0)<\/td><\/tr><tr><td>Opzioni di capacit\u00e0<\/td><td>8GB, 16GB, 32GB, 64GB, 128GB<\/td><\/tr><tr><td>Dimensioni del prodotto (lunghezza \u00d7 larghezza \u00d7 spessore)<\/td><td>Circa 55 mm \u00d7 20 mm \u00d7 5 mm<\/td><\/tr><tr><td>Peso<\/td><td>Circa 25-30 g<\/td><\/tr><\/tbody><\/table><\/figure>\n\n\n\n<h2 class=\"wp-block-heading\">Il logo pu\u00f2 essere personalizzato?<\/h2>\n\n\n\n<div class=\"wp-block-columns is-layout-flex wp-container-core-columns-is-layout-28f84493 wp-block-columns-is-layout-flex\">\n<div class=\"wp-block-column is-layout-flow wp-block-column-is-layout-flow\">\n<figure class=\"wp-block-image aligncenter size-full\"><img alt=\"\" decoding=\"async\" width=\"800\" height=\"800\" src=\"https:\/\/www.usborkeychain.com\/wp-content\/uploads\/ThickKey-USB-Flash-drive.png\" class=\"wp-image-4345\" srcset=\"https:\/\/www.usborkeychain.com\/wp-content\/uploads\/ThickKey-USB-Flash-drive.png 800w, https:\/\/www.usborkeychain.com\/wp-content\/uploads\/ThickKey-USB-Flash-drive-300x300.png 300w, https:\/\/www.usborkeychain.com\/wp-content\/uploads\/ThickKey-USB-Flash-drive-150x150.png 150w, https:\/\/www.usborkeychain.com\/wp-content\/uploads\/ThickKey-USB-Flash-drive-768x768.png 768w, https:\/\/www.usborkeychain.com\/wp-content\/uploads\/ThickKey-USB-Flash-drive-12x12.png 12w, https:\/\/www.usborkeychain.com\/wp-content\/uploads\/ThickKey-USB-Flash-drive-600x600.png 600w, https:\/\/www.usborkeychain.com\/wp-content\/uploads\/ThickKey-USB-Flash-drive-100x100.png 100w\" sizes=\"(max-width: 800px) 100vw, 800px\" \/><\/figure>\n<\/div>\n\n\n\n<div class=\"wp-block-column is-vertically-aligned-center is-layout-flow wp-block-column-is-layout-flow\">\n<p>L'unit\u00e0 flash USB con chiave in metallo ispessito supporta la personalizzazione del logo o del motivo.<\/p>\n\n\n\n<p>Incisione laser: Utilizzo di un raggio laser ad alta energia per incidere con precisione i disegni sulla superficie della lega di zinco.<\/p>\n\n\n\n<p>Colorazione galvanica (se \u00e8 necessario un effetto cromatico): Dopo l'incisione laser, se si desidera aggiungere colore al logo o al motivo, \u00e8 possibile utilizzare la colorazione galvanica.<\/p>\n<\/div>\n<\/div>\n\n\n\n<h2 class=\"wp-block-heading\">Quali sono i vantaggi di questa unit\u00e0 USB?<\/h2>\n\n\n\n<div class=\"wp-block-columns are-vertically-aligned-center is-layout-flex wp-container-core-columns-is-layout-28f84493 wp-block-columns-is-layout-flex\">\n<div class=\"wp-block-column is-vertically-aligned-center is-layout-flow wp-block-column-is-layout-flow\">\n<ul class=\"wp-block-list\">\n<li>Maggiore protezione: Oltre ai vantaggi di durata sopra menzionati, il guscio in lega di zinco ispessito pu\u00f2 anche fornire una migliore dissipazione del calore per il chip interno. Il metallo ha una buona conducibilit\u00e0 termica e pu\u00f2 dissipare rapidamente il calore generato dal chip durante il funzionamento, garantendo un funzionamento stabile dell'unit\u00e0 USB.<\/li>\n\n\n\n<li>Design unico: La forma della chiave \u00e8 bella e pratica. Il design ispessito rende la sensazione e l'aspetto pi\u00f9 simili a quelli di una vera chiave, facile da trasportare su un portachiavi, non facile da perdere e molto accattivante come regalo o articolo promozionale.<\/li>\n\n\n\n<li>Memorizzazione dei dati di lunga durata: Il materiale in lega di zinco di alta qualit\u00e0 combinato con la tecnologia avanzata dei chip garantisce un'archiviazione stabile dei dati a lungo termine. Anche in caso di inattivit\u00e0 prolungata, i dati interni possono essere ben conservati, il che \u00e8 molto meglio del problema della perdita di dati di alcune unit\u00e0 USB sottili di bassa qualit\u00e0.<\/li>\n<\/ul>\n<\/div>\n\n\n\n<div class=\"wp-block-column is-vertically-aligned-center is-layout-flow wp-block-column-is-layout-flow\">\n<figure class=\"wp-block-image aligncenter size-full\"><img alt=\"\" decoding=\"async\" width=\"800\" height=\"800\" src=\"https:\/\/www.usborkeychain.com\/wp-content\/uploads\/HeavyDutyKey-USB-flash-Drive.png\" class=\"wp-image-4344\" srcset=\"https:\/\/www.usborkeychain.com\/wp-content\/uploads\/HeavyDutyKey-USB-flash-Drive.png 800w, https:\/\/www.usborkeychain.com\/wp-content\/uploads\/HeavyDutyKey-USB-flash-Drive-300x300.png 300w, https:\/\/www.usborkeychain.com\/wp-content\/uploads\/HeavyDutyKey-USB-flash-Drive-150x150.png 150w, https:\/\/www.usborkeychain.com\/wp-content\/uploads\/HeavyDutyKey-USB-flash-Drive-768x768.png 768w, https:\/\/www.usborkeychain.com\/wp-content\/uploads\/HeavyDutyKey-USB-flash-Drive-12x12.png 12w, https:\/\/www.usborkeychain.com\/wp-content\/uploads\/HeavyDutyKey-USB-flash-Drive-600x600.png 600w, https:\/\/www.usborkeychain.com\/wp-content\/uploads\/HeavyDutyKey-USB-flash-Drive-100x100.png 100w\" sizes=\"(max-width: 800px) 100vw, 800px\" \/><\/figure>\n<\/div>\n<\/div>\n\n\n\n<h2 class=\"wp-block-heading\">Come viene realizzata questa chiavetta USB?<\/h2>\n\n\n\n<ul class=\"wp-block-list\">\n<li>Formatura per pressofusione: In primo luogo, si realizza uno stampo in base alla forma della chiave e si inietta la lega di zinco fusa nello stampo ad alta pressione per formare la forma di base del guscio dell'unit\u00e0 USB, garantendo la precisione della forma ispessita.<\/li>\n\n\n\n<li>Lavorazione di precisione: Dopo la pressofusione, vengono eseguite lavorazioni di precisione come il taglio e la lucidatura per rendere la superficie del guscio liscia e piatta con dimensioni precise.<\/li>\n\n\n\n<li>Trattamento della superficie: Per migliorare la resistenza alla corrosione della superficie della lega di zinco, si esegue un trattamento anticorrosione, come la galvanizzazione o la spruzzatura di rivestimenti anticorrosione.<\/li>\n\n\n\n<li>Installazione e test dei chip: Installiamo chip di memoria flash di alta qualit\u00e0 e conduciamo test rigorosi sulla velocit\u00e0 di lettura e scrittura, sulla stabilit\u00e0 dell'archiviazione dei dati, sulla compatibilit\u00e0 dell'interfaccia e cos\u00ec via, per garantire che ogni unit\u00e0 USB soddisfi gli standard.<\/li>\n<\/ul>\n\n\n\n<h2 class=\"wp-block-heading\">Qual \u00e8 il ciclo di produzione della personalizzazione di massa?<\/h2>\n\n\n\n<ul class=\"wp-block-list\">\n<li>Ciclo standard: 1-2 settimane (a seconda della quantit\u00e0 ordinata).<\/li>\n\n\n\n<li>Servizio espresso: Pu\u00f2 essere abbreviato a 5-7 giorni (con supplemento di prezzo).<\/li>\n\n\n\n<li>Quantit\u00e0 minima ordinabile: Di solito 100 pezzi, con supporto alla personalizzazione di piccoli lotti.<\/li>\n<\/ul>\n\n\n\n<h2 class=\"wp-block-heading\">A quali settori \u00e8 applicabile?<\/h2>\n\n\n\n<ul class=\"wp-block-list\">\n<li>Regali aziendali: Festeggiamenti di anniversari aziendali, regali di apprezzamento per i clienti, regali VIP.<\/li>\n\n\n\n<li>Industria elettronica digitale: Promozioni di prodotti, omaggi per mostre.<\/li>\n\n\n\n<li>Finanza e assicurazioni: Omaggi ai clienti di alto livello per migliorare l'immagine del marchio.<\/li>\n\n\n\n<li>Istruzione e formazione: Souvenir di conferenze, regali di laurea per studenti.<\/li>\n\n\n\n<li>Settore immobiliare: Regali per la consegna della casa, regali esclusivi per i proprietari.<\/li>\n<\/ul>\n\n\n\n<p>  Con <strong>materiale in lega di zinco di alta qualit\u00e0<\/strong>Con i suoi eccellenti parametri prestazionali, il supporto per la personalizzazione e una serie di vantaggi straordinari, l'addensato \u00e8 un prodotto di qualit\u00e0. <strong>Chiave metallica Unit\u00e0 flash USB<\/strong> non \u00e8 solo un pratico strumento di archiviazione dati, ma anche una scelta di alta qualit\u00e0 per regali e articoli promozionali. In termini di durata, design estetico e adattabilit\u00e0 alla personalizzazione, \u00e8 in grado di soddisfare le esigenze di utenti e settori diversi. Il ciclo di personalizzazione di massa \u00e8 ragionevole ed \u00e8 ampiamente utilizzato nel settore immobiliare, automobilistico, finanziario e in altri settori, fornendo nuove opzioni per la promozione del marchio e il mantenimento delle relazioni con i clienti.<\/p>","protected":false},"excerpt":{"rendered":"<ul>\n<li>Materiale in lega di zinco<\/li>\n<li>Chiave in metallo<\/li>\n<li>Rapida dissipazione del calore<\/li>\n<li>Archiviazione dei dati stabile e duratura<\/li>\n<li>\n<div class=\"flex flex-row w-full\" data-testid=\"message_content\" data-message-id=\"13201365837892610\">\n<div class=\"w-full\" data-plugin-identifier=\"Symbol(infra:receive-message-box:text)\">\n<div class=\"container-ZYIsnH flow-markdown-body theme-samantha-Nbr9UN\" dir=\"ltr\" data-testid=\"message_text_content\" data-show-indicator=\"false\">\n<div class=\"auto-hide-last-sibling-br paragraph-JOTKXA paragraph-element br-paragraph-space\">MOQ: 100PCS<\/div>\n<div><\/div>\n<div><\/div>\n<div><\/div>\n<\/div>\n<\/div>\n<\/div>\n<div class=\"answer-action-bar-pgm2JD answer-action-bar flex flex-col justify-end\" data-testid=\"message_action_bar\">\n<div class=\"container-rxM4SW flex flex-row items-start w-full self-center\" data-message-action-bar=\"1\">\n<div class=\"left-Y7jNAM\">\n<div class=\"bp5-overflow-list container-i9_9R9 align-start-BRJcKo inner-K6EVuU\">\n<div class=\"flex\" tabindex=\"0\" aria-expanded=\"false\" aria-haspopup=\"dialog\" aria-controls=\"16wbfjk\" data-popupid=\"16wbfjk\"><\/div>\n<\/div>\n<\/div>\n<\/div>\n<\/div>\n<\/li>\n<\/ul>","protected":false},"featured_media":4346,"comment_status":"open","ping_status":"closed","template":"","meta":{"_seopress_robots_primary_cat":"","_seopress_titles_title":"","_seopress_titles_desc":"","_seopress_robots_index":"","site-sidebar-layout":"default","site-content-layout":"","ast-site-content-layout":"","site-content-style":"default","site-sidebar-style":"default","ast-global-header-display":"","ast-banner-title-visibility":"","ast-main-header-display":"","ast-hfb-above-header-display":"","ast-hfb-below-header-display":"","ast-hfb-mobile-header-display":"","site-post-title":"","ast-breadcrumbs-content":"","ast-featured-img":"","footer-sml-layout":"","theme-transparent-header-meta":"","adv-header-id-meta":"","stick-header-meta":"","header-above-stick-meta":"","header-main-stick-meta":"","header-below-stick-meta":"","astra-migrate-meta-layouts":"default","ast-page-background-enabled":"default","ast-page-background-meta":{"desktop":{"background-color":"var(--ast-global-color-5)","background-image":"","background-repeat":"repeat","background-position":"center center","background-size":"auto","background-attachment":"scroll","background-type":"","background-media":"","overlay-type":"","overlay-color":"","overlay-opacity":"","overlay-gradient":""},"tablet":{"background-color":"","background-image":"","background-repeat":"repeat","background-position":"center center","background-size":"auto","background-attachment":"scroll","background-type":"","background-media":"","overlay-type":"","overlay-color":"","overlay-opacity":"","overlay-gradient":""},"mobile":{"background-color":"","background-image":"","background-repeat":"repeat","background-position":"center center","background-size":"auto","background-attachment":"scroll","background-type":"","background-media":"","overlay-type":"","overlay-color":"","overlay-opacity":"","overlay-gradient":""}},"ast-content-background-meta":{"desktop":{"background-color":"var(--ast-global-color-4)","background-image":"","background-repeat":"repeat","background-position":"center center","background-size":"auto","background-attachment":"scroll","background-type":"","background-media":"","overlay-type":"","overlay-color":"","overlay-opacity":"","overlay-gradient":""},"tablet":{"background-color":"var(--ast-global-color-4)","background-image":"","background-repeat":"repeat","background-position":"center center","background-size":"auto","background-attachment":"scroll","background-type":"","background-media":"","overlay-type":"","overlay-color":"","overlay-opacity":"","overlay-gradient":""},"mobile":{"background-color":"var(--ast-global-color-4)","background-image":"","background-repeat":"repeat","background-position":"center center","background-size":"auto","background-attachment":"scroll","background-type":"","background-media":"","overlay-type":"","overlay-color":"","overlay-opacity":"","overlay-gradient":""}}},"product_brand":[],"product_cat":[108],"product_tag":[259,262],"class_list":{"0":"post-4341","1":"product","2":"type-product","3":"status-publish","4":"has-post-thumbnail","6":"product_cat-key-shaped-usb-pendrive","7":"product_tag-metal-key-usb-flash-drive","8":"product_tag-thickened-metal-key-usb-falsh-drive","9":"desktop-align-left","10":"tablet-align-left","11":"mobile-align-left","13":"first","14":"instock","15":"shipping-taxable","16":"product-type-simple"},"_links":{"self":[{"href":"https:\/\/www.usborkeychain.com\/it\/wp-json\/wp\/v2\/product\/4341","targetHints":{"allow":["GET"]}}],"collection":[{"href":"https:\/\/www.usborkeychain.com\/it\/wp-json\/wp\/v2\/product"}],"about":[{"href":"https:\/\/www.usborkeychain.com\/it\/wp-json\/wp\/v2\/types\/product"}],"replies":[{"embeddable":true,"href":"https:\/\/www.usborkeychain.com\/it\/wp-json\/wp\/v2\/comments?post=4341"}],"wp:featuredmedia":[{"embeddable":true,"href":"https:\/\/www.usborkeychain.com\/it\/wp-json\/wp\/v2\/media\/4346"}],"wp:attachment":[{"href":"https:\/\/www.usborkeychain.com\/it\/wp-json\/wp\/v2\/media?parent=4341"}],"wp:term":[{"taxonomy":"product_brand","embeddable":true,"href":"https:\/\/www.usborkeychain.com\/it\/wp-json\/wp\/v2\/product_brand?post=4341"},{"taxonomy":"product_cat","embeddable":true,"href":"https:\/\/www.usborkeychain.com\/it\/wp-json\/wp\/v2\/product_cat?post=4341"},{"taxonomy":"product_tag","embeddable":true,"href":"https:\/\/www.usborkeychain.com\/it\/wp-json\/wp\/v2\/product_tag?post=4341"}],"curies":[{"name":"wp","href":"https:\/\/api.w.org\/{rel}","templated":true}]}}