{"id":4357,"date":"2025-07-23T03:04:28","date_gmt":"2025-07-23T03:04:28","guid":{"rendered":"https:\/\/www.usborkeychain.com\/?post_type=product&#038;p=4357"},"modified":"2025-07-23T23:50:53","modified_gmt":"2025-07-23T23:50:53","slug":"cartoon-backpack-shaped-usb-drive","status":"publish","type":"product","link":"https:\/\/www.usborkeychain.com\/it\/prodotto\/cartoon-backpack-shaped-usb-drive\/","title":{"rendered":"Unit\u00e0 USB a forma di zaino dei cartoni animati"},"content":{"rendered":"<div class=\"wp-block-columns is-layout-flex wp-container-core-columns-is-layout-28f84493 wp-block-columns-is-layout-flex\">\n<div class=\"wp-block-column is-layout-flow wp-block-column-is-layout-flow\">\n<figure class=\"wp-block-image size-full\"><img alt=\"\" fetchpriority=\"high\" decoding=\"async\" width=\"800\" height=\"800\" src=\"https:\/\/www.usborkeychain.com\/wp-content\/uploads\/Shoulder-Backpack-USB-Stick.jpg\" class=\"wp-image-4366\" srcset=\"https:\/\/www.usborkeychain.com\/wp-content\/uploads\/Shoulder-Backpack-USB-Stick.jpg 800w, https:\/\/www.usborkeychain.com\/wp-content\/uploads\/Shoulder-Backpack-USB-Stick-300x300.jpg 300w, https:\/\/www.usborkeychain.com\/wp-content\/uploads\/Shoulder-Backpack-USB-Stick-150x150.jpg 150w, https:\/\/www.usborkeychain.com\/wp-content\/uploads\/Shoulder-Backpack-USB-Stick-768x768.jpg 768w, https:\/\/www.usborkeychain.com\/wp-content\/uploads\/Shoulder-Backpack-USB-Stick-12x12.jpg 12w, https:\/\/www.usborkeychain.com\/wp-content\/uploads\/Shoulder-Backpack-USB-Stick-600x600.jpg 600w, https:\/\/www.usborkeychain.com\/wp-content\/uploads\/Shoulder-Backpack-USB-Stick-100x100.jpg 100w\" sizes=\"(max-width: 800px) 100vw, 800px\" \/><\/figure>\n<\/div>\n\n\n\n<div class=\"wp-block-column is-vertically-aligned-center is-layout-flow wp-block-column-is-layout-flow\">\n<p>L'unit\u00e0 USB a forma di zaino dei cartoni animati presenta un design unico, personalizzato in base alla forma degli zaini reali e replicato in egual misura.<\/p>\n\n\n\n<p> Dalla sagoma tridimensionale dello zaino ai dettagli di tasche e maniglie, segue rigorosamente le proporzioni e le forme degli zaini reali, fornendo un supporto personalizzato con una forte rilevanza scenica per settori come l'istruzione e le industrie culturali e creative.<\/p>\n<\/div>\n<\/div>\n\n\n\n<p><\/p>\n\n\n\n<h2 class=\"wp-block-heading\">Modellazione tridimensionale 3D \u00d7 Materiale PVC<\/h2>\n\n\n\n<p>I produttori utilizzano la tecnologia di stampaggio a iniezione tridimensionale e il materiale PVC flessibile e resistente per creare questo zaino USB. Il prodotto \u00e8 disponibile in quattro sistemi di colori ad alta saturazione: rosa, giallo brillante, azzurro e verde smeraldo, che sono \"accattivanti a prima vista\". Al tatto, la texture opaca e smerigliata del PVC simula i tessuti di uno zaino reale. <\/p>\n\n\n\n<p>La tecnologia 3D presenta i dettagli come la struttura a strati (tasca principale, tasca laterale) e la curvatura della maniglia dello zaino in modo tridimensionale - non solo mantiene la simpatia dei cartoni animati, ma raggiunge anche la portabilit\u00e0 con uno spessore ultra-sottile di 5 mm (circa 35 mm\u00d725 mm\u00d712 mm). Ciascuno pesa circa 25 g e pu\u00f2 essere utilizzato direttamente come accessorio portachiavi.<\/p>\n\n\n\n<div class=\"wp-block-columns is-layout-flex wp-container-core-columns-is-layout-9c22b1e3 wp-block-columns-is-layout-flex\">\n<div class=\"wp-block-column is-layout-flow wp-block-column-is-layout-flow\">\n<figure class=\"wp-block-image size-full\"><img alt=\"\" decoding=\"async\" width=\"800\" height=\"800\" src=\"https:\/\/www.usborkeychain.com\/wp-content\/uploads\/pink-Backpack-Double-Backpack-USB-Drive.jpg\" class=\"wp-image-4364\" srcset=\"https:\/\/www.usborkeychain.com\/wp-content\/uploads\/pink-Backpack-Double-Backpack-USB-Drive.jpg 800w, https:\/\/www.usborkeychain.com\/wp-content\/uploads\/pink-Backpack-Double-Backpack-USB-Drive-300x300.jpg 300w, https:\/\/www.usborkeychain.com\/wp-content\/uploads\/pink-Backpack-Double-Backpack-USB-Drive-150x150.jpg 150w, https:\/\/www.usborkeychain.com\/wp-content\/uploads\/pink-Backpack-Double-Backpack-USB-Drive-768x768.jpg 768w, https:\/\/www.usborkeychain.com\/wp-content\/uploads\/pink-Backpack-Double-Backpack-USB-Drive-12x12.jpg 12w, https:\/\/www.usborkeychain.com\/wp-content\/uploads\/pink-Backpack-Double-Backpack-USB-Drive-600x600.jpg 600w, https:\/\/www.usborkeychain.com\/wp-content\/uploads\/pink-Backpack-Double-Backpack-USB-Drive-100x100.jpg 100w\" sizes=\"(max-width: 800px) 100vw, 800px\" \/><\/figure>\n<\/div>\n\n\n\n<div class=\"wp-block-column is-layout-flow wp-block-column-is-layout-flow\">\n<figure class=\"wp-block-image size-full\"><img alt=\"\" decoding=\"async\" width=\"800\" height=\"800\" src=\"https:\/\/www.usborkeychain.com\/wp-content\/uploads\/blue-Backpack-shaped-USB-Drive.jpg\" class=\"wp-image-4362\" srcset=\"https:\/\/www.usborkeychain.com\/wp-content\/uploads\/blue-Backpack-shaped-USB-Drive.jpg 800w, https:\/\/www.usborkeychain.com\/wp-content\/uploads\/blue-Backpack-shaped-USB-Drive-300x300.jpg 300w, https:\/\/www.usborkeychain.com\/wp-content\/uploads\/blue-Backpack-shaped-USB-Drive-150x150.jpg 150w, https:\/\/www.usborkeychain.com\/wp-content\/uploads\/blue-Backpack-shaped-USB-Drive-768x768.jpg 768w, https:\/\/www.usborkeychain.com\/wp-content\/uploads\/blue-Backpack-shaped-USB-Drive-12x12.jpg 12w, https:\/\/www.usborkeychain.com\/wp-content\/uploads\/blue-Backpack-shaped-USB-Drive-600x600.jpg 600w, https:\/\/www.usborkeychain.com\/wp-content\/uploads\/blue-Backpack-shaped-USB-Drive-100x100.jpg 100w\" sizes=\"(max-width: 800px) 100vw, 800px\" \/><\/figure>\n<\/div>\n\n\n\n<div class=\"wp-block-column is-layout-flow wp-block-column-is-layout-flow\">\n<figure class=\"wp-block-image size-full\"><img alt=\"\" loading=\"lazy\" decoding=\"async\" width=\"800\" height=\"800\" src=\"https:\/\/www.usborkeychain.com\/wp-content\/uploads\/Backpack-USB-Drive-with-Double-Backpack.jpg\" class=\"wp-image-4360\" srcset=\"https:\/\/www.usborkeychain.com\/wp-content\/uploads\/Backpack-USB-Drive-with-Double-Backpack.jpg 800w, https:\/\/www.usborkeychain.com\/wp-content\/uploads\/Backpack-USB-Drive-with-Double-Backpack-300x300.jpg 300w, https:\/\/www.usborkeychain.com\/wp-content\/uploads\/Backpack-USB-Drive-with-Double-Backpack-150x150.jpg 150w, https:\/\/www.usborkeychain.com\/wp-content\/uploads\/Backpack-USB-Drive-with-Double-Backpack-768x768.jpg 768w, https:\/\/www.usborkeychain.com\/wp-content\/uploads\/Backpack-USB-Drive-with-Double-Backpack-12x12.jpg 12w, https:\/\/www.usborkeychain.com\/wp-content\/uploads\/Backpack-USB-Drive-with-Double-Backpack-600x600.jpg 600w, https:\/\/www.usborkeychain.com\/wp-content\/uploads\/Backpack-USB-Drive-with-Double-Backpack-100x100.jpg 100w\" sizes=\"(max-width: 800px) 100vw, 800px\" \/><\/figure>\n<\/div>\n\n\n\n<div class=\"wp-block-column is-layout-flow wp-block-column-is-layout-flow\">\n<figure class=\"wp-block-image size-full\"><img alt=\"\" loading=\"lazy\" decoding=\"async\" width=\"800\" height=\"800\" src=\"https:\/\/www.usborkeychain.com\/wp-content\/uploads\/yellow-Backpack-shaped-USB-Drive.jpg\" class=\"wp-image-4367\" srcset=\"https:\/\/www.usborkeychain.com\/wp-content\/uploads\/yellow-Backpack-shaped-USB-Drive.jpg 800w, https:\/\/www.usborkeychain.com\/wp-content\/uploads\/yellow-Backpack-shaped-USB-Drive-300x300.jpg 300w, https:\/\/www.usborkeychain.com\/wp-content\/uploads\/yellow-Backpack-shaped-USB-Drive-150x150.jpg 150w, https:\/\/www.usborkeychain.com\/wp-content\/uploads\/yellow-Backpack-shaped-USB-Drive-768x768.jpg 768w, https:\/\/www.usborkeychain.com\/wp-content\/uploads\/yellow-Backpack-shaped-USB-Drive-12x12.jpg 12w, https:\/\/www.usborkeychain.com\/wp-content\/uploads\/yellow-Backpack-shaped-USB-Drive-600x600.jpg 600w, https:\/\/www.usborkeychain.com\/wp-content\/uploads\/yellow-Backpack-shaped-USB-Drive-100x100.jpg 100w\" sizes=\"(max-width: 800px) 100vw, 800px\" \/><\/figure>\n<\/div>\n<\/div>\n\n\n\n<h3 class=\"wp-block-heading\">Tabella dei parametri del nucleo<\/h3>\n\n\n\n<figure class=\"wp-block-table\"><table class=\"has-fixed-layout\"><thead><tr><th>Parametro Voce<\/th><th>Dettagli<\/th><\/tr><\/thead><tbody><tr><td>Tipo di interfaccia<\/td><td>USB 2.0 (compatibile con i dispositivi USB 1.1)<\/td><\/tr><tr><td>Capacit\u00e0 opzionale<\/td><td>8GB, 16GB, 32GB, 64GB, 128GB<\/td><\/tr><tr><td>Dimensioni<\/td><td>35 mm (lunghezza) \u00d7 25 mm (larghezza) \u00d7 12 mm (spessore)<\/td><\/tr><tr><td>Peso<\/td><td>Circa 15g (leggero e portatile, adatto agli accessori)<\/td><\/tr><tr><td>Compatibilit\u00e0 della personalizzazione<\/td><td>Supporta la personalizzazione integrata di colore, LOGO e confezione<\/td><\/tr><\/tbody><\/table><\/figure>\n\n\n\n<h2 class=\"wp-block-heading\">Un bestseller per i venditori indipendenti di siti?<\/h2>\n\n\n\n<ol class=\"wp-block-list\">\n<li><strong>Simbolo visivo con forte rilevanza per la scena<\/strong>: Gli zaini sono articoli di uso quotidiano per studenti e viaggiatori. Il design fumettistico evoca naturalmente una risonanza emotiva di \"giovinezza e vitalit\u00e0\", e i consumatori d'oltreoceano sono pi\u00f9 disposti a pagare per \"prodotti digitali con storie\".<\/li>\n\n\n\n<li><strong>Flessibilit\u00e0 nella personalizzazione di piccoli lotti<\/strong>: I produttori supportano la personalizzazione differenziata con un ordine minimo di 100 pezzi (come la stampa dei LOGO del marchio e la regolazione degli schemi di colore). I venditori di siti indipendenti possono creare \"modelli IP esclusivi\" per evitare la concorrenza omogenea e ottenere un premio per il marchio del dominio privato.<\/li>\n<\/ol>\n\n\n\n<div class=\"wp-block-columns is-layout-flex wp-container-core-columns-is-layout-28f84493 wp-block-columns-is-layout-flex\">\n<div class=\"wp-block-column is-layout-flow wp-block-column-is-layout-flow\">\n<figure class=\"wp-block-image size-full\"><img alt=\"\" loading=\"lazy\" decoding=\"async\" width=\"800\" height=\"800\" src=\"https:\/\/www.usborkeychain.com\/wp-content\/uploads\/Shaped-Like-a-Backpack-Double-Backpack-USB-Stick.jpg\" class=\"wp-image-4365\" srcset=\"https:\/\/www.usborkeychain.com\/wp-content\/uploads\/Shaped-Like-a-Backpack-Double-Backpack-USB-Stick.jpg 800w, https:\/\/www.usborkeychain.com\/wp-content\/uploads\/Shaped-Like-a-Backpack-Double-Backpack-USB-Stick-300x300.jpg 300w, https:\/\/www.usborkeychain.com\/wp-content\/uploads\/Shaped-Like-a-Backpack-Double-Backpack-USB-Stick-150x150.jpg 150w, https:\/\/www.usborkeychain.com\/wp-content\/uploads\/Shaped-Like-a-Backpack-Double-Backpack-USB-Stick-768x768.jpg 768w, https:\/\/www.usborkeychain.com\/wp-content\/uploads\/Shaped-Like-a-Backpack-Double-Backpack-USB-Stick-12x12.jpg 12w, https:\/\/www.usborkeychain.com\/wp-content\/uploads\/Shaped-Like-a-Backpack-Double-Backpack-USB-Stick-600x600.jpg 600w, https:\/\/www.usborkeychain.com\/wp-content\/uploads\/Shaped-Like-a-Backpack-Double-Backpack-USB-Stick-100x100.jpg 100w\" sizes=\"(max-width: 800px) 100vw, 800px\" \/><\/figure>\n<\/div>\n\n\n\n<div class=\"wp-block-column is-layout-flow wp-block-column-is-layout-flow\">\n<figure class=\"wp-block-image size-full\"><img alt=\"\" loading=\"lazy\" decoding=\"async\" width=\"800\" height=\"800\" src=\"https:\/\/www.usborkeychain.com\/wp-content\/uploads\/Double-Shoulder-Backpack-USB-Flash-Drive.jpg\" class=\"wp-image-4363\" srcset=\"https:\/\/www.usborkeychain.com\/wp-content\/uploads\/Double-Shoulder-Backpack-USB-Flash-Drive.jpg 800w, https:\/\/www.usborkeychain.com\/wp-content\/uploads\/Double-Shoulder-Backpack-USB-Flash-Drive-300x300.jpg 300w, https:\/\/www.usborkeychain.com\/wp-content\/uploads\/Double-Shoulder-Backpack-USB-Flash-Drive-150x150.jpg 150w, https:\/\/www.usborkeychain.com\/wp-content\/uploads\/Double-Shoulder-Backpack-USB-Flash-Drive-768x768.jpg 768w, https:\/\/www.usborkeychain.com\/wp-content\/uploads\/Double-Shoulder-Backpack-USB-Flash-Drive-12x12.jpg 12w, https:\/\/www.usborkeychain.com\/wp-content\/uploads\/Double-Shoulder-Backpack-USB-Flash-Drive-600x600.jpg 600w, https:\/\/www.usborkeychain.com\/wp-content\/uploads\/Double-Shoulder-Backpack-USB-Flash-Drive-100x100.jpg 100w\" sizes=\"(max-width: 800px) 100vw, 800px\" \/><\/figure>\n<\/div>\n<\/div>","protected":false},"excerpt":{"rendered":"<ul>\n<li>Stampo in PVC<\/li>\n<li>USB a forma di zaino<\/li>\n<li>Molti colori<\/li>\n<li>Design 3D<\/li>\n<li>MOQ: 100PCS<\/li>\n<\/ul>","protected":false},"featured_media":4366,"comment_status":"open","ping_status":"closed","template":"","meta":{"_seopress_robots_primary_cat":"","_seopress_titles_title":"","_seopress_titles_desc":"","_seopress_robots_index":"","site-sidebar-layout":"default","site-content-layout":"","ast-site-content-layout":"","site-content-style":"default","site-sidebar-style":"default","ast-global-header-display":"","ast-banner-title-visibility":"","ast-main-header-display":"","ast-hfb-above-header-display":"","ast-hfb-below-header-display":"","ast-hfb-mobile-header-display":"","site-post-title":"","ast-breadcrumbs-content":"","ast-featured-img":"","footer-sml-layout":"","theme-transparent-header-meta":"","adv-header-id-meta":"","stick-header-meta":"","header-above-stick-meta":"","header-main-stick-meta":"","header-below-stick-meta":"","astra-migrate-meta-layouts":"default","ast-page-background-enabled":"default","ast-page-background-meta":{"desktop":{"background-color":"var(--ast-global-color-5)","background-image":"","background-repeat":"repeat","background-position":"center center","background-size":"auto","background-attachment":"scroll","background-type":"","background-media":"","overlay-type":"","overlay-color":"","overlay-opacity":"","overlay-gradient":""},"tablet":{"background-color":"","background-image":"","background-repeat":"repeat","background-position":"center center","background-size":"auto","background-attachment":"scroll","background-type":"","background-media":"","overlay-type":"","overlay-color":"","overlay-opacity":"","overlay-gradient":""},"mobile":{"background-color":"","background-image":"","background-repeat":"repeat","background-position":"center center","background-size":"auto","background-attachment":"scroll","background-type":"","background-media":"","overlay-type":"","overlay-color":"","overlay-opacity":"","overlay-gradient":""}},"ast-content-background-meta":{"desktop":{"background-color":"var(--ast-global-color-4)","background-image":"","background-repeat":"repeat","background-position":"center center","background-size":"auto","background-attachment":"scroll","background-type":"","background-media":"","overlay-type":"","overlay-color":"","overlay-opacity":"","overlay-gradient":""},"tablet":{"background-color":"var(--ast-global-color-4)","background-image":"","background-repeat":"repeat","background-position":"center center","background-size":"auto","background-attachment":"scroll","background-type":"","background-media":"","overlay-type":"","overlay-color":"","overlay-opacity":"","overlay-gradient":""},"mobile":{"background-color":"var(--ast-global-color-4)","background-image":"","background-repeat":"repeat","background-position":"center center","background-size":"auto","background-attachment":"scroll","background-type":"","background-media":"","overlay-type":"","overlay-color":"","overlay-opacity":"","overlay-gradient":""}}},"product_brand":[],"product_cat":[94],"product_tag":[264],"class_list":{"0":"post-4357","1":"product","2":"type-product","3":"status-publish","4":"has-post-thumbnail","6":"product_cat-pvc-usb-pendrive","7":"product_tag-bag-usb-flash-drive","8":"desktop-align-left","9":"tablet-align-left","10":"mobile-align-left","12":"first","13":"instock","14":"shipping-taxable","15":"product-type-simple"},"_links":{"self":[{"href":"https:\/\/www.usborkeychain.com\/it\/wp-json\/wp\/v2\/product\/4357","targetHints":{"allow":["GET"]}}],"collection":[{"href":"https:\/\/www.usborkeychain.com\/it\/wp-json\/wp\/v2\/product"}],"about":[{"href":"https:\/\/www.usborkeychain.com\/it\/wp-json\/wp\/v2\/types\/product"}],"replies":[{"embeddable":true,"href":"https:\/\/www.usborkeychain.com\/it\/wp-json\/wp\/v2\/comments?post=4357"}],"wp:featuredmedia":[{"embeddable":true,"href":"https:\/\/www.usborkeychain.com\/it\/wp-json\/wp\/v2\/media\/4366"}],"wp:attachment":[{"href":"https:\/\/www.usborkeychain.com\/it\/wp-json\/wp\/v2\/media?parent=4357"}],"wp:term":[{"taxonomy":"product_brand","embeddable":true,"href":"https:\/\/www.usborkeychain.com\/it\/wp-json\/wp\/v2\/product_brand?post=4357"},{"taxonomy":"product_cat","embeddable":true,"href":"https:\/\/www.usborkeychain.com\/it\/wp-json\/wp\/v2\/product_cat?post=4357"},{"taxonomy":"product_tag","embeddable":true,"href":"https:\/\/www.usborkeychain.com\/it\/wp-json\/wp\/v2\/product_tag?post=4357"}],"curies":[{"name":"wp","href":"https:\/\/api.w.org\/{rel}","templated":true}]}}