{"id":4425,"date":"2025-07-23T23:13:13","date_gmt":"2025-07-23T23:13:13","guid":{"rendered":"https:\/\/www.usborkeychain.com\/?post_type=product&#038;p=4425"},"modified":"2025-07-23T23:51:02","modified_gmt":"2025-07-23T23:51:02","slug":"ladybug-shaped-usb-flash-drive","status":"publish","type":"product","link":"https:\/\/www.usborkeychain.com\/it\/prodotto\/ladybug-shaped-usb-flash-drive\/","title":{"rendered":"Chiavetta USB a forma di coccinella"},"content":{"rendered":"<p><\/p>\n\n\n\n<div class=\"wp-block-columns is-layout-flex wp-container-core-columns-is-layout-28f84493 wp-block-columns-is-layout-flex\">\n<div class=\"wp-block-column is-layout-flow wp-block-column-is-layout-flow\">\n<figure class=\"wp-block-image size-full\"><img alt=\"\" fetchpriority=\"high\" decoding=\"async\" width=\"800\" height=\"800\" src=\"https:\/\/www.usborkeychain.com\/wp-content\/uploads\/Whimsical-Ladybug-Thumb-Drive.jpg\" class=\"wp-image-4432\" srcset=\"https:\/\/www.usborkeychain.com\/wp-content\/uploads\/Whimsical-Ladybug-Thumb-Drive.jpg 800w, https:\/\/www.usborkeychain.com\/wp-content\/uploads\/Whimsical-Ladybug-Thumb-Drive-300x300.jpg 300w, https:\/\/www.usborkeychain.com\/wp-content\/uploads\/Whimsical-Ladybug-Thumb-Drive-150x150.jpg 150w, https:\/\/www.usborkeychain.com\/wp-content\/uploads\/Whimsical-Ladybug-Thumb-Drive-768x768.jpg 768w, https:\/\/www.usborkeychain.com\/wp-content\/uploads\/Whimsical-Ladybug-Thumb-Drive-12x12.jpg 12w, https:\/\/www.usborkeychain.com\/wp-content\/uploads\/Whimsical-Ladybug-Thumb-Drive-600x600.jpg 600w, https:\/\/www.usborkeychain.com\/wp-content\/uploads\/Whimsical-Ladybug-Thumb-Drive-100x100.jpg 100w\" sizes=\"(max-width: 800px) 100vw, 800px\" \/><\/figure>\n<\/div>\n\n\n\n<div class=\"wp-block-column is-vertically-aligned-center is-layout-flow wp-block-column-is-layout-flow\">\n<p>Le unit\u00e0 USB a forma di scarabeo e le unit\u00e0 USB a forma di coccinella sono la nostra nuova serie di unit\u00e0 USB creative altamente realistiche. Rompono il design monotono dei dispositivi di archiviazione tradizionali con forme vivaci di insetti.<\/p>\n\n\n\n<p>Questa chiavetta USB a forma di scarabeo (coccinella) ricrea l'aspetto simpatico dell'insetto grazie alla tecnologia di stampaggio 3D in PVC altamente realistica. <\/p>\n\n\n\n<p>I colori principali sono il rosso e il nero, con un contorno arrotondato, un fondo piatto per un posizionamento stabile e una catena in cima per un facile trasporto. <\/p>\n\n\n\n<p>Realizzato in gomma morbida PVC ecologica mediante stampaggio, \u00e8 antiurto, resistente all'usura e delicato sulla pelle.<\/p>\n<\/div>\n<\/div>\n\n\n\n<ul class=\"wp-block-list\">\n<li><strong>Struttura della forma<\/strong>: Il fondo piatto garantisce stabilit\u00e0 quando viene posizionato. Il lato anteriore utilizza la tecnologia di stampaggio 3D per creare sagome arrotondate di coleotteri e coccinelle, con caratteristiche realistiche come antenne e macchie.<\/li>\n\n\n\n<li><strong>Colore e materiale<\/strong>: I colori principali rosso e nero riproducono fedelmente le caratteristiche visive della specie. \u00c8 realizzato in gomma morbida di PVC mediante stampaggio, che \u00e8 morbida e rispettosa della pelle. Ha anche propriet\u00e0 pratiche di resistenza agli urti e all'usura e non \u00e8 facile da deformare dopo un uso prolungato.<\/li>\n<\/ul>\n\n\n\n<div class=\"wp-block-columns is-layout-flex wp-container-core-columns-is-layout-28f84493 wp-block-columns-is-layout-flex\">\n<div class=\"wp-block-column is-layout-flow wp-block-column-is-layout-flow\">\n<figure class=\"wp-block-image size-full\"><img alt=\"\" decoding=\"async\" width=\"800\" height=\"800\" src=\"https:\/\/www.usborkeychain.com\/wp-content\/uploads\/Ladybug-Beetle-USB-Drive.jpg\" class=\"wp-image-4431\" srcset=\"https:\/\/www.usborkeychain.com\/wp-content\/uploads\/Ladybug-Beetle-USB-Drive.jpg 800w, https:\/\/www.usborkeychain.com\/wp-content\/uploads\/Ladybug-Beetle-USB-Drive-300x300.jpg 300w, https:\/\/www.usborkeychain.com\/wp-content\/uploads\/Ladybug-Beetle-USB-Drive-150x150.jpg 150w, https:\/\/www.usborkeychain.com\/wp-content\/uploads\/Ladybug-Beetle-USB-Drive-768x768.jpg 768w, https:\/\/www.usborkeychain.com\/wp-content\/uploads\/Ladybug-Beetle-USB-Drive-12x12.jpg 12w, https:\/\/www.usborkeychain.com\/wp-content\/uploads\/Ladybug-Beetle-USB-Drive-600x600.jpg 600w, https:\/\/www.usborkeychain.com\/wp-content\/uploads\/Ladybug-Beetle-USB-Drive-100x100.jpg 100w\" sizes=\"(max-width: 800px) 100vw, 800px\" \/><\/figure>\n<\/div>\n\n\n\n<div class=\"wp-block-column is-layout-flow wp-block-column-is-layout-flow\">\n<figure class=\"wp-block-image size-full\"><img alt=\"\" decoding=\"async\" width=\"800\" height=\"800\" src=\"https:\/\/www.usborkeychain.com\/wp-content\/uploads\/Ladybug-Shaped-USB-Flash-Drive.png\" class=\"wp-image-4430\" srcset=\"https:\/\/www.usborkeychain.com\/wp-content\/uploads\/Ladybug-Shaped-USB-Flash-Drive.png 800w, https:\/\/www.usborkeychain.com\/wp-content\/uploads\/Ladybug-Shaped-USB-Flash-Drive-300x300.png 300w, https:\/\/www.usborkeychain.com\/wp-content\/uploads\/Ladybug-Shaped-USB-Flash-Drive-150x150.png 150w, https:\/\/www.usborkeychain.com\/wp-content\/uploads\/Ladybug-Shaped-USB-Flash-Drive-768x768.png 768w, https:\/\/www.usborkeychain.com\/wp-content\/uploads\/Ladybug-Shaped-USB-Flash-Drive-12x12.png 12w, https:\/\/www.usborkeychain.com\/wp-content\/uploads\/Ladybug-Shaped-USB-Flash-Drive-600x600.png 600w, https:\/\/www.usborkeychain.com\/wp-content\/uploads\/Ladybug-Shaped-USB-Flash-Drive-100x100.png 100w\" sizes=\"(max-width: 800px) 100vw, 800px\" \/><\/figure>\n<\/div>\n<\/div>\n\n\n\n<h2 class=\"wp-block-heading\">Tabella dei parametri del nucleo<\/h2>\n\n\n\n<figure class=\"wp-block-table\"><table class=\"has-fixed-layout\"><thead><tr><th>Parametro Voce<\/th><th>Dettagli<\/th><\/tr><\/thead><tbody><tr><td>Opzioni di capacit\u00e0<\/td><td>8GB \/ 16GB \/ 32GB \/ 64GB \/ 128GB (opzionale)<\/td><\/tr><tr><td>Tipo di interfaccia<\/td><td>USB 2.0 \/ USB 3.0 (due versioni opzionali, compatibili con Windows e Mac OS)<\/td><\/tr><tr><td>Velocit\u00e0 di lettura\/scrittura (tipica)<\/td><td>USB 2.0: Velocit\u00e0 di lettura \u224815MB\/s, velocit\u00e0 di scrittura \u22488MB\/s; USB 3.0: Velocit\u00e0 di lettura \u224880MB\/s, velocit\u00e0 di scrittura \u224830MB\/s<\/td><\/tr><tr><td>Materiale<\/td><td>Gomma morbida in PVC (ecologica e non tossica, certificata RoHS)<\/td><\/tr><tr><td>Dimensioni (compresa la catena)<\/td><td>Circa 35\u00d728\u00d712 mm (piccolo e portatile, adatto a portachiavi e altri accessori)<\/td><\/tr><tr><td>Peso<\/td><td>Circa 15 g (leggero e facile da trasportare)<\/td><\/tr><tr><td>Temperatura di esercizio<\/td><td>-10\u2103 ~ 60\u2103 (adatto all'uso in vari ambienti)<\/td><\/tr><\/tbody><\/table><\/figure>\n\n\n\n<h3 class=\"wp-block-heading\">1. Industria del regalo culturale e creativo<\/h3>\n\n\n\n<ul class=\"wp-block-list\">\n<li><strong>Scenari di applicazione<\/strong>: Souvenir del marchio, regali di Natale personalizzati, periferiche a marchio IP.<\/li>\n\n\n\n<li><strong>Motivi per scegliere<\/strong>: Il design simpatico \u00e8 accattivante. Con i loghi personalizzati (ottenibili con la stampa UV), pu\u00f2 trasmettere la creativit\u00e0 del marchio e far s\u00ec che gli utenti lo conservino per il suo \"bell'aspetto\", aumentando il favore del marchio.<\/li>\n<\/ul>\n\n\n\n<h3 class=\"wp-block-heading\">2. Industria dell'istruzione<\/h3>\n\n\n\n<ul class=\"wp-block-list\">\n<li><strong>Scenari di applicazione<\/strong>: Conservazione del materiale didattico degli studenti, premi per le attivit\u00e0 del campus, strumenti di supporto all'educazione scientifica.<\/li>\n\n\n\n<li><strong>Motivi per scegliere<\/strong>: Il design bionico si adatta alle preferenze degli adolescenti, riducendo la monotonia degli \"strumenti di archiviazione\". Il materiale in gomma morbida PVC \u00e8 resistente agli urti e durevole, adatto agli scenari quotidiani di \"uso intenso\" degli studenti, rendendo pi\u00f9 interessante la conservazione delle conoscenze.<\/li>\n<\/ul>","protected":false},"excerpt":{"rendered":"<ul>\n<li>Usb a forma di scarabeo<\/li>\n<li>USB a forma di coccinella<\/li>\n<li>Stampo in PVC<\/li>\n<li>Rosso e nero<\/li>\n<li>MOQ: 100PCS<\/li>\n<\/ul>","protected":false},"featured_media":4428,"comment_status":"open","ping_status":"closed","template":"","meta":{"_seopress_robots_primary_cat":"","_seopress_titles_title":"","_seopress_titles_desc":"","_seopress_robots_index":"","site-sidebar-layout":"default","site-content-layout":"","ast-site-content-layout":"","site-content-style":"default","site-sidebar-style":"default","ast-global-header-display":"","ast-banner-title-visibility":"","ast-main-header-display":"","ast-hfb-above-header-display":"","ast-hfb-below-header-display":"","ast-hfb-mobile-header-display":"","site-post-title":"","ast-breadcrumbs-content":"","ast-featured-img":"","footer-sml-layout":"","theme-transparent-header-meta":"","adv-header-id-meta":"","stick-header-meta":"","header-above-stick-meta":"","header-main-stick-meta":"","header-below-stick-meta":"","astra-migrate-meta-layouts":"default","ast-page-background-enabled":"default","ast-page-background-meta":{"desktop":{"background-color":"var(--ast-global-color-5)","background-image":"","background-repeat":"repeat","background-position":"center center","background-size":"auto","background-attachment":"scroll","background-type":"","background-media":"","overlay-type":"","overlay-color":"","overlay-opacity":"","overlay-gradient":""},"tablet":{"background-color":"","background-image":"","background-repeat":"repeat","background-position":"center center","background-size":"auto","background-attachment":"scroll","background-type":"","background-media":"","overlay-type":"","overlay-color":"","overlay-opacity":"","overlay-gradient":""},"mobile":{"background-color":"","background-image":"","background-repeat":"repeat","background-position":"center center","background-size":"auto","background-attachment":"scroll","background-type":"","background-media":"","overlay-type":"","overlay-color":"","overlay-opacity":"","overlay-gradient":""}},"ast-content-background-meta":{"desktop":{"background-color":"var(--ast-global-color-4)","background-image":"","background-repeat":"repeat","background-position":"center center","background-size":"auto","background-attachment":"scroll","background-type":"","background-media":"","overlay-type":"","overlay-color":"","overlay-opacity":"","overlay-gradient":""},"tablet":{"background-color":"var(--ast-global-color-4)","background-image":"","background-repeat":"repeat","background-position":"center center","background-size":"auto","background-attachment":"scroll","background-type":"","background-media":"","overlay-type":"","overlay-color":"","overlay-opacity":"","overlay-gradient":""},"mobile":{"background-color":"var(--ast-global-color-4)","background-image":"","background-repeat":"repeat","background-position":"center center","background-size":"auto","background-attachment":"scroll","background-type":"","background-media":"","overlay-type":"","overlay-color":"","overlay-opacity":"","overlay-gradient":""}}},"product_brand":[],"product_cat":[94],"product_tag":[266],"class_list":{"0":"post-4425","1":"product","2":"type-product","3":"status-publish","4":"has-post-thumbnail","6":"product_cat-pvc-usb-pendrive","7":"product_tag-insect-shaped-usb-drive","8":"desktop-align-left","9":"tablet-align-left","10":"mobile-align-left","12":"first","13":"instock","14":"shipping-taxable","15":"product-type-simple"},"_links":{"self":[{"href":"https:\/\/www.usborkeychain.com\/it\/wp-json\/wp\/v2\/product\/4425","targetHints":{"allow":["GET"]}}],"collection":[{"href":"https:\/\/www.usborkeychain.com\/it\/wp-json\/wp\/v2\/product"}],"about":[{"href":"https:\/\/www.usborkeychain.com\/it\/wp-json\/wp\/v2\/types\/product"}],"replies":[{"embeddable":true,"href":"https:\/\/www.usborkeychain.com\/it\/wp-json\/wp\/v2\/comments?post=4425"}],"wp:featuredmedia":[{"embeddable":true,"href":"https:\/\/www.usborkeychain.com\/it\/wp-json\/wp\/v2\/media\/4428"}],"wp:attachment":[{"href":"https:\/\/www.usborkeychain.com\/it\/wp-json\/wp\/v2\/media?parent=4425"}],"wp:term":[{"taxonomy":"product_brand","embeddable":true,"href":"https:\/\/www.usborkeychain.com\/it\/wp-json\/wp\/v2\/product_brand?post=4425"},{"taxonomy":"product_cat","embeddable":true,"href":"https:\/\/www.usborkeychain.com\/it\/wp-json\/wp\/v2\/product_cat?post=4425"},{"taxonomy":"product_tag","embeddable":true,"href":"https:\/\/www.usborkeychain.com\/it\/wp-json\/wp\/v2\/product_tag?post=4425"}],"curies":[{"name":"wp","href":"https:\/\/api.w.org\/{rel}","templated":true}]}}