{"id":4436,"date":"2025-07-23T23:48:29","date_gmt":"2025-07-23T23:48:29","guid":{"rendered":"https:\/\/www.usborkeychain.com\/?post_type=product&#038;p=4436"},"modified":"2025-08-11T07:01:19","modified_gmt":"2025-08-11T07:01:19","slug":"hp-v250-metal-ring-usb-flash-drive","status":"publish","type":"product","link":"https:\/\/www.usborkeychain.com\/it\/prodotto\/hp-v250-metal-ring-usb-flash-drive\/","title":{"rendered":"Unit\u00e0 flash USB HP V250 Metal Ring"},"content":{"rendered":"<p><\/p>\n\n\n\n<div class=\"wp-block-columns is-layout-flex wp-container-core-columns-is-layout-28f84493 wp-block-columns-is-layout-flex\">\n<div class=\"wp-block-column is-layout-flow wp-block-column-is-layout-flow\">\n<figure class=\"wp-block-image size-full\"><img alt=\"\" fetchpriority=\"high\" decoding=\"async\" width=\"1000\" height=\"1000\" src=\"https:\/\/www.usborkeychain.com\/wp-content\/uploads\/HP-V250-Metal-Ring-USB-pendrive.jpg\" class=\"wp-image-4445\" srcset=\"https:\/\/www.usborkeychain.com\/wp-content\/uploads\/HP-V250-Metal-Ring-USB-pendrive.jpg 1000w, https:\/\/www.usborkeychain.com\/wp-content\/uploads\/HP-V250-Metal-Ring-USB-pendrive-300x300.jpg 300w, https:\/\/www.usborkeychain.com\/wp-content\/uploads\/HP-V250-Metal-Ring-USB-pendrive-150x150.jpg 150w, https:\/\/www.usborkeychain.com\/wp-content\/uploads\/HP-V250-Metal-Ring-USB-pendrive-768x768.jpg 768w, https:\/\/www.usborkeychain.com\/wp-content\/uploads\/HP-V250-Metal-Ring-USB-pendrive-12x12.jpg 12w, https:\/\/www.usborkeychain.com\/wp-content\/uploads\/HP-V250-Metal-Ring-USB-pendrive-600x600.jpg 600w, https:\/\/www.usborkeychain.com\/wp-content\/uploads\/HP-V250-Metal-Ring-USB-pendrive-100x100.jpg 100w\" sizes=\"(max-width: 1000px) 100vw, 1000px\" \/><\/figure>\n<\/div>\n\n\n\n<div class=\"wp-block-column is-vertically-aligned-center is-layout-flow wp-block-column-is-layout-flow\">\n<p>Classico modello di riferimento delle unit\u00e0 flash USB di HP, l'unit\u00e0 flash USB HP V250 Metal Ring \u00e8 da tempo in cima alle classifiche di popolarit\u00e0 delle unit\u00e0 USB in metallo grazie alla sua estetica minimalista in metallo e al suo design pratico.<\/p>\n\n\n\n<p> \u00c8 la scelta migliore per gli utenti che cercano qualit\u00e0 e portabilit\u00e0.<\/p>\n<\/div>\n<\/div>\n\n\n\n<h3 class=\"wp-block-heading\">Anello grande + design plug-and-play<\/h3>\n\n\n\n<p>L'unit\u00e0 flash USB HP V250 Metal Ring presenta un semplice design plug-and-play in un unico pezzo, dotato di un'iconica fibbia ad anello in metallo di grandi dimensioni (con un diametro di circa 15 mm). \u00c8 facile da trasportare e non rischia di perdersi, con una struttura semplice e robusta che incarna perfettamente l'estetica pratica.<\/p>\n\n\n\n<ul class=\"wp-block-list\">\n<li>L'anello pu\u00f2 essere attaccato direttamente ai portachiavi o alle fibbie degli zaini, risolvendo il problema della \"facilit\u00e0 di perdere le unit\u00e0 USB\";<\/li>\n\n\n\n<li>L'interfaccia plug-and-play non richiede alcuna memoria aggiuntiva, consentendo un utilizzo immediato e l'adattamento a diversi scenari, come il lavoro d'ufficio e i viaggi;<\/li>\n\n\n\n<li>L'involucro metallico integrato \u00e8 trattato con una finitura smerigliata, che vanta una texture delicata, resistenza all'usura e alle impronte digitali.<\/li>\n<\/ul>\n\n\n\n<div class=\"wp-block-columns is-layout-flex wp-container-core-columns-is-layout-9c22b1e3 wp-block-columns-is-layout-flex\">\n<div class=\"wp-block-column is-layout-flow wp-block-column-is-layout-flow\">\n<figure class=\"wp-block-image size-full\"><img alt=\"\" decoding=\"async\" width=\"1000\" height=\"1000\" src=\"https:\/\/www.usborkeychain.com\/wp-content\/uploads\/siliver-HP-V250-Metal-Ring-USB-Flash-Drive.jpg\" class=\"wp-image-4446\" srcset=\"https:\/\/www.usborkeychain.com\/wp-content\/uploads\/siliver-HP-V250-Metal-Ring-USB-Flash-Drive.jpg 1000w, https:\/\/www.usborkeychain.com\/wp-content\/uploads\/siliver-HP-V250-Metal-Ring-USB-Flash-Drive-300x300.jpg 300w, https:\/\/www.usborkeychain.com\/wp-content\/uploads\/siliver-HP-V250-Metal-Ring-USB-Flash-Drive-150x150.jpg 150w, https:\/\/www.usborkeychain.com\/wp-content\/uploads\/siliver-HP-V250-Metal-Ring-USB-Flash-Drive-768x768.jpg 768w, https:\/\/www.usborkeychain.com\/wp-content\/uploads\/siliver-HP-V250-Metal-Ring-USB-Flash-Drive-12x12.jpg 12w, https:\/\/www.usborkeychain.com\/wp-content\/uploads\/siliver-HP-V250-Metal-Ring-USB-Flash-Drive-600x600.jpg 600w, https:\/\/www.usborkeychain.com\/wp-content\/uploads\/siliver-HP-V250-Metal-Ring-USB-Flash-Drive-100x100.jpg 100w\" sizes=\"(max-width: 1000px) 100vw, 1000px\" \/><\/figure>\n<\/div>\n\n\n\n<div class=\"wp-block-column is-layout-flow wp-block-column-is-layout-flow\">\n<figure class=\"wp-block-image size-full\"><img alt=\"\" decoding=\"async\" width=\"1000\" height=\"1000\" src=\"https:\/\/www.usborkeychain.com\/wp-content\/uploads\/HP-V250-Metal-Ring-USB-Flash-Drive.jpg\" class=\"wp-image-4444\" srcset=\"https:\/\/www.usborkeychain.com\/wp-content\/uploads\/HP-V250-Metal-Ring-USB-Flash-Drive.jpg 1000w, https:\/\/www.usborkeychain.com\/wp-content\/uploads\/HP-V250-Metal-Ring-USB-Flash-Drive-300x300.jpg 300w, https:\/\/www.usborkeychain.com\/wp-content\/uploads\/HP-V250-Metal-Ring-USB-Flash-Drive-150x150.jpg 150w, https:\/\/www.usborkeychain.com\/wp-content\/uploads\/HP-V250-Metal-Ring-USB-Flash-Drive-768x768.jpg 768w, https:\/\/www.usborkeychain.com\/wp-content\/uploads\/HP-V250-Metal-Ring-USB-Flash-Drive-12x12.jpg 12w, https:\/\/www.usborkeychain.com\/wp-content\/uploads\/HP-V250-Metal-Ring-USB-Flash-Drive-600x600.jpg 600w, https:\/\/www.usborkeychain.com\/wp-content\/uploads\/HP-V250-Metal-Ring-USB-Flash-Drive-100x100.jpg 100w\" sizes=\"(max-width: 1000px) 100vw, 1000px\" \/><\/figure>\n<\/div>\n\n\n\n<div class=\"wp-block-column is-layout-flow wp-block-column-is-layout-flow\">\n<figure class=\"wp-block-image size-full\"><img alt=\"\" loading=\"lazy\" decoding=\"async\" width=\"1000\" height=\"1000\" src=\"https:\/\/www.usborkeychain.com\/wp-content\/uploads\/black-HP-V250-Metal-Ring-USB-Flash-Drive.jpg\" class=\"wp-image-4440\" srcset=\"https:\/\/www.usborkeychain.com\/wp-content\/uploads\/black-HP-V250-Metal-Ring-USB-Flash-Drive.jpg 1000w, https:\/\/www.usborkeychain.com\/wp-content\/uploads\/black-HP-V250-Metal-Ring-USB-Flash-Drive-300x300.jpg 300w, https:\/\/www.usborkeychain.com\/wp-content\/uploads\/black-HP-V250-Metal-Ring-USB-Flash-Drive-150x150.jpg 150w, https:\/\/www.usborkeychain.com\/wp-content\/uploads\/black-HP-V250-Metal-Ring-USB-Flash-Drive-768x768.jpg 768w, https:\/\/www.usborkeychain.com\/wp-content\/uploads\/black-HP-V250-Metal-Ring-USB-Flash-Drive-12x12.jpg 12w, https:\/\/www.usborkeychain.com\/wp-content\/uploads\/black-HP-V250-Metal-Ring-USB-Flash-Drive-600x600.jpg 600w, https:\/\/www.usborkeychain.com\/wp-content\/uploads\/black-HP-V250-Metal-Ring-USB-Flash-Drive-100x100.jpg 100w\" sizes=\"(max-width: 1000px) 100vw, 1000px\" \/><\/figure>\n<\/div>\n<\/div>\n\n\n\n<h3 class=\"wp-block-heading\">Tabella dei parametri del nucleo<\/h3>\n\n\n\n<figure class=\"wp-block-table\"><table class=\"has-fixed-layout\"><thead><tr><th>Parametro Voce<\/th><th>Specifiche dettagliate<\/th><\/tr><\/thead><tbody><tr><td>Marca e modello<\/td><td>Unit\u00e0 flash USB HP V250 Metal Ring<\/td><\/tr><tr><td>Capacit\u00e0 disponibili<\/td><td>8GB \/ 16GB \/ 32GB \/ 64GB \/ 128GB (per soddisfare le esigenze di archiviazione quotidiana e di ufficio professionale)<\/td><\/tr><tr><td>Tipo di interfaccia<\/td><td>USB 2.0 (versione base) \/ USB 3.0 (versione ad alta velocit\u00e0), compatibile con sistemi Windows, Mac e Linux<\/td><\/tr><tr><td>Velocit\u00e0 di lettura\/scrittura<\/td><td>Fino a 35MB\/s in lettura e 12MB\/s in scrittura (versione USB 3.0; la velocit\u00e0 effettiva varia in base al dispositivo\/capacit\u00e0)<\/td><\/tr><tr><td>Dimensioni e peso<\/td><td>35 mm di lunghezza \u00d7 12 mm di larghezza \u00d7 4 mm di spessore, con un diametro dell'anello di 15 mm; peso di circa 8 g (leggero e non pesante)<\/td><\/tr><tr><td>Materiale e artigianato<\/td><td>Involucro in lega di zinco in un unico pezzo, resistente alle cadute e all'usura, protegge efficacemente il chip.<\/td><\/tr><\/tbody><\/table><\/figure>\n\n\n\n<div class=\"wp-block-columns is-layout-flex wp-container-core-columns-is-layout-9c22b1e3 wp-block-columns-is-layout-flex\">\n<div class=\"wp-block-column is-layout-flow wp-block-column-is-layout-flow\">\n<figure class=\"wp-block-image size-full\"><img alt=\"\" loading=\"lazy\" decoding=\"async\" width=\"1000\" height=\"1000\" src=\"https:\/\/www.usborkeychain.com\/wp-content\/uploads\/HP-V250-Metal-Ring-USB-Flash-Drive-manufacturer.jpg\" class=\"wp-image-4442\" srcset=\"https:\/\/www.usborkeychain.com\/wp-content\/uploads\/HP-V250-Metal-Ring-USB-Flash-Drive-manufacturer.jpg 1000w, https:\/\/www.usborkeychain.com\/wp-content\/uploads\/HP-V250-Metal-Ring-USB-Flash-Drive-manufacturer-300x300.jpg 300w, https:\/\/www.usborkeychain.com\/wp-content\/uploads\/HP-V250-Metal-Ring-USB-Flash-Drive-manufacturer-150x150.jpg 150w, https:\/\/www.usborkeychain.com\/wp-content\/uploads\/HP-V250-Metal-Ring-USB-Flash-Drive-manufacturer-768x768.jpg 768w, https:\/\/www.usborkeychain.com\/wp-content\/uploads\/HP-V250-Metal-Ring-USB-Flash-Drive-manufacturer-12x12.jpg 12w, https:\/\/www.usborkeychain.com\/wp-content\/uploads\/HP-V250-Metal-Ring-USB-Flash-Drive-manufacturer-600x600.jpg 600w, https:\/\/www.usborkeychain.com\/wp-content\/uploads\/HP-V250-Metal-Ring-USB-Flash-Drive-manufacturer-100x100.jpg 100w\" sizes=\"(max-width: 1000px) 100vw, 1000px\" \/><\/figure>\n<\/div>\n\n\n\n<div class=\"wp-block-column is-layout-flow wp-block-column-is-layout-flow\">\n<figure class=\"wp-block-image size-full\"><img alt=\"\" loading=\"lazy\" decoding=\"async\" width=\"1000\" height=\"1000\" src=\"https:\/\/www.usborkeychain.com\/wp-content\/uploads\/HP-V250-Metal-Ring-USB-Flash-Disk.jpg\" class=\"wp-image-4441\" srcset=\"https:\/\/www.usborkeychain.com\/wp-content\/uploads\/HP-V250-Metal-Ring-USB-Flash-Disk.jpg 1000w, https:\/\/www.usborkeychain.com\/wp-content\/uploads\/HP-V250-Metal-Ring-USB-Flash-Disk-300x300.jpg 300w, https:\/\/www.usborkeychain.com\/wp-content\/uploads\/HP-V250-Metal-Ring-USB-Flash-Disk-150x150.jpg 150w, https:\/\/www.usborkeychain.com\/wp-content\/uploads\/HP-V250-Metal-Ring-USB-Flash-Disk-768x768.jpg 768w, https:\/\/www.usborkeychain.com\/wp-content\/uploads\/HP-V250-Metal-Ring-USB-Flash-Disk-12x12.jpg 12w, https:\/\/www.usborkeychain.com\/wp-content\/uploads\/HP-V250-Metal-Ring-USB-Flash-Disk-600x600.jpg 600w, https:\/\/www.usborkeychain.com\/wp-content\/uploads\/HP-V250-Metal-Ring-USB-Flash-Disk-100x100.jpg 100w\" sizes=\"(max-width: 1000px) 100vw, 1000px\" \/><\/figure>\n<\/div>\n<\/div>\n\n\n\n<h4 class=\"wp-block-heading\">Motivi consigliati per siti di e-commerce e indipendenti:<\/h4>\n\n\n\n<p>L'unit\u00e0 flash USB HP V250 Metal Ring \u00e8 uno dei modelli di unit\u00e0 USB pi\u00f9 venduti dai venditori di siti indipendenti e dalle piattaforme di e-commerce (come Amazon, eBay), molto popolare per le sue prestazioni ad alto costo e la qualit\u00e0 affidabile. Ecco i due punti principali consigliati:<\/p>\n\n\n\n<ol class=\"wp-block-list\">\n<li>Trasmissione ad alte prestazioni: L'interfaccia USB 3.0, combinata con una velocit\u00e0 di lettura di 100 MB\/s, migliora significativamente l'efficienza del trasferimento dei file.<\/li>\n\n\n\n<li>Design resistente: L'involucro metallico offre una protezione extra, essendo resistente alle cadute e agli urti, prolungando la durata e riducendo il rischio di perdita di dati.<\/li>\n<\/ol>\n\n\n\n<h4 class=\"wp-block-heading\">Motivi consigliati per un regalo personalizzato:<\/h4>\n\n\n\n<ul class=\"wp-block-list\">\n<li>Incisione laser personalizzata: Il miglior effetto, con un'incisione laser chiara e duratura, che raggiunge una profondit\u00e0 di 0,5 mm, adatta per loghi aziendali o firme personali.<\/li>\n\n\n\n<li>Personalizzazione del logo in serigrafia: Economico e pratico, con colori brillanti, adatto a ordini di grandi volumi.<\/li>\n\n\n\n<li>Personalizzazione del logo stampato a colori: Pu\u00f2 presentare motivi complessi, ma l'effetto laser \u00e8 superiore in termini di chiarezza e resistenza all'usura (il metodo laser \u00e8 altamente raccomandato e garantisce l'assenza di sbiadimento per pi\u00f9 di 5 anni).<\/li>\n<\/ul>\n\n\n\n<p><\/p>","protected":false},"excerpt":{"rendered":"<ul>\n<li>HP V250<\/li>\n<li>Unit\u00e0 flash USB ad anello in metallo<\/li>\n<li>Con portachiavi in metallo<\/li>\n<li>Oro, argento, colore nero<\/li>\n<li>LOGO personalizzato<\/li>\n<\/ul>","protected":false},"featured_media":4445,"comment_status":"open","ping_status":"closed","template":"","meta":{"_seopress_robots_primary_cat":"","_seopress_titles_title":"","_seopress_titles_desc":"","_seopress_robots_index":"","site-sidebar-layout":"default","site-content-layout":"","ast-site-content-layout":"","site-content-style":"default","site-sidebar-style":"default","ast-global-header-display":"","ast-banner-title-visibility":"","ast-main-header-display":"","ast-hfb-above-header-display":"","ast-hfb-below-header-display":"","ast-hfb-mobile-header-display":"","site-post-title":"","ast-breadcrumbs-content":"","ast-featured-img":"","footer-sml-layout":"","theme-transparent-header-meta":"","adv-header-id-meta":"","stick-header-meta":"","header-above-stick-meta":"","header-main-stick-meta":"","header-below-stick-meta":"","astra-migrate-meta-layouts":"default","ast-page-background-enabled":"default","ast-page-background-meta":{"desktop":{"background-color":"var(--ast-global-color-5)","background-image":"","background-repeat":"repeat","background-position":"center center","background-size":"auto","background-attachment":"scroll","background-type":"","background-media":"","overlay-type":"","overlay-color":"","overlay-opacity":"","overlay-gradient":""},"tablet":{"background-color":"","background-image":"","background-repeat":"repeat","background-position":"center center","background-size":"auto","background-attachment":"scroll","background-type":"","background-media":"","overlay-type":"","overlay-color":"","overlay-opacity":"","overlay-gradient":""},"mobile":{"background-color":"","background-image":"","background-repeat":"repeat","background-position":"center center","background-size":"auto","background-attachment":"scroll","background-type":"","background-media":"","overlay-type":"","overlay-color":"","overlay-opacity":"","overlay-gradient":""}},"ast-content-background-meta":{"desktop":{"background-color":"var(--ast-global-color-4)","background-image":"","background-repeat":"repeat","background-position":"center center","background-size":"auto","background-attachment":"scroll","background-type":"","background-media":"","overlay-type":"","overlay-color":"","overlay-opacity":"","overlay-gradient":""},"tablet":{"background-color":"var(--ast-global-color-4)","background-image":"","background-repeat":"repeat","background-position":"center center","background-size":"auto","background-attachment":"scroll","background-type":"","background-media":"","overlay-type":"","overlay-color":"","overlay-opacity":"","overlay-gradient":""},"mobile":{"background-color":"var(--ast-global-color-4)","background-image":"","background-repeat":"repeat","background-position":"center center","background-size":"auto","background-attachment":"scroll","background-type":"","background-media":"","overlay-type":"","overlay-color":"","overlay-opacity":"","overlay-gradient":""}}},"product_brand":[],"product_cat":[111,89,101],"product_tag":[217,396],"class_list":{"0":"post-4436","1":"product","2":"type-product","3":"status-publish","4":"has-post-thumbnail","6":"product_cat-brand-usb-pendrive","7":"product_cat-metal-usb-pendrive","8":"product_cat-usb-pendrive-with-keychain","9":"product_tag-hp-usb-flash-drive","10":"product_tag-stainless-steel-usb-flash-drive","11":"desktop-align-left","12":"tablet-align-left","13":"mobile-align-left","15":"first","16":"instock","17":"shipping-taxable","18":"product-type-simple"},"_links":{"self":[{"href":"https:\/\/www.usborkeychain.com\/it\/wp-json\/wp\/v2\/product\/4436","targetHints":{"allow":["GET"]}}],"collection":[{"href":"https:\/\/www.usborkeychain.com\/it\/wp-json\/wp\/v2\/product"}],"about":[{"href":"https:\/\/www.usborkeychain.com\/it\/wp-json\/wp\/v2\/types\/product"}],"replies":[{"embeddable":true,"href":"https:\/\/www.usborkeychain.com\/it\/wp-json\/wp\/v2\/comments?post=4436"}],"wp:featuredmedia":[{"embeddable":true,"href":"https:\/\/www.usborkeychain.com\/it\/wp-json\/wp\/v2\/media\/4445"}],"wp:attachment":[{"href":"https:\/\/www.usborkeychain.com\/it\/wp-json\/wp\/v2\/media?parent=4436"}],"wp:term":[{"taxonomy":"product_brand","embeddable":true,"href":"https:\/\/www.usborkeychain.com\/it\/wp-json\/wp\/v2\/product_brand?post=4436"},{"taxonomy":"product_cat","embeddable":true,"href":"https:\/\/www.usborkeychain.com\/it\/wp-json\/wp\/v2\/product_cat?post=4436"},{"taxonomy":"product_tag","embeddable":true,"href":"https:\/\/www.usborkeychain.com\/it\/wp-json\/wp\/v2\/product_tag?post=4436"}],"curies":[{"name":"wp","href":"https:\/\/api.w.org\/{rel}","templated":true}]}}