{"id":4447,"date":"2025-07-24T00:37:35","date_gmt":"2025-07-24T00:37:35","guid":{"rendered":"https:\/\/www.usborkeychain.com\/?post_type=product&#038;p=4447"},"modified":"2025-07-24T00:38:52","modified_gmt":"2025-07-24T00:38:52","slug":"natural-log-wood-flip-usb-drive","status":"publish","type":"product","link":"https:\/\/www.usborkeychain.com\/it\/prodotto\/natural-log-wood-flip-usb-drive\/","title":{"rendered":"Unit\u00e0 USB flip in legno di tronco naturale"},"content":{"rendered":"<p><\/p>\n\n\n\n<div class=\"wp-block-columns is-layout-flex wp-container-core-columns-is-layout-28f84493 wp-block-columns-is-layout-flex\">\n<div class=\"wp-block-column is-layout-flow wp-block-column-is-layout-flow\">\n<figure class=\"wp-block-image size-full\"><img alt=\"\" fetchpriority=\"high\" decoding=\"async\" width=\"800\" height=\"800\" src=\"https:\/\/www.usborkeychain.com\/wp-content\/uploads\/Bamboo-Wood-Flip-USB-Drive.jpg\" class=\"wp-image-4450\" srcset=\"https:\/\/www.usborkeychain.com\/wp-content\/uploads\/Bamboo-Wood-Flip-USB-Drive.jpg 800w, https:\/\/www.usborkeychain.com\/wp-content\/uploads\/Bamboo-Wood-Flip-USB-Drive-300x300.jpg 300w, https:\/\/www.usborkeychain.com\/wp-content\/uploads\/Bamboo-Wood-Flip-USB-Drive-150x150.jpg 150w, https:\/\/www.usborkeychain.com\/wp-content\/uploads\/Bamboo-Wood-Flip-USB-Drive-768x768.jpg 768w, https:\/\/www.usborkeychain.com\/wp-content\/uploads\/Bamboo-Wood-Flip-USB-Drive-12x12.jpg 12w, https:\/\/www.usborkeychain.com\/wp-content\/uploads\/Bamboo-Wood-Flip-USB-Drive-600x600.jpg 600w, https:\/\/www.usborkeychain.com\/wp-content\/uploads\/Bamboo-Wood-Flip-USB-Drive-100x100.jpg 100w\" sizes=\"(max-width: 800px) 100vw, 800px\" \/><\/figure>\n<\/div>\n\n\n\n<div class=\"wp-block-column is-vertically-aligned-center is-layout-flow wp-block-column-is-layout-flow\">\n<h1 class=\"wp-block-heading\">Unit\u00e0 USB in legno Flip<\/h1>\n\n\n\n<p>L'unit\u00e0 USB in legno flip \u00e8 un dispositivo di archiviazione innovativo che supera la tradizione. Con la sua struttura ribaltabile a 360\u00b0, ridefinisce la forma delle unit\u00e0 USB. Dotata di un'interfaccia USB 3.0 ad alta velocit\u00e0, la sua efficienza di trasmissione di secondo livello supera di gran lunga quella delle unit\u00e0 USB tradizionali. <\/p>\n\n\n\n<p>Inoltre, presenta un rivestimento in legno naturale, con opzioni di legno grezzo, acero e bamb\u00f9, che combina perfettamente texture naturali e funzionalit\u00e0 tecnologiche.<\/p>\n<\/div>\n<\/div>\n\n\n\n<h3 class=\"wp-block-heading\">Materiale e design:<\/h3>\n\n\n\n<ul class=\"wp-block-list\">\n<li><strong>Selezione del materiale<\/strong>: L'involucro \u00e8 realizzato in legno naturale (legno grezzo, acero, bamb\u00f9, ecc.) con uno spessore di \u22653 mm. Finemente lucidato, ha un tocco caldo e una consistenza unica, con un'estetica naturale: ogni pezzo ha una venatura del legno naturalmente unica.<\/li>\n\n\n\n<li><strong>Flip Design<\/strong>: Adotta un'innovativa struttura girevole a 360\u00b0, con un albero rotante in legno che consente all'involucro di girare liberamente. Una volta estratto, pu\u00f2 essere collegato direttamente per l'uso senza operazioni complesse. Il connettore metallico USB 3.0 a inserimento diretto viene avvolto dall'involucro in legno durante il ribaltamento, riducendo efficacemente i danni causati da urti e polvere e prolungandone la durata.<\/li>\n<\/ul>\n\n\n\n<div class=\"wp-block-columns is-layout-flex wp-container-core-columns-is-layout-28f84493 wp-block-columns-is-layout-flex\">\n<div class=\"wp-block-column is-layout-flow wp-block-column-is-layout-flow\">\n<figure class=\"wp-block-image size-full\"><img alt=\"\" decoding=\"async\" width=\"800\" height=\"800\" src=\"https:\/\/www.usborkeychain.com\/wp-content\/uploads\/Rosewood-Flip-USB-Drive.jpg\" class=\"wp-image-4453\" srcset=\"https:\/\/www.usborkeychain.com\/wp-content\/uploads\/Rosewood-Flip-USB-Drive.jpg 800w, https:\/\/www.usborkeychain.com\/wp-content\/uploads\/Rosewood-Flip-USB-Drive-300x300.jpg 300w, https:\/\/www.usborkeychain.com\/wp-content\/uploads\/Rosewood-Flip-USB-Drive-150x150.jpg 150w, https:\/\/www.usborkeychain.com\/wp-content\/uploads\/Rosewood-Flip-USB-Drive-768x768.jpg 768w, https:\/\/www.usborkeychain.com\/wp-content\/uploads\/Rosewood-Flip-USB-Drive-12x12.jpg 12w, https:\/\/www.usborkeychain.com\/wp-content\/uploads\/Rosewood-Flip-USB-Drive-600x600.jpg 600w, https:\/\/www.usborkeychain.com\/wp-content\/uploads\/Rosewood-Flip-USB-Drive-100x100.jpg 100w\" sizes=\"(max-width: 800px) 100vw, 800px\" \/><\/figure>\n<\/div>\n\n\n\n<div class=\"wp-block-column is-layout-flow wp-block-column-is-layout-flow\">\n<figure class=\"wp-block-image size-full\"><img alt=\"\" decoding=\"async\" width=\"800\" height=\"800\" src=\"https:\/\/www.usborkeychain.com\/wp-content\/uploads\/Log-Wood-Flip-USB-Driv.jpg\" class=\"wp-image-4451\" srcset=\"https:\/\/www.usborkeychain.com\/wp-content\/uploads\/Log-Wood-Flip-USB-Driv.jpg 800w, https:\/\/www.usborkeychain.com\/wp-content\/uploads\/Log-Wood-Flip-USB-Driv-300x300.jpg 300w, https:\/\/www.usborkeychain.com\/wp-content\/uploads\/Log-Wood-Flip-USB-Driv-150x150.jpg 150w, https:\/\/www.usborkeychain.com\/wp-content\/uploads\/Log-Wood-Flip-USB-Driv-768x768.jpg 768w, https:\/\/www.usborkeychain.com\/wp-content\/uploads\/Log-Wood-Flip-USB-Driv-12x12.jpg 12w, https:\/\/www.usborkeychain.com\/wp-content\/uploads\/Log-Wood-Flip-USB-Driv-600x600.jpg 600w, https:\/\/www.usborkeychain.com\/wp-content\/uploads\/Log-Wood-Flip-USB-Driv-100x100.jpg 100w\" sizes=\"(max-width: 800px) 100vw, 800px\" \/><\/figure>\n<\/div>\n<\/div>\n\n\n\n<h3 class=\"wp-block-heading\">Parametri fondamentali<\/h3>\n\n\n\n<figure class=\"wp-block-table\"><table class=\"has-fixed-layout\"><thead><tr><th>Categoria di parametri<\/th><th>Specifiche tecniche<\/th><\/tr><\/thead><tbody><tr><td>Capacit\u00e0 di stoccaggio<\/td><td>8GB \/ 16GB \/ 32GB \/ 64GB \/ 128GB<\/td><\/tr><tr><td>Interfaccia standard<\/td><td>USB 3.0 (compatibile con USB 2.0)<\/td><\/tr><tr><td>Velocit\u00e0 di lettura<\/td><td>Fino a circa 100MB\/s (varia a seconda del dispositivo\/capacit\u00e0)<\/td><\/tr><tr><td>Velocit\u00e0 di scrittura<\/td><td>Fino a circa 30MB\/s (varia a seconda del dispositivo\/capacit\u00e0)<\/td><\/tr><tr><td>Materiale dell'involucro<\/td><td>Legno grezzo, acero, bamb\u00f9 (opzionale)<\/td><\/tr><tr><td>Materiale del connettore in metallo<\/td><td>Lega (antiossidazione, resistente all'usura)<\/td><\/tr><tr><td>Dimensioni del prodotto<\/td><td>Circa 90\u00d720\u00d710 mm (dimensioni complessive)<\/td><\/tr><tr><td>Peso del prodotto<\/td><td>Circa 15 g (leggero e portatile)<\/td><\/tr><\/tbody><\/table><\/figure>\n\n\n\n<div class=\"wp-block-columns is-layout-flex wp-container-core-columns-is-layout-28f84493 wp-block-columns-is-layout-flex\">\n<div class=\"wp-block-column is-layout-flow wp-block-column-is-layout-flow\">\n<figure class=\"wp-block-image size-full\"><img alt=\"\" loading=\"lazy\" decoding=\"async\" width=\"1024\" height=\"1024\" src=\"https:\/\/www.usborkeychain.com\/wp-content\/uploads\/Maple-Wood-Flip-USB-Drive.jpg\" class=\"wp-image-4452\" srcset=\"https:\/\/www.usborkeychain.com\/wp-content\/uploads\/Maple-Wood-Flip-USB-Drive.jpg 1024w, https:\/\/www.usborkeychain.com\/wp-content\/uploads\/Maple-Wood-Flip-USB-Drive-300x300.jpg 300w, https:\/\/www.usborkeychain.com\/wp-content\/uploads\/Maple-Wood-Flip-USB-Drive-150x150.jpg 150w, https:\/\/www.usborkeychain.com\/wp-content\/uploads\/Maple-Wood-Flip-USB-Drive-768x768.jpg 768w, https:\/\/www.usborkeychain.com\/wp-content\/uploads\/Maple-Wood-Flip-USB-Drive-12x12.jpg 12w, https:\/\/www.usborkeychain.com\/wp-content\/uploads\/Maple-Wood-Flip-USB-Drive-600x600.jpg 600w, https:\/\/www.usborkeychain.com\/wp-content\/uploads\/Maple-Wood-Flip-USB-Drive-100x100.jpg 100w\" sizes=\"(max-width: 1024px) 100vw, 1024px\" \/><\/figure>\n<\/div>\n\n\n\n<div class=\"wp-block-column is-vertically-aligned-center is-layout-flow wp-block-column-is-layout-flow\">\n<h3 class=\"wp-block-heading\">Personalizzazione personalizzata: Estensione del marchio dalla chiavetta USB all'imballaggio<\/h3>\n\n\n\n<ul class=\"wp-block-list\">\n<li><strong>Personalizzazione del logo<\/strong>: L'involucro in legno supporta l'incisione laser (con una texture chiara e una sensazione di qualit\u00e0 superiore) o la stampa a colori (colori vivaci e motivi ricchi), soddisfacendo le esigenze di personalizzazione come i loghi aziendali e i disegni personalizzati.<\/li>\n\n\n\n<li><strong>Personalizzazione dell'imballaggio<\/strong>: La scatola da imballaggio in legno abbinata pu\u00f2 essere personalizzata con un LOGO simultaneamente, ottenendo una produzione integrata del marchio dalla chiavetta USB all'imballaggio. \u00c8 adatta a scenari come regali aziendali, souvenir di eventi e regali culturali e creativi.<\/li>\n<\/ul>\n<\/div>\n<\/div>","protected":false},"excerpt":{"rendered":"<ul>\n<li>Stile Flip<\/li>\n<li>Materiale in legno<\/li>\n<li>Struttura ribaltabile a 360\u00b0<\/li>\n<li>Interfaccia USB 3.0 ad alta velocit\u00e0<\/li>\n<li>LOGO personalizzato<\/li>\n<\/ul>","protected":false},"featured_media":4451,"comment_status":"open","ping_status":"closed","template":"","meta":{"_seopress_robots_primary_cat":"","_seopress_titles_title":"","_seopress_titles_desc":"","_seopress_robots_index":"","site-sidebar-layout":"default","site-content-layout":"","ast-site-content-layout":"","site-content-style":"default","site-sidebar-style":"default","ast-global-header-display":"","ast-banner-title-visibility":"","ast-main-header-display":"","ast-hfb-above-header-display":"","ast-hfb-below-header-display":"","ast-hfb-mobile-header-display":"","site-post-title":"","ast-breadcrumbs-content":"","ast-featured-img":"","footer-sml-layout":"","theme-transparent-header-meta":"","adv-header-id-meta":"","stick-header-meta":"","header-above-stick-meta":"","header-main-stick-meta":"","header-below-stick-meta":"","astra-migrate-meta-layouts":"default","ast-page-background-enabled":"default","ast-page-background-meta":{"desktop":{"background-color":"var(--ast-global-color-5)","background-image":"","background-repeat":"repeat","background-position":"center center","background-size":"auto","background-attachment":"scroll","background-type":"","background-media":"","overlay-type":"","overlay-color":"","overlay-opacity":"","overlay-gradient":""},"tablet":{"background-color":"","background-image":"","background-repeat":"repeat","background-position":"center center","background-size":"auto","background-attachment":"scroll","background-type":"","background-media":"","overlay-type":"","overlay-color":"","overlay-opacity":"","overlay-gradient":""},"mobile":{"background-color":"","background-image":"","background-repeat":"repeat","background-position":"center center","background-size":"auto","background-attachment":"scroll","background-type":"","background-media":"","overlay-type":"","overlay-color":"","overlay-opacity":"","overlay-gradient":""}},"ast-content-background-meta":{"desktop":{"background-color":"var(--ast-global-color-4)","background-image":"","background-repeat":"repeat","background-position":"center center","background-size":"auto","background-attachment":"scroll","background-type":"","background-media":"","overlay-type":"","overlay-color":"","overlay-opacity":"","overlay-gradient":""},"tablet":{"background-color":"var(--ast-global-color-4)","background-image":"","background-repeat":"repeat","background-position":"center center","background-size":"auto","background-attachment":"scroll","background-type":"","background-media":"","overlay-type":"","overlay-color":"","overlay-opacity":"","overlay-gradient":""},"mobile":{"background-color":"var(--ast-global-color-4)","background-image":"","background-repeat":"repeat","background-position":"center center","background-size":"auto","background-attachment":"scroll","background-type":"","background-media":"","overlay-type":"","overlay-color":"","overlay-opacity":"","overlay-gradient":""}}},"product_brand":[],"product_cat":[168,104],"product_tag":[171],"class_list":{"0":"post-4447","1":"product","2":"type-product","3":"status-publish","4":"has-post-thumbnail","6":"product_cat-wood-usb-flash-drive","7":"product_cat-usb3-0-usb-pendrive","8":"product_tag-flip-usb-flash-drive","9":"desktop-align-left","10":"tablet-align-left","11":"mobile-align-left","13":"first","14":"instock","15":"shipping-taxable","16":"product-type-simple"},"_links":{"self":[{"href":"https:\/\/www.usborkeychain.com\/it\/wp-json\/wp\/v2\/product\/4447","targetHints":{"allow":["GET"]}}],"collection":[{"href":"https:\/\/www.usborkeychain.com\/it\/wp-json\/wp\/v2\/product"}],"about":[{"href":"https:\/\/www.usborkeychain.com\/it\/wp-json\/wp\/v2\/types\/product"}],"replies":[{"embeddable":true,"href":"https:\/\/www.usborkeychain.com\/it\/wp-json\/wp\/v2\/comments?post=4447"}],"wp:featuredmedia":[{"embeddable":true,"href":"https:\/\/www.usborkeychain.com\/it\/wp-json\/wp\/v2\/media\/4451"}],"wp:attachment":[{"href":"https:\/\/www.usborkeychain.com\/it\/wp-json\/wp\/v2\/media?parent=4447"}],"wp:term":[{"taxonomy":"product_brand","embeddable":true,"href":"https:\/\/www.usborkeychain.com\/it\/wp-json\/wp\/v2\/product_brand?post=4447"},{"taxonomy":"product_cat","embeddable":true,"href":"https:\/\/www.usborkeychain.com\/it\/wp-json\/wp\/v2\/product_cat?post=4447"},{"taxonomy":"product_tag","embeddable":true,"href":"https:\/\/www.usborkeychain.com\/it\/wp-json\/wp\/v2\/product_tag?post=4447"}],"curies":[{"name":"wp","href":"https:\/\/api.w.org\/{rel}","templated":true}]}}