{"id":4454,"date":"2025-07-24T00:56:00","date_gmt":"2025-07-24T00:56:00","guid":{"rendered":"https:\/\/www.usborkeychain.com\/?post_type=product&#038;p=4454"},"modified":"2025-08-17T13:16:34","modified_gmt":"2025-08-17T13:16:34","slug":"long-strip-right-angle-wooden-usb-stick","status":"publish","type":"product","link":"https:\/\/www.usborkeychain.com\/it\/prodotto\/long-strip-right-angle-wooden-usb-stick\/","title":{"rendered":"Striscia lunga ad angolo retto Chiavetta USB in legno"},"content":{"rendered":"<p><\/p>\n\n\n\n<div class=\"wp-block-columns is-layout-flex wp-container-core-columns-is-layout-28f84493 wp-block-columns-is-layout-flex\">\n<div class=\"wp-block-column is-layout-flow wp-block-column-is-layout-flow\">\n<figure class=\"wp-block-image size-full\"><img fetchpriority=\"high\" decoding=\"async\" width=\"720\" height=\"720\" src=\"https:\/\/www.usborkeychain.com\/wp-content\/uploads\/180\u00b0-Rotating-Wooden-USB-Flash-Drive.jpg\" alt=\"180\u00b0 Rotating Wooden USB Flash Drive\" class=\"wp-image-4457\" srcset=\"https:\/\/www.usborkeychain.com\/wp-content\/uploads\/180\u00b0-Rotating-Wooden-USB-Flash-Drive.jpg 720w, https:\/\/www.usborkeychain.com\/wp-content\/uploads\/180\u00b0-Rotating-Wooden-USB-Flash-Drive-300x300.jpg 300w, https:\/\/www.usborkeychain.com\/wp-content\/uploads\/180\u00b0-Rotating-Wooden-USB-Flash-Drive-150x150.jpg 150w, https:\/\/www.usborkeychain.com\/wp-content\/uploads\/180\u00b0-Rotating-Wooden-USB-Flash-Drive-12x12.jpg 12w, https:\/\/www.usborkeychain.com\/wp-content\/uploads\/180\u00b0-Rotating-Wooden-USB-Flash-Drive-600x600.jpg 600w, https:\/\/www.usborkeychain.com\/wp-content\/uploads\/180\u00b0-Rotating-Wooden-USB-Flash-Drive-100x100.jpg 100w\" sizes=\"(max-width: 720px) 100vw, 720px\" \/><\/figure>\n<\/div>\n\n\n\n<div class=\"wp-block-column is-vertically-aligned-center is-layout-flow wp-block-column-is-layout-flow\">\n<p>L'unit\u00e0 USB rotante in legno a striscia lunga ad angolo retto rompe l'impressione stereotipata delle unit\u00e0 USB tradizionali con il suo mini profilo rettangolare. Le linee ad angolo retto delineano una struttura ordinata ed \u00e8 dotata di una struttura rotante a 180 gradi per realizzare la ritrazione e l'estensione flessibile dell'interfaccia USB - quando viene riposta.<\/p>\n\n\n\n<p> Si adatta al guscio di legno e, quando \u00e8 in uso, pu\u00f2 essere dispiegato con un clic, il che non solo impedisce all'interfaccia di essere urtata, ma rende anche l'operazione pi\u00f9 comoda.<\/p>\n<\/div>\n<\/div>\n\n\n\n<h3 class=\"wp-block-heading\">Selezione del materiale<\/h3>\n\n\n\n<p>Grazie alla selezione di legni naturali come il legno grezzo, il legno di acero e il legno di bamb\u00f9, ogni unit\u00e0 USB presenta una venatura unica e una consistenza calda, interpretando l'estetica naturale.<\/p>\n\n\n\n<h3 class=\"wp-block-heading\">Dettagli sull'aspetto<\/h3>\n\n\n\n<ul class=\"wp-block-list\">\n<li>Design sagomato: Il mini corpo principale rettangolare con piccoli angoli arrotondati a 10 gradi e lucidati sui bordi, tiene conto sia del comfort di presa che della delicatezza visiva;<\/li>\n\n\n\n<li>Struttura rotante: Il connettore USB supporta una rotazione bidirezionale di 180 gradi, fluida e senza inceppamenti, che consente di passare con un solo clic dalla conservazione all'uso;<\/li>\n\n\n\n<li>Design portatile: Dotato di un portachiavi in metallo sulla coda, pu\u00f2 essere appeso direttamente al portachiavi o alla borsa per essere trasportato facilmente e senza perdite.<\/li>\n<\/ul>\n\n\n\n<div class=\"wp-block-columns is-layout-flex wp-container-core-columns-is-layout-28f84493 wp-block-columns-is-layout-flex\">\n<div class=\"wp-block-column is-layout-flow wp-block-column-is-layout-flow\">\n<figure class=\"wp-block-image size-full\"><img alt=\"\" decoding=\"async\" width=\"720\" height=\"720\" src=\"https:\/\/www.usborkeychain.com\/wp-content\/uploads\/Mini-Wooden-Rectangular-USB-Drive.jpg\" class=\"wp-image-4459\" srcset=\"https:\/\/www.usborkeychain.com\/wp-content\/uploads\/Mini-Wooden-Rectangular-USB-Drive.jpg 720w, https:\/\/www.usborkeychain.com\/wp-content\/uploads\/Mini-Wooden-Rectangular-USB-Drive-300x300.jpg 300w, https:\/\/www.usborkeychain.com\/wp-content\/uploads\/Mini-Wooden-Rectangular-USB-Drive-150x150.jpg 150w, https:\/\/www.usborkeychain.com\/wp-content\/uploads\/Mini-Wooden-Rectangular-USB-Drive-12x12.jpg 12w, https:\/\/www.usborkeychain.com\/wp-content\/uploads\/Mini-Wooden-Rectangular-USB-Drive-600x600.jpg 600w, https:\/\/www.usborkeychain.com\/wp-content\/uploads\/Mini-Wooden-Rectangular-USB-Drive-100x100.jpg 100w\" sizes=\"(max-width: 720px) 100vw, 720px\" \/><\/figure>\n<\/div>\n\n\n\n<div class=\"wp-block-column is-layout-flow wp-block-column-is-layout-flow\">\n<figure class=\"wp-block-image size-full\"><img alt=\"\" decoding=\"async\" width=\"720\" height=\"720\" src=\"https:\/\/www.usborkeychain.com\/wp-content\/uploads\/Wooden-Long-Strip-Right-Angle-USB-Drive.jpg\" class=\"wp-image-4460\" srcset=\"https:\/\/www.usborkeychain.com\/wp-content\/uploads\/Wooden-Long-Strip-Right-Angle-USB-Drive.jpg 720w, https:\/\/www.usborkeychain.com\/wp-content\/uploads\/Wooden-Long-Strip-Right-Angle-USB-Drive-300x300.jpg 300w, https:\/\/www.usborkeychain.com\/wp-content\/uploads\/Wooden-Long-Strip-Right-Angle-USB-Drive-150x150.jpg 150w, https:\/\/www.usborkeychain.com\/wp-content\/uploads\/Wooden-Long-Strip-Right-Angle-USB-Drive-12x12.jpg 12w, https:\/\/www.usborkeychain.com\/wp-content\/uploads\/Wooden-Long-Strip-Right-Angle-USB-Drive-600x600.jpg 600w, https:\/\/www.usborkeychain.com\/wp-content\/uploads\/Wooden-Long-Strip-Right-Angle-USB-Drive-100x100.jpg 100w\" sizes=\"(max-width: 720px) 100vw, 720px\" \/><\/figure>\n<\/div>\n<\/div>\n\n\n\n<p>Il legno \u00e8 il \"supporto d'oro\" per l'incisione laser: le venature naturali rendono l'incisione del LOGO pi\u00f9 tridimensionale, la sfumatura del colore del legno mette in evidenza gli strati e il prodotto finito presenta una texture di alto livello. \u00c8 particolarmente adatto per i seguenti scenari:<\/p>\n\n\n\n<ol class=\"wp-block-list\">\n<li>Industria del matrimonio: Conservare le immagini del matrimonio, incidere i nomi e le date degli sposi e diventare un regalo in stile \"capsula del tempo\", portatore di eterno romanticismo;<\/li>\n\n\n\n<li>Industria fotografica: Conservare le foto campione\/le foto degli ospiti, incidere il LOGO dello studio, rendere pi\u00f9 cerimoniosa la consegna dei lavori e rafforzare la memoria del marchio;<\/li>\n\n\n\n<li>Industria musicale: Conservare singoli\/album originali, incidere il nome dell'artista e dell'album, creare periferiche musicali esclusive e trasmettere la temperatura della creazione;<\/li>\n\n\n\n<li>Personalizzazione aziendale: Incidere loghi e slogan aziendali rende i regali aziendali pratici ed eleganti, mentre il materiale naturale \u00e8 pi\u00f9 in linea con il concetto di protezione ambientale.<\/li>\n<\/ol>\n\n\n\n<p>L'unit\u00e0 USB rotante ad angolo retto a striscia lunga in legno integra perfettamente l'artigianato vintage del legno con l'archiviazione moderna: la rotazione di 180 gradi e il design a portachiavi aumentano la praticit\u00e0, mentre l'incisione laser conferisce un'espressione personalizzata.<\/p>\n\n\n\n<p><\/p>","protected":false},"excerpt":{"rendered":"<ul>\n<li>Rotazione a 180\u00b0<\/li>\n<li>Angolo retto<\/li>\n<li>Striscia lunga di legno<\/li>\n<li>LOGO Csutom<\/li>\n<li>Pacchetto personalizzato<\/li>\n<\/ul>","protected":false},"featured_media":4457,"comment_status":"open","ping_status":"closed","template":"","meta":{"_seopress_robots_primary_cat":"","_seopress_titles_title":"","_seopress_titles_desc":"","_seopress_robots_index":"","site-sidebar-layout":"default","site-content-layout":"","ast-site-content-layout":"","site-content-style":"default","site-sidebar-style":"default","ast-global-header-display":"","ast-banner-title-visibility":"","ast-main-header-display":"","ast-hfb-above-header-display":"","ast-hfb-below-header-display":"","ast-hfb-mobile-header-display":"","site-post-title":"","ast-breadcrumbs-content":"","ast-featured-img":"","footer-sml-layout":"","theme-transparent-header-meta":"","adv-header-id-meta":"","stick-header-meta":"","header-above-stick-meta":"","header-main-stick-meta":"","header-below-stick-meta":"","astra-migrate-meta-layouts":"default","ast-page-background-enabled":"default","ast-page-background-meta":{"desktop":{"background-color":"var(--ast-global-color-5)","background-image":"","background-repeat":"repeat","background-position":"center center","background-size":"auto","background-attachment":"scroll","background-type":"","background-media":"","overlay-type":"","overlay-color":"","overlay-opacity":"","overlay-gradient":""},"tablet":{"background-color":"","background-image":"","background-repeat":"repeat","background-position":"center center","background-size":"auto","background-attachment":"scroll","background-type":"","background-media":"","overlay-type":"","overlay-color":"","overlay-opacity":"","overlay-gradient":""},"mobile":{"background-color":"","background-image":"","background-repeat":"repeat","background-position":"center center","background-size":"auto","background-attachment":"scroll","background-type":"","background-media":"","overlay-type":"","overlay-color":"","overlay-opacity":"","overlay-gradient":""}},"ast-content-background-meta":{"desktop":{"background-color":"var(--ast-global-color-4)","background-image":"","background-repeat":"repeat","background-position":"center center","background-size":"auto","background-attachment":"scroll","background-type":"","background-media":"","overlay-type":"","overlay-color":"","overlay-opacity":"","overlay-gradient":""},"tablet":{"background-color":"var(--ast-global-color-4)","background-image":"","background-repeat":"repeat","background-position":"center center","background-size":"auto","background-attachment":"scroll","background-type":"","background-media":"","overlay-type":"","overlay-color":"","overlay-opacity":"","overlay-gradient":""},"mobile":{"background-color":"var(--ast-global-color-4)","background-image":"","background-repeat":"repeat","background-position":"center center","background-size":"auto","background-attachment":"scroll","background-type":"","background-media":"","overlay-type":"","overlay-color":"","overlay-opacity":"","overlay-gradient":""}}},"product_brand":[],"product_cat":[168,106,101],"product_tag":[404],"class_list":{"0":"post-4454","1":"product","2":"type-product","3":"status-publish","4":"has-post-thumbnail","6":"product_cat-wood-usb-flash-drive","7":"product_cat-rotating-usb-pendrive","8":"product_cat-usb-pendrive-with-keychain","9":"product_tag-wooden-rotating-usb-drive","10":"desktop-align-left","11":"tablet-align-left","12":"mobile-align-left","14":"first","15":"instock","16":"shipping-taxable","17":"product-type-simple"},"_links":{"self":[{"href":"https:\/\/www.usborkeychain.com\/it\/wp-json\/wp\/v2\/product\/4454","targetHints":{"allow":["GET"]}}],"collection":[{"href":"https:\/\/www.usborkeychain.com\/it\/wp-json\/wp\/v2\/product"}],"about":[{"href":"https:\/\/www.usborkeychain.com\/it\/wp-json\/wp\/v2\/types\/product"}],"replies":[{"embeddable":true,"href":"https:\/\/www.usborkeychain.com\/it\/wp-json\/wp\/v2\/comments?post=4454"}],"wp:featuredmedia":[{"embeddable":true,"href":"https:\/\/www.usborkeychain.com\/it\/wp-json\/wp\/v2\/media\/4457"}],"wp:attachment":[{"href":"https:\/\/www.usborkeychain.com\/it\/wp-json\/wp\/v2\/media?parent=4454"}],"wp:term":[{"taxonomy":"product_brand","embeddable":true,"href":"https:\/\/www.usborkeychain.com\/it\/wp-json\/wp\/v2\/product_brand?post=4454"},{"taxonomy":"product_cat","embeddable":true,"href":"https:\/\/www.usborkeychain.com\/it\/wp-json\/wp\/v2\/product_cat?post=4454"},{"taxonomy":"product_tag","embeddable":true,"href":"https:\/\/www.usborkeychain.com\/it\/wp-json\/wp\/v2\/product_tag?post=4454"}],"curies":[{"name":"wp","href":"https:\/\/api.w.org\/{rel}","templated":true}]}}