{"id":4462,"date":"2025-07-24T03:09:52","date_gmt":"2025-07-24T03:09:52","guid":{"rendered":"https:\/\/www.usborkeychain.com\/?post_type=product&#038;p=4462"},"modified":"2025-07-24T03:23:04","modified_gmt":"2025-07-24T03:23:04","slug":"triangular-metal-key-usb-flash-drive","status":"publish","type":"product","link":"https:\/\/www.usborkeychain.com\/it\/prodotto\/triangular-metal-key-usb-flash-drive\/","title":{"rendered":"Chiave triangolare in metallo Unit\u00e0 flash USB"},"content":{"rendered":"<div class=\"wp-block-columns are-vertically-aligned-center is-layout-flex wp-container-core-columns-is-layout-28f84493 wp-block-columns-is-layout-flex\">\n<div class=\"wp-block-column is-vertically-aligned-center is-layout-flow wp-block-column-is-layout-flow\">\n<p>Il <strong>Chiave triangolare in metallo Unit\u00e0 flash USB <\/strong>si distingue per la sua forma geometrica unica, che rompe l'aspetto stereotipato quadrato o rettangolare delle unit\u00e0 USB tradizionali. Offre due opzioni di design: triangolare piatto e triangolare tridimensionale.<\/p>\n\n\n\n<ul class=\"wp-block-list\">\n<li><strong>Durevole<\/strong>: Rispetto alle unit\u00e0 USB in plastica, l'involucro in metallo offre una migliore resistenza alle cadute e agli urti nell'uso quotidiano, proteggendo efficacemente il chip di memoria interno e prolungando la durata del prodotto.<\/li>\n\n\n\n<li><strong>Ultrasottile e portatile<\/strong>: Grazie a una sofisticata lavorazione artigianale, lo spessore complessivo dell'unit\u00e0 USB \u00e8 stato controllato con precisione, rendendola piccola, sottile e leggera. Grazie al design a forma di chiave, pu\u00f2 essere facilmente attaccata a un portachiavi.<\/li>\n\n\n\n<li><strong>Trasferimento veloce<\/strong>: Dotata di chip di memoria flash di alta qualit\u00e0 e di un efficiente schema di controllo principale, l'interfaccia USB 2.0\/USB 3.0 garantisce una trasmissione dei dati efficiente e stabile.<\/li>\n<\/ul>\n<\/div>\n\n\n\n<div class=\"wp-block-column is-vertically-aligned-center is-layout-flow wp-block-column-is-layout-flow\">\n<figure class=\"wp-block-image aligncenter size-full\"><img alt=\"\" fetchpriority=\"high\" decoding=\"async\" width=\"800\" height=\"800\" src=\"https:\/\/www.usborkeychain.com\/wp-content\/uploads\/Pyramid-USB-flash-drive.jpg\" class=\"wp-image-4467\" srcset=\"https:\/\/www.usborkeychain.com\/wp-content\/uploads\/Pyramid-USB-flash-drive.jpg 800w, https:\/\/www.usborkeychain.com\/wp-content\/uploads\/Pyramid-USB-flash-drive-300x300.jpg 300w, https:\/\/www.usborkeychain.com\/wp-content\/uploads\/Pyramid-USB-flash-drive-150x150.jpg 150w, https:\/\/www.usborkeychain.com\/wp-content\/uploads\/Pyramid-USB-flash-drive-768x768.jpg 768w, https:\/\/www.usborkeychain.com\/wp-content\/uploads\/Pyramid-USB-flash-drive-12x12.jpg 12w, https:\/\/www.usborkeychain.com\/wp-content\/uploads\/Pyramid-USB-flash-drive-600x600.jpg 600w, https:\/\/www.usborkeychain.com\/wp-content\/uploads\/Pyramid-USB-flash-drive-100x100.jpg 100w\" sizes=\"(max-width: 800px) 100vw, 800px\" \/><\/figure>\n<\/div>\n<\/div>\n\n\n\n<h2 class=\"wp-block-heading\">Pu\u00f2 essere personalizzato in forme e colori diversi?<\/h2>\n\n\n\n<div class=\"wp-block-columns are-vertically-aligned-center is-layout-flex wp-container-core-columns-is-layout-28f84493 wp-block-columns-is-layout-flex\">\n<div class=\"wp-block-column is-vertically-aligned-center is-layout-flow wp-block-column-is-layout-flow\">\n<figure class=\"wp-block-image size-full\"><img alt=\"\" decoding=\"async\" width=\"800\" height=\"800\" src=\"https:\/\/www.usborkeychain.com\/wp-content\/uploads\/Delta-USB-flash-Drive.jpg\" class=\"wp-image-4466\" srcset=\"https:\/\/www.usborkeychain.com\/wp-content\/uploads\/Delta-USB-flash-Drive.jpg 800w, https:\/\/www.usborkeychain.com\/wp-content\/uploads\/Delta-USB-flash-Drive-300x300.jpg 300w, https:\/\/www.usborkeychain.com\/wp-content\/uploads\/Delta-USB-flash-Drive-150x150.jpg 150w, https:\/\/www.usborkeychain.com\/wp-content\/uploads\/Delta-USB-flash-Drive-768x768.jpg 768w, https:\/\/www.usborkeychain.com\/wp-content\/uploads\/Delta-USB-flash-Drive-12x12.jpg 12w, https:\/\/www.usborkeychain.com\/wp-content\/uploads\/Delta-USB-flash-Drive-600x600.jpg 600w, https:\/\/www.usborkeychain.com\/wp-content\/uploads\/Delta-USB-flash-Drive-100x100.jpg 100w\" sizes=\"(max-width: 800px) 100vw, 800px\" \/><\/figure>\n<\/div>\n\n\n\n<div class=\"wp-block-column is-vertically-aligned-center is-layout-flow wp-block-column-is-layout-flow\">\n<p>La forma triangolare \u00e8 uno dei punti di forza di questa unit\u00e0 USB:<\/p>\n\n\n\n<ul class=\"wp-block-list\">\n<li><strong>Forme diverse<\/strong>: Pu\u00f2 essere realizzato in una semplice forma triangolare piatta, con linee morbide e uno stile ordinato; pu\u00f2 anche essere lavorato in una forma triangolare tridimensionale, aggiungendo un senso di gerarchia e interesse visivo e dando una sensazione di maggiore consistenza alla mano.<\/li>\n\n\n\n<li><strong>Personalizzazione del colore<\/strong>: \u00c8 disponibile un'ampia gamma di opzioni di personalizzazione dei colori. I colori includono i classici argento, oro, nero, ma anche i pi\u00f9 moderni rosa, blu, rosso, ecc. per soddisfare le esigenze estetiche dei diversi utenti. Inoltre, il colore pu\u00f2 essere completamente personalizzato, consentendo ai clienti aziendali di avere un abbinamento di colori esclusivo in base ai sistemi di colore del proprio marchio.<\/li>\n<\/ul>\n<\/div>\n<\/div>\n\n\n\n<h2 class=\"wp-block-heading\">Parametri dell'unit\u00e0 USB<\/h2>\n\n\n\n<figure class=\"wp-block-table\"><table class=\"has-fixed-layout\"><thead><tr><th>Categoria di parametri<\/th><th>Contenuto specifico<\/th><\/tr><\/thead><tbody><tr><td>Tipo di interfaccia<\/td><td>USB 2.0\/USB 3.0 (opzionale)<\/td><\/tr><tr><td>Capacit\u00e0 di stoccaggio<\/td><td>8GB, 16GB, 32GB, 64GB, 128GB<\/td><\/tr><tr><td>Dimensioni (lunghezza \u00d7 larghezza \u00d7 spessore)<\/td><td>Leggermente diverso a causa del design triangolare, circa 35mm \u00d7 20mm \u00d7 3mm<\/td><\/tr><tr><td>Peso<\/td><td>10-15g<\/td><\/tr><\/tbody><\/table><\/figure>\n\n\n\n<div class=\"wp-block-columns is-layout-flex wp-container-core-columns-is-layout-28f84493 wp-block-columns-is-layout-flex\">\n<div class=\"wp-block-column is-layout-flow wp-block-column-is-layout-flow\">\n<figure class=\"wp-block-image size-full\"><img alt=\"\" decoding=\"async\" width=\"800\" height=\"800\" src=\"https:\/\/www.usborkeychain.com\/wp-content\/uploads\/TriKey-USB-flash-drive.jpg\" class=\"wp-image-4470\" srcset=\"https:\/\/www.usborkeychain.com\/wp-content\/uploads\/TriKey-USB-flash-drive.jpg 800w, https:\/\/www.usborkeychain.com\/wp-content\/uploads\/TriKey-USB-flash-drive-300x300.jpg 300w, https:\/\/www.usborkeychain.com\/wp-content\/uploads\/TriKey-USB-flash-drive-150x150.jpg 150w, https:\/\/www.usborkeychain.com\/wp-content\/uploads\/TriKey-USB-flash-drive-768x768.jpg 768w, https:\/\/www.usborkeychain.com\/wp-content\/uploads\/TriKey-USB-flash-drive-12x12.jpg 12w, https:\/\/www.usborkeychain.com\/wp-content\/uploads\/TriKey-USB-flash-drive-600x600.jpg 600w, https:\/\/www.usborkeychain.com\/wp-content\/uploads\/TriKey-USB-flash-drive-100x100.jpg 100w\" sizes=\"(max-width: 800px) 100vw, 800px\" \/><\/figure>\n<\/div>\n\n\n\n<div class=\"wp-block-column is-layout-flow wp-block-column-is-layout-flow\">\n<figure class=\"wp-block-image size-full\"><img alt=\"\" loading=\"lazy\" decoding=\"async\" width=\"800\" height=\"800\" src=\"https:\/\/www.usborkeychain.com\/wp-content\/uploads\/TriEdge-USB-flash-Drive.jpg\" class=\"wp-image-4468\" srcset=\"https:\/\/www.usborkeychain.com\/wp-content\/uploads\/TriEdge-USB-flash-Drive.jpg 800w, https:\/\/www.usborkeychain.com\/wp-content\/uploads\/TriEdge-USB-flash-Drive-300x300.jpg 300w, https:\/\/www.usborkeychain.com\/wp-content\/uploads\/TriEdge-USB-flash-Drive-150x150.jpg 150w, https:\/\/www.usborkeychain.com\/wp-content\/uploads\/TriEdge-USB-flash-Drive-768x768.jpg 768w, https:\/\/www.usborkeychain.com\/wp-content\/uploads\/TriEdge-USB-flash-Drive-12x12.jpg 12w, https:\/\/www.usborkeychain.com\/wp-content\/uploads\/TriEdge-USB-flash-Drive-600x600.jpg 600w, https:\/\/www.usborkeychain.com\/wp-content\/uploads\/TriEdge-USB-flash-Drive-100x100.jpg 100w\" sizes=\"(max-width: 800px) 100vw, 800px\" \/><\/figure>\n<\/div>\n\n\n\n<div class=\"wp-block-column is-layout-flow wp-block-column-is-layout-flow\">\n<figure class=\"wp-block-image size-full\"><img alt=\"\" decoding=\"async\" width=\"800\" height=\"800\" src=\"https:\/\/www.usborkeychain.com\/wp-content\/uploads\/Delta-USB-flash-Drive.jpg\" class=\"wp-image-4466\" srcset=\"https:\/\/www.usborkeychain.com\/wp-content\/uploads\/Delta-USB-flash-Drive.jpg 800w, https:\/\/www.usborkeychain.com\/wp-content\/uploads\/Delta-USB-flash-Drive-300x300.jpg 300w, https:\/\/www.usborkeychain.com\/wp-content\/uploads\/Delta-USB-flash-Drive-150x150.jpg 150w, https:\/\/www.usborkeychain.com\/wp-content\/uploads\/Delta-USB-flash-Drive-768x768.jpg 768w, https:\/\/www.usborkeychain.com\/wp-content\/uploads\/Delta-USB-flash-Drive-12x12.jpg 12w, https:\/\/www.usborkeychain.com\/wp-content\/uploads\/Delta-USB-flash-Drive-600x600.jpg 600w, https:\/\/www.usborkeychain.com\/wp-content\/uploads\/Delta-USB-flash-Drive-100x100.jpg 100w\" sizes=\"(max-width: 800px) 100vw, 800px\" \/><\/figure>\n<\/div>\n<\/div>\n\n\n\n<h2 class=\"wp-block-heading\">Il LOGO pu\u00f2 essere personalizzato?<\/h2>\n\n\n\n<div class=\"wp-block-columns is-layout-flex wp-container-core-columns-is-layout-28f84493 wp-block-columns-is-layout-flex\">\n<div class=\"wp-block-column is-vertically-aligned-center is-layout-flow wp-block-column-is-layout-flow\">\n<p>La chiavetta USB triangolare in metallo supporta la personalizzazione del LOGO, con due tecniche comuni:<\/p>\n\n\n\n<p>La chiavetta USB triangolare in metallo offre servizi professionali di personalizzazione del LOGO, utilizzando l'incisione laser e la serigrafia. L'effetto dell'incisione laser \u00e8 duraturo e non sbiadisce, adatto a loghi aziendali semplici ed eleganti; il processo di serigrafia pu\u00f2 presentare strati di colore pi\u00f9 ricchi, adatti alla visualizzazione di motivi complessi.<\/p>\n<\/div>\n\n\n\n<div class=\"wp-block-column is-vertically-aligned-center is-layout-flow wp-block-column-is-layout-flow\">\n<figure class=\"wp-block-image size-full\"><img alt=\"\" loading=\"lazy\" decoding=\"async\" width=\"800\" height=\"800\" src=\"https:\/\/www.usborkeychain.com\/wp-content\/uploads\/Angle-USB-Flash-drive.jpg\" class=\"wp-image-4465\" srcset=\"https:\/\/www.usborkeychain.com\/wp-content\/uploads\/Angle-USB-Flash-drive.jpg 800w, https:\/\/www.usborkeychain.com\/wp-content\/uploads\/Angle-USB-Flash-drive-300x300.jpg 300w, https:\/\/www.usborkeychain.com\/wp-content\/uploads\/Angle-USB-Flash-drive-150x150.jpg 150w, https:\/\/www.usborkeychain.com\/wp-content\/uploads\/Angle-USB-Flash-drive-768x768.jpg 768w, https:\/\/www.usborkeychain.com\/wp-content\/uploads\/Angle-USB-Flash-drive-12x12.jpg 12w, https:\/\/www.usborkeychain.com\/wp-content\/uploads\/Angle-USB-Flash-drive-600x600.jpg 600w, https:\/\/www.usborkeychain.com\/wp-content\/uploads\/Angle-USB-Flash-drive-100x100.jpg 100w\" sizes=\"(max-width: 800px) 100vw, 800px\" \/><\/figure>\n<\/div>\n<\/div>\n\n\n\n<h2 class=\"wp-block-heading\">Per quali imprese \u00e8 adatto?<\/h2>\n\n\n\n<div class=\"wp-block-columns are-vertically-aligned-center is-layout-flex wp-container-core-columns-is-layout-28f84493 wp-block-columns-is-layout-flex\">\n<div class=\"wp-block-column is-vertically-aligned-center is-layout-flow wp-block-column-is-layout-flow\">\n<figure class=\"wp-block-image size-full\"><img alt=\"\" loading=\"lazy\" decoding=\"async\" width=\"800\" height=\"800\" src=\"https:\/\/www.usborkeychain.com\/wp-content\/uploads\/TriForm-USB-Flash-drive.jpg\" class=\"wp-image-4469\" srcset=\"https:\/\/www.usborkeychain.com\/wp-content\/uploads\/TriForm-USB-Flash-drive.jpg 800w, https:\/\/www.usborkeychain.com\/wp-content\/uploads\/TriForm-USB-Flash-drive-300x300.jpg 300w, https:\/\/www.usborkeychain.com\/wp-content\/uploads\/TriForm-USB-Flash-drive-150x150.jpg 150w, https:\/\/www.usborkeychain.com\/wp-content\/uploads\/TriForm-USB-Flash-drive-768x768.jpg 768w, https:\/\/www.usborkeychain.com\/wp-content\/uploads\/TriForm-USB-Flash-drive-12x12.jpg 12w, https:\/\/www.usborkeychain.com\/wp-content\/uploads\/TriForm-USB-Flash-drive-600x600.jpg 600w, https:\/\/www.usborkeychain.com\/wp-content\/uploads\/TriForm-USB-Flash-drive-100x100.jpg 100w\" sizes=\"(max-width: 800px) 100vw, 800px\" \/><\/figure>\n<\/div>\n\n\n\n<div class=\"wp-block-column is-vertically-aligned-center is-layout-flow wp-block-column-is-layout-flow\">\n<ul class=\"wp-block-list\">\n<li>Societ\u00e0 immobiliari: Come Realty World.<\/li>\n\n\n\n<li>Imprese finanziarie e creditizie: Come Alliance Mortgage.<\/li>\n\n\n\n<li>Aziende tecnologiche: Pu\u00f2 memorizzare informazioni sui prodotti, programmi di prova, ecc. ed essere regalato in occasione di fiere e trattative commerciali.<\/li>\n\n\n\n<li>Aziende di design creativo: Per creare prodotti coerenti con lo stile creativo dell'azienda, utilizzati come supporti per la consegna dei progetti o come regali per i clienti.<\/li>\n\n\n\n<li>Istituti di istruzione e formazione.<\/li>\n<\/ul>\n<\/div>\n<\/div>\n\n\n\n<p>Il <strong>Chiave triangolare in metallo Unit\u00e0 USB<\/strong> \u00e8 costruito su una base di robustezza, ultra-sottilit\u00e0 e portabilit\u00e0 con materiali metallici. Crea un aspetto distintivo con la sua forma triangolare unica e i suoi colori personalizzabili, soddisfa le diverse esigenze di stoccaggio con vari parametri e contribuisce alla comunicazione del marchio attraverso un'ampia gamma di prodotti. <strong>Personalizzazione del LOGO<\/strong> tecniche, rendendolo ampiamente adatto alla promozione aziendale in vari settori. Sia per la conservazione personale quotidiana che per il marketing aziendale, pu\u00f2 diventare una scelta popolare grazie alle sue funzioni pratiche e al suo design creativo.<\/p>","protected":false},"excerpt":{"rendered":"<ul>\n<li>Ultrasottile e portatile<\/li>\n<li>Triangolare<\/li>\n<li>Materiale metallico<\/li>\n<li>LOGO personalizzato<\/li>\n<li>MOQ: 100 pezzi<\/li>\n<\/ul>","protected":false},"featured_media":4467,"comment_status":"open","ping_status":"closed","template":"","meta":{"_seopress_robots_primary_cat":"","_seopress_titles_title":"","_seopress_titles_desc":"","_seopress_robots_index":"","site-sidebar-layout":"default","site-content-layout":"","ast-site-content-layout":"","site-content-style":"default","site-sidebar-style":"default","ast-global-header-display":"","ast-banner-title-visibility":"","ast-main-header-display":"","ast-hfb-above-header-display":"","ast-hfb-below-header-display":"","ast-hfb-mobile-header-display":"","site-post-title":"","ast-breadcrumbs-content":"","ast-featured-img":"","footer-sml-layout":"","theme-transparent-header-meta":"","adv-header-id-meta":"","stick-header-meta":"","header-above-stick-meta":"","header-main-stick-meta":"","header-below-stick-meta":"","astra-migrate-meta-layouts":"default","ast-page-background-enabled":"default","ast-page-background-meta":{"desktop":{"background-color":"var(--ast-global-color-5)","background-image":"","background-repeat":"repeat","background-position":"center center","background-size":"auto","background-attachment":"scroll","background-type":"","background-media":"","overlay-type":"","overlay-color":"","overlay-opacity":"","overlay-gradient":""},"tablet":{"background-color":"","background-image":"","background-repeat":"repeat","background-position":"center center","background-size":"auto","background-attachment":"scroll","background-type":"","background-media":"","overlay-type":"","overlay-color":"","overlay-opacity":"","overlay-gradient":""},"mobile":{"background-color":"","background-image":"","background-repeat":"repeat","background-position":"center center","background-size":"auto","background-attachment":"scroll","background-type":"","background-media":"","overlay-type":"","overlay-color":"","overlay-opacity":"","overlay-gradient":""}},"ast-content-background-meta":{"desktop":{"background-color":"var(--ast-global-color-4)","background-image":"","background-repeat":"repeat","background-position":"center center","background-size":"auto","background-attachment":"scroll","background-type":"","background-media":"","overlay-type":"","overlay-color":"","overlay-opacity":"","overlay-gradient":""},"tablet":{"background-color":"var(--ast-global-color-4)","background-image":"","background-repeat":"repeat","background-position":"center center","background-size":"auto","background-attachment":"scroll","background-type":"","background-media":"","overlay-type":"","overlay-color":"","overlay-opacity":"","overlay-gradient":""},"mobile":{"background-color":"var(--ast-global-color-4)","background-image":"","background-repeat":"repeat","background-position":"center center","background-size":"auto","background-attachment":"scroll","background-type":"","background-media":"","overlay-type":"","overlay-color":"","overlay-opacity":"","overlay-gradient":""}}},"product_brand":[],"product_cat":[108],"product_tag":[259,267],"class_list":{"0":"post-4462","1":"product","2":"type-product","3":"status-publish","4":"has-post-thumbnail","6":"product_cat-key-shaped-usb-pendrive","7":"product_tag-metal-key-usb-flash-drive","8":"product_tag-triangular-metal-key-usb-flash-drive","9":"desktop-align-left","10":"tablet-align-left","11":"mobile-align-left","13":"first","14":"instock","15":"shipping-taxable","16":"product-type-simple"},"_links":{"self":[{"href":"https:\/\/www.usborkeychain.com\/it\/wp-json\/wp\/v2\/product\/4462","targetHints":{"allow":["GET"]}}],"collection":[{"href":"https:\/\/www.usborkeychain.com\/it\/wp-json\/wp\/v2\/product"}],"about":[{"href":"https:\/\/www.usborkeychain.com\/it\/wp-json\/wp\/v2\/types\/product"}],"replies":[{"embeddable":true,"href":"https:\/\/www.usborkeychain.com\/it\/wp-json\/wp\/v2\/comments?post=4462"}],"wp:featuredmedia":[{"embeddable":true,"href":"https:\/\/www.usborkeychain.com\/it\/wp-json\/wp\/v2\/media\/4467"}],"wp:attachment":[{"href":"https:\/\/www.usborkeychain.com\/it\/wp-json\/wp\/v2\/media?parent=4462"}],"wp:term":[{"taxonomy":"product_brand","embeddable":true,"href":"https:\/\/www.usborkeychain.com\/it\/wp-json\/wp\/v2\/product_brand?post=4462"},{"taxonomy":"product_cat","embeddable":true,"href":"https:\/\/www.usborkeychain.com\/it\/wp-json\/wp\/v2\/product_cat?post=4462"},{"taxonomy":"product_tag","embeddable":true,"href":"https:\/\/www.usborkeychain.com\/it\/wp-json\/wp\/v2\/product_tag?post=4462"}],"curies":[{"name":"wp","href":"https:\/\/api.w.org\/{rel}","templated":true}]}}