{"id":4522,"date":"2025-07-24T09:04:33","date_gmt":"2025-07-24T09:04:33","guid":{"rendered":"https:\/\/www.usborkeychain.com\/?post_type=product&#038;p=4522"},"modified":"2025-07-24T09:14:54","modified_gmt":"2025-07-24T09:14:54","slug":"recycled-paper-key-usb-flash-drive","status":"publish","type":"product","link":"https:\/\/www.usborkeychain.com\/it\/prodotto\/recycled-paper-key-usb-flash-drive\/","title":{"rendered":"Chiave di carta riciclata Unit\u00e0 flash USB"},"content":{"rendered":"<div class=\"wp-block-columns are-vertically-aligned-center is-layout-flex wp-container-core-columns-is-layout-28f84493 wp-block-columns-is-layout-flex\">\n<div class=\"wp-block-column is-vertically-aligned-center is-layout-flow wp-block-column-is-layout-flow\">\n<figure class=\"wp-block-image size-full\"><img alt=\"\" fetchpriority=\"high\" decoding=\"async\" width=\"800\" height=\"800\" src=\"https:\/\/www.usborkeychain.com\/wp-content\/uploads\/EcoPaper-USB-flash-drive.jpg\" class=\"wp-image-4526\" srcset=\"https:\/\/www.usborkeychain.com\/wp-content\/uploads\/EcoPaper-USB-flash-drive.jpg 800w, https:\/\/www.usborkeychain.com\/wp-content\/uploads\/EcoPaper-USB-flash-drive-300x300.jpg 300w, https:\/\/www.usborkeychain.com\/wp-content\/uploads\/EcoPaper-USB-flash-drive-150x150.jpg 150w, https:\/\/www.usborkeychain.com\/wp-content\/uploads\/EcoPaper-USB-flash-drive-768x768.jpg 768w, https:\/\/www.usborkeychain.com\/wp-content\/uploads\/EcoPaper-USB-flash-drive-12x12.jpg 12w, https:\/\/www.usborkeychain.com\/wp-content\/uploads\/EcoPaper-USB-flash-drive-600x600.jpg 600w, https:\/\/www.usborkeychain.com\/wp-content\/uploads\/EcoPaper-USB-flash-drive-100x100.jpg 100w\" sizes=\"(max-width: 800px) 100vw, 800px\" \/><\/figure>\n<\/div>\n\n\n\n<div class=\"wp-block-column is-vertically-aligned-center is-layout-flow wp-block-column-is-layout-flow\">\n<p>Il <strong>chiavetta USB in carta riciclata<\/strong> \u00e8 realizzato con materiale di base in carta riciclata 100%, combinato con resina ad alta resistenza per la protezione dell'ambiente. La superficie \u00e8 trattata con una vernice a base d'acqua per alimenti, realizzando il concetto di protezione ambientale \"zero plastica e zero inquinamento\". Le caratteristiche del materiale sono le seguenti:<\/p>\n\n\n\n<ul class=\"wp-block-list\">\n<li><strong>Ultra-sottile e leggero<\/strong>: Spessore di soli 3,5 mm, peso \u2264 10 g (circa 2 monete), facile da trasportare;<\/li>\n\n\n\n<li><strong>Durevole<\/strong>: Resistenza alla compressione fino a 50MPa, antigraffio, anti-impronta, nessuna deformazione nell'uso quotidiano;<\/li>\n\n\n\n<li><strong>Certificazione verde<\/strong>: Ha superato la certificazione forestale FSC e gli standard di protezione ambientale ROHS, con un ciclo di degradazione naturale di soli 1-2 anni;<\/li>\n\n\n\n<li><strong>Design umanizzato<\/strong>: Il diametro del buco della serratura \u00e8 di 4 mm, adatto a tutti i portachiavi standard, e pu\u00f2 essere facilmente appeso a zaini, portafogli o cinture.<\/li>\n<\/ul>\n<\/div>\n<\/div>\n\n\n\n<h2 class=\"wp-block-heading\">Parametri dell'unit\u00e0 USB<\/h2>\n\n\n\n<figure class=\"wp-block-table\"><table class=\"has-fixed-layout\"><thead><tr><th>Categoria di parametri<\/th><th>Contenuto specifico<\/th><\/tr><\/thead><tbody><tr><td>Tipo di interfaccia<\/td><td>USB 2.0\/USB 3.0<\/td><\/tr><tr><td>Capacit\u00e0 di stoccaggio<\/td><td>8GB, 16GB, 32GB, 64GB, 128GB<\/td><\/tr><tr><td>Dimensioni (lunghezza \u00d7 larghezza \u00d7 spessore)<\/td><td>50 mm \u00d7 30 mm \u00d7 3,5 mm<\/td><\/tr><tr><td>Peso (circa)<\/td><td>10 - 15g<\/td><\/tr><\/tbody><\/table><\/figure>\n\n\n\n<h2 class=\"wp-block-heading\">Supporta la personalizzazione del LOGO?<\/h2>\n\n\n\n<div class=\"wp-block-columns are-vertically-aligned-center is-layout-flex wp-container-core-columns-is-layout-28f84493 wp-block-columns-is-layout-flex\">\n<div class=\"wp-block-column is-vertically-aligned-center is-layout-flow wp-block-column-is-layout-flow\">\n<p>Questo <strong>L'unit\u00e0 USB supporta la personalizzazione del LOGO<\/strong>, con processi comuni come i seguenti:<\/p>\n\n\n\n<ul class=\"wp-block-list\">\n<li>Serigrafia: L'inchiostro viene stampato sulla superficie della carta riciclata attraverso uno schermo per presentare testi e motivi chiari. \u00c8 adatta per LOGO colorati e dallo stile semplice, con un costo relativamente basso e un'elevata efficienza nella personalizzazione di massa.<\/li>\n\n\n\n<li>Stampa a caldo: Utilizzo di una temperatura elevata per stampare lamine di metallo o di colore su carta riciclata per formare un LOGO lucido. <\/li>\n<\/ul>\n\n\n\n<p>Processo di personalizzazione:<br>\u2460 Il cliente fornisce la grafica vettoriale \u2192 \u2461 Conferma della prova di stampa in 72 ore \u2192 \u2462 Produzione in serie (consegna in 7-10 giorni) \u2192 \u2463 Confezione personalizzata come regalo (carta riciclata + stampa con inchiostro di soia).<\/p>\n<\/div>\n\n\n\n<div class=\"wp-block-column is-vertically-aligned-center is-layout-flow wp-block-column-is-layout-flow\">\n<figure class=\"wp-block-image size-full\"><img alt=\"\" decoding=\"async\" width=\"800\" height=\"800\" src=\"https:\/\/www.usborkeychain.com\/wp-content\/uploads\/RecycleDrive-USB.jpg\" class=\"wp-image-4528\" srcset=\"https:\/\/www.usborkeychain.com\/wp-content\/uploads\/RecycleDrive-USB.jpg 800w, https:\/\/www.usborkeychain.com\/wp-content\/uploads\/RecycleDrive-USB-300x300.jpg 300w, https:\/\/www.usborkeychain.com\/wp-content\/uploads\/RecycleDrive-USB-150x150.jpg 150w, https:\/\/www.usborkeychain.com\/wp-content\/uploads\/RecycleDrive-USB-768x768.jpg 768w, https:\/\/www.usborkeychain.com\/wp-content\/uploads\/RecycleDrive-USB-12x12.jpg 12w, https:\/\/www.usborkeychain.com\/wp-content\/uploads\/RecycleDrive-USB-600x600.jpg 600w, https:\/\/www.usborkeychain.com\/wp-content\/uploads\/RecycleDrive-USB-100x100.jpg 100w\" sizes=\"(max-width: 800px) 100vw, 800px\" \/><\/figure>\n<\/div>\n<\/div>\n\n\n\n<h2 class=\"wp-block-heading\">Il costo di apertura dello stampo \u00e8 elevato?<\/h2>\n\n\n\n<div class=\"wp-block-columns are-vertically-aligned-center is-layout-flex wp-container-core-columns-is-layout-28f84493 wp-block-columns-is-layout-flex\">\n<div class=\"wp-block-column is-vertically-aligned-center is-layout-flow wp-block-column-is-layout-flow\">\n<figure class=\"wp-block-image size-full\"><img alt=\"\" decoding=\"async\" width=\"800\" height=\"800\" src=\"https:\/\/www.usborkeychain.com\/wp-content\/uploads\/EcoKey-USB-flash-drive.jpg\" class=\"wp-image-4525\" srcset=\"https:\/\/www.usborkeychain.com\/wp-content\/uploads\/EcoKey-USB-flash-drive.jpg 800w, https:\/\/www.usborkeychain.com\/wp-content\/uploads\/EcoKey-USB-flash-drive-300x300.jpg 300w, https:\/\/www.usborkeychain.com\/wp-content\/uploads\/EcoKey-USB-flash-drive-150x150.jpg 150w, https:\/\/www.usborkeychain.com\/wp-content\/uploads\/EcoKey-USB-flash-drive-768x768.jpg 768w, https:\/\/www.usborkeychain.com\/wp-content\/uploads\/EcoKey-USB-flash-drive-12x12.jpg 12w, https:\/\/www.usborkeychain.com\/wp-content\/uploads\/EcoKey-USB-flash-drive-600x600.jpg 600w, https:\/\/www.usborkeychain.com\/wp-content\/uploads\/EcoKey-USB-flash-drive-100x100.jpg 100w\" sizes=\"(max-width: 800px) 100vw, 800px\" \/><\/figure>\n<\/div>\n\n\n\n<div class=\"wp-block-column is-vertically-aligned-center is-layout-flow wp-block-column-is-layout-flow\">\n<p>Il costo di apertura dello stampo per la personalizzazione <strong>unit\u00e0 USB a forma di chiave in carta riciclata<\/strong> \u00e8 relativamente controllabile. Grazie alla tecnologia di lavorazione relativamente flessibile dei materiali di carta riciclata, lo stampo \u00e8 progettato principalmente intorno all'adattamento della forma della chiave e dell'interfaccia USB, e la struttura non \u00e8 complicata. Inoltre, se si sceglie una forma di chiave convenzionale (simile a quella dell'immagine), lo stampo ha un'elevata versatilit\u00e0. I produttori di solito dispongono di stampi di base gi\u00e0 pronti e devono solo apportare modifiche personalizzate per il LOGO, il colore e cos\u00ec via, in modo da ridurre efficacemente il costo di apertura dello stampo.<\/p>\n<\/div>\n<\/div>\n\n\n\n<h2 class=\"wp-block-heading\">Per quali scenari \u00e8 adatta questa unit\u00e0 USB?<\/h2>\n\n\n\n<div class=\"wp-block-columns are-vertically-aligned-center is-layout-flex wp-container-core-columns-is-layout-28f84493 wp-block-columns-is-layout-flex\">\n<div class=\"wp-block-column is-vertically-aligned-center is-layout-flow wp-block-column-is-layout-flow\">\n<p>Grazie alle sue caratteristiche di protezione ambientale e alla sua forma creativa, il <strong>chiavetta USB in carta riciclata<\/strong> \u00e8 adatto a vari scenari:<\/p>\n\n\n\n<ul class=\"wp-block-list\">\n<li><strong>Organizzazioni ambientali<\/strong>: La versione personalizzata del World Wildlife Fund (WWF) viene utilizzata come regalo per i donatori;<\/li>\n\n\n\n<li><strong>Istituzioni educative<\/strong>: Unit\u00e0 USB commemorative dell'anniversario della scuola, stampate con stemmi e motti scolastici;<\/li>\n\n\n\n<li><strong>Aziende tecnologiche<\/strong>: Regali per conferenze stampa Apple\/Xiaomi, preinstallati con documenti di presentazione dei prodotti;<\/li>\n\n\n\n<li><strong>Vendita al dettaglio di fascia alta<\/strong>: Regali per i membri del MUJI, abbinati a scatole di imballaggio in carta riciclata;<\/li>\n\n\n\n<li><strong>Attivit\u00e0 espositive<\/strong>: Supporto per la conservazione dei materiali dei partecipanti al Vertice globale sul clima.<\/li>\n<\/ul>\n<\/div>\n\n\n\n<div class=\"wp-block-column is-vertically-aligned-center is-layout-flow wp-block-column-is-layout-flow\">\n<figure class=\"wp-block-image size-full\"><img alt=\"\" loading=\"lazy\" decoding=\"async\" width=\"800\" height=\"800\" src=\"https:\/\/www.usborkeychain.com\/wp-content\/uploads\/PaperKey-USB-flash-drive.jpg\" class=\"wp-image-4527\" srcset=\"https:\/\/www.usborkeychain.com\/wp-content\/uploads\/PaperKey-USB-flash-drive.jpg 800w, https:\/\/www.usborkeychain.com\/wp-content\/uploads\/PaperKey-USB-flash-drive-300x300.jpg 300w, https:\/\/www.usborkeychain.com\/wp-content\/uploads\/PaperKey-USB-flash-drive-150x150.jpg 150w, https:\/\/www.usborkeychain.com\/wp-content\/uploads\/PaperKey-USB-flash-drive-768x768.jpg 768w, https:\/\/www.usborkeychain.com\/wp-content\/uploads\/PaperKey-USB-flash-drive-12x12.jpg 12w, https:\/\/www.usborkeychain.com\/wp-content\/uploads\/PaperKey-USB-flash-drive-600x600.jpg 600w, https:\/\/www.usborkeychain.com\/wp-content\/uploads\/PaperKey-USB-flash-drive-100x100.jpg 100w\" sizes=\"(max-width: 800px) 100vw, 800px\" \/><\/figure>\n<\/div>\n<\/div>\n\n\n\n<div class=\"wp-block-columns is-layout-flex wp-container-core-columns-is-layout-28f84493 wp-block-columns-is-layout-flex\">\n<div class=\"wp-block-column is-vertically-aligned-center is-layout-flow wp-block-column-is-layout-flow\">\n<figure class=\"wp-block-image size-full\"><img alt=\"\" loading=\"lazy\" decoding=\"async\" width=\"800\" height=\"800\" src=\"https:\/\/www.usborkeychain.com\/wp-content\/uploads\/RecycleKey-USB-flash-drive.jpg\" class=\"wp-image-4529\" srcset=\"https:\/\/www.usborkeychain.com\/wp-content\/uploads\/RecycleKey-USB-flash-drive.jpg 800w, https:\/\/www.usborkeychain.com\/wp-content\/uploads\/RecycleKey-USB-flash-drive-300x300.jpg 300w, https:\/\/www.usborkeychain.com\/wp-content\/uploads\/RecycleKey-USB-flash-drive-150x150.jpg 150w, https:\/\/www.usborkeychain.com\/wp-content\/uploads\/RecycleKey-USB-flash-drive-768x768.jpg 768w, https:\/\/www.usborkeychain.com\/wp-content\/uploads\/RecycleKey-USB-flash-drive-12x12.jpg 12w, https:\/\/www.usborkeychain.com\/wp-content\/uploads\/RecycleKey-USB-flash-drive-600x600.jpg 600w, https:\/\/www.usborkeychain.com\/wp-content\/uploads\/RecycleKey-USB-flash-drive-100x100.jpg 100w\" sizes=\"(max-width: 800px) 100vw, 800px\" \/><\/figure>\n<\/div>\n\n\n\n<div class=\"wp-block-column is-vertically-aligned-center is-layout-flow wp-block-column-is-layout-flow\">\n<p>Il <strong>chiavetta USB in carta riciclata<\/strong> si basa su carta riciclata ecologica, creando uno strumento di archiviazione ultrasottile, portatile e unico. La ricchezza dei parametri soddisfa le diverse esigenze e la personalizzazione flessibile del LOGO conferisce a marchi e individui simboli esclusivi. La modalit\u00e0 di \"personalizzazione con apertura a zero stampi\" (6 modelli comuni) e il servizio di risposta rapida in 72 ore forniscono alle imprese soluzioni di comunicazione del marchio a bassa soglia, in particolare in linea con le esigenze di marketing nell'ambito della politica di neutralit\u00e0 del carbonio.<\/p>\n<\/div>\n<\/div>","protected":false},"excerpt":{"rendered":"<ul>\n<li>Carta riciclata<\/li>\n<li>chiavetta USB<\/li>\n<li>\u00a0Personalizzazione del LOGO<\/li>\n<li>Zero plastica e zero inquinamento<\/li>\n<li>MOQ: 100PCS<\/li>\n<\/ul>","protected":false},"featured_media":4526,"comment_status":"open","ping_status":"closed","template":"","meta":{"_seopress_robots_primary_cat":"","_seopress_titles_title":"","_seopress_titles_desc":"","_seopress_robots_index":"","site-sidebar-layout":"default","site-content-layout":"","ast-site-content-layout":"","site-content-style":"default","site-sidebar-style":"default","ast-global-header-display":"","ast-banner-title-visibility":"","ast-main-header-display":"","ast-hfb-above-header-display":"","ast-hfb-below-header-display":"","ast-hfb-mobile-header-display":"","site-post-title":"","ast-breadcrumbs-content":"","ast-featured-img":"","footer-sml-layout":"","theme-transparent-header-meta":"","adv-header-id-meta":"","stick-header-meta":"","header-above-stick-meta":"","header-main-stick-meta":"","header-below-stick-meta":"","astra-migrate-meta-layouts":"default","ast-page-background-enabled":"default","ast-page-background-meta":{"desktop":{"background-color":"var(--ast-global-color-5)","background-image":"","background-repeat":"repeat","background-position":"center center","background-size":"auto","background-attachment":"scroll","background-type":"","background-media":"","overlay-type":"","overlay-color":"","overlay-opacity":"","overlay-gradient":""},"tablet":{"background-color":"","background-image":"","background-repeat":"repeat","background-position":"center center","background-size":"auto","background-attachment":"scroll","background-type":"","background-media":"","overlay-type":"","overlay-color":"","overlay-opacity":"","overlay-gradient":""},"mobile":{"background-color":"","background-image":"","background-repeat":"repeat","background-position":"center center","background-size":"auto","background-attachment":"scroll","background-type":"","background-media":"","overlay-type":"","overlay-color":"","overlay-opacity":"","overlay-gradient":""}},"ast-content-background-meta":{"desktop":{"background-color":"var(--ast-global-color-4)","background-image":"","background-repeat":"repeat","background-position":"center center","background-size":"auto","background-attachment":"scroll","background-type":"","background-media":"","overlay-type":"","overlay-color":"","overlay-opacity":"","overlay-gradient":""},"tablet":{"background-color":"var(--ast-global-color-4)","background-image":"","background-repeat":"repeat","background-position":"center center","background-size":"auto","background-attachment":"scroll","background-type":"","background-media":"","overlay-type":"","overlay-color":"","overlay-opacity":"","overlay-gradient":""},"mobile":{"background-color":"var(--ast-global-color-4)","background-image":"","background-repeat":"repeat","background-position":"center center","background-size":"auto","background-attachment":"scroll","background-type":"","background-media":"","overlay-type":"","overlay-color":"","overlay-opacity":"","overlay-gradient":""}}},"product_brand":[],"product_cat":[170],"product_tag":[269,270],"class_list":{"0":"post-4522","1":"product","2":"type-product","3":"status-publish","4":"has-post-thumbnail","6":"product_cat-biodegradable-usb-pendrive-2","7":"product_tag-recycled-paper-key-usb-flash-drive","8":"product_tag-recycled-usb-flash-drive","9":"desktop-align-left","10":"tablet-align-left","11":"mobile-align-left","13":"first","14":"instock","15":"shipping-taxable","16":"product-type-simple"},"_links":{"self":[{"href":"https:\/\/www.usborkeychain.com\/it\/wp-json\/wp\/v2\/product\/4522","targetHints":{"allow":["GET"]}}],"collection":[{"href":"https:\/\/www.usborkeychain.com\/it\/wp-json\/wp\/v2\/product"}],"about":[{"href":"https:\/\/www.usborkeychain.com\/it\/wp-json\/wp\/v2\/types\/product"}],"replies":[{"embeddable":true,"href":"https:\/\/www.usborkeychain.com\/it\/wp-json\/wp\/v2\/comments?post=4522"}],"wp:featuredmedia":[{"embeddable":true,"href":"https:\/\/www.usborkeychain.com\/it\/wp-json\/wp\/v2\/media\/4526"}],"wp:attachment":[{"href":"https:\/\/www.usborkeychain.com\/it\/wp-json\/wp\/v2\/media?parent=4522"}],"wp:term":[{"taxonomy":"product_brand","embeddable":true,"href":"https:\/\/www.usborkeychain.com\/it\/wp-json\/wp\/v2\/product_brand?post=4522"},{"taxonomy":"product_cat","embeddable":true,"href":"https:\/\/www.usborkeychain.com\/it\/wp-json\/wp\/v2\/product_cat?post=4522"},{"taxonomy":"product_tag","embeddable":true,"href":"https:\/\/www.usborkeychain.com\/it\/wp-json\/wp\/v2\/product_tag?post=4522"}],"curies":[{"name":"wp","href":"https:\/\/api.w.org\/{rel}","templated":true}]}}