{"id":4532,"date":"2025-07-25T01:32:01","date_gmt":"2025-07-25T01:32:01","guid":{"rendered":"https:\/\/www.usborkeychain.com\/?post_type=product&#038;p=4532"},"modified":"2025-07-25T01:41:19","modified_gmt":"2025-07-25T01:41:19","slug":"pvc-cartoon-pig-usb-flash-drive","status":"publish","type":"product","link":"https:\/\/www.usborkeychain.com\/it\/prodotto\/pvc-cartoon-pig-usb-flash-drive\/","title":{"rendered":"Chiavetta USB in PVC con maiale animato"},"content":{"rendered":"<div class=\"wp-block-columns is-layout-flex wp-container-core-columns-is-layout-28f84493 wp-block-columns-is-layout-flex\">\n<div class=\"wp-block-column is-vertically-aligned-center is-layout-flow wp-block-column-is-layout-flow\">\n<figure class=\"wp-block-image size-full\"><img alt=\"\" fetchpriority=\"high\" decoding=\"async\" width=\"800\" height=\"800\" src=\"https:\/\/www.usborkeychain.com\/wp-content\/uploads\/ColorPig-USB-flash-drive.png\" class=\"wp-image-4536\" srcset=\"https:\/\/www.usborkeychain.com\/wp-content\/uploads\/ColorPig-USB-flash-drive.png 800w, https:\/\/www.usborkeychain.com\/wp-content\/uploads\/ColorPig-USB-flash-drive-300x300.png 300w, https:\/\/www.usborkeychain.com\/wp-content\/uploads\/ColorPig-USB-flash-drive-150x150.png 150w, https:\/\/www.usborkeychain.com\/wp-content\/uploads\/ColorPig-USB-flash-drive-768x768.png 768w, https:\/\/www.usborkeychain.com\/wp-content\/uploads\/ColorPig-USB-flash-drive-12x12.png 12w, https:\/\/www.usborkeychain.com\/wp-content\/uploads\/ColorPig-USB-flash-drive-600x600.png 600w, https:\/\/www.usborkeychain.com\/wp-content\/uploads\/ColorPig-USB-flash-drive-100x100.png 100w\" sizes=\"(max-width: 800px) 100vw, 800px\" \/><\/figure>\n<\/div>\n\n\n\n<div class=\"wp-block-column is-vertically-aligned-center is-layout-flow wp-block-column-is-layout-flow\">\n<p>Il <strong>Chiavetta USB in PVC Cartoon Pig<\/strong> \u00e8 ispirato a un simpatico maialino. Con il suo corpo paffuto, il muso e le orecchie rosa, ha un design adorabile e kawaii. Si distacca dall'aspetto monotono delle unit\u00e0 USB tradizionali. Sia che venga posizionata sulla scrivania come piccolo ornamento, sia che venga utilizzata nella vita quotidiana, pu\u00f2 attirare immediatamente l'attenzione delle persone e aggiungere divertimento al processo di archiviazione dei dati.<\/p>\n\n\n\n<p>\u00c8 realizzato in <strong>Materiale in PVC (cloruro di polivinile)<\/strong>che ha un'eccellente flessibilit\u00e0 e durata. La consistenza morbida lo rende resistente alle rotture. Anche se viene leggermente piegato o urtato durante l'uso quotidiano, pu\u00f2 proteggere efficacemente il chip di archiviazione interno.<\/p>\n\n\n\n<p>Il <strong>Materiale PVC<\/strong> \u00e8 facile da colorare e ha colori stabili. I simpatici colori del maiale rimangono brillanti e vivaci per lungo tempo e non sono soggetti a sbiadimento, per cui possono mantenere il loro aspetto simpatico anche dopo un uso prolungato. Inoltre, il materiale in PVC \u00e8 ecologico e non tossico e soddisfa gli standard di sicurezza pertinenti, rendendo pi\u00f9 sicuro il suo utilizzo.<\/p>\n<\/div>\n<\/div>\n\n\n\n<h2 class=\"wp-block-heading\">Interfaccia e parametri USB<\/h2>\n\n\n\n<figure class=\"wp-block-table\"><table class=\"has-fixed-layout\"><thead><tr><th>Tipo di parametro<\/th><th>Dettagli<\/th><\/tr><\/thead><tbody><tr><td>Tipo di interfaccia<\/td><td>USB2.0, USB3.0<\/td><\/tr><tr><td>Capacit\u00e0 di stoccaggio<\/td><td>8GB, 16GB, 32GB, 64GB, 128GB<\/td><\/tr><tr><td>Peso<\/td><td>15 - 20g<\/td><\/tr><tr><td>Dimensioni (lunghezza * larghezza * spessore)<\/td><td>50 mm * 30 mm * 20 mm<\/td><\/tr><\/tbody><\/table><\/figure>\n\n\n\n<h2 class=\"wp-block-heading\">Come creare uno stampo e personalizzare il logo?<\/h2>\n\n\n\n<div class=\"wp-block-columns is-layout-flex wp-container-core-columns-is-layout-28f84493 wp-block-columns-is-layout-flex\">\n<div class=\"wp-block-column is-vertically-aligned-center is-layout-flow wp-block-column-is-layout-flow\">\n<h3 class=\"wp-block-heading\">Muffa - situazione di partenza<\/h3>\n\n\n\n<p>Se si vuole <strong>personalizzare una forma unica<\/strong> (come la modifica della forma dettagliata del maiale) o l'aggiunta di un logo personalizzato, di solito \u00e8 necessario realizzare un nuovo stampo. Poich\u00e9 gli stampi per forme e loghi diversi sono unici, \u00e8 necessario realizzare uno stampo per ottenere la forma specifica del cartone animato e la presentazione del logo.<\/p>\n<\/div>\n\n\n\n<div class=\"wp-block-column is-layout-flow wp-block-column-is-layout-flow\">\n<figure class=\"wp-block-image size-full\"><img alt=\"\" decoding=\"async\" width=\"800\" height=\"800\" src=\"https:\/\/www.usborkeychain.com\/wp-content\/uploads\/RainbowPig-USB-flash-drive.png\" class=\"wp-image-4542\" srcset=\"https:\/\/www.usborkeychain.com\/wp-content\/uploads\/RainbowPig-USB-flash-drive.png 800w, https:\/\/www.usborkeychain.com\/wp-content\/uploads\/RainbowPig-USB-flash-drive-300x300.png 300w, https:\/\/www.usborkeychain.com\/wp-content\/uploads\/RainbowPig-USB-flash-drive-150x150.png 150w, https:\/\/www.usborkeychain.com\/wp-content\/uploads\/RainbowPig-USB-flash-drive-768x768.png 768w, https:\/\/www.usborkeychain.com\/wp-content\/uploads\/RainbowPig-USB-flash-drive-12x12.png 12w, https:\/\/www.usborkeychain.com\/wp-content\/uploads\/RainbowPig-USB-flash-drive-600x600.png 600w, https:\/\/www.usborkeychain.com\/wp-content\/uploads\/RainbowPig-USB-flash-drive-100x100.png 100w\" sizes=\"(max-width: 800px) 100vw, 800px\" \/><\/figure>\n<\/div>\n<\/div>\n\n\n\n<div class=\"wp-block-columns are-vertically-aligned-center is-layout-flex wp-container-core-columns-is-layout-28f84493 wp-block-columns-is-layout-flex\">\n<div class=\"wp-block-column is-vertically-aligned-center is-layout-flow wp-block-column-is-layout-flow\">\n<h3 class=\"wp-block-heading\">Processo di fabbricazione degli stampi<\/h3>\n\n\n\n<ol class=\"wp-block-list\">\n<li><strong>Conferma del progetto<\/strong>: Il cliente fornisce un piano dettagliato di modifica della forma e una bozza di design del logo (che deve essere chiaro e standardizzato, comprese informazioni quali dimensioni e colori) e conferma congiuntamente il disegno finale del design personalizzato con il produttore.<\/li>\n\n\n\n<li><strong>Produzione di stampi<\/strong>: Il produttore utilizza attrezzature professionali per la costruzione di stampi (come macchine per lo stampaggio a iniezione, ecc.) in base al disegno di progetto per elaborare lo stampo corrispondente. Durante questo processo, \u00e8 necessario controllare con precisione le dimensioni e i dettagli per garantire il ripristino della forma e del logo.<\/li>\n\n\n\n<li><strong>Prova - stampaggio e regolazione<\/strong>: Dopo il completamento dello stampo, si procede alla produzione di campioni di prova. Controllare l'effetto di presentazione della forma e del logo. In caso di deviazioni, lucidare e modificare lo stampo fino a quando non soddisfa i requisiti.<\/li>\n<\/ol>\n<\/div>\n\n\n\n<div class=\"wp-block-column is-vertically-aligned-center is-layout-flow wp-block-column-is-layout-flow\">\n<figure class=\"wp-block-image size-full\"><img alt=\"\" decoding=\"async\" width=\"800\" height=\"800\" src=\"https:\/\/www.usborkeychain.com\/wp-content\/uploads\/CutePiggy-USB-flash-drive.png\" class=\"wp-image-4537\" srcset=\"https:\/\/www.usborkeychain.com\/wp-content\/uploads\/CutePiggy-USB-flash-drive.png 800w, https:\/\/www.usborkeychain.com\/wp-content\/uploads\/CutePiggy-USB-flash-drive-300x300.png 300w, https:\/\/www.usborkeychain.com\/wp-content\/uploads\/CutePiggy-USB-flash-drive-150x150.png 150w, https:\/\/www.usborkeychain.com\/wp-content\/uploads\/CutePiggy-USB-flash-drive-768x768.png 768w, https:\/\/www.usborkeychain.com\/wp-content\/uploads\/CutePiggy-USB-flash-drive-12x12.png 12w, https:\/\/www.usborkeychain.com\/wp-content\/uploads\/CutePiggy-USB-flash-drive-600x600.png 600w, https:\/\/www.usborkeychain.com\/wp-content\/uploads\/CutePiggy-USB-flash-drive-100x100.png 100w\" sizes=\"(max-width: 800px) 100vw, 800px\" \/><\/figure>\n<\/div>\n<\/div>\n\n\n\n<div class=\"wp-block-columns are-vertically-aligned-center is-layout-flex wp-container-core-columns-is-layout-28f84493 wp-block-columns-is-layout-flex\">\n<div class=\"wp-block-column is-vertically-aligned-center is-layout-flow wp-block-column-is-layout-flow\">\n<h3 class=\"wp-block-heading\">Precauzioni<\/h3>\n\n\n\n<ul class=\"wp-block-list\">\n<li><strong>Precisione del progetto<\/strong>: La bozza di progetto deve essere accurata e chiara per evitare la deformazione della forma e del logo dopo la realizzazione dello stampo a causa di un progetto poco chiaro, che pu\u00f2 aumentare i costi di comunicazione e di tempo.<\/li>\n\n\n\n<li><strong>Considerazione dei costi<\/strong>: Il costo dello stampo \u00e8 solitamente correlato positivamente alla complessit\u00e0 dello stesso. \u00c8 necessario chiarire i costi prima della personalizzazione e bilanciare la complessit\u00e0 della forma e del logo in base al budget.<\/li>\n\n\n\n<li><strong>Selezione del produttore<\/strong>: Scegliere un produttore con esperienza nella costruzione di stampi e nella produzione di prodotti in PVC per garantire la qualit\u00e0 dello stampo e la stabilit\u00e0 della produzione successiva.<\/li>\n<\/ul>\n<\/div>\n\n\n\n<div class=\"wp-block-column is-vertically-aligned-center is-layout-flow wp-block-column-is-layout-flow\">\n<figure class=\"wp-block-image size-full\"><img alt=\"\" loading=\"lazy\" decoding=\"async\" width=\"800\" height=\"800\" src=\"https:\/\/www.usborkeychain.com\/wp-content\/uploads\/Piglet-Storage.png\" class=\"wp-image-4540\" srcset=\"https:\/\/www.usborkeychain.com\/wp-content\/uploads\/Piglet-Storage.png 800w, https:\/\/www.usborkeychain.com\/wp-content\/uploads\/Piglet-Storage-300x300.png 300w, https:\/\/www.usborkeychain.com\/wp-content\/uploads\/Piglet-Storage-150x150.png 150w, https:\/\/www.usborkeychain.com\/wp-content\/uploads\/Piglet-Storage-768x768.png 768w, https:\/\/www.usborkeychain.com\/wp-content\/uploads\/Piglet-Storage-12x12.png 12w, https:\/\/www.usborkeychain.com\/wp-content\/uploads\/Piglet-Storage-600x600.png 600w, https:\/\/www.usborkeychain.com\/wp-content\/uploads\/Piglet-Storage-100x100.png 100w\" sizes=\"(max-width: 800px) 100vw, 800px\" \/><\/figure>\n<\/div>\n<\/div>\n\n\n\n<h2 class=\"wp-block-heading\">Qual \u00e8 il ciclo di produzione della personalizzazione di massa?<\/h2>\n\n\n\n<ol class=\"wp-block-list\">\n<li>Produzione dello stampo: Sono necessari circa 7-15 giorni (forme e loghi complicati allungano i tempi), tra cui la conferma del progetto, la lavorazione dello stampo e la regolazione dello stampo di prova.<\/li>\n\n\n\n<li>Produzione del prodotto: Dopo la conferma dello stampo, vengono eseguiti processi quali lo stampaggio a iniezione, la colorazione, l'assemblaggio e l'ispezione. A seconda della quantit\u00e0 ordinata, di solito sono necessari da 10 a 25 giorni. Un piccolo lotto (ad esempio qualche centinaio) pu\u00f2 essere completato in circa 10 giorni, mentre un grande lotto (diverse migliaia) pu\u00f2 richiedere 20-25 giorni.<\/li>\n\n\n\n<li>Ciclo complessivo: Dalla conferma dell'ordine alla consegna del prodotto passano generalmente dalle 3 alle 6 settimane. Se si tratta di progetti complessi o di ordini urgenti, \u00e8 necessario comunicare e coordinarsi con il produttore in anticipo per organizzare i tempi in modo ragionevole.<\/li>\n<\/ol>\n\n\n\n<div class=\"wp-block-columns is-layout-flex wp-container-core-columns-is-layout-28f84493 wp-block-columns-is-layout-flex\">\n<div class=\"wp-block-column is-layout-flow wp-block-column-is-layout-flow\">\n<figure class=\"wp-block-image size-full\"><img alt=\"\" loading=\"lazy\" decoding=\"async\" width=\"800\" height=\"800\" src=\"https:\/\/www.usborkeychain.com\/wp-content\/uploads\/ChubbyPig-USB-flash-drive.png\" class=\"wp-image-4535\" srcset=\"https:\/\/www.usborkeychain.com\/wp-content\/uploads\/ChubbyPig-USB-flash-drive.png 800w, https:\/\/www.usborkeychain.com\/wp-content\/uploads\/ChubbyPig-USB-flash-drive-300x300.png 300w, https:\/\/www.usborkeychain.com\/wp-content\/uploads\/ChubbyPig-USB-flash-drive-150x150.png 150w, https:\/\/www.usborkeychain.com\/wp-content\/uploads\/ChubbyPig-USB-flash-drive-768x768.png 768w, https:\/\/www.usborkeychain.com\/wp-content\/uploads\/ChubbyPig-USB-flash-drive-12x12.png 12w, https:\/\/www.usborkeychain.com\/wp-content\/uploads\/ChubbyPig-USB-flash-drive-600x600.png 600w, https:\/\/www.usborkeychain.com\/wp-content\/uploads\/ChubbyPig-USB-flash-drive-100x100.png 100w\" sizes=\"(max-width: 800px) 100vw, 800px\" \/><\/figure>\n<\/div>\n\n\n\n<div class=\"wp-block-column is-layout-flow wp-block-column-is-layout-flow\">\n<figure class=\"wp-block-image size-full\"><img alt=\"\" loading=\"lazy\" decoding=\"async\" width=\"800\" height=\"800\" src=\"https:\/\/www.usborkeychain.com\/wp-content\/uploads\/FunPig-USB-flash-Drive.png\" class=\"wp-image-4538\" srcset=\"https:\/\/www.usborkeychain.com\/wp-content\/uploads\/FunPig-USB-flash-Drive.png 800w, https:\/\/www.usborkeychain.com\/wp-content\/uploads\/FunPig-USB-flash-Drive-300x300.png 300w, https:\/\/www.usborkeychain.com\/wp-content\/uploads\/FunPig-USB-flash-Drive-150x150.png 150w, https:\/\/www.usborkeychain.com\/wp-content\/uploads\/FunPig-USB-flash-Drive-768x768.png 768w, https:\/\/www.usborkeychain.com\/wp-content\/uploads\/FunPig-USB-flash-Drive-12x12.png 12w, https:\/\/www.usborkeychain.com\/wp-content\/uploads\/FunPig-USB-flash-Drive-600x600.png 600w, https:\/\/www.usborkeychain.com\/wp-content\/uploads\/FunPig-USB-flash-Drive-100x100.png 100w\" sizes=\"(max-width: 800px) 100vw, 800px\" \/><\/figure>\n<\/div>\n\n\n\n<div class=\"wp-block-column is-layout-flow wp-block-column-is-layout-flow\">\n<figure class=\"wp-block-image size-full\"><img alt=\"\" loading=\"lazy\" decoding=\"async\" width=\"800\" height=\"800\" src=\"https:\/\/www.usborkeychain.com\/wp-content\/uploads\/Piggy-USB-flash-Drive.png\" class=\"wp-image-4539\" srcset=\"https:\/\/www.usborkeychain.com\/wp-content\/uploads\/Piggy-USB-flash-Drive.png 800w, https:\/\/www.usborkeychain.com\/wp-content\/uploads\/Piggy-USB-flash-Drive-300x300.png 300w, https:\/\/www.usborkeychain.com\/wp-content\/uploads\/Piggy-USB-flash-Drive-150x150.png 150w, https:\/\/www.usborkeychain.com\/wp-content\/uploads\/Piggy-USB-flash-Drive-768x768.png 768w, https:\/\/www.usborkeychain.com\/wp-content\/uploads\/Piggy-USB-flash-Drive-12x12.png 12w, https:\/\/www.usborkeychain.com\/wp-content\/uploads\/Piggy-USB-flash-Drive-600x600.png 600w, https:\/\/www.usborkeychain.com\/wp-content\/uploads\/Piggy-USB-flash-Drive-100x100.png 100w\" sizes=\"(max-width: 800px) 100vw, 800px\" \/><\/figure>\n<\/div>\n<\/div>\n\n\n\n<h2 class=\"wp-block-heading\">Per quali aziende \u00e8 adatto?<\/h2>\n\n\n\n<div class=\"wp-block-columns is-layout-flex wp-container-core-columns-is-layout-28f84493 wp-block-columns-is-layout-flex\">\n<div class=\"wp-block-column is-vertically-aligned-center is-layout-flow wp-block-column-is-layout-flow\">\n<figure class=\"wp-block-image size-full\"><img alt=\"\" loading=\"lazy\" decoding=\"async\" width=\"800\" height=\"800\" src=\"https:\/\/www.usborkeychain.com\/wp-content\/uploads\/PinkPig-USB-flash-drive.png\" class=\"wp-image-4541\" srcset=\"https:\/\/www.usborkeychain.com\/wp-content\/uploads\/PinkPig-USB-flash-drive.png 800w, https:\/\/www.usborkeychain.com\/wp-content\/uploads\/PinkPig-USB-flash-drive-300x300.png 300w, https:\/\/www.usborkeychain.com\/wp-content\/uploads\/PinkPig-USB-flash-drive-150x150.png 150w, https:\/\/www.usborkeychain.com\/wp-content\/uploads\/PinkPig-USB-flash-drive-768x768.png 768w, https:\/\/www.usborkeychain.com\/wp-content\/uploads\/PinkPig-USB-flash-drive-12x12.png 12w, https:\/\/www.usborkeychain.com\/wp-content\/uploads\/PinkPig-USB-flash-drive-600x600.png 600w, https:\/\/www.usborkeychain.com\/wp-content\/uploads\/PinkPig-USB-flash-drive-100x100.png 100w\" sizes=\"(max-width: 800px) 100vw, 800px\" \/><\/figure>\n<\/div>\n\n\n\n<div class=\"wp-block-column is-vertically-aligned-center is-layout-flow wp-block-column-is-layout-flow\">\n<ul class=\"wp-block-list\">\n<li>Regali per i clienti delle aziende tecnologiche: Regali per accompagnatori VIP all'evento di lancio di un marchio di telefonia mobile.<\/li>\n\n\n\n<li>Articoli promozionali per l'industria della maternit\u00e0 e del bambino: Attivit\u00e0 gratuite con acquisto di un marchio di latte in polvere.<\/li>\n\n\n\n<li>Punti - Articoli di scambio nel settore finanziario: Articoli popolari nel centro commerciale dei punti delle carte di credito di una banca.<\/li>\n\n\n\n<li>Strumenti di reclutamento per le istituzioni scolastiche: Preinstallato con i video promozionali della scuola.<\/li>\n<\/ul>\n<\/div>\n<\/div>\n\n\n\n<div class=\"wp-block-columns are-vertically-aligned-center is-layout-flex wp-container-core-columns-is-layout-28f84493 wp-block-columns-is-layout-flex\">\n<div class=\"wp-block-column is-vertically-aligned-center is-layout-flow wp-block-column-is-layout-flow\">\n<p>Il <strong>Chiavetta USB in PVC Cartoon Pig <\/strong>si basa su una forma simpatica e su materiali di alta qualit\u00e0. Pu\u00f2 soddisfare diverse esigenze in termini di parametri di interfaccia, ha opzioni di personalizzazione flessibili, un ciclo di produzione controllabile ed \u00e8 adatto a molti settori come articolo promozionale o regalo. Sia che si persegua la praticit\u00e0 del prodotto, sia che si voglia migliorare l'immagine del proprio marchio attraverso regali creativi, questo dispositivo pu\u00f2 diventare la \"stella carina\" tra i dispositivi di archiviazione grazie al suo aspetto gradevole e alle sue prestazioni stabili.<\/p>\n<\/div>\n\n\n\n<div class=\"wp-block-column is-vertically-aligned-center is-layout-flow wp-block-column-is-layout-flow\">\n<figure class=\"wp-block-image size-full\"><img alt=\"\" loading=\"lazy\" decoding=\"async\" width=\"800\" height=\"800\" src=\"https:\/\/www.usborkeychain.com\/wp-content\/uploads\/SmileyPig-USB-flash-drive.png\" class=\"wp-image-4543\" srcset=\"https:\/\/www.usborkeychain.com\/wp-content\/uploads\/SmileyPig-USB-flash-drive.png 800w, https:\/\/www.usborkeychain.com\/wp-content\/uploads\/SmileyPig-USB-flash-drive-300x300.png 300w, https:\/\/www.usborkeychain.com\/wp-content\/uploads\/SmileyPig-USB-flash-drive-150x150.png 150w, https:\/\/www.usborkeychain.com\/wp-content\/uploads\/SmileyPig-USB-flash-drive-768x768.png 768w, https:\/\/www.usborkeychain.com\/wp-content\/uploads\/SmileyPig-USB-flash-drive-12x12.png 12w, https:\/\/www.usborkeychain.com\/wp-content\/uploads\/SmileyPig-USB-flash-drive-600x600.png 600w, https:\/\/www.usborkeychain.com\/wp-content\/uploads\/SmileyPig-USB-flash-drive-100x100.png 100w\" sizes=\"(max-width: 800px) 100vw, 800px\" \/><\/figure>\n<\/div>\n<\/div>","protected":false},"excerpt":{"rendered":"<ul>\n<li>Materiale PVC<\/li>\n<li>Cartone animato Maiale<\/li>\n<li>RoHS<\/li>\n<li>Personalizzare una forma unica<\/li>\n<li>MOQ: 100PCS<\/li>\n<\/ul>","protected":false},"featured_media":4536,"comment_status":"open","ping_status":"closed","template":"","meta":{"_seopress_robots_primary_cat":"","_seopress_titles_title":"","_seopress_titles_desc":"","_seopress_robots_index":"","site-sidebar-layout":"default","site-content-layout":"","ast-site-content-layout":"","site-content-style":"default","site-sidebar-style":"default","ast-global-header-display":"","ast-banner-title-visibility":"","ast-main-header-display":"","ast-hfb-above-header-display":"","ast-hfb-below-header-display":"","ast-hfb-mobile-header-display":"","site-post-title":"","ast-breadcrumbs-content":"","ast-featured-img":"","footer-sml-layout":"","theme-transparent-header-meta":"","adv-header-id-meta":"","stick-header-meta":"","header-above-stick-meta":"","header-main-stick-meta":"","header-below-stick-meta":"","astra-migrate-meta-layouts":"default","ast-page-background-enabled":"default","ast-page-background-meta":{"desktop":{"background-color":"var(--ast-global-color-5)","background-image":"","background-repeat":"repeat","background-position":"center center","background-size":"auto","background-attachment":"scroll","background-type":"","background-media":"","overlay-type":"","overlay-color":"","overlay-opacity":"","overlay-gradient":""},"tablet":{"background-color":"","background-image":"","background-repeat":"repeat","background-position":"center center","background-size":"auto","background-attachment":"scroll","background-type":"","background-media":"","overlay-type":"","overlay-color":"","overlay-opacity":"","overlay-gradient":""},"mobile":{"background-color":"","background-image":"","background-repeat":"repeat","background-position":"center center","background-size":"auto","background-attachment":"scroll","background-type":"","background-media":"","overlay-type":"","overlay-color":"","overlay-opacity":"","overlay-gradient":""}},"ast-content-background-meta":{"desktop":{"background-color":"var(--ast-global-color-4)","background-image":"","background-repeat":"repeat","background-position":"center center","background-size":"auto","background-attachment":"scroll","background-type":"","background-media":"","overlay-type":"","overlay-color":"","overlay-opacity":"","overlay-gradient":""},"tablet":{"background-color":"var(--ast-global-color-4)","background-image":"","background-repeat":"repeat","background-position":"center center","background-size":"auto","background-attachment":"scroll","background-type":"","background-media":"","overlay-type":"","overlay-color":"","overlay-opacity":"","overlay-gradient":""},"mobile":{"background-color":"var(--ast-global-color-4)","background-image":"","background-repeat":"repeat","background-position":"center center","background-size":"auto","background-attachment":"scroll","background-type":"","background-media":"","overlay-type":"","overlay-color":"","overlay-opacity":"","overlay-gradient":""}}},"product_brand":[],"product_cat":[112],"product_tag":[271],"class_list":{"0":"post-4532","1":"product","2":"type-product","3":"status-publish","4":"has-post-thumbnail","6":"product_cat-cartton-usb-pendrive","7":"product_tag-pvc-cartoon-pig-usb-flash-drive","8":"desktop-align-left","9":"tablet-align-left","10":"mobile-align-left","12":"first","13":"instock","14":"shipping-taxable","15":"product-type-simple"},"_links":{"self":[{"href":"https:\/\/www.usborkeychain.com\/it\/wp-json\/wp\/v2\/product\/4532","targetHints":{"allow":["GET"]}}],"collection":[{"href":"https:\/\/www.usborkeychain.com\/it\/wp-json\/wp\/v2\/product"}],"about":[{"href":"https:\/\/www.usborkeychain.com\/it\/wp-json\/wp\/v2\/types\/product"}],"replies":[{"embeddable":true,"href":"https:\/\/www.usborkeychain.com\/it\/wp-json\/wp\/v2\/comments?post=4532"}],"wp:featuredmedia":[{"embeddable":true,"href":"https:\/\/www.usborkeychain.com\/it\/wp-json\/wp\/v2\/media\/4536"}],"wp:attachment":[{"href":"https:\/\/www.usborkeychain.com\/it\/wp-json\/wp\/v2\/media?parent=4532"}],"wp:term":[{"taxonomy":"product_brand","embeddable":true,"href":"https:\/\/www.usborkeychain.com\/it\/wp-json\/wp\/v2\/product_brand?post=4532"},{"taxonomy":"product_cat","embeddable":true,"href":"https:\/\/www.usborkeychain.com\/it\/wp-json\/wp\/v2\/product_cat?post=4532"},{"taxonomy":"product_tag","embeddable":true,"href":"https:\/\/www.usborkeychain.com\/it\/wp-json\/wp\/v2\/product_tag?post=4532"}],"curies":[{"name":"wp","href":"https:\/\/api.w.org\/{rel}","templated":true}]}}