{"id":4546,"date":"2025-07-25T02:08:43","date_gmt":"2025-07-25T02:08:43","guid":{"rendered":"https:\/\/www.usborkeychain.com\/?post_type=product&#038;p=4546"},"modified":"2025-07-25T03:53:31","modified_gmt":"2025-07-25T03:53:31","slug":"cartoon-pikachu-usb-flash-drive","status":"publish","type":"product","link":"https:\/\/www.usborkeychain.com\/it\/prodotto\/cartoon-pikachu-usb-flash-drive\/","title":{"rendered":"Chiavetta USB Pikachu a cartoni animati"},"content":{"rendered":"<div class=\"wp-block-columns is-layout-flex wp-container-core-columns-is-layout-28f84493 wp-block-columns-is-layout-flex\">\n<div class=\"wp-block-column is-layout-flow wp-block-column-is-layout-flow\">\n<figure class=\"wp-block-image size-full\"><img alt=\"\" fetchpriority=\"high\" decoding=\"async\" width=\"800\" height=\"800\" src=\"https:\/\/www.usborkeychain.com\/wp-content\/uploads\/PikaTechPal-USB-flash-drive.jpg\" class=\"wp-image-4552\" srcset=\"https:\/\/www.usborkeychain.com\/wp-content\/uploads\/PikaTechPal-USB-flash-drive.jpg 800w, https:\/\/www.usborkeychain.com\/wp-content\/uploads\/PikaTechPal-USB-flash-drive-300x300.jpg 300w, https:\/\/www.usborkeychain.com\/wp-content\/uploads\/PikaTechPal-USB-flash-drive-150x150.jpg 150w, https:\/\/www.usborkeychain.com\/wp-content\/uploads\/PikaTechPal-USB-flash-drive-768x768.jpg 768w, https:\/\/www.usborkeychain.com\/wp-content\/uploads\/PikaTechPal-USB-flash-drive-12x12.jpg 12w, https:\/\/www.usborkeychain.com\/wp-content\/uploads\/PikaTechPal-USB-flash-drive-600x600.jpg 600w, https:\/\/www.usborkeychain.com\/wp-content\/uploads\/PikaTechPal-USB-flash-drive-100x100.jpg 100w\" sizes=\"(max-width: 800px) 100vw, 800px\" \/><\/figure>\n<\/div>\n\n\n\n<div class=\"wp-block-column is-vertically-aligned-center is-layout-flow wp-block-column-is-layout-flow\">\n<p>Il <strong>Chiavetta USB del cartone animato Pikachu<\/strong> \u00e8 modellato sul personaggio classico dell'anime Pikachu. Riproduce l'iconico corpo giallo di Pikachu, il viso rotondo, le guance rosee e le lunghe orecchie vivaci. <\/p>\n\n\n\n<p>Il design complessivo \u00e8 piccolo e simpatico, e ripropone l'adorabile espressione di Pikachu, come se il Pikachu dell'anime si riducesse a un oggetto portatile.<\/p>\n\n\n\n<p>Dotata di una catenella in metallo, pu\u00f2 essere facilmente attaccata a portachiavi o borse. Non si tratta solo di una pratica chiavetta USB, ma anche di un adorabile ciondolo, che \u00e8 al tempo stesso portatile e accattivante.<\/p>\n<\/div>\n<\/div>\n\n\n\n<div class=\"wp-block-columns is-layout-flex wp-container-core-columns-is-layout-28f84493 wp-block-columns-is-layout-flex\">\n<div class=\"wp-block-column is-vertically-aligned-center is-layout-flow wp-block-column-is-layout-flow\">\n<p>La tonalit\u00e0 giallo brillante di questa chiavetta USB Pikachu riproduce con precisione l'iconico aspetto di Pikachu. La sua testa arrotondata \u00e8 caratterizzata da orecchie giocosamente appuntite con punte nere, mentre le guance rosa e arrossate completano la coda a forma di fulmine.<\/p>\n\n\n\n<p> Grazie al design scolpito in 3D e al materiale PVC elastico, tenerlo in mano \u00e8 come coccolare un piccolo Pikachu.<\/p>\n\n\n\n<p><\/p>\n<\/div>\n\n\n\n<div class=\"wp-block-column is-vertically-aligned-center is-layout-flow wp-block-column-is-layout-flow\">\n<figure class=\"wp-block-image size-full\"><img alt=\"\" decoding=\"async\" width=\"800\" height=\"800\" src=\"https:\/\/www.usborkeychain.com\/wp-content\/uploads\/CheeryPika-USB-flash-drive.jpg\" class=\"wp-image-4549\" srcset=\"https:\/\/www.usborkeychain.com\/wp-content\/uploads\/CheeryPika-USB-flash-drive.jpg 800w, https:\/\/www.usborkeychain.com\/wp-content\/uploads\/CheeryPika-USB-flash-drive-300x300.jpg 300w, https:\/\/www.usborkeychain.com\/wp-content\/uploads\/CheeryPika-USB-flash-drive-150x150.jpg 150w, https:\/\/www.usborkeychain.com\/wp-content\/uploads\/CheeryPika-USB-flash-drive-768x768.jpg 768w, https:\/\/www.usborkeychain.com\/wp-content\/uploads\/CheeryPika-USB-flash-drive-12x12.jpg 12w, https:\/\/www.usborkeychain.com\/wp-content\/uploads\/CheeryPika-USB-flash-drive-600x600.jpg 600w, https:\/\/www.usborkeychain.com\/wp-content\/uploads\/CheeryPika-USB-flash-drive-100x100.jpg 100w\" sizes=\"(max-width: 800px) 100vw, 800px\" \/><\/figure>\n<\/div>\n<\/div>\n\n\n\n<h2 class=\"wp-block-heading\">Cosa bisogna tenere presente quando si personalizza una chiavetta USB Pikachu?<\/h2>\n\n\n\n<div class=\"wp-block-columns is-layout-flex wp-container-core-columns-is-layout-28f84493 wp-block-columns-is-layout-flex\">\n<div class=\"wp-block-column is-vertically-aligned-center is-layout-flow wp-block-column-is-layout-flow\">\n<figure class=\"wp-block-image size-full\"><img alt=\"\" decoding=\"async\" width=\"800\" height=\"800\" src=\"https:\/\/www.usborkeychain.com\/wp-content\/uploads\/Pikachu-USB-Flash-drive.jpg\" class=\"wp-image-4550\" srcset=\"https:\/\/www.usborkeychain.com\/wp-content\/uploads\/Pikachu-USB-Flash-drive.jpg 800w, https:\/\/www.usborkeychain.com\/wp-content\/uploads\/Pikachu-USB-Flash-drive-300x300.jpg 300w, https:\/\/www.usborkeychain.com\/wp-content\/uploads\/Pikachu-USB-Flash-drive-150x150.jpg 150w, https:\/\/www.usborkeychain.com\/wp-content\/uploads\/Pikachu-USB-Flash-drive-768x768.jpg 768w, https:\/\/www.usborkeychain.com\/wp-content\/uploads\/Pikachu-USB-Flash-drive-12x12.jpg 12w, https:\/\/www.usborkeychain.com\/wp-content\/uploads\/Pikachu-USB-Flash-drive-600x600.jpg 600w, https:\/\/www.usborkeychain.com\/wp-content\/uploads\/Pikachu-USB-Flash-drive-100x100.jpg 100w\" sizes=\"(max-width: 800px) 100vw, 800px\" \/><\/figure>\n<\/div>\n\n\n\n<div class=\"wp-block-column is-vertically-aligned-center is-layout-flow wp-block-column-is-layout-flow\">\n<h3 class=\"wp-block-heading\">Conformit\u00e0 al copyright<\/h3>\n\n\n\n<p>Pikachu \u00e8 un IP Pok\u00e9mon. \u00c8 fondamentale verificare che il produttore sia in possesso delle autorizzazioni ufficiali (o che il cliente stesso ne sia in possesso); in caso contrario, il prodotto personalizzato sar\u00e0 considerato una personalizzazione illecita, con conseguenti rischi legali.<\/p>\n\n\n\n<h3 class=\"wp-block-heading\">Restauro della forma<\/h3>\n\n\n\n<ol start=\"2\" class=\"wp-block-list\"><\/ol>\n\n\n\n<p>Caratteristiche principali: La saturazione della tonalit\u00e0 di giallo brillante, la proporzione delle punte nere sulle orecchie, la posizione delle guance rosse e la curvatura della coda a forma di fulmine devono essere coerenti con l'immagine ufficiale (le immagini ufficiali possono essere fornite come riferimento);<\/p>\n<\/div>\n<\/div>\n\n\n\n<h2 class=\"wp-block-heading\">Dettagli dei parametri dell'unit\u00e0 USB<\/h2>\n\n\n\n<figure class=\"wp-block-table\"><table class=\"has-fixed-layout\"><thead><tr><th>Tipo di parametro<\/th><th>Dettagli<\/th><\/tr><\/thead><tbody><tr><td>Tipo di interfaccia<\/td><td>USB2.0, USB3.0<\/td><\/tr><tr><td>Capacit\u00e0 di stoccaggio<\/td><td>8GB, 16GB, 32GB, 64GB, 128GB<\/td><\/tr><tr><td>Dimensioni del prodotto (altezza * larghezza * spessore)<\/td><td>Circa 60 mm\u00d740 mm\u00d730 mm<\/td><\/tr><tr><td>Peso<\/td><td>Circa 25 g (compresa la catena)<\/td><\/tr><\/tbody><\/table><\/figure>\n\n\n\n<p><\/p>\n\n\n\n<h2 class=\"wp-block-heading\">Per quali scenari \u00e8 adatto?<\/h2>\n\n\n\n<div class=\"wp-block-columns is-layout-flex wp-container-core-columns-is-layout-28f84493 wp-block-columns-is-layout-flex\">\n<div class=\"wp-block-column is-vertically-aligned-center is-layout-flow wp-block-column-is-layout-flow\">\n<p><strong>Anime - Imprese correlate \/ Esposizioni<\/strong>: Quando le aziende produttrici di anime lanciano periferiche a tema Pikachu, pu\u00f2 essere utilizzato come periferica di archiviazione in edizione limitata. Nelle esposizioni di anime, pu\u00f2 essere utilizzato come regalo interattivo o come souvenir della mostra.<\/p>\n\n\n\n<p><strong>Istituti di formazione educativa<\/strong>: Come i centri di formazione sul coding per bambini, gli istituti di formazione artistica, ecc.<\/p>\n\n\n\n<p><strong>Acquisti di regali aziendali<\/strong>: Aziende tecnologiche, imprese di beni di consumo in rapido movimento, ecc.<\/p>\n\n\n\n<p>Il <strong>Chiavetta USB del cartone animato Pikachu<\/strong> si basa su un aspetto adorabile e su un'alta qualit\u00e0.<strong> Materiale PVC<\/strong>. Ha una vasta gamma di parametri per soddisfare le varie esigenze, un'eccellente durata per un uso a lungo termine e supporta anche la personalizzazione del logo. \u00c8 ampiamente applicabile in scenari quali anime, istruzione e regali aziendali. Sia che si cerchi un aspetto carino o che si apprezzi il valore pratico di archiviazione e personalizzazione, pu\u00f2 diventare una scelta notevole tra i dispositivi di archiviazione con il suo doppio attributo di \"carineria + praticit\u00e0\".<\/p>\n<\/div>\n\n\n\n<div class=\"wp-block-column is-vertically-aligned-center is-layout-flow wp-block-column-is-layout-flow\">\n<figure class=\"wp-block-image size-full\"><img alt=\"\" loading=\"lazy\" decoding=\"async\" width=\"800\" height=\"800\" src=\"https:\/\/www.usborkeychain.com\/wp-content\/uploads\/PikaMemory-Buddy-USB-drive.jpg\" class=\"wp-image-4551\" srcset=\"https:\/\/www.usborkeychain.com\/wp-content\/uploads\/PikaMemory-Buddy-USB-drive.jpg 800w, https:\/\/www.usborkeychain.com\/wp-content\/uploads\/PikaMemory-Buddy-USB-drive-300x300.jpg 300w, https:\/\/www.usborkeychain.com\/wp-content\/uploads\/PikaMemory-Buddy-USB-drive-150x150.jpg 150w, https:\/\/www.usborkeychain.com\/wp-content\/uploads\/PikaMemory-Buddy-USB-drive-768x768.jpg 768w, https:\/\/www.usborkeychain.com\/wp-content\/uploads\/PikaMemory-Buddy-USB-drive-12x12.jpg 12w, https:\/\/www.usborkeychain.com\/wp-content\/uploads\/PikaMemory-Buddy-USB-drive-600x600.jpg 600w, https:\/\/www.usborkeychain.com\/wp-content\/uploads\/PikaMemory-Buddy-USB-drive-100x100.jpg 100w\" sizes=\"(max-width: 800px) 100vw, 800px\" \/><\/figure>\n<\/div>\n<\/div>","protected":false},"excerpt":{"rendered":"<ul>\n<li>Materiale PVC<\/li>\n<li>Cartone animato Pikachu<\/li>\n<li>RoHS<\/li>\n<li>Logo personalizzato<\/li>\n<li>MOQ: 100PCS<\/li>\n<\/ul>","protected":false},"featured_media":4552,"comment_status":"open","ping_status":"closed","template":"","meta":{"_seopress_robots_primary_cat":"none","_seopress_titles_title":"","_seopress_titles_desc":"","_seopress_robots_index":"","site-sidebar-layout":"default","site-content-layout":"","ast-site-content-layout":"","site-content-style":"default","site-sidebar-style":"default","ast-global-header-display":"","ast-banner-title-visibility":"","ast-main-header-display":"","ast-hfb-above-header-display":"","ast-hfb-below-header-display":"","ast-hfb-mobile-header-display":"","site-post-title":"","ast-breadcrumbs-content":"","ast-featured-img":"","footer-sml-layout":"","theme-transparent-header-meta":"","adv-header-id-meta":"","stick-header-meta":"","header-above-stick-meta":"","header-main-stick-meta":"","header-below-stick-meta":"","astra-migrate-meta-layouts":"default","ast-page-background-enabled":"default","ast-page-background-meta":{"desktop":{"background-color":"var(--ast-global-color-5)","background-image":"","background-repeat":"repeat","background-position":"center center","background-size":"auto","background-attachment":"scroll","background-type":"","background-media":"","overlay-type":"","overlay-color":"","overlay-opacity":"","overlay-gradient":""},"tablet":{"background-color":"","background-image":"","background-repeat":"repeat","background-position":"center center","background-size":"auto","background-attachment":"scroll","background-type":"","background-media":"","overlay-type":"","overlay-color":"","overlay-opacity":"","overlay-gradient":""},"mobile":{"background-color":"","background-image":"","background-repeat":"repeat","background-position":"center center","background-size":"auto","background-attachment":"scroll","background-type":"","background-media":"","overlay-type":"","overlay-color":"","overlay-opacity":"","overlay-gradient":""}},"ast-content-background-meta":{"desktop":{"background-color":"var(--ast-global-color-4)","background-image":"","background-repeat":"repeat","background-position":"center center","background-size":"auto","background-attachment":"scroll","background-type":"","background-media":"","overlay-type":"","overlay-color":"","overlay-opacity":"","overlay-gradient":""},"tablet":{"background-color":"var(--ast-global-color-4)","background-image":"","background-repeat":"repeat","background-position":"center center","background-size":"auto","background-attachment":"scroll","background-type":"","background-media":"","overlay-type":"","overlay-color":"","overlay-opacity":"","overlay-gradient":""},"mobile":{"background-color":"var(--ast-global-color-4)","background-image":"","background-repeat":"repeat","background-position":"center center","background-size":"auto","background-attachment":"scroll","background-type":"","background-media":"","overlay-type":"","overlay-color":"","overlay-opacity":"","overlay-gradient":""}}},"product_brand":[],"product_cat":[112],"product_tag":[272,248],"class_list":{"0":"post-4546","1":"product","2":"type-product","3":"status-publish","4":"has-post-thumbnail","6":"product_cat-cartton-usb-pendrive","7":"product_tag-cartoon-pikachu-usb-flash-drive","8":"product_tag-pvc-usb-flash-drive","9":"desktop-align-left","10":"tablet-align-left","11":"mobile-align-left","13":"first","14":"instock","15":"shipping-taxable","16":"product-type-simple"},"_links":{"self":[{"href":"https:\/\/www.usborkeychain.com\/it\/wp-json\/wp\/v2\/product\/4546","targetHints":{"allow":["GET"]}}],"collection":[{"href":"https:\/\/www.usborkeychain.com\/it\/wp-json\/wp\/v2\/product"}],"about":[{"href":"https:\/\/www.usborkeychain.com\/it\/wp-json\/wp\/v2\/types\/product"}],"replies":[{"embeddable":true,"href":"https:\/\/www.usborkeychain.com\/it\/wp-json\/wp\/v2\/comments?post=4546"}],"wp:featuredmedia":[{"embeddable":true,"href":"https:\/\/www.usborkeychain.com\/it\/wp-json\/wp\/v2\/media\/4552"}],"wp:attachment":[{"href":"https:\/\/www.usborkeychain.com\/it\/wp-json\/wp\/v2\/media?parent=4546"}],"wp:term":[{"taxonomy":"product_brand","embeddable":true,"href":"https:\/\/www.usborkeychain.com\/it\/wp-json\/wp\/v2\/product_brand?post=4546"},{"taxonomy":"product_cat","embeddable":true,"href":"https:\/\/www.usborkeychain.com\/it\/wp-json\/wp\/v2\/product_cat?post=4546"},{"taxonomy":"product_tag","embeddable":true,"href":"https:\/\/www.usborkeychain.com\/it\/wp-json\/wp\/v2\/product_tag?post=4546"}],"curies":[{"name":"wp","href":"https:\/\/api.w.org\/{rel}","templated":true}]}}