{"id":4569,"date":"2025-07-25T03:38:47","date_gmt":"2025-07-25T03:38:47","guid":{"rendered":"https:\/\/www.usborkeychain.com\/?post_type=product&#038;p=4569"},"modified":"2025-07-25T04:08:04","modified_gmt":"2025-07-25T04:08:04","slug":"lighter-shaped-usb-flash-drive","status":"publish","type":"product","link":"https:\/\/www.usborkeychain.com\/it\/prodotto\/lighter-shaped-usb-flash-drive\/","title":{"rendered":"Accendino classico in plastica Unit\u00e0 flash USB"},"content":{"rendered":"<div class=\"wp-block-columns is-layout-flex wp-container-core-columns-is-layout-28f84493 wp-block-columns-is-layout-flex\">\n<div class=\"wp-block-column is-vertically-aligned-center is-layout-flow wp-block-column-is-layout-flow\">\n<p>Questo <strong>Unit\u00e0 flash USB a forma di accendino<\/strong> si ispira ai classici accendini, con linee esterne sottili e semplici. Il design complessivo \u00e8 piccolo e delicato e riproduce fedelmente la forma di un accendino, ed \u00e8 ben riconoscibile quando lo si tiene in mano.<\/p>\n\n\n\n<p>\u00c8 realizzato in<strong> metallo di alta qualit\u00e0 <\/strong>(come la lega di alluminio) combinata con materiali plastici ecologici. La parte metallica conferisce al prodotto una propriet\u00e0 solida e resistente all'usura. Non \u00e8 facile che si graffi o si deformi durante l'uso quotidiano, proteggendo efficacemente il chip di memoria interno. La parte in plastica \u00e8 leggera e rende l'intera chiavetta USB maneggevole e comoda da trasportare. La superficie \u00e8 finemente lavorata e offre una sensazione di morbidezza al tatto.<\/p>\n\n\n\n<p>Ha dimensioni ridotte, simili a quelle di un normale accendino, e pu\u00f2 essere facilmente riposto in tasche, portafogli o portachiavi.<\/p>\n<\/div>\n\n\n\n<div class=\"wp-block-column is-vertically-aligned-center is-layout-flow wp-block-column-is-layout-flow\">\n<figure class=\"wp-block-image size-full\"><img alt=\"\" fetchpriority=\"high\" decoding=\"async\" width=\"800\" height=\"800\" src=\"https:\/\/www.usborkeychain.com\/wp-content\/uploads\/Shiny-Lighter-USB-flash-drive.jpg\" class=\"wp-image-4580\" srcset=\"https:\/\/www.usborkeychain.com\/wp-content\/uploads\/Shiny-Lighter-USB-flash-drive.jpg 800w, https:\/\/www.usborkeychain.com\/wp-content\/uploads\/Shiny-Lighter-USB-flash-drive-300x300.jpg 300w, https:\/\/www.usborkeychain.com\/wp-content\/uploads\/Shiny-Lighter-USB-flash-drive-150x150.jpg 150w, https:\/\/www.usborkeychain.com\/wp-content\/uploads\/Shiny-Lighter-USB-flash-drive-768x768.jpg 768w, https:\/\/www.usborkeychain.com\/wp-content\/uploads\/Shiny-Lighter-USB-flash-drive-12x12.jpg 12w, https:\/\/www.usborkeychain.com\/wp-content\/uploads\/Shiny-Lighter-USB-flash-drive-600x600.jpg 600w, https:\/\/www.usborkeychain.com\/wp-content\/uploads\/Shiny-Lighter-USB-flash-drive-100x100.jpg 100w\" sizes=\"(max-width: 800px) 100vw, 800px\" \/><\/figure>\n<\/div>\n<\/div>\n\n\n\n<h2 class=\"wp-block-heading\">Parametri dell'unit\u00e0 flash USB<\/h2>\n\n\n\n<figure class=\"wp-block-table\"><table class=\"has-fixed-layout\"><thead><tr><th>Tipo di parametro<\/th><th>Dettagli<\/th><\/tr><\/thead><tbody><tr><td>Tipo di interfaccia<\/td><td>USB2.0, USB3.0<\/td><\/tr><tr><td>Capacit\u00e0 di stoccaggio<\/td><td>8GB, 16GB, 32GB, 64GB, 128GB<\/td><\/tr><tr><td>Dimensioni del prodotto (lunghezza \u00d7 larghezza \u00d7 spessore)<\/td><td>Circa 80 mm\u00d720 mm\u00d712 mm<\/td><\/tr><tr><td>Peso<\/td><td>Circa 20 g<\/td><\/tr><\/tbody><\/table><\/figure>\n\n\n\n<h2 class=\"wp-block-heading\">Quali sono le caratteristiche pi\u00f9 importanti di questa unit\u00e0 flash USB?<\/h2>\n\n\n\n<div class=\"wp-block-columns is-layout-flex wp-container-core-columns-is-layout-28f84493 wp-block-columns-is-layout-flex\">\n<div class=\"wp-block-column is-vertically-aligned-center is-layout-flow wp-block-column-is-layout-flow\">\n<figure class=\"wp-block-image size-full\"><img alt=\"\" decoding=\"async\" width=\"800\" height=\"800\" src=\"https:\/\/www.usborkeychain.com\/wp-content\/uploads\/Color-Lighter-USB-flash-drive.jpg\" class=\"wp-image-4576\" srcset=\"https:\/\/www.usborkeychain.com\/wp-content\/uploads\/Color-Lighter-USB-flash-drive.jpg 800w, https:\/\/www.usborkeychain.com\/wp-content\/uploads\/Color-Lighter-USB-flash-drive-300x300.jpg 300w, https:\/\/www.usborkeychain.com\/wp-content\/uploads\/Color-Lighter-USB-flash-drive-150x150.jpg 150w, https:\/\/www.usborkeychain.com\/wp-content\/uploads\/Color-Lighter-USB-flash-drive-768x768.jpg 768w, https:\/\/www.usborkeychain.com\/wp-content\/uploads\/Color-Lighter-USB-flash-drive-12x12.jpg 12w, https:\/\/www.usborkeychain.com\/wp-content\/uploads\/Color-Lighter-USB-flash-drive-600x600.jpg 600w, https:\/\/www.usborkeychain.com\/wp-content\/uploads\/Color-Lighter-USB-flash-drive-100x100.jpg 100w\" sizes=\"(max-width: 800px) 100vw, 800px\" \/><\/figure>\n<\/div>\n\n\n\n<div class=\"wp-block-column is-vertically-aligned-center is-layout-flow wp-block-column-is-layout-flow\">\n<h3 class=\"wp-block-heading\">Materiale:<\/h3>\n\n\n\n<p>Le classiche unit\u00e0 USB in plastica sono basate su materiali plastici e presentano vantaggi unici in termini di creativit\u00e0 del design, controllo dei costi e uso quotidiano. Sono adatte a scenari in cui si cercano prestazioni ad alto costo, portabilit\u00e0 leggera e personalizzazione creativa.<\/p>\n<\/div>\n<\/div>\n\n\n\n<div class=\"wp-block-columns is-layout-flex wp-container-core-columns-is-layout-28f84493 wp-block-columns-is-layout-flex\">\n<div class=\"wp-block-column is-vertically-aligned-center is-layout-flow wp-block-column-is-layout-flow\">\n<figure class=\"wp-block-image size-full\"><img alt=\"\" decoding=\"async\" width=\"800\" height=\"800\" src=\"https:\/\/www.usborkeychain.com\/wp-content\/uploads\/Lighter-USB-Drive.png\" class=\"wp-image-4578\" srcset=\"https:\/\/www.usborkeychain.com\/wp-content\/uploads\/Lighter-USB-Drive.png 800w, https:\/\/www.usborkeychain.com\/wp-content\/uploads\/Lighter-USB-Drive-300x300.png 300w, https:\/\/www.usborkeychain.com\/wp-content\/uploads\/Lighter-USB-Drive-150x150.png 150w, https:\/\/www.usborkeychain.com\/wp-content\/uploads\/Lighter-USB-Drive-768x768.png 768w, https:\/\/www.usborkeychain.com\/wp-content\/uploads\/Lighter-USB-Drive-12x12.png 12w, https:\/\/www.usborkeychain.com\/wp-content\/uploads\/Lighter-USB-Drive-600x600.png 600w, https:\/\/www.usborkeychain.com\/wp-content\/uploads\/Lighter-USB-Drive-100x100.png 100w\" sizes=\"(max-width: 800px) 100vw, 800px\" \/><\/figure>\n<\/div>\n\n\n\n<div class=\"wp-block-column is-vertically-aligned-center is-layout-flow wp-block-column-is-layout-flow\">\n<h3 class=\"wp-block-heading\">LOGO personalizzato<\/h3>\n\n\n\n<p>Il guscio di questa unit\u00e0 USB pi\u00f9 leggera \u00e8 adatto alla serigrafia. La serigrafia \u00e8 ideale per motivi semplici o monocolore: utilizzando una spatola per premere l'inchiostro sulla superficie della chiavetta USB, \u00e8 particolarmente adatta per gusci di plastica o superfici metalliche verniciate. \u00c8 caratterizzata da colori brillanti, basso costo ed elevata efficienza nella personalizzazione di massa, ma richiede un'area di stampa piana per evitare la distorsione del motivo causata dalle superfici curve.<\/p>\n\n\n\n<p>I loghi stampati a colori, invece, sono adatti per la stampa di sfumature multicolore e di motivi complessi (come i loghi di marca con elementi dettagliati). Adottando la tecnologia digitale a getto d'inchiostro, possono restituire con precisione le sfumature di colore e adattarsi alla superficie curva dell'accendino. Tuttavia, \u00e8 necessario scegliere un inchiostro resistente all'usura (soprattutto per i materiali metallici) e testare l'adesione in anticipo per evitare lo sbiadimento dopo un uso prolungato.<\/p>\n<\/div>\n<\/div>\n\n\n\n<h2 class=\"wp-block-heading\">Quali imprese possono usarlo come regalo?<\/h2>\n\n\n\n<div class=\"wp-block-columns are-vertically-aligned-center is-layout-flex wp-container-core-columns-is-layout-28f84493 wp-block-columns-is-layout-flex\">\n<div class=\"wp-block-column is-vertically-aligned-center is-layout-flow wp-block-column-is-layout-flow\">\n<ul class=\"wp-block-list\">\n<li>Produttori di marchi di accendini: Possono lanciare prodotti a marchio congiunto \"accendino - chiavetta USB\" per espandere i loro confini commerciali come periferiche di marca.<\/li>\n\n\n\n<li>Imprese di vendita al dettaglio di tabacco: Durante le promozioni dei festival e gli eventi di apprezzamento dei soci, possono regalarlo con confezioni regalo di prodotti del tabacco.<\/li>\n\n\n\n<li>Aziende di regali aziendali: Sono in grado di personalizzare i regali aziendali per varie aziende, come istituti finanziari e societ\u00e0 di consulenza.<\/li>\n\n\n\n<li>Per il completamento di progetti creativi: Personalizzare le chiavette USB a forma di accendino con elementi creativi aziendali (come i colori del marchio e gli slogan creativi) per mostrare la forza del design e il pensiero innovativo dell'azienda.<\/li>\n\n\n\n<li>Start up tecnologiche: Possono usarlo come regalo per i partecipanti al lancio di prodotti, ai roadshow di finanziamento e ad altri eventi.<\/li>\n<\/ul>\n<\/div>\n\n\n\n<div class=\"wp-block-column is-vertically-aligned-center is-layout-flow wp-block-column-is-layout-flow\">\n<figure class=\"wp-block-image size-full\"><img alt=\"\" loading=\"lazy\" decoding=\"async\" width=\"800\" height=\"800\" src=\"https:\/\/www.usborkeychain.com\/wp-content\/uploads\/Sleek-Lighter-USB-flash-drive.jpg\" class=\"wp-image-4581\" srcset=\"https:\/\/www.usborkeychain.com\/wp-content\/uploads\/Sleek-Lighter-USB-flash-drive.jpg 800w, https:\/\/www.usborkeychain.com\/wp-content\/uploads\/Sleek-Lighter-USB-flash-drive-300x300.jpg 300w, https:\/\/www.usborkeychain.com\/wp-content\/uploads\/Sleek-Lighter-USB-flash-drive-150x150.jpg 150w, https:\/\/www.usborkeychain.com\/wp-content\/uploads\/Sleek-Lighter-USB-flash-drive-768x768.jpg 768w, https:\/\/www.usborkeychain.com\/wp-content\/uploads\/Sleek-Lighter-USB-flash-drive-12x12.jpg 12w, https:\/\/www.usborkeychain.com\/wp-content\/uploads\/Sleek-Lighter-USB-flash-drive-600x600.jpg 600w, https:\/\/www.usborkeychain.com\/wp-content\/uploads\/Sleek-Lighter-USB-flash-drive-100x100.jpg 100w\" sizes=\"(max-width: 800px) 100vw, 800px\" \/><\/figure>\n<\/div>\n<\/div>\n\n\n\n<h2 class=\"wp-block-heading\">Quali sono i vantaggi del design del portachiavi?<\/h2>\n\n\n\n<div class=\"wp-block-columns is-layout-flex wp-container-core-columns-is-layout-28f84493 wp-block-columns-is-layout-flex\">\n<div class=\"wp-block-column is-vertically-aligned-center is-layout-flow wp-block-column-is-layout-flow\">\n<figure class=\"wp-block-image size-full\"><img alt=\"\" loading=\"lazy\" decoding=\"async\" width=\"800\" height=\"800\" src=\"https:\/\/www.usborkeychain.com\/wp-content\/uploads\/Minimal-Lighter-USB-flash-Drive.jpg\" class=\"wp-image-4579\" srcset=\"https:\/\/www.usborkeychain.com\/wp-content\/uploads\/Minimal-Lighter-USB-flash-Drive.jpg 800w, https:\/\/www.usborkeychain.com\/wp-content\/uploads\/Minimal-Lighter-USB-flash-Drive-300x300.jpg 300w, https:\/\/www.usborkeychain.com\/wp-content\/uploads\/Minimal-Lighter-USB-flash-Drive-150x150.jpg 150w, https:\/\/www.usborkeychain.com\/wp-content\/uploads\/Minimal-Lighter-USB-flash-Drive-768x768.jpg 768w, https:\/\/www.usborkeychain.com\/wp-content\/uploads\/Minimal-Lighter-USB-flash-Drive-12x12.jpg 12w, https:\/\/www.usborkeychain.com\/wp-content\/uploads\/Minimal-Lighter-USB-flash-Drive-600x600.jpg 600w, https:\/\/www.usborkeychain.com\/wp-content\/uploads\/Minimal-Lighter-USB-flash-Drive-100x100.jpg 100w\" sizes=\"(max-width: 800px) 100vw, 800px\" \/><\/figure>\n<\/div>\n\n\n\n<div class=\"wp-block-column is-vertically-aligned-center is-layout-flow wp-block-column-is-layout-flow\">\n<p>Il <strong>portachiavi<\/strong> \u00e8 solitamente in metallo (come l'acciaio inossidabile) ed \u00e8 collegato al corpo principale dell'unit\u00e0 flash USB attraverso un foro di sospensione, che \u00e8 solido e affidabile. Questo design migliora ulteriormente la portabilit\u00e0. Pu\u00f2 essere appeso direttamente ai portachiavi o alle fibbie degli zaini, portato con le chiavi e gli zaini, riducendo il rischio di perdere la chiavetta USB. Inoltre, pu\u00f2 rendere la chiavetta USB un \"piccolo accessorio alla moda\" per chiavi e zaini, combinando praticit\u00e0 e funzioni decorative per soddisfare le diverse esigenze di trasporto degli utenti.<\/p>\n<\/div>\n<\/div>\n\n\n\n<div class=\"wp-block-columns is-layout-flex wp-container-core-columns-is-layout-28f84493 wp-block-columns-is-layout-flex\">\n<div class=\"wp-block-column is-layout-flow wp-block-column-is-layout-flow\">\n<div class=\"wp-block-columns is-layout-flex wp-container-core-columns-is-layout-28f84493 wp-block-columns-is-layout-flex\">\n<div class=\"wp-block-column is-layout-flow wp-block-column-is-layout-flow\">\n<div class=\"wp-block-columns is-layout-flex wp-container-core-columns-is-layout-28f84493 wp-block-columns-is-layout-flex\">\n<div class=\"wp-block-column is-vertically-aligned-center is-layout-flow wp-block-column-is-layout-flow\">\n<figure class=\"wp-block-image size-full\"><img alt=\"\" loading=\"lazy\" decoding=\"async\" width=\"800\" height=\"800\" src=\"https:\/\/www.usborkeychain.com\/wp-content\/uploads\/Lighter-Storage-USB-drive.png\" class=\"wp-image-4577\" srcset=\"https:\/\/www.usborkeychain.com\/wp-content\/uploads\/Lighter-Storage-USB-drive.png 800w, https:\/\/www.usborkeychain.com\/wp-content\/uploads\/Lighter-Storage-USB-drive-300x300.png 300w, https:\/\/www.usborkeychain.com\/wp-content\/uploads\/Lighter-Storage-USB-drive-150x150.png 150w, https:\/\/www.usborkeychain.com\/wp-content\/uploads\/Lighter-Storage-USB-drive-768x768.png 768w, https:\/\/www.usborkeychain.com\/wp-content\/uploads\/Lighter-Storage-USB-drive-12x12.png 12w, https:\/\/www.usborkeychain.com\/wp-content\/uploads\/Lighter-Storage-USB-drive-600x600.png 600w, https:\/\/www.usborkeychain.com\/wp-content\/uploads\/Lighter-Storage-USB-drive-100x100.png 100w\" sizes=\"(max-width: 800px) 100vw, 800px\" \/><\/figure>\n<\/div>\n\n\n\n<div class=\"wp-block-column is-vertically-aligned-center is-layout-flow wp-block-column-is-layout-flow\">\n<p>Il<strong> chiavetta USB a forma di accendino<\/strong> si basa su un aspetto unico e su materiali di alta qualit\u00e0. Ha una vasta gamma di parametri per soddisfare molteplici scenari, una forte praticit\u00e0 e supporta la personalizzazione. Il design del portachiavi migliora ulteriormente la portabilit\u00e0. Che si tratti di aziende del tabacco per espandere il proprio marchio, di aziende commerciali per trasmettere la propria immagine o di aziende creative e tecnologiche per mostrare le proprie caratteristiche, pu\u00f2 diventare una scelta notevole nei mercati dei dispositivi di archiviazione e dei regali, iniettando nuova vitalit\u00e0 nell'archiviazione dei dati e nella comunicazione del marchio.<\/p>\n<\/div>\n\n\n\n<div class=\"wp-block-column is-vertically-aligned-center is-layout-flow wp-block-column-is-layout-flow\">\n<figure class=\"wp-block-image size-full\"><img alt=\"\" loading=\"lazy\" decoding=\"async\" width=\"800\" height=\"800\" src=\"https:\/\/www.usborkeychain.com\/wp-content\/uploads\/ChicLighter-USB-flash-Drive.jpg\" class=\"wp-image-4575\" srcset=\"https:\/\/www.usborkeychain.com\/wp-content\/uploads\/ChicLighter-USB-flash-Drive.jpg 800w, https:\/\/www.usborkeychain.com\/wp-content\/uploads\/ChicLighter-USB-flash-Drive-300x300.jpg 300w, https:\/\/www.usborkeychain.com\/wp-content\/uploads\/ChicLighter-USB-flash-Drive-150x150.jpg 150w, https:\/\/www.usborkeychain.com\/wp-content\/uploads\/ChicLighter-USB-flash-Drive-768x768.jpg 768w, https:\/\/www.usborkeychain.com\/wp-content\/uploads\/ChicLighter-USB-flash-Drive-12x12.jpg 12w, https:\/\/www.usborkeychain.com\/wp-content\/uploads\/ChicLighter-USB-flash-Drive-600x600.jpg 600w, https:\/\/www.usborkeychain.com\/wp-content\/uploads\/ChicLighter-USB-flash-Drive-100x100.jpg 100w\" sizes=\"(max-width: 800px) 100vw, 800px\" \/><\/figure>\n<\/div>\n<\/div>\n<\/div>\n<\/div>\n<\/div>\n<\/div>","protected":false},"excerpt":{"rendered":"<ul>\n<li>Forma pi\u00f9 leggera<\/li>\n<li>Metallo di alta qualit\u00e0<\/li>\n<li>Portachiavi<\/li>\n<li>Colore diverso personalizzato<\/li>\n<li>MOQ: 100PCS<\/li>\n<\/ul>","protected":false},"featured_media":4580,"comment_status":"open","ping_status":"closed","template":"","meta":{"_seopress_robots_primary_cat":"none","_seopress_titles_title":"","_seopress_titles_desc":"","_seopress_robots_index":"","site-sidebar-layout":"default","site-content-layout":"","ast-site-content-layout":"","site-content-style":"default","site-sidebar-style":"default","ast-global-header-display":"","ast-banner-title-visibility":"","ast-main-header-display":"","ast-hfb-above-header-display":"","ast-hfb-below-header-display":"","ast-hfb-mobile-header-display":"","site-post-title":"","ast-breadcrumbs-content":"","ast-featured-img":"","footer-sml-layout":"","theme-transparent-header-meta":"","adv-header-id-meta":"","stick-header-meta":"","header-above-stick-meta":"","header-main-stick-meta":"","header-below-stick-meta":"","astra-migrate-meta-layouts":"default","ast-page-background-enabled":"default","ast-page-background-meta":{"desktop":{"background-color":"var(--ast-global-color-5)","background-image":"","background-repeat":"repeat","background-position":"center center","background-size":"auto","background-attachment":"scroll","background-type":"","background-media":"","overlay-type":"","overlay-color":"","overlay-opacity":"","overlay-gradient":""},"tablet":{"background-color":"","background-image":"","background-repeat":"repeat","background-position":"center center","background-size":"auto","background-attachment":"scroll","background-type":"","background-media":"","overlay-type":"","overlay-color":"","overlay-opacity":"","overlay-gradient":""},"mobile":{"background-color":"","background-image":"","background-repeat":"repeat","background-position":"center center","background-size":"auto","background-attachment":"scroll","background-type":"","background-media":"","overlay-type":"","overlay-color":"","overlay-opacity":"","overlay-gradient":""}},"ast-content-background-meta":{"desktop":{"background-color":"var(--ast-global-color-4)","background-image":"","background-repeat":"repeat","background-position":"center center","background-size":"auto","background-attachment":"scroll","background-type":"","background-media":"","overlay-type":"","overlay-color":"","overlay-opacity":"","overlay-gradient":""},"tablet":{"background-color":"var(--ast-global-color-4)","background-image":"","background-repeat":"repeat","background-position":"center center","background-size":"auto","background-attachment":"scroll","background-type":"","background-media":"","overlay-type":"","overlay-color":"","overlay-opacity":"","overlay-gradient":""},"mobile":{"background-color":"var(--ast-global-color-4)","background-image":"","background-repeat":"repeat","background-position":"center center","background-size":"auto","background-attachment":"scroll","background-type":"","background-media":"","overlay-type":"","overlay-color":"","overlay-opacity":"","overlay-gradient":""}}},"product_brand":[],"product_cat":[92,103],"product_tag":[275,248],"class_list":{"0":"post-4569","1":"product","2":"type-product","3":"status-publish","4":"has-post-thumbnail","6":"product_cat-plastic-usb-pendrive","7":"product_cat-usb2-0-usb-pendrive","8":"product_tag-lighter-shaped-usb-flash-drive","9":"product_tag-pvc-usb-flash-drive","10":"desktop-align-left","11":"tablet-align-left","12":"mobile-align-left","14":"first","15":"instock","16":"shipping-taxable","17":"product-type-simple"},"_links":{"self":[{"href":"https:\/\/www.usborkeychain.com\/it\/wp-json\/wp\/v2\/product\/4569","targetHints":{"allow":["GET"]}}],"collection":[{"href":"https:\/\/www.usborkeychain.com\/it\/wp-json\/wp\/v2\/product"}],"about":[{"href":"https:\/\/www.usborkeychain.com\/it\/wp-json\/wp\/v2\/types\/product"}],"replies":[{"embeddable":true,"href":"https:\/\/www.usborkeychain.com\/it\/wp-json\/wp\/v2\/comments?post=4569"}],"wp:featuredmedia":[{"embeddable":true,"href":"https:\/\/www.usborkeychain.com\/it\/wp-json\/wp\/v2\/media\/4580"}],"wp:attachment":[{"href":"https:\/\/www.usborkeychain.com\/it\/wp-json\/wp\/v2\/media?parent=4569"}],"wp:term":[{"taxonomy":"product_brand","embeddable":true,"href":"https:\/\/www.usborkeychain.com\/it\/wp-json\/wp\/v2\/product_brand?post=4569"},{"taxonomy":"product_cat","embeddable":true,"href":"https:\/\/www.usborkeychain.com\/it\/wp-json\/wp\/v2\/product_cat?post=4569"},{"taxonomy":"product_tag","embeddable":true,"href":"https:\/\/www.usborkeychain.com\/it\/wp-json\/wp\/v2\/product_tag?post=4569"}],"curies":[{"name":"wp","href":"https:\/\/api.w.org\/{rel}","templated":true}]}}