{"id":4589,"date":"2025-07-25T12:50:33","date_gmt":"2025-07-25T12:50:33","guid":{"rendered":"https:\/\/www.usborkeychain.com\/?post_type=product&#038;p=4589"},"modified":"2025-07-25T23:55:12","modified_gmt":"2025-07-25T23:55:12","slug":"pvc-teapot-shaped-usb-flash-drive","status":"publish","type":"product","link":"https:\/\/www.usborkeychain.com\/it\/prodotto\/pvc-teapot-shaped-usb-flash-drive\/","title":{"rendered":"Chiavetta USB a forma di teiera in PVC"},"content":{"rendered":"<div class=\"wp-block-columns is-layout-flex wp-container-core-columns-is-layout-28f84493 wp-block-columns-is-layout-flex\">\n<div class=\"wp-block-column is-vertically-aligned-center is-layout-flow wp-block-column-is-layout-flow\">\n<figure class=\"wp-block-image size-full\"><img alt=\"\" fetchpriority=\"high\" decoding=\"async\" width=\"800\" height=\"800\" src=\"https:\/\/www.usborkeychain.com\/wp-content\/uploads\/Mini-Tea-USB-flash-Drive.png\" class=\"wp-image-4593\" srcset=\"https:\/\/www.usborkeychain.com\/wp-content\/uploads\/Mini-Tea-USB-flash-Drive.png 800w, https:\/\/www.usborkeychain.com\/wp-content\/uploads\/Mini-Tea-USB-flash-Drive-300x300.png 300w, https:\/\/www.usborkeychain.com\/wp-content\/uploads\/Mini-Tea-USB-flash-Drive-150x150.png 150w, https:\/\/www.usborkeychain.com\/wp-content\/uploads\/Mini-Tea-USB-flash-Drive-768x768.png 768w, https:\/\/www.usborkeychain.com\/wp-content\/uploads\/Mini-Tea-USB-flash-Drive-12x12.png 12w, https:\/\/www.usborkeychain.com\/wp-content\/uploads\/Mini-Tea-USB-flash-Drive-600x600.png 600w, https:\/\/www.usborkeychain.com\/wp-content\/uploads\/Mini-Tea-USB-flash-Drive-100x100.png 100w\" sizes=\"(max-width: 800px) 100vw, 800px\" \/><\/figure>\n<\/div>\n\n\n\n<div class=\"wp-block-column is-vertically-aligned-center is-layout-flow wp-block-column-is-layout-flow\">\n<p>Il <strong>Chiavetta USB a forma di teiera in PVC<\/strong> Il design squisitamente realistico della teiera \u00e8 il suo punto forte. \u00c8 realizzata in materiale ecologico <strong>Materiale PVC<\/strong>morbido, flessibile e con una buona resistenza all'usura e alle cadute. In questo modo \u00e8 possibile proteggere efficacemente i componenti di archiviazione interni.<\/p>\n\n\n\n<p>In termini di aspetto, riproduce fedelmente la forma di una teiera, con un aspetto tridimensionale e vivace. Le linee del corpo della teiera sono morbide e i dettagli come il coperchio, il beccuccio e il manico sono chiaramente distinguibili. Alcuni prodotti presentano anche il semplice e classico carattere cinese \"tea\" stampato sul corpo della teiera, aggiungendo un tocco di fascino in stile cinese. <\/p>\n\n\n\n<p>Questo design di simulazione rende l'unit\u00e0 USB non solo uno strumento di archiviazione, ma anche un ornamento artistico miniaturizzato per il t\u00e8. Risponde esattamente alle esigenze delle aziende del settore del t\u00e8 di diffondere la cultura del proprio marchio ed \u00e8 molto amata dagli amanti del t\u00e8. \u00c8 diventata un oggetto personale che mostra il proprio gusto.<\/p>\n<\/div>\n<\/div>\n\n\n\n<h2 class=\"wp-block-heading\">Specifiche dell'unit\u00e0 USB<\/h2>\n\n\n\n<figure class=\"wp-block-table\"><table class=\"has-fixed-layout\"><thead><tr><th>Categoria di parametri<\/th><th>Dettagli<\/th><\/tr><\/thead><tbody><tr><td>Capacit\u00e0 di stoccaggio<\/td><td>8GB, 16GB, 32GB, 64GB, 128GB<\/td><\/tr><tr><td>Tipo di interfaccia<\/td><td>USB2.0\/USB3.0<\/td><\/tr><tr><td>Peso<\/td><td>Circa 20 g<\/td><\/tr><tr><td>Dimensioni (lunghezza\u00d7larghezza\u00d7altezza)<\/td><td>45mm\u00d730mm\u00d725mm<\/td><\/tr><\/tbody><\/table><\/figure>\n\n\n\n<h2 class=\"wp-block-heading\">Quali sono i colori disponibili per le unit\u00e0 USB a forma di teiera?<\/h2>\n\n\n\n<div class=\"wp-block-columns is-layout-flex wp-container-core-columns-is-layout-28f84493 wp-block-columns-is-layout-flex\">\n<div class=\"wp-block-column is-vertically-aligned-center is-layout-flow wp-block-column-is-layout-flow\">\n<p>Il colore di questa chiavetta USB a forma di teiera \u00e8 fisso: \u00e8 disponibile solo in marrone, senza altre opzioni di colore. Questo perch\u00e9 il suo design si ispira interamente alle tradizionali teiere di argilla viola, dove il marrone \u00e8 la tonalit\u00e0 pi\u00f9 iconica. Per preservare il pi\u00f9 possibile la consistenza e il fascino classici delle teiere di argilla viola, fin dall'inizio dello sviluppo si \u00e8 deciso di utilizzare solo il colore marrone per questa chiavetta USB.<\/p>\n\n\n\n<p>Poich\u00e9 il colore \u00e8 fisso come il marrone, anche i loghi personalizzati vengono prodotti utilizzando lo stampo per questo colore di base. Non \u00e8 necessario creare altri stampi per altri colori; il processo di personalizzazione del logo pu\u00f2 essere completato direttamente utilizzando lo stampo esistente. Questo non solo garantisce la coerenza con la forma della teiera e lo stile delle tradizionali teiere in argilla viola, ma aiuta anche a risparmiare sui costi e sui tempi di personalizzazione.<\/p>\n<\/div>\n\n\n\n<div class=\"wp-block-column is-vertically-aligned-center is-layout-flow wp-block-column-is-layout-flow\">\n<figure class=\"wp-block-image size-full\"><img alt=\"\" decoding=\"async\" width=\"800\" height=\"800\" src=\"https:\/\/www.usborkeychain.com\/wp-content\/uploads\/Ceramic-Tea-USB-flash-drive.jpg\" class=\"wp-image-4592\" srcset=\"https:\/\/www.usborkeychain.com\/wp-content\/uploads\/Ceramic-Tea-USB-flash-drive.jpg 800w, https:\/\/www.usborkeychain.com\/wp-content\/uploads\/Ceramic-Tea-USB-flash-drive-300x300.jpg 300w, https:\/\/www.usborkeychain.com\/wp-content\/uploads\/Ceramic-Tea-USB-flash-drive-150x150.jpg 150w, https:\/\/www.usborkeychain.com\/wp-content\/uploads\/Ceramic-Tea-USB-flash-drive-768x768.jpg 768w, https:\/\/www.usborkeychain.com\/wp-content\/uploads\/Ceramic-Tea-USB-flash-drive-12x12.jpg 12w, https:\/\/www.usborkeychain.com\/wp-content\/uploads\/Ceramic-Tea-USB-flash-drive-600x600.jpg 600w, https:\/\/www.usborkeychain.com\/wp-content\/uploads\/Ceramic-Tea-USB-flash-drive-100x100.jpg 100w\" sizes=\"(max-width: 800px) 100vw, 800px\" \/><\/figure>\n<\/div>\n<\/div>\n\n\n\n<h2 class=\"wp-block-heading\">Quali aziende possono utilizzare l'unit\u00e0 USB con teiera in PVC come regalo?<\/h2>\n\n\n\n<div class=\"wp-block-columns is-layout-flex wp-container-core-columns-is-layout-28f84493 wp-block-columns-is-layout-flex\">\n<div class=\"wp-block-column is-vertically-aligned-center is-layout-flow wp-block-column-is-layout-flow\">\n<figure class=\"wp-block-image size-full\"><img alt=\"\" decoding=\"async\" width=\"800\" height=\"800\" src=\"https:\/\/www.usborkeychain.com\/wp-content\/uploads\/Tea-Pot-USB-flash-Drive.png\" class=\"wp-image-4596\" srcset=\"https:\/\/www.usborkeychain.com\/wp-content\/uploads\/Tea-Pot-USB-flash-Drive.png 800w, https:\/\/www.usborkeychain.com\/wp-content\/uploads\/Tea-Pot-USB-flash-Drive-300x300.png 300w, https:\/\/www.usborkeychain.com\/wp-content\/uploads\/Tea-Pot-USB-flash-Drive-150x150.png 150w, https:\/\/www.usborkeychain.com\/wp-content\/uploads\/Tea-Pot-USB-flash-Drive-768x768.png 768w, https:\/\/www.usborkeychain.com\/wp-content\/uploads\/Tea-Pot-USB-flash-Drive-12x12.png 12w, https:\/\/www.usborkeychain.com\/wp-content\/uploads\/Tea-Pot-USB-flash-Drive-600x600.png 600w, https:\/\/www.usborkeychain.com\/wp-content\/uploads\/Tea-Pot-USB-flash-Drive-100x100.png 100w\" sizes=\"(max-width: 800px) 100vw, 800px\" \/><\/figure>\n<\/div>\n\n\n\n<div class=\"wp-block-column is-vertically-aligned-center is-layout-flow wp-block-column-is-layout-flow\">\n<ul class=\"wp-block-list\">\n<li><strong>T\u00e8 - Imprese collegate<\/strong>: Le aziende tradizionali del t\u00e8, come Zhengxingde e Wuyutai, possono usarlo come regalo per promuovere nuovi prodotti.<\/li>\n\n\n\n<li><strong>Venditori di set da t\u00e8<\/strong>: Attivit\u00e0 commerciali che vendono teiere di argilla viola, servizi da t\u00e8, ecc.<\/li>\n\n\n\n<li><strong>Istituti di formazione sulla cultura del t\u00e8<\/strong>: Utilizzati come regali di laurea per gli studenti o per la promozione di corsi.<\/li>\n\n\n\n<li><strong>T\u00e8 - aziende culturali e creative a tema<\/strong>: Essendo uno dei principali prodotti culturali e creativi, pu\u00f2 essere combinato con quaderni a tema t\u00e8, segnalibri, ecc. per formare confezioni regalo culturali e creative.<\/li>\n<\/ul>\n<\/div>\n<\/div>\n\n\n\n<h2 class=\"wp-block-heading\"><\/h2>\n\n\n\n<p><\/p>\n\n\n\n<div class=\"wp-block-columns is-layout-flex wp-container-core-columns-is-layout-28f84493 wp-block-columns-is-layout-flex\">\n<div class=\"wp-block-column is-vertically-aligned-center is-layout-flow wp-block-column-is-layout-flow\">\n<figure class=\"wp-block-image size-full\"><img alt=\"\" loading=\"lazy\" decoding=\"async\" width=\"800\" height=\"800\" src=\"https:\/\/www.usborkeychain.com\/wp-content\/uploads\/TeaPOTronic-USB-flash-drive.jpg\" class=\"wp-image-4597\" srcset=\"https:\/\/www.usborkeychain.com\/wp-content\/uploads\/TeaPOTronic-USB-flash-drive.jpg 800w, https:\/\/www.usborkeychain.com\/wp-content\/uploads\/TeaPOTronic-USB-flash-drive-300x300.jpg 300w, https:\/\/www.usborkeychain.com\/wp-content\/uploads\/TeaPOTronic-USB-flash-drive-150x150.jpg 150w, https:\/\/www.usborkeychain.com\/wp-content\/uploads\/TeaPOTronic-USB-flash-drive-768x768.jpg 768w, https:\/\/www.usborkeychain.com\/wp-content\/uploads\/TeaPOTronic-USB-flash-drive-12x12.jpg 12w, https:\/\/www.usborkeychain.com\/wp-content\/uploads\/TeaPOTronic-USB-flash-drive-600x600.jpg 600w, https:\/\/www.usborkeychain.com\/wp-content\/uploads\/TeaPOTronic-USB-flash-drive-100x100.jpg 100w\" sizes=\"(max-width: 800px) 100vw, 800px\" \/><\/figure>\n<\/div>\n\n\n\n<div class=\"wp-block-column is-vertically-aligned-center is-layout-flow wp-block-column-is-layout-flow\">\n<figure class=\"wp-block-image size-full\"><img alt=\"\" loading=\"lazy\" decoding=\"async\" width=\"800\" height=\"800\" src=\"https:\/\/www.usborkeychain.com\/wp-content\/uploads\/Tea-Kettle-USB-Flash-drive.png\" class=\"wp-image-4595\" srcset=\"https:\/\/www.usborkeychain.com\/wp-content\/uploads\/Tea-Kettle-USB-Flash-drive.png 800w, https:\/\/www.usborkeychain.com\/wp-content\/uploads\/Tea-Kettle-USB-Flash-drive-300x300.png 300w, https:\/\/www.usborkeychain.com\/wp-content\/uploads\/Tea-Kettle-USB-Flash-drive-150x150.png 150w, https:\/\/www.usborkeychain.com\/wp-content\/uploads\/Tea-Kettle-USB-Flash-drive-768x768.png 768w, https:\/\/www.usborkeychain.com\/wp-content\/uploads\/Tea-Kettle-USB-Flash-drive-12x12.png 12w, https:\/\/www.usborkeychain.com\/wp-content\/uploads\/Tea-Kettle-USB-Flash-drive-600x600.png 600w, https:\/\/www.usborkeychain.com\/wp-content\/uploads\/Tea-Kettle-USB-Flash-drive-100x100.png 100w\" sizes=\"(max-width: 800px) 100vw, 800px\" \/><\/figure>\n<\/div>\n<\/div>","protected":false},"excerpt":{"rendered":"<ul>\n<li>A forma di teiera<\/li>\n<li>Materiale PVC<\/li>\n<li>Supporto di sistemi Windows, Mac e Linux<\/li>\n<li>logo da stampare<\/li>\n<li>MOQ: 100PCS<\/li>\n<\/ul>","protected":false},"featured_media":4593,"comment_status":"open","ping_status":"closed","template":"","meta":{"_seopress_robots_primary_cat":"","_seopress_titles_title":"","_seopress_titles_desc":"","_seopress_robots_index":"","site-sidebar-layout":"default","site-content-layout":"","ast-site-content-layout":"","site-content-style":"default","site-sidebar-style":"default","ast-global-header-display":"","ast-banner-title-visibility":"","ast-main-header-display":"","ast-hfb-above-header-display":"","ast-hfb-below-header-display":"","ast-hfb-mobile-header-display":"","site-post-title":"","ast-breadcrumbs-content":"","ast-featured-img":"","footer-sml-layout":"","theme-transparent-header-meta":"","adv-header-id-meta":"","stick-header-meta":"","header-above-stick-meta":"","header-main-stick-meta":"","header-below-stick-meta":"","astra-migrate-meta-layouts":"default","ast-page-background-enabled":"default","ast-page-background-meta":{"desktop":{"background-color":"var(--ast-global-color-5)","background-image":"","background-repeat":"repeat","background-position":"center center","background-size":"auto","background-attachment":"scroll","background-type":"","background-media":"","overlay-type":"","overlay-color":"","overlay-opacity":"","overlay-gradient":""},"tablet":{"background-color":"","background-image":"","background-repeat":"repeat","background-position":"center center","background-size":"auto","background-attachment":"scroll","background-type":"","background-media":"","overlay-type":"","overlay-color":"","overlay-opacity":"","overlay-gradient":""},"mobile":{"background-color":"","background-image":"","background-repeat":"repeat","background-position":"center center","background-size":"auto","background-attachment":"scroll","background-type":"","background-media":"","overlay-type":"","overlay-color":"","overlay-opacity":"","overlay-gradient":""}},"ast-content-background-meta":{"desktop":{"background-color":"var(--ast-global-color-4)","background-image":"","background-repeat":"repeat","background-position":"center center","background-size":"auto","background-attachment":"scroll","background-type":"","background-media":"","overlay-type":"","overlay-color":"","overlay-opacity":"","overlay-gradient":""},"tablet":{"background-color":"var(--ast-global-color-4)","background-image":"","background-repeat":"repeat","background-position":"center center","background-size":"auto","background-attachment":"scroll","background-type":"","background-media":"","overlay-type":"","overlay-color":"","overlay-opacity":"","overlay-gradient":""},"mobile":{"background-color":"var(--ast-global-color-4)","background-image":"","background-repeat":"repeat","background-position":"center center","background-size":"auto","background-attachment":"scroll","background-type":"","background-media":"","overlay-type":"","overlay-color":"","overlay-opacity":"","overlay-gradient":""}}},"product_brand":[],"product_cat":[],"product_tag":[277,248],"class_list":{"0":"post-4589","1":"product","2":"type-product","3":"status-publish","4":"has-post-thumbnail","6":"product_tag-pvc-teapot-shaped-usb-flash-drive-2","7":"product_tag-pvc-usb-flash-drive","8":"desktop-align-left","9":"tablet-align-left","10":"mobile-align-left","12":"first","13":"instock","14":"shipping-taxable","15":"product-type-simple"},"_links":{"self":[{"href":"https:\/\/www.usborkeychain.com\/it\/wp-json\/wp\/v2\/product\/4589","targetHints":{"allow":["GET"]}}],"collection":[{"href":"https:\/\/www.usborkeychain.com\/it\/wp-json\/wp\/v2\/product"}],"about":[{"href":"https:\/\/www.usborkeychain.com\/it\/wp-json\/wp\/v2\/types\/product"}],"replies":[{"embeddable":true,"href":"https:\/\/www.usborkeychain.com\/it\/wp-json\/wp\/v2\/comments?post=4589"}],"wp:featuredmedia":[{"embeddable":true,"href":"https:\/\/www.usborkeychain.com\/it\/wp-json\/wp\/v2\/media\/4593"}],"wp:attachment":[{"href":"https:\/\/www.usborkeychain.com\/it\/wp-json\/wp\/v2\/media?parent=4589"}],"wp:term":[{"taxonomy":"product_brand","embeddable":true,"href":"https:\/\/www.usborkeychain.com\/it\/wp-json\/wp\/v2\/product_brand?post=4589"},{"taxonomy":"product_cat","embeddable":true,"href":"https:\/\/www.usborkeychain.com\/it\/wp-json\/wp\/v2\/product_cat?post=4589"},{"taxonomy":"product_tag","embeddable":true,"href":"https:\/\/www.usborkeychain.com\/it\/wp-json\/wp\/v2\/product_tag?post=4589"}],"curies":[{"name":"wp","href":"https:\/\/api.w.org\/{rel}","templated":true}]}}