{"id":4599,"date":"2025-07-25T14:22:38","date_gmt":"2025-07-25T14:22:38","guid":{"rendered":"https:\/\/www.usborkeychain.com\/?post_type=product&#038;p=4599"},"modified":"2025-07-26T00:03:00","modified_gmt":"2025-07-26T00:03:00","slug":"car-key-shaped-usb-flash-drive","status":"publish","type":"product","link":"https:\/\/www.usborkeychain.com\/it\/prodotto\/car-key-shaped-usb-flash-drive\/","title":{"rendered":"Chiavette USB a forma di chiave di Audi, BMW e Mercedes-Benz"},"content":{"rendered":"<div class=\"wp-block-columns is-layout-flex wp-container-core-columns-is-layout-28f84493 wp-block-columns-is-layout-flex\">\n<div class=\"wp-block-column is-vertically-aligned-top is-layout-flow wp-block-column-is-layout-flow\">\n<figure class=\"wp-block-image size-full\"><img alt=\"\" fetchpriority=\"high\" decoding=\"async\" width=\"800\" height=\"800\" src=\"https:\/\/www.usborkeychain.com\/wp-content\/uploads\/Smart-Car-Key-USB-drive.png\" class=\"wp-image-4607\" srcset=\"https:\/\/www.usborkeychain.com\/wp-content\/uploads\/Smart-Car-Key-USB-drive.png 800w, https:\/\/www.usborkeychain.com\/wp-content\/uploads\/Smart-Car-Key-USB-drive-300x300.png 300w, https:\/\/www.usborkeychain.com\/wp-content\/uploads\/Smart-Car-Key-USB-drive-150x150.png 150w, https:\/\/www.usborkeychain.com\/wp-content\/uploads\/Smart-Car-Key-USB-drive-768x768.png 768w, https:\/\/www.usborkeychain.com\/wp-content\/uploads\/Smart-Car-Key-USB-drive-12x12.png 12w, https:\/\/www.usborkeychain.com\/wp-content\/uploads\/Smart-Car-Key-USB-drive-600x600.png 600w, https:\/\/www.usborkeychain.com\/wp-content\/uploads\/Smart-Car-Key-USB-drive-100x100.png 100w\" sizes=\"(max-width: 800px) 100vw, 800px\" \/><\/figure>\n<\/div>\n\n\n\n<div class=\"wp-block-column is-vertically-aligned-center is-layout-flow wp-block-column-is-layout-flow\">\n<p>Il <strong>chiavetta USB a forma di chiave dell'auto<\/strong> \u00e8 costituito principalmente da <strong>PVC di alta qualit\u00e0<\/strong> o <strong>Plastica ABS<\/strong>. \u00c8 durevole, ha una buona sensazione al tatto, \u00e8 resistente all'usura e agli urti e pu\u00f2 sopportare urti e graffi nell'uso quotidiano.<\/p>\n\n\n\n<p>Il suo punto forte \u00e8 la replica precisa, in scala 1:1, della forma della chiave dell'auto. Dalla disposizione dei pulsanti, al logo del marchio, fino alla struttura della chiave stessa, la chiave riproduce tridimensionalmente l'aspetto di una vera chiave d'auto, ottenendo quasi un effetto realistico. Per le aziende automobilistiche, \u00e8 un vettore creativo per diffondere la cultura del marchio; per i proprietari di auto e gli appassionati di automobili, non \u00e8 solo uno strumento di archiviazione, ma anche un oggetto personalizzato che dimostra il loro amore per le auto. <\/p>\n\n\n\n<p>Tenuto in mano o appeso a un portachiavi, pu\u00f2 mostrare la loro ossessione per le auto.<\/p>\n<\/div>\n<\/div>\n\n\n\n<h2 class=\"wp-block-heading\">Parametri dell'unit\u00e0 USB a forma di chiave dell'auto<\/h2>\n\n\n\n<figure class=\"wp-block-table\"><table class=\"has-fixed-layout\"><thead><tr><th>Categoria di parametri<\/th><th>Dettagli<\/th><\/tr><\/thead><tbody><tr><td>Capacit\u00e0 di stoccaggio<\/td><td>8GB, 16GB, 32GB, 64GB, 128GB<\/td><\/tr><tr><td>Tipo di interfaccia<\/td><td>Principalmente USB 2.0\/USB 3.0<\/td><\/tr><tr><td>Dimensioni (lunghezza * larghezza * spessore)<\/td><td>65mm\u00d725mm\u00d710mm<\/td><\/tr><tr><td>Peso<\/td><td>Circa 25 grammi<\/td><\/tr><\/tbody><\/table><\/figure>\n\n\n\n<h2 class=\"wp-block-heading\">\u00c8 possibile stampare loghi sull'unit\u00e0 USB a forma di chiave per auto?<\/h2>\n\n\n\n<div class=\"wp-block-columns are-vertically-aligned-center is-layout-flex wp-container-core-columns-is-layout-28f84493 wp-block-columns-is-layout-flex\">\n<div class=\"wp-block-column is-vertically-aligned-center is-layout-flow wp-block-column-is-layout-flow\">\n<h3 class=\"wp-block-heading\">Posizioni stampabili per i loghi<\/h3>\n\n\n\n<ul class=\"wp-block-list\">\n<li><strong>Superficie del corpo della chiave<\/strong>: Include aree ampie come la parte anteriore, posteriore e laterale.<\/li>\n\n\n\n<li><strong>Area dei pulsanti<\/strong>: \u00c8 possibile stampare sui pulsanti alcuni semplici loghi.<\/li>\n<\/ul>\n\n\n\n<h3 class=\"wp-block-heading\">Processi di stampa<\/h3>\n\n\n\n<ul class=\"wp-block-list\">\n<li><strong>Seta - serigrafia<\/strong>: Adatto per loghi semplici a un colore o a pi\u00f9 colori. L'inchiostro viene stampato sulla superficie della chiavetta USB attraverso una mascherina serigrafica. <\/li>\n\n\n\n<li><strong>Tampografia<\/strong>: Si utilizza per superfici curve o irregolari. Trasferisce i disegni con l'aiuto di un tampone in silicone, in grado di ripristinare accuratamente i dettagli e di avere transizioni di colore naturali.<\/li>\n\n\n\n<li><strong>Stampa UV<\/strong>: Utilizza un inchiostro a polimerizzazione ultravioletta. I disegni stampati hanno una forte adesione, sono resistenti all'usura e ai graffi, hanno colori brillanti e lucentezza. <\/li>\n<\/ul>\n<\/div>\n\n\n\n<div class=\"wp-block-column is-vertically-aligned-center is-layout-flow wp-block-column-is-layout-flow\">\n<figure class=\"wp-block-image size-full\"><img alt=\"\" decoding=\"async\" width=\"800\" height=\"800\" src=\"https:\/\/www.usborkeychain.com\/wp-content\/uploads\/KeyFob-USB-flash-drive.jpg\" class=\"wp-image-4604\" srcset=\"https:\/\/www.usborkeychain.com\/wp-content\/uploads\/KeyFob-USB-flash-drive.jpg 800w, https:\/\/www.usborkeychain.com\/wp-content\/uploads\/KeyFob-USB-flash-drive-300x300.jpg 300w, https:\/\/www.usborkeychain.com\/wp-content\/uploads\/KeyFob-USB-flash-drive-150x150.jpg 150w, https:\/\/www.usborkeychain.com\/wp-content\/uploads\/KeyFob-USB-flash-drive-768x768.jpg 768w, https:\/\/www.usborkeychain.com\/wp-content\/uploads\/KeyFob-USB-flash-drive-12x12.jpg 12w, https:\/\/www.usborkeychain.com\/wp-content\/uploads\/KeyFob-USB-flash-drive-600x600.jpg 600w, https:\/\/www.usborkeychain.com\/wp-content\/uploads\/KeyFob-USB-flash-drive-100x100.jpg 100w\" sizes=\"(max-width: 800px) 100vw, 800px\" \/><\/figure>\n<\/div>\n<\/div>\n\n\n\n<h2 class=\"wp-block-heading\">L'aspetto della chiavetta USB a forma di chiave per auto pu\u00f2 essere personalizzato?<\/h2>\n\n\n\n<div class=\"wp-block-columns is-layout-flex wp-container-core-columns-is-layout-28f84493 wp-block-columns-is-layout-flex\">\n<div class=\"wp-block-column is-vertically-aligned-top is-layout-flow wp-block-column-is-layout-flow\">\n<figure class=\"wp-block-image size-full\"><img alt=\"\" decoding=\"async\" width=\"800\" height=\"800\" src=\"https:\/\/www.usborkeychain.com\/wp-content\/uploads\/AutoKey-USB-flash-drive.png\" class=\"wp-image-4602\" srcset=\"https:\/\/www.usborkeychain.com\/wp-content\/uploads\/AutoKey-USB-flash-drive.png 800w, https:\/\/www.usborkeychain.com\/wp-content\/uploads\/AutoKey-USB-flash-drive-300x300.png 300w, https:\/\/www.usborkeychain.com\/wp-content\/uploads\/AutoKey-USB-flash-drive-150x150.png 150w, https:\/\/www.usborkeychain.com\/wp-content\/uploads\/AutoKey-USB-flash-drive-768x768.png 768w, https:\/\/www.usborkeychain.com\/wp-content\/uploads\/AutoKey-USB-flash-drive-12x12.png 12w, https:\/\/www.usborkeychain.com\/wp-content\/uploads\/AutoKey-USB-flash-drive-600x600.png 600w, https:\/\/www.usborkeychain.com\/wp-content\/uploads\/AutoKey-USB-flash-drive-100x100.png 100w\" sizes=\"(max-width: 800px) 100vw, 800px\" \/><\/figure>\n<\/div>\n\n\n\n<div class=\"wp-block-column is-vertically-aligned-center is-layout-flow wp-block-column-is-layout-flow\">\n<p>Assolutamente! Il <strong>Chiave dell'auto - unit\u00e0 USB a forma di chiave<\/strong> supporta la personalizzazione approfondita dell'aspetto. Sia che si tratti dello stile delle chiavi di specifici modelli di marchi come BMW, Mercedes Benz e Porsche, sia che si tratti del colore del corpo della chiave, dello stile dei pulsanti e della posizione dei loghi, \u00e8 possibile personalizzarle in base alle esigenze. Le aziende automobilistiche possono creare chiavette USB esclusive per la promozione del marchio e i club automobilistici possono creare souvenir unici per soddisfare varie esigenze personalizzate, rendendo ogni chiavetta USB un oggetto \"unico nel suo genere\".<\/p>\n<\/div>\n<\/div>\n\n\n\n<h2 class=\"wp-block-heading\">Quali aziende sono adatte a utilizzare le chiavette USB a forma di chiave per auto come articoli promozionali?<\/h2>\n\n\n\n<div class=\"wp-block-columns is-layout-flex wp-container-core-columns-is-layout-28f84493 wp-block-columns-is-layout-flex\">\n<div class=\"wp-block-column is-vertically-aligned-center is-layout-flow wp-block-column-is-layout-flow\">\n<ul class=\"wp-block-list\">\n<li><strong>Aziende automobilistiche:<\/strong> Aziende come BMW, Mercedes-Benz, Porsche, ecc.<\/li>\n\n\n\n<li><strong>Fornitori di ricambi auto<\/strong>: Imprese che producono pneumatici ad alte prestazioni, pellicole per auto e altri accessori.<\/li>\n\n\n\n<li><strong>Imprese di servizi auto<\/strong>: Le autofficine, gli autolavaggi, le societ\u00e0 di autonoleggio, ecc. possono utilizzarlo come articolo promozionale.<\/li>\n<\/ul>\n<\/div>\n\n\n\n<div class=\"wp-block-column is-layout-flow wp-block-column-is-layout-flow\">\n<figure class=\"wp-block-image size-full\"><img alt=\"\" loading=\"lazy\" decoding=\"async\" width=\"800\" height=\"800\" src=\"https:\/\/www.usborkeychain.com\/wp-content\/uploads\/Luxury-Key-USB-flash-Drive.png\" class=\"wp-image-4605\" srcset=\"https:\/\/www.usborkeychain.com\/wp-content\/uploads\/Luxury-Key-USB-flash-Drive.png 800w, https:\/\/www.usborkeychain.com\/wp-content\/uploads\/Luxury-Key-USB-flash-Drive-300x300.png 300w, https:\/\/www.usborkeychain.com\/wp-content\/uploads\/Luxury-Key-USB-flash-Drive-150x150.png 150w, https:\/\/www.usborkeychain.com\/wp-content\/uploads\/Luxury-Key-USB-flash-Drive-768x768.png 768w, https:\/\/www.usborkeychain.com\/wp-content\/uploads\/Luxury-Key-USB-flash-Drive-12x12.png 12w, https:\/\/www.usborkeychain.com\/wp-content\/uploads\/Luxury-Key-USB-flash-Drive-600x600.png 600w, https:\/\/www.usborkeychain.com\/wp-content\/uploads\/Luxury-Key-USB-flash-Drive-100x100.png 100w\" sizes=\"(max-width: 800px) 100vw, 800px\" \/><\/figure>\n<\/div>\n<\/div>\n\n\n\n<div class=\"wp-block-columns is-layout-flex wp-container-core-columns-is-layout-28f84493 wp-block-columns-is-layout-flex\">\n<div class=\"wp-block-column is-vertically-aligned-center is-layout-flow wp-block-column-is-layout-flow\">\n<p>Il <strong>Chiave dell'auto - unit\u00e0 USB a forma di chiave<\/strong>Con il suo design realistico delle chiavi dell'auto e i suoi materiali di alta qualit\u00e0, \u00e8 diventato un ponte tra la cultura automobilistica e l'archiviazione digitale. I suoi ricchi parametri possono soddisfare diverse esigenze di archiviazione. <\/p>\n\n\n\n<p>La stampa del logo e la personalizzazione dell'aspetto aiutano a promuovere i marchi. Dalle aziende automobilistiche come BMW e Mercedes-Benz alle imprese di servizi automobilistici, tutti possono utilizzarli per trasmettere il valore del marchio. <\/p>\n\n\n\n<p>La funzione di crittografia dei dati garantisce la sicurezza delle informazioni. Non \u00e8 solo un pratico strumento di archiviazione, ma anche un simbolo personalizzato per gli appassionati di automobili.<\/p>\n<\/div>\n\n\n\n<div class=\"wp-block-column is-layout-flow wp-block-column-is-layout-flow\">\n<figure class=\"wp-block-image size-full\"><img alt=\"\" loading=\"lazy\" decoding=\"async\" width=\"800\" height=\"800\" src=\"https:\/\/www.usborkeychain.com\/wp-content\/uploads\/Car-Key-USB-Flash-drive.png\" class=\"wp-image-4603\" srcset=\"https:\/\/www.usborkeychain.com\/wp-content\/uploads\/Car-Key-USB-Flash-drive.png 800w, https:\/\/www.usborkeychain.com\/wp-content\/uploads\/Car-Key-USB-Flash-drive-300x300.png 300w, https:\/\/www.usborkeychain.com\/wp-content\/uploads\/Car-Key-USB-Flash-drive-150x150.png 150w, https:\/\/www.usborkeychain.com\/wp-content\/uploads\/Car-Key-USB-Flash-drive-768x768.png 768w, https:\/\/www.usborkeychain.com\/wp-content\/uploads\/Car-Key-USB-Flash-drive-12x12.png 12w, https:\/\/www.usborkeychain.com\/wp-content\/uploads\/Car-Key-USB-Flash-drive-600x600.png 600w, https:\/\/www.usborkeychain.com\/wp-content\/uploads\/Car-Key-USB-Flash-drive-100x100.png 100w\" sizes=\"(max-width: 800px) 100vw, 800px\" \/><\/figure>\n<\/div>\n<\/div>","protected":false},"excerpt":{"rendered":"<ul>\n<li>Chiave per auto - sagomata<\/li>\n<li>Plastica PVC o ABS<\/li>\n<li>Portachiavi<\/li>\n<li>Supporto per la personalizzazione personalizzata<\/li>\n<li>MOQ: 100PCS<\/li>\n<\/ul>","protected":false},"featured_media":4607,"comment_status":"open","ping_status":"closed","template":"","meta":{"_seopress_robots_primary_cat":"none","_seopress_titles_title":"","_seopress_titles_desc":"","_seopress_robots_index":"","site-sidebar-layout":"default","site-content-layout":"","ast-site-content-layout":"","site-content-style":"default","site-sidebar-style":"default","ast-global-header-display":"","ast-banner-title-visibility":"","ast-main-header-display":"","ast-hfb-above-header-display":"","ast-hfb-below-header-display":"","ast-hfb-mobile-header-display":"","site-post-title":"","ast-breadcrumbs-content":"","ast-featured-img":"","footer-sml-layout":"","theme-transparent-header-meta":"","adv-header-id-meta":"","stick-header-meta":"","header-above-stick-meta":"","header-main-stick-meta":"","header-below-stick-meta":"","astra-migrate-meta-layouts":"default","ast-page-background-enabled":"default","ast-page-background-meta":{"desktop":{"background-color":"var(--ast-global-color-5)","background-image":"","background-repeat":"repeat","background-position":"center center","background-size":"auto","background-attachment":"scroll","background-type":"","background-media":"","overlay-type":"","overlay-color":"","overlay-opacity":"","overlay-gradient":""},"tablet":{"background-color":"","background-image":"","background-repeat":"repeat","background-position":"center center","background-size":"auto","background-attachment":"scroll","background-type":"","background-media":"","overlay-type":"","overlay-color":"","overlay-opacity":"","overlay-gradient":""},"mobile":{"background-color":"","background-image":"","background-repeat":"repeat","background-position":"center center","background-size":"auto","background-attachment":"scroll","background-type":"","background-media":"","overlay-type":"","overlay-color":"","overlay-opacity":"","overlay-gradient":""}},"ast-content-background-meta":{"desktop":{"background-color":"var(--ast-global-color-4)","background-image":"","background-repeat":"repeat","background-position":"center center","background-size":"auto","background-attachment":"scroll","background-type":"","background-media":"","overlay-type":"","overlay-color":"","overlay-opacity":"","overlay-gradient":""},"tablet":{"background-color":"var(--ast-global-color-4)","background-image":"","background-repeat":"repeat","background-position":"center center","background-size":"auto","background-attachment":"scroll","background-type":"","background-media":"","overlay-type":"","overlay-color":"","overlay-opacity":"","overlay-gradient":""},"mobile":{"background-color":"var(--ast-global-color-4)","background-image":"","background-repeat":"repeat","background-position":"center center","background-size":"auto","background-attachment":"scroll","background-type":"","background-media":"","overlay-type":"","overlay-color":"","overlay-opacity":"","overlay-gradient":""}}},"product_brand":[],"product_cat":[94],"product_tag":[278,248],"class_list":{"0":"post-4599","1":"product","2":"type-product","3":"status-publish","4":"has-post-thumbnail","6":"product_cat-pvc-usb-pendrive","7":"product_tag-car-key-shaped-usb-flash-drive","8":"product_tag-pvc-usb-flash-drive","9":"desktop-align-left","10":"tablet-align-left","11":"mobile-align-left","13":"first","14":"instock","15":"shipping-taxable","16":"product-type-simple"},"_links":{"self":[{"href":"https:\/\/www.usborkeychain.com\/it\/wp-json\/wp\/v2\/product\/4599","targetHints":{"allow":["GET"]}}],"collection":[{"href":"https:\/\/www.usborkeychain.com\/it\/wp-json\/wp\/v2\/product"}],"about":[{"href":"https:\/\/www.usborkeychain.com\/it\/wp-json\/wp\/v2\/types\/product"}],"replies":[{"embeddable":true,"href":"https:\/\/www.usborkeychain.com\/it\/wp-json\/wp\/v2\/comments?post=4599"}],"wp:featuredmedia":[{"embeddable":true,"href":"https:\/\/www.usborkeychain.com\/it\/wp-json\/wp\/v2\/media\/4607"}],"wp:attachment":[{"href":"https:\/\/www.usborkeychain.com\/it\/wp-json\/wp\/v2\/media?parent=4599"}],"wp:term":[{"taxonomy":"product_brand","embeddable":true,"href":"https:\/\/www.usborkeychain.com\/it\/wp-json\/wp\/v2\/product_brand?post=4599"},{"taxonomy":"product_cat","embeddable":true,"href":"https:\/\/www.usborkeychain.com\/it\/wp-json\/wp\/v2\/product_cat?post=4599"},{"taxonomy":"product_tag","embeddable":true,"href":"https:\/\/www.usborkeychain.com\/it\/wp-json\/wp\/v2\/product_tag?post=4599"}],"curies":[{"name":"wp","href":"https:\/\/api.w.org\/{rel}","templated":true}]}}