{"id":4610,"date":"2025-07-25T15:41:42","date_gmt":"2025-07-25T15:41:42","guid":{"rendered":"https:\/\/www.usborkeychain.com\/?post_type=product&#038;p=4610"},"modified":"2025-07-26T00:30:35","modified_gmt":"2025-07-26T00:30:35","slug":"retro-cassette-tape-shaped-usb-flash-drive","status":"publish","type":"product","link":"https:\/\/www.usborkeychain.com\/it\/prodotto\/retro-cassette-tape-shaped-usb-flash-drive\/","title":{"rendered":"Unit\u00e0 flash USB a forma di nastro trasparente"},"content":{"rendered":"<div class=\"wp-block-columns is-layout-flex wp-container-core-columns-is-layout-28f84493 wp-block-columns-is-layout-flex\">\n<div class=\"wp-block-column is-vertically-aligned-center is-layout-flow wp-block-column-is-layout-flow\">\n<figure class=\"wp-block-image size-full\"><img alt=\"\" fetchpriority=\"high\" decoding=\"async\" width=\"800\" height=\"800\" src=\"https:\/\/www.usborkeychain.com\/wp-content\/uploads\/Mix-Tape-USB-flash-drive.jpg\" class=\"wp-image-4614\" srcset=\"https:\/\/www.usborkeychain.com\/wp-content\/uploads\/Mix-Tape-USB-flash-drive.jpg 800w, https:\/\/www.usborkeychain.com\/wp-content\/uploads\/Mix-Tape-USB-flash-drive-300x300.jpg 300w, https:\/\/www.usborkeychain.com\/wp-content\/uploads\/Mix-Tape-USB-flash-drive-150x150.jpg 150w, https:\/\/www.usborkeychain.com\/wp-content\/uploads\/Mix-Tape-USB-flash-drive-768x768.jpg 768w, https:\/\/www.usborkeychain.com\/wp-content\/uploads\/Mix-Tape-USB-flash-drive-12x12.jpg 12w, https:\/\/www.usborkeychain.com\/wp-content\/uploads\/Mix-Tape-USB-flash-drive-600x600.jpg 600w, https:\/\/www.usborkeychain.com\/wp-content\/uploads\/Mix-Tape-USB-flash-drive-100x100.jpg 100w\" sizes=\"(max-width: 800px) 100vw, 800px\" \/><\/figure>\n<\/div>\n\n\n\n<div class=\"wp-block-column is-vertically-aligned-center is-layout-flow wp-block-column-is-layout-flow\">\n<p>Il <strong>musicassetta retr\u00f2 - chiavetta USB a forma di<\/strong> \u00e8 fatto di alta - <strong>materiali di qualit\u00e0 ABS + PC resistenti al fuoco<\/strong>. \u00c8 durevole e leggero, resiste efficacemente alle cadute e alle abrasioni e non si danneggia facilmente anche dopo un lungo periodo di stoccaggio.<\/p>\n\n\n\n<p> Il punto forte del design \u00e8 la replica precisa, in scala 1:1, dell'aspetto delle cassette di una volta. Dalla forma del corpo della cassetta, alla struttura dello scomparto per il nastro, alle etichette classiche come \"MIX TAPE\", ogni dettaglio \u00e8 stato accuratamente restaurato, evocando immediatamente i ricordi nostalgici della generazione degli anni '70 e '80 sui walkman a cassetta e sui negozi di audio di strada.<\/p>\n\n\n\n<p>La cosa pi\u00f9 ingegnosa \u00e8 che \u00e8 dotata di un'interfaccia USB ruotabile di 180\u00b0 (con un asse in lega di zinco e una durata di rotazione di \u2265100.000 volte). L'interfaccia USB dell'unit\u00e0 USB \u00e8 nascosta su un lato del corpo della cassetta. Quando viene ruotata e aperta, pu\u00f2 essere facilmente collegata ai dispositivi, mentre quando viene chiusa ritorna perfettamente alla forma di una cassetta. Unisce praticit\u00e0 e divertimento e l'atmosfera retr\u00f2 \u00e8 travolgente quando ci si gioca.<\/p>\n<\/div>\n<\/div>\n\n\n\n<h2 class=\"wp-block-heading\">Parametri dell'unit\u00e0 USB<\/h2>\n\n\n\n<figure class=\"wp-block-table\"><table class=\"has-fixed-layout\"><thead><tr><th>Categoria di parametri<\/th><th>Dettagli<\/th><\/tr><\/thead><tbody><tr><td>Capacit\u00e0 di stoccaggio<\/td><td>8GB, 16GB, 32GB, 64GB, 128GB<\/td><\/tr><tr><td>Tipo di interfaccia<\/td><td>USB 2.0\/USB 3.0<\/td><\/tr><tr><td>Dimensioni (lunghezza \u00d7 larghezza \u00d7 spessore)<\/td><td>Circa 100 mm \u00d7 64 mm \u00d7 12 mm<\/td><\/tr><tr><td>Peso<\/td><td>Circa 25-35 grammi<\/td><\/tr><\/tbody><\/table><\/figure>\n\n\n\n<h2 class=\"wp-block-heading\">\u00c8 possibile stampare loghi sulla chiavetta USB a forma di cassetta retr\u00f2?<\/h2>\n\n\n\n<div class=\"wp-block-columns is-layout-flex wp-container-core-columns-is-layout-28f84493 wp-block-columns-is-layout-flex\">\n<div class=\"wp-block-column is-vertically-aligned-center is-layout-flow wp-block-column-is-layout-flow\">\n<p>I loghi possono essere stampati sulla superficie del corpo della cassetta. Aree come il fronte, il retro e i lati sono tutte aree di stampa eccellenti. In particolare, accanto alla scritta \"MIX TAPE\" sul fronte e allo spazio vuoto sul retro \u00e8 possibile visualizzare chiaramente il logo del marchio, rafforzando il riconoscimento visivo.<\/p>\n\n\n\n<h3 class=\"wp-block-heading\">Processi di stampa<\/h3>\n\n\n\n<ul class=\"wp-block-list\">\n<li>Stampa serigrafica: Adatta per loghi monocolore o semplici multicolori.<\/li>\n\n\n\n<li>Processo di stampa UV.<\/li>\n\n\n\n<li>Stampa a trasferimento termico: Adatto per motivi complessi e loghi a colori sfumati.<\/li>\n<\/ul>\n<\/div>\n\n\n\n<div class=\"wp-block-column is-vertically-aligned-center is-layout-flow wp-block-column-is-layout-flow\">\n<figure class=\"wp-block-image size-full\"><img alt=\"\" decoding=\"async\" width=\"800\" height=\"800\" src=\"https:\/\/www.usborkeychain.com\/wp-content\/uploads\/Tape-USB-Flash-Drive.jpg\" class=\"wp-image-4616\" srcset=\"https:\/\/www.usborkeychain.com\/wp-content\/uploads\/Tape-USB-Flash-Drive.jpg 800w, https:\/\/www.usborkeychain.com\/wp-content\/uploads\/Tape-USB-Flash-Drive-300x300.jpg 300w, https:\/\/www.usborkeychain.com\/wp-content\/uploads\/Tape-USB-Flash-Drive-150x150.jpg 150w, https:\/\/www.usborkeychain.com\/wp-content\/uploads\/Tape-USB-Flash-Drive-768x768.jpg 768w, https:\/\/www.usborkeychain.com\/wp-content\/uploads\/Tape-USB-Flash-Drive-12x12.jpg 12w, https:\/\/www.usborkeychain.com\/wp-content\/uploads\/Tape-USB-Flash-Drive-600x600.jpg 600w, https:\/\/www.usborkeychain.com\/wp-content\/uploads\/Tape-USB-Flash-Drive-100x100.jpg 100w\" sizes=\"(max-width: 800px) 100vw, 800px\" \/><\/figure>\n<\/div>\n<\/div>\n\n\n\n<h2 class=\"wp-block-heading\">Quali capacit\u00e0 hanno le unit\u00e0 USB a forma di cassetta?<\/h2>\n\n\n\n<div class=\"wp-block-columns is-layout-flex wp-container-core-columns-is-layout-28f84493 wp-block-columns-is-layout-flex\">\n<div class=\"wp-block-column is-vertically-aligned-center is-layout-flow wp-block-column-is-layout-flow\">\n<figure class=\"wp-block-image size-full\"><img alt=\"\" decoding=\"async\" width=\"800\" height=\"800\" src=\"https:\/\/www.usborkeychain.com\/wp-content\/uploads\/Cassette-USB-flash-drive.jpg\" class=\"wp-image-4613\" srcset=\"https:\/\/www.usborkeychain.com\/wp-content\/uploads\/Cassette-USB-flash-drive.jpg 800w, https:\/\/www.usborkeychain.com\/wp-content\/uploads\/Cassette-USB-flash-drive-300x300.jpg 300w, https:\/\/www.usborkeychain.com\/wp-content\/uploads\/Cassette-USB-flash-drive-150x150.jpg 150w, https:\/\/www.usborkeychain.com\/wp-content\/uploads\/Cassette-USB-flash-drive-768x768.jpg 768w, https:\/\/www.usborkeychain.com\/wp-content\/uploads\/Cassette-USB-flash-drive-12x12.jpg 12w, https:\/\/www.usborkeychain.com\/wp-content\/uploads\/Cassette-USB-flash-drive-600x600.jpg 600w, https:\/\/www.usborkeychain.com\/wp-content\/uploads\/Cassette-USB-flash-drive-100x100.jpg 100w\" sizes=\"(max-width: 800px) 100vw, 800px\" \/><\/figure>\n<\/div>\n\n\n\n<div class=\"wp-block-column is-vertically-aligned-center is-layout-flow wp-block-column-is-layout-flow\">\n<p>Il <strong>capacit\u00e0 di memorizzazione dell'unit\u00e0 USB a forma di cassetta retr\u00f2<\/strong> possono variare da 8 GB a 128 GB. Alcuni produttori supportano anche capacit\u00e0 superiori personalizzate (come 256 GB). Nell'uso quotidiano, un'unit\u00e0 USB da 8 GB pu\u00f2 memorizzare circa 2.000 canzoni in formato MP3 e 4.000 foto ad alta definizione; un'unit\u00e0 USB da 64 GB pu\u00f2 contenere 16.000 canzoni o 20.000 foto, oltre a un gran numero di documenti e video, soddisfacendo appieno le esigenze di collezioni musicali personali e nostalgiche, di archiviazione di contenuti culturali e creativi o di distribuzione di materiali promozionali di marchi aziendali.<\/p>\n<\/div>\n<\/div>\n\n\n\n<h2 class=\"wp-block-heading\">In quali campi si applica l'unit\u00e0 USB a forma di cassetta retr\u00f2?<\/h2>\n\n\n\n<div class=\"wp-block-columns is-layout-flex wp-container-core-columns-is-layout-28f84493 wp-block-columns-is-layout-flex\">\n<div class=\"wp-block-column is-vertically-aligned-center is-layout-flow wp-block-column-is-layout-flow\">\n<ul class=\"wp-block-list\">\n<li>Negozi culturali e creativi retr\u00f2: Come prodotto culturale e creativo a tema nostalgico, viene venduto in combinazione con segnalibri a forma di cassetta, modelli di Walkman retr\u00f2, ecc.<\/li>\n\n\n\n<li>Marchi di designer indipendenti: I designer possono personalizzare loghi esclusivi e modelli tematici.<\/li>\n\n\n\n<li>Ristoranti\/Bar a tema nostalgico.<\/li>\n\n\n\n<li>Eventi musicali: Organizzatori di festival musicali e concerti retr\u00f2.<\/li>\n\n\n\n<li>Societ\u00e0 di produzione musicale\/negozi di dischi.<\/li>\n\n\n\n<li>Marketing di marca in stile retr\u00f2: Ad esempio, marchi di abbigliamento e di arredamento che puntano su uno stile retr\u00f2.<\/li>\n<\/ul>\n<\/div>\n\n\n\n<div class=\"wp-block-column is-vertically-aligned-center is-layout-flow wp-block-column-is-layout-flow\">\n<figure class=\"wp-block-image size-full\"><img alt=\"\" loading=\"lazy\" decoding=\"async\" width=\"800\" height=\"800\" src=\"https:\/\/www.usborkeychain.com\/wp-content\/uploads\/Vintage-Mix-USB-flash-drive.jpg\" class=\"wp-image-4617\" srcset=\"https:\/\/www.usborkeychain.com\/wp-content\/uploads\/Vintage-Mix-USB-flash-drive.jpg 800w, https:\/\/www.usborkeychain.com\/wp-content\/uploads\/Vintage-Mix-USB-flash-drive-300x300.jpg 300w, https:\/\/www.usborkeychain.com\/wp-content\/uploads\/Vintage-Mix-USB-flash-drive-150x150.jpg 150w, https:\/\/www.usborkeychain.com\/wp-content\/uploads\/Vintage-Mix-USB-flash-drive-768x768.jpg 768w, https:\/\/www.usborkeychain.com\/wp-content\/uploads\/Vintage-Mix-USB-flash-drive-12x12.jpg 12w, https:\/\/www.usborkeychain.com\/wp-content\/uploads\/Vintage-Mix-USB-flash-drive-600x600.jpg 600w, https:\/\/www.usborkeychain.com\/wp-content\/uploads\/Vintage-Mix-USB-flash-drive-100x100.jpg 100w\" sizes=\"(max-width: 800px) 100vw, 800px\" \/><\/figure>\n<\/div>\n<\/div>\n\n\n\n<div class=\"wp-block-columns is-layout-flex wp-container-core-columns-is-layout-28f84493 wp-block-columns-is-layout-flex\">\n<div class=\"wp-block-column is-vertically-aligned-center is-layout-flow wp-block-column-is-layout-flow\">\n<figure class=\"wp-block-image size-full\"><img alt=\"\" loading=\"lazy\" decoding=\"async\" width=\"800\" height=\"800\" src=\"https:\/\/www.usborkeychain.com\/wp-content\/uploads\/RetroTape-USB-flash-Drive.jpg\" class=\"wp-image-4615\" srcset=\"https:\/\/www.usborkeychain.com\/wp-content\/uploads\/RetroTape-USB-flash-Drive.jpg 800w, https:\/\/www.usborkeychain.com\/wp-content\/uploads\/RetroTape-USB-flash-Drive-300x300.jpg 300w, https:\/\/www.usborkeychain.com\/wp-content\/uploads\/RetroTape-USB-flash-Drive-150x150.jpg 150w, https:\/\/www.usborkeychain.com\/wp-content\/uploads\/RetroTape-USB-flash-Drive-768x768.jpg 768w, https:\/\/www.usborkeychain.com\/wp-content\/uploads\/RetroTape-USB-flash-Drive-12x12.jpg 12w, https:\/\/www.usborkeychain.com\/wp-content\/uploads\/RetroTape-USB-flash-Drive-600x600.jpg 600w, https:\/\/www.usborkeychain.com\/wp-content\/uploads\/RetroTape-USB-flash-Drive-100x100.jpg 100w\" sizes=\"(max-width: 800px) 100vw, 800px\" \/><\/figure>\n<\/div>\n\n\n\n<div class=\"wp-block-column is-vertically-aligned-center is-layout-flow wp-block-column-is-layout-flow\">\n<p>Basato su <strong>Materiali ABS<\/strong>L'unit\u00e0 USB a forma di cassetta retr\u00f2 riproduce in scala 1:1 l'aspetto della cassetta e ha un design con rotazione di 180 gradi. Risveglia con precisione i sentimenti nostalgici della generazione degli anni '70 e '80 e si adatta anche all'attuale tendenza retr\u00f2. I suoi ricchi parametri coprono diverse esigenze di archiviazione e supportano la personalizzazione del logo e i processi di stampa multipli, rendendolo adatto a diversi settori, dalla vendita al dettaglio culturale e creativa alla ristorazione e alla promozione aziendale. Sia che venga utilizzato per memorizzare musica nostalgica, per trasportare le storie di un marchio o come regalo creativo, combina abilmente il sentimento retr\u00f2 e la tecnologia moderna, diventando un oggetto digitale unico con un valore sia pratico che emotivo.<\/p>\n<\/div>\n<\/div>","protected":false},"excerpt":{"rendered":"<ul>\n<li>Materiali resistenti al fuoco ABS + PC<\/li>\n<li>Cassetta retr\u00f2 - sagomata<\/li>\n<li>Logo da stampare<\/li>\n<li>Rotazione di 180 gradi<\/li>\n<li>MOQ: 100PCS<\/li>\n<\/ul>","protected":false},"featured_media":4616,"comment_status":"open","ping_status":"closed","template":"","meta":{"_seopress_robots_primary_cat":"none","_seopress_titles_title":"","_seopress_titles_desc":"","_seopress_robots_index":"","site-sidebar-layout":"default","site-content-layout":"","ast-site-content-layout":"","site-content-style":"default","site-sidebar-style":"default","ast-global-header-display":"","ast-banner-title-visibility":"","ast-main-header-display":"","ast-hfb-above-header-display":"","ast-hfb-below-header-display":"","ast-hfb-mobile-header-display":"","site-post-title":"","ast-breadcrumbs-content":"","ast-featured-img":"","footer-sml-layout":"","theme-transparent-header-meta":"","adv-header-id-meta":"","stick-header-meta":"","header-above-stick-meta":"","header-main-stick-meta":"","header-below-stick-meta":"","astra-migrate-meta-layouts":"default","ast-page-background-enabled":"default","ast-page-background-meta":{"desktop":{"background-color":"var(--ast-global-color-5)","background-image":"","background-repeat":"repeat","background-position":"center center","background-size":"auto","background-attachment":"scroll","background-type":"","background-media":"","overlay-type":"","overlay-color":"","overlay-opacity":"","overlay-gradient":""},"tablet":{"background-color":"","background-image":"","background-repeat":"repeat","background-position":"center center","background-size":"auto","background-attachment":"scroll","background-type":"","background-media":"","overlay-type":"","overlay-color":"","overlay-opacity":"","overlay-gradient":""},"mobile":{"background-color":"","background-image":"","background-repeat":"repeat","background-position":"center center","background-size":"auto","background-attachment":"scroll","background-type":"","background-media":"","overlay-type":"","overlay-color":"","overlay-opacity":"","overlay-gradient":""}},"ast-content-background-meta":{"desktop":{"background-color":"var(--ast-global-color-4)","background-image":"","background-repeat":"repeat","background-position":"center center","background-size":"auto","background-attachment":"scroll","background-type":"","background-media":"","overlay-type":"","overlay-color":"","overlay-opacity":"","overlay-gradient":""},"tablet":{"background-color":"var(--ast-global-color-4)","background-image":"","background-repeat":"repeat","background-position":"center center","background-size":"auto","background-attachment":"scroll","background-type":"","background-media":"","overlay-type":"","overlay-color":"","overlay-opacity":"","overlay-gradient":""},"mobile":{"background-color":"var(--ast-global-color-4)","background-image":"","background-repeat":"repeat","background-position":"center center","background-size":"auto","background-attachment":"scroll","background-type":"","background-media":"","overlay-type":"","overlay-color":"","overlay-opacity":"","overlay-gradient":""}}},"product_brand":[],"product_cat":[92],"product_tag":[280],"class_list":{"0":"post-4610","1":"product","2":"type-product","3":"status-publish","4":"has-post-thumbnail","6":"product_cat-plastic-usb-pendrive","7":"product_tag-transparent-usb-flash-drives","8":"desktop-align-left","9":"tablet-align-left","10":"mobile-align-left","12":"first","13":"instock","14":"shipping-taxable","15":"product-type-simple"},"_links":{"self":[{"href":"https:\/\/www.usborkeychain.com\/it\/wp-json\/wp\/v2\/product\/4610","targetHints":{"allow":["GET"]}}],"collection":[{"href":"https:\/\/www.usborkeychain.com\/it\/wp-json\/wp\/v2\/product"}],"about":[{"href":"https:\/\/www.usborkeychain.com\/it\/wp-json\/wp\/v2\/types\/product"}],"replies":[{"embeddable":true,"href":"https:\/\/www.usborkeychain.com\/it\/wp-json\/wp\/v2\/comments?post=4610"}],"wp:featuredmedia":[{"embeddable":true,"href":"https:\/\/www.usborkeychain.com\/it\/wp-json\/wp\/v2\/media\/4616"}],"wp:attachment":[{"href":"https:\/\/www.usborkeychain.com\/it\/wp-json\/wp\/v2\/media?parent=4610"}],"wp:term":[{"taxonomy":"product_brand","embeddable":true,"href":"https:\/\/www.usborkeychain.com\/it\/wp-json\/wp\/v2\/product_brand?post=4610"},{"taxonomy":"product_cat","embeddable":true,"href":"https:\/\/www.usborkeychain.com\/it\/wp-json\/wp\/v2\/product_cat?post=4610"},{"taxonomy":"product_tag","embeddable":true,"href":"https:\/\/www.usborkeychain.com\/it\/wp-json\/wp\/v2\/product_tag?post=4610"}],"curies":[{"name":"wp","href":"https:\/\/api.w.org\/{rel}","templated":true}]}}