{"id":4621,"date":"2025-07-26T01:15:12","date_gmt":"2025-07-26T01:15:12","guid":{"rendered":"https:\/\/www.usborkeychain.com\/?post_type=product&#038;p=4621"},"modified":"2025-08-11T07:01:09","modified_gmt":"2025-08-11T07:01:09","slug":"long-strip-metal-keychain-usb-flash-drive","status":"publish","type":"product","link":"https:\/\/www.usborkeychain.com\/it\/prodotto\/long-strip-metal-keychain-usb-flash-drive\/","title":{"rendered":"Unit\u00e0 flash USB con portachiavi in metallo a striscia lunga"},"content":{"rendered":"<div class=\"wp-block-columns is-layout-flex wp-container-core-columns-is-layout-28f84493 wp-block-columns-is-layout-flex\">\n<div class=\"wp-block-column is-vertically-aligned-center is-layout-flow wp-block-column-is-layout-flow\">\n<figure class=\"wp-block-image size-full\"><img alt=\"\" fetchpriority=\"high\" decoding=\"async\" width=\"800\" height=\"800\" src=\"https:\/\/www.usborkeychain.com\/wp-content\/uploads\/Metal-Strip-USB-flash-drive.png\" class=\"wp-image-4627\" srcset=\"https:\/\/www.usborkeychain.com\/wp-content\/uploads\/Metal-Strip-USB-flash-drive.png 800w, https:\/\/www.usborkeychain.com\/wp-content\/uploads\/Metal-Strip-USB-flash-drive-300x300.png 300w, https:\/\/www.usborkeychain.com\/wp-content\/uploads\/Metal-Strip-USB-flash-drive-150x150.png 150w, https:\/\/www.usborkeychain.com\/wp-content\/uploads\/Metal-Strip-USB-flash-drive-768x768.png 768w, https:\/\/www.usborkeychain.com\/wp-content\/uploads\/Metal-Strip-USB-flash-drive-12x12.png 12w, https:\/\/www.usborkeychain.com\/wp-content\/uploads\/Metal-Strip-USB-flash-drive-600x600.png 600w, https:\/\/www.usborkeychain.com\/wp-content\/uploads\/Metal-Strip-USB-flash-drive-100x100.png 100w\" sizes=\"(max-width: 800px) 100vw, 800px\" \/><\/figure>\n<\/div>\n\n\n\n<div class=\"wp-block-column is-vertically-aligned-center is-layout-flow wp-block-column-is-layout-flow\">\n<p>Questo <strong>unit\u00e0 flash USB portachiavi in metallo a striscia lunga<\/strong> \u00e8 formato integralmente da una lega di alluminio (pu\u00f2 essere personalizzato come acciaio inossidabile 304\/lega di zinco). \u00c8 realizzato a forma di cuboide piatto di 12,5\u00d780 mm (con uno spessore di soli 8 mm) attraverso una precisa tecnologia di taglio CNC. La superficie \u00e8 ricoperta da una delicata texture spazzolata, in grado di eliminare i residui di impronte digitali e di migliorare la resistenza all'usura. I bordi sono lucidati ad arco per ottenere una sensazione di zero irritazione nella mano. Aderisce alla filosofia del \"design sottrattivo\" per soddisfare la ricerca di un'estetica minimalista da parte degli uomini d'affari di fascia alta.<\/p>\n\n\n\n<p>\u00c8 dotato di un design portachiavi. \u00c8 abbinato a un anello portachiavi in metallo tramite un connettore in gomma nera e pu\u00f2 essere appeso direttamente al <strong>portachiavi<\/strong>, zaini e altri oggetti.<\/p>\n<\/div>\n<\/div>\n\n\n\n<h3 class=\"wp-block-heading\">Parametri dell'unit\u00e0 flash USB<\/h3>\n\n\n\n<figure class=\"wp-block-table\"><table class=\"has-fixed-layout\"><thead><tr><th>Categoria di parametri<\/th><th>Contenuto specifico<\/th><\/tr><\/thead><tbody><tr><td>Tipo di interfaccia<\/td><td>USB3.0, USB3.1<\/td><\/tr><tr><td>Capacit\u00e0 di stoccaggio<\/td><td>8GB, 16GB, 32GB, 64GB, 128GB<\/td><\/tr><tr><td>Dimensioni del corpo principale (lunghezza\/larghezza\/spessore)<\/td><td>80mm\u00d712,5mm\u00d78mm<\/td><\/tr><tr><td>Peso<\/td><td>Circa 28 g (compreso il portachiavi)<\/td><\/tr><\/tbody><\/table><\/figure>\n\n\n\n<h2 class=\"wp-block-heading\">Supporta la stampa del logo?<\/h2>\n\n\n\n<div class=\"wp-block-columns is-layout-flex wp-container-core-columns-is-layout-28f84493 wp-block-columns-is-layout-flex\">\n<div class=\"wp-block-column is-vertically-aligned-center is-layout-flow wp-block-column-is-layout-flow\">\n<p>La chiavetta USB portachiavi in metallo a striscia lunga supporta la stampa del logo e i processi disponibili sono i seguenti:<\/p>\n\n\n\n<ul class=\"wp-block-list\">\n<li><strong>Incisione laser<\/strong>: Utilizzate un laser per incidere i motivi del logo o il testo sulla superficie metallica. I segni incisi sono chiari, durano a lungo e non si consumano facilmente.<\/li>\n\n\n\n<li><strong>Stampa serigrafica<\/strong>: Attraverso la realizzazione di lastre serigrafiche, l'inchiostro viene stampato sulla superficie metallica, che pu\u00f2 presentare colori ricchi ed \u00e8 adatta a loghi con colori vivaci e motivi leggermente complessi.<\/li>\n\n\n\n<li><strong>Stampa elettroforetica<\/strong>: In primo luogo, trattare la superficie metallica, quindi applicare il motivo attraverso il processo elettroforetico. L'adesione del colore \u00e8 forte e pu\u00f2 creare un certo effetto tridimensionale.<\/li>\n<\/ul>\n<\/div>\n\n\n\n<div class=\"wp-block-column is-vertically-aligned-center is-layout-flow wp-block-column-is-layout-flow\">\n<figure class=\"wp-block-image size-full\"><img alt=\"\" decoding=\"async\" width=\"800\" height=\"800\" src=\"https:\/\/www.usborkeychain.com\/wp-content\/uploads\/MetalClip-USB-flash-drive.png\" class=\"wp-image-4629\" srcset=\"https:\/\/www.usborkeychain.com\/wp-content\/uploads\/MetalClip-USB-flash-drive.png 800w, https:\/\/www.usborkeychain.com\/wp-content\/uploads\/MetalClip-USB-flash-drive-300x300.png 300w, https:\/\/www.usborkeychain.com\/wp-content\/uploads\/MetalClip-USB-flash-drive-150x150.png 150w, https:\/\/www.usborkeychain.com\/wp-content\/uploads\/MetalClip-USB-flash-drive-768x768.png 768w, https:\/\/www.usborkeychain.com\/wp-content\/uploads\/MetalClip-USB-flash-drive-12x12.png 12w, https:\/\/www.usborkeychain.com\/wp-content\/uploads\/MetalClip-USB-flash-drive-600x600.png 600w, https:\/\/www.usborkeychain.com\/wp-content\/uploads\/MetalClip-USB-flash-drive-100x100.png 100w\" sizes=\"(max-width: 800px) 100vw, 800px\" \/><\/figure>\n<\/div>\n<\/div>\n\n\n\n<h2 class=\"wp-block-heading\">E le prestazioni di sicurezza di questa unit\u00e0 flash USB?<\/h2>\n\n\n\n<div class=\"wp-block-columns is-layout-flex wp-container-core-columns-is-layout-28f84493 wp-block-columns-is-layout-flex\">\n<div class=\"wp-block-column is-vertically-aligned-center is-layout-flow wp-block-column-is-layout-flow\">\n<figure class=\"wp-block-image size-full\"><img alt=\"\" decoding=\"async\" width=\"800\" height=\"800\" src=\"https:\/\/www.usborkeychain.com\/wp-content\/uploads\/Metal-Key-USB-flash-drive.png\" class=\"wp-image-4626\" srcset=\"https:\/\/www.usborkeychain.com\/wp-content\/uploads\/Metal-Key-USB-flash-drive.png 800w, https:\/\/www.usborkeychain.com\/wp-content\/uploads\/Metal-Key-USB-flash-drive-300x300.png 300w, https:\/\/www.usborkeychain.com\/wp-content\/uploads\/Metal-Key-USB-flash-drive-150x150.png 150w, https:\/\/www.usborkeychain.com\/wp-content\/uploads\/Metal-Key-USB-flash-drive-768x768.png 768w, https:\/\/www.usborkeychain.com\/wp-content\/uploads\/Metal-Key-USB-flash-drive-12x12.png 12w, https:\/\/www.usborkeychain.com\/wp-content\/uploads\/Metal-Key-USB-flash-drive-600x600.png 600w, https:\/\/www.usborkeychain.com\/wp-content\/uploads\/Metal-Key-USB-flash-drive-100x100.png 100w\" sizes=\"(max-width: 800px) 100vw, 800px\" \/><\/figure>\n<\/div>\n\n\n\n<div class=\"wp-block-column is-vertically-aligned-center is-layout-flow wp-block-column-is-layout-flow\">\n<p>Il <strong>unit\u00e0 flash USB portachiavi in metallo a striscia lunga<\/strong> supporta una funzione di crittografia (per alcuni prodotti, deve essere utilizzata insieme al software di crittografia corrispondente o agli strumenti di crittografia integrati nel sistema). Gli utenti possono criptare e proteggere i file memorizzati nella chiavetta USB impostando password, partizionando per la crittografia, ecc. Per i file sensibili, come documenti aziendali riservati, foto personali e dati finanziari importanti, l'attivazione della funzione di crittografia pu\u00f2 prevenire efficacemente l'accesso non autorizzato ai dati e migliorarne la sicurezza. Tuttavia, va notato che la password di crittografia deve essere conservata correttamente. Se dimenticata, i dati potrebbero risultare illeggibili. Si consiglia di abilitare la crittografia in base alle proprie esigenze, in modo da bilanciare convenienza e sicurezza.<\/p>\n<\/div>\n<\/div>\n\n\n\n<div class=\"wp-block-columns is-layout-flex wp-container-core-columns-is-layout-28f84493 wp-block-columns-is-layout-flex\">\n<div class=\"wp-block-column is-vertically-aligned-center is-layout-flow wp-block-column-is-layout-flow\">\n<p>Il <strong>unit\u00e0 flash USB portachiavi in metallo a striscia lunga<\/strong> Il dispositivo \u00e8 caratterizzato da un design semplice e pratico, ha una variet\u00e0 di opzioni di capacit\u00e0, configurazioni di parametri adatti a diversi scenari, supporta la personalizzazione e ha anche una certa capacit\u00e0 di crittografia di sicurezza. \u00c8 in grado di soddisfare le esigenze di archiviazione quotidiana di documenti d'ufficio e foto di vita, nonch\u00e9 di promozioni aziendali personalizzate. \u00c8 uno strumento di archiviazione di alta qualit\u00e0 che combina praticit\u00e0 ed espandibilit\u00e0.<\/p>\n<\/div>\n\n\n\n<div class=\"wp-block-column is-vertically-aligned-center is-layout-flow wp-block-column-is-layout-flow\">\n<figure class=\"wp-block-image size-full\"><img alt=\"\" loading=\"lazy\" decoding=\"async\" width=\"800\" height=\"800\" src=\"https:\/\/www.usborkeychain.com\/wp-content\/uploads\/Bar-Key-USB-flash-drive.png\" class=\"wp-image-4624\" srcset=\"https:\/\/www.usborkeychain.com\/wp-content\/uploads\/Bar-Key-USB-flash-drive.png 800w, https:\/\/www.usborkeychain.com\/wp-content\/uploads\/Bar-Key-USB-flash-drive-300x300.png 300w, https:\/\/www.usborkeychain.com\/wp-content\/uploads\/Bar-Key-USB-flash-drive-150x150.png 150w, https:\/\/www.usborkeychain.com\/wp-content\/uploads\/Bar-Key-USB-flash-drive-768x768.png 768w, https:\/\/www.usborkeychain.com\/wp-content\/uploads\/Bar-Key-USB-flash-drive-12x12.png 12w, https:\/\/www.usborkeychain.com\/wp-content\/uploads\/Bar-Key-USB-flash-drive-600x600.png 600w, https:\/\/www.usborkeychain.com\/wp-content\/uploads\/Bar-Key-USB-flash-drive-100x100.png 100w\" sizes=\"(max-width: 800px) 100vw, 800px\" \/><\/figure>\n<\/div>\n<\/div>","protected":false},"excerpt":{"rendered":"<ul>\n<li>Lega di alluminio<\/li>\n<li>Portachiavi<\/li>\n<li>Funzione di crittografia<\/li>\n<li>Materiale metallico<\/li>\n<li>MOQ: 100PCS<\/li>\n<\/ul>","protected":false},"featured_media":4629,"comment_status":"open","ping_status":"closed","template":"","meta":{"_seopress_robots_primary_cat":"","_seopress_titles_title":"","_seopress_titles_desc":"","_seopress_robots_index":"","site-sidebar-layout":"default","site-content-layout":"","ast-site-content-layout":"","site-content-style":"default","site-sidebar-style":"default","ast-global-header-display":"","ast-banner-title-visibility":"","ast-main-header-display":"","ast-hfb-above-header-display":"","ast-hfb-below-header-display":"","ast-hfb-mobile-header-display":"","site-post-title":"","ast-breadcrumbs-content":"","ast-featured-img":"","footer-sml-layout":"","theme-transparent-header-meta":"","adv-header-id-meta":"","stick-header-meta":"","header-above-stick-meta":"","header-main-stick-meta":"","header-below-stick-meta":"","astra-migrate-meta-layouts":"default","ast-page-background-enabled":"default","ast-page-background-meta":{"desktop":{"background-color":"var(--ast-global-color-5)","background-image":"","background-repeat":"repeat","background-position":"center center","background-size":"auto","background-attachment":"scroll","background-type":"","background-media":"","overlay-type":"","overlay-color":"","overlay-opacity":"","overlay-gradient":""},"tablet":{"background-color":"","background-image":"","background-repeat":"repeat","background-position":"center center","background-size":"auto","background-attachment":"scroll","background-type":"","background-media":"","overlay-type":"","overlay-color":"","overlay-opacity":"","overlay-gradient":""},"mobile":{"background-color":"","background-image":"","background-repeat":"repeat","background-position":"center center","background-size":"auto","background-attachment":"scroll","background-type":"","background-media":"","overlay-type":"","overlay-color":"","overlay-opacity":"","overlay-gradient":""}},"ast-content-background-meta":{"desktop":{"background-color":"var(--ast-global-color-4)","background-image":"","background-repeat":"repeat","background-position":"center center","background-size":"auto","background-attachment":"scroll","background-type":"","background-media":"","overlay-type":"","overlay-color":"","overlay-opacity":"","overlay-gradient":""},"tablet":{"background-color":"var(--ast-global-color-4)","background-image":"","background-repeat":"repeat","background-position":"center center","background-size":"auto","background-attachment":"scroll","background-type":"","background-media":"","overlay-type":"","overlay-color":"","overlay-opacity":"","overlay-gradient":""},"mobile":{"background-color":"var(--ast-global-color-4)","background-image":"","background-repeat":"repeat","background-position":"center center","background-size":"auto","background-attachment":"scroll","background-type":"","background-media":"","overlay-type":"","overlay-color":"","overlay-opacity":"","overlay-gradient":""}}},"product_brand":[],"product_cat":[89],"product_tag":[282,396],"class_list":{"0":"post-4621","1":"product","2":"type-product","3":"status-publish","4":"has-post-thumbnail","6":"product_cat-metal-usb-pendrive","7":"product_tag-metal-keychain-usb-flash-drive","8":"product_tag-stainless-steel-usb-flash-drive","9":"desktop-align-left","10":"tablet-align-left","11":"mobile-align-left","13":"first","14":"instock","15":"shipping-taxable","16":"product-type-simple"},"_links":{"self":[{"href":"https:\/\/www.usborkeychain.com\/it\/wp-json\/wp\/v2\/product\/4621","targetHints":{"allow":["GET"]}}],"collection":[{"href":"https:\/\/www.usborkeychain.com\/it\/wp-json\/wp\/v2\/product"}],"about":[{"href":"https:\/\/www.usborkeychain.com\/it\/wp-json\/wp\/v2\/types\/product"}],"replies":[{"embeddable":true,"href":"https:\/\/www.usborkeychain.com\/it\/wp-json\/wp\/v2\/comments?post=4621"}],"wp:featuredmedia":[{"embeddable":true,"href":"https:\/\/www.usborkeychain.com\/it\/wp-json\/wp\/v2\/media\/4629"}],"wp:attachment":[{"href":"https:\/\/www.usborkeychain.com\/it\/wp-json\/wp\/v2\/media?parent=4621"}],"wp:term":[{"taxonomy":"product_brand","embeddable":true,"href":"https:\/\/www.usborkeychain.com\/it\/wp-json\/wp\/v2\/product_brand?post=4621"},{"taxonomy":"product_cat","embeddable":true,"href":"https:\/\/www.usborkeychain.com\/it\/wp-json\/wp\/v2\/product_cat?post=4621"},{"taxonomy":"product_tag","embeddable":true,"href":"https:\/\/www.usborkeychain.com\/it\/wp-json\/wp\/v2\/product_tag?post=4621"}],"curies":[{"name":"wp","href":"https:\/\/api.w.org\/{rel}","templated":true}]}}