{"id":4670,"date":"2025-07-26T07:43:17","date_gmt":"2025-07-26T07:43:17","guid":{"rendered":"https:\/\/www.usborkeychain.com\/?post_type=product&#038;p=4670"},"modified":"2025-08-14T12:11:01","modified_gmt":"2025-08-14T12:11:01","slug":"metal-house-shaped-usb-flash-drive","status":"publish","type":"product","link":"https:\/\/www.usborkeychain.com\/it\/prodotto\/metal-house-shaped-usb-flash-drive\/","title":{"rendered":"Metal House - Chiavetta USB sagomata"},"content":{"rendered":"<div class=\"wp-block-columns is-layout-flex wp-container-core-columns-is-layout-28f84493 wp-block-columns-is-layout-flex\">\n<div class=\"wp-block-column is-vertically-aligned-center is-layout-flow wp-block-column-is-layout-flow\">\n<p>Il <strong>chiavetta USB a forma di casa in metallo<\/strong> \u00e8 realizzato in metallo di alta qualit\u00e0. \u00c8 robusto ma delicato. Nell'uso quotidiano, resiste a graffi e piccoli urti, dimostrando un'eccellente durata. Inoltre, emana un fascino visivo di alta gamma e strutturato.<\/p>\n\n\n\n<p>La forma simile a una casa in miniatura evoca immediatamente una calda sensazione di casa, come se si portasse con s\u00e9 una mini \"casa\".<\/p>\n\n\n\n<p>\u00c8 estremamente leggero e sottile. Si pu\u00f2 facilmente attaccare a un portachiavi, infilare in tasca o mettere in una piccola borsa.<\/p>\n<\/div>\n\n\n\n<div class=\"wp-block-column is-vertically-aligned-center is-layout-flow wp-block-column-is-layout-flow\">\n<figure class=\"wp-block-image size-full\"><img alt=\"\" fetchpriority=\"high\" decoding=\"async\" width=\"800\" height=\"800\" src=\"https:\/\/www.usborkeychain.com\/wp-content\/uploads\/MiniHouse-USB-Flash-Drive.png\" class=\"wp-image-4677\" srcset=\"https:\/\/www.usborkeychain.com\/wp-content\/uploads\/MiniHouse-USB-Flash-Drive.png 800w, https:\/\/www.usborkeychain.com\/wp-content\/uploads\/MiniHouse-USB-Flash-Drive-300x300.png 300w, https:\/\/www.usborkeychain.com\/wp-content\/uploads\/MiniHouse-USB-Flash-Drive-150x150.png 150w, https:\/\/www.usborkeychain.com\/wp-content\/uploads\/MiniHouse-USB-Flash-Drive-768x768.png 768w, https:\/\/www.usborkeychain.com\/wp-content\/uploads\/MiniHouse-USB-Flash-Drive-12x12.png 12w, https:\/\/www.usborkeychain.com\/wp-content\/uploads\/MiniHouse-USB-Flash-Drive-600x600.png 600w, https:\/\/www.usborkeychain.com\/wp-content\/uploads\/MiniHouse-USB-Flash-Drive-100x100.png 100w\" sizes=\"(max-width: 800px) 100vw, 800px\" \/><\/figure>\n<\/div>\n<\/div>\n\n\n\n<h2 class=\"wp-block-heading\">Parametri dell'unit\u00e0 flash USB<\/h2>\n\n\n\n<figure class=\"wp-block-table\"><table class=\"has-fixed-layout\"><thead><tr><th>Categoria di parametri<\/th><th>Dettagli<\/th><\/tr><\/thead><tbody><tr><td>Tipo di interfaccia<\/td><td>USB 3.0 (retrocompatibile con USB 2.0 per una maggiore compatibilit\u00e0 dei dispositivi)<\/td><\/tr><tr><td>Capacit\u00e0 di stoccaggio disponibili<\/td><td>4GB, 8GB, 16GB, 32GB, 64GB, 128GB<\/td><\/tr><tr><td>Dimensioni (lunghezza \u00d7 larghezza \u00d7 spessore)<\/td><td>60\u00d725\u00d710 mm<\/td><\/tr><tr><td>Peso<\/td><td>15 grammi<\/td><\/tr><\/tbody><\/table><\/figure>\n\n\n\n<h2 class=\"wp-block-heading\">Per quali imprese \u00e8 adatto come regalo?<\/h2>\n\n\n\n<figure class=\"wp-block-table\"><table class=\"has-fixed-layout\"><thead><tr><th>Tipo di oggetto applicabile<\/th><th>Spiegazione specifica<\/th><\/tr><\/thead><tbody><tr><td>Imprese immobiliari<\/td><td>Come regali promozionali per progetti immobiliari<\/td><\/tr><tr><td>Aziende di design per la decorazione della casa<\/td><td>Consegnati ai clienti o ai partner commerciali<\/td><\/tr><tr><td>Istituzioni finanziarie (attivit\u00e0 ipotecaria)<\/td><td>Utilizzati nelle attivit\u00e0 connesse ai mutui<\/td><\/tr><tr><td>Privati (donazioni a parenti e amici)<\/td><td>Per occasioni come compleanni e feste di inaugurazione della casa<\/td><\/tr><tr><td>Istituzioni di istruzione e formazione<\/td><td>Come regalo di laurea o di evento - regali commemorativi per gli studenti<\/td><\/tr><\/tbody><\/table><\/figure>\n\n\n\n<h2 class=\"wp-block-heading\">La stampa del logo \u00e8 supportata?<\/h2>\n\n\n\n<div class=\"wp-block-columns is-layout-flex wp-container-core-columns-is-layout-28f84493 wp-block-columns-is-layout-flex\">\n<div class=\"wp-block-column is-vertically-aligned-center is-layout-flow wp-block-column-is-layout-flow\">\n<figure class=\"wp-block-image size-full\"><img alt=\"\" decoding=\"async\" width=\"800\" height=\"800\" src=\"https:\/\/www.usborkeychain.com\/wp-content\/uploads\/HouseShaped-Metal-USB-Flash-Drive.png\" class=\"wp-image-4674\" srcset=\"https:\/\/www.usborkeychain.com\/wp-content\/uploads\/HouseShaped-Metal-USB-Flash-Drive.png 800w, https:\/\/www.usborkeychain.com\/wp-content\/uploads\/HouseShaped-Metal-USB-Flash-Drive-300x300.png 300w, https:\/\/www.usborkeychain.com\/wp-content\/uploads\/HouseShaped-Metal-USB-Flash-Drive-150x150.png 150w, https:\/\/www.usborkeychain.com\/wp-content\/uploads\/HouseShaped-Metal-USB-Flash-Drive-768x768.png 768w, https:\/\/www.usborkeychain.com\/wp-content\/uploads\/HouseShaped-Metal-USB-Flash-Drive-12x12.png 12w, https:\/\/www.usborkeychain.com\/wp-content\/uploads\/HouseShaped-Metal-USB-Flash-Drive-600x600.png 600w, https:\/\/www.usborkeychain.com\/wp-content\/uploads\/HouseShaped-Metal-USB-Flash-Drive-100x100.png 100w\" sizes=\"(max-width: 800px) 100vw, 800px\" \/><\/figure>\n<\/div>\n\n\n\n<div class=\"wp-block-column is-vertically-aligned-center is-layout-flow wp-block-column-is-layout-flow\">\n<p>Il<strong> chiavetta USB a forma di casa in metallo <\/strong>supporta la stampa del logo ed \u00e8 una scelta eccellente per la personalizzazione del marchio. I processi di stampa disponibili sono i seguenti:<\/p>\n\n\n\n<ul class=\"wp-block-list\">\n<li><strong>Stampa serigrafica<\/strong>: \u00c8 adatto per motivi complessi. Pu\u00f2 stampare loghi o emblemi aziendali con alta precisione, con colori brillanti ed eccellente resistenza ai graffi.<\/li>\n\n\n\n<li><strong>Incisione laser<\/strong>: Specificamente progettato per le superfici metalliche, incide in profondit\u00e0 testi o grafiche, ottenendo un effetto delicato e permanente.<\/li>\n\n\n\n<li><strong>Stampa UV<\/strong>: Ideale per disegni multicolore, come l'aggiunta di sfumature o immagini personalizzate. Ha una forte resistenza agli agenti atmosferici e colori vividi.<\/li>\n\n\n\n<li><strong>Stampa a trasferimento termico<\/strong>: Adatto alla personalizzazione di piccoli lotti, consente di stampare rapidamente informazioni personalizzate.<\/li>\n<\/ul>\n<\/div>\n<\/div>\n\n\n\n<h2 class=\"wp-block-heading\">\u00c8 disponibile un imballaggio personalizzato?<\/h2>\n\n\n\n<div class=\"wp-block-columns is-layout-flex wp-container-core-columns-is-layout-28f84493 wp-block-columns-is-layout-flex\">\n<div class=\"wp-block-column is-vertically-aligned-center is-layout-flow wp-block-column-is-layout-flow\">\n<figure class=\"wp-block-image size-full\"><img alt=\"\" decoding=\"async\" width=\"800\" height=\"800\" src=\"https:\/\/www.usborkeychain.com\/wp-content\/uploads\/KeychainHouse-USB-Flash-Drive.png\" class=\"wp-image-4675\" srcset=\"https:\/\/www.usborkeychain.com\/wp-content\/uploads\/KeychainHouse-USB-Flash-Drive.png 800w, https:\/\/www.usborkeychain.com\/wp-content\/uploads\/KeychainHouse-USB-Flash-Drive-300x300.png 300w, https:\/\/www.usborkeychain.com\/wp-content\/uploads\/KeychainHouse-USB-Flash-Drive-150x150.png 150w, https:\/\/www.usborkeychain.com\/wp-content\/uploads\/KeychainHouse-USB-Flash-Drive-768x768.png 768w, https:\/\/www.usborkeychain.com\/wp-content\/uploads\/KeychainHouse-USB-Flash-Drive-12x12.png 12w, https:\/\/www.usborkeychain.com\/wp-content\/uploads\/KeychainHouse-USB-Flash-Drive-600x600.png 600w, https:\/\/www.usborkeychain.com\/wp-content\/uploads\/KeychainHouse-USB-Flash-Drive-100x100.png 100w\" sizes=\"(max-width: 800px) 100vw, 800px\" \/><\/figure>\n<\/div>\n\n\n\n<div class=\"wp-block-column is-vertically-aligned-center is-layout-flow wp-block-column-is-layout-flow\">\n<p>Sono disponibili confezioni personalizzate per <strong>la casa di metallo - chiavetta USB a forma di casa<\/strong>. Le opzioni di confezionamento pi\u00f9 comuni includono:<\/p>\n\n\n\n<ul class=\"wp-block-list\">\n<li><strong>Imballaggio in blister<\/strong>: Ha un costo relativamente basso e pu\u00f2 visualizzare chiaramente l'aspetto della chiavetta USB.<\/li>\n\n\n\n<li><strong>Imballaggio in scatola di carta<\/strong>: \u00c8 semplice e pratico. Sulla superficie della scatola \u00e8 possibile stampare informazioni sul marchio, slogan promozionali, ecc.<\/li>\n\n\n\n<li><strong>Confezione regalo<\/strong>: Ha un aspetto pi\u00f9 raffinato e di alta gamma, spesso abbinato a nastri e rivestimenti interni.<\/li>\n<\/ul>\n<\/div>\n<\/div>\n\n\n\n<div class=\"wp-block-columns is-layout-flex wp-container-core-columns-is-layout-28f84493 wp-block-columns-is-layout-flex\">\n<div class=\"wp-block-column is-vertically-aligned-center is-layout-flow wp-block-column-is-layout-flow\">\n<p>Il <strong>chiavetta USB a forma di casa in metallo<\/strong> garantisce una lunga durata grazie al materiale metallico, conferisce un tocco emozionale con il suo design a forma di casa, soddisfa diverse esigenze di archiviazione con i suoi ricchi parametri e supporta la personalizzazione del logo e dell'imballaggio. Sia che venga utilizzato dalle aziende come regalo per la promozione del marchio e per gli scenari commerciali, sia che venga utilizzato dai singoli per trasmettere la bella connotazione di \"casa\" nei loro regali, pu\u00f2 essere sia pratico che esprimere intenzioni uniche, diventando cos\u00ec un eccellente vettore per l'archiviazione dei dati e la connessione emotiva.<\/p>\n<\/div>\n\n\n\n<div class=\"wp-block-column is-vertically-aligned-center is-layout-flow wp-block-column-is-layout-flow\">\n<figure class=\"wp-block-image size-full\"><img alt=\"\" loading=\"lazy\" decoding=\"async\" width=\"800\" height=\"800\" src=\"https:\/\/www.usborkeychain.com\/wp-content\/uploads\/ElegantHouse-USB-Flash-Drive.png\" class=\"wp-image-4673\" srcset=\"https:\/\/www.usborkeychain.com\/wp-content\/uploads\/ElegantHouse-USB-Flash-Drive.png 800w, https:\/\/www.usborkeychain.com\/wp-content\/uploads\/ElegantHouse-USB-Flash-Drive-300x300.png 300w, https:\/\/www.usborkeychain.com\/wp-content\/uploads\/ElegantHouse-USB-Flash-Drive-150x150.png 150w, https:\/\/www.usborkeychain.com\/wp-content\/uploads\/ElegantHouse-USB-Flash-Drive-768x768.png 768w, https:\/\/www.usborkeychain.com\/wp-content\/uploads\/ElegantHouse-USB-Flash-Drive-12x12.png 12w, https:\/\/www.usborkeychain.com\/wp-content\/uploads\/ElegantHouse-USB-Flash-Drive-600x600.png 600w, https:\/\/www.usborkeychain.com\/wp-content\/uploads\/ElegantHouse-USB-Flash-Drive-100x100.png 100w\" sizes=\"(max-width: 800px) 100vw, 800px\" \/><\/figure>\n<\/div>\n<\/div>","protected":false},"excerpt":{"rendered":"<ul>\n<li>Metallo di alta qualit\u00e0<\/li>\n<li>Forma di una mini-casa<\/li>\n<li>Supporta la stampa del logo<\/li>\n<li>\u00a0Pacchetto personalizzato diverso<\/li>\n<li>MOQ: 100PCS<\/li>\n<\/ul>","protected":false},"featured_media":4677,"comment_status":"open","ping_status":"closed","template":"","meta":{"_seopress_robots_primary_cat":"","_seopress_titles_title":"","_seopress_titles_desc":"","_seopress_robots_index":"","site-sidebar-layout":"default","site-content-layout":"","ast-site-content-layout":"","site-content-style":"default","site-sidebar-style":"default","ast-global-header-display":"","ast-banner-title-visibility":"","ast-main-header-display":"","ast-hfb-above-header-display":"","ast-hfb-below-header-display":"","ast-hfb-mobile-header-display":"","site-post-title":"","ast-breadcrumbs-content":"","ast-featured-img":"","footer-sml-layout":"","theme-transparent-header-meta":"","adv-header-id-meta":"","stick-header-meta":"","header-above-stick-meta":"","header-main-stick-meta":"","header-below-stick-meta":"","astra-migrate-meta-layouts":"default","ast-page-background-enabled":"default","ast-page-background-meta":{"desktop":{"background-color":"var(--ast-global-color-5)","background-image":"","background-repeat":"repeat","background-position":"center center","background-size":"auto","background-attachment":"scroll","background-type":"","background-media":"","overlay-type":"","overlay-color":"","overlay-opacity":"","overlay-gradient":""},"tablet":{"background-color":"","background-image":"","background-repeat":"repeat","background-position":"center center","background-size":"auto","background-attachment":"scroll","background-type":"","background-media":"","overlay-type":"","overlay-color":"","overlay-opacity":"","overlay-gradient":""},"mobile":{"background-color":"","background-image":"","background-repeat":"repeat","background-position":"center center","background-size":"auto","background-attachment":"scroll","background-type":"","background-media":"","overlay-type":"","overlay-color":"","overlay-opacity":"","overlay-gradient":""}},"ast-content-background-meta":{"desktop":{"background-color":"var(--ast-global-color-4)","background-image":"","background-repeat":"repeat","background-position":"center center","background-size":"auto","background-attachment":"scroll","background-type":"","background-media":"","overlay-type":"","overlay-color":"","overlay-opacity":"","overlay-gradient":""},"tablet":{"background-color":"var(--ast-global-color-4)","background-image":"","background-repeat":"repeat","background-position":"center center","background-size":"auto","background-attachment":"scroll","background-type":"","background-media":"","overlay-type":"","overlay-color":"","overlay-opacity":"","overlay-gradient":""},"mobile":{"background-color":"var(--ast-global-color-4)","background-image":"","background-repeat":"repeat","background-position":"center center","background-size":"auto","background-attachment":"scroll","background-type":"","background-media":"","overlay-type":"","overlay-color":"","overlay-opacity":"","overlay-gradient":""}}},"product_brand":[],"product_cat":[89],"product_tag":[293,397],"class_list":{"0":"post-4670","1":"product","2":"type-product","3":"status-publish","4":"has-post-thumbnail","6":"product_cat-metal-usb-pendrive","7":"product_tag-metal-house-shaped-usb-flash-drive","8":"product_tag-zinc-alloy-usb-pen-drive","9":"desktop-align-left","10":"tablet-align-left","11":"mobile-align-left","13":"first","14":"instock","15":"shipping-taxable","16":"product-type-simple"},"_links":{"self":[{"href":"https:\/\/www.usborkeychain.com\/it\/wp-json\/wp\/v2\/product\/4670","targetHints":{"allow":["GET"]}}],"collection":[{"href":"https:\/\/www.usborkeychain.com\/it\/wp-json\/wp\/v2\/product"}],"about":[{"href":"https:\/\/www.usborkeychain.com\/it\/wp-json\/wp\/v2\/types\/product"}],"replies":[{"embeddable":true,"href":"https:\/\/www.usborkeychain.com\/it\/wp-json\/wp\/v2\/comments?post=4670"}],"wp:featuredmedia":[{"embeddable":true,"href":"https:\/\/www.usborkeychain.com\/it\/wp-json\/wp\/v2\/media\/4677"}],"wp:attachment":[{"href":"https:\/\/www.usborkeychain.com\/it\/wp-json\/wp\/v2\/media?parent=4670"}],"wp:term":[{"taxonomy":"product_brand","embeddable":true,"href":"https:\/\/www.usborkeychain.com\/it\/wp-json\/wp\/v2\/product_brand?post=4670"},{"taxonomy":"product_cat","embeddable":true,"href":"https:\/\/www.usborkeychain.com\/it\/wp-json\/wp\/v2\/product_cat?post=4670"},{"taxonomy":"product_tag","embeddable":true,"href":"https:\/\/www.usborkeychain.com\/it\/wp-json\/wp\/v2\/product_tag?post=4670"}],"curies":[{"name":"wp","href":"https:\/\/api.w.org\/{rel}","templated":true}]}}