{"id":4679,"date":"2025-07-27T00:52:03","date_gmt":"2025-07-27T00:52:03","guid":{"rendered":"https:\/\/www.usborkeychain.com\/?post_type=product&#038;p=4679"},"modified":"2025-07-27T01:09:39","modified_gmt":"2025-07-27T01:09:39","slug":"pvc-aircraft-usb-flash-drive","status":"publish","type":"product","link":"https:\/\/www.usborkeychain.com\/it\/prodotto\/pvc-aircraft-usb-flash-drive\/","title":{"rendered":"Chiavetta USB aeronautica in PVC"},"content":{"rendered":"<div class=\"wp-block-columns is-layout-flex wp-container-core-columns-is-layout-28f84493 wp-block-columns-is-layout-flex\">\n<div class=\"wp-block-column is-vertically-aligned-center is-layout-flow wp-block-column-is-layout-flow\">\n<p>Il<strong> Chiavetta USB aeronautica in PVC<\/strong> \u00e8 realizzato in materiale PVC di alta qualit\u00e0, che vanta un'eccellente flessibilit\u00e0 e durata. \u00c8 caratterizzato da una texture liscia che offre un tocco confortevole. Inoltre, \u00e8 ecologico e atossico, conforme agli standard di sicurezza pertinenti per garantire la tranquillit\u00e0 dell'utente durante l'uso.<\/p>\n\n\n\n<p>Progettato sulla base di prototipi di aerei reali, riproduce accuratamente l'aspetto di elicotteri, aerei di linea e altri modelli di aerei. <\/p>\n\n\n\n<p>Grazie a un processo di ridimensionamento proporzionale, gli aerei di grandi dimensioni vengono condensati in un dispositivo di dimensioni palmari e ricco di dettagli. Che si tratti dell'elica, della cabina di pilotaggio, delle ali o della coda, ogni parte \u00e8 rappresentata in modo vivido, come un modello di aereo miniaturizzato.<\/p>\n<\/div>\n\n\n\n<div class=\"wp-block-column is-vertically-aligned-center is-layout-flow wp-block-column-is-layout-flow\">\n<figure class=\"wp-block-image size-full\"><img alt=\"\" fetchpriority=\"high\" decoding=\"async\" width=\"800\" height=\"800\" src=\"https:\/\/www.usborkeychain.com\/wp-content\/uploads\/Aircraft-PVC-USB-Flash-Drive.jpg\" class=\"wp-image-4682\" srcset=\"https:\/\/www.usborkeychain.com\/wp-content\/uploads\/Aircraft-PVC-USB-Flash-Drive.jpg 800w, https:\/\/www.usborkeychain.com\/wp-content\/uploads\/Aircraft-PVC-USB-Flash-Drive-300x300.jpg 300w, https:\/\/www.usborkeychain.com\/wp-content\/uploads\/Aircraft-PVC-USB-Flash-Drive-150x150.jpg 150w, https:\/\/www.usborkeychain.com\/wp-content\/uploads\/Aircraft-PVC-USB-Flash-Drive-768x768.jpg 768w, https:\/\/www.usborkeychain.com\/wp-content\/uploads\/Aircraft-PVC-USB-Flash-Drive-12x12.jpg 12w, https:\/\/www.usborkeychain.com\/wp-content\/uploads\/Aircraft-PVC-USB-Flash-Drive-600x600.jpg 600w, https:\/\/www.usborkeychain.com\/wp-content\/uploads\/Aircraft-PVC-USB-Flash-Drive-100x100.jpg 100w\" sizes=\"(max-width: 800px) 100vw, 800px\" \/><\/figure>\n<\/div>\n<\/div>\n\n\n\n<h2 class=\"wp-block-heading\">Specifiche della chiavetta USB aeronautica in PVC<\/h2>\n\n\n\n<figure class=\"wp-block-table\"><table class=\"has-fixed-layout\"><thead><tr><th>Categoria di parametri<\/th><th>Dettagli<\/th><\/tr><\/thead><tbody><tr><td>Capacit\u00e0 di stoccaggio<\/td><td>8GB, 16GB, 32GB, 64GB, 128GB<\/td><\/tr><tr><td>Tipo di interfaccia<\/td><td>USB 2.0, USB 3.0, USB 3.1<\/td><\/tr><tr><td>Dimensioni (lunghezza * larghezza * altezza)<\/td><td>60 mm x 50 mm x 20 mm<\/td><\/tr><tr><td>Peso<\/td><td>Circa 15-30 g<\/td><\/tr><\/tbody><\/table><\/figure>\n\n\n\n<h2 class=\"wp-block-heading\">Per quali imprese \u00e8 adatto?<\/h2>\n\n\n\n<div class=\"wp-block-columns is-layout-flex wp-container-core-columns-is-layout-28f84493 wp-block-columns-is-layout-flex\">\n<div class=\"wp-block-column is-vertically-aligned-center is-layout-flow wp-block-column-is-layout-flow\">\n<figure class=\"wp-block-image size-full\"><img alt=\"\" decoding=\"async\" width=\"800\" height=\"800\" src=\"https:\/\/www.usborkeychain.com\/wp-content\/uploads\/Helicopter-PVC-USB-Flash-Drive.jpg\" class=\"wp-image-4688\" srcset=\"https:\/\/www.usborkeychain.com\/wp-content\/uploads\/Helicopter-PVC-USB-Flash-Drive.jpg 800w, https:\/\/www.usborkeychain.com\/wp-content\/uploads\/Helicopter-PVC-USB-Flash-Drive-300x300.jpg 300w, https:\/\/www.usborkeychain.com\/wp-content\/uploads\/Helicopter-PVC-USB-Flash-Drive-150x150.jpg 150w, https:\/\/www.usborkeychain.com\/wp-content\/uploads\/Helicopter-PVC-USB-Flash-Drive-768x768.jpg 768w, https:\/\/www.usborkeychain.com\/wp-content\/uploads\/Helicopter-PVC-USB-Flash-Drive-12x12.jpg 12w, https:\/\/www.usborkeychain.com\/wp-content\/uploads\/Helicopter-PVC-USB-Flash-Drive-600x600.jpg 600w, https:\/\/www.usborkeychain.com\/wp-content\/uploads\/Helicopter-PVC-USB-Flash-Drive-100x100.jpg 100w\" sizes=\"(max-width: 800px) 100vw, 800px\" \/><\/figure>\n<\/div>\n\n\n\n<div class=\"wp-block-column is-vertically-aligned-center is-layout-flow wp-block-column-is-layout-flow\">\n<p><strong>Compagnie aeree<\/strong>: Servono come regali per i soci, regali per i VIP e souvenir di eventi per rafforzare gli attributi aeronautici del marchio.<\/p>\n\n\n\n<p><strong>Imprese tecnologiche<\/strong>: Regalati in occasione di mostre, conferenze e visite ai clienti per riflettere l'innovazione e il senso della tecnologia dell'azienda.<\/p>\n\n\n\n<p><strong>Imprese legate al settore automobilistico<\/strong>: In linea con i temi della \"velocit\u00e0\" e del \"viaggio\".<\/p>\n\n\n\n<p><strong>Istituti di istruzione e formazione<\/strong>: Utilizzati come premi per gli studenti o come souvenir di eventi, particolarmente adatti per le universit\u00e0 di aviazione e ingegneria.<\/p>\n\n\n\n<p><strong>Benefici e premi per i dipendenti<\/strong>: Motivare i dipendenti e rafforzare il loro senso di appartenenza.<\/p>\n<\/div>\n<\/div>\n\n\n\n<div class=\"wp-block-columns is-layout-flex wp-container-core-columns-is-layout-28f84493 wp-block-columns-is-layout-flex\">\n<div class=\"wp-block-column is-layout-flow wp-block-column-is-layout-flow\">\n<figure class=\"wp-block-image size-full\"><img alt=\"\" decoding=\"async\" width=\"800\" height=\"800\" src=\"https:\/\/www.usborkeychain.com\/wp-content\/uploads\/PlaneShape-PVC-USB-Flash-Drive.jpg\" class=\"wp-image-4689\" srcset=\"https:\/\/www.usborkeychain.com\/wp-content\/uploads\/PlaneShape-PVC-USB-Flash-Drive.jpg 800w, https:\/\/www.usborkeychain.com\/wp-content\/uploads\/PlaneShape-PVC-USB-Flash-Drive-300x300.jpg 300w, https:\/\/www.usborkeychain.com\/wp-content\/uploads\/PlaneShape-PVC-USB-Flash-Drive-150x150.jpg 150w, https:\/\/www.usborkeychain.com\/wp-content\/uploads\/PlaneShape-PVC-USB-Flash-Drive-768x768.jpg 768w, https:\/\/www.usborkeychain.com\/wp-content\/uploads\/PlaneShape-PVC-USB-Flash-Drive-12x12.jpg 12w, https:\/\/www.usborkeychain.com\/wp-content\/uploads\/PlaneShape-PVC-USB-Flash-Drive-600x600.jpg 600w, https:\/\/www.usborkeychain.com\/wp-content\/uploads\/PlaneShape-PVC-USB-Flash-Drive-100x100.jpg 100w\" sizes=\"(max-width: 800px) 100vw, 800px\" \/><\/figure>\n<\/div>\n\n\n\n<div class=\"wp-block-column is-layout-flow wp-block-column-is-layout-flow\">\n<figure class=\"wp-block-image size-full\"><img alt=\"\" loading=\"lazy\" decoding=\"async\" width=\"800\" height=\"800\" src=\"https:\/\/www.usborkeychain.com\/wp-content\/uploads\/Airliner-PVC-USB-Flash-Drive.jpg\" class=\"wp-image-4684\" srcset=\"https:\/\/www.usborkeychain.com\/wp-content\/uploads\/Airliner-PVC-USB-Flash-Drive.jpg 800w, https:\/\/www.usborkeychain.com\/wp-content\/uploads\/Airliner-PVC-USB-Flash-Drive-300x300.jpg 300w, https:\/\/www.usborkeychain.com\/wp-content\/uploads\/Airliner-PVC-USB-Flash-Drive-150x150.jpg 150w, https:\/\/www.usborkeychain.com\/wp-content\/uploads\/Airliner-PVC-USB-Flash-Drive-768x768.jpg 768w, https:\/\/www.usborkeychain.com\/wp-content\/uploads\/Airliner-PVC-USB-Flash-Drive-12x12.jpg 12w, https:\/\/www.usborkeychain.com\/wp-content\/uploads\/Airliner-PVC-USB-Flash-Drive-600x600.jpg 600w, https:\/\/www.usborkeychain.com\/wp-content\/uploads\/Airliner-PVC-USB-Flash-Drive-100x100.jpg 100w\" sizes=\"(max-width: 800px) 100vw, 800px\" \/><\/figure>\n<\/div>\n\n\n\n<div class=\"wp-block-column is-layout-flow wp-block-column-is-layout-flow\">\n<figure class=\"wp-block-image size-full\"><img alt=\"\" loading=\"lazy\" decoding=\"async\" width=\"800\" height=\"800\" src=\"https:\/\/www.usborkeychain.com\/wp-content\/uploads\/RescueHelo-PVC-USB-Flash-Drive.jpg\" class=\"wp-image-4690\" srcset=\"https:\/\/www.usborkeychain.com\/wp-content\/uploads\/RescueHelo-PVC-USB-Flash-Drive.jpg 800w, https:\/\/www.usborkeychain.com\/wp-content\/uploads\/RescueHelo-PVC-USB-Flash-Drive-300x300.jpg 300w, https:\/\/www.usborkeychain.com\/wp-content\/uploads\/RescueHelo-PVC-USB-Flash-Drive-150x150.jpg 150w, https:\/\/www.usborkeychain.com\/wp-content\/uploads\/RescueHelo-PVC-USB-Flash-Drive-768x768.jpg 768w, https:\/\/www.usborkeychain.com\/wp-content\/uploads\/RescueHelo-PVC-USB-Flash-Drive-12x12.jpg 12w, https:\/\/www.usborkeychain.com\/wp-content\/uploads\/RescueHelo-PVC-USB-Flash-Drive-600x600.jpg 600w, https:\/\/www.usborkeychain.com\/wp-content\/uploads\/RescueHelo-PVC-USB-Flash-Drive-100x100.jpg 100w\" sizes=\"(max-width: 800px) 100vw, 800px\" \/><\/figure>\n<\/div>\n<\/div>\n\n\n\n<h2 class=\"wp-block-heading\">Quanto \u00e8 resistente la chiavetta USB alle cadute?<\/h2>\n\n\n\n<p>Grazie all'adozione di <strong>Materiale PVC<\/strong>possiede una certa flessibilit\u00e0 e resistenza agli urti. Nell'uso normale, le cadute accidentali da una scrivania (a un'altezza di circa 0,8-1,2 metri) e altre cadute quotidiane in genere non danneggiano il chip di memoria interno. Anche se il guscio esterno pu\u00f2 presentare lievi graffi, ci\u00f2 non influisce sul normale utilizzo. Tuttavia, se sottoposto a urti frequenti e di elevata intensit\u00e0 o a cadute da altezze eccessive (ad esempio, oltre 2 metri), il guscio potrebbe rompersi e i componenti interni danneggiarsi. Una protezione adeguata durante l'uso quotidiano pu\u00f2 garantirne la durata.<\/p>\n\n\n\n<div class=\"wp-block-columns is-layout-flex wp-container-core-columns-is-layout-28f84493 wp-block-columns-is-layout-flex\">\n<div class=\"wp-block-column is-layout-flow wp-block-column-is-layout-flow\">\n<figure class=\"wp-block-image size-full\"><img alt=\"\" loading=\"lazy\" decoding=\"async\" width=\"800\" height=\"800\" src=\"https:\/\/www.usborkeychain.com\/wp-content\/uploads\/SkyPlane-PVC-USB-Flash-Drive.jpg\" class=\"wp-image-4691\" srcset=\"https:\/\/www.usborkeychain.com\/wp-content\/uploads\/SkyPlane-PVC-USB-Flash-Drive.jpg 800w, https:\/\/www.usborkeychain.com\/wp-content\/uploads\/SkyPlane-PVC-USB-Flash-Drive-300x300.jpg 300w, https:\/\/www.usborkeychain.com\/wp-content\/uploads\/SkyPlane-PVC-USB-Flash-Drive-150x150.jpg 150w, https:\/\/www.usborkeychain.com\/wp-content\/uploads\/SkyPlane-PVC-USB-Flash-Drive-768x768.jpg 768w, https:\/\/www.usborkeychain.com\/wp-content\/uploads\/SkyPlane-PVC-USB-Flash-Drive-12x12.jpg 12w, https:\/\/www.usborkeychain.com\/wp-content\/uploads\/SkyPlane-PVC-USB-Flash-Drive-600x600.jpg 600w, https:\/\/www.usborkeychain.com\/wp-content\/uploads\/SkyPlane-PVC-USB-Flash-Drive-100x100.jpg 100w\" sizes=\"(max-width: 800px) 100vw, 800px\" \/><\/figure>\n<\/div>\n\n\n\n<div class=\"wp-block-column is-layout-flow wp-block-column-is-layout-flow\">\n<figure class=\"wp-block-image size-full\"><img alt=\"\" loading=\"lazy\" decoding=\"async\" width=\"800\" height=\"800\" src=\"https:\/\/www.usborkeychain.com\/wp-content\/uploads\/Flyer-PVC-USB-Flash-Drive.jpg\" class=\"wp-image-4687\" srcset=\"https:\/\/www.usborkeychain.com\/wp-content\/uploads\/Flyer-PVC-USB-Flash-Drive.jpg 800w, https:\/\/www.usborkeychain.com\/wp-content\/uploads\/Flyer-PVC-USB-Flash-Drive-300x300.jpg 300w, https:\/\/www.usborkeychain.com\/wp-content\/uploads\/Flyer-PVC-USB-Flash-Drive-150x150.jpg 150w, https:\/\/www.usborkeychain.com\/wp-content\/uploads\/Flyer-PVC-USB-Flash-Drive-768x768.jpg 768w, https:\/\/www.usborkeychain.com\/wp-content\/uploads\/Flyer-PVC-USB-Flash-Drive-12x12.jpg 12w, https:\/\/www.usborkeychain.com\/wp-content\/uploads\/Flyer-PVC-USB-Flash-Drive-600x600.jpg 600w, https:\/\/www.usborkeychain.com\/wp-content\/uploads\/Flyer-PVC-USB-Flash-Drive-100x100.jpg 100w\" sizes=\"(max-width: 800px) 100vw, 800px\" \/><\/figure>\n<\/div>\n\n\n\n<div class=\"wp-block-column is-layout-flow wp-block-column-is-layout-flow\">\n<figure class=\"wp-block-image size-full\"><img alt=\"\" loading=\"lazy\" decoding=\"async\" width=\"800\" height=\"800\" src=\"https:\/\/www.usborkeychain.com\/wp-content\/uploads\/Aviation-PVC-USB-Flash-Drive.jpg\" class=\"wp-image-4685\" srcset=\"https:\/\/www.usborkeychain.com\/wp-content\/uploads\/Aviation-PVC-USB-Flash-Drive.jpg 800w, https:\/\/www.usborkeychain.com\/wp-content\/uploads\/Aviation-PVC-USB-Flash-Drive-300x300.jpg 300w, https:\/\/www.usborkeychain.com\/wp-content\/uploads\/Aviation-PVC-USB-Flash-Drive-150x150.jpg 150w, https:\/\/www.usborkeychain.com\/wp-content\/uploads\/Aviation-PVC-USB-Flash-Drive-768x768.jpg 768w, https:\/\/www.usborkeychain.com\/wp-content\/uploads\/Aviation-PVC-USB-Flash-Drive-12x12.jpg 12w, https:\/\/www.usborkeychain.com\/wp-content\/uploads\/Aviation-PVC-USB-Flash-Drive-600x600.jpg 600w, https:\/\/www.usborkeychain.com\/wp-content\/uploads\/Aviation-PVC-USB-Flash-Drive-100x100.jpg 100w\" sizes=\"(max-width: 800px) 100vw, 800px\" \/><\/figure>\n<\/div>\n<\/div>\n\n\n\n<div class=\"wp-block-columns is-layout-flex wp-container-core-columns-is-layout-28f84493 wp-block-columns-is-layout-flex\">\n<div class=\"wp-block-column is-vertically-aligned-center is-layout-flow wp-block-column-is-layout-flow\">\n<p>Il<strong> Chiavetta USB aeronautica in PVC<\/strong> integra aspetto creativo e funzioni pratiche. \u00c8 realizzato con materiali di alta qualit\u00e0 <strong>Materiale PVC<\/strong> per creare un modello di aereo realistico. I suoi ricchi parametri soddisfano varie esigenze e supportano la personalizzazione del logo. \u00c8 adatto a vari scenari di regali aziendali e personali e ha una certa resistenza alle cadute. Il <strong>Chiavetta USB aeronautica in PVC<\/strong> \u00e8 il preferito dagli appassionati di aviazione, in grado di soddisfare le loro esigenze di collezione e di praticit\u00e0. \u00c8 anche la prima scelta per i regali creativi, adatto ai giovani che perseguono l'unicit\u00e0 e amano i prodotti digitali innovativi. Quando le aziende lo utilizzano per la promozione del marchio, pu\u00f2 attirare l'attenzione e migliorare il riconoscimento del marchio, in particolare le imprese legate all'aviazione e alla tecnologia. L'utilizzo come regalo aziendale o articolo promozionale ha un effetto significativo.<\/p>\n<\/div>\n\n\n\n<div class=\"wp-block-column is-vertically-aligned-center is-layout-flow wp-block-column-is-layout-flow\">\n<figure class=\"wp-block-image size-full\"><img alt=\"\" loading=\"lazy\" decoding=\"async\" width=\"800\" height=\"800\" src=\"https:\/\/www.usborkeychain.com\/wp-content\/uploads\/AircraftModel-PVC-USB-Flash-Drive.jpg\" class=\"wp-image-4683\" srcset=\"https:\/\/www.usborkeychain.com\/wp-content\/uploads\/AircraftModel-PVC-USB-Flash-Drive.jpg 800w, https:\/\/www.usborkeychain.com\/wp-content\/uploads\/AircraftModel-PVC-USB-Flash-Drive-300x300.jpg 300w, https:\/\/www.usborkeychain.com\/wp-content\/uploads\/AircraftModel-PVC-USB-Flash-Drive-150x150.jpg 150w, https:\/\/www.usborkeychain.com\/wp-content\/uploads\/AircraftModel-PVC-USB-Flash-Drive-768x768.jpg 768w, https:\/\/www.usborkeychain.com\/wp-content\/uploads\/AircraftModel-PVC-USB-Flash-Drive-12x12.jpg 12w, https:\/\/www.usborkeychain.com\/wp-content\/uploads\/AircraftModel-PVC-USB-Flash-Drive-600x600.jpg 600w, https:\/\/www.usborkeychain.com\/wp-content\/uploads\/AircraftModel-PVC-USB-Flash-Drive-100x100.jpg 100w\" sizes=\"(max-width: 800px) 100vw, 800px\" \/><\/figure>\n<\/div>\n<\/div>","protected":false},"excerpt":{"rendered":"<ul>\n<li>Materiale PVC<\/li>\n<li>A forma di aereo<\/li>\n<li>Personalizzare lo stile<\/li>\n<li>RoHS<\/li>\n<li>MOQ: 100PCS<\/li>\n<\/ul>","protected":false},"featured_media":4682,"comment_status":"open","ping_status":"closed","template":"","meta":{"_seopress_robots_primary_cat":"","_seopress_titles_title":"","_seopress_titles_desc":"","_seopress_robots_index":"","site-sidebar-layout":"default","site-content-layout":"","ast-site-content-layout":"","site-content-style":"default","site-sidebar-style":"default","ast-global-header-display":"","ast-banner-title-visibility":"","ast-main-header-display":"","ast-hfb-above-header-display":"","ast-hfb-below-header-display":"","ast-hfb-mobile-header-display":"","site-post-title":"","ast-breadcrumbs-content":"","ast-featured-img":"","footer-sml-layout":"","theme-transparent-header-meta":"","adv-header-id-meta":"","stick-header-meta":"","header-above-stick-meta":"","header-main-stick-meta":"","header-below-stick-meta":"","astra-migrate-meta-layouts":"default","ast-page-background-enabled":"default","ast-page-background-meta":{"desktop":{"background-color":"var(--ast-global-color-5)","background-image":"","background-repeat":"repeat","background-position":"center center","background-size":"auto","background-attachment":"scroll","background-type":"","background-media":"","overlay-type":"","overlay-color":"","overlay-opacity":"","overlay-gradient":""},"tablet":{"background-color":"","background-image":"","background-repeat":"repeat","background-position":"center center","background-size":"auto","background-attachment":"scroll","background-type":"","background-media":"","overlay-type":"","overlay-color":"","overlay-opacity":"","overlay-gradient":""},"mobile":{"background-color":"","background-image":"","background-repeat":"repeat","background-position":"center center","background-size":"auto","background-attachment":"scroll","background-type":"","background-media":"","overlay-type":"","overlay-color":"","overlay-opacity":"","overlay-gradient":""}},"ast-content-background-meta":{"desktop":{"background-color":"var(--ast-global-color-4)","background-image":"","background-repeat":"repeat","background-position":"center center","background-size":"auto","background-attachment":"scroll","background-type":"","background-media":"","overlay-type":"","overlay-color":"","overlay-opacity":"","overlay-gradient":""},"tablet":{"background-color":"var(--ast-global-color-4)","background-image":"","background-repeat":"repeat","background-position":"center center","background-size":"auto","background-attachment":"scroll","background-type":"","background-media":"","overlay-type":"","overlay-color":"","overlay-opacity":"","overlay-gradient":""},"mobile":{"background-color":"var(--ast-global-color-4)","background-image":"","background-repeat":"repeat","background-position":"center center","background-size":"auto","background-attachment":"scroll","background-type":"","background-media":"","overlay-type":"","overlay-color":"","overlay-opacity":"","overlay-gradient":""}}},"product_brand":[],"product_cat":[94],"product_tag":[294,248],"class_list":{"0":"post-4679","1":"product","2":"type-product","3":"status-publish","4":"has-post-thumbnail","6":"product_cat-pvc-usb-pendrive","7":"product_tag-pvc-aircraft-usb-flash-drive","8":"product_tag-pvc-usb-flash-drive","9":"desktop-align-left","10":"tablet-align-left","11":"mobile-align-left","13":"first","14":"instock","15":"shipping-taxable","16":"product-type-simple"},"_links":{"self":[{"href":"https:\/\/www.usborkeychain.com\/it\/wp-json\/wp\/v2\/product\/4679","targetHints":{"allow":["GET"]}}],"collection":[{"href":"https:\/\/www.usborkeychain.com\/it\/wp-json\/wp\/v2\/product"}],"about":[{"href":"https:\/\/www.usborkeychain.com\/it\/wp-json\/wp\/v2\/types\/product"}],"replies":[{"embeddable":true,"href":"https:\/\/www.usborkeychain.com\/it\/wp-json\/wp\/v2\/comments?post=4679"}],"wp:featuredmedia":[{"embeddable":true,"href":"https:\/\/www.usborkeychain.com\/it\/wp-json\/wp\/v2\/media\/4682"}],"wp:attachment":[{"href":"https:\/\/www.usborkeychain.com\/it\/wp-json\/wp\/v2\/media?parent=4679"}],"wp:term":[{"taxonomy":"product_brand","embeddable":true,"href":"https:\/\/www.usborkeychain.com\/it\/wp-json\/wp\/v2\/product_brand?post=4679"},{"taxonomy":"product_cat","embeddable":true,"href":"https:\/\/www.usborkeychain.com\/it\/wp-json\/wp\/v2\/product_cat?post=4679"},{"taxonomy":"product_tag","embeddable":true,"href":"https:\/\/www.usborkeychain.com\/it\/wp-json\/wp\/v2\/product_tag?post=4679"}],"curies":[{"name":"wp","href":"https:\/\/api.w.org\/{rel}","templated":true}]}}