{"id":4693,"date":"2025-07-27T01:27:06","date_gmt":"2025-07-27T01:27:06","guid":{"rendered":"https:\/\/www.usborkeychain.com\/?post_type=product&#038;p=4693"},"modified":"2025-08-14T12:10:51","modified_gmt":"2025-08-14T12:10:51","slug":"metal-aircraft-usb-flash-drive","status":"publish","type":"product","link":"https:\/\/www.usborkeychain.com\/it\/prodotto\/metal-aircraft-usb-flash-drive\/","title":{"rendered":"Chiavetta USB aeronautica in metallo"},"content":{"rendered":"<div class=\"wp-block-columns is-layout-flex wp-container-core-columns-is-layout-28f84493 wp-block-columns-is-layout-flex\">\n<div class=\"wp-block-column is-vertically-aligned-center is-layout-flow wp-block-column-is-layout-flow\">\n<p>Questo <strong>unit\u00e0 flash USB aeronautica in metallo<\/strong> \u00e8 realizzato con materiali metallici di alta qualit\u00e0, come la lega di alluminio e l'acciaio inossidabile. La struttura metallica le conferisce propriet\u00e0 robuste e durevoli, resistenti alla caduta e all'usura, che proteggono efficacemente il chip di memoria interno. Inoltre, l'esclusiva lucentezza e la struttura del metallo conferiscono alla chiavetta USB un aspetto pi\u00f9 raffinato e di alta qualit\u00e0, migliorandone l'aspetto e la qualit\u00e0.<\/p>\n\n\n\n<p>Progettato sulla base di un aereo reale, \u00e8 sapientemente realizzato a forma di mini-aereo. La fusoliera ha linee morbide e riproduce accuratamente le caratteristiche esterne dell'aereo. Dal muso, alla fusoliera, alle ali e alla coda, i dettagli sono curati meticolosamente, come se il veicolo aereo fosse \"miniaturizzato\" nel palmo della mano. Il processo di ridimensionamento proporzionale permette agli appassionati di aviazione di avere il proprio esclusivo \"mini aereo\".<\/p>\n<\/div>\n\n\n\n<div class=\"wp-block-column is-vertically-aligned-center is-layout-flow wp-block-column-is-layout-flow\">\n<figure class=\"wp-block-image size-full\"><img alt=\"\" fetchpriority=\"high\" decoding=\"async\" width=\"800\" height=\"800\" src=\"https:\/\/www.usborkeychain.com\/wp-content\/uploads\/MetalAirplane-USB-Flash-Drive.jpg\" class=\"wp-image-4701\" srcset=\"https:\/\/www.usborkeychain.com\/wp-content\/uploads\/MetalAirplane-USB-Flash-Drive.jpg 800w, https:\/\/www.usborkeychain.com\/wp-content\/uploads\/MetalAirplane-USB-Flash-Drive-300x300.jpg 300w, https:\/\/www.usborkeychain.com\/wp-content\/uploads\/MetalAirplane-USB-Flash-Drive-150x150.jpg 150w, https:\/\/www.usborkeychain.com\/wp-content\/uploads\/MetalAirplane-USB-Flash-Drive-768x768.jpg 768w, https:\/\/www.usborkeychain.com\/wp-content\/uploads\/MetalAirplane-USB-Flash-Drive-12x12.jpg 12w, https:\/\/www.usborkeychain.com\/wp-content\/uploads\/MetalAirplane-USB-Flash-Drive-600x600.jpg 600w, https:\/\/www.usborkeychain.com\/wp-content\/uploads\/MetalAirplane-USB-Flash-Drive-100x100.jpg 100w\" sizes=\"(max-width: 800px) 100vw, 800px\" \/><\/figure>\n<\/div>\n<\/div>\n\n\n\n<h2 class=\"wp-block-heading\">Parametri dell'unit\u00e0 flash USB<\/h2>\n\n\n\n<figure class=\"wp-block-table\"><table class=\"has-fixed-layout\"><thead><tr><th>Categoria di parametri<\/th><th>Dettagli<\/th><\/tr><\/thead><tbody><tr><td>Capacit\u00e0 di stoccaggio<\/td><td>8GB, 16GB, 32GB, 64GB, 128GB<\/td><\/tr><tr><td>Tipo di interfaccia<\/td><td>USB 2.0, USB 3.0, USB 3.1<\/td><\/tr><tr><td>Dimensioni del prodotto (lunghezza * larghezza * altezza)<\/td><td>Circa 50-80 mm di lunghezza, 10-20 mm di larghezza, 10-20 mm di altezza<\/td><\/tr><\/tbody><\/table><\/figure>\n\n\n\n<h2 class=\"wp-block-heading\">\u00c8 possibile stamparci sopra dei loghi? Quali sono i processi di stampa disponibili?<\/h2>\n\n\n\n<div class=\"wp-block-columns is-layout-flex wp-container-core-columns-is-layout-28f84493 wp-block-columns-is-layout-flex\">\n<div class=\"wp-block-column is-vertically-aligned-center is-layout-flow wp-block-column-is-layout-flow\">\n<figure class=\"wp-block-image size-full\"><img alt=\"\" decoding=\"async\" width=\"800\" height=\"800\" src=\"https:\/\/www.usborkeychain.com\/wp-content\/uploads\/AviationMetal-USB-Flash-Drive.jpg\" class=\"wp-image-4697\" srcset=\"https:\/\/www.usborkeychain.com\/wp-content\/uploads\/AviationMetal-USB-Flash-Drive.jpg 800w, https:\/\/www.usborkeychain.com\/wp-content\/uploads\/AviationMetal-USB-Flash-Drive-300x300.jpg 300w, https:\/\/www.usborkeychain.com\/wp-content\/uploads\/AviationMetal-USB-Flash-Drive-150x150.jpg 150w, https:\/\/www.usborkeychain.com\/wp-content\/uploads\/AviationMetal-USB-Flash-Drive-768x768.jpg 768w, https:\/\/www.usborkeychain.com\/wp-content\/uploads\/AviationMetal-USB-Flash-Drive-12x12.jpg 12w, https:\/\/www.usborkeychain.com\/wp-content\/uploads\/AviationMetal-USB-Flash-Drive-600x600.jpg 600w, https:\/\/www.usborkeychain.com\/wp-content\/uploads\/AviationMetal-USB-Flash-Drive-100x100.jpg 100w\" sizes=\"(max-width: 800px) 100vw, 800px\" \/><\/figure>\n<\/div>\n\n\n\n<div class=\"wp-block-column is-vertically-aligned-center is-layout-flow wp-block-column-is-layout-flow\">\n<p>Il <strong>unit\u00e0 flash USB aeronautica in metallo<\/strong> supporta la stampa di loghi personalizzati, con i seguenti processi comuni:<\/p>\n\n\n\n<ul class=\"wp-block-list\">\n<li><strong>Incisione laser<\/strong>: Incide con precisione i loghi sulla superficie metallica, con linee chiare, forte consistenza e resistenza all'usura, adatto per motivi semplici e loghi di testo.<\/li>\n\n\n\n<li><strong>Stampa serigrafica<\/strong>: Utilizza l'inchiostro per la stampa, che pu\u00f2 presentare loghi colorati con colori vivaci e ha una buona adattabilit\u00e0 a disegni di colore complessi.<\/li>\n\n\n\n<li><strong>Galvanotecnica e colorazione<\/strong>: Prima si elettroplacca e poi si colora, rendendo i colori del logo pieni e i bordi chiari, con costi relativamente elevati.<\/li>\n<\/ul>\n<\/div>\n<\/div>\n\n\n\n<h2 class=\"wp-block-heading\">Quali sono le opzioni di imballaggio pi\u00f9 comuni?<\/h2>\n\n\n\n<div class=\"wp-block-columns is-layout-flex wp-container-core-columns-is-layout-28f84493 wp-block-columns-is-layout-flex\">\n<div class=\"wp-block-column is-vertically-aligned-center is-layout-flow wp-block-column-is-layout-flow\">\n<ul class=\"wp-block-list\">\n<li><strong>Scatola di plastica semplice \/ Scatola di carta<\/strong>: A basso costo, con informazioni sul marchio stampabili sulla superficie della scatola, adatto per regali regolari e regali aziendali.<\/li>\n\n\n\n<li><strong>Scatola regalo personalizzata<\/strong>: Dotati di fodere in spugna e flanella per migliorarne la qualit\u00e0, sono adatti a regali di alta gamma e per clienti importanti.<\/li>\n\n\n\n<li><strong>Portachiavi da appendere per l'imballaggio delle carte<\/strong>: Fissa la chiavetta USB e il portachiavi insieme su uno squisito cartoncino da appendere, comodo per la vendita al dettaglio e la distribuzione alle fiere.<\/li>\n<\/ul>\n<\/div>\n\n\n\n<div class=\"wp-block-column is-vertically-aligned-center is-layout-flow wp-block-column-is-layout-flow\">\n<figure class=\"wp-block-image size-full\"><img alt=\"\" decoding=\"async\" width=\"800\" height=\"800\" src=\"https:\/\/www.usborkeychain.com\/wp-content\/uploads\/KeychainPlane-USB-Flash-Drive.jpg\" class=\"wp-image-4699\" srcset=\"https:\/\/www.usborkeychain.com\/wp-content\/uploads\/KeychainPlane-USB-Flash-Drive.jpg 800w, https:\/\/www.usborkeychain.com\/wp-content\/uploads\/KeychainPlane-USB-Flash-Drive-300x300.jpg 300w, https:\/\/www.usborkeychain.com\/wp-content\/uploads\/KeychainPlane-USB-Flash-Drive-150x150.jpg 150w, https:\/\/www.usborkeychain.com\/wp-content\/uploads\/KeychainPlane-USB-Flash-Drive-768x768.jpg 768w, https:\/\/www.usborkeychain.com\/wp-content\/uploads\/KeychainPlane-USB-Flash-Drive-12x12.jpg 12w, https:\/\/www.usborkeychain.com\/wp-content\/uploads\/KeychainPlane-USB-Flash-Drive-600x600.jpg 600w, https:\/\/www.usborkeychain.com\/wp-content\/uploads\/KeychainPlane-USB-Flash-Drive-100x100.jpg 100w\" sizes=\"(max-width: 800px) 100vw, 800px\" \/><\/figure>\n<\/div>\n<\/div>\n\n\n\n<h2 class=\"wp-block-heading\">Quanto tempo richiede la produzione personalizzata di massa?<\/h2>\n\n\n\n<p>Il ciclo di produzione personalizzata di massa dipende dalla quantit\u00e0 dell'ordine e dalla complessit\u00e0 del processo. Il processo standard \u00e8 il seguente: dopo la conferma del design, si passa alla fase di produzione e stampa. Per un lotto tipico (ad esempio 500-1000 pezzi), il ciclo totale \u00e8 solitamente di 10-15 giorni, di cui 1-2 giorni per la revisione del design (\u00e8 necessario fornire i file del logo), 5-7 giorni per la produzione del corpo principale della chiavetta USB (compresa la fusione del modello e l'assemblaggio dell'interfaccia) e 3-5 giorni per la stampa del logo e l'imballaggio (con processi multipli opzionali). Piccoli lotti o personalizzazioni speciali (come l'alta capacit\u00e0 di 128 GB o la stampa UV) possono richiedere 15-20 giorni. I fattori di influenza includono:<\/p>\n\n\n\n<ul class=\"wp-block-list\">\n<li><strong>Approvvigionamento di materiali<\/strong>: Tempi di consegna di materiali in lega di zinco o personalizzati.<\/li>\n\n\n\n<li><strong>Complessit\u00e0 del processo<\/strong>: La stampa a pi\u00f9 colori o l'incisione fine aumentano le ore di lavoro.<\/li>\n\n\n\n<li><strong>Integrazione logistica<\/strong>: Assicurare una spedizione efficiente, fornendo un servizio unico dall'inserimento dell'ordine alla consegna.<\/li>\n<\/ul>\n\n\n\n<div class=\"wp-block-columns is-layout-flex wp-container-core-columns-is-layout-28f84493 wp-block-columns-is-layout-flex\">\n<div class=\"wp-block-column is-vertically-aligned-top is-layout-flow wp-block-column-is-layout-flow\">\n<figure class=\"wp-block-image size-full\"><img alt=\"\" loading=\"lazy\" decoding=\"async\" width=\"800\" height=\"800\" src=\"https:\/\/www.usborkeychain.com\/wp-content\/uploads\/ShinyPlane-USB-Flash-Drive.jpg\" class=\"wp-image-4705\" srcset=\"https:\/\/www.usborkeychain.com\/wp-content\/uploads\/ShinyPlane-USB-Flash-Drive.jpg 800w, https:\/\/www.usborkeychain.com\/wp-content\/uploads\/ShinyPlane-USB-Flash-Drive-300x300.jpg 300w, https:\/\/www.usborkeychain.com\/wp-content\/uploads\/ShinyPlane-USB-Flash-Drive-150x150.jpg 150w, https:\/\/www.usborkeychain.com\/wp-content\/uploads\/ShinyPlane-USB-Flash-Drive-768x768.jpg 768w, https:\/\/www.usborkeychain.com\/wp-content\/uploads\/ShinyPlane-USB-Flash-Drive-12x12.jpg 12w, https:\/\/www.usborkeychain.com\/wp-content\/uploads\/ShinyPlane-USB-Flash-Drive-600x600.jpg 600w, https:\/\/www.usborkeychain.com\/wp-content\/uploads\/ShinyPlane-USB-Flash-Drive-100x100.jpg 100w\" sizes=\"(max-width: 800px) 100vw, 800px\" \/><\/figure>\n<\/div>\n\n\n\n<div class=\"wp-block-column is-layout-flow wp-block-column-is-layout-flow\">\n<figure class=\"wp-block-image size-full\"><img alt=\"\" loading=\"lazy\" decoding=\"async\" width=\"800\" height=\"800\" src=\"https:\/\/www.usborkeychain.com\/wp-content\/uploads\/PromoPlane-USB-Flash-Drive.jpg\" class=\"wp-image-4704\" srcset=\"https:\/\/www.usborkeychain.com\/wp-content\/uploads\/PromoPlane-USB-Flash-Drive.jpg 800w, https:\/\/www.usborkeychain.com\/wp-content\/uploads\/PromoPlane-USB-Flash-Drive-300x300.jpg 300w, https:\/\/www.usborkeychain.com\/wp-content\/uploads\/PromoPlane-USB-Flash-Drive-150x150.jpg 150w, https:\/\/www.usborkeychain.com\/wp-content\/uploads\/PromoPlane-USB-Flash-Drive-768x768.jpg 768w, https:\/\/www.usborkeychain.com\/wp-content\/uploads\/PromoPlane-USB-Flash-Drive-12x12.jpg 12w, https:\/\/www.usborkeychain.com\/wp-content\/uploads\/PromoPlane-USB-Flash-Drive-600x600.jpg 600w, https:\/\/www.usborkeychain.com\/wp-content\/uploads\/PromoPlane-USB-Flash-Drive-100x100.jpg 100w\" sizes=\"(max-width: 800px) 100vw, 800px\" \/><\/figure>\n<\/div>\n\n\n\n<div class=\"wp-block-column is-layout-flow wp-block-column-is-layout-flow\">\n<figure class=\"wp-block-image size-full\"><img alt=\"\" loading=\"lazy\" decoding=\"async\" width=\"800\" height=\"800\" src=\"https:\/\/www.usborkeychain.com\/wp-content\/uploads\/MiniJet-USB-Flash-Drive.jpg\" class=\"wp-image-4703\" srcset=\"https:\/\/www.usborkeychain.com\/wp-content\/uploads\/MiniJet-USB-Flash-Drive.jpg 800w, https:\/\/www.usborkeychain.com\/wp-content\/uploads\/MiniJet-USB-Flash-Drive-300x300.jpg 300w, https:\/\/www.usborkeychain.com\/wp-content\/uploads\/MiniJet-USB-Flash-Drive-150x150.jpg 150w, https:\/\/www.usborkeychain.com\/wp-content\/uploads\/MiniJet-USB-Flash-Drive-768x768.jpg 768w, https:\/\/www.usborkeychain.com\/wp-content\/uploads\/MiniJet-USB-Flash-Drive-12x12.jpg 12w, https:\/\/www.usborkeychain.com\/wp-content\/uploads\/MiniJet-USB-Flash-Drive-600x600.jpg 600w, https:\/\/www.usborkeychain.com\/wp-content\/uploads\/MiniJet-USB-Flash-Drive-100x100.jpg 100w\" sizes=\"(max-width: 800px) 100vw, 800px\" \/><\/figure>\n<\/div>\n<\/div>\n\n\n\n<p>Basato su materiali metallici di alta qualit\u00e0, il<strong> unit\u00e0 flash USB aeronautica in metallo<\/strong> ha un aspetto sia bello che strutturato, con il suo squisito design a forma di aereo. I suoi ricchi parametri soddisfano varie esigenze di stoccaggio e supportano la personalizzazione del logo per favorire la comunicazione del marchio. Le forme di imballaggio flessibile sono adatte a diversi scenari e il ciclo di personalizzazione di massa \u00e8 controllabile. Che sia per la collezione degli appassionati di aviazione, per l'uso quotidiano degli uomini d'affari o per i regali personalizzati delle aziende, pu\u00f2 diventare una scelta accattivante nel campo dell'archiviazione digitale e dei regali creativi grazie al suo fascino unico e al suo valore pratico.<\/p>\n\n\n\n<div class=\"wp-block-columns is-layout-flex wp-container-core-columns-is-layout-28f84493 wp-block-columns-is-layout-flex\">\n<div class=\"wp-block-column is-layout-flow wp-block-column-is-layout-flow\">\n<figure class=\"wp-block-image size-full\"><img alt=\"\" loading=\"lazy\" decoding=\"async\" width=\"800\" height=\"800\" src=\"https:\/\/www.usborkeychain.com\/wp-content\/uploads\/AircraftKey-USB-Flash-Drive.jpg\" class=\"wp-image-4696\" srcset=\"https:\/\/www.usborkeychain.com\/wp-content\/uploads\/AircraftKey-USB-Flash-Drive.jpg 800w, https:\/\/www.usborkeychain.com\/wp-content\/uploads\/AircraftKey-USB-Flash-Drive-300x300.jpg 300w, https:\/\/www.usborkeychain.com\/wp-content\/uploads\/AircraftKey-USB-Flash-Drive-150x150.jpg 150w, https:\/\/www.usborkeychain.com\/wp-content\/uploads\/AircraftKey-USB-Flash-Drive-768x768.jpg 768w, https:\/\/www.usborkeychain.com\/wp-content\/uploads\/AircraftKey-USB-Flash-Drive-12x12.jpg 12w, https:\/\/www.usborkeychain.com\/wp-content\/uploads\/AircraftKey-USB-Flash-Drive-600x600.jpg 600w, https:\/\/www.usborkeychain.com\/wp-content\/uploads\/AircraftKey-USB-Flash-Drive-100x100.jpg 100w\" sizes=\"(max-width: 800px) 100vw, 800px\" \/><\/figure>\n<\/div>\n\n\n\n<div class=\"wp-block-column is-layout-flow wp-block-column-is-layout-flow\">\n<figure class=\"wp-block-image size-full\"><img alt=\"\" loading=\"lazy\" decoding=\"async\" width=\"800\" height=\"800\" src=\"https:\/\/www.usborkeychain.com\/wp-content\/uploads\/MetalFlyer-USB-Flash-Drive.jpg\" class=\"wp-image-4702\" srcset=\"https:\/\/www.usborkeychain.com\/wp-content\/uploads\/MetalFlyer-USB-Flash-Drive.jpg 800w, https:\/\/www.usborkeychain.com\/wp-content\/uploads\/MetalFlyer-USB-Flash-Drive-300x300.jpg 300w, https:\/\/www.usborkeychain.com\/wp-content\/uploads\/MetalFlyer-USB-Flash-Drive-150x150.jpg 150w, https:\/\/www.usborkeychain.com\/wp-content\/uploads\/MetalFlyer-USB-Flash-Drive-768x768.jpg 768w, https:\/\/www.usborkeychain.com\/wp-content\/uploads\/MetalFlyer-USB-Flash-Drive-12x12.jpg 12w, https:\/\/www.usborkeychain.com\/wp-content\/uploads\/MetalFlyer-USB-Flash-Drive-600x600.jpg 600w, https:\/\/www.usborkeychain.com\/wp-content\/uploads\/MetalFlyer-USB-Flash-Drive-100x100.jpg 100w\" sizes=\"(max-width: 800px) 100vw, 800px\" \/><\/figure>\n<\/div>\n<\/div>","protected":false},"excerpt":{"rendered":"<ul>\n<li>Materiali metallici<\/li>\n<\/ul>","protected":false},"featured_media":4701,"comment_status":"open","ping_status":"closed","template":"","meta":{"_seopress_robots_primary_cat":"","_seopress_titles_title":"","_seopress_titles_desc":"","_seopress_robots_index":"","site-sidebar-layout":"default","site-content-layout":"","ast-site-content-layout":"","site-content-style":"default","site-sidebar-style":"default","ast-global-header-display":"","ast-banner-title-visibility":"","ast-main-header-display":"","ast-hfb-above-header-display":"","ast-hfb-below-header-display":"","ast-hfb-mobile-header-display":"","site-post-title":"","ast-breadcrumbs-content":"","ast-featured-img":"","footer-sml-layout":"","theme-transparent-header-meta":"","adv-header-id-meta":"","stick-header-meta":"","header-above-stick-meta":"","header-main-stick-meta":"","header-below-stick-meta":"","astra-migrate-meta-layouts":"default","ast-page-background-enabled":"default","ast-page-background-meta":{"desktop":{"background-color":"var(--ast-global-color-5)","background-image":"","background-repeat":"repeat","background-position":"center center","background-size":"auto","background-attachment":"scroll","background-type":"","background-media":"","overlay-type":"","overlay-color":"","overlay-opacity":"","overlay-gradient":""},"tablet":{"background-color":"","background-image":"","background-repeat":"repeat","background-position":"center center","background-size":"auto","background-attachment":"scroll","background-type":"","background-media":"","overlay-type":"","overlay-color":"","overlay-opacity":"","overlay-gradient":""},"mobile":{"background-color":"","background-image":"","background-repeat":"repeat","background-position":"center center","background-size":"auto","background-attachment":"scroll","background-type":"","background-media":"","overlay-type":"","overlay-color":"","overlay-opacity":"","overlay-gradient":""}},"ast-content-background-meta":{"desktop":{"background-color":"var(--ast-global-color-4)","background-image":"","background-repeat":"repeat","background-position":"center center","background-size":"auto","background-attachment":"scroll","background-type":"","background-media":"","overlay-type":"","overlay-color":"","overlay-opacity":"","overlay-gradient":""},"tablet":{"background-color":"var(--ast-global-color-4)","background-image":"","background-repeat":"repeat","background-position":"center center","background-size":"auto","background-attachment":"scroll","background-type":"","background-media":"","overlay-type":"","overlay-color":"","overlay-opacity":"","overlay-gradient":""},"mobile":{"background-color":"var(--ast-global-color-4)","background-image":"","background-repeat":"repeat","background-position":"center center","background-size":"auto","background-attachment":"scroll","background-type":"","background-media":"","overlay-type":"","overlay-color":"","overlay-opacity":"","overlay-gradient":""}}},"product_brand":[],"product_cat":[89],"product_tag":[295,397],"class_list":{"0":"post-4693","1":"product","2":"type-product","3":"status-publish","4":"has-post-thumbnail","6":"product_cat-metal-usb-pendrive","7":"product_tag-metal-aircraft-usb-flash-drive","8":"product_tag-zinc-alloy-usb-pen-drive","9":"desktop-align-left","10":"tablet-align-left","11":"mobile-align-left","13":"first","14":"instock","15":"shipping-taxable","16":"product-type-simple"},"_links":{"self":[{"href":"https:\/\/www.usborkeychain.com\/it\/wp-json\/wp\/v2\/product\/4693","targetHints":{"allow":["GET"]}}],"collection":[{"href":"https:\/\/www.usborkeychain.com\/it\/wp-json\/wp\/v2\/product"}],"about":[{"href":"https:\/\/www.usborkeychain.com\/it\/wp-json\/wp\/v2\/types\/product"}],"replies":[{"embeddable":true,"href":"https:\/\/www.usborkeychain.com\/it\/wp-json\/wp\/v2\/comments?post=4693"}],"wp:featuredmedia":[{"embeddable":true,"href":"https:\/\/www.usborkeychain.com\/it\/wp-json\/wp\/v2\/media\/4701"}],"wp:attachment":[{"href":"https:\/\/www.usborkeychain.com\/it\/wp-json\/wp\/v2\/media?parent=4693"}],"wp:term":[{"taxonomy":"product_brand","embeddable":true,"href":"https:\/\/www.usborkeychain.com\/it\/wp-json\/wp\/v2\/product_brand?post=4693"},{"taxonomy":"product_cat","embeddable":true,"href":"https:\/\/www.usborkeychain.com\/it\/wp-json\/wp\/v2\/product_cat?post=4693"},{"taxonomy":"product_tag","embeddable":true,"href":"https:\/\/www.usborkeychain.com\/it\/wp-json\/wp\/v2\/product_tag?post=4693"}],"curies":[{"name":"wp","href":"https:\/\/api.w.org\/{rel}","templated":true}]}}