{"id":4709,"date":"2025-07-27T06:40:10","date_gmt":"2025-07-27T06:40:10","guid":{"rendered":"https:\/\/www.usborkeychain.com\/?post_type=product&#038;p=4709"},"modified":"2025-07-27T07:14:46","modified_gmt":"2025-07-27T07:14:46","slug":"metal-and-pu-leather-braided-rope-wristband-usb-drive","status":"publish","type":"product","link":"https:\/\/www.usborkeychain.com\/it\/prodotto\/metal-and-pu-leather-braided-rope-wristband-usb-drive\/","title":{"rendered":"Unit\u00e0 USB con braccialetto a corda intrecciata in metallo e pelle PU"},"content":{"rendered":"<p>Questa chiavetta USB da polso in metallo e pelle PU intrecciata unisce funzionalit\u00e0 e stile. Progettata per la comodit\u00e0 e costruita per le prestazioni, \u00e8 la soluzione ideale per l'archiviazione portatile dei dati per il lavoro, lo studio e l'uso personale.<\/p>\n\n\n\n<div class=\"wp-block-columns is-layout-flex wp-container-core-columns-is-layout-28f84493 wp-block-columns-is-layout-flex\">\n<div class=\"wp-block-column is-layout-flow wp-block-column-is-layout-flow\">\n<figure class=\"wp-block-image size-full\"><img alt=\"\" fetchpriority=\"high\" decoding=\"async\" width=\"800\" height=\"800\" src=\"https:\/\/www.usborkeychain.com\/wp-content\/uploads\/Leather-Bracelet-for-Men-Black-Braided-PU.jpg\" class=\"wp-image-4713\" srcset=\"https:\/\/www.usborkeychain.com\/wp-content\/uploads\/Leather-Bracelet-for-Men-Black-Braided-PU.jpg 800w, https:\/\/www.usborkeychain.com\/wp-content\/uploads\/Leather-Bracelet-for-Men-Black-Braided-PU-300x300.jpg 300w, https:\/\/www.usborkeychain.com\/wp-content\/uploads\/Leather-Bracelet-for-Men-Black-Braided-PU-150x150.jpg 150w, https:\/\/www.usborkeychain.com\/wp-content\/uploads\/Leather-Bracelet-for-Men-Black-Braided-PU-768x768.jpg 768w, https:\/\/www.usborkeychain.com\/wp-content\/uploads\/Leather-Bracelet-for-Men-Black-Braided-PU-12x12.jpg 12w, https:\/\/www.usborkeychain.com\/wp-content\/uploads\/Leather-Bracelet-for-Men-Black-Braided-PU-600x600.jpg 600w, https:\/\/www.usborkeychain.com\/wp-content\/uploads\/Leather-Bracelet-for-Men-Black-Braided-PU-100x100.jpg 100w\" sizes=\"(max-width: 800px) 100vw, 800px\" \/><\/figure>\n<\/div>\n\n\n\n<div class=\"wp-block-column is-vertically-aligned-center is-layout-flow wp-block-column-is-layout-flow\">\n<h2 class=\"wp-block-heading\"><strong>Design del cinturino da polso indossabile - Lunghezza totale: 23,3 cm<\/strong><\/h2>\n\n\n\n<ul class=\"wp-block-list\">\n<li>Presenta una struttura flessibile e resistente <strong>Cinturino da polso da 23,3 cm<\/strong> design<\/li>\n\n\n\n<li>Realizzato in <strong>metallo + pelle<\/strong> per un look premium ed elegante<\/li>\n\n\n\n<li>Funziona come un <strong>Unit\u00e0 flash USB<\/strong> e un <strong>bracciale indossabile<\/strong><\/li>\n\n\n\n<li>Facile da trasportare: si indossa al polso o si ripone nella borsa. <strong>borsa, tasca, borsetta o zaino<\/strong><\/li>\n\n\n\n<li>Ottimo per <strong>adolescenti, studenti e adulti<\/strong> che vogliono comodit\u00e0 e design<\/li>\n<\/ul>\n<\/div>\n<\/div>\n\n\n\n<div class=\"wp-block-columns is-layout-flex wp-container-core-columns-is-layout-28f84493 wp-block-columns-is-layout-flex\">\n<div class=\"wp-block-column is-vertically-aligned-center is-layout-flow wp-block-column-is-layout-flow\">\n<h3 class=\"wp-block-heading\">Specifiche:<\/h3>\n\n\n\n<ul class=\"wp-block-list\">\n<li>Nome del prodotto: Unit\u00e0 flash USB<\/li>\n\n\n\n<li>Colore: nero<\/li>\n\n\n\n<li>Materiale: Metallo+pelle<\/li>\n\n\n\n<li>Size: 233*15*10mm\/9.17*0.59*0.39inches<\/li>\n\n\n\n<li>Porta USB: USB 2.0<\/li>\n\n\n\n<li>Capacity: 4GB\u30018GB\u300116GB\u300132GB\u300164GB\u3001128GB<\/li>\n\n\n\n<li>Compatibilit\u00e0: Windows 7 \/ 8 \/ 10 \/ Vista \/ XP \/ 2000 \/ ME \/ NT Linux e Mac OS, ecc.<\/li>\n\n\n\n<li>Dispositivi di supporto: computer portatili, PC, SmartTV, lettori musicali audio per auto e altri dispositivi che supportano l'interfaccia USB 2.0.<\/li>\n<\/ul>\n<\/div>\n\n\n\n<div class=\"wp-block-column is-layout-flow wp-block-column-is-layout-flow\">\n<figure class=\"wp-block-image size-full\"><img alt=\"\" decoding=\"async\" width=\"800\" height=\"800\" src=\"https:\/\/www.usborkeychain.com\/wp-content\/uploads\/Metal-and-PU-Leather-Braided-Rope-Wristband-USB-Drive.jpg\" class=\"wp-image-4715\" srcset=\"https:\/\/www.usborkeychain.com\/wp-content\/uploads\/Metal-and-PU-Leather-Braided-Rope-Wristband-USB-Drive.jpg 800w, https:\/\/www.usborkeychain.com\/wp-content\/uploads\/Metal-and-PU-Leather-Braided-Rope-Wristband-USB-Drive-300x300.jpg 300w, https:\/\/www.usborkeychain.com\/wp-content\/uploads\/Metal-and-PU-Leather-Braided-Rope-Wristband-USB-Drive-150x150.jpg 150w, https:\/\/www.usborkeychain.com\/wp-content\/uploads\/Metal-and-PU-Leather-Braided-Rope-Wristband-USB-Drive-768x768.jpg 768w, https:\/\/www.usborkeychain.com\/wp-content\/uploads\/Metal-and-PU-Leather-Braided-Rope-Wristband-USB-Drive-12x12.jpg 12w, https:\/\/www.usborkeychain.com\/wp-content\/uploads\/Metal-and-PU-Leather-Braided-Rope-Wristband-USB-Drive-600x600.jpg 600w, https:\/\/www.usborkeychain.com\/wp-content\/uploads\/Metal-and-PU-Leather-Braided-Rope-Wristband-USB-Drive-100x100.jpg 100w\" sizes=\"(max-width: 800px) 100vw, 800px\" \/><\/figure>\n<\/div>\n<\/div>\n\n\n\n<h2 class=\"wp-block-heading\">Perch\u00e9 utilizzare l'unit\u00e0 USB con braccialetto in corda intrecciata in pelle PU?<\/h2>\n\n\n\n<p><br>Le chiavette USB con braccialetto in corda intrecciata in pelle PU sono un modo unico per promuovere il vostro marchio. Con questo design innovativo, i vostri clienti potranno portare con s\u00e9 documenti, foto e video ovunque vadano, sfoggiando un braccialetto gommato di tendenza che mette in mostra la vostra azienda.<\/p>\n\n\n\n<div class=\"wp-block-columns is-layout-flex wp-container-core-columns-is-layout-9c22b1e3 wp-block-columns-is-layout-flex\">\n<div class=\"wp-block-column is-layout-flow wp-block-column-is-layout-flow\">\n<figure class=\"wp-block-image size-large\"><img alt=\"\" decoding=\"async\" width=\"800\" height=\"800\" src=\"https:\/\/www.usborkeychain.com\/wp-content\/uploads\/61lFwA6c9xL._SL1500_-800x800.jpg\" class=\"wp-image-4720\" srcset=\"https:\/\/www.usborkeychain.com\/wp-content\/uploads\/61lFwA6c9xL._SL1500_-800x800.jpg 800w, https:\/\/www.usborkeychain.com\/wp-content\/uploads\/61lFwA6c9xL._SL1500_-300x300.jpg 300w, https:\/\/www.usborkeychain.com\/wp-content\/uploads\/61lFwA6c9xL._SL1500_-150x150.jpg 150w, https:\/\/www.usborkeychain.com\/wp-content\/uploads\/61lFwA6c9xL._SL1500_-768x768.jpg 768w, https:\/\/www.usborkeychain.com\/wp-content\/uploads\/61lFwA6c9xL._SL1500_-12x12.jpg 12w, https:\/\/www.usborkeychain.com\/wp-content\/uploads\/61lFwA6c9xL._SL1500_-600x600.jpg 600w, https:\/\/www.usborkeychain.com\/wp-content\/uploads\/61lFwA6c9xL._SL1500_-100x100.jpg 100w, https:\/\/www.usborkeychain.com\/wp-content\/uploads\/61lFwA6c9xL._SL1500_.jpg 1500w\" sizes=\"(max-width: 800px) 100vw, 800px\" \/><\/figure>\n<\/div>\n\n\n\n<div class=\"wp-block-column is-layout-flow wp-block-column-is-layout-flow\">\n<figure class=\"wp-block-image size-large\"><img alt=\"\" loading=\"lazy\" decoding=\"async\" width=\"800\" height=\"800\" src=\"https:\/\/www.usborkeychain.com\/wp-content\/uploads\/61R7qeXl1JL._SL1500_-800x800.jpg\" class=\"wp-image-4721\" srcset=\"https:\/\/www.usborkeychain.com\/wp-content\/uploads\/61R7qeXl1JL._SL1500_-800x800.jpg 800w, https:\/\/www.usborkeychain.com\/wp-content\/uploads\/61R7qeXl1JL._SL1500_-300x300.jpg 300w, https:\/\/www.usborkeychain.com\/wp-content\/uploads\/61R7qeXl1JL._SL1500_-150x150.jpg 150w, https:\/\/www.usborkeychain.com\/wp-content\/uploads\/61R7qeXl1JL._SL1500_-768x768.jpg 768w, https:\/\/www.usborkeychain.com\/wp-content\/uploads\/61R7qeXl1JL._SL1500_-12x12.jpg 12w, https:\/\/www.usborkeychain.com\/wp-content\/uploads\/61R7qeXl1JL._SL1500_-600x600.jpg 600w, https:\/\/www.usborkeychain.com\/wp-content\/uploads\/61R7qeXl1JL._SL1500_-100x100.jpg 100w, https:\/\/www.usborkeychain.com\/wp-content\/uploads\/61R7qeXl1JL._SL1500_.jpg 1500w\" sizes=\"(max-width: 800px) 100vw, 800px\" \/><\/figure>\n<\/div>\n<\/div>\n\n\n\n<h2 class=\"wp-block-heading\">Qual \u00e8 il MOQ per le unit\u00e0 USB da polso personalizzate?<\/h2>\n\n\n\n<p>La maggior parte dei produttori richiede un MOQ di almeno 1.000 unit\u00e0, anche se alcuni supportano piccoli ordini di prova di 500 unit\u00e0, con un aumento del prezzo unitario di circa 20% - 30%. Presso la fabbrica di unit\u00e0 USB YOUSAN, le nostre unit\u00e0 USB da polso gi\u00e0 pronte hanno un MOQ di 100 pezzi (compresi i loghi personalizzati), mentre i design personalizzati richiedono un MOQ di 500 pezzi.<\/p>\n\n\n\n<p><\/p>","protected":false},"excerpt":{"rendered":"<ul>\n<li>Metallo e pelle PU<\/li>\n<li>Polsino in corda intrecciata<\/li>\n<li>LOGO personalizzato<\/li>\n<li>Bracciale Unit\u00e0 flash USB<\/li>\n<li>MOQ: 100PCS<\/li>\n<\/ul>","protected":false},"featured_media":4712,"comment_status":"open","ping_status":"closed","template":"","meta":{"_seopress_robots_primary_cat":"none","_seopress_titles_title":"","_seopress_titles_desc":"","_seopress_robots_index":"","site-sidebar-layout":"default","site-content-layout":"","ast-site-content-layout":"","site-content-style":"default","site-sidebar-style":"default","ast-global-header-display":"","ast-banner-title-visibility":"","ast-main-header-display":"","ast-hfb-above-header-display":"","ast-hfb-below-header-display":"","ast-hfb-mobile-header-display":"","site-post-title":"","ast-breadcrumbs-content":"","ast-featured-img":"","footer-sml-layout":"","theme-transparent-header-meta":"","adv-header-id-meta":"","stick-header-meta":"","header-above-stick-meta":"","header-main-stick-meta":"","header-below-stick-meta":"","astra-migrate-meta-layouts":"default","ast-page-background-enabled":"default","ast-page-background-meta":{"desktop":{"background-color":"var(--ast-global-color-5)","background-image":"","background-repeat":"repeat","background-position":"center center","background-size":"auto","background-attachment":"scroll","background-type":"","background-media":"","overlay-type":"","overlay-color":"","overlay-opacity":"","overlay-gradient":""},"tablet":{"background-color":"","background-image":"","background-repeat":"repeat","background-position":"center center","background-size":"auto","background-attachment":"scroll","background-type":"","background-media":"","overlay-type":"","overlay-color":"","overlay-opacity":"","overlay-gradient":""},"mobile":{"background-color":"","background-image":"","background-repeat":"repeat","background-position":"center center","background-size":"auto","background-attachment":"scroll","background-type":"","background-media":"","overlay-type":"","overlay-color":"","overlay-opacity":"","overlay-gradient":""}},"ast-content-background-meta":{"desktop":{"background-color":"var(--ast-global-color-4)","background-image":"","background-repeat":"repeat","background-position":"center center","background-size":"auto","background-attachment":"scroll","background-type":"","background-media":"","overlay-type":"","overlay-color":"","overlay-opacity":"","overlay-gradient":""},"tablet":{"background-color":"var(--ast-global-color-4)","background-image":"","background-repeat":"repeat","background-position":"center center","background-size":"auto","background-attachment":"scroll","background-type":"","background-media":"","overlay-type":"","overlay-color":"","overlay-opacity":"","overlay-gradient":""},"mobile":{"background-color":"var(--ast-global-color-4)","background-image":"","background-repeat":"repeat","background-position":"center center","background-size":"auto","background-attachment":"scroll","background-type":"","background-media":"","overlay-type":"","overlay-color":"","overlay-opacity":"","overlay-gradient":""}}},"product_brand":[],"product_cat":[97],"product_tag":[],"class_list":{"0":"post-4709","1":"product","2":"type-product","3":"status-publish","4":"has-post-thumbnail","6":"product_cat-wristband-usb-drives","7":"desktop-align-left","8":"tablet-align-left","9":"mobile-align-left","11":"first","12":"instock","13":"shipping-taxable","14":"product-type-simple"},"_links":{"self":[{"href":"https:\/\/www.usborkeychain.com\/it\/wp-json\/wp\/v2\/product\/4709","targetHints":{"allow":["GET"]}}],"collection":[{"href":"https:\/\/www.usborkeychain.com\/it\/wp-json\/wp\/v2\/product"}],"about":[{"href":"https:\/\/www.usborkeychain.com\/it\/wp-json\/wp\/v2\/types\/product"}],"replies":[{"embeddable":true,"href":"https:\/\/www.usborkeychain.com\/it\/wp-json\/wp\/v2\/comments?post=4709"}],"wp:featuredmedia":[{"embeddable":true,"href":"https:\/\/www.usborkeychain.com\/it\/wp-json\/wp\/v2\/media\/4712"}],"wp:attachment":[{"href":"https:\/\/www.usborkeychain.com\/it\/wp-json\/wp\/v2\/media?parent=4709"}],"wp:term":[{"taxonomy":"product_brand","embeddable":true,"href":"https:\/\/www.usborkeychain.com\/it\/wp-json\/wp\/v2\/product_brand?post=4709"},{"taxonomy":"product_cat","embeddable":true,"href":"https:\/\/www.usborkeychain.com\/it\/wp-json\/wp\/v2\/product_cat?post=4709"},{"taxonomy":"product_tag","embeddable":true,"href":"https:\/\/www.usborkeychain.com\/it\/wp-json\/wp\/v2\/product_tag?post=4709"}],"curies":[{"name":"wp","href":"https:\/\/api.w.org\/{rel}","templated":true}]}}