{"id":4723,"date":"2025-07-27T07:27:55","date_gmt":"2025-07-27T07:27:55","guid":{"rendered":"https:\/\/www.usborkeychain.com\/?post_type=product&#038;p=4723"},"modified":"2025-07-27T07:28:52","modified_gmt":"2025-07-27T07:28:52","slug":"wrist-strap-usb-flash-drive-with-led-logo","status":"publish","type":"product","link":"https:\/\/www.usborkeychain.com\/it\/prodotto\/wrist-strap-usb-flash-drive-with-led-logo\/","title":{"rendered":"Chiavetta USB da polso con logo LED"},"content":{"rendered":"<p>L'unit\u00e0 flash USB con cinturino da polso e logo LED \u00e8 un prodotto versatile e pratico che combina la funzionalit\u00e0 di un'unit\u00e0 flash USB con la comodit\u00e0 di un cinturino da polso. Con una capacit\u00e0 che va da 1MB a 512GB, questa chiavetta \u00e8 perfetta per archiviare e trasferire file di grandi dimensioni.\u00a0<\/p>\n\n\n\n<div class=\"wp-block-columns is-layout-flex wp-container-core-columns-is-layout-28f84493 wp-block-columns-is-layout-flex\">\n<div class=\"wp-block-column is-layout-flow wp-block-column-is-layout-flow\">\n<figure class=\"wp-block-image size-full\"><img alt=\"\" fetchpriority=\"high\" decoding=\"async\" width=\"800\" height=\"800\" src=\"https:\/\/www.usborkeychain.com\/wp-content\/uploads\/black-Wrist-Strap-USB-Flash-Drive-with-LED-Logo.jpg\" class=\"wp-image-4726\" srcset=\"https:\/\/www.usborkeychain.com\/wp-content\/uploads\/black-Wrist-Strap-USB-Flash-Drive-with-LED-Logo.jpg 800w, https:\/\/www.usborkeychain.com\/wp-content\/uploads\/black-Wrist-Strap-USB-Flash-Drive-with-LED-Logo-300x300.jpg 300w, https:\/\/www.usborkeychain.com\/wp-content\/uploads\/black-Wrist-Strap-USB-Flash-Drive-with-LED-Logo-150x150.jpg 150w, https:\/\/www.usborkeychain.com\/wp-content\/uploads\/black-Wrist-Strap-USB-Flash-Drive-with-LED-Logo-768x768.jpg 768w, https:\/\/www.usborkeychain.com\/wp-content\/uploads\/black-Wrist-Strap-USB-Flash-Drive-with-LED-Logo-12x12.jpg 12w, https:\/\/www.usborkeychain.com\/wp-content\/uploads\/black-Wrist-Strap-USB-Flash-Drive-with-LED-Logo-600x600.jpg 600w, https:\/\/www.usborkeychain.com\/wp-content\/uploads\/black-Wrist-Strap-USB-Flash-Drive-with-LED-Logo-100x100.jpg 100w\" sizes=\"(max-width: 800px) 100vw, 800px\" \/><\/figure>\n<\/div>\n\n\n\n<div class=\"wp-block-column is-layout-flow wp-block-column-is-layout-flow\">\n<figure class=\"wp-block-image size-full\"><img alt=\"\" decoding=\"async\" width=\"800\" height=\"800\" src=\"https:\/\/www.usborkeychain.com\/wp-content\/uploads\/Wrist-Strap-USB-Flash-Drive-with-LED-Logo.jpg\" class=\"wp-image-4731\" srcset=\"https:\/\/www.usborkeychain.com\/wp-content\/uploads\/Wrist-Strap-USB-Flash-Drive-with-LED-Logo.jpg 800w, https:\/\/www.usborkeychain.com\/wp-content\/uploads\/Wrist-Strap-USB-Flash-Drive-with-LED-Logo-300x300.jpg 300w, https:\/\/www.usborkeychain.com\/wp-content\/uploads\/Wrist-Strap-USB-Flash-Drive-with-LED-Logo-150x150.jpg 150w, https:\/\/www.usborkeychain.com\/wp-content\/uploads\/Wrist-Strap-USB-Flash-Drive-with-LED-Logo-768x768.jpg 768w, https:\/\/www.usborkeychain.com\/wp-content\/uploads\/Wrist-Strap-USB-Flash-Drive-with-LED-Logo-12x12.jpg 12w, https:\/\/www.usborkeychain.com\/wp-content\/uploads\/Wrist-Strap-USB-Flash-Drive-with-LED-Logo-600x600.jpg 600w, https:\/\/www.usborkeychain.com\/wp-content\/uploads\/Wrist-Strap-USB-Flash-Drive-with-LED-Logo-100x100.jpg 100w\" sizes=\"(max-width: 800px) 100vw, 800px\" \/><\/figure>\n<\/div>\n<\/div>\n\n\n\n<p>Ridefinire l'eleganza promozionale con i nostri\u00a0<strong>Unit\u00e0 USB con braccialetto in PVC<\/strong>Una fusione di praticit\u00e0 di conservazione e branding accattivante. Dotata di un pannello luminoso in acrilico, questa tecnologia indossabile trasforma il vostro logo in una dichiarazione luminosa, disponibile in rosso, verde, blu e altre tonalit\u00e0. Perfetto per eventi, omaggi e regali aziendali, unisce funzionalit\u00e0 e design.<\/p>\n\n\n\n<div class=\"wp-block-columns is-layout-flex wp-container-core-columns-is-layout-28f84493 wp-block-columns-is-layout-flex\">\n<div class=\"wp-block-column is-layout-flow wp-block-column-is-layout-flow\">\n<figure class=\"wp-block-image size-full\"><img alt=\"\" decoding=\"async\" width=\"800\" height=\"800\" src=\"https:\/\/www.usborkeychain.com\/wp-content\/uploads\/green-Wrist-Strap-USB-Flash-Drive-with-LED-Logo.jpg\" class=\"wp-image-4727\" srcset=\"https:\/\/www.usborkeychain.com\/wp-content\/uploads\/green-Wrist-Strap-USB-Flash-Drive-with-LED-Logo.jpg 800w, https:\/\/www.usborkeychain.com\/wp-content\/uploads\/green-Wrist-Strap-USB-Flash-Drive-with-LED-Logo-300x300.jpg 300w, https:\/\/www.usborkeychain.com\/wp-content\/uploads\/green-Wrist-Strap-USB-Flash-Drive-with-LED-Logo-150x150.jpg 150w, https:\/\/www.usborkeychain.com\/wp-content\/uploads\/green-Wrist-Strap-USB-Flash-Drive-with-LED-Logo-768x768.jpg 768w, https:\/\/www.usborkeychain.com\/wp-content\/uploads\/green-Wrist-Strap-USB-Flash-Drive-with-LED-Logo-12x12.jpg 12w, https:\/\/www.usborkeychain.com\/wp-content\/uploads\/green-Wrist-Strap-USB-Flash-Drive-with-LED-Logo-600x600.jpg 600w, https:\/\/www.usborkeychain.com\/wp-content\/uploads\/green-Wrist-Strap-USB-Flash-Drive-with-LED-Logo-100x100.jpg 100w\" sizes=\"(max-width: 800px) 100vw, 800px\" \/><\/figure>\n<\/div>\n\n\n\n<div class=\"wp-block-column is-layout-flow wp-block-column-is-layout-flow\">\n<figure class=\"wp-block-image size-full\"><img alt=\"\" loading=\"lazy\" decoding=\"async\" width=\"800\" height=\"800\" src=\"https:\/\/www.usborkeychain.com\/wp-content\/uploads\/Wrist-Strap-USB-Flash-Drive-with-green-LED-Logo.jpg\" class=\"wp-image-4730\" srcset=\"https:\/\/www.usborkeychain.com\/wp-content\/uploads\/Wrist-Strap-USB-Flash-Drive-with-green-LED-Logo.jpg 800w, https:\/\/www.usborkeychain.com\/wp-content\/uploads\/Wrist-Strap-USB-Flash-Drive-with-green-LED-Logo-300x300.jpg 300w, https:\/\/www.usborkeychain.com\/wp-content\/uploads\/Wrist-Strap-USB-Flash-Drive-with-green-LED-Logo-150x150.jpg 150w, https:\/\/www.usborkeychain.com\/wp-content\/uploads\/Wrist-Strap-USB-Flash-Drive-with-green-LED-Logo-768x768.jpg 768w, https:\/\/www.usborkeychain.com\/wp-content\/uploads\/Wrist-Strap-USB-Flash-Drive-with-green-LED-Logo-12x12.jpg 12w, https:\/\/www.usborkeychain.com\/wp-content\/uploads\/Wrist-Strap-USB-Flash-Drive-with-green-LED-Logo-600x600.jpg 600w, https:\/\/www.usborkeychain.com\/wp-content\/uploads\/Wrist-Strap-USB-Flash-Drive-with-green-LED-Logo-100x100.jpg 100w\" sizes=\"(max-width: 800px) 100vw, 800px\" \/><\/figure>\n<\/div>\n<\/div>\n\n\n\n<h3 class=\"wp-block-heading\">1. Materiale e struttura: Durevole al tatto e morbido<\/h3>\n\n\n\n<p>Realizzato in&nbsp;<strong>gomma morbida in PVC di prima qualit\u00e0<\/strong>Il braccialetto offre:<\/p>\n\n\n\n<ul class=\"wp-block-list\">\n<li><strong>Flessibilit\u00e0<\/strong>: Si adatta comodamente ai polsi (taglie disponibili per adulti e bambini, circonferenza 15-22 cm).<\/li>\n\n\n\n<li><strong>Durata<\/strong>: Resiste a graffi, piccoli urti e usura quotidiana.<\/li>\n\n\n\n<li><strong>Pelle - Cordialit\u00e0<\/strong>: Non tossico, inodore e delicato sulla pelle (conforme agli standard RoHS e REACH).<\/li>\n<\/ul>\n\n\n\n<div class=\"wp-block-columns is-layout-flex wp-container-core-columns-is-layout-28f84493 wp-block-columns-is-layout-flex\">\n<div class=\"wp-block-column is-layout-flow wp-block-column-is-layout-flow\">\n<figure class=\"wp-block-image size-full\"><img alt=\"\" loading=\"lazy\" decoding=\"async\" width=\"800\" height=\"800\" src=\"https:\/\/www.usborkeychain.com\/wp-content\/uploads\/red-Wrist-Strap-USB-Flash-Drive-with-LED-Logo.jpg\" class=\"wp-image-4728\" srcset=\"https:\/\/www.usborkeychain.com\/wp-content\/uploads\/red-Wrist-Strap-USB-Flash-Drive-with-LED-Logo.jpg 800w, https:\/\/www.usborkeychain.com\/wp-content\/uploads\/red-Wrist-Strap-USB-Flash-Drive-with-LED-Logo-300x300.jpg 300w, https:\/\/www.usborkeychain.com\/wp-content\/uploads\/red-Wrist-Strap-USB-Flash-Drive-with-LED-Logo-150x150.jpg 150w, https:\/\/www.usborkeychain.com\/wp-content\/uploads\/red-Wrist-Strap-USB-Flash-Drive-with-LED-Logo-768x768.jpg 768w, https:\/\/www.usborkeychain.com\/wp-content\/uploads\/red-Wrist-Strap-USB-Flash-Drive-with-LED-Logo-12x12.jpg 12w, https:\/\/www.usborkeychain.com\/wp-content\/uploads\/red-Wrist-Strap-USB-Flash-Drive-with-LED-Logo-600x600.jpg 600w, https:\/\/www.usborkeychain.com\/wp-content\/uploads\/red-Wrist-Strap-USB-Flash-Drive-with-LED-Logo-100x100.jpg 100w\" sizes=\"(max-width: 800px) 100vw, 800px\" \/><\/figure>\n<\/div>\n\n\n\n<div class=\"wp-block-column is-layout-flow wp-block-column-is-layout-flow\">\n<figure class=\"wp-block-image size-full\"><img alt=\"\" loading=\"lazy\" decoding=\"async\" width=\"800\" height=\"800\" src=\"https:\/\/www.usborkeychain.com\/wp-content\/uploads\/Wrist-Strap-USB-Flash-Drive-with-blue-LED-Logo.jpg\" class=\"wp-image-4729\" srcset=\"https:\/\/www.usborkeychain.com\/wp-content\/uploads\/Wrist-Strap-USB-Flash-Drive-with-blue-LED-Logo.jpg 800w, https:\/\/www.usborkeychain.com\/wp-content\/uploads\/Wrist-Strap-USB-Flash-Drive-with-blue-LED-Logo-300x300.jpg 300w, https:\/\/www.usborkeychain.com\/wp-content\/uploads\/Wrist-Strap-USB-Flash-Drive-with-blue-LED-Logo-150x150.jpg 150w, https:\/\/www.usborkeychain.com\/wp-content\/uploads\/Wrist-Strap-USB-Flash-Drive-with-blue-LED-Logo-768x768.jpg 768w, https:\/\/www.usborkeychain.com\/wp-content\/uploads\/Wrist-Strap-USB-Flash-Drive-with-blue-LED-Logo-12x12.jpg 12w, https:\/\/www.usborkeychain.com\/wp-content\/uploads\/Wrist-Strap-USB-Flash-Drive-with-blue-LED-Logo-600x600.jpg 600w, https:\/\/www.usborkeychain.com\/wp-content\/uploads\/Wrist-Strap-USB-Flash-Drive-with-blue-LED-Logo-100x100.jpg 100w\" sizes=\"(max-width: 800px) 100vw, 800px\" \/><\/figure>\n<\/div>\n<\/div>\n\n\n\n<h3 class=\"wp-block-heading\">2. Aggiornamento del logo luminoso: Pannello luminoso in acrilico<\/h3>\n\n\n\n<p>La caratteristica che cambia il gioco? Un pannello luminoso acrilico integrato che fa brillare il vostro logo:<\/p>\n\n\n\n<ul class=\"wp-block-list\">\n<li><strong>Opzioni di colore<\/strong>: Scegliete tra rosso, verde, blu o tonalit\u00e0 RGB personalizzate per abbinare il vostro marchio.<\/li>\n\n\n\n<li><strong>Visibilit\u00e0<\/strong>: Il logo illuminato risalta in ambienti poco illuminati (ad esempio, conferenze, eventi notturni), aumentando il ricordo del marchio.<\/li>\n\n\n\n<li><strong>Longevit\u00e0<\/strong>: Il pannello acrilico garantisce un'illuminazione luminosa e resistente allo sbiadimento per anni.<\/li>\n<\/ul>\n\n\n\n<p><\/p>","protected":false},"excerpt":{"rendered":"<ul>\n<li>Cinghia da polso Unit\u00e0 flash USB<\/li>\n<li>con logo LED<\/li>\n<li>Colore rosso, verde, blu<\/li>\n<li>Materiale PVC<\/li>\n<li>MOQ: 100pcs<\/li>\n<\/ul>","protected":false},"featured_media":4727,"comment_status":"open","ping_status":"closed","template":"","meta":{"_seopress_robots_primary_cat":"","_seopress_titles_title":"","_seopress_titles_desc":"","_seopress_robots_index":"","site-sidebar-layout":"default","site-content-layout":"","ast-site-content-layout":"","site-content-style":"default","site-sidebar-style":"default","ast-global-header-display":"","ast-banner-title-visibility":"","ast-main-header-display":"","ast-hfb-above-header-display":"","ast-hfb-below-header-display":"","ast-hfb-mobile-header-display":"","site-post-title":"","ast-breadcrumbs-content":"","ast-featured-img":"","footer-sml-layout":"","theme-transparent-header-meta":"","adv-header-id-meta":"","stick-header-meta":"","header-above-stick-meta":"","header-main-stick-meta":"","header-below-stick-meta":"","astra-migrate-meta-layouts":"default","ast-page-background-enabled":"default","ast-page-background-meta":{"desktop":{"background-color":"var(--ast-global-color-5)","background-image":"","background-repeat":"repeat","background-position":"center center","background-size":"auto","background-attachment":"scroll","background-type":"","background-media":"","overlay-type":"","overlay-color":"","overlay-opacity":"","overlay-gradient":""},"tablet":{"background-color":"","background-image":"","background-repeat":"repeat","background-position":"center center","background-size":"auto","background-attachment":"scroll","background-type":"","background-media":"","overlay-type":"","overlay-color":"","overlay-opacity":"","overlay-gradient":""},"mobile":{"background-color":"","background-image":"","background-repeat":"repeat","background-position":"center center","background-size":"auto","background-attachment":"scroll","background-type":"","background-media":"","overlay-type":"","overlay-color":"","overlay-opacity":"","overlay-gradient":""}},"ast-content-background-meta":{"desktop":{"background-color":"var(--ast-global-color-4)","background-image":"","background-repeat":"repeat","background-position":"center center","background-size":"auto","background-attachment":"scroll","background-type":"","background-media":"","overlay-type":"","overlay-color":"","overlay-opacity":"","overlay-gradient":""},"tablet":{"background-color":"var(--ast-global-color-4)","background-image":"","background-repeat":"repeat","background-position":"center center","background-size":"auto","background-attachment":"scroll","background-type":"","background-media":"","overlay-type":"","overlay-color":"","overlay-opacity":"","overlay-gradient":""},"mobile":{"background-color":"var(--ast-global-color-4)","background-image":"","background-repeat":"repeat","background-position":"center center","background-size":"auto","background-attachment":"scroll","background-type":"","background-media":"","overlay-type":"","overlay-color":"","overlay-opacity":"","overlay-gradient":""}}},"product_brand":[],"product_cat":[97],"product_tag":[],"class_list":{"0":"post-4723","1":"product","2":"type-product","3":"status-publish","4":"has-post-thumbnail","6":"product_cat-wristband-usb-drives","7":"desktop-align-left","8":"tablet-align-left","9":"mobile-align-left","11":"first","12":"instock","13":"shipping-taxable","14":"product-type-simple"},"_links":{"self":[{"href":"https:\/\/www.usborkeychain.com\/it\/wp-json\/wp\/v2\/product\/4723","targetHints":{"allow":["GET"]}}],"collection":[{"href":"https:\/\/www.usborkeychain.com\/it\/wp-json\/wp\/v2\/product"}],"about":[{"href":"https:\/\/www.usborkeychain.com\/it\/wp-json\/wp\/v2\/types\/product"}],"replies":[{"embeddable":true,"href":"https:\/\/www.usborkeychain.com\/it\/wp-json\/wp\/v2\/comments?post=4723"}],"wp:featuredmedia":[{"embeddable":true,"href":"https:\/\/www.usborkeychain.com\/it\/wp-json\/wp\/v2\/media\/4727"}],"wp:attachment":[{"href":"https:\/\/www.usborkeychain.com\/it\/wp-json\/wp\/v2\/media?parent=4723"}],"wp:term":[{"taxonomy":"product_brand","embeddable":true,"href":"https:\/\/www.usborkeychain.com\/it\/wp-json\/wp\/v2\/product_brand?post=4723"},{"taxonomy":"product_cat","embeddable":true,"href":"https:\/\/www.usborkeychain.com\/it\/wp-json\/wp\/v2\/product_cat?post=4723"},{"taxonomy":"product_tag","embeddable":true,"href":"https:\/\/www.usborkeychain.com\/it\/wp-json\/wp\/v2\/product_tag?post=4723"}],"curies":[{"name":"wp","href":"https:\/\/api.w.org\/{rel}","templated":true}]}}