{"id":4734,"date":"2025-07-27T08:30:18","date_gmt":"2025-07-27T08:30:18","guid":{"rendered":"https:\/\/www.usborkeychain.com\/?post_type=product&#038;p=4734"},"modified":"2025-07-27T09:50:53","modified_gmt":"2025-07-27T09:50:53","slug":"gradient-color-wristband-usb-flash-drive","status":"publish","type":"product","link":"https:\/\/www.usborkeychain.com\/it\/prodotto\/gradient-color-wristband-usb-flash-drive\/","title":{"rendered":"Unit\u00e0 flash USB con braccialetto a colori sfumati"},"content":{"rendered":"<p><strong>L'unit\u00e0 USB con braccialetto di colore gradiente \u00e8 un nuovo prodotto lanciato dalla nostra fabbrica.<\/strong><br>A differenza delle tradizionali unit\u00e0 USB da polso in tinta unita, questo modello presenta una variet\u00e0 di eleganti design sfumati e multicolore. Le combinazioni disponibili includono bianco e nero, verde militare sfumato, rosa e blu, viola e bianco, nero e giallo, ciano-blu-giallo, nero-viola-blu e viola e giallo. Le vivaci transizioni di colore ne fanno una scelta davvero accattivante e attraente.<\/p>\n\n\n\n<div class=\"wp-block-columns is-layout-flex wp-container-core-columns-is-layout-28f84493 wp-block-columns-is-layout-flex\">\n<div class=\"wp-block-column is-layout-flow wp-block-column-is-layout-flow\">\n<figure class=\"wp-block-image size-full\"><img alt=\"\" fetchpriority=\"high\" decoding=\"async\" width=\"600\" height=\"600\" src=\"https:\/\/www.usborkeychain.com\/wp-content\/uploads\/CosmicRaveClosed_grande.png\" class=\"wp-image-4751\" srcset=\"https:\/\/www.usborkeychain.com\/wp-content\/uploads\/CosmicRaveClosed_grande.png 600w, https:\/\/www.usborkeychain.com\/wp-content\/uploads\/CosmicRaveClosed_grande-300x300.png 300w, https:\/\/www.usborkeychain.com\/wp-content\/uploads\/CosmicRaveClosed_grande-150x150.png 150w, https:\/\/www.usborkeychain.com\/wp-content\/uploads\/CosmicRaveClosed_grande-12x12.png 12w, https:\/\/www.usborkeychain.com\/wp-content\/uploads\/CosmicRaveClosed_grande-100x100.png 100w\" sizes=\"(max-width: 600px) 100vw, 600px\" \/><\/figure>\n<\/div>\n\n\n\n<div class=\"wp-block-column is-layout-flow wp-block-column-is-layout-flow\">\n<figure class=\"wp-block-image size-full\"><img alt=\"\" decoding=\"async\" width=\"600\" height=\"600\" src=\"https:\/\/www.usborkeychain.com\/wp-content\/uploads\/BlackMagic_grande.png\" class=\"wp-image-4749\" srcset=\"https:\/\/www.usborkeychain.com\/wp-content\/uploads\/BlackMagic_grande.png 600w, https:\/\/www.usborkeychain.com\/wp-content\/uploads\/BlackMagic_grande-300x300.png 300w, https:\/\/www.usborkeychain.com\/wp-content\/uploads\/BlackMagic_grande-150x150.png 150w, https:\/\/www.usborkeychain.com\/wp-content\/uploads\/BlackMagic_grande-12x12.png 12w, https:\/\/www.usborkeychain.com\/wp-content\/uploads\/BlackMagic_grande-100x100.png 100w\" sizes=\"(max-width: 600px) 100vw, 600px\" \/><\/figure>\n<\/div>\n<\/div>\n\n\n\n<h2 class=\"wp-block-heading\">Le unit\u00e0 USB da polso possono essere realizzate con materiale siliconico?<\/h2>\n\n\n\n<p><br>S\u00ec, la parte del braccialetto di una chiavetta USB pu\u00f2 essere realizzata in PVC morbido o in silicone. <strong>Il silicone \u00e8 ecologico e non tossico<\/strong>e pu\u00f2 superare certificazioni come <strong>FDA, LFGB e ROHS<\/strong>e quindi sicuro per il contatto diretto con la pelle. Offre un'eccellente stabilit\u00e0 termica, mantenendo prestazioni costanti in un ampio intervallo di temperature, da <strong>Da -40\u00b0C a 230\u00b0C<\/strong>-Resistente al freddo estremo e all'invecchiamento ad alta temperatura.<\/p>\n\n\n\n<div class=\"wp-block-columns is-layout-flex wp-container-core-columns-is-layout-28f84493 wp-block-columns-is-layout-flex\">\n<div class=\"wp-block-column is-layout-flow wp-block-column-is-layout-flow\">\n<figure class=\"wp-block-image size-full\"><img alt=\"\" decoding=\"async\" width=\"600\" height=\"600\" src=\"https:\/\/www.usborkeychain.com\/wp-content\/uploads\/MilkyWayPeaceClosed_grande.png\" class=\"wp-image-4757\" srcset=\"https:\/\/www.usborkeychain.com\/wp-content\/uploads\/MilkyWayPeaceClosed_grande.png 600w, https:\/\/www.usborkeychain.com\/wp-content\/uploads\/MilkyWayPeaceClosed_grande-300x300.png 300w, https:\/\/www.usborkeychain.com\/wp-content\/uploads\/MilkyWayPeaceClosed_grande-150x150.png 150w, https:\/\/www.usborkeychain.com\/wp-content\/uploads\/MilkyWayPeaceClosed_grande-12x12.png 12w, https:\/\/www.usborkeychain.com\/wp-content\/uploads\/MilkyWayPeaceClosed_grande-100x100.png 100w\" sizes=\"(max-width: 600px) 100vw, 600px\" \/><\/figure>\n<\/div>\n\n\n\n<div class=\"wp-block-column is-layout-flow wp-block-column-is-layout-flow\">\n<figure class=\"wp-block-image size-full\"><img alt=\"\" loading=\"lazy\" decoding=\"async\" width=\"600\" height=\"600\" src=\"https:\/\/www.usborkeychain.com\/wp-content\/uploads\/MilkyWayClosed_grande.png\" class=\"wp-image-4756\" srcset=\"https:\/\/www.usborkeychain.com\/wp-content\/uploads\/MilkyWayClosed_grande.png 600w, https:\/\/www.usborkeychain.com\/wp-content\/uploads\/MilkyWayClosed_grande-300x300.png 300w, https:\/\/www.usborkeychain.com\/wp-content\/uploads\/MilkyWayClosed_grande-150x150.png 150w, https:\/\/www.usborkeychain.com\/wp-content\/uploads\/MilkyWayClosed_grande-12x12.png 12w, https:\/\/www.usborkeychain.com\/wp-content\/uploads\/MilkyWayClosed_grande-100x100.png 100w\" sizes=\"(max-width: 600px) 100vw, 600px\" \/><\/figure>\n<\/div>\n<\/div>\n\n\n\n<p>Il silicone presenta anche vantaggi quali <strong>propriet\u00e0 antiscivolo e impermeabili<\/strong>ed \u00e8 disponibile in un'ampia gamma di colori personalizzabili (tra cui <strong>Corrispondenza dei colori Pantone<\/strong>). Grazie all'eccezionale elasticit\u00e0 e flessibilit\u00e0, il silicone \u00e8 in grado di ottenere una <strong>tasso di trazione da 300% a 600%<\/strong>, tornando rapidamente in forma dopo la compressione senza deformarsi facilmente.<\/p>\n\n\n\n<p>Inoltre, durante lo sviluppo degli stampi per i braccialetti USB, il silicone dimostra una forte adattabilit\u00e0 alla lavorazione. Pu\u00f2 essere prodotto in forme complesse utilizzando <strong>stampaggio a compressione o estrusione<\/strong>supporta la miscelazione multicolore, le texture di superficie personalizzabili e offre ulteriori <strong>isolamento e impermeabilit\u00e0<\/strong> benefici<\/p>\n\n\n\n<div class=\"wp-block-columns is-layout-flex wp-container-core-columns-is-layout-28f84493 wp-block-columns-is-layout-flex\">\n<div class=\"wp-block-column is-layout-flow wp-block-column-is-layout-flow\">\n<figure class=\"wp-block-image size-full\"><img alt=\"\" loading=\"lazy\" decoding=\"async\" width=\"600\" height=\"600\" src=\"https:\/\/www.usborkeychain.com\/wp-content\/uploads\/GrapeDrinkClosed_grande.png\" class=\"wp-image-4753\" srcset=\"https:\/\/www.usborkeychain.com\/wp-content\/uploads\/GrapeDrinkClosed_grande.png 600w, https:\/\/www.usborkeychain.com\/wp-content\/uploads\/GrapeDrinkClosed_grande-300x300.png 300w, https:\/\/www.usborkeychain.com\/wp-content\/uploads\/GrapeDrinkClosed_grande-150x150.png 150w, https:\/\/www.usborkeychain.com\/wp-content\/uploads\/GrapeDrinkClosed_grande-12x12.png 12w, https:\/\/www.usborkeychain.com\/wp-content\/uploads\/GrapeDrinkClosed_grande-100x100.png 100w\" sizes=\"(max-width: 600px) 100vw, 600px\" \/><\/figure>\n<\/div>\n\n\n\n<div class=\"wp-block-column is-layout-flow wp-block-column-is-layout-flow\">\n<figure class=\"wp-block-image size-full\"><img alt=\"\" loading=\"lazy\" decoding=\"async\" width=\"600\" height=\"600\" src=\"https:\/\/www.usborkeychain.com\/wp-content\/uploads\/CottonCandyClosed_grande.png\" class=\"wp-image-4752\" srcset=\"https:\/\/www.usborkeychain.com\/wp-content\/uploads\/CottonCandyClosed_grande.png 600w, https:\/\/www.usborkeychain.com\/wp-content\/uploads\/CottonCandyClosed_grande-300x300.png 300w, https:\/\/www.usborkeychain.com\/wp-content\/uploads\/CottonCandyClosed_grande-150x150.png 150w, https:\/\/www.usborkeychain.com\/wp-content\/uploads\/CottonCandyClosed_grande-12x12.png 12w, https:\/\/www.usborkeychain.com\/wp-content\/uploads\/CottonCandyClosed_grande-100x100.png 100w\" sizes=\"(max-width: 600px) 100vw, 600px\" \/><\/figure>\n<\/div>\n<\/div>\n\n\n\n<h2 class=\"wp-block-heading\">Quali sono i metodi di personalizzazione del logo per le unit\u00e0 USB da polso?<\/h2>\n\n\n\n<p><strong>Stampa serigrafica<\/strong>: Disponibile in opzioni monocolore o multicolore. Conveniente con un costo di allestimento dello schermo di circa <strong>\u00a5200-\u00a5500<\/strong>.<\/p>\n\n\n\n<p><strong>Logo in rilievo (stampato)<\/strong>: Richiede uno stampo personalizzato con una tariffa che va da <strong>Da \u00a51.000 a \u00a53.000<\/strong>. Offre una finitura tridimensionale e resistente.<\/p>\n\n\n\n<p><strong>Incisione laser<\/strong>: Ideale per componenti metallici ad alta precisione fino a <strong>0,1 mm<\/strong>per ottenere un aspetto pulito e professionale.<\/p>\n\n\n\n<div class=\"wp-block-columns is-layout-flex wp-container-core-columns-is-layout-9c22b1e3 wp-block-columns-is-layout-flex\">\n<div class=\"wp-block-column is-layout-flow wp-block-column-is-layout-flow\">\n<figure class=\"wp-block-image size-full\"><img alt=\"\" loading=\"lazy\" decoding=\"async\" width=\"600\" height=\"600\" src=\"https:\/\/www.usborkeychain.com\/wp-content\/uploads\/SunblastClosed_grande.png\" class=\"wp-image-4760\" srcset=\"https:\/\/www.usborkeychain.com\/wp-content\/uploads\/SunblastClosed_grande.png 600w, https:\/\/www.usborkeychain.com\/wp-content\/uploads\/SunblastClosed_grande-300x300.png 300w, https:\/\/www.usborkeychain.com\/wp-content\/uploads\/SunblastClosed_grande-150x150.png 150w, https:\/\/www.usborkeychain.com\/wp-content\/uploads\/SunblastClosed_grande-12x12.png 12w, https:\/\/www.usborkeychain.com\/wp-content\/uploads\/SunblastClosed_grande-100x100.png 100w\" sizes=\"(max-width: 600px) 100vw, 600px\" \/><\/figure>\n<\/div>\n\n\n\n<div class=\"wp-block-column is-layout-flow wp-block-column-is-layout-flow\">\n<figure class=\"wp-block-image size-full\"><img alt=\"\" loading=\"lazy\" decoding=\"async\" width=\"600\" height=\"600\" src=\"https:\/\/www.usborkeychain.com\/wp-content\/uploads\/PurpleBlazeClosed_grande.png\" class=\"wp-image-4758\" srcset=\"https:\/\/www.usborkeychain.com\/wp-content\/uploads\/PurpleBlazeClosed_grande.png 600w, https:\/\/www.usborkeychain.com\/wp-content\/uploads\/PurpleBlazeClosed_grande-300x300.png 300w, https:\/\/www.usborkeychain.com\/wp-content\/uploads\/PurpleBlazeClosed_grande-150x150.png 150w, https:\/\/www.usborkeychain.com\/wp-content\/uploads\/PurpleBlazeClosed_grande-12x12.png 12w, https:\/\/www.usborkeychain.com\/wp-content\/uploads\/PurpleBlazeClosed_grande-100x100.png 100w\" sizes=\"(max-width: 600px) 100vw, 600px\" \/><\/figure>\n<\/div>\n\n\n\n<div class=\"wp-block-column is-layout-flow wp-block-column-is-layout-flow\">\n<figure class=\"wp-block-image size-full\"><img alt=\"\" loading=\"lazy\" decoding=\"async\" width=\"600\" height=\"600\" src=\"https:\/\/www.usborkeychain.com\/wp-content\/uploads\/HornetClosed_grande.png\" class=\"wp-image-4754\" srcset=\"https:\/\/www.usborkeychain.com\/wp-content\/uploads\/HornetClosed_grande.png 600w, https:\/\/www.usborkeychain.com\/wp-content\/uploads\/HornetClosed_grande-300x300.png 300w, https:\/\/www.usborkeychain.com\/wp-content\/uploads\/HornetClosed_grande-150x150.png 150w, https:\/\/www.usborkeychain.com\/wp-content\/uploads\/HornetClosed_grande-12x12.png 12w, https:\/\/www.usborkeychain.com\/wp-content\/uploads\/HornetClosed_grande-100x100.png 100w\" sizes=\"(max-width: 600px) 100vw, 600px\" \/><\/figure>\n<\/div>\n<\/div>\n\n\n\n<h2 class=\"wp-block-heading\">Quali sono le confezioni disponibili per le unit\u00e0 USB da polso?<\/h2>\n\n\n\n<p>L'imballaggio standard in sacchetti OPP \u00e8 gratuito. L'imballaggio opzionale include <strong>scatole di carta, blister, scatole di metallo, scatole regalo in PVC ecologico e scatole a colori stampate su misura.<\/strong>. I loghi possono essere stampati sulla confezione per supportare la presentazione personalizzata del marchio.<\/p>\n\n\n\n<ul class=\"wp-block-list\">\n<li><strong>Confezione in blister<\/strong>: 0,50 \u00a5\/pezzo<\/li>\n\n\n\n<li><strong>Scatola di latta in metallo<\/strong>: \u00a51,00\/pezzo<\/li>\n\n\n\n<li><strong>Scatola regalo<\/strong>: \u00a52,00\/pezzo<br>Personalizzato <strong>etichette da appendere<\/strong> e <strong>manuali d'uso<\/strong> sono disponibili su richiesta.<\/li>\n<\/ul>\n\n\n\n<div class=\"wp-block-columns is-layout-flex wp-container-core-columns-is-layout-9c22b1e3 wp-block-columns-is-layout-flex\">\n<div class=\"wp-block-column is-layout-flow wp-block-column-is-layout-flow\">\n<figure class=\"wp-block-image size-full\"><img alt=\"\" loading=\"lazy\" decoding=\"async\" width=\"600\" height=\"600\" src=\"https:\/\/www.usborkeychain.com\/wp-content\/uploads\/RainforestClosed_grande.png\" class=\"wp-image-4759\" srcset=\"https:\/\/www.usborkeychain.com\/wp-content\/uploads\/RainforestClosed_grande.png 600w, https:\/\/www.usborkeychain.com\/wp-content\/uploads\/RainforestClosed_grande-300x300.png 300w, https:\/\/www.usborkeychain.com\/wp-content\/uploads\/RainforestClosed_grande-150x150.png 150w, https:\/\/www.usborkeychain.com\/wp-content\/uploads\/RainforestClosed_grande-12x12.png 12w, https:\/\/www.usborkeychain.com\/wp-content\/uploads\/RainforestClosed_grande-100x100.png 100w\" sizes=\"(max-width: 600px) 100vw, 600px\" \/><\/figure>\n<\/div>\n\n\n\n<div class=\"wp-block-column is-layout-flow wp-block-column-is-layout-flow\">\n<figure class=\"wp-block-image size-full\"><img alt=\"\" loading=\"lazy\" decoding=\"async\" width=\"600\" height=\"600\" src=\"https:\/\/www.usborkeychain.com\/wp-content\/uploads\/JadeTurquoiseClosed_grande.png\" class=\"wp-image-4755\" srcset=\"https:\/\/www.usborkeychain.com\/wp-content\/uploads\/JadeTurquoiseClosed_grande.png 600w, https:\/\/www.usborkeychain.com\/wp-content\/uploads\/JadeTurquoiseClosed_grande-300x300.png 300w, https:\/\/www.usborkeychain.com\/wp-content\/uploads\/JadeTurquoiseClosed_grande-150x150.png 150w, https:\/\/www.usborkeychain.com\/wp-content\/uploads\/JadeTurquoiseClosed_grande-12x12.png 12w, https:\/\/www.usborkeychain.com\/wp-content\/uploads\/JadeTurquoiseClosed_grande-100x100.png 100w\" sizes=\"(max-width: 600px) 100vw, 600px\" \/><\/figure>\n<\/div>\n\n\n\n<div class=\"wp-block-column is-layout-flow wp-block-column-is-layout-flow\">\n<figure class=\"wp-block-image size-full\"><img alt=\"\" loading=\"lazy\" decoding=\"async\" width=\"600\" height=\"600\" src=\"https:\/\/www.usborkeychain.com\/wp-content\/uploads\/CamoClosed_grande.png\" class=\"wp-image-4750\" srcset=\"https:\/\/www.usborkeychain.com\/wp-content\/uploads\/CamoClosed_grande.png 600w, https:\/\/www.usborkeychain.com\/wp-content\/uploads\/CamoClosed_grande-300x300.png 300w, https:\/\/www.usborkeychain.com\/wp-content\/uploads\/CamoClosed_grande-150x150.png 150w, https:\/\/www.usborkeychain.com\/wp-content\/uploads\/CamoClosed_grande-12x12.png 12w, https:\/\/www.usborkeychain.com\/wp-content\/uploads\/CamoClosed_grande-100x100.png 100w\" sizes=\"(max-width: 600px) 100vw, 600px\" \/><\/figure>\n<\/div>\n<\/div>\n\n\n\n<p><\/p>","protected":false},"excerpt":{"rendered":"<ul>\n<li>Colore sfumato<\/li>\n<li>Unit\u00e0 flash USB da polso<\/li>\n<li>Gli stili pi\u00f9 nuovi<\/li>\n<li>Logo personalizzato<\/li>\n<li>Molti colori possono essere scelti<\/li>\n<\/ul>","protected":false},"featured_media":4752,"comment_status":"open","ping_status":"closed","template":"","meta":{"_seopress_robots_primary_cat":"","_seopress_titles_title":"","_seopress_titles_desc":"","_seopress_robots_index":"","site-sidebar-layout":"default","site-content-layout":"","ast-site-content-layout":"","site-content-style":"default","site-sidebar-style":"default","ast-global-header-display":"","ast-banner-title-visibility":"","ast-main-header-display":"","ast-hfb-above-header-display":"","ast-hfb-below-header-display":"","ast-hfb-mobile-header-display":"","site-post-title":"","ast-breadcrumbs-content":"","ast-featured-img":"","footer-sml-layout":"","theme-transparent-header-meta":"","adv-header-id-meta":"","stick-header-meta":"","header-above-stick-meta":"","header-main-stick-meta":"","header-below-stick-meta":"","astra-migrate-meta-layouts":"default","ast-page-background-enabled":"default","ast-page-background-meta":{"desktop":{"background-color":"var(--ast-global-color-5)","background-image":"","background-repeat":"repeat","background-position":"center center","background-size":"auto","background-attachment":"scroll","background-type":"","background-media":"","overlay-type":"","overlay-color":"","overlay-opacity":"","overlay-gradient":""},"tablet":{"background-color":"","background-image":"","background-repeat":"repeat","background-position":"center center","background-size":"auto","background-attachment":"scroll","background-type":"","background-media":"","overlay-type":"","overlay-color":"","overlay-opacity":"","overlay-gradient":""},"mobile":{"background-color":"","background-image":"","background-repeat":"repeat","background-position":"center center","background-size":"auto","background-attachment":"scroll","background-type":"","background-media":"","overlay-type":"","overlay-color":"","overlay-opacity":"","overlay-gradient":""}},"ast-content-background-meta":{"desktop":{"background-color":"var(--ast-global-color-4)","background-image":"","background-repeat":"repeat","background-position":"center center","background-size":"auto","background-attachment":"scroll","background-type":"","background-media":"","overlay-type":"","overlay-color":"","overlay-opacity":"","overlay-gradient":""},"tablet":{"background-color":"var(--ast-global-color-4)","background-image":"","background-repeat":"repeat","background-position":"center center","background-size":"auto","background-attachment":"scroll","background-type":"","background-media":"","overlay-type":"","overlay-color":"","overlay-opacity":"","overlay-gradient":""},"mobile":{"background-color":"var(--ast-global-color-4)","background-image":"","background-repeat":"repeat","background-position":"center center","background-size":"auto","background-attachment":"scroll","background-type":"","background-media":"","overlay-type":"","overlay-color":"","overlay-opacity":"","overlay-gradient":""}}},"product_brand":[],"product_cat":[97],"product_tag":[],"class_list":{"0":"post-4734","1":"product","2":"type-product","3":"status-publish","4":"has-post-thumbnail","6":"product_cat-wristband-usb-drives","7":"desktop-align-left","8":"tablet-align-left","9":"mobile-align-left","11":"first","12":"instock","13":"shipping-taxable","14":"product-type-simple"},"_links":{"self":[{"href":"https:\/\/www.usborkeychain.com\/it\/wp-json\/wp\/v2\/product\/4734","targetHints":{"allow":["GET"]}}],"collection":[{"href":"https:\/\/www.usborkeychain.com\/it\/wp-json\/wp\/v2\/product"}],"about":[{"href":"https:\/\/www.usborkeychain.com\/it\/wp-json\/wp\/v2\/types\/product"}],"replies":[{"embeddable":true,"href":"https:\/\/www.usborkeychain.com\/it\/wp-json\/wp\/v2\/comments?post=4734"}],"wp:featuredmedia":[{"embeddable":true,"href":"https:\/\/www.usborkeychain.com\/it\/wp-json\/wp\/v2\/media\/4752"}],"wp:attachment":[{"href":"https:\/\/www.usborkeychain.com\/it\/wp-json\/wp\/v2\/media?parent=4734"}],"wp:term":[{"taxonomy":"product_brand","embeddable":true,"href":"https:\/\/www.usborkeychain.com\/it\/wp-json\/wp\/v2\/product_brand?post=4734"},{"taxonomy":"product_cat","embeddable":true,"href":"https:\/\/www.usborkeychain.com\/it\/wp-json\/wp\/v2\/product_cat?post=4734"},{"taxonomy":"product_tag","embeddable":true,"href":"https:\/\/www.usborkeychain.com\/it\/wp-json\/wp\/v2\/product_tag?post=4734"}],"curies":[{"name":"wp","href":"https:\/\/api.w.org\/{rel}","templated":true}]}}