{"id":4830,"date":"2025-07-27T10:17:32","date_gmt":"2025-07-27T10:17:32","guid":{"rendered":"https:\/\/www.usborkeychain.com\/?post_type=product&#038;p=4830"},"modified":"2025-07-27T10:17:35","modified_gmt":"2025-07-27T10:17:35","slug":"slim-usb-wristband-and-bracelet-flash-drives","status":"publish","type":"product","link":"https:\/\/www.usborkeychain.com\/it\/prodotto\/slim-usb-wristband-and-bracelet-flash-drives\/","title":{"rendered":"Chiavette USB sottili da polso e da braccialetto"},"content":{"rendered":"<p>Le chiavette USB da polso hanno lo stesso aspetto dei braccialetti di sensibilizzazione alla causa. Le scuole e le universit\u00e0, le aziende che si occupano di viaggi d'avventura, di zip lining e di attivit\u00e0 ricreative utilizzano i braccialetti con chiavetta USB per condividere le foto e i ricordi dei clienti.<\/p>\n\n\n\n<div class=\"wp-block-columns is-layout-flex wp-container-core-columns-is-layout-28f84493 wp-block-columns-is-layout-flex\">\n<div class=\"wp-block-column is-layout-flow wp-block-column-is-layout-flow\">\n<figure class=\"wp-block-image size-full\"><img fetchpriority=\"high\" decoding=\"async\" width=\"800\" height=\"800\" src=\"https:\/\/www.usborkeychain.com\/wp-content\/uploads\/Custom-Usb-Slap-Wrap-Wristbands.jpg\" alt=\"Custom Usb Slap Wrap Wristbands\" class=\"wp-image-4834\" srcset=\"https:\/\/www.usborkeychain.com\/wp-content\/uploads\/Custom-Usb-Slap-Wrap-Wristbands.jpg 800w, https:\/\/www.usborkeychain.com\/wp-content\/uploads\/Custom-Usb-Slap-Wrap-Wristbands-300x300.jpg 300w, https:\/\/www.usborkeychain.com\/wp-content\/uploads\/Custom-Usb-Slap-Wrap-Wristbands-150x150.jpg 150w, https:\/\/www.usborkeychain.com\/wp-content\/uploads\/Custom-Usb-Slap-Wrap-Wristbands-768x768.jpg 768w, https:\/\/www.usborkeychain.com\/wp-content\/uploads\/Custom-Usb-Slap-Wrap-Wristbands-12x12.jpg 12w, https:\/\/www.usborkeychain.com\/wp-content\/uploads\/Custom-Usb-Slap-Wrap-Wristbands-600x600.jpg 600w, https:\/\/www.usborkeychain.com\/wp-content\/uploads\/Custom-Usb-Slap-Wrap-Wristbands-100x100.jpg 100w\" sizes=\"(max-width: 800px) 100vw, 800px\" \/><\/figure>\n<\/div>\n\n\n\n<div class=\"wp-block-column is-vertically-aligned-center is-layout-flow wp-block-column-is-layout-flow\">\n<p>Questa sottile unit\u00e0 USB da polso presenta un design integrato che combina semplicit\u00e0 e convenienza. Realizzato in silicone flessibile, il braccialetto \u00e8 leggero, comodo da indossare e resistente alla deformazione, perfetto per l'uso quotidiano.<\/p>\n\n\n\n<p> Il connettore USB \u00e8 abilmente nascosto nella chiusura e supporta sia l'USB 2.0 che il 3.0, compatibile con i sistemi Windows, macOS e Linux.<\/p>\n\n\n\n<p><\/p>\n<\/div>\n<\/div>\n\n\n\n<p>Il design complessivo \u00e8 elegante e moderno, con contorni morbidi e un'audace combinazione di colori. Il cinturino esterno \u00e8 principalmente nero, con un'evidente fodera interna rossa che crea un contrasto vivace e aggiunge un'atmosfera sportiva e tecnologica. \u00c8 un accessorio accattivante, ideale per promozioni giovanili, eventi o uso occasionale.<\/p>\n\n\n\n<div class=\"wp-block-columns is-layout-flex wp-container-core-columns-is-layout-9c22b1e3 wp-block-columns-is-layout-flex\">\n<div class=\"wp-block-column is-layout-flow wp-block-column-is-layout-flow\">\n<figure class=\"wp-block-image size-full\"><img decoding=\"async\" width=\"800\" height=\"800\" src=\"https:\/\/www.usborkeychain.com\/wp-content\/uploads\/Wristband-USB-drives-look-just-like-cause-awareness-bracelets.jpg\" alt=\"Wristband USB drives look just like cause awareness bracelets\" class=\"wp-image-4838\" srcset=\"https:\/\/www.usborkeychain.com\/wp-content\/uploads\/Wristband-USB-drives-look-just-like-cause-awareness-bracelets.jpg 800w, https:\/\/www.usborkeychain.com\/wp-content\/uploads\/Wristband-USB-drives-look-just-like-cause-awareness-bracelets-300x300.jpg 300w, https:\/\/www.usborkeychain.com\/wp-content\/uploads\/Wristband-USB-drives-look-just-like-cause-awareness-bracelets-150x150.jpg 150w, https:\/\/www.usborkeychain.com\/wp-content\/uploads\/Wristband-USB-drives-look-just-like-cause-awareness-bracelets-768x768.jpg 768w, https:\/\/www.usborkeychain.com\/wp-content\/uploads\/Wristband-USB-drives-look-just-like-cause-awareness-bracelets-12x12.jpg 12w, https:\/\/www.usborkeychain.com\/wp-content\/uploads\/Wristband-USB-drives-look-just-like-cause-awareness-bracelets-600x600.jpg 600w, https:\/\/www.usborkeychain.com\/wp-content\/uploads\/Wristband-USB-drives-look-just-like-cause-awareness-bracelets-100x100.jpg 100w\" sizes=\"(max-width: 800px) 100vw, 800px\" \/><\/figure>\n<\/div>\n\n\n\n<div class=\"wp-block-column is-layout-flow wp-block-column-is-layout-flow\">\n<figure class=\"wp-block-image size-full\"><img decoding=\"async\" width=\"800\" height=\"800\" src=\"https:\/\/www.usborkeychain.com\/wp-content\/uploads\/Wristband-USB-Drive-PVC-bracelet-style-USB-flash-drive.jpg\" alt=\"Wristband USB Drive - PVC bracelet style USB flash drive.\" class=\"wp-image-4837\" srcset=\"https:\/\/www.usborkeychain.com\/wp-content\/uploads\/Wristband-USB-Drive-PVC-bracelet-style-USB-flash-drive.jpg 800w, https:\/\/www.usborkeychain.com\/wp-content\/uploads\/Wristband-USB-Drive-PVC-bracelet-style-USB-flash-drive-300x300.jpg 300w, https:\/\/www.usborkeychain.com\/wp-content\/uploads\/Wristband-USB-Drive-PVC-bracelet-style-USB-flash-drive-150x150.jpg 150w, https:\/\/www.usborkeychain.com\/wp-content\/uploads\/Wristband-USB-Drive-PVC-bracelet-style-USB-flash-drive-768x768.jpg 768w, https:\/\/www.usborkeychain.com\/wp-content\/uploads\/Wristband-USB-Drive-PVC-bracelet-style-USB-flash-drive-12x12.jpg 12w, https:\/\/www.usborkeychain.com\/wp-content\/uploads\/Wristband-USB-Drive-PVC-bracelet-style-USB-flash-drive-600x600.jpg 600w, https:\/\/www.usborkeychain.com\/wp-content\/uploads\/Wristband-USB-Drive-PVC-bracelet-style-USB-flash-drive-100x100.jpg 100w\" sizes=\"(max-width: 800px) 100vw, 800px\" \/><\/figure>\n<\/div>\n\n\n\n<div class=\"wp-block-column is-layout-flow wp-block-column-is-layout-flow\">\n<figure class=\"wp-block-image size-full\"><img loading=\"lazy\" decoding=\"async\" width=\"800\" height=\"800\" src=\"https:\/\/www.usborkeychain.com\/wp-content\/uploads\/Silicone-USB-Flash-Drive-Wristband-Bracelet.jpg\" alt=\"Silicone USB Flash Drive Wristband Bracelet\" class=\"wp-image-4836\" srcset=\"https:\/\/www.usborkeychain.com\/wp-content\/uploads\/Silicone-USB-Flash-Drive-Wristband-Bracelet.jpg 800w, https:\/\/www.usborkeychain.com\/wp-content\/uploads\/Silicone-USB-Flash-Drive-Wristband-Bracelet-300x300.jpg 300w, https:\/\/www.usborkeychain.com\/wp-content\/uploads\/Silicone-USB-Flash-Drive-Wristband-Bracelet-150x150.jpg 150w, https:\/\/www.usborkeychain.com\/wp-content\/uploads\/Silicone-USB-Flash-Drive-Wristband-Bracelet-768x768.jpg 768w, https:\/\/www.usborkeychain.com\/wp-content\/uploads\/Silicone-USB-Flash-Drive-Wristband-Bracelet-12x12.jpg 12w, https:\/\/www.usborkeychain.com\/wp-content\/uploads\/Silicone-USB-Flash-Drive-Wristband-Bracelet-600x600.jpg 600w, https:\/\/www.usborkeychain.com\/wp-content\/uploads\/Silicone-USB-Flash-Drive-Wristband-Bracelet-100x100.jpg 100w\" sizes=\"(max-width: 800px) 100vw, 800px\" \/><\/figure>\n<\/div>\n<\/div>\n\n\n\n<h2 class=\"wp-block-heading\">In quali capacit\u00e0 sono disponibili le unit\u00e0 USB?<\/h2>\n\n\n\n<p>Le capacit\u00e0 variano leggermente a seconda dello stile, tuttavia abbiamo opzioni USB 2.0 da 128MB, 256MB, 512MB, 1GB, 2GB, 4GB, 8GB, 16GB, 32GB, 64GB e opzioni USB 3.0 da 8GB, 16GB, 32GB, 64GB, 128GB.Ideale per eventi promozionali, omaggi aziendali o come accessorio tecnologico di tendenza, il braccialetto USB Lizzard offre un modo unico per mostrare il vostro logo, sito web o slogan del marchio.<\/p>\n\n\n\n<p><\/p>","protected":false},"excerpt":{"rendered":"<ul>\n<li>Braccialetto USB<\/li>\n<li>Braccialetto Flash Drives<\/li>\n<li>Stile sottile<\/li>\n<li>Colore blu e rosso<\/li>\n<li>Stampo per logo personalizzato<\/li>\n<\/ul>","protected":false},"featured_media":4834,"comment_status":"open","ping_status":"closed","template":"","meta":{"_seopress_robots_primary_cat":"","_seopress_titles_title":"","_seopress_titles_desc":"","_seopress_robots_index":"","site-sidebar-layout":"default","site-content-layout":"","ast-site-content-layout":"","site-content-style":"default","site-sidebar-style":"default","ast-global-header-display":"","ast-banner-title-visibility":"","ast-main-header-display":"","ast-hfb-above-header-display":"","ast-hfb-below-header-display":"","ast-hfb-mobile-header-display":"","site-post-title":"","ast-breadcrumbs-content":"","ast-featured-img":"","footer-sml-layout":"","theme-transparent-header-meta":"","adv-header-id-meta":"","stick-header-meta":"","header-above-stick-meta":"","header-main-stick-meta":"","header-below-stick-meta":"","astra-migrate-meta-layouts":"default","ast-page-background-enabled":"default","ast-page-background-meta":{"desktop":{"background-color":"var(--ast-global-color-5)","background-image":"","background-repeat":"repeat","background-position":"center center","background-size":"auto","background-attachment":"scroll","background-type":"","background-media":"","overlay-type":"","overlay-color":"","overlay-opacity":"","overlay-gradient":""},"tablet":{"background-color":"","background-image":"","background-repeat":"repeat","background-position":"center center","background-size":"auto","background-attachment":"scroll","background-type":"","background-media":"","overlay-type":"","overlay-color":"","overlay-opacity":"","overlay-gradient":""},"mobile":{"background-color":"","background-image":"","background-repeat":"repeat","background-position":"center center","background-size":"auto","background-attachment":"scroll","background-type":"","background-media":"","overlay-type":"","overlay-color":"","overlay-opacity":"","overlay-gradient":""}},"ast-content-background-meta":{"desktop":{"background-color":"var(--ast-global-color-4)","background-image":"","background-repeat":"repeat","background-position":"center center","background-size":"auto","background-attachment":"scroll","background-type":"","background-media":"","overlay-type":"","overlay-color":"","overlay-opacity":"","overlay-gradient":""},"tablet":{"background-color":"var(--ast-global-color-4)","background-image":"","background-repeat":"repeat","background-position":"center center","background-size":"auto","background-attachment":"scroll","background-type":"","background-media":"","overlay-type":"","overlay-color":"","overlay-opacity":"","overlay-gradient":""},"mobile":{"background-color":"var(--ast-global-color-4)","background-image":"","background-repeat":"repeat","background-position":"center center","background-size":"auto","background-attachment":"scroll","background-type":"","background-media":"","overlay-type":"","overlay-color":"","overlay-opacity":"","overlay-gradient":""}}},"product_brand":[],"product_cat":[97],"product_tag":[],"class_list":{"0":"post-4830","1":"product","2":"type-product","3":"status-publish","4":"has-post-thumbnail","6":"product_cat-wristband-usb-drives","7":"desktop-align-left","8":"tablet-align-left","9":"mobile-align-left","11":"first","12":"instock","13":"shipping-taxable","14":"product-type-simple"},"_links":{"self":[{"href":"https:\/\/www.usborkeychain.com\/it\/wp-json\/wp\/v2\/product\/4830","targetHints":{"allow":["GET"]}}],"collection":[{"href":"https:\/\/www.usborkeychain.com\/it\/wp-json\/wp\/v2\/product"}],"about":[{"href":"https:\/\/www.usborkeychain.com\/it\/wp-json\/wp\/v2\/types\/product"}],"replies":[{"embeddable":true,"href":"https:\/\/www.usborkeychain.com\/it\/wp-json\/wp\/v2\/comments?post=4830"}],"wp:featuredmedia":[{"embeddable":true,"href":"https:\/\/www.usborkeychain.com\/it\/wp-json\/wp\/v2\/media\/4834"}],"wp:attachment":[{"href":"https:\/\/www.usborkeychain.com\/it\/wp-json\/wp\/v2\/media?parent=4830"}],"wp:term":[{"taxonomy":"product_brand","embeddable":true,"href":"https:\/\/www.usborkeychain.com\/it\/wp-json\/wp\/v2\/product_brand?post=4830"},{"taxonomy":"product_cat","embeddable":true,"href":"https:\/\/www.usborkeychain.com\/it\/wp-json\/wp\/v2\/product_cat?post=4830"},{"taxonomy":"product_tag","embeddable":true,"href":"https:\/\/www.usborkeychain.com\/it\/wp-json\/wp\/v2\/product_tag?post=4830"}],"curies":[{"name":"wp","href":"https:\/\/api.w.org\/{rel}","templated":true}]}}