{"id":4839,"date":"2025-07-28T03:28:21","date_gmt":"2025-07-28T03:28:21","guid":{"rendered":"https:\/\/www.usborkeychain.com\/?post_type=product&#038;p=4839"},"modified":"2025-08-14T12:10:40","modified_gmt":"2025-08-14T12:10:40","slug":"metal-buckle-usb-flash-drive","status":"publish","type":"product","link":"https:\/\/www.usborkeychain.com\/it\/prodotto\/metal-buckle-usb-flash-drive\/","title":{"rendered":"Chiavetta USB con fibbia in metallo"},"content":{"rendered":"<div class=\"wp-block-columns is-layout-flex wp-container-core-columns-is-layout-28f84493 wp-block-columns-is-layout-flex\">\n<div class=\"wp-block-column is-vertically-aligned-center is-layout-flow wp-block-column-is-layout-flow\">\n<p>Il <strong>Chiavetta USB con fibbia in metallo<\/strong> Il design del gancio in metallo consente di agganciarlo direttamente a cinture, portachiavi o borse, per avere sempre a portata di mano l'unit\u00e0 USB.<\/p>\n\n\n\n<p>\u00c8 realizzato con materiali interamente in metallo di alta qualit\u00e0, che conferiscono al <strong>Unit\u00e0 USB<\/strong> con un'eccellente durata. La struttura in metallo ha una forte resistenza agli impatti fisici. A differenza delle unit\u00e0 USB in plastica, non si rompe facilmente anche in caso di caduta o urto accidentale durante l'uso quotidiano, proteggendo efficacemente il chip di memoria interno. Inoltre, la superficie metallica non \u00e8 soggetta a graffi. Anche se sfrega contro chiavi, monete e altri oggetti nelle tasche o nelle borse per molto tempo, pu\u00f2 mantenere una consistenza nuova di zecca.<\/p>\n<\/div>\n\n\n\n<div class=\"wp-block-column is-vertically-aligned-center is-layout-flow wp-block-column-is-layout-flow\">\n<figure class=\"wp-block-image size-full\"><img alt=\"\" fetchpriority=\"high\" decoding=\"async\" width=\"800\" height=\"800\" src=\"https:\/\/www.usborkeychain.com\/wp-content\/uploads\/Rugged-Metal-Clasp-USB-Flash-Drive.png\" class=\"wp-image-4846\" srcset=\"https:\/\/www.usborkeychain.com\/wp-content\/uploads\/Rugged-Metal-Clasp-USB-Flash-Drive.png 800w, https:\/\/www.usborkeychain.com\/wp-content\/uploads\/Rugged-Metal-Clasp-USB-Flash-Drive-300x300.png 300w, https:\/\/www.usborkeychain.com\/wp-content\/uploads\/Rugged-Metal-Clasp-USB-Flash-Drive-150x150.png 150w, https:\/\/www.usborkeychain.com\/wp-content\/uploads\/Rugged-Metal-Clasp-USB-Flash-Drive-768x768.png 768w, https:\/\/www.usborkeychain.com\/wp-content\/uploads\/Rugged-Metal-Clasp-USB-Flash-Drive-12x12.png 12w, https:\/\/www.usborkeychain.com\/wp-content\/uploads\/Rugged-Metal-Clasp-USB-Flash-Drive-600x600.png 600w, https:\/\/www.usborkeychain.com\/wp-content\/uploads\/Rugged-Metal-Clasp-USB-Flash-Drive-100x100.png 100w\" sizes=\"(max-width: 800px) 100vw, 800px\" \/><\/figure>\n<\/div>\n<\/div>\n\n\n\n<h2 class=\"wp-block-heading\">Parametri dell'unit\u00e0 flash USB<\/h2>\n\n\n\n<figure class=\"wp-block-table\"><table class=\"has-fixed-layout\"><thead><tr><th>Categoria di parametri<\/th><th>Informazioni dettagliate<\/th><\/tr><\/thead><tbody><tr><td>Capacit\u00e0 di stoccaggio<\/td><td>8GB, 16GB, 32GB, 64GB, 128GB, 256GB<\/td><\/tr><tr><td>Tipo di interfaccia<\/td><td>USB 2.0, USB 3.0, USB 3.1<\/td><\/tr><tr><td>Dimensioni (lunghezza \u00d7 larghezza \u00d7 altezza)<\/td><td>Lunghezza: 50 - 60 mm, Larghezza: 15 - 20 mm, Altezza: 8 - 12 mm<\/td><\/tr><tr><td>Peso<\/td><td>15 - 25g<\/td><\/tr><\/tbody><\/table><\/figure>\n\n\n\n<h2 class=\"wp-block-heading\">Stampa del logo sulla chiavetta USB con fibbia in metallo<\/h2>\n\n\n\n<div class=\"wp-block-columns is-layout-flex wp-container-core-columns-is-layout-28f84493 wp-block-columns-is-layout-flex\">\n<div class=\"wp-block-column is-vertically-aligned-center is-layout-flow wp-block-column-is-layout-flow\">\n<figure class=\"wp-block-image size-full\"><img alt=\"\" decoding=\"async\" width=\"800\" height=\"800\" src=\"https:\/\/www.usborkeychain.com\/wp-content\/uploads\/Tough-Metal-Clip-USB-Flash-Drive.png\" class=\"wp-image-4847\" srcset=\"https:\/\/www.usborkeychain.com\/wp-content\/uploads\/Tough-Metal-Clip-USB-Flash-Drive.png 800w, https:\/\/www.usborkeychain.com\/wp-content\/uploads\/Tough-Metal-Clip-USB-Flash-Drive-300x300.png 300w, https:\/\/www.usborkeychain.com\/wp-content\/uploads\/Tough-Metal-Clip-USB-Flash-Drive-150x150.png 150w, https:\/\/www.usborkeychain.com\/wp-content\/uploads\/Tough-Metal-Clip-USB-Flash-Drive-768x768.png 768w, https:\/\/www.usborkeychain.com\/wp-content\/uploads\/Tough-Metal-Clip-USB-Flash-Drive-12x12.png 12w, https:\/\/www.usborkeychain.com\/wp-content\/uploads\/Tough-Metal-Clip-USB-Flash-Drive-600x600.png 600w, https:\/\/www.usborkeychain.com\/wp-content\/uploads\/Tough-Metal-Clip-USB-Flash-Drive-100x100.png 100w\" sizes=\"(max-width: 800px) 100vw, 800px\" \/><\/figure>\n<\/div>\n\n\n\n<div class=\"wp-block-column is-vertically-aligned-center is-layout-flow wp-block-column-is-layout-flow\">\n<p>La stampa del logo \u00e8 supportata e pu\u00f2 essere applicata a:<\/p>\n\n\n\n<ul class=\"wp-block-list\">\n<li>La superficie del corpo del drive USB: L'area piatta del corpo \u00e8 una posizione di stampa ideale. Con una superficie relativamente ampia e liscia, \u00e8 adatta a presentare loghi di marca, slogan promozionali o informazioni sui prodotti.<\/li>\n\n\n\n<li>L'area del gancio in metallo: Anche se l'area del gancio \u00e8 piccola, pu\u00f2 essere utilizzata. Vi si possono stampare semplici loghi, iniziali del marchio, ecc. Quando la chiavetta USB viene appesa a un oggetto, gli elementi del marchio sul gancio possono migliorare ulteriormente l'impressione che gli altri hanno del marchio.<\/li>\n<\/ul>\n<\/div>\n<\/div>\n\n\n\n<h2 class=\"wp-block-heading\">Quali imprese possono utilizzarlo come souvenir di un evento?<\/h2>\n\n\n\n<div class=\"wp-block-columns is-layout-flex wp-container-core-columns-is-layout-28f84493 wp-block-columns-is-layout-flex\">\n<div class=\"wp-block-column is-vertically-aligned-center is-layout-flow wp-block-column-is-layout-flow\">\n<ul class=\"wp-block-list\">\n<li><strong>Imprese di ristorazione e vendita al dettaglio<\/strong>: Quando le start-up tecnologiche organizzano eventi di lancio di nuovi prodotti, possono utilizzare la chiavetta USB come souvenir per i partecipanti.<\/li>\n\n\n\n<li><strong>Produttori di automobili<\/strong>: Durante gli eventi di test drive e le conferenze di lancio di nuove auto, la chiavetta USB con fibbia in metallo \u00e8 un eccellente regalo di accompagnamento.<\/li>\n\n\n\n<li><strong>Banche e societ\u00e0 di gestione finanziaria<\/strong>: Quando promuovono nuovi conti o prodotti finanziari, possono presentare ai clienti la chiavetta USB con fibbia in metallo.<\/li>\n<\/ul>\n<\/div>\n\n\n\n<div class=\"wp-block-column is-vertically-aligned-center is-layout-flow wp-block-column-is-layout-flow\">\n<figure class=\"wp-block-image size-full\"><img alt=\"\" decoding=\"async\" width=\"800\" height=\"800\" src=\"https:\/\/www.usborkeychain.com\/wp-content\/uploads\/Classic-Metal-Hook-USB-Flash-Drive.png\" class=\"wp-image-4842\" srcset=\"https:\/\/www.usborkeychain.com\/wp-content\/uploads\/Classic-Metal-Hook-USB-Flash-Drive.png 800w, https:\/\/www.usborkeychain.com\/wp-content\/uploads\/Classic-Metal-Hook-USB-Flash-Drive-300x300.png 300w, https:\/\/www.usborkeychain.com\/wp-content\/uploads\/Classic-Metal-Hook-USB-Flash-Drive-150x150.png 150w, https:\/\/www.usborkeychain.com\/wp-content\/uploads\/Classic-Metal-Hook-USB-Flash-Drive-768x768.png 768w, https:\/\/www.usborkeychain.com\/wp-content\/uploads\/Classic-Metal-Hook-USB-Flash-Drive-12x12.png 12w, https:\/\/www.usborkeychain.com\/wp-content\/uploads\/Classic-Metal-Hook-USB-Flash-Drive-600x600.png 600w, https:\/\/www.usborkeychain.com\/wp-content\/uploads\/Classic-Metal-Hook-USB-Flash-Drive-100x100.png 100w\" sizes=\"(max-width: 800px) 100vw, 800px\" \/><\/figure>\n<\/div>\n<\/div>\n\n\n\n<h2 class=\"wp-block-heading\">\u00c8 supportata la personalizzazione di colori speciali?<\/h2>\n\n\n\n<div class=\"wp-block-columns is-layout-flex wp-container-core-columns-is-layout-28f84493 wp-block-columns-is-layout-flex\">\n<div class=\"wp-block-column is-vertically-aligned-center is-layout-flow wp-block-column-is-layout-flow\">\n<figure class=\"wp-block-image size-full\"><img alt=\"\" loading=\"lazy\" decoding=\"async\" width=\"800\" height=\"800\" src=\"https:\/\/www.usborkeychain.com\/wp-content\/uploads\/Metal-Hook-Durable-USB-Flash-Drive.png\" class=\"wp-image-4843\" srcset=\"https:\/\/www.usborkeychain.com\/wp-content\/uploads\/Metal-Hook-Durable-USB-Flash-Drive.png 800w, https:\/\/www.usborkeychain.com\/wp-content\/uploads\/Metal-Hook-Durable-USB-Flash-Drive-300x300.png 300w, https:\/\/www.usborkeychain.com\/wp-content\/uploads\/Metal-Hook-Durable-USB-Flash-Drive-150x150.png 150w, https:\/\/www.usborkeychain.com\/wp-content\/uploads\/Metal-Hook-Durable-USB-Flash-Drive-768x768.png 768w, https:\/\/www.usborkeychain.com\/wp-content\/uploads\/Metal-Hook-Durable-USB-Flash-Drive-12x12.png 12w, https:\/\/www.usborkeychain.com\/wp-content\/uploads\/Metal-Hook-Durable-USB-Flash-Drive-600x600.png 600w, https:\/\/www.usborkeychain.com\/wp-content\/uploads\/Metal-Hook-Durable-USB-Flash-Drive-100x100.png 100w\" sizes=\"(max-width: 800px) 100vw, 800px\" \/><\/figure>\n<\/div>\n\n\n\n<div class=\"wp-block-column is-vertically-aligned-center is-layout-flow wp-block-column-is-layout-flow\">\n<p>Questo <strong>Unit\u00e0 USB<\/strong> supporta la personalizzazione di colori speciali. Oltre ai colori classici mostrati nelle immagini (come l'argento), le aziende possono scegliere liberamente in base ai colori del proprio marchio. <\/p>\n\n\n\n<p>I marchi di moda possono optare per il rosa neon o il blu elettrico per sottolineare la tendenza, mentre i settori tradizionali (come gli studi legali) possono scegliere il nero o l'argento scuro per mantenere un'immagine professionale, consentendo alla chiavetta USB di essere profondamente integrata con il marchio in termini di aspetto.<\/p>\n<\/div>\n<\/div>\n\n\n\n<div class=\"wp-block-columns is-layout-flex wp-container-core-columns-is-layout-28f84493 wp-block-columns-is-layout-flex\">\n<div class=\"wp-block-column is-vertically-aligned-center is-layout-flow wp-block-column-is-layout-flow\">\n<p>Il <strong>Chiavetta USB con fibbia in metallo<\/strong> combina un design pratico, materiali resistenti e vantaggi di personalizzazione. Il gancio e il corpo interamente in metallo garantiscono portabilit\u00e0 e durata. <\/p>\n\n\n\n<p>La ricchezza dei parametri soddisfa le diverse esigenze di conservazione. Grazie alla stampa multiposizione del logo e alla personalizzazione del colore, diventa una scelta eccellente per i regali aziendali e i souvenir degli eventi. <\/p>\n\n\n\n<p>Utilizzata per la promozione del marchio, l'apprezzamento dei clienti o la distribuzione di contenuti esclusivi, \u00e8 la scelta migliore per i regali.<\/p>\n<\/div>\n\n\n\n<div class=\"wp-block-column is-vertically-aligned-center is-layout-flow wp-block-column-is-layout-flow\">\n<figure class=\"wp-block-image size-full\"><img alt=\"\" loading=\"lazy\" decoding=\"async\" width=\"800\" height=\"800\" src=\"https:\/\/www.usborkeychain.com\/wp-content\/uploads\/Portable-Metal-Hook-USB-Flash-Drive.png\" class=\"wp-image-4844\" srcset=\"https:\/\/www.usborkeychain.com\/wp-content\/uploads\/Portable-Metal-Hook-USB-Flash-Drive.png 800w, https:\/\/www.usborkeychain.com\/wp-content\/uploads\/Portable-Metal-Hook-USB-Flash-Drive-300x300.png 300w, https:\/\/www.usborkeychain.com\/wp-content\/uploads\/Portable-Metal-Hook-USB-Flash-Drive-150x150.png 150w, https:\/\/www.usborkeychain.com\/wp-content\/uploads\/Portable-Metal-Hook-USB-Flash-Drive-768x768.png 768w, https:\/\/www.usborkeychain.com\/wp-content\/uploads\/Portable-Metal-Hook-USB-Flash-Drive-12x12.png 12w, https:\/\/www.usborkeychain.com\/wp-content\/uploads\/Portable-Metal-Hook-USB-Flash-Drive-600x600.png 600w, https:\/\/www.usborkeychain.com\/wp-content\/uploads\/Portable-Metal-Hook-USB-Flash-Drive-100x100.png 100w\" sizes=\"(max-width: 800px) 100vw, 800px\" \/><\/figure>\n<\/div>\n<\/div>","protected":false},"excerpt":{"rendered":"<ul>\n<li>Materiale metallico<\/li>\n<li>Stampa del logo<\/li>\n<li>Personalizzazione del colore<\/li>\n<li>Portachiavi<\/li>\n<li>MOQ: 100PCS<\/li>\n<\/ul>","protected":false},"featured_media":4845,"comment_status":"open","ping_status":"closed","template":"","meta":{"_seopress_robots_primary_cat":"","_seopress_titles_title":"","_seopress_titles_desc":"","_seopress_robots_index":"","site-sidebar-layout":"default","site-content-layout":"","ast-site-content-layout":"","site-content-style":"default","site-sidebar-style":"default","ast-global-header-display":"","ast-banner-title-visibility":"","ast-main-header-display":"","ast-hfb-above-header-display":"","ast-hfb-below-header-display":"","ast-hfb-mobile-header-display":"","site-post-title":"","ast-breadcrumbs-content":"","ast-featured-img":"","footer-sml-layout":"","theme-transparent-header-meta":"","adv-header-id-meta":"","stick-header-meta":"","header-above-stick-meta":"","header-main-stick-meta":"","header-below-stick-meta":"","astra-migrate-meta-layouts":"default","ast-page-background-enabled":"default","ast-page-background-meta":{"desktop":{"background-color":"var(--ast-global-color-5)","background-image":"","background-repeat":"repeat","background-position":"center center","background-size":"auto","background-attachment":"scroll","background-type":"","background-media":"","overlay-type":"","overlay-color":"","overlay-opacity":"","overlay-gradient":""},"tablet":{"background-color":"","background-image":"","background-repeat":"repeat","background-position":"center center","background-size":"auto","background-attachment":"scroll","background-type":"","background-media":"","overlay-type":"","overlay-color":"","overlay-opacity":"","overlay-gradient":""},"mobile":{"background-color":"","background-image":"","background-repeat":"repeat","background-position":"center center","background-size":"auto","background-attachment":"scroll","background-type":"","background-media":"","overlay-type":"","overlay-color":"","overlay-opacity":"","overlay-gradient":""}},"ast-content-background-meta":{"desktop":{"background-color":"var(--ast-global-color-4)","background-image":"","background-repeat":"repeat","background-position":"center center","background-size":"auto","background-attachment":"scroll","background-type":"","background-media":"","overlay-type":"","overlay-color":"","overlay-opacity":"","overlay-gradient":""},"tablet":{"background-color":"var(--ast-global-color-4)","background-image":"","background-repeat":"repeat","background-position":"center center","background-size":"auto","background-attachment":"scroll","background-type":"","background-media":"","overlay-type":"","overlay-color":"","overlay-opacity":"","overlay-gradient":""},"mobile":{"background-color":"var(--ast-global-color-4)","background-image":"","background-repeat":"repeat","background-position":"center center","background-size":"auto","background-attachment":"scroll","background-type":"","background-media":"","overlay-type":"","overlay-color":"","overlay-opacity":"","overlay-gradient":""}}},"product_brand":[],"product_cat":[89],"product_tag":[296,396],"class_list":{"0":"post-4839","1":"product","2":"type-product","3":"status-publish","4":"has-post-thumbnail","6":"product_cat-metal-usb-pendrive","7":"product_tag-metal-buckle-usb-flash-drive","8":"product_tag-stainless-steel-usb-flash-drive","9":"desktop-align-left","10":"tablet-align-left","11":"mobile-align-left","13":"first","14":"instock","15":"shipping-taxable","16":"product-type-simple"},"_links":{"self":[{"href":"https:\/\/www.usborkeychain.com\/it\/wp-json\/wp\/v2\/product\/4839","targetHints":{"allow":["GET"]}}],"collection":[{"href":"https:\/\/www.usborkeychain.com\/it\/wp-json\/wp\/v2\/product"}],"about":[{"href":"https:\/\/www.usborkeychain.com\/it\/wp-json\/wp\/v2\/types\/product"}],"replies":[{"embeddable":true,"href":"https:\/\/www.usborkeychain.com\/it\/wp-json\/wp\/v2\/comments?post=4839"}],"wp:featuredmedia":[{"embeddable":true,"href":"https:\/\/www.usborkeychain.com\/it\/wp-json\/wp\/v2\/media\/4845"}],"wp:attachment":[{"href":"https:\/\/www.usborkeychain.com\/it\/wp-json\/wp\/v2\/media?parent=4839"}],"wp:term":[{"taxonomy":"product_brand","embeddable":true,"href":"https:\/\/www.usborkeychain.com\/it\/wp-json\/wp\/v2\/product_brand?post=4839"},{"taxonomy":"product_cat","embeddable":true,"href":"https:\/\/www.usborkeychain.com\/it\/wp-json\/wp\/v2\/product_cat?post=4839"},{"taxonomy":"product_tag","embeddable":true,"href":"https:\/\/www.usborkeychain.com\/it\/wp-json\/wp\/v2\/product_tag?post=4839"}],"curies":[{"name":"wp","href":"https:\/\/api.w.org\/{rel}","templated":true}]}}