{"id":4848,"date":"2025-07-28T03:56:54","date_gmt":"2025-07-28T03:56:54","guid":{"rendered":"https:\/\/www.usborkeychain.com\/?post_type=product&#038;p=4848"},"modified":"2025-08-14T12:10:30","modified_gmt":"2025-08-14T12:10:30","slug":"metal-pig-shaped-usb-flash-drive","status":"publish","type":"product","link":"https:\/\/www.usborkeychain.com\/it\/prodotto\/metal-pig-shaped-usb-flash-drive\/","title":{"rendered":"Chiavetta USB a forma di maiale in metallo"},"content":{"rendered":"<div class=\"wp-block-columns is-layout-flex wp-container-core-columns-is-layout-28f84493 wp-block-columns-is-layout-flex\">\n<div class=\"wp-block-column is-vertically-aligned-center is-layout-flow wp-block-column-is-layout-flow\">\n<p>Il <strong>Unit\u00e0 flash USB a forma di maiale in metallo<\/strong> \u00e8 stato progettato sulla base dell'immagine adorabile di un maiale. Con la sua testa paffuta, l'espressione sorridente e il corpo compatto, \u00e8 incredibilmente carino. Posto su una scrivania come piccolo soprammobile, pu\u00f2 attirare immediatamente l'attenzione delle persone, soprattutto di coloro che amano i simpatici elementi a tema animale.<\/p>\n\n\n\n<p>\u00c8 realizzato in materiale di alta qualit\u00e0<strong> materiali metallici<\/strong>La robustezza e la durata sono vantaggi notevoli. La struttura metallica \u00e8 resistente alle cadute e alle abrasioni. Anche in caso di caduta accidentale durante l'uso quotidiano, non \u00e8 facile danneggiare il chip di memoria interna, garantendo cos\u00ec la sicurezza dei dati. <\/p>\n\n\n\n<p>Le dimensioni complessive dell'unit\u00e0 USB sono ridotte, di solito circa 3-5 centimetri di lunghezza, e sono leggere. Alcuni modelli sono dotati di un foro per il laccetto, che li rende comodi da appendere ai portachiavi o alle borse.<\/p>\n<\/div>\n\n\n\n<div class=\"wp-block-column is-vertically-aligned-center is-layout-flow wp-block-column-is-layout-flow\">\n<figure class=\"wp-block-image size-full\"><img alt=\"\" fetchpriority=\"high\" decoding=\"async\" width=\"800\" height=\"800\" src=\"https:\/\/www.usborkeychain.com\/wp-content\/uploads\/Tough-Little-Pig-USB-Flash-Drive.png\" class=\"wp-image-4855\" srcset=\"https:\/\/www.usborkeychain.com\/wp-content\/uploads\/Tough-Little-Pig-USB-Flash-Drive.png 800w, https:\/\/www.usborkeychain.com\/wp-content\/uploads\/Tough-Little-Pig-USB-Flash-Drive-300x300.png 300w, https:\/\/www.usborkeychain.com\/wp-content\/uploads\/Tough-Little-Pig-USB-Flash-Drive-150x150.png 150w, https:\/\/www.usborkeychain.com\/wp-content\/uploads\/Tough-Little-Pig-USB-Flash-Drive-768x768.png 768w, https:\/\/www.usborkeychain.com\/wp-content\/uploads\/Tough-Little-Pig-USB-Flash-Drive-12x12.png 12w, https:\/\/www.usborkeychain.com\/wp-content\/uploads\/Tough-Little-Pig-USB-Flash-Drive-600x600.png 600w, https:\/\/www.usborkeychain.com\/wp-content\/uploads\/Tough-Little-Pig-USB-Flash-Drive-100x100.png 100w\" sizes=\"(max-width: 800px) 100vw, 800px\" \/><\/figure>\n<\/div>\n<\/div>\n\n\n\n<h2 class=\"wp-block-heading\">Parametri dell'unit\u00e0 flash USB<\/h2>\n\n\n\n<figure class=\"wp-block-table\"><table class=\"has-fixed-layout\"><thead><tr><th>Categoria di parametri<\/th><th>Informazioni dettagliate<\/th><\/tr><\/thead><tbody><tr><td>Capacit\u00e0 di stoccaggio<\/td><td>8GB, 16GB, 32GB, 64GB, 128GB<\/td><\/tr><tr><td>Tipo di interfaccia<\/td><td>USB 2.0, USB 3.0, USB 3.1<\/td><\/tr><tr><td>Dimensioni del prodotto (lunghezza \u00d7 larghezza \u00d7 altezza)<\/td><td>Circa 30 - 50 mm\u00d720 - 30 mm\u00d75 - 10 mm<\/td><\/tr><tr><td>Peso<\/td><td>Circa 10-20 g<\/td><\/tr><\/tbody><\/table><\/figure>\n\n\n\n<h2 class=\"wp-block-heading\">Cosa si pu\u00f2 personalizzare?<\/h2>\n\n\n\n<div class=\"wp-block-columns is-layout-flex wp-container-core-columns-is-layout-28f84493 wp-block-columns-is-layout-flex\">\n<div class=\"wp-block-column is-vertically-aligned-center is-layout-flow wp-block-column-is-layout-flow\">\n<figure class=\"wp-block-image size-full\"><img alt=\"\" decoding=\"async\" width=\"800\" height=\"800\" src=\"https:\/\/www.usborkeychain.com\/wp-content\/uploads\/Sturdy-Piggy-USB-Flash-Drive.png\" class=\"wp-image-4854\" srcset=\"https:\/\/www.usborkeychain.com\/wp-content\/uploads\/Sturdy-Piggy-USB-Flash-Drive.png 800w, https:\/\/www.usborkeychain.com\/wp-content\/uploads\/Sturdy-Piggy-USB-Flash-Drive-300x300.png 300w, https:\/\/www.usborkeychain.com\/wp-content\/uploads\/Sturdy-Piggy-USB-Flash-Drive-150x150.png 150w, https:\/\/www.usborkeychain.com\/wp-content\/uploads\/Sturdy-Piggy-USB-Flash-Drive-768x768.png 768w, https:\/\/www.usborkeychain.com\/wp-content\/uploads\/Sturdy-Piggy-USB-Flash-Drive-12x12.png 12w, https:\/\/www.usborkeychain.com\/wp-content\/uploads\/Sturdy-Piggy-USB-Flash-Drive-600x600.png 600w, https:\/\/www.usborkeychain.com\/wp-content\/uploads\/Sturdy-Piggy-USB-Flash-Drive-100x100.png 100w\" sizes=\"(max-width: 800px) 100vw, 800px\" \/><\/figure>\n<\/div>\n\n\n\n<div class=\"wp-block-column is-vertically-aligned-center is-layout-flow wp-block-column-is-layout-flow\">\n<h3 class=\"wp-block-heading\">Personalizzazione della forma<\/h3>\n\n\n\n<p>Oltre all'attuale design a forma di maiale, la forma pu\u00f2 essere adattata alle esigenze delle imprese. <\/p>\n\n\n\n<h3 class=\"wp-block-heading\">Personalizzazione del colore<\/h3>\n\n\n\n<p>Sono disponibili diverse opzioni di colore, come i classici colori primari del metallo (come l'argento e l'oro) o la personalizzazione del colore del marchio dell'azienda. <\/p>\n\n\n\n<h3 class=\"wp-block-heading\">Personalizzazione del logo<\/h3>\n\n\n\n<p>Supporta la stampa del LOGO aziendale sulla superficie della chiavetta USB. Grazie a processi come l'incisione laser e la serigrafia, il logo del marchio pu\u00f2 essere presentato in modo chiaro. <\/p>\n<\/div>\n<\/div>\n\n\n\n<h2 class=\"wp-block-heading\">Quali imprese sono adatte a utilizzarlo?<\/h2>\n\n\n\n<div class=\"wp-block-columns is-layout-flex wp-container-core-columns-is-layout-28f84493 wp-block-columns-is-layout-flex\">\n<div class=\"wp-block-column is-vertically-aligned-center is-layout-flow wp-block-column-is-layout-flow\">\n<ul class=\"wp-block-list\">\n<li><strong>Marche di maternit\u00e0 e neonati<\/strong>: Per eventi di promozione di nuovi prodotti ed eventi di apprezzamento dei soci.<\/li>\n\n\n\n<li><strong>Marchi di alimenti e bevande come Fast food e Dessert<\/strong>: Pu\u00f2 essere utilizzato per attivit\u00e0 promozionali.<\/li>\n\n\n\n<li><strong>Imprese culturali e creative<\/strong>: Pu\u00f2 essere abbinato a periferiche culturali e creative come set di regali.<\/li>\n\n\n\n<li><strong>Istituzioni finanziarie<\/strong>: Quando si eseguono attivit\u00e0 di manutenzione da parte del cliente.<\/li>\n<\/ul>\n<\/div>\n\n\n\n<div class=\"wp-block-column is-vertically-aligned-center is-layout-flow wp-block-column-is-layout-flow\">\n<figure class=\"wp-block-image size-full\"><img alt=\"\" decoding=\"async\" width=\"800\" height=\"800\" src=\"https:\/\/www.usborkeychain.com\/wp-content\/uploads\/Resilient-Piggy-USB-Flash-Drive.png\" class=\"wp-image-4852\" srcset=\"https:\/\/www.usborkeychain.com\/wp-content\/uploads\/Resilient-Piggy-USB-Flash-Drive.png 800w, https:\/\/www.usborkeychain.com\/wp-content\/uploads\/Resilient-Piggy-USB-Flash-Drive-300x300.png 300w, https:\/\/www.usborkeychain.com\/wp-content\/uploads\/Resilient-Piggy-USB-Flash-Drive-150x150.png 150w, https:\/\/www.usborkeychain.com\/wp-content\/uploads\/Resilient-Piggy-USB-Flash-Drive-768x768.png 768w, https:\/\/www.usborkeychain.com\/wp-content\/uploads\/Resilient-Piggy-USB-Flash-Drive-12x12.png 12w, https:\/\/www.usborkeychain.com\/wp-content\/uploads\/Resilient-Piggy-USB-Flash-Drive-600x600.png 600w, https:\/\/www.usborkeychain.com\/wp-content\/uploads\/Resilient-Piggy-USB-Flash-Drive-100x100.png 100w\" sizes=\"(max-width: 800px) 100vw, 800px\" \/><\/figure>\n<\/div>\n<\/div>\n\n\n\n<h2 class=\"wp-block-heading\">Quali sono i vantaggi?<\/h2>\n\n\n\n<div class=\"wp-block-columns is-layout-flex wp-container-core-columns-is-layout-28f84493 wp-block-columns-is-layout-flex\">\n<div class=\"wp-block-column is-vertically-aligned-center is-layout-flow wp-block-column-is-layout-flow\">\n<figure class=\"wp-block-image size-full\"><img alt=\"\" loading=\"lazy\" decoding=\"async\" width=\"800\" height=\"800\" src=\"https:\/\/www.usborkeychain.com\/wp-content\/uploads\/Durable-Piggy-USB-Flash-Drive.png\" class=\"wp-image-4851\" srcset=\"https:\/\/www.usborkeychain.com\/wp-content\/uploads\/Durable-Piggy-USB-Flash-Drive.png 800w, https:\/\/www.usborkeychain.com\/wp-content\/uploads\/Durable-Piggy-USB-Flash-Drive-300x300.png 300w, https:\/\/www.usborkeychain.com\/wp-content\/uploads\/Durable-Piggy-USB-Flash-Drive-150x150.png 150w, https:\/\/www.usborkeychain.com\/wp-content\/uploads\/Durable-Piggy-USB-Flash-Drive-768x768.png 768w, https:\/\/www.usborkeychain.com\/wp-content\/uploads\/Durable-Piggy-USB-Flash-Drive-12x12.png 12w, https:\/\/www.usborkeychain.com\/wp-content\/uploads\/Durable-Piggy-USB-Flash-Drive-600x600.png 600w, https:\/\/www.usborkeychain.com\/wp-content\/uploads\/Durable-Piggy-USB-Flash-Drive-100x100.png 100w\" sizes=\"(max-width: 800px) 100vw, 800px\" \/><\/figure>\n<\/div>\n\n\n\n<div class=\"wp-block-column is-vertically-aligned-center is-layout-flow wp-block-column-is-layout-flow\">\n<h3 class=\"wp-block-heading\">Plug and Play<\/h3>\n\n\n\n<p> \u00c8 sufficiente collegarlo all'interfaccia USB di dispositivi quali computer e telefoni cellulari per poterlo riconoscere e utilizzare rapidamente. Il funzionamento \u00e8 semplice e comodo e consente di risparmiare tempo.<\/p>\n\n\n\n<h3 class=\"wp-block-heading\">Impermeabile e antipolvere<\/h3>\n\n\n\n<p>Il materiale metallico ha una certa impermeabilit\u00e0 e resistenza alla polvere. Se viene schizzato con acqua o esposto alla polvere durante l'uso quotidiano, purch\u00e9 venga pulito in tempo, in genere non influisce sul normale funzionamento dell'unit\u00e0 USB.<\/p>\n\n\n\n<h3 class=\"wp-block-heading\">Sicurezza dei dati<\/h3>\n\n\n\n<p>Utilizza un chip di archiviazione stabile, combinato con la protezione fisica del guscio metallico per i dati, in grado di ridurre efficacemente il rischio di perdita e danneggiamento dei dati.<\/p>\n<\/div>\n<\/div>\n\n\n\n<div class=\"wp-block-columns is-layout-flex wp-container-core-columns-is-layout-28f84493 wp-block-columns-is-layout-flex\">\n<div class=\"wp-block-column is-vertically-aligned-center is-layout-flow wp-block-column-is-layout-flow\">\n<p>Il <strong>Unit\u00e0 flash USB a forma di maiale in metallo <\/strong>combina perfettamente un aspetto carino con prestazioni pratiche. <\/p>\n\n\n\n<p>Il simpatico design a forma di maiale, abbinato a un materiale metallico robusto e durevole, offre portabilit\u00e0 e diversi servizi di personalizzazione, rendendolo adatto a varie aziende come i settori della maternit\u00e0 e dell'infanzia, dell'alimentazione e delle bevande, della cultura e della creativit\u00e0 e della finanza come regali aziendali o omaggi promozionali. <\/p>\n\n\n\n<p>Allo stesso tempo, caratteristiche eccellenti come il plug and play, l'impermeabilit\u00e0 alla polvere e la protezione dei dati non solo soddisfano le esigenze di archiviazione, ma offrono agli utenti un'esperienza di utilizzo pi\u00f9 libera da preoccupazioni.<\/p>\n<\/div>\n\n\n\n<div class=\"wp-block-column is-vertically-aligned-center is-layout-flow wp-block-column-is-layout-flow\">\n<figure class=\"wp-block-image size-full\"><img alt=\"\" loading=\"lazy\" decoding=\"async\" width=\"800\" height=\"800\" src=\"https:\/\/www.usborkeychain.com\/wp-content\/uploads\/Robust-Pig-USB-Flash-Drive.png\" class=\"wp-image-4853\" srcset=\"https:\/\/www.usborkeychain.com\/wp-content\/uploads\/Robust-Pig-USB-Flash-Drive.png 800w, https:\/\/www.usborkeychain.com\/wp-content\/uploads\/Robust-Pig-USB-Flash-Drive-300x300.png 300w, https:\/\/www.usborkeychain.com\/wp-content\/uploads\/Robust-Pig-USB-Flash-Drive-150x150.png 150w, https:\/\/www.usborkeychain.com\/wp-content\/uploads\/Robust-Pig-USB-Flash-Drive-768x768.png 768w, https:\/\/www.usborkeychain.com\/wp-content\/uploads\/Robust-Pig-USB-Flash-Drive-12x12.png 12w, https:\/\/www.usborkeychain.com\/wp-content\/uploads\/Robust-Pig-USB-Flash-Drive-600x600.png 600w, https:\/\/www.usborkeychain.com\/wp-content\/uploads\/Robust-Pig-USB-Flash-Drive-100x100.png 100w\" sizes=\"(max-width: 800px) 100vw, 800px\" \/><\/figure>\n<\/div>\n<\/div>","protected":false},"excerpt":{"rendered":"<ul>\n<li>A forma di maiale<\/li>\n<li>Materiali metallici<\/li>\n<li>Personalizzazione del colore e del logo<\/li>\n<li>Portachiavi<\/li>\n<li>MOQ: 100PCS<\/li>\n<\/ul>","protected":false},"featured_media":4852,"comment_status":"open","ping_status":"closed","template":"","meta":{"_seopress_robots_primary_cat":"","_seopress_titles_title":"","_seopress_titles_desc":"","_seopress_robots_index":"","site-sidebar-layout":"default","site-content-layout":"","ast-site-content-layout":"","site-content-style":"default","site-sidebar-style":"default","ast-global-header-display":"","ast-banner-title-visibility":"","ast-main-header-display":"","ast-hfb-above-header-display":"","ast-hfb-below-header-display":"","ast-hfb-mobile-header-display":"","site-post-title":"","ast-breadcrumbs-content":"","ast-featured-img":"","footer-sml-layout":"","theme-transparent-header-meta":"","adv-header-id-meta":"","stick-header-meta":"","header-above-stick-meta":"","header-main-stick-meta":"","header-below-stick-meta":"","astra-migrate-meta-layouts":"default","ast-page-background-enabled":"default","ast-page-background-meta":{"desktop":{"background-color":"var(--ast-global-color-5)","background-image":"","background-repeat":"repeat","background-position":"center center","background-size":"auto","background-attachment":"scroll","background-type":"","background-media":"","overlay-type":"","overlay-color":"","overlay-opacity":"","overlay-gradient":""},"tablet":{"background-color":"","background-image":"","background-repeat":"repeat","background-position":"center center","background-size":"auto","background-attachment":"scroll","background-type":"","background-media":"","overlay-type":"","overlay-color":"","overlay-opacity":"","overlay-gradient":""},"mobile":{"background-color":"","background-image":"","background-repeat":"repeat","background-position":"center center","background-size":"auto","background-attachment":"scroll","background-type":"","background-media":"","overlay-type":"","overlay-color":"","overlay-opacity":"","overlay-gradient":""}},"ast-content-background-meta":{"desktop":{"background-color":"var(--ast-global-color-4)","background-image":"","background-repeat":"repeat","background-position":"center center","background-size":"auto","background-attachment":"scroll","background-type":"","background-media":"","overlay-type":"","overlay-color":"","overlay-opacity":"","overlay-gradient":""},"tablet":{"background-color":"var(--ast-global-color-4)","background-image":"","background-repeat":"repeat","background-position":"center center","background-size":"auto","background-attachment":"scroll","background-type":"","background-media":"","overlay-type":"","overlay-color":"","overlay-opacity":"","overlay-gradient":""},"mobile":{"background-color":"var(--ast-global-color-4)","background-image":"","background-repeat":"repeat","background-position":"center center","background-size":"auto","background-attachment":"scroll","background-type":"","background-media":"","overlay-type":"","overlay-color":"","overlay-opacity":"","overlay-gradient":""}}},"product_brand":[],"product_cat":[89],"product_tag":[397],"class_list":{"0":"post-4848","1":"product","2":"type-product","3":"status-publish","4":"has-post-thumbnail","6":"product_cat-metal-usb-pendrive","7":"product_tag-zinc-alloy-usb-pen-drive","8":"desktop-align-left","9":"tablet-align-left","10":"mobile-align-left","12":"first","13":"instock","14":"shipping-taxable","15":"product-type-simple"},"_links":{"self":[{"href":"https:\/\/www.usborkeychain.com\/it\/wp-json\/wp\/v2\/product\/4848","targetHints":{"allow":["GET"]}}],"collection":[{"href":"https:\/\/www.usborkeychain.com\/it\/wp-json\/wp\/v2\/product"}],"about":[{"href":"https:\/\/www.usborkeychain.com\/it\/wp-json\/wp\/v2\/types\/product"}],"replies":[{"embeddable":true,"href":"https:\/\/www.usborkeychain.com\/it\/wp-json\/wp\/v2\/comments?post=4848"}],"wp:featuredmedia":[{"embeddable":true,"href":"https:\/\/www.usborkeychain.com\/it\/wp-json\/wp\/v2\/media\/4852"}],"wp:attachment":[{"href":"https:\/\/www.usborkeychain.com\/it\/wp-json\/wp\/v2\/media?parent=4848"}],"wp:term":[{"taxonomy":"product_brand","embeddable":true,"href":"https:\/\/www.usborkeychain.com\/it\/wp-json\/wp\/v2\/product_brand?post=4848"},{"taxonomy":"product_cat","embeddable":true,"href":"https:\/\/www.usborkeychain.com\/it\/wp-json\/wp\/v2\/product_cat?post=4848"},{"taxonomy":"product_tag","embeddable":true,"href":"https:\/\/www.usborkeychain.com\/it\/wp-json\/wp\/v2\/product_tag?post=4848"}],"curies":[{"name":"wp","href":"https:\/\/api.w.org\/{rel}","templated":true}]}}