{"id":4866,"date":"2025-07-28T04:31:14","date_gmt":"2025-07-28T04:31:14","guid":{"rendered":"https:\/\/www.usborkeychain.com\/?post_type=product&#038;p=4866"},"modified":"2025-07-30T02:10:34","modified_gmt":"2025-07-30T02:10:34","slug":"wooden-christmas-tree-usb-flash-drive","status":"publish","type":"product","link":"https:\/\/www.usborkeychain.com\/it\/prodotto\/wooden-christmas-tree-usb-flash-drive\/","title":{"rendered":"Unit\u00e0 flash USB con albero di Natale in legno"},"content":{"rendered":"<div class=\"wp-block-columns is-layout-flex wp-container-core-columns-is-layout-28f84493 wp-block-columns-is-layout-flex\">\n<div class=\"wp-block-column is-vertically-aligned-center is-layout-flow wp-block-column-is-layout-flow\">\n<p>Realizzato in <strong>legno massiccio naturale<\/strong>, questo <strong>Unit\u00e0 flash USB<\/strong> \u00e8 realizzata con legname di provenienza sostenibile e certificato FSC, come l'acero e il faggio. Rispetto alle unit\u00e0 USB in plastica, genera minori emissioni di carbonio durante la produzione ed \u00e8 completamente biodegradabile quando viene gettata, riducendo di fatto l'inquinamento da rifiuti elettronici. \u00c8 perfettamente in linea con gli attuali concetti di protezione ambientale verde e di economia circolare.<\/p>\n\n\n\n<p>Il processo di produzione prevede taglio, levigatura, intaglio e lucidatura precisi. Le tecniche di taglio modellano la forma dell'albero di Natale con contorni netti; la levigatura crea una superficie di legno liscia come uno specchio; l'intaglio aggiunge dettagli intricati come la trama della corteccia e i motivi natalizi; la lucidatura esalta la lucentezza naturale del legno.<\/p>\n\n\n\n<p>Il suo design compatto e raffinato lo rende altamente portatile. Il corpo a forma di albero di Natale si adatta facilmente a borse, calze di Natale o sacchetti regalo.<\/p>\n<\/div>\n\n\n\n<div class=\"wp-block-column is-vertically-aligned-center is-layout-flow wp-block-column-is-layout-flow\">\n<figure class=\"wp-block-image size-full\"><img alt=\"\" fetchpriority=\"high\" decoding=\"async\" width=\"800\" height=\"800\" src=\"https:\/\/www.usborkeychain.com\/wp-content\/uploads\/Wooden-Xmas-Tree-USB-Flash-Drive.jpg\" class=\"wp-image-4872\" srcset=\"https:\/\/www.usborkeychain.com\/wp-content\/uploads\/Wooden-Xmas-Tree-USB-Flash-Drive.jpg 800w, https:\/\/www.usborkeychain.com\/wp-content\/uploads\/Wooden-Xmas-Tree-USB-Flash-Drive-300x300.jpg 300w, https:\/\/www.usborkeychain.com\/wp-content\/uploads\/Wooden-Xmas-Tree-USB-Flash-Drive-150x150.jpg 150w, https:\/\/www.usborkeychain.com\/wp-content\/uploads\/Wooden-Xmas-Tree-USB-Flash-Drive-768x768.jpg 768w, https:\/\/www.usborkeychain.com\/wp-content\/uploads\/Wooden-Xmas-Tree-USB-Flash-Drive-12x12.jpg 12w, https:\/\/www.usborkeychain.com\/wp-content\/uploads\/Wooden-Xmas-Tree-USB-Flash-Drive-600x600.jpg 600w, https:\/\/www.usborkeychain.com\/wp-content\/uploads\/Wooden-Xmas-Tree-USB-Flash-Drive-100x100.jpg 100w\" sizes=\"(max-width: 800px) 100vw, 800px\" \/><\/figure>\n<\/div>\n<\/div>\n\n\n\n<h2 class=\"wp-block-heading\">Specifiche dell'unit\u00e0 USB<\/h2>\n\n\n\n<figure class=\"wp-block-table\"><table class=\"has-fixed-layout\"><thead><tr><th>Categoria di parametri<\/th><th>Dettagli<\/th><\/tr><\/thead><tbody><tr><td>Tipo di interfaccia<\/td><td>USB 2.0\/USB 3.0<\/td><\/tr><tr><td>Capacit\u00e0 di stoccaggio<\/td><td>8GB, 16GB, 32GB, 64GB, 128GB<\/td><\/tr><tr><td>Dimensioni (L\u00d7L\u00d7H)<\/td><td>60mm\u00d735mm\u00d715mm<\/td><\/tr><tr><td>Peso<\/td><td>Circa 20 grammi<\/td><\/tr><\/tbody><\/table><\/figure>\n\n\n\n<h2 class=\"wp-block-heading\">Opzioni personalizzabili<\/h2>\n\n\n\n<div class=\"wp-block-columns is-layout-flex wp-container-core-columns-is-layout-28f84493 wp-block-columns-is-layout-flex\">\n<div class=\"wp-block-column is-vertically-aligned-center is-layout-flow wp-block-column-is-layout-flow\">\n<h3 class=\"wp-block-heading\">Personalizzazione della forma<\/h3>\n\n\n\n<p>Oltre al classico design dell'albero di Natale, \u00e8 possibile apportare modifiche ai dettagli, come l'aggiunta di elementi decorativi (topper a stella, ornamenti per confezioni regalo), la regolazione degli strati della corona o la creazione di forme esclusive a tema natalizio. <\/p>\n\n\n\n<h3 class=\"wp-block-heading\">Personalizzazione del colore<\/h3>\n\n\n\n<p>La colorazione e la carbonizzazione del legno consentono di ottenere diversi colori. Le tonalit\u00e0 naturali del legno emanano freschezza, il marrone scuro offre un'atmosfera vintage, il rosso mordenzato si abbina ai temi natalizi e il nero carbonizzato presenta un aspetto di qualit\u00e0 superiore. <\/p>\n\n\n\n<h3 class=\"wp-block-heading\">Personalizzazione del logo<\/h3>\n\n\n\n<p>Grazie alle tecniche di incisione laser o di stampa a caldo, \u00e8 possibile personalizzare sulla superficie di legno i loghi aziendali, gli slogan natalizi (ad esempio, \"Merry Christmas\") e gli slogan del marchio. <\/p>\n<\/div>\n\n\n\n<div class=\"wp-block-column is-vertically-aligned-center is-layout-flow wp-block-column-is-layout-flow\">\n<figure class=\"wp-block-image size-full\"><img alt=\"\" decoding=\"async\" width=\"800\" height=\"800\" src=\"https:\/\/www.usborkeychain.com\/wp-content\/uploads\/Natural-Wood-Christmas-Tree-USB-Flash-Drive.jpg\" class=\"wp-image-4871\" srcset=\"https:\/\/www.usborkeychain.com\/wp-content\/uploads\/Natural-Wood-Christmas-Tree-USB-Flash-Drive.jpg 800w, https:\/\/www.usborkeychain.com\/wp-content\/uploads\/Natural-Wood-Christmas-Tree-USB-Flash-Drive-300x300.jpg 300w, https:\/\/www.usborkeychain.com\/wp-content\/uploads\/Natural-Wood-Christmas-Tree-USB-Flash-Drive-150x150.jpg 150w, https:\/\/www.usborkeychain.com\/wp-content\/uploads\/Natural-Wood-Christmas-Tree-USB-Flash-Drive-768x768.jpg 768w, https:\/\/www.usborkeychain.com\/wp-content\/uploads\/Natural-Wood-Christmas-Tree-USB-Flash-Drive-12x12.jpg 12w, https:\/\/www.usborkeychain.com\/wp-content\/uploads\/Natural-Wood-Christmas-Tree-USB-Flash-Drive-600x600.jpg 600w, https:\/\/www.usborkeychain.com\/wp-content\/uploads\/Natural-Wood-Christmas-Tree-USB-Flash-Drive-100x100.jpg 100w\" sizes=\"(max-width: 800px) 100vw, 800px\" \/><\/figure>\n<\/div>\n<\/div>\n\n\n\n<h2 class=\"wp-block-heading\">Per quali aziende?<\/h2>\n\n\n\n<div class=\"wp-block-columns is-layout-flex wp-container-core-columns-is-layout-28f84493 wp-block-columns-is-layout-flex\">\n<div class=\"wp-block-column is-vertically-aligned-center is-layout-flow wp-block-column-is-layout-flow\">\n<figure class=\"wp-block-image size-full\"><img alt=\"\" decoding=\"async\" width=\"800\" height=\"800\" src=\"https:\/\/www.usborkeychain.com\/wp-content\/uploads\/Handmade-Wooden-Christmas-Tree-USB-Flash-Drive.jpg\" class=\"wp-image-4869\" srcset=\"https:\/\/www.usborkeychain.com\/wp-content\/uploads\/Handmade-Wooden-Christmas-Tree-USB-Flash-Drive.jpg 800w, https:\/\/www.usborkeychain.com\/wp-content\/uploads\/Handmade-Wooden-Christmas-Tree-USB-Flash-Drive-300x300.jpg 300w, https:\/\/www.usborkeychain.com\/wp-content\/uploads\/Handmade-Wooden-Christmas-Tree-USB-Flash-Drive-150x150.jpg 150w, https:\/\/www.usborkeychain.com\/wp-content\/uploads\/Handmade-Wooden-Christmas-Tree-USB-Flash-Drive-768x768.jpg 768w, https:\/\/www.usborkeychain.com\/wp-content\/uploads\/Handmade-Wooden-Christmas-Tree-USB-Flash-Drive-12x12.jpg 12w, https:\/\/www.usborkeychain.com\/wp-content\/uploads\/Handmade-Wooden-Christmas-Tree-USB-Flash-Drive-600x600.jpg 600w, https:\/\/www.usborkeychain.com\/wp-content\/uploads\/Handmade-Wooden-Christmas-Tree-USB-Flash-Drive-100x100.jpg 100w\" sizes=\"(max-width: 800px) 100vw, 800px\" \/><\/figure>\n<\/div>\n\n\n\n<div class=\"wp-block-column is-vertically-aligned-center is-layout-flow wp-block-column-is-layout-flow\">\n<ul class=\"wp-block-list\">\n<li>Grandi magazzini: Come regali per i soci durante la stagione dello shopping natalizio<\/li>\n\n\n\n<li>Eventi pop-up del marchio: Caratterizzati da numeri scolpiti in edizione limitata sulla cima dell'albero, offerti come oggetti da collezione con acquisti minimi<\/li>\n\n\n\n<li>Multinazionali: Come regali per i dipendenti, incisi con i punti di riferimento delle filiali globali e precaricati con biglietti di auguri multilingue per il nuovo anno.<\/li>\n\n\n\n<li>Istituti scolastici: Per le attivit\u00e0 di reclutamento degli studenti<\/li>\n\n\n\n<li>Marchi automobilistici: Come regali per i clienti, con legno di noce tinto d'argento e disegni che riprendono il logo del marchio.<\/li>\n<\/ul>\n<\/div>\n<\/div>\n\n\n\n<div class=\"wp-block-columns is-layout-flex wp-container-core-columns-is-layout-28f84493 wp-block-columns-is-layout-flex\">\n<div class=\"wp-block-column is-layout-flow wp-block-column-is-layout-flow\">\n<p>Il <strong>Unit\u00e0 flash USB con albero di Natale in legno<\/strong> combina materiali ecologici, squisita fattura e pratica funzionalit\u00e0 di stoccaggio.<\/p>\n\n\n\n<p> Le sue specifiche versatili soddisfano diverse esigenze, mentre i servizi di personalizzazione aiutano le aziende a creare regali esclusivi per le festivit\u00e0.<\/p>\n\n\n\n<p> Dai rivenditori di regali di Natale ai settori del turismo culturale, della vendita al dettaglio e dell'istruzione, le aziende possono sfruttare il suo design creativo e il suo valore pratico per trasmettere gli auguri di Natale e rafforzare la comunicazione del marchio.<\/p>\n<\/div>\n\n\n\n<div class=\"wp-block-column is-layout-flow wp-block-column-is-layout-flow\">\n<figure class=\"wp-block-image size-full\"><img alt=\"\" loading=\"lazy\" decoding=\"async\" width=\"800\" height=\"800\" src=\"https:\/\/www.usborkeychain.com\/wp-content\/uploads\/Festive-Wooden-Tree-USB-Flash-Drive.jpg\" class=\"wp-image-4870\" srcset=\"https:\/\/www.usborkeychain.com\/wp-content\/uploads\/Festive-Wooden-Tree-USB-Flash-Drive.jpg 800w, https:\/\/www.usborkeychain.com\/wp-content\/uploads\/Festive-Wooden-Tree-USB-Flash-Drive-300x300.jpg 300w, https:\/\/www.usborkeychain.com\/wp-content\/uploads\/Festive-Wooden-Tree-USB-Flash-Drive-150x150.jpg 150w, https:\/\/www.usborkeychain.com\/wp-content\/uploads\/Festive-Wooden-Tree-USB-Flash-Drive-768x768.jpg 768w, https:\/\/www.usborkeychain.com\/wp-content\/uploads\/Festive-Wooden-Tree-USB-Flash-Drive-12x12.jpg 12w, https:\/\/www.usborkeychain.com\/wp-content\/uploads\/Festive-Wooden-Tree-USB-Flash-Drive-600x600.jpg 600w, https:\/\/www.usborkeychain.com\/wp-content\/uploads\/Festive-Wooden-Tree-USB-Flash-Drive-100x100.jpg 100w\" sizes=\"(max-width: 800px) 100vw, 800px\" \/><\/figure>\n<\/div>\n<\/div>","protected":false},"excerpt":{"rendered":"<ul>\n<li>Legno massiccio naturale<\/li>\n<li>Albero di Natale<\/li>\n<li>Protezione dell'ambiente<\/li>\n<li>Personalizzazione di logo e colore<\/li>\n<li>MOQ: 100PCS<\/li>\n<\/ul>","protected":false},"featured_media":4872,"comment_status":"open","ping_status":"closed","template":"","meta":{"_seopress_robots_primary_cat":"","_seopress_titles_title":"","_seopress_titles_desc":"","_seopress_robots_index":"","site-sidebar-layout":"default","site-content-layout":"","ast-site-content-layout":"","site-content-style":"default","site-sidebar-style":"default","ast-global-header-display":"","ast-banner-title-visibility":"","ast-main-header-display":"","ast-hfb-above-header-display":"","ast-hfb-below-header-display":"","ast-hfb-mobile-header-display":"","site-post-title":"","ast-breadcrumbs-content":"","ast-featured-img":"","footer-sml-layout":"","theme-transparent-header-meta":"","adv-header-id-meta":"","stick-header-meta":"","header-above-stick-meta":"","header-main-stick-meta":"","header-below-stick-meta":"","astra-migrate-meta-layouts":"default","ast-page-background-enabled":"default","ast-page-background-meta":{"desktop":{"background-color":"var(--ast-global-color-5)","background-image":"","background-repeat":"repeat","background-position":"center center","background-size":"auto","background-attachment":"scroll","background-type":"","background-media":"","overlay-type":"","overlay-color":"","overlay-opacity":"","overlay-gradient":""},"tablet":{"background-color":"","background-image":"","background-repeat":"repeat","background-position":"center center","background-size":"auto","background-attachment":"scroll","background-type":"","background-media":"","overlay-type":"","overlay-color":"","overlay-opacity":"","overlay-gradient":""},"mobile":{"background-color":"","background-image":"","background-repeat":"repeat","background-position":"center center","background-size":"auto","background-attachment":"scroll","background-type":"","background-media":"","overlay-type":"","overlay-color":"","overlay-opacity":"","overlay-gradient":""}},"ast-content-background-meta":{"desktop":{"background-color":"var(--ast-global-color-4)","background-image":"","background-repeat":"repeat","background-position":"center center","background-size":"auto","background-attachment":"scroll","background-type":"","background-media":"","overlay-type":"","overlay-color":"","overlay-opacity":"","overlay-gradient":""},"tablet":{"background-color":"var(--ast-global-color-4)","background-image":"","background-repeat":"repeat","background-position":"center center","background-size":"auto","background-attachment":"scroll","background-type":"","background-media":"","overlay-type":"","overlay-color":"","overlay-opacity":"","overlay-gradient":""},"mobile":{"background-color":"var(--ast-global-color-4)","background-image":"","background-repeat":"repeat","background-position":"center center","background-size":"auto","background-attachment":"scroll","background-type":"","background-media":"","overlay-type":"","overlay-color":"","overlay-opacity":"","overlay-gradient":""}}},"product_brand":[],"product_cat":[168],"product_tag":[299,241],"class_list":{"0":"post-4866","1":"product","2":"type-product","3":"status-publish","4":"has-post-thumbnail","6":"product_cat-wood-usb-flash-drive","7":"product_tag-wooden-christmas-tree-usb-flash-drive","8":"product_tag-wooden-usb-flash-drive","9":"desktop-align-left","10":"tablet-align-left","11":"mobile-align-left","13":"first","14":"instock","15":"shipping-taxable","16":"product-type-simple"},"_links":{"self":[{"href":"https:\/\/www.usborkeychain.com\/it\/wp-json\/wp\/v2\/product\/4866","targetHints":{"allow":["GET"]}}],"collection":[{"href":"https:\/\/www.usborkeychain.com\/it\/wp-json\/wp\/v2\/product"}],"about":[{"href":"https:\/\/www.usborkeychain.com\/it\/wp-json\/wp\/v2\/types\/product"}],"replies":[{"embeddable":true,"href":"https:\/\/www.usborkeychain.com\/it\/wp-json\/wp\/v2\/comments?post=4866"}],"wp:featuredmedia":[{"embeddable":true,"href":"https:\/\/www.usborkeychain.com\/it\/wp-json\/wp\/v2\/media\/4872"}],"wp:attachment":[{"href":"https:\/\/www.usborkeychain.com\/it\/wp-json\/wp\/v2\/media?parent=4866"}],"wp:term":[{"taxonomy":"product_brand","embeddable":true,"href":"https:\/\/www.usborkeychain.com\/it\/wp-json\/wp\/v2\/product_brand?post=4866"},{"taxonomy":"product_cat","embeddable":true,"href":"https:\/\/www.usborkeychain.com\/it\/wp-json\/wp\/v2\/product_cat?post=4866"},{"taxonomy":"product_tag","embeddable":true,"href":"https:\/\/www.usborkeychain.com\/it\/wp-json\/wp\/v2\/product_tag?post=4866"}],"curies":[{"name":"wp","href":"https:\/\/api.w.org\/{rel}","templated":true}]}}