{"id":4963,"date":"2025-07-28T13:15:50","date_gmt":"2025-07-28T13:15:50","guid":{"rendered":"https:\/\/www.usborkeychain.com\/?post_type=product&#038;p=4963"},"modified":"2025-07-29T00:51:24","modified_gmt":"2025-07-29T00:51:24","slug":"foldable-card-shaped-usb-drive","status":"publish","type":"product","link":"https:\/\/www.usborkeychain.com\/it\/prodotto\/foldable-card-shaped-usb-drive\/","title":{"rendered":"Unit\u00e0 USB pieghevole a forma di carta"},"content":{"rendered":"<div class=\"wp-block-columns is-layout-flex wp-container-core-columns-is-layout-28f84493 wp-block-columns-is-layout-flex\">\n<div class=\"wp-block-column is-vertically-aligned-center is-layout-flow wp-block-column-is-layout-flow\">\n<p>Il <strong>unit\u00e0 USB pieghevole a forma di scheda<\/strong> \u00e8 per lo pi\u00f9 costituito da materiali di alta qualit\u00e0 <strong>Plastica ABS<\/strong>. Questo materiale ha un'eccellente resistenza all'abrasione e agli urti, in grado di proteggere efficacemente i componenti di archiviazione interni. Il corpo principale dell'unit\u00e0 pu\u00f2 essere piegato a met\u00e0. Il corpo dell'unit\u00e0 USB \u00e8 completamente incorporato nello slot della scheda. Quando \u00e8 piegata, i contatti dorati dell'USB non sono affatto esposti e quando \u00e8 chiusa, l'interfaccia \u00e8 fisicamente isolata per evitare danni. \u00c8 altamente portatile e pu\u00f2 essere facilmente riposta in un portafoglio o in un porta biglietti da visita. Grazie alle eccellenti caratteristiche di sicurezza e privacy, \u00e8 comodo per l'uso quotidiano e pu\u00f2 salvaguardare la sicurezza dei dati.<\/p>\n<\/div>\n\n\n\n<div class=\"wp-block-column is-vertically-aligned-center is-layout-flow wp-block-column-is-layout-flow\">\n<figure class=\"wp-block-image size-full\"><img alt=\"\" fetchpriority=\"high\" decoding=\"async\" width=\"800\" height=\"800\" src=\"https:\/\/www.usborkeychain.com\/wp-content\/uploads\/custom-credit-card-usb-drive.png\" class=\"wp-image-4969\" srcset=\"https:\/\/www.usborkeychain.com\/wp-content\/uploads\/custom-credit-card-usb-drive.png 800w, https:\/\/www.usborkeychain.com\/wp-content\/uploads\/custom-credit-card-usb-drive-300x300.png 300w, https:\/\/www.usborkeychain.com\/wp-content\/uploads\/custom-credit-card-usb-drive-150x150.png 150w, https:\/\/www.usborkeychain.com\/wp-content\/uploads\/custom-credit-card-usb-drive-768x768.png 768w, https:\/\/www.usborkeychain.com\/wp-content\/uploads\/custom-credit-card-usb-drive-12x12.png 12w, https:\/\/www.usborkeychain.com\/wp-content\/uploads\/custom-credit-card-usb-drive-600x600.png 600w, https:\/\/www.usborkeychain.com\/wp-content\/uploads\/custom-credit-card-usb-drive-100x100.png 100w\" sizes=\"(max-width: 800px) 100vw, 800px\" \/><\/figure>\n<\/div>\n<\/div>\n\n\n\n<h2 class=\"wp-block-heading\">Parametri dell'unit\u00e0 USB<\/h2>\n\n\n\n<figure class=\"wp-block-table\"><table class=\"has-fixed-layout\"><thead><tr><th>Categoria di parametri<\/th><th>Contenuto specifico<\/th><\/tr><\/thead><tbody><tr><td>Capacit\u00e0 di stoccaggio<\/td><td>4GB, 8GB, 16GB, 32GB, 64GB, 128GB<br><\/td><\/tr><tr><td>Dimensioni (lunghezza \u00d7 larghezza \u00d7 spessore)<\/td><td>85mm\u00d754mm\u00d75mm<\/td><\/tr><tr><td>Peso<\/td><td>Circa 12-18 grammi<\/td><\/tr><\/tbody><\/table><\/figure>\n\n\n\n<h2 class=\"wp-block-heading\">\u00c8 disponibile la personalizzazione del modello?<\/h2>\n\n\n\n<div class=\"wp-block-columns is-layout-flex wp-container-core-columns-is-layout-28f84493 wp-block-columns-is-layout-flex\">\n<div class=\"wp-block-column is-vertically-aligned-center is-layout-flow wp-block-column-is-layout-flow\">\n<figure class=\"wp-block-image size-full\"><img alt=\"\" decoding=\"async\" width=\"800\" height=\"800\" src=\"https:\/\/www.usborkeychain.com\/wp-content\/uploads\/card-usb-drives.png\" class=\"wp-image-4967\" srcset=\"https:\/\/www.usborkeychain.com\/wp-content\/uploads\/card-usb-drives.png 800w, https:\/\/www.usborkeychain.com\/wp-content\/uploads\/card-usb-drives-300x300.png 300w, https:\/\/www.usborkeychain.com\/wp-content\/uploads\/card-usb-drives-150x150.png 150w, https:\/\/www.usborkeychain.com\/wp-content\/uploads\/card-usb-drives-768x768.png 768w, https:\/\/www.usborkeychain.com\/wp-content\/uploads\/card-usb-drives-12x12.png 12w, https:\/\/www.usborkeychain.com\/wp-content\/uploads\/card-usb-drives-600x600.png 600w, https:\/\/www.usborkeychain.com\/wp-content\/uploads\/card-usb-drives-100x100.png 100w\" sizes=\"(max-width: 800px) 100vw, 800px\" \/><\/figure>\n<\/div>\n\n\n\n<div class=\"wp-block-column is-vertically-aligned-center is-layout-flow wp-block-column-is-layout-flow\">\n<p>Il <strong>unit\u00e0 USB pieghevole a forma di scheda<\/strong> supporta un'ampia gamma di servizi di personalizzazione dei modelli. Tra i processi di stampa pi\u00f9 comuni vi \u00e8 la serigrafia, adatta per motivi monocolore o semplici multicolori. Ha un costo relativamente basso ed \u00e8 facile da usare, consentendo una rapida personalizzazione. <\/p>\n\n\n\n<p>La stampa a colori consente di ottenere una stampa di modelli a colori e ad alta definizione, restituendo con precisione disegni complessi e rendendo i modelli vividi. <\/p>\n\n\n\n<p>La stampa a trasferimento termico offre un'elevata durata dei colori e i motivi non sono facili da sbiadire o da staccare, in grado di creare effetti di personalizzazione di alta qualit\u00e0 per soddisfare i requisiti di budget e di qualit\u00e0 dei diversi clienti per la personalizzazione.<\/p>\n<\/div>\n<\/div>\n\n\n\n<h2 class=\"wp-block-heading\">Quanto costa l'unit\u00e0 USB pieghevole a forma di carta pi\u00f9 economica?<\/h2>\n\n\n\n<div class=\"wp-block-columns is-layout-flex wp-container-core-columns-is-layout-28f84493 wp-block-columns-is-layout-flex\">\n<div class=\"wp-block-column is-vertically-aligned-center is-layout-flow wp-block-column-is-layout-flow\">\n<p>Il prezzo del pi\u00f9 economico <strong>unit\u00e0 USB pieghevole a forma di scheda <\/strong>varia a seconda di fattori quali la capacit\u00e0, i requisiti di personalizzazione e la quantit\u00e0 dell'ordine. Si consiglia di consultare i fornitori prima dell'acquisto per ottenere un preventivo accurato.<\/p>\n<\/div>\n\n\n\n<div class=\"wp-block-column is-vertically-aligned-center is-layout-flow wp-block-column-is-layout-flow\">\n<figure class=\"wp-block-image size-full\"><img alt=\"\" decoding=\"async\" width=\"800\" height=\"800\" src=\"https:\/\/www.usborkeychain.com\/wp-content\/uploads\/credit-card-flash-drive.png\" class=\"wp-image-4968\" srcset=\"https:\/\/www.usborkeychain.com\/wp-content\/uploads\/credit-card-flash-drive.png 800w, https:\/\/www.usborkeychain.com\/wp-content\/uploads\/credit-card-flash-drive-300x300.png 300w, https:\/\/www.usborkeychain.com\/wp-content\/uploads\/credit-card-flash-drive-150x150.png 150w, https:\/\/www.usborkeychain.com\/wp-content\/uploads\/credit-card-flash-drive-768x768.png 768w, https:\/\/www.usborkeychain.com\/wp-content\/uploads\/credit-card-flash-drive-12x12.png 12w, https:\/\/www.usborkeychain.com\/wp-content\/uploads\/credit-card-flash-drive-600x600.png 600w, https:\/\/www.usborkeychain.com\/wp-content\/uploads\/credit-card-flash-drive-100x100.png 100w\" sizes=\"(max-width: 800px) 100vw, 800px\" \/><\/figure>\n<\/div>\n<\/div>\n\n\n\n<h2 class=\"wp-block-heading\">Chi pu\u00f2 usarlo?<\/h2>\n\n\n\n<div class=\"wp-block-columns is-layout-flex wp-container-core-columns-is-layout-28f84493 wp-block-columns-is-layout-flex\">\n<div class=\"wp-block-column is-vertically-aligned-center is-layout-flow wp-block-column-is-layout-flow\">\n<figure class=\"wp-block-image size-full\"><img alt=\"\" loading=\"lazy\" decoding=\"async\" width=\"800\" height=\"800\" src=\"https:\/\/www.usborkeychain.com\/wp-content\/uploads\/Fold-credit-Card-USB.png\" class=\"wp-image-4970\" srcset=\"https:\/\/www.usborkeychain.com\/wp-content\/uploads\/Fold-credit-Card-USB.png 800w, https:\/\/www.usborkeychain.com\/wp-content\/uploads\/Fold-credit-Card-USB-300x300.png 300w, https:\/\/www.usborkeychain.com\/wp-content\/uploads\/Fold-credit-Card-USB-150x150.png 150w, https:\/\/www.usborkeychain.com\/wp-content\/uploads\/Fold-credit-Card-USB-768x768.png 768w, https:\/\/www.usborkeychain.com\/wp-content\/uploads\/Fold-credit-Card-USB-12x12.png 12w, https:\/\/www.usborkeychain.com\/wp-content\/uploads\/Fold-credit-Card-USB-600x600.png 600w, https:\/\/www.usborkeychain.com\/wp-content\/uploads\/Fold-credit-Card-USB-100x100.png 100w\" sizes=\"(max-width: 800px) 100vw, 800px\" \/><\/figure>\n<\/div>\n\n\n\n<div class=\"wp-block-column is-vertically-aligned-center is-layout-flow wp-block-column-is-layout-flow\">\n<ul class=\"wp-block-list\">\n<li><strong>Persone d'affari<\/strong>: L'utilizzo di una chiavetta USB pieghevole a forma di cartolina stampata con il logo dell'azienda non solo presenta un'immagine professionale, ma aiuta anche a diffondere il marchio attraverso la carta.<\/li>\n\n\n\n<li><strong>Studenti<\/strong>: Dopo averlo piegato, non occupa molto spazio nell'astuccio o nello zaino. <\/li>\n\n\n\n<li><strong>Operatori culturali e creativi<\/strong>: La personalizzazione di modelli culturali e creativi unici lo rende non solo un pratico strumento di archiviazione, ma anche un vettore per lo spostamento creativo.<\/li>\n\n\n\n<li><strong>Organizzatori di eventi<\/strong>: Come souvenir dell'evento o regali promozionali, la personalizzazione di motivi e informazioni a tema pu\u00f2 diffondere continuamente l'influenza dell'evento e del marchio quando i partecipanti li usano nella vita quotidiana.<\/li>\n<\/ul>\n<\/div>\n<\/div>\n\n\n\n<div class=\"wp-block-columns is-layout-flex wp-container-core-columns-is-layout-28f84493 wp-block-columns-is-layout-flex\">\n<div class=\"wp-block-column is-vertically-aligned-center is-layout-flow wp-block-column-is-layout-flow\">\n<p>Il <strong>unit\u00e0 USB pieghevole a forma di scheda<\/strong>Grazie al suo innovativo design pieghevole e di stoccaggio, alle diverse opzioni di parametri e ai servizi di personalizzazione flessibili, \u00e8 adatto a diversi scenari e gruppi di utenti, come aziende, studi e settori culturali e creativi. <\/p>\n\n\n\n<p>Oltre a garantire la sicurezza dell'archiviazione dei dati, combina anche la portabilit\u00e0 e le funzioni promozionali. <\/p>\n\n\n\n<p>Sia che si tratti di soddisfare le esigenze di archiviazione quotidiane o di supportare la promozione del marchio aziendale, le sue prestazioni sono straordinarie, portando nuove e pratiche scelte nel mercato dei dispositivi di archiviazione.<\/p>\n<\/div>\n\n\n\n<div class=\"wp-block-column is-vertically-aligned-center is-layout-flow wp-block-column-is-layout-flow\">\n<figure class=\"wp-block-image size-full\"><img alt=\"\" loading=\"lazy\" decoding=\"async\" width=\"800\" height=\"800\" src=\"https:\/\/www.usborkeychain.com\/wp-content\/uploads\/Card-Flip-USB-Flash-Drive.png\" class=\"wp-image-4966\" srcset=\"https:\/\/www.usborkeychain.com\/wp-content\/uploads\/Card-Flip-USB-Flash-Drive.png 800w, https:\/\/www.usborkeychain.com\/wp-content\/uploads\/Card-Flip-USB-Flash-Drive-300x300.png 300w, https:\/\/www.usborkeychain.com\/wp-content\/uploads\/Card-Flip-USB-Flash-Drive-150x150.png 150w, https:\/\/www.usborkeychain.com\/wp-content\/uploads\/Card-Flip-USB-Flash-Drive-768x768.png 768w, https:\/\/www.usborkeychain.com\/wp-content\/uploads\/Card-Flip-USB-Flash-Drive-12x12.png 12w, https:\/\/www.usborkeychain.com\/wp-content\/uploads\/Card-Flip-USB-Flash-Drive-600x600.png 600w, https:\/\/www.usborkeychain.com\/wp-content\/uploads\/Card-Flip-USB-Flash-Drive-100x100.png 100w\" sizes=\"(max-width: 800px) 100vw, 800px\" \/><\/figure>\n<\/div>\n<\/div>","protected":false},"excerpt":{"rendered":"<ul>\n<li>Plastica ABS<\/li>\n<li>Design della carta<\/li>\n<li>Velocit\u00e0 pi\u00f9 elevata e alta qualit\u00e0<\/li>\n<li>Affidabile e sicuro<\/li>\n<li>MOQ: 100pcs<\/li>\n<\/ul>","protected":false},"featured_media":4970,"comment_status":"open","ping_status":"closed","template":"","meta":{"_seopress_robots_primary_cat":"","_seopress_titles_title":"","_seopress_titles_desc":"","_seopress_robots_index":"","site-sidebar-layout":"default","site-content-layout":"","ast-site-content-layout":"","site-content-style":"default","site-sidebar-style":"default","ast-global-header-display":"","ast-banner-title-visibility":"","ast-main-header-display":"","ast-hfb-above-header-display":"","ast-hfb-below-header-display":"","ast-hfb-mobile-header-display":"","site-post-title":"","ast-breadcrumbs-content":"","ast-featured-img":"","footer-sml-layout":"","theme-transparent-header-meta":"","adv-header-id-meta":"","stick-header-meta":"","header-above-stick-meta":"","header-main-stick-meta":"","header-below-stick-meta":"","astra-migrate-meta-layouts":"default","ast-page-background-enabled":"default","ast-page-background-meta":{"desktop":{"background-color":"var(--ast-global-color-5)","background-image":"","background-repeat":"repeat","background-position":"center center","background-size":"auto","background-attachment":"scroll","background-type":"","background-media":"","overlay-type":"","overlay-color":"","overlay-opacity":"","overlay-gradient":""},"tablet":{"background-color":"","background-image":"","background-repeat":"repeat","background-position":"center center","background-size":"auto","background-attachment":"scroll","background-type":"","background-media":"","overlay-type":"","overlay-color":"","overlay-opacity":"","overlay-gradient":""},"mobile":{"background-color":"","background-image":"","background-repeat":"repeat","background-position":"center center","background-size":"auto","background-attachment":"scroll","background-type":"","background-media":"","overlay-type":"","overlay-color":"","overlay-opacity":"","overlay-gradient":""}},"ast-content-background-meta":{"desktop":{"background-color":"var(--ast-global-color-4)","background-image":"","background-repeat":"repeat","background-position":"center center","background-size":"auto","background-attachment":"scroll","background-type":"","background-media":"","overlay-type":"","overlay-color":"","overlay-opacity":"","overlay-gradient":""},"tablet":{"background-color":"var(--ast-global-color-4)","background-image":"","background-repeat":"repeat","background-position":"center center","background-size":"auto","background-attachment":"scroll","background-type":"","background-media":"","overlay-type":"","overlay-color":"","overlay-opacity":"","overlay-gradient":""},"mobile":{"background-color":"var(--ast-global-color-4)","background-image":"","background-repeat":"repeat","background-position":"center center","background-size":"auto","background-attachment":"scroll","background-type":"","background-media":"","overlay-type":"","overlay-color":"","overlay-opacity":"","overlay-gradient":""}}},"product_brand":[],"product_cat":[96],"product_tag":[303,302],"class_list":{"0":"post-4963","1":"product","2":"type-product","3":"status-publish","4":"has-post-thumbnail","6":"product_cat-card-usb-pendrive","7":"product_tag-card-usb-flash-drive","8":"product_tag-foldable-card-shaped-usb-drive","9":"desktop-align-left","10":"tablet-align-left","11":"mobile-align-left","13":"first","14":"instock","15":"shipping-taxable","16":"product-type-simple"},"_links":{"self":[{"href":"https:\/\/www.usborkeychain.com\/it\/wp-json\/wp\/v2\/product\/4963","targetHints":{"allow":["GET"]}}],"collection":[{"href":"https:\/\/www.usborkeychain.com\/it\/wp-json\/wp\/v2\/product"}],"about":[{"href":"https:\/\/www.usborkeychain.com\/it\/wp-json\/wp\/v2\/types\/product"}],"replies":[{"embeddable":true,"href":"https:\/\/www.usborkeychain.com\/it\/wp-json\/wp\/v2\/comments?post=4963"}],"wp:featuredmedia":[{"embeddable":true,"href":"https:\/\/www.usborkeychain.com\/it\/wp-json\/wp\/v2\/media\/4970"}],"wp:attachment":[{"href":"https:\/\/www.usborkeychain.com\/it\/wp-json\/wp\/v2\/media?parent=4963"}],"wp:term":[{"taxonomy":"product_brand","embeddable":true,"href":"https:\/\/www.usborkeychain.com\/it\/wp-json\/wp\/v2\/product_brand?post=4963"},{"taxonomy":"product_cat","embeddable":true,"href":"https:\/\/www.usborkeychain.com\/it\/wp-json\/wp\/v2\/product_cat?post=4963"},{"taxonomy":"product_tag","embeddable":true,"href":"https:\/\/www.usborkeychain.com\/it\/wp-json\/wp\/v2\/product_tag?post=4963"}],"curies":[{"name":"wp","href":"https:\/\/api.w.org\/{rel}","templated":true}]}}