{"id":5063,"date":"2025-07-29T02:12:03","date_gmt":"2025-07-29T02:12:03","guid":{"rendered":"https:\/\/www.usborkeychain.com\/?post_type=product&#038;p=5063"},"modified":"2025-07-29T02:14:16","modified_gmt":"2025-07-29T02:14:16","slug":"bottle-opener-card-usb-flash-drive","status":"publish","type":"product","link":"https:\/\/www.usborkeychain.com\/it\/prodotto\/bottle-opener-card-usb-flash-drive\/","title":{"rendered":"Scheda apribottiglie Unit\u00e0 flash USB"},"content":{"rendered":"<div class=\"wp-block-columns is-layout-flex wp-container-core-columns-is-layout-28f84493 wp-block-columns-is-layout-flex\">\n<div class=\"wp-block-column is-vertically-aligned-center is-layout-flow wp-block-column-is-layout-flow\">\n<p>Il <strong>Scheda apribottiglie Unit\u00e0 flash USB<\/strong> \u00e8 costituito principalmente da materiali di alta qualit\u00e0 <strong>Materiale PVC<\/strong>che \u00e8 resistente, leggero e facile da stampare. Il materiale in PVC garantisce che la chiavetta USB non si danneggi facilmente durante l'uso quotidiano. Le dimensioni e la forma sono identiche a quelle di una normale carta bancaria, per cui \u00e8 facile da trasportare in un portafoglio, in una tasca o in una borsa.<\/p>\n\n\n\n<p>Componenti principali:<\/p>\n\n\n\n<ul class=\"wp-block-list\">\n<li>Plastica ecologica (materiale composito ABS+PC), spessore 2,5 mm, con bordi arrotondati per evitare graffi;<\/li>\n\n\n\n<li>Modulo apribottiglie: Acciaio inossidabile 304 incorporato nella parte inferiore della scheda, in grado di aprire in modo sicuro i tappi delle bottiglie;<\/li>\n\n\n\n<li>Interfaccia USB: Un'interfaccia metallica retrattile che si nasconde completamente quando viene ritratta, mantenendo l'integrit\u00e0 della scheda.<\/li>\n<\/ul>\n\n\n\n<p>In termini di design: Il <strong>apribottiglie e chiavetta USB<\/strong> sono perfettamente integrati in una scheda, che pu\u00f2 essere utilizzata quando \u00e8 aperta, risolvendo le esigenze di stoccaggio e di apertura delle bottiglie negli scenari di ristorazione.<\/p>\n<\/div>\n\n\n\n<div class=\"wp-block-column is-vertically-aligned-center is-layout-flow wp-block-column-is-layout-flow\">\n<figure class=\"wp-block-image size-full\"><img alt=\"\" fetchpriority=\"high\" decoding=\"async\" width=\"800\" height=\"800\" src=\"https:\/\/www.usborkeychain.com\/wp-content\/uploads\/Usb-Bottle-Opener-Flash-Drive.jpg\" class=\"wp-image-5071\" srcset=\"https:\/\/www.usborkeychain.com\/wp-content\/uploads\/Usb-Bottle-Opener-Flash-Drive.jpg 800w, https:\/\/www.usborkeychain.com\/wp-content\/uploads\/Usb-Bottle-Opener-Flash-Drive-300x300.jpg 300w, https:\/\/www.usborkeychain.com\/wp-content\/uploads\/Usb-Bottle-Opener-Flash-Drive-150x150.jpg 150w, https:\/\/www.usborkeychain.com\/wp-content\/uploads\/Usb-Bottle-Opener-Flash-Drive-768x768.jpg 768w, https:\/\/www.usborkeychain.com\/wp-content\/uploads\/Usb-Bottle-Opener-Flash-Drive-12x12.jpg 12w, https:\/\/www.usborkeychain.com\/wp-content\/uploads\/Usb-Bottle-Opener-Flash-Drive-600x600.jpg 600w, https:\/\/www.usborkeychain.com\/wp-content\/uploads\/Usb-Bottle-Opener-Flash-Drive-100x100.jpg 100w\" sizes=\"(max-width: 800px) 100vw, 800px\" \/><\/figure>\n<\/div>\n<\/div>\n\n\n\n<h2 class=\"wp-block-heading\">Parametri dell'unit\u00e0 flash USB<\/h2>\n\n\n\n<figure class=\"wp-block-table\"><table class=\"has-fixed-layout\"><thead><tr><th>Categoria di parametri<\/th><th>Dettagli specifici<\/th><\/tr><\/thead><tbody><tr><td>Capacit\u00e0<\/td><td>8GB, 16GB, 32GB, 64GB, 128GB<\/td><\/tr><tr><td>Dimensioni (lunghezza * larghezza * spessore)<\/td><td>Circa 86 mm \u00d7 54 mm \u00d7 2 mm<\/td><\/tr><tr><td>Peso<\/td><td>Circa 28 grammi<\/td><\/tr><tr><td>Tipo di interfaccia<\/td><td>USB 2.0 o USB 3.0<\/td><\/tr><tr><td>Materiale dell'apribottiglie<\/td><td>Integrato con il corpo principale, realizzato in PVC ad alta resistenza combinato con inserti metallici per garantire capacit\u00e0 di carico e durata durante l'apertura delle bottiglie<\/td><\/tr><\/tbody><\/table><\/figure>\n\n\n\n<h2 class=\"wp-block-heading\">Cosa si pu\u00f2 personalizzare?<\/h2>\n\n\n\n<div class=\"wp-block-columns is-layout-flex wp-container-core-columns-is-layout-28f84493 wp-block-columns-is-layout-flex\">\n<div class=\"wp-block-column is-vertically-aligned-center is-layout-flow wp-block-column-is-layout-flow\">\n<figure class=\"wp-block-image size-full\"><img alt=\"\" decoding=\"async\" width=\"800\" height=\"800\" src=\"https:\/\/www.usborkeychain.com\/wp-content\/uploads\/Card-Shape-Bottle-Opener-Flash-Drive.jpg\" class=\"wp-image-5069\" srcset=\"https:\/\/www.usborkeychain.com\/wp-content\/uploads\/Card-Shape-Bottle-Opener-Flash-Drive.jpg 800w, https:\/\/www.usborkeychain.com\/wp-content\/uploads\/Card-Shape-Bottle-Opener-Flash-Drive-300x300.jpg 300w, https:\/\/www.usborkeychain.com\/wp-content\/uploads\/Card-Shape-Bottle-Opener-Flash-Drive-150x150.jpg 150w, https:\/\/www.usborkeychain.com\/wp-content\/uploads\/Card-Shape-Bottle-Opener-Flash-Drive-768x768.jpg 768w, https:\/\/www.usborkeychain.com\/wp-content\/uploads\/Card-Shape-Bottle-Opener-Flash-Drive-12x12.jpg 12w, https:\/\/www.usborkeychain.com\/wp-content\/uploads\/Card-Shape-Bottle-Opener-Flash-Drive-600x600.jpg 600w, https:\/\/www.usborkeychain.com\/wp-content\/uploads\/Card-Shape-Bottle-Opener-Flash-Drive-100x100.jpg 100w\" sizes=\"(max-width: 800px) 100vw, 800px\" \/><\/figure>\n<\/div>\n\n\n\n<div class=\"wp-block-column is-vertically-aligned-center is-layout-flow wp-block-column-is-layout-flow\">\n<p>Il <strong>scheda apribottiglie Unit\u00e0 flash USB<\/strong> supporta la personalizzazione di modelli altamente personalizzati. I processi di stampa pi\u00f9 comuni includono:<\/p>\n\n\n\n<ul class=\"wp-block-list\">\n<li><strong>Stampa serigrafica<\/strong>: Un metodo di stampa comunemente utilizzato ed economico, adatto a motivi semplici, loghi e testi. L'inchiostro viene spremuto attraverso un retino sulla superficie del PVC per formare un segno durevole e vivido.<\/li>\n\n\n\n<li><strong>Stampa digitale<\/strong>: Adatto a disegni complessi e ad alta risoluzione, \u00e8 in grado di riprodurre con precisione immagini dettagliate, sfumature e colori ricchi, creando chiavette USB promozionali a colori e di grande qualit\u00e0.<\/li>\n\n\n\n<li><strong>Stampa UV<\/strong>: Pu\u00f2 creare un effetto di stampa pi\u00f9 tridimensionale e strutturato. L'inchiostro viene polimerizzato istantaneamente dalla luce ultravioletta, \u00e8 resistente all'usura e durevole. Pu\u00f2 anche ottenere texture speciali, come finiture opache o lucide.<\/li>\n<\/ul>\n<\/div>\n<\/div>\n\n\n\n<h2 class=\"wp-block-heading\">Aziende e scenari applicabili<\/h2>\n\n\n\n<div class=\"wp-block-columns is-layout-flex wp-container-core-columns-is-layout-28f84493 wp-block-columns-is-layout-flex\">\n<div class=\"wp-block-column is-layout-flow wp-block-column-is-layout-flow\">\n<h3 class=\"wp-block-heading\">Aziende applicabili<\/h3>\n\n\n\n<ul class=\"wp-block-list\">\n<li><strong>Imprese di bevande<\/strong>: Come ad esempio le aziende produttrici di birra. La personalizzazione delle chiavette USB con le immagini del marchio come regalo promozionale, combinando l'apribottiglie con la funzione di chiavetta USB, pu\u00f2 migliorare efficacemente la consapevolezza del marchio e la fedelt\u00e0 dei clienti.<\/li>\n\n\n\n<li><strong>Societ\u00e0 di pianificazione eventi<\/strong>: In occasione di eventi come festival musicali, feste aziendali e lanci di prodotti, la personalizzazione delle chiavette USB con i temi dell'evento come souvenir unici pu\u00f2 migliorare il ricordo dell'evento da parte dei partecipanti.<\/li>\n\n\n\n<li><strong>Fornitori di regali aziendali<\/strong>: Pu\u00f2 essere confezionato come regalo aziendale di alto livello. Le aziende possono personalizzare i loghi e regalarli a partner, dipendenti o clienti.<\/li>\n<\/ul>\n<\/div>\n\n\n\n<div class=\"wp-block-column is-vertically-aligned-top is-layout-flow wp-block-column-is-layout-flow\">\n<figure class=\"wp-block-image size-full\"><img alt=\"\" decoding=\"async\" width=\"800\" height=\"800\" src=\"https:\/\/www.usborkeychain.com\/wp-content\/uploads\/Card-USB-with-Opener.jpg\" class=\"wp-image-5068\" srcset=\"https:\/\/www.usborkeychain.com\/wp-content\/uploads\/Card-USB-with-Opener.jpg 800w, https:\/\/www.usborkeychain.com\/wp-content\/uploads\/Card-USB-with-Opener-300x300.jpg 300w, https:\/\/www.usborkeychain.com\/wp-content\/uploads\/Card-USB-with-Opener-150x150.jpg 150w, https:\/\/www.usborkeychain.com\/wp-content\/uploads\/Card-USB-with-Opener-768x768.jpg 768w, https:\/\/www.usborkeychain.com\/wp-content\/uploads\/Card-USB-with-Opener-12x12.jpg 12w, https:\/\/www.usborkeychain.com\/wp-content\/uploads\/Card-USB-with-Opener-600x600.jpg 600w, https:\/\/www.usborkeychain.com\/wp-content\/uploads\/Card-USB-with-Opener-100x100.jpg 100w\" sizes=\"(max-width: 800px) 100vw, 800px\" \/><\/figure>\n<\/div>\n<\/div>\n\n\n\n<div class=\"wp-block-columns is-layout-flex wp-container-core-columns-is-layout-28f84493 wp-block-columns-is-layout-flex\">\n<div class=\"wp-block-column is-layout-flow wp-block-column-is-layout-flow\">\n<h3 class=\"wp-block-heading\">Scenari applicabili<\/h3>\n\n\n\n<ul class=\"wp-block-list\">\n<li><strong>Incontri sociali<\/strong>: In occasione di feste, barbecue, picnic e cos\u00ec via, l'apribottiglie pu\u00f2 aprire le bevande in qualsiasi momento e la funzione flash drive USB pu\u00f2 essere utilizzata per condividere foto, video o musica dell'evento.<\/li>\n\n\n\n<li><strong>Viaggi d'affari<\/strong>: Gli uomini d'affari possono facilmente inserirlo in un portafoglio o in un portabiglietti da visita per conservare importanti documenti aziendali e presentazioni. Possono anche utilizzare la funzione di apribottiglie durante le cene di lavoro o le occasioni sociali dopo il lavoro.<\/li>\n\n\n\n<li><strong>Attivit\u00e0 promozionali<\/strong>: Nelle promozioni dei negozi, nelle mostre o nelle estrazioni a sorte online, le chiavette USB personalizzate possono attirare l'attenzione dei clienti. <\/li>\n<\/ul>\n<\/div>\n\n\n\n<div class=\"wp-block-column is-layout-flow wp-block-column-is-layout-flow\">\n<figure class=\"wp-block-image size-full\"><img alt=\"\" loading=\"lazy\" decoding=\"async\" width=\"800\" height=\"800\" src=\"https:\/\/www.usborkeychain.com\/wp-content\/uploads\/Bottle-opener-card-USB-flash-drive.jpg\" class=\"wp-image-5066\" srcset=\"https:\/\/www.usborkeychain.com\/wp-content\/uploads\/Bottle-opener-card-USB-flash-drive.jpg 800w, https:\/\/www.usborkeychain.com\/wp-content\/uploads\/Bottle-opener-card-USB-flash-drive-300x300.jpg 300w, https:\/\/www.usborkeychain.com\/wp-content\/uploads\/Bottle-opener-card-USB-flash-drive-150x150.jpg 150w, https:\/\/www.usborkeychain.com\/wp-content\/uploads\/Bottle-opener-card-USB-flash-drive-768x768.jpg 768w, https:\/\/www.usborkeychain.com\/wp-content\/uploads\/Bottle-opener-card-USB-flash-drive-12x12.jpg 12w, https:\/\/www.usborkeychain.com\/wp-content\/uploads\/Bottle-opener-card-USB-flash-drive-600x600.jpg 600w, https:\/\/www.usborkeychain.com\/wp-content\/uploads\/Bottle-opener-card-USB-flash-drive-100x100.jpg 100w\" sizes=\"(max-width: 800px) 100vw, 800px\" \/><\/figure>\n<\/div>\n<\/div>\n\n\n\n<div class=\"wp-block-columns is-layout-flex wp-container-core-columns-is-layout-28f84493 wp-block-columns-is-layout-flex\">\n<div class=\"wp-block-column is-vertically-aligned-center is-layout-flow wp-block-column-is-layout-flow\">\n<figure class=\"wp-block-image size-full\"><img alt=\"\" loading=\"lazy\" decoding=\"async\" width=\"800\" height=\"800\" src=\"https:\/\/www.usborkeychain.com\/wp-content\/uploads\/card-shaped-usb-drive-1.jpg\" class=\"wp-image-5070\" srcset=\"https:\/\/www.usborkeychain.com\/wp-content\/uploads\/card-shaped-usb-drive-1.jpg 800w, https:\/\/www.usborkeychain.com\/wp-content\/uploads\/card-shaped-usb-drive-1-300x300.jpg 300w, https:\/\/www.usborkeychain.com\/wp-content\/uploads\/card-shaped-usb-drive-1-150x150.jpg 150w, https:\/\/www.usborkeychain.com\/wp-content\/uploads\/card-shaped-usb-drive-1-768x768.jpg 768w, https:\/\/www.usborkeychain.com\/wp-content\/uploads\/card-shaped-usb-drive-1-12x12.jpg 12w, https:\/\/www.usborkeychain.com\/wp-content\/uploads\/card-shaped-usb-drive-1-600x600.jpg 600w, https:\/\/www.usborkeychain.com\/wp-content\/uploads\/card-shaped-usb-drive-1-100x100.jpg 100w\" sizes=\"(max-width: 800px) 100vw, 800px\" \/><\/figure>\n<\/div>\n\n\n\n<div class=\"wp-block-column is-vertically-aligned-center is-layout-flow wp-block-column-is-layout-flow\">\n<p>Il <strong>scheda apribottiglie USB flash<\/strong> <strong>guida<\/strong> \u00e8 un prodotto multifunzionale davvero innovativo. Il suo design unico, che combina un apribottiglie con una chiavetta USB di tipo card, lo fa risaltare sul mercato. Le ricche opzioni di personalizzazione lo rendono un eccellente strumento promozionale per le aziende. Le varie capacit\u00e0 e la portabilit\u00e0 soddisfano le esigenze di diversi utenti. Pu\u00f2 svolgere un ruolo importante in scenari sociali, viaggi di lavoro o attivit\u00e0 promozionali.<\/p>\n<\/div>\n\n\n\n<div class=\"wp-block-column is-vertically-aligned-center is-layout-flow wp-block-column-is-layout-flow\">\n<figure class=\"wp-block-image size-full\"><img alt=\"\" loading=\"lazy\" decoding=\"async\" width=\"800\" height=\"800\" src=\"https:\/\/www.usborkeychain.com\/wp-content\/uploads\/BottleOpener-Card-USB-drive.jpg\" class=\"wp-image-5067\" srcset=\"https:\/\/www.usborkeychain.com\/wp-content\/uploads\/BottleOpener-Card-USB-drive.jpg 800w, https:\/\/www.usborkeychain.com\/wp-content\/uploads\/BottleOpener-Card-USB-drive-300x300.jpg 300w, https:\/\/www.usborkeychain.com\/wp-content\/uploads\/BottleOpener-Card-USB-drive-150x150.jpg 150w, https:\/\/www.usborkeychain.com\/wp-content\/uploads\/BottleOpener-Card-USB-drive-768x768.jpg 768w, https:\/\/www.usborkeychain.com\/wp-content\/uploads\/BottleOpener-Card-USB-drive-12x12.jpg 12w, https:\/\/www.usborkeychain.com\/wp-content\/uploads\/BottleOpener-Card-USB-drive-600x600.jpg 600w, https:\/\/www.usborkeychain.com\/wp-content\/uploads\/BottleOpener-Card-USB-drive-100x100.jpg 100w\" sizes=\"(max-width: 800px) 100vw, 800px\" \/><\/figure>\n<\/div>\n<\/div>","protected":false},"excerpt":{"rendered":"<ul>\n<li>Materiale PVC<\/li>\n<li>Unit\u00e0 flash USB di tipo card<\/li>\n<li>Unit\u00e0 USB apribottiglie<\/li>\n<li>Personalizzazione dei modelli<\/li>\n<li>MOQ: 100pcs<\/li>\n<\/ul>","protected":false},"featured_media":5068,"comment_status":"open","ping_status":"closed","template":"","meta":{"_seopress_robots_primary_cat":"","_seopress_titles_title":"","_seopress_titles_desc":"","_seopress_robots_index":"","site-sidebar-layout":"default","site-content-layout":"","ast-site-content-layout":"","site-content-style":"default","site-sidebar-style":"default","ast-global-header-display":"","ast-banner-title-visibility":"","ast-main-header-display":"","ast-hfb-above-header-display":"","ast-hfb-below-header-display":"","ast-hfb-mobile-header-display":"","site-post-title":"","ast-breadcrumbs-content":"","ast-featured-img":"","footer-sml-layout":"","theme-transparent-header-meta":"","adv-header-id-meta":"","stick-header-meta":"","header-above-stick-meta":"","header-main-stick-meta":"","header-below-stick-meta":"","astra-migrate-meta-layouts":"default","ast-page-background-enabled":"default","ast-page-background-meta":{"desktop":{"background-color":"var(--ast-global-color-5)","background-image":"","background-repeat":"repeat","background-position":"center center","background-size":"auto","background-attachment":"scroll","background-type":"","background-media":"","overlay-type":"","overlay-color":"","overlay-opacity":"","overlay-gradient":""},"tablet":{"background-color":"","background-image":"","background-repeat":"repeat","background-position":"center center","background-size":"auto","background-attachment":"scroll","background-type":"","background-media":"","overlay-type":"","overlay-color":"","overlay-opacity":"","overlay-gradient":""},"mobile":{"background-color":"","background-image":"","background-repeat":"repeat","background-position":"center center","background-size":"auto","background-attachment":"scroll","background-type":"","background-media":"","overlay-type":"","overlay-color":"","overlay-opacity":"","overlay-gradient":""}},"ast-content-background-meta":{"desktop":{"background-color":"var(--ast-global-color-4)","background-image":"","background-repeat":"repeat","background-position":"center center","background-size":"auto","background-attachment":"scroll","background-type":"","background-media":"","overlay-type":"","overlay-color":"","overlay-opacity":"","overlay-gradient":""},"tablet":{"background-color":"var(--ast-global-color-4)","background-image":"","background-repeat":"repeat","background-position":"center center","background-size":"auto","background-attachment":"scroll","background-type":"","background-media":"","overlay-type":"","overlay-color":"","overlay-opacity":"","overlay-gradient":""},"mobile":{"background-color":"var(--ast-global-color-4)","background-image":"","background-repeat":"repeat","background-position":"center center","background-size":"auto","background-attachment":"scroll","background-type":"","background-media":"","overlay-type":"","overlay-color":"","overlay-opacity":"","overlay-gradient":""}}},"product_brand":[],"product_cat":[96],"product_tag":[307,303],"class_list":{"0":"post-5063","1":"product","2":"type-product","3":"status-publish","4":"has-post-thumbnail","6":"product_cat-card-usb-pendrive","7":"product_tag-bottle-opener-card-usb-flash-drive","8":"product_tag-card-usb-flash-drive","9":"desktop-align-left","10":"tablet-align-left","11":"mobile-align-left","13":"first","14":"instock","15":"shipping-taxable","16":"product-type-simple"},"_links":{"self":[{"href":"https:\/\/www.usborkeychain.com\/it\/wp-json\/wp\/v2\/product\/5063","targetHints":{"allow":["GET"]}}],"collection":[{"href":"https:\/\/www.usborkeychain.com\/it\/wp-json\/wp\/v2\/product"}],"about":[{"href":"https:\/\/www.usborkeychain.com\/it\/wp-json\/wp\/v2\/types\/product"}],"replies":[{"embeddable":true,"href":"https:\/\/www.usborkeychain.com\/it\/wp-json\/wp\/v2\/comments?post=5063"}],"wp:featuredmedia":[{"embeddable":true,"href":"https:\/\/www.usborkeychain.com\/it\/wp-json\/wp\/v2\/media\/5068"}],"wp:attachment":[{"href":"https:\/\/www.usborkeychain.com\/it\/wp-json\/wp\/v2\/media?parent=5063"}],"wp:term":[{"taxonomy":"product_brand","embeddable":true,"href":"https:\/\/www.usborkeychain.com\/it\/wp-json\/wp\/v2\/product_brand?post=5063"},{"taxonomy":"product_cat","embeddable":true,"href":"https:\/\/www.usborkeychain.com\/it\/wp-json\/wp\/v2\/product_cat?post=5063"},{"taxonomy":"product_tag","embeddable":true,"href":"https:\/\/www.usborkeychain.com\/it\/wp-json\/wp\/v2\/product_tag?post=5063"}],"curies":[{"name":"wp","href":"https:\/\/api.w.org\/{rel}","templated":true}]}}