{"id":5091,"date":"2025-07-29T10:33:25","date_gmt":"2025-07-29T10:33:25","guid":{"rendered":"https:\/\/www.usborkeychain.com\/?post_type=product&#038;p=5091"},"modified":"2025-08-01T14:49:50","modified_gmt":"2025-08-01T14:49:50","slug":"metal-card-shaped-usb-2-0-flash-drive","status":"publish","type":"product","link":"https:\/\/www.usborkeychain.com\/it\/prodotto\/metal-card-shaped-usb-2-0-flash-drive\/","title":{"rendered":"Unit\u00e0 flash USB 2.0 a forma di scheda in metallo"},"content":{"rendered":"<div class=\"wp-block-columns is-layout-flex wp-container-core-columns-is-layout-28f84493 wp-block-columns-is-layout-flex\">\n<div class=\"wp-block-column is-vertically-aligned-center is-layout-flow wp-block-column-is-layout-flow\">\n<h3 class=\"wp-block-heading\">Artigianato e materiali<\/h3>\n\n\n\n<p>Il<strong> unit\u00e0 flash USB 2.0 a forma di scheda<\/strong> \u00e8 realizzato in metallo e lavorato attraverso tecniche elaborate come la trafilatura e l'ossidazione. <\/p>\n\n\n\n<p>Questo gli conferisce una struttura fine, un'eccellente resistenza all'usura e alle cadute, proteggendo efficacemente il chip di memoria interno. Rispetto ai materiali plastici, il guscio in metallo non solo migliora la qualit\u00e0 del prodotto, ma ne aumenta anche la durata. \u00c8 meno probabile che si graffi o si deformi durante l'uso a lungo termine.<\/p>\n<\/div>\n\n\n\n<div class=\"wp-block-column is-vertically-aligned-center is-layout-flow wp-block-column-is-layout-flow\">\n<figure class=\"wp-block-image size-full\"><img alt=\"\" fetchpriority=\"high\" decoding=\"async\" width=\"800\" height=\"800\" src=\"https:\/\/www.usborkeychain.com\/wp-content\/uploads\/business-card-usb-drive-3.jpg\" class=\"wp-image-5095\" srcset=\"https:\/\/www.usborkeychain.com\/wp-content\/uploads\/business-card-usb-drive-3.jpg 800w, https:\/\/www.usborkeychain.com\/wp-content\/uploads\/business-card-usb-drive-3-300x300.jpg 300w, https:\/\/www.usborkeychain.com\/wp-content\/uploads\/business-card-usb-drive-3-150x150.jpg 150w, https:\/\/www.usborkeychain.com\/wp-content\/uploads\/business-card-usb-drive-3-768x768.jpg 768w, https:\/\/www.usborkeychain.com\/wp-content\/uploads\/business-card-usb-drive-3-12x12.jpg 12w, https:\/\/www.usborkeychain.com\/wp-content\/uploads\/business-card-usb-drive-3-600x600.jpg 600w, https:\/\/www.usborkeychain.com\/wp-content\/uploads\/business-card-usb-drive-3-100x100.jpg 100w\" sizes=\"(max-width: 800px) 100vw, 800px\" \/><\/figure>\n<\/div>\n<\/div>\n\n\n\n<div class=\"wp-block-columns is-layout-flex wp-container-core-columns-is-layout-28f84493 wp-block-columns-is-layout-flex\">\n<div class=\"wp-block-column is-vertically-aligned-center is-layout-flow wp-block-column-is-layout-flow\">\n<h3 class=\"wp-block-heading\">Interfaccia e velocit\u00e0 di trasferimento<\/h3>\n\n\n\n<p>Dotato di un'interfaccia USB 2.0, presenta un protocollo di trasmissione maturo e stabile, ampiamente compatibile con vari dispositivi, eliminando i problemi di compatibilit\u00e0 dell'interfaccia. La velocit\u00e0 di trasmissione teorica \u00e8 di 480 Mbps. Nell'uso reale, la velocit\u00e0 di lettura \u00e8 di circa 15 - 25MB\/s e la velocit\u00e0 di scrittura \u00e8 di circa 5 - 15MB\/s. Rispetto all'USB 3.0 (con una velocit\u00e0 teorica di 5Gbps e una velocit\u00e0 effettiva di lettura fino a 40-100MB\/s), l'USB 2.0 \u00e8 leggermente pi\u00f9 lento. Tuttavia, ha una maggiore compatibilit\u00e0 e un costo inferiore. \u00c8 in grado di soddisfare pienamente le esigenze di trasferimento dei dati quotidiani, come documenti e foto di piccola capacit\u00e0, e pu\u00f2 funzionare in modo stabile anche sui dispositivi pi\u00f9 vecchi.<\/p>\n<\/div>\n\n\n\n<div class=\"wp-block-column is-vertically-aligned-center is-layout-flow wp-block-column-is-layout-flow\">\n<figure class=\"wp-block-image size-full\"><img alt=\"\" decoding=\"async\" width=\"800\" height=\"800\" src=\"https:\/\/www.usborkeychain.com\/wp-content\/uploads\/wafer-usb-card-3.jpg\" class=\"wp-image-5106\" srcset=\"https:\/\/www.usborkeychain.com\/wp-content\/uploads\/wafer-usb-card-3.jpg 800w, https:\/\/www.usborkeychain.com\/wp-content\/uploads\/wafer-usb-card-3-300x300.jpg 300w, https:\/\/www.usborkeychain.com\/wp-content\/uploads\/wafer-usb-card-3-150x150.jpg 150w, https:\/\/www.usborkeychain.com\/wp-content\/uploads\/wafer-usb-card-3-768x768.jpg 768w, https:\/\/www.usborkeychain.com\/wp-content\/uploads\/wafer-usb-card-3-12x12.jpg 12w, https:\/\/www.usborkeychain.com\/wp-content\/uploads\/wafer-usb-card-3-600x600.jpg 600w, https:\/\/www.usborkeychain.com\/wp-content\/uploads\/wafer-usb-card-3-100x100.jpg 100w\" sizes=\"(max-width: 800px) 100vw, 800px\" \/><\/figure>\n<\/div>\n<\/div>\n\n\n\n<div class=\"wp-block-columns is-layout-flex wp-container-core-columns-is-layout-28f84493 wp-block-columns-is-layout-flex\">\n<div class=\"wp-block-column is-vertically-aligned-center is-layout-flow wp-block-column-is-layout-flow\">\n<p>Il <strong>Unit\u00e0 flash USB <\/strong>adotta un design a interfaccia nascosta. L'interfaccia pu\u00f2 essere estratta e ritratta in modo flessibile. Quando \u00e8 ritratta, si integra con il corpo a forma di carta, proteggendo l'interfaccia da eventuali danni e rendendo l'aspetto generale pi\u00f9 conciso e regolare. \u00c8 comodo da trasportare come una carta di metallo e pu\u00f2 essere facilmente inserito in un portafoglio o in un portabiglietti da visita.<\/p>\n<\/div>\n\n\n\n<div class=\"wp-block-column is-vertically-aligned-center is-layout-flow wp-block-column-is-layout-flow\">\n<figure class=\"wp-block-image size-full\"><img alt=\"\" decoding=\"async\" width=\"800\" height=\"800\" src=\"https:\/\/www.usborkeychain.com\/wp-content\/uploads\/custom-credit-card-usb-drive-2.jpg\" class=\"wp-image-5101\" srcset=\"https:\/\/www.usborkeychain.com\/wp-content\/uploads\/custom-credit-card-usb-drive-2.jpg 800w, https:\/\/www.usborkeychain.com\/wp-content\/uploads\/custom-credit-card-usb-drive-2-300x300.jpg 300w, https:\/\/www.usborkeychain.com\/wp-content\/uploads\/custom-credit-card-usb-drive-2-150x150.jpg 150w, https:\/\/www.usborkeychain.com\/wp-content\/uploads\/custom-credit-card-usb-drive-2-768x768.jpg 768w, https:\/\/www.usborkeychain.com\/wp-content\/uploads\/custom-credit-card-usb-drive-2-12x12.jpg 12w, https:\/\/www.usborkeychain.com\/wp-content\/uploads\/custom-credit-card-usb-drive-2-600x600.jpg 600w, https:\/\/www.usborkeychain.com\/wp-content\/uploads\/custom-credit-card-usb-drive-2-100x100.jpg 100w\" sizes=\"(max-width: 800px) 100vw, 800px\" \/><\/figure>\n<\/div>\n<\/div>\n\n\n\n<h2 class=\"wp-block-heading\">Parametri dell'unit\u00e0 flash USB<\/h2>\n\n\n\n<figure class=\"wp-block-table\"><table class=\"has-fixed-layout\"><thead><tr><th>Categoria di parametri<\/th><th>Specifiche tecniche<\/th><\/tr><\/thead><tbody><tr><td>Capacit\u00e0<\/td><td>8GB, 16GB, 32GB, 64GB, 128GB<\/td><\/tr><tr><td>Dimensioni (lunghezza * larghezza * spessore)<\/td><td>Circa 86 mm\u00d754 mm\u00d73 mm<\/td><\/tr><tr><td>Peso<\/td><td>Circa 20 grammi<\/td><\/tr><tr><td>Tipo di interfaccia<\/td><td>USB 2.0, altamente versatile e adattabile alla maggior parte dei computer, telefoni cellulari (con un adattatore) e altri dispositivi<\/td><\/tr><tr><td>Velocit\u00e0 di lettura\/scrittura<\/td><td>Lettura: Circa 15 - 25MB\/s; Scrittura: Circa 5 - 15MB\/s (le velocit\u00e0 effettive possono variare a seconda del dispositivo e dell'ambiente).<\/td><\/tr><\/tbody><\/table><\/figure>\n\n\n\n<h2 class=\"wp-block-heading\">Cosa si pu\u00f2 personalizzare?<\/h2>\n\n\n\n<div class=\"wp-block-columns is-layout-flex wp-container-core-columns-is-layout-28f84493 wp-block-columns-is-layout-flex\">\n<div class=\"wp-block-column is-vertically-aligned-center is-layout-flow wp-block-column-is-layout-flow\">\n<figure class=\"wp-block-image size-full\"><img alt=\"\" loading=\"lazy\" decoding=\"async\" width=\"800\" height=\"800\" src=\"https:\/\/www.usborkeychain.com\/wp-content\/uploads\/card-shaped-usb-drive-USB2.0.jpg\" class=\"wp-image-5097\" srcset=\"https:\/\/www.usborkeychain.com\/wp-content\/uploads\/card-shaped-usb-drive-USB2.0.jpg 800w, https:\/\/www.usborkeychain.com\/wp-content\/uploads\/card-shaped-usb-drive-USB2.0-300x300.jpg 300w, https:\/\/www.usborkeychain.com\/wp-content\/uploads\/card-shaped-usb-drive-USB2.0-150x150.jpg 150w, https:\/\/www.usborkeychain.com\/wp-content\/uploads\/card-shaped-usb-drive-USB2.0-768x768.jpg 768w, https:\/\/www.usborkeychain.com\/wp-content\/uploads\/card-shaped-usb-drive-USB2.0-12x12.jpg 12w, https:\/\/www.usborkeychain.com\/wp-content\/uploads\/card-shaped-usb-drive-USB2.0-600x600.jpg 600w, https:\/\/www.usborkeychain.com\/wp-content\/uploads\/card-shaped-usb-drive-USB2.0-100x100.jpg 100w\" sizes=\"(max-width: 800px) 100vw, 800px\" \/><\/figure>\n<\/div>\n\n\n\n<div class=\"wp-block-column is-vertically-aligned-center is-layout-flow wp-block-column-is-layout-flow\">\n<p>\u00c8 possibile personalizzare le carte metalliche in pi\u00f9 colori, come il classico nero, l'elegante argento, il vivace rosso e il fresco blu, per soddisfare le diverse esigenze estetiche e di colore del marchio.<\/p>\n\n\n\n<p>Anche i loghi possono essere personalizzati. Che si tratti del logo di un marchio aziendale, di un simbolo specifico di un evento o di un motivo creativo personale, pu\u00f2 essere presentato con precisione.<\/p>\n<\/div>\n\n\n\n<div class=\"wp-block-column is-vertically-aligned-center is-layout-flow wp-block-column-is-layout-flow\">\n<figure class=\"wp-block-image size-full\"><img alt=\"\" loading=\"lazy\" decoding=\"async\" width=\"800\" height=\"800\" src=\"https:\/\/www.usborkeychain.com\/wp-content\/uploads\/Business-card-flash-drives-USB2.0.jpg\" class=\"wp-image-5094\" srcset=\"https:\/\/www.usborkeychain.com\/wp-content\/uploads\/Business-card-flash-drives-USB2.0.jpg 800w, https:\/\/www.usborkeychain.com\/wp-content\/uploads\/Business-card-flash-drives-USB2.0-300x300.jpg 300w, https:\/\/www.usborkeychain.com\/wp-content\/uploads\/Business-card-flash-drives-USB2.0-150x150.jpg 150w, https:\/\/www.usborkeychain.com\/wp-content\/uploads\/Business-card-flash-drives-USB2.0-768x768.jpg 768w, https:\/\/www.usborkeychain.com\/wp-content\/uploads\/Business-card-flash-drives-USB2.0-12x12.jpg 12w, https:\/\/www.usborkeychain.com\/wp-content\/uploads\/Business-card-flash-drives-USB2.0-600x600.jpg 600w, https:\/\/www.usborkeychain.com\/wp-content\/uploads\/Business-card-flash-drives-USB2.0-100x100.jpg 100w\" sizes=\"(max-width: 800px) 100vw, 800px\" \/><\/figure>\n<\/div>\n<\/div>\n\n\n\n<h3 class=\"wp-block-heading\">Quali sono i processi di personalizzazione?<\/h3>\n\n\n\n<div class=\"wp-block-columns is-layout-flex wp-container-core-columns-is-layout-28f84493 wp-block-columns-is-layout-flex\">\n<div class=\"wp-block-column is-vertically-aligned-center is-layout-flow wp-block-column-is-layout-flow\">\n<figure class=\"wp-block-image size-full\"><img alt=\"\" loading=\"lazy\" decoding=\"async\" width=\"800\" height=\"800\" src=\"https:\/\/www.usborkeychain.com\/wp-content\/uploads\/card-flash-drive-USB2.0.jpg\" class=\"wp-image-5096\" srcset=\"https:\/\/www.usborkeychain.com\/wp-content\/uploads\/card-flash-drive-USB2.0.jpg 800w, https:\/\/www.usborkeychain.com\/wp-content\/uploads\/card-flash-drive-USB2.0-300x300.jpg 300w, https:\/\/www.usborkeychain.com\/wp-content\/uploads\/card-flash-drive-USB2.0-150x150.jpg 150w, https:\/\/www.usborkeychain.com\/wp-content\/uploads\/card-flash-drive-USB2.0-768x768.jpg 768w, https:\/\/www.usborkeychain.com\/wp-content\/uploads\/card-flash-drive-USB2.0-12x12.jpg 12w, https:\/\/www.usborkeychain.com\/wp-content\/uploads\/card-flash-drive-USB2.0-600x600.jpg 600w, https:\/\/www.usborkeychain.com\/wp-content\/uploads\/card-flash-drive-USB2.0-100x100.jpg 100w\" sizes=\"(max-width: 800px) 100vw, 800px\" \/><\/figure>\n<\/div>\n\n\n\n<div class=\"wp-block-column is-vertically-aligned-center is-layout-flow wp-block-column-is-layout-flow\">\n<p><strong>Incisione laser<\/strong>: I raggi laser ad alta energia vengono utilizzati per incidere motivi e testi sulla superficie metallica. Offre un'elevata precisione e linee chiare. I loghi e i motivi hanno una buona resistenza all'usura, non sono soggetti a sbiadimento o abrasione durante l'uso a lungo termine e possono mantenere a lungo l'effetto personalizzato. \u00c8 adatto per presentare disegni semplici e raffinati.<\/p>\n<\/div>\n\n\n\n<div class=\"wp-block-column is-vertically-aligned-center is-layout-flow wp-block-column-is-layout-flow\">\n<figure class=\"wp-block-image size-full\"><img alt=\"\" loading=\"lazy\" decoding=\"async\" width=\"800\" height=\"800\" src=\"https:\/\/www.usborkeychain.com\/wp-content\/uploads\/credit-card-usb-drive-USB2.0.jpg\" class=\"wp-image-5100\" srcset=\"https:\/\/www.usborkeychain.com\/wp-content\/uploads\/credit-card-usb-drive-USB2.0.jpg 800w, https:\/\/www.usborkeychain.com\/wp-content\/uploads\/credit-card-usb-drive-USB2.0-300x300.jpg 300w, https:\/\/www.usborkeychain.com\/wp-content\/uploads\/credit-card-usb-drive-USB2.0-150x150.jpg 150w, https:\/\/www.usborkeychain.com\/wp-content\/uploads\/credit-card-usb-drive-USB2.0-768x768.jpg 768w, https:\/\/www.usborkeychain.com\/wp-content\/uploads\/credit-card-usb-drive-USB2.0-12x12.jpg 12w, https:\/\/www.usborkeychain.com\/wp-content\/uploads\/credit-card-usb-drive-USB2.0-600x600.jpg 600w, https:\/\/www.usborkeychain.com\/wp-content\/uploads\/credit-card-usb-drive-USB2.0-100x100.jpg 100w\" sizes=\"(max-width: 800px) 100vw, 800px\" \/><\/figure>\n<\/div>\n<\/div>\n\n\n\n<div class=\"wp-block-columns is-layout-flex wp-container-core-columns-is-layout-28f84493 wp-block-columns-is-layout-flex\">\n<div class=\"wp-block-column is-vertically-aligned-center is-layout-flow wp-block-column-is-layout-flow\">\n<figure class=\"wp-block-image size-full\"><img alt=\"\" loading=\"lazy\" decoding=\"async\" width=\"800\" height=\"800\" src=\"https:\/\/www.usborkeychain.com\/wp-content\/uploads\/USB2.0-card-usb-flash-drive.jpg\" class=\"wp-image-5104\" srcset=\"https:\/\/www.usborkeychain.com\/wp-content\/uploads\/USB2.0-card-usb-flash-drive.jpg 800w, https:\/\/www.usborkeychain.com\/wp-content\/uploads\/USB2.0-card-usb-flash-drive-300x300.jpg 300w, https:\/\/www.usborkeychain.com\/wp-content\/uploads\/USB2.0-card-usb-flash-drive-150x150.jpg 150w, https:\/\/www.usborkeychain.com\/wp-content\/uploads\/USB2.0-card-usb-flash-drive-768x768.jpg 768w, https:\/\/www.usborkeychain.com\/wp-content\/uploads\/USB2.0-card-usb-flash-drive-12x12.jpg 12w, https:\/\/www.usborkeychain.com\/wp-content\/uploads\/USB2.0-card-usb-flash-drive-600x600.jpg 600w, https:\/\/www.usborkeychain.com\/wp-content\/uploads\/USB2.0-card-usb-flash-drive-100x100.jpg 100w\" sizes=\"(max-width: 800px) 100vw, 800px\" \/><\/figure>\n<\/div>\n\n\n\n<div class=\"wp-block-column is-vertically-aligned-center is-layout-flow wp-block-column-is-layout-flow\">\n<p><strong>Seta - Stampa serigrafica<\/strong>: L'inchiostro viene stampato sulla superficie metallica attraverso una serigrafia. Questo processo consente di ottenere una stampa ricca di colori e di motivi complessi, con una forte espressivit\u00e0 cromatica. Pu\u00f2 presentare effetti di sfumatura e giunzione multicolore, rendendo il contenuto personalizzato pi\u00f9 vivido e colorato. \u00c8 adatto per la realizzazione di loghi e motivi colorati e di grandi dimensioni.<\/p>\n<\/div>\n\n\n\n<div class=\"wp-block-column is-vertically-aligned-center is-layout-flow wp-block-column-is-layout-flow\">\n<figure class=\"wp-block-image size-full\"><img alt=\"\" loading=\"lazy\" decoding=\"async\" width=\"800\" height=\"800\" src=\"https:\/\/www.usborkeychain.com\/wp-content\/uploads\/sim-card-usb-drive-USB2.0.jpg\" class=\"wp-image-5102\" srcset=\"https:\/\/www.usborkeychain.com\/wp-content\/uploads\/sim-card-usb-drive-USB2.0.jpg 800w, https:\/\/www.usborkeychain.com\/wp-content\/uploads\/sim-card-usb-drive-USB2.0-300x300.jpg 300w, https:\/\/www.usborkeychain.com\/wp-content\/uploads\/sim-card-usb-drive-USB2.0-150x150.jpg 150w, https:\/\/www.usborkeychain.com\/wp-content\/uploads\/sim-card-usb-drive-USB2.0-768x768.jpg 768w, https:\/\/www.usborkeychain.com\/wp-content\/uploads\/sim-card-usb-drive-USB2.0-12x12.jpg 12w, https:\/\/www.usborkeychain.com\/wp-content\/uploads\/sim-card-usb-drive-USB2.0-600x600.jpg 600w, https:\/\/www.usborkeychain.com\/wp-content\/uploads\/sim-card-usb-drive-USB2.0-100x100.jpg 100w\" sizes=\"(max-width: 800px) 100vw, 800px\" \/><\/figure>\n<\/div>\n<\/div>\n\n\n\n<div class=\"wp-block-columns is-layout-flex wp-container-core-columns-is-layout-28f84493 wp-block-columns-is-layout-flex\">\n<div class=\"wp-block-column is-vertically-aligned-center is-layout-flow wp-block-column-is-layout-flow\">\n<figure class=\"wp-block-image size-full\"><img alt=\"\" loading=\"lazy\" decoding=\"async\" width=\"800\" height=\"800\" src=\"https:\/\/www.usborkeychain.com\/wp-content\/uploads\/USB2.0-flash-drive-card.jpg\" class=\"wp-image-5105\" srcset=\"https:\/\/www.usborkeychain.com\/wp-content\/uploads\/USB2.0-flash-drive-card.jpg 800w, https:\/\/www.usborkeychain.com\/wp-content\/uploads\/USB2.0-flash-drive-card-300x300.jpg 300w, https:\/\/www.usborkeychain.com\/wp-content\/uploads\/USB2.0-flash-drive-card-150x150.jpg 150w, https:\/\/www.usborkeychain.com\/wp-content\/uploads\/USB2.0-flash-drive-card-768x768.jpg 768w, https:\/\/www.usborkeychain.com\/wp-content\/uploads\/USB2.0-flash-drive-card-12x12.jpg 12w, https:\/\/www.usborkeychain.com\/wp-content\/uploads\/USB2.0-flash-drive-card-600x600.jpg 600w, https:\/\/www.usborkeychain.com\/wp-content\/uploads\/USB2.0-flash-drive-card-100x100.jpg 100w\" sizes=\"(max-width: 800px) 100vw, 800px\" \/><\/figure>\n<\/div>\n\n\n\n<div class=\"wp-block-column is-vertically-aligned-center is-layout-flow wp-block-column-is-layout-flow\">\n<p><strong>Anodizzazione e colorazione<\/strong>: Sulla superficie del metallo si forma prima un film di ossido e poi si procede alla colorazione. Il colore \u00e8 uniforme, con una forte adesione. Il colore personalizzato \u00e8 duraturo e stabile. Pu\u00f2 anche migliorare la durezza e la resistenza all'usura della superficie metallica, rendendo la chiavetta USB personalizzata a forma di scheda metallica bella e resistente.<\/p>\n<\/div>\n\n\n\n<div class=\"wp-block-column is-vertically-aligned-center is-layout-flow wp-block-column-is-layout-flow\">\n<figure class=\"wp-block-image size-full\"><img alt=\"\" loading=\"lazy\" decoding=\"async\" width=\"800\" height=\"800\" src=\"https:\/\/www.usborkeychain.com\/wp-content\/uploads\/card-usb-drives-1.jpg\" class=\"wp-image-5099\" srcset=\"https:\/\/www.usborkeychain.com\/wp-content\/uploads\/card-usb-drives-1.jpg 800w, https:\/\/www.usborkeychain.com\/wp-content\/uploads\/card-usb-drives-1-300x300.jpg 300w, https:\/\/www.usborkeychain.com\/wp-content\/uploads\/card-usb-drives-1-150x150.jpg 150w, https:\/\/www.usborkeychain.com\/wp-content\/uploads\/card-usb-drives-1-768x768.jpg 768w, https:\/\/www.usborkeychain.com\/wp-content\/uploads\/card-usb-drives-1-12x12.jpg 12w, https:\/\/www.usborkeychain.com\/wp-content\/uploads\/card-usb-drives-1-600x600.jpg 600w, https:\/\/www.usborkeychain.com\/wp-content\/uploads\/card-usb-drives-1-100x100.jpg 100w\" sizes=\"(max-width: 800px) 100vw, 800px\" \/><\/figure>\n<\/div>\n<\/div>\n\n\n\n<ul class=\"wp-block-list\">\n<li><\/li>\n<\/ul>\n\n\n\n<h2 class=\"wp-block-heading\">Che dire del costo e delle prestazioni dell'unit\u00e0 flash USB 2.0 a forma di scheda in metallo?<\/h2>\n\n\n\n<div class=\"wp-block-columns is-layout-flex wp-container-core-columns-is-layout-28f84493 wp-block-columns-is-layout-flex\">\n<div class=\"wp-block-column is-vertically-aligned-center is-layout-flow wp-block-column-is-layout-flow\">\n<p>Il <strong>unit\u00e0 flash USB 2.0 a forma di scheda in metallo<\/strong> ha un rapporto costo\/prestazioni relativamente elevato.<\/p>\n\n\n\n<p>Dal punto di vista dei costi, sebbene il materiale metallico e l'elaborata lavorazione ne facciano lievitare il costo rispetto alle chiavette USB a forma di scheda in plastica dello stesso tipo, la sua durata \u00e8 notevolmente migliorata, riducendo i costi di sostituzione causati da danni al dispositivo.<\/p>\n\n\n\n<p>In termini di funzioni e personalizzazione, pur soddisfacendo le esigenze quotidiane di archiviazione dei dati, offre ricche opzioni di personalizzazione. Se utilizzate dalle aziende per la promozione del marchio, le chiavette USB personalizzate con logo, sfruttando la loro pratica funzione di archiviazione, possono rimanere nelle mani degli utenti per molto tempo, ottenendo una continua esposizione del marchio. Il costo promozionale \u00e8 basso e l'effetto \u00e8 duraturo.<\/p>\n<\/div>\n\n\n\n<div class=\"wp-block-column is-layout-flow wp-block-column-is-layout-flow\">\n<figure class=\"wp-block-image size-full\"><img alt=\"\" loading=\"lazy\" decoding=\"async\" width=\"800\" height=\"800\" src=\"https:\/\/www.usborkeychain.com\/wp-content\/uploads\/usb-business-card-USB2.0.jpg\" class=\"wp-image-5103\" srcset=\"https:\/\/www.usborkeychain.com\/wp-content\/uploads\/usb-business-card-USB2.0.jpg 800w, https:\/\/www.usborkeychain.com\/wp-content\/uploads\/usb-business-card-USB2.0-300x300.jpg 300w, https:\/\/www.usborkeychain.com\/wp-content\/uploads\/usb-business-card-USB2.0-150x150.jpg 150w, https:\/\/www.usborkeychain.com\/wp-content\/uploads\/usb-business-card-USB2.0-768x768.jpg 768w, https:\/\/www.usborkeychain.com\/wp-content\/uploads\/usb-business-card-USB2.0-12x12.jpg 12w, https:\/\/www.usborkeychain.com\/wp-content\/uploads\/usb-business-card-USB2.0-600x600.jpg 600w, https:\/\/www.usborkeychain.com\/wp-content\/uploads\/usb-business-card-USB2.0-100x100.jpg 100w\" sizes=\"(max-width: 800px) 100vw, 800px\" \/><\/figure>\n<\/div>\n<\/div>","protected":false},"excerpt":{"rendered":"<ul>\n<li>Materiali metallici<\/li>\n<li>USB2.0<\/li>\n<li>Colori personalizzati<\/li>\n<li>Prestazioni ad alto costo<\/li>\n<li>MOQ: 100pcs<\/li>\n<\/ul>","protected":false},"featured_media":5095,"comment_status":"open","ping_status":"closed","template":"","meta":{"_seopress_robots_primary_cat":"none","_seopress_titles_title":"","_seopress_titles_desc":"","_seopress_robots_index":"","site-sidebar-layout":"default","site-content-layout":"","ast-site-content-layout":"","site-content-style":"default","site-sidebar-style":"default","ast-global-header-display":"","ast-banner-title-visibility":"","ast-main-header-display":"","ast-hfb-above-header-display":"","ast-hfb-below-header-display":"","ast-hfb-mobile-header-display":"","site-post-title":"","ast-breadcrumbs-content":"","ast-featured-img":"","footer-sml-layout":"","theme-transparent-header-meta":"","adv-header-id-meta":"","stick-header-meta":"","header-above-stick-meta":"","header-main-stick-meta":"","header-below-stick-meta":"","astra-migrate-meta-layouts":"default","ast-page-background-enabled":"default","ast-page-background-meta":{"desktop":{"background-color":"var(--ast-global-color-5)","background-image":"","background-repeat":"repeat","background-position":"center center","background-size":"auto","background-attachment":"scroll","background-type":"","background-media":"","overlay-type":"","overlay-color":"","overlay-opacity":"","overlay-gradient":""},"tablet":{"background-color":"","background-image":"","background-repeat":"repeat","background-position":"center center","background-size":"auto","background-attachment":"scroll","background-type":"","background-media":"","overlay-type":"","overlay-color":"","overlay-opacity":"","overlay-gradient":""},"mobile":{"background-color":"","background-image":"","background-repeat":"repeat","background-position":"center center","background-size":"auto","background-attachment":"scroll","background-type":"","background-media":"","overlay-type":"","overlay-color":"","overlay-opacity":"","overlay-gradient":""}},"ast-content-background-meta":{"desktop":{"background-color":"var(--ast-global-color-4)","background-image":"","background-repeat":"repeat","background-position":"center center","background-size":"auto","background-attachment":"scroll","background-type":"","background-media":"","overlay-type":"","overlay-color":"","overlay-opacity":"","overlay-gradient":""},"tablet":{"background-color":"var(--ast-global-color-4)","background-image":"","background-repeat":"repeat","background-position":"center center","background-size":"auto","background-attachment":"scroll","background-type":"","background-media":"","overlay-type":"","overlay-color":"","overlay-opacity":"","overlay-gradient":""},"mobile":{"background-color":"var(--ast-global-color-4)","background-image":"","background-repeat":"repeat","background-position":"center center","background-size":"auto","background-attachment":"scroll","background-type":"","background-media":"","overlay-type":"","overlay-color":"","overlay-opacity":"","overlay-gradient":""}}},"product_brand":[],"product_cat":[96,103],"product_tag":[343,311],"class_list":{"0":"post-5091","1":"product","2":"type-product","3":"status-publish","4":"has-post-thumbnail","6":"product_cat-card-usb-pendrive","7":"product_cat-usb2-0-usb-pendrive","8":"product_tag-metal-card-flash-drive","9":"product_tag-usb2-0-usb-pendrive","10":"desktop-align-left","11":"tablet-align-left","12":"mobile-align-left","14":"first","15":"instock","16":"shipping-taxable","17":"product-type-simple"},"_links":{"self":[{"href":"https:\/\/www.usborkeychain.com\/it\/wp-json\/wp\/v2\/product\/5091","targetHints":{"allow":["GET"]}}],"collection":[{"href":"https:\/\/www.usborkeychain.com\/it\/wp-json\/wp\/v2\/product"}],"about":[{"href":"https:\/\/www.usborkeychain.com\/it\/wp-json\/wp\/v2\/types\/product"}],"replies":[{"embeddable":true,"href":"https:\/\/www.usborkeychain.com\/it\/wp-json\/wp\/v2\/comments?post=5091"}],"wp:featuredmedia":[{"embeddable":true,"href":"https:\/\/www.usborkeychain.com\/it\/wp-json\/wp\/v2\/media\/5095"}],"wp:attachment":[{"href":"https:\/\/www.usborkeychain.com\/it\/wp-json\/wp\/v2\/media?parent=5091"}],"wp:term":[{"taxonomy":"product_brand","embeddable":true,"href":"https:\/\/www.usborkeychain.com\/it\/wp-json\/wp\/v2\/product_brand?post=5091"},{"taxonomy":"product_cat","embeddable":true,"href":"https:\/\/www.usborkeychain.com\/it\/wp-json\/wp\/v2\/product_cat?post=5091"},{"taxonomy":"product_tag","embeddable":true,"href":"https:\/\/www.usborkeychain.com\/it\/wp-json\/wp\/v2\/product_tag?post=5091"}],"curies":[{"name":"wp","href":"https:\/\/api.w.org\/{rel}","templated":true}]}}