{"id":5143,"date":"2025-07-29T13:41:54","date_gmt":"2025-07-29T13:41:54","guid":{"rendered":"https:\/\/www.usborkeychain.com\/?post_type=product&#038;p=5143"},"modified":"2025-08-01T14:49:31","modified_gmt":"2025-08-01T14:49:31","slug":"metal-card-shaped-usb-3-0-flash-drive","status":"publish","type":"product","link":"https:\/\/www.usborkeychain.com\/it\/prodotto\/metal-card-shaped-usb-3-0-flash-drive\/","title":{"rendered":"Unit\u00e0 flash USB 3.0 a forma di scheda in metallo"},"content":{"rendered":"<h3 class=\"wp-block-heading\">Artigianato e materiali<\/h3>\n\n\n\n<div class=\"wp-block-columns is-layout-flex wp-container-core-columns-is-layout-28f84493 wp-block-columns-is-layout-flex\">\n<div class=\"wp-block-column is-vertically-aligned-center is-layout-flow wp-block-column-is-layout-flow\">\n<figure class=\"wp-block-image size-full\"><img alt=\"\" fetchpriority=\"high\" decoding=\"async\" width=\"800\" height=\"800\" src=\"https:\/\/www.usborkeychain.com\/wp-content\/uploads\/credit-card-flash-drive-USB3.0.png\" class=\"wp-image-5146\" srcset=\"https:\/\/www.usborkeychain.com\/wp-content\/uploads\/credit-card-flash-drive-USB3.0.png 800w, https:\/\/www.usborkeychain.com\/wp-content\/uploads\/credit-card-flash-drive-USB3.0-300x300.png 300w, https:\/\/www.usborkeychain.com\/wp-content\/uploads\/credit-card-flash-drive-USB3.0-150x150.png 150w, https:\/\/www.usborkeychain.com\/wp-content\/uploads\/credit-card-flash-drive-USB3.0-768x768.png 768w, https:\/\/www.usborkeychain.com\/wp-content\/uploads\/credit-card-flash-drive-USB3.0-12x12.png 12w, https:\/\/www.usborkeychain.com\/wp-content\/uploads\/credit-card-flash-drive-USB3.0-600x600.png 600w, https:\/\/www.usborkeychain.com\/wp-content\/uploads\/credit-card-flash-drive-USB3.0-100x100.png 100w\" sizes=\"(max-width: 800px) 100vw, 800px\" \/><\/figure>\n<\/div>\n\n\n\n<div class=\"wp-block-column is-vertically-aligned-center is-layout-flow wp-block-column-is-layout-flow\">\n<p>Il <strong>Unit\u00e0 flash USB 3.0 a forma di scheda in metallo<\/strong> \u00e8 realizzato con materiali metallici di alta qualit\u00e0, come la lega di alluminio, e lavorato con tecniche precise come la trafilatura, l'anodizzazione e la lucidatura. Il guscio metallico non solo conferisce al prodotto una struttura robusta e raffinata, ma offre anche un'eccellente resistenza all'usura e alla corrosione. Anche se viene collegato, scollegato e trasportato frequentemente nell'uso quotidiano, \u00e8 in grado di resistere efficacemente a graffi e urti, mantenendo l'integrit\u00e0 del suo aspetto per lungo tempo e salvaguardando la sicurezza del chip di memoria interno.<\/p>\n<\/div>\n<\/div>\n\n\n\n<h2 class=\"wp-block-heading\">Interfaccia e vantaggi di trasmissione<\/h2>\n\n\n\n<div class=\"wp-block-columns is-layout-flex wp-container-core-columns-is-layout-28f84493 wp-block-columns-is-layout-flex\">\n<div class=\"wp-block-column is-vertically-aligned-center is-layout-flow wp-block-column-is-layout-flow\">\n<p>\u00c8 dotato di un <strong>Interfaccia USB 3.0<\/strong>che si identifica tipicamente per il suo nucleo in gomma blu (diverso dal nucleo in gomma nera dell'USB 2.0), una caratteristica distinta. Il cadheres \u00e8 un protocollo di trasmissione dati ad alta velocit\u00e0, con una velocit\u00e0 di trasmissione teorica fino a 5Gbps. Nelle applicazioni pratiche, la velocit\u00e0 di lettura pu\u00f2 raggiungere 40-100MB\/s e quella di scrittura 10-30MB\/s (con fluttuazioni che dipendono dal dispositivo e dal tipo di file). Rispetto all'USB 2.0 (con una velocit\u00e0 teorica di 480 Mbps e una velocit\u00e0 effettiva di lettura\/scrittura di circa 3 - 5 volte inferiore), l'USB 3.0 pu\u00f2 ridurre significativamente il tempo di trasferimento dei dati, soprattutto quando si trasferiscono video di grande capacit\u00e0, immagini ad alta definizione, pacchetti di installazione di software di grandi dimensioni e altri file.<\/p>\n<\/div>\n\n\n\n<div class=\"wp-block-column is-vertically-aligned-center is-layout-flow wp-block-column-is-layout-flow\">\n<figure class=\"wp-block-image size-full\"><img alt=\"\" decoding=\"async\" width=\"800\" height=\"800\" src=\"https:\/\/www.usborkeychain.com\/wp-content\/uploads\/credit-card-size-usb-drive.jpg\" class=\"wp-image-5147\" srcset=\"https:\/\/www.usborkeychain.com\/wp-content\/uploads\/credit-card-size-usb-drive.jpg 800w, https:\/\/www.usborkeychain.com\/wp-content\/uploads\/credit-card-size-usb-drive-300x300.jpg 300w, https:\/\/www.usborkeychain.com\/wp-content\/uploads\/credit-card-size-usb-drive-150x150.jpg 150w, https:\/\/www.usborkeychain.com\/wp-content\/uploads\/credit-card-size-usb-drive-768x768.jpg 768w, https:\/\/www.usborkeychain.com\/wp-content\/uploads\/credit-card-size-usb-drive-12x12.jpg 12w, https:\/\/www.usborkeychain.com\/wp-content\/uploads\/credit-card-size-usb-drive-600x600.jpg 600w, https:\/\/www.usborkeychain.com\/wp-content\/uploads\/credit-card-size-usb-drive-100x100.jpg 100w\" sizes=\"(max-width: 800px) 100vw, 800px\" \/><\/figure>\n<\/div>\n<\/div>\n\n\n\n<div class=\"wp-block-columns is-layout-flex wp-container-core-columns-is-layout-28f84493 wp-block-columns-is-layout-flex\">\n<div class=\"wp-block-column is-vertically-aligned-center is-layout-flow wp-block-column-is-layout-flow\">\n<p>Oltre al vantaggio della velocit\u00e0, l'USB 3.0 supporta la \"trasmissione asincrona\", che consente di alimentare il dispositivo durante il trasferimento dei dati. Anche la compatibilit\u00e0 \u00e8 stata ulteriormente ottimizzata, essendo adatta sia ai nuovi che ai vecchi dispositivi. Pu\u00f2 funzionare stabilmente su computer moderni, smart TV, console di gioco e altri dispositivi.<\/p>\n\n\n\n<p>Il <strong>Unit\u00e0 flash USB<\/strong> \u00e8 dotato di un design a interfaccia nascosta. L'interfaccia pu\u00f2 essere estratta e ritratta senza problemi. Quando \u00e8 ritratta, si integra con il corpo metallico a forma di scheda, proteggendo l'interfaccia dalla polvere e dai danni fisici e rendendo la forma complessiva pi\u00f9 concisa. Pu\u00f2 essere facilmente inserito in un portafoglio o in un portacarte come un biglietto da visita, offrendo la massima portabilit\u00e0.<\/p>\n<\/div>\n\n\n\n<div class=\"wp-block-column is-layout-flow wp-block-column-is-layout-flow\">\n<figure class=\"wp-block-image size-full\"><img alt=\"\" decoding=\"async\" width=\"800\" height=\"800\" src=\"https:\/\/www.usborkeychain.com\/wp-content\/uploads\/credit-card-usb-drives-USB3.0.png\" class=\"wp-image-5148\" srcset=\"https:\/\/www.usborkeychain.com\/wp-content\/uploads\/credit-card-usb-drives-USB3.0.png 800w, https:\/\/www.usborkeychain.com\/wp-content\/uploads\/credit-card-usb-drives-USB3.0-300x300.png 300w, https:\/\/www.usborkeychain.com\/wp-content\/uploads\/credit-card-usb-drives-USB3.0-150x150.png 150w, https:\/\/www.usborkeychain.com\/wp-content\/uploads\/credit-card-usb-drives-USB3.0-768x768.png 768w, https:\/\/www.usborkeychain.com\/wp-content\/uploads\/credit-card-usb-drives-USB3.0-12x12.png 12w, https:\/\/www.usborkeychain.com\/wp-content\/uploads\/credit-card-usb-drives-USB3.0-600x600.png 600w, https:\/\/www.usborkeychain.com\/wp-content\/uploads\/credit-card-usb-drives-USB3.0-100x100.png 100w\" sizes=\"(max-width: 800px) 100vw, 800px\" \/><\/figure>\n<\/div>\n<\/div>\n\n\n\n<div class=\"wp-block-columns is-layout-flex wp-container-core-columns-is-layout-28f84493 wp-block-columns-is-layout-flex\">\n<div class=\"wp-block-column is-vertically-aligned-center is-layout-flow wp-block-column-is-layout-flow\">\n<p>Attualmente, la crescente preferenza per <strong>Unit\u00e0 flash USB 3.0<\/strong> La causa principale \u00e8 da ricercarsi nei seguenti motivi. <strong>In primo luogo<\/strong>Con la crescita esplosiva del volume di dati, \u00e8 urgente trasferire file ad alta definizione e materiali di progetto su larga scala. Le prestazioni ad alta velocit\u00e0 dell'USB 3.0 possono risolvere efficacemente questo problema che richiede tempo. <strong>In secondo luogo<\/strong>La compatibilit\u00e0 dei dispositivi \u00e8 in continua espansione. I nuovi dispositivi supportano generalmente l'USB 3.0, mentre quelli vecchi possono essere adattati tramite adattatori, dando vita a un'ampia gamma di scenari applicativi. <strong>In terzo luogo<\/strong>La combinazione di materiali metallici e il design a forma di scheda soddisfano le esigenze degli utenti in termini di \"durata + portabilit\u00e0 + estetica\", rendendolo una scelta eccellente per i regali d'ufficio e la conservazione personale.<\/p>\n<\/div>\n\n\n\n<div class=\"wp-block-column is-vertically-aligned-center is-layout-flow wp-block-column-is-layout-flow\">\n<figure class=\"wp-block-image size-full\"><img alt=\"\" loading=\"lazy\" decoding=\"async\" width=\"800\" height=\"800\" src=\"https:\/\/www.usborkeychain.com\/wp-content\/uploads\/credit-card-usb-USB3.0.png\" class=\"wp-image-5149\" srcset=\"https:\/\/www.usborkeychain.com\/wp-content\/uploads\/credit-card-usb-USB3.0.png 800w, https:\/\/www.usborkeychain.com\/wp-content\/uploads\/credit-card-usb-USB3.0-300x300.png 300w, https:\/\/www.usborkeychain.com\/wp-content\/uploads\/credit-card-usb-USB3.0-150x150.png 150w, https:\/\/www.usborkeychain.com\/wp-content\/uploads\/credit-card-usb-USB3.0-768x768.png 768w, https:\/\/www.usborkeychain.com\/wp-content\/uploads\/credit-card-usb-USB3.0-12x12.png 12w, https:\/\/www.usborkeychain.com\/wp-content\/uploads\/credit-card-usb-USB3.0-600x600.png 600w, https:\/\/www.usborkeychain.com\/wp-content\/uploads\/credit-card-usb-USB3.0-100x100.png 100w\" sizes=\"(max-width: 800px) 100vw, 800px\" \/><\/figure>\n<\/div>\n<\/div>\n\n\n\n<h2 class=\"wp-block-heading\">Parametri dell'unit\u00e0 flash USB<\/h2>\n\n\n\n<figure class=\"wp-block-table\"><table class=\"has-fixed-layout\"><thead><tr><th>Categoria di parametri<\/th><th>Specifiche tecniche<\/th><\/tr><\/thead><tbody><tr><td>Capacit\u00e0<\/td><td>8GB, 16GB, 32GB, 64GB, 128GB, 256GB<\/td><\/tr><tr><td>Dimensioni (lunghezza * larghezza * spessore)<\/td><td>Circa 86 mm\u00d754 mm\u00d73 mm<\/td><\/tr><tr><td>Peso<\/td><td>Circa 12-20 grammi<\/td><\/tr><tr><td>Tipo di interfaccia<\/td><td><strong>USB 3.0, con gomma blu - interfaccia centrale<\/strong>verso il basso - compatibile con i dispositivi USB 2.0<\/td><\/tr><tr><td>Velocit\u00e0 di lettura\/scrittura<\/td><td>Lettura: 40 - 100MB\/s; Scrittura: 10 - 30MB\/s (le velocit\u00e0 effettive possono variare a seconda delle prestazioni del dispositivo e della frammentazione dei file)<\/td><\/tr><\/tbody><\/table><\/figure>\n\n\n\n<h3 class=\"wp-block-heading\">Cosa si pu\u00f2 personalizzare?<\/h3>\n\n\n\n<div class=\"wp-block-columns is-layout-flex wp-container-core-columns-is-layout-28f84493 wp-block-columns-is-layout-flex\">\n<div class=\"wp-block-column is-vertically-aligned-center is-layout-flow wp-block-column-is-layout-flow\">\n<p>Le opzioni di personalizzazione includono loghi aziendali, slogan di marca, modelli creativi, firme personali, ecc.<\/p>\n\n\n\n<p>Anche i colori possono essere personalizzati. Grazie a processi come l'anodizzazione e la colorazione, \u00e8 possibile ottenere una variet\u00e0 di colori come l'argento, l'oro, il nero e il blu per soddisfare le diverse esigenze estetiche e di colore del marchio.<\/p>\n<\/div>\n\n\n\n<div class=\"wp-block-column is-vertically-aligned-center is-layout-flow wp-block-column-is-layout-flow\">\n<figure class=\"wp-block-image size-full\"><img alt=\"\" loading=\"lazy\" decoding=\"async\" width=\"800\" height=\"800\" src=\"https:\/\/www.usborkeychain.com\/wp-content\/uploads\/USB3.0-credit-card-usb-flash-drive.png\" class=\"wp-image-5153\" srcset=\"https:\/\/www.usborkeychain.com\/wp-content\/uploads\/USB3.0-credit-card-usb-flash-drive.png 800w, https:\/\/www.usborkeychain.com\/wp-content\/uploads\/USB3.0-credit-card-usb-flash-drive-300x300.png 300w, https:\/\/www.usborkeychain.com\/wp-content\/uploads\/USB3.0-credit-card-usb-flash-drive-150x150.png 150w, https:\/\/www.usborkeychain.com\/wp-content\/uploads\/USB3.0-credit-card-usb-flash-drive-768x768.png 768w, https:\/\/www.usborkeychain.com\/wp-content\/uploads\/USB3.0-credit-card-usb-flash-drive-12x12.png 12w, https:\/\/www.usborkeychain.com\/wp-content\/uploads\/USB3.0-credit-card-usb-flash-drive-600x600.png 600w, https:\/\/www.usborkeychain.com\/wp-content\/uploads\/USB3.0-credit-card-usb-flash-drive-100x100.png 100w\" sizes=\"(max-width: 800px) 100vw, 800px\" \/><\/figure>\n<\/div>\n<\/div>\n\n\n\n<h3 class=\"wp-block-heading\">Quali sono i processi di personalizzazione?<\/h3>\n\n\n\n<div class=\"wp-block-columns is-layout-flex wp-container-core-columns-is-layout-28f84493 wp-block-columns-is-layout-flex\">\n<div class=\"wp-block-column is-vertically-aligned-center is-layout-flow wp-block-column-is-layout-flow\">\n<figure class=\"wp-block-image size-full\"><img alt=\"\" loading=\"lazy\" decoding=\"async\" width=\"800\" height=\"800\" src=\"https:\/\/www.usborkeychain.com\/wp-content\/uploads\/USB3.0-credit-card-usb-drive.jpg\" class=\"wp-image-5152\" srcset=\"https:\/\/www.usborkeychain.com\/wp-content\/uploads\/USB3.0-credit-card-usb-drive.jpg 800w, https:\/\/www.usborkeychain.com\/wp-content\/uploads\/USB3.0-credit-card-usb-drive-300x300.jpg 300w, https:\/\/www.usborkeychain.com\/wp-content\/uploads\/USB3.0-credit-card-usb-drive-150x150.jpg 150w, https:\/\/www.usborkeychain.com\/wp-content\/uploads\/USB3.0-credit-card-usb-drive-768x768.jpg 768w, https:\/\/www.usborkeychain.com\/wp-content\/uploads\/USB3.0-credit-card-usb-drive-12x12.jpg 12w, https:\/\/www.usborkeychain.com\/wp-content\/uploads\/USB3.0-credit-card-usb-drive-600x600.jpg 600w, https:\/\/www.usborkeychain.com\/wp-content\/uploads\/USB3.0-credit-card-usb-drive-100x100.jpg 100w\" sizes=\"(max-width: 800px) 100vw, 800px\" \/><\/figure>\n<\/div>\n\n\n\n<div class=\"wp-block-column is-vertically-aligned-center is-layout-flow wp-block-column-is-layout-flow\">\n<ul class=\"wp-block-list\">\n<li><strong>Incisione laser<\/strong>: I raggi laser ad alta energia vengono utilizzati per incidere motivi e testi sulla superficie del metallo. Offre una precisione estremamente elevata, con linee sottili e chiare. Il contenuto inciso ha un'eccellente resistenza all'usura e non sbiadisce o cade durante l'uso a lungo termine. \u00c8 adatto per presentare loghi semplici, testi fini e altri disegni con un'elevata precisione di restauro.<\/li>\n\n\n\n<li><strong>Incisione elettrochimica<\/strong>: I motivi si formano sulla superficie del metallo attraverso l'elettrolisi. Questo processo pu\u00f2 creare texture complesse ed effetti di colore sfumato, aggiungendo un senso di arte e stratificazione al contenuto personalizzato. \u00c8 adatto per creare motivi creativi e di grande superficie.<\/li>\n<\/ul>\n<\/div>\n<\/div>\n\n\n\n<div class=\"wp-block-columns is-layout-flex wp-container-core-columns-is-layout-28f84493 wp-block-columns-is-layout-flex\">\n<div class=\"wp-block-column is-vertically-aligned-center is-layout-flow wp-block-column-is-layout-flow\">\n<figure class=\"wp-block-image size-full\"><img alt=\"\" loading=\"lazy\" decoding=\"async\" width=\"800\" height=\"800\" src=\"https:\/\/www.usborkeychain.com\/wp-content\/uploads\/USB3.0-credit-card-thumb-drive.jpg\" class=\"wp-image-5151\" srcset=\"https:\/\/www.usborkeychain.com\/wp-content\/uploads\/USB3.0-credit-card-thumb-drive.jpg 800w, https:\/\/www.usborkeychain.com\/wp-content\/uploads\/USB3.0-credit-card-thumb-drive-300x300.jpg 300w, https:\/\/www.usborkeychain.com\/wp-content\/uploads\/USB3.0-credit-card-thumb-drive-150x150.jpg 150w, https:\/\/www.usborkeychain.com\/wp-content\/uploads\/USB3.0-credit-card-thumb-drive-768x768.jpg 768w, https:\/\/www.usborkeychain.com\/wp-content\/uploads\/USB3.0-credit-card-thumb-drive-12x12.jpg 12w, https:\/\/www.usborkeychain.com\/wp-content\/uploads\/USB3.0-credit-card-thumb-drive-600x600.jpg 600w, https:\/\/www.usborkeychain.com\/wp-content\/uploads\/USB3.0-credit-card-thumb-drive-100x100.jpg 100w\" sizes=\"(max-width: 800px) 100vw, 800px\" \/><\/figure>\n<\/div>\n\n\n\n<div class=\"wp-block-column is-vertically-aligned-center is-layout-flow wp-block-column-is-layout-flow\">\n<p><strong>Stampa UV a colori<\/strong>: I motivi a colori ad alta definizione sono stampati sulla superficie metallica con inchiostri polimerizzabili ai raggi ultravioletti. I colori sono altamente saturi con transizioni naturali, in grado di presentare perfettamente la qualit\u00e0 di una foto, aggiungendo ricchi effetti visivi alla personalizzazione. \u00c8 adatto alle esigenze di personalizzazione che richiedono colori vividi e immagini complesse.<\/p>\n<\/div>\n<\/div>\n\n\n\n<h2 class=\"wp-block-heading\">Qual \u00e8 il prezzo di questa unit\u00e0 flash USB?<\/h2>\n\n\n\n<div class=\"wp-block-columns is-layout-flex wp-container-core-columns-is-layout-28f84493 wp-block-columns-is-layout-flex\">\n<div class=\"wp-block-column is-vertically-aligned-center is-layout-flow wp-block-column-is-layout-flow\">\n<p>Il <strong>prezzo dell'unit\u00e0 flash USB 3.0 a forma di scheda in metallo<\/strong> \u00e8 influenzato da fattori quali la capacit\u00e0, il processo di personalizzazione e la quantit\u00e0 ordinata. Per i modelli normali con capacit\u00e0 di base (8GB - 16GB) e nessuna personalizzazione, il prezzo unitario \u00e8 di circa 15-30 yuan. I prodotti di media capacit\u00e0 (32GB - 64GB) hanno un prezzo compreso tra 30 e 60 yuan, mentre le versioni di grande capacit\u00e0 (128GB - 256GB) si aggirano intorno ai 60 - 150 yuan. In caso di servizi a valore aggiunto, come l'incisione del logo, la stampa di motivi a colori e la personalizzazione del colore, verranno addebitati ulteriori costi di personalizzazione. In genere, a seconda della complessit\u00e0 della personalizzazione e della quantit\u00e0 dell'ordine, viene aggiunto un supplemento di 5-30 yuan per pezzo. Per gli acquisti di grandi quantit\u00e0 (come gli ordini aziendali di oltre 100 pezzi), i produttori offrono alcuni sconti. Per conoscere i prezzi specifici, si prega di contattare i nostri rappresentanti del servizio clienti.<\/p>\n<\/div>\n\n\n\n<div class=\"wp-block-column is-vertically-aligned-center is-layout-flow wp-block-column-is-layout-flow\">\n<figure class=\"wp-block-image size-full\"><img alt=\"\" loading=\"lazy\" decoding=\"async\" width=\"800\" height=\"800\" src=\"https:\/\/www.usborkeychain.com\/wp-content\/uploads\/ultra-thin-credit-card-usb-flash-drive.jpg\" class=\"wp-image-5150\" srcset=\"https:\/\/www.usborkeychain.com\/wp-content\/uploads\/ultra-thin-credit-card-usb-flash-drive.jpg 800w, https:\/\/www.usborkeychain.com\/wp-content\/uploads\/ultra-thin-credit-card-usb-flash-drive-300x300.jpg 300w, https:\/\/www.usborkeychain.com\/wp-content\/uploads\/ultra-thin-credit-card-usb-flash-drive-150x150.jpg 150w, https:\/\/www.usborkeychain.com\/wp-content\/uploads\/ultra-thin-credit-card-usb-flash-drive-768x768.jpg 768w, https:\/\/www.usborkeychain.com\/wp-content\/uploads\/ultra-thin-credit-card-usb-flash-drive-12x12.jpg 12w, https:\/\/www.usborkeychain.com\/wp-content\/uploads\/ultra-thin-credit-card-usb-flash-drive-600x600.jpg 600w, https:\/\/www.usborkeychain.com\/wp-content\/uploads\/ultra-thin-credit-card-usb-flash-drive-100x100.jpg 100w\" sizes=\"(max-width: 800px) 100vw, 800px\" \/><\/figure>\n<\/div>\n<\/div>","protected":false},"excerpt":{"rendered":"<ul>\n<li>Materiali metallici<\/li>\n<li>Interfaccia USB 3.0<\/li>\n<li>USB 3.0 a forma di scheda<\/li>\n<li>Gomma blu - interfaccia del nucleo<\/li>\n<li>MOQ: 100pcs<\/li>\n<\/ul>","protected":false},"featured_media":5146,"comment_status":"open","ping_status":"closed","template":"","meta":{"_seopress_robots_primary_cat":"","_seopress_titles_title":"","_seopress_titles_desc":"","_seopress_robots_index":"","site-sidebar-layout":"default","site-content-layout":"","ast-site-content-layout":"","site-content-style":"default","site-sidebar-style":"default","ast-global-header-display":"","ast-banner-title-visibility":"","ast-main-header-display":"","ast-hfb-above-header-display":"","ast-hfb-below-header-display":"","ast-hfb-mobile-header-display":"","site-post-title":"","ast-breadcrumbs-content":"","ast-featured-img":"","footer-sml-layout":"","theme-transparent-header-meta":"","adv-header-id-meta":"","stick-header-meta":"","header-above-stick-meta":"","header-main-stick-meta":"","header-below-stick-meta":"","astra-migrate-meta-layouts":"default","ast-page-background-enabled":"default","ast-page-background-meta":{"desktop":{"background-color":"var(--ast-global-color-5)","background-image":"","background-repeat":"repeat","background-position":"center center","background-size":"auto","background-attachment":"scroll","background-type":"","background-media":"","overlay-type":"","overlay-color":"","overlay-opacity":"","overlay-gradient":""},"tablet":{"background-color":"","background-image":"","background-repeat":"repeat","background-position":"center center","background-size":"auto","background-attachment":"scroll","background-type":"","background-media":"","overlay-type":"","overlay-color":"","overlay-opacity":"","overlay-gradient":""},"mobile":{"background-color":"","background-image":"","background-repeat":"repeat","background-position":"center center","background-size":"auto","background-attachment":"scroll","background-type":"","background-media":"","overlay-type":"","overlay-color":"","overlay-opacity":"","overlay-gradient":""}},"ast-content-background-meta":{"desktop":{"background-color":"var(--ast-global-color-4)","background-image":"","background-repeat":"repeat","background-position":"center center","background-size":"auto","background-attachment":"scroll","background-type":"","background-media":"","overlay-type":"","overlay-color":"","overlay-opacity":"","overlay-gradient":""},"tablet":{"background-color":"var(--ast-global-color-4)","background-image":"","background-repeat":"repeat","background-position":"center center","background-size":"auto","background-attachment":"scroll","background-type":"","background-media":"","overlay-type":"","overlay-color":"","overlay-opacity":"","overlay-gradient":""},"mobile":{"background-color":"var(--ast-global-color-4)","background-image":"","background-repeat":"repeat","background-position":"center center","background-size":"auto","background-attachment":"scroll","background-type":"","background-media":"","overlay-type":"","overlay-color":"","overlay-opacity":"","overlay-gradient":""}}},"product_brand":[],"product_cat":[96,104],"product_tag":[343,313],"class_list":{"0":"post-5143","1":"product","2":"type-product","3":"status-publish","4":"has-post-thumbnail","6":"product_cat-card-usb-pendrive","7":"product_cat-usb3-0-usb-pendrive","8":"product_tag-metal-card-flash-drive","9":"product_tag-usb3-0-usb-pendrive","10":"desktop-align-left","11":"tablet-align-left","12":"mobile-align-left","14":"first","15":"instock","16":"shipping-taxable","17":"product-type-simple"},"_links":{"self":[{"href":"https:\/\/www.usborkeychain.com\/it\/wp-json\/wp\/v2\/product\/5143","targetHints":{"allow":["GET"]}}],"collection":[{"href":"https:\/\/www.usborkeychain.com\/it\/wp-json\/wp\/v2\/product"}],"about":[{"href":"https:\/\/www.usborkeychain.com\/it\/wp-json\/wp\/v2\/types\/product"}],"replies":[{"embeddable":true,"href":"https:\/\/www.usborkeychain.com\/it\/wp-json\/wp\/v2\/comments?post=5143"}],"wp:featuredmedia":[{"embeddable":true,"href":"https:\/\/www.usborkeychain.com\/it\/wp-json\/wp\/v2\/media\/5146"}],"wp:attachment":[{"href":"https:\/\/www.usborkeychain.com\/it\/wp-json\/wp\/v2\/media?parent=5143"}],"wp:term":[{"taxonomy":"product_brand","embeddable":true,"href":"https:\/\/www.usborkeychain.com\/it\/wp-json\/wp\/v2\/product_brand?post=5143"},{"taxonomy":"product_cat","embeddable":true,"href":"https:\/\/www.usborkeychain.com\/it\/wp-json\/wp\/v2\/product_cat?post=5143"},{"taxonomy":"product_tag","embeddable":true,"href":"https:\/\/www.usborkeychain.com\/it\/wp-json\/wp\/v2\/product_tag?post=5143"}],"curies":[{"name":"wp","href":"https:\/\/api.w.org\/{rel}","templated":true}]}}