{"id":5204,"date":"2025-07-30T02:55:39","date_gmt":"2025-07-30T02:55:39","guid":{"rendered":"https:\/\/www.usborkeychain.com\/?post_type=product&#038;p=5204"},"modified":"2025-08-16T03:07:40","modified_gmt":"2025-08-16T03:07:40","slug":"wooden-painted-usb-flash-drives","status":"publish","type":"product","link":"https:\/\/www.usborkeychain.com\/it\/prodotto\/wooden-painted-usb-flash-drives\/","title":{"rendered":"Chiavette USB dipinte in legno"},"content":{"rendered":"<div class=\"wp-block-columns is-layout-flex wp-container-core-columns-is-layout-28f84493 wp-block-columns-is-layout-flex\">\n<div class=\"wp-block-column is-vertically-aligned-center is-layout-flow wp-block-column-is-layout-flow\">\n<h3 class=\"wp-block-heading\">Materiale<\/h3>\n\n\n\n<p>Realizzato con materiali di alta qualit\u00e0 <strong>legno naturale<\/strong>Il legno \u00e8 stato conservato nella sua venatura originale, rendendo unico il disegno del legno di ogni unit\u00e0 USB e conferendo al prodotto una consistenza naturale.\u00a0<\/p>\n\n\n\n<p>In quanto risorsa rinnovabile, il legno garantisce un processo di produzione a basse emissioni di carbonio ed eco-compatibile, allineandosi al moderno concetto di \"<strong>consumo verde<\/strong>.&#8221;<\/p>\n\n\n\n<h3 class=\"wp-block-heading\">Leggero e portatile<\/h3>\n\n\n\n<p>Di forma rettangolare elegante e di dimensioni compatte, pesa solo 10 g. Pu\u00f2 essere facilmente riposto in un portafoglio, in un portachiavi o persino agganciato a un notebook, senza alcun peso durante i viaggi.<\/p>\n<\/div>\n\n\n\n<div class=\"wp-block-column is-vertically-aligned-center is-layout-flow wp-block-column-is-layout-flow\">\n<figure class=\"wp-block-image size-full\"><img alt=\"\" fetchpriority=\"high\" decoding=\"async\" width=\"800\" height=\"800\" src=\"https:\/\/www.usborkeychain.com\/wp-content\/uploads\/PastelWood-USB-Memory-Sticks.jpg\" class=\"wp-image-5216\" srcset=\"https:\/\/www.usborkeychain.com\/wp-content\/uploads\/PastelWood-USB-Memory-Sticks.jpg 800w, https:\/\/www.usborkeychain.com\/wp-content\/uploads\/PastelWood-USB-Memory-Sticks-300x300.jpg 300w, https:\/\/www.usborkeychain.com\/wp-content\/uploads\/PastelWood-USB-Memory-Sticks-150x150.jpg 150w, https:\/\/www.usborkeychain.com\/wp-content\/uploads\/PastelWood-USB-Memory-Sticks-768x768.jpg 768w, https:\/\/www.usborkeychain.com\/wp-content\/uploads\/PastelWood-USB-Memory-Sticks-12x12.jpg 12w, https:\/\/www.usborkeychain.com\/wp-content\/uploads\/PastelWood-USB-Memory-Sticks-600x600.jpg 600w, https:\/\/www.usborkeychain.com\/wp-content\/uploads\/PastelWood-USB-Memory-Sticks-100x100.jpg 100w\" sizes=\"(max-width: 800px) 100vw, 800px\" \/><\/figure>\n<\/div>\n<\/div>\n\n\n\n<div class=\"wp-block-columns is-layout-flex wp-container-core-columns-is-layout-28f84493 wp-block-columns-is-layout-flex\">\n<div class=\"wp-block-column is-vertically-aligned-center is-layout-flow wp-block-column-is-layout-flow\">\n<h3 class=\"wp-block-heading\">Pittura<\/h3>\n\n\n\n<ul class=\"wp-block-list\">\n<li><strong>Sistema colore<\/strong>: Copre i colori macaron (verde menta, blu Tiffany, rosa-viola, giallo caldo, ecc.), i colori Morandi (bassa saturazione con una sensazione di qualit\u00e0) e le tinte unite classiche (rosso puro, nero), soddisfacendo le diverse preferenze estetiche.<\/li>\n\n\n\n<li><strong>Garanzia di artigianato<\/strong>: Adotta una vernice ecologica a base d'acqua e una tecnologia di polimerizzazione UV, che garantisce colori brillanti e pieni, forte adesione e resistenza all'usura e ai graffi. \u00c8 atossica e innocua, ha superato la certificazione ambientale dell'UE e non presenta rischi per la sicurezza in caso di contatto a lungo termine.<\/li>\n<\/ul>\n<\/div>\n\n\n\n<div class=\"wp-block-column is-vertically-aligned-center is-layout-flow wp-block-column-is-layout-flow\">\n<figure class=\"wp-block-image size-full\"><img alt=\"\" decoding=\"async\" width=\"800\" height=\"800\" src=\"https:\/\/www.usborkeychain.com\/wp-content\/uploads\/RainbowWood-USB-Flash-Drives.jpg\" class=\"wp-image-5218\" srcset=\"https:\/\/www.usborkeychain.com\/wp-content\/uploads\/RainbowWood-USB-Flash-Drives.jpg 800w, https:\/\/www.usborkeychain.com\/wp-content\/uploads\/RainbowWood-USB-Flash-Drives-300x300.jpg 300w, https:\/\/www.usborkeychain.com\/wp-content\/uploads\/RainbowWood-USB-Flash-Drives-150x150.jpg 150w, https:\/\/www.usborkeychain.com\/wp-content\/uploads\/RainbowWood-USB-Flash-Drives-768x768.jpg 768w, https:\/\/www.usborkeychain.com\/wp-content\/uploads\/RainbowWood-USB-Flash-Drives-12x12.jpg 12w, https:\/\/www.usborkeychain.com\/wp-content\/uploads\/RainbowWood-USB-Flash-Drives-600x600.jpg 600w, https:\/\/www.usborkeychain.com\/wp-content\/uploads\/RainbowWood-USB-Flash-Drives-100x100.jpg 100w\" sizes=\"(max-width: 800px) 100vw, 800px\" \/><\/figure>\n<\/div>\n<\/div>\n\n\n\n<h2 class=\"wp-block-heading\">Parametri fondamentali dell'unit\u00e0 USB<\/h2>\n\n\n\n<figure class=\"wp-block-table\"><table class=\"has-fixed-layout\"><thead><tr><th>Categoria di parametri<\/th><th>Specifiche tecniche<\/th><\/tr><\/thead><tbody><tr><td>Capacit\u00e0<\/td><td>8GB, 16GB, 32GB, 64GB, 128GB<\/td><\/tr><tr><td>Dimensioni (L\u00d7L\u00d7H)<\/td><td>35 mm \u00d7 15 mm \u00d7 8 mm (con tolleranza di \u00b10,5 mm)<\/td><\/tr><tr><td>Peso<\/td><td>Circa 10 g<\/td><\/tr><tr><td>Tipo di interfaccia<\/td><td>USB 2.0 \/ USB 3.0<\/td><\/tr><\/tbody><\/table><\/figure>\n\n\n\n<h2 class=\"wp-block-heading\">Il LOGO e i modelli possono essere personalizzati? Quali sono i processi di personalizzazione?<\/h2>\n\n\n\n<div class=\"wp-block-columns are-vertically-aligned-center is-layout-flex wp-container-core-columns-is-layout-28f84493 wp-block-columns-is-layout-flex\">\n<div class=\"wp-block-column is-vertically-aligned-center is-layout-flow wp-block-column-is-layout-flow\">\n<figure class=\"wp-block-image size-full\"><img alt=\"\" decoding=\"async\" width=\"800\" height=\"800\" src=\"https:\/\/www.usborkeychain.com\/wp-content\/uploads\/VividHue-Wooden-USB-Drives.jpg\" class=\"wp-image-5219\" srcset=\"https:\/\/www.usborkeychain.com\/wp-content\/uploads\/VividHue-Wooden-USB-Drives.jpg 800w, https:\/\/www.usborkeychain.com\/wp-content\/uploads\/VividHue-Wooden-USB-Drives-300x300.jpg 300w, https:\/\/www.usborkeychain.com\/wp-content\/uploads\/VividHue-Wooden-USB-Drives-150x150.jpg 150w, https:\/\/www.usborkeychain.com\/wp-content\/uploads\/VividHue-Wooden-USB-Drives-768x768.jpg 768w, https:\/\/www.usborkeychain.com\/wp-content\/uploads\/VividHue-Wooden-USB-Drives-12x12.jpg 12w, https:\/\/www.usborkeychain.com\/wp-content\/uploads\/VividHue-Wooden-USB-Drives-600x600.jpg 600w, https:\/\/www.usborkeychain.com\/wp-content\/uploads\/VividHue-Wooden-USB-Drives-100x100.jpg 100w\" sizes=\"(max-width: 800px) 100vw, 800px\" \/><\/figure>\n<\/div>\n\n\n\n<div class=\"wp-block-column is-vertically-aligned-center is-layout-flow wp-block-column-is-layout-flow\">\n<h3 class=\"wp-block-heading\">Fattibilit\u00e0 della personalizzazione:<\/h3>\n\n\n\n<p>Che si tratti di un LOGO aziendale, di un modello di matrimonio, di una firma personale o di un'illustrazione creativa, tutto pu\u00f2 essere realizzato grazie a una lavorazione professionale.<\/p>\n\n\n\n<h3 class=\"wp-block-heading\">Processi di personalizzazione fondamentali:<\/h3>\n\n\n\n<ul class=\"wp-block-list\">\n<li><strong>Incisione laser<\/strong>: Utilizza il laser ad alta energia per bruciare la superficie del legno e incidere LOGO\/modelli. Adatto per disegni di testo e linee.<\/li>\n\n\n\n<li><strong>Stampa verniciata UV<\/strong>: Stampa direttamente i disegni sulla superficie del legno utilizzando l'inchiostro UV. Adatto per illustrazioni complesse e disegni basati su foto, \u00e8 resistente all'acqua e ai graffi.<\/li>\n\n\n\n<li><strong>Trasferimento di calore (processo avanzato)<\/strong>: Trasferisce i disegni da una pellicola di trasferimento al legno attraverso l'alta temperatura, richiedendo un pretrattamento con un rivestimento. Offre una migliore saturazione del colore rispetto alla stampa UV, adatta alla personalizzazione di massa con costi inferiori.<\/li>\n<\/ul>\n<\/div>\n<\/div>\n\n\n\n<h2 class=\"wp-block-heading\">L'unit\u00e0 USB dipinta in legno \u00e8 facile da rompere?<\/h2>\n\n\n\n<div class=\"wp-block-columns are-vertically-aligned-center is-layout-flex wp-container-core-columns-is-layout-28f84493 wp-block-columns-is-layout-flex\">\n<div class=\"wp-block-column is-vertically-aligned-center is-layout-flow wp-block-column-is-layout-flow\">\n<p>In condizioni di utilizzo normale, la sua durata \u00e8 paragonabile a quella delle normali unit\u00e0 USB, se non addirittura superiore!<\/p>\n\n\n\n<ul class=\"wp-block-list\">\n<li><strong>Aspetto strutturale<\/strong>: Il legno ha forti propriet\u00e0 ammortizzanti naturali. Rispetto alle unit\u00e0 USB in plastica, \u00e8 pi\u00f9 resistente a lievi cadute (riducendo i danni al chip dovuti alle vibrazioni). Il chip interno adotta il \"packaging incorporato\", che si adatta strettamente al legno, aumentando la resistenza agli urti di 30% (dati di laboratorio).<\/li>\n\n\n\n<li><strong>Aspetto materiale<\/strong>: Il legno ha una buona stabilit\u00e0 chimica e non \u00e8 soggetto a infragilimento dovuto a variazioni di temperatura (a differenza della plastica, che tende a rompersi a basse temperature). La superficie verniciata, indurita dai raggi UV, pu\u00f2 resistere a oltre 5.000 cicli di usura (molto pi\u00f9 di una normale vernice spray).<\/li>\n<\/ul>\n<\/div>\n\n\n\n<div class=\"wp-block-column is-vertically-aligned-center is-layout-flow wp-block-column-is-layout-flow\">\n<figure class=\"wp-block-image size-full\"><img alt=\"\" loading=\"lazy\" decoding=\"async\" width=\"800\" height=\"800\" src=\"https:\/\/www.usborkeychain.com\/wp-content\/uploads\/ArtPainted-Wood-Flash-Drives.jpg\" class=\"wp-image-5207\" srcset=\"https:\/\/www.usborkeychain.com\/wp-content\/uploads\/ArtPainted-Wood-Flash-Drives.jpg 800w, https:\/\/www.usborkeychain.com\/wp-content\/uploads\/ArtPainted-Wood-Flash-Drives-300x300.jpg 300w, https:\/\/www.usborkeychain.com\/wp-content\/uploads\/ArtPainted-Wood-Flash-Drives-150x150.jpg 150w, https:\/\/www.usborkeychain.com\/wp-content\/uploads\/ArtPainted-Wood-Flash-Drives-768x768.jpg 768w, https:\/\/www.usborkeychain.com\/wp-content\/uploads\/ArtPainted-Wood-Flash-Drives-12x12.jpg 12w, https:\/\/www.usborkeychain.com\/wp-content\/uploads\/ArtPainted-Wood-Flash-Drives-600x600.jpg 600w, https:\/\/www.usborkeychain.com\/wp-content\/uploads\/ArtPainted-Wood-Flash-Drives-100x100.jpg 100w\" sizes=\"(max-width: 800px) 100vw, 800px\" \/><\/figure>\n<\/div>\n<\/div>\n\n\n\n<h2 class=\"wp-block-heading\">Come mantenere l'unit\u00e0 USB dipinta in legno?<\/h2>\n\n\n\n<p><strong>Prevenzione dell'umidit\u00e0 e della muffa<\/strong>: Evitare il contatto con acqua e sudore. In caso di contaminazione, pulire immediatamente con un panno morbido e asciutto. Quando non viene utilizzato per lungo tempo, conservarlo in una scatola a prova di umidit\u00e0 (con un essiccante all'interno).<\/p>\n\n\n\n<p><strong>Prevenzione dei graffi e dell'usura<\/strong>: Evitare di mescolare il prodotto con chiavi e oggetti appuntiti. Conservare il pi\u00f9 possibile con il lato verniciato rivolto verso l'alto per ridurre l'attrito.<\/p>\n\n\n\n<p><strong>Collegare e scollegare correttamente la spina<\/strong>: Tenere il corpo principale dell'unit\u00e0 USB (non l'estremit\u00e0 verniciata) quando si collega o scollega l'unit\u00e0 per evitare che si allenti tra il legno e l'interfaccia del chip.<\/p>\n\n\n\n<p><strong>Attivazione regolare<\/strong>: Collegare il dispositivo e accenderlo per circa 10 minuti ogni 3 mesi per evitare l'ossidazione dei contatti del chip.<\/p>\n\n\n\n<div class=\"wp-block-columns is-layout-flex wp-container-core-columns-is-layout-28f84493 wp-block-columns-is-layout-flex\">\n<div class=\"wp-block-column is-layout-flow wp-block-column-is-layout-flow\">\n<figure class=\"wp-block-image size-full\"><img alt=\"\" loading=\"lazy\" decoding=\"async\" width=\"800\" height=\"800\" src=\"https:\/\/www.usborkeychain.com\/wp-content\/uploads\/ArtSplash-Wood-Memory-Sticks.jpg\" class=\"wp-image-5208\" srcset=\"https:\/\/www.usborkeychain.com\/wp-content\/uploads\/ArtSplash-Wood-Memory-Sticks.jpg 800w, https:\/\/www.usborkeychain.com\/wp-content\/uploads\/ArtSplash-Wood-Memory-Sticks-300x300.jpg 300w, https:\/\/www.usborkeychain.com\/wp-content\/uploads\/ArtSplash-Wood-Memory-Sticks-150x150.jpg 150w, https:\/\/www.usborkeychain.com\/wp-content\/uploads\/ArtSplash-Wood-Memory-Sticks-768x768.jpg 768w, https:\/\/www.usborkeychain.com\/wp-content\/uploads\/ArtSplash-Wood-Memory-Sticks-12x12.jpg 12w, https:\/\/www.usborkeychain.com\/wp-content\/uploads\/ArtSplash-Wood-Memory-Sticks-600x600.jpg 600w, https:\/\/www.usborkeychain.com\/wp-content\/uploads\/ArtSplash-Wood-Memory-Sticks-100x100.jpg 100w\" sizes=\"(max-width: 800px) 100vw, 800px\" \/><\/figure>\n<\/div>\n\n\n\n<div class=\"wp-block-column is-layout-flow wp-block-column-is-layout-flow\">\n<figure class=\"wp-block-image size-full\"><img alt=\"\" loading=\"lazy\" decoding=\"async\" width=\"800\" height=\"800\" src=\"https:\/\/www.usborkeychain.com\/wp-content\/uploads\/PaintedCharm-Wood-USB-drive.jpg\" class=\"wp-image-5215\" srcset=\"https:\/\/www.usborkeychain.com\/wp-content\/uploads\/PaintedCharm-Wood-USB-drive.jpg 800w, https:\/\/www.usborkeychain.com\/wp-content\/uploads\/PaintedCharm-Wood-USB-drive-300x300.jpg 300w, https:\/\/www.usborkeychain.com\/wp-content\/uploads\/PaintedCharm-Wood-USB-drive-150x150.jpg 150w, https:\/\/www.usborkeychain.com\/wp-content\/uploads\/PaintedCharm-Wood-USB-drive-768x768.jpg 768w, https:\/\/www.usborkeychain.com\/wp-content\/uploads\/PaintedCharm-Wood-USB-drive-12x12.jpg 12w, https:\/\/www.usborkeychain.com\/wp-content\/uploads\/PaintedCharm-Wood-USB-drive-600x600.jpg 600w, https:\/\/www.usborkeychain.com\/wp-content\/uploads\/PaintedCharm-Wood-USB-drive-100x100.jpg 100w\" sizes=\"(max-width: 800px) 100vw, 800px\" \/><\/figure>\n<\/div>\n\n\n\n<div class=\"wp-block-column is-layout-flow wp-block-column-is-layout-flow\">\n<figure class=\"wp-block-image size-full\"><img alt=\"\" loading=\"lazy\" decoding=\"async\" width=\"800\" height=\"800\" src=\"https:\/\/www.usborkeychain.com\/wp-content\/uploads\/PersonalArt-Wooden-USB-Drives.jpg\" class=\"wp-image-5217\" srcset=\"https:\/\/www.usborkeychain.com\/wp-content\/uploads\/PersonalArt-Wooden-USB-Drives.jpg 800w, https:\/\/www.usborkeychain.com\/wp-content\/uploads\/PersonalArt-Wooden-USB-Drives-300x300.jpg 300w, https:\/\/www.usborkeychain.com\/wp-content\/uploads\/PersonalArt-Wooden-USB-Drives-150x150.jpg 150w, https:\/\/www.usborkeychain.com\/wp-content\/uploads\/PersonalArt-Wooden-USB-Drives-768x768.jpg 768w, https:\/\/www.usborkeychain.com\/wp-content\/uploads\/PersonalArt-Wooden-USB-Drives-12x12.jpg 12w, https:\/\/www.usborkeychain.com\/wp-content\/uploads\/PersonalArt-Wooden-USB-Drives-600x600.jpg 600w, https:\/\/www.usborkeychain.com\/wp-content\/uploads\/PersonalArt-Wooden-USB-Drives-100x100.jpg 100w\" sizes=\"(max-width: 800px) 100vw, 800px\" \/><\/figure>\n<\/div>\n<\/div>\n\n\n\n<div class=\"wp-block-columns is-layout-flex wp-container-core-columns-is-layout-28f84493 wp-block-columns-is-layout-flex\">\n<div class=\"wp-block-column is-layout-flow wp-block-column-is-layout-flow\">\n<figure class=\"wp-block-image size-full\"><img alt=\"\" loading=\"lazy\" decoding=\"async\" width=\"800\" height=\"800\" src=\"https:\/\/www.usborkeychain.com\/wp-content\/uploads\/HandPainted-Wood-Flash-Drives.jpg\" class=\"wp-image-5214\" srcset=\"https:\/\/www.usborkeychain.com\/wp-content\/uploads\/HandPainted-Wood-Flash-Drives.jpg 800w, https:\/\/www.usborkeychain.com\/wp-content\/uploads\/HandPainted-Wood-Flash-Drives-300x300.jpg 300w, https:\/\/www.usborkeychain.com\/wp-content\/uploads\/HandPainted-Wood-Flash-Drives-150x150.jpg 150w, https:\/\/www.usborkeychain.com\/wp-content\/uploads\/HandPainted-Wood-Flash-Drives-768x768.jpg 768w, https:\/\/www.usborkeychain.com\/wp-content\/uploads\/HandPainted-Wood-Flash-Drives-12x12.jpg 12w, https:\/\/www.usborkeychain.com\/wp-content\/uploads\/HandPainted-Wood-Flash-Drives-600x600.jpg 600w, https:\/\/www.usborkeychain.com\/wp-content\/uploads\/HandPainted-Wood-Flash-Drives-100x100.jpg 100w\" sizes=\"(max-width: 800px) 100vw, 800px\" \/><\/figure>\n<\/div>\n\n\n\n<div class=\"wp-block-column is-layout-flow wp-block-column-is-layout-flow\">\n<figure class=\"wp-block-image size-full\"><img alt=\"\" loading=\"lazy\" decoding=\"async\" width=\"800\" height=\"800\" src=\"https:\/\/www.usborkeychain.com\/wp-content\/uploads\/ElegantPaint-Wood-USB-drive.jpg\" class=\"wp-image-5213\" srcset=\"https:\/\/www.usborkeychain.com\/wp-content\/uploads\/ElegantPaint-Wood-USB-drive.jpg 800w, https:\/\/www.usborkeychain.com\/wp-content\/uploads\/ElegantPaint-Wood-USB-drive-300x300.jpg 300w, https:\/\/www.usborkeychain.com\/wp-content\/uploads\/ElegantPaint-Wood-USB-drive-150x150.jpg 150w, https:\/\/www.usborkeychain.com\/wp-content\/uploads\/ElegantPaint-Wood-USB-drive-768x768.jpg 768w, https:\/\/www.usborkeychain.com\/wp-content\/uploads\/ElegantPaint-Wood-USB-drive-12x12.jpg 12w, https:\/\/www.usborkeychain.com\/wp-content\/uploads\/ElegantPaint-Wood-USB-drive-600x600.jpg 600w, https:\/\/www.usborkeychain.com\/wp-content\/uploads\/ElegantPaint-Wood-USB-drive-100x100.jpg 100w\" sizes=\"(max-width: 800px) 100vw, 800px\" \/><\/figure>\n<\/div>\n\n\n\n<div class=\"wp-block-column is-layout-flow wp-block-column-is-layout-flow\">\n<figure class=\"wp-block-image size-full\"><img alt=\"\" loading=\"lazy\" decoding=\"async\" width=\"800\" height=\"800\" src=\"https:\/\/www.usborkeychain.com\/wp-content\/uploads\/ChicPainted-Wood-Memory-Stick.jpg\" class=\"wp-image-5209\" srcset=\"https:\/\/www.usborkeychain.com\/wp-content\/uploads\/ChicPainted-Wood-Memory-Stick.jpg 800w, https:\/\/www.usborkeychain.com\/wp-content\/uploads\/ChicPainted-Wood-Memory-Stick-300x300.jpg 300w, https:\/\/www.usborkeychain.com\/wp-content\/uploads\/ChicPainted-Wood-Memory-Stick-150x150.jpg 150w, https:\/\/www.usborkeychain.com\/wp-content\/uploads\/ChicPainted-Wood-Memory-Stick-768x768.jpg 768w, https:\/\/www.usborkeychain.com\/wp-content\/uploads\/ChicPainted-Wood-Memory-Stick-12x12.jpg 12w, https:\/\/www.usborkeychain.com\/wp-content\/uploads\/ChicPainted-Wood-Memory-Stick-600x600.jpg 600w, https:\/\/www.usborkeychain.com\/wp-content\/uploads\/ChicPainted-Wood-Memory-Stick-100x100.jpg 100w\" sizes=\"(max-width: 800px) 100vw, 800px\" \/><\/figure>\n<\/div>\n<\/div>\n\n\n\n<div class=\"wp-block-columns are-vertically-aligned-center is-layout-flex wp-container-core-columns-is-layout-28f84493 wp-block-columns-is-layout-flex\">\n<div class=\"wp-block-column is-vertically-aligned-center is-layout-flow wp-block-column-is-layout-flow\">\n<p>Il<strong> unit\u00e0 USB dipinta in legno,<\/strong> a base di legno rinnovabile, conferisce calore e valore estetico ai prodotti tecnologici. La sua portabilit\u00e0, il suo potenziale di personalizzazione e le sue caratteristiche ecologiche lo rendono pi\u00f9 di un semplice strumento, ma un delicato vettore di espressione emotiva e comunicazione culturale.<\/p>\n<\/div>\n\n\n\n<div class=\"wp-block-column is-vertically-aligned-center is-layout-flow wp-block-column-is-layout-flow\">\n<figure class=\"wp-block-image size-full\"><img alt=\"\" loading=\"lazy\" decoding=\"async\" width=\"800\" height=\"800\" src=\"https:\/\/www.usborkeychain.com\/wp-content\/uploads\/CustomEngraved-Wooden-USB-drive.jpg\" class=\"wp-image-5211\" srcset=\"https:\/\/www.usborkeychain.com\/wp-content\/uploads\/CustomEngraved-Wooden-USB-drive.jpg 800w, https:\/\/www.usborkeychain.com\/wp-content\/uploads\/CustomEngraved-Wooden-USB-drive-300x300.jpg 300w, https:\/\/www.usborkeychain.com\/wp-content\/uploads\/CustomEngraved-Wooden-USB-drive-150x150.jpg 150w, https:\/\/www.usborkeychain.com\/wp-content\/uploads\/CustomEngraved-Wooden-USB-drive-768x768.jpg 768w, https:\/\/www.usborkeychain.com\/wp-content\/uploads\/CustomEngraved-Wooden-USB-drive-12x12.jpg 12w, https:\/\/www.usborkeychain.com\/wp-content\/uploads\/CustomEngraved-Wooden-USB-drive-600x600.jpg 600w, https:\/\/www.usborkeychain.com\/wp-content\/uploads\/CustomEngraved-Wooden-USB-drive-100x100.jpg 100w\" sizes=\"(max-width: 800px) 100vw, 800px\" \/><\/figure>\n<\/div>\n<\/div>","protected":false},"excerpt":{"rendered":"<ul>\n<li>Legno naturale<\/li>\n<li>Verniciato in legno<\/li>\n<li>Csutom LOGO&amp;colore<\/li>\n<li>Resistente ai graffi e all'usura<\/li>\n<li>MOQ: 100pcs<\/li>\n<\/ul>","protected":false},"featured_media":5216,"comment_status":"open","ping_status":"closed","template":"","meta":{"_seopress_robots_primary_cat":"","_seopress_titles_title":"","_seopress_titles_desc":"","_seopress_robots_index":"","site-sidebar-layout":"default","site-content-layout":"","ast-site-content-layout":"","site-content-style":"default","site-sidebar-style":"default","ast-global-header-display":"","ast-banner-title-visibility":"","ast-main-header-display":"","ast-hfb-above-header-display":"","ast-hfb-below-header-display":"","ast-hfb-mobile-header-display":"","site-post-title":"","ast-breadcrumbs-content":"","ast-featured-img":"","footer-sml-layout":"","theme-transparent-header-meta":"","adv-header-id-meta":"","stick-header-meta":"","header-above-stick-meta":"","header-main-stick-meta":"","header-below-stick-meta":"","astra-migrate-meta-layouts":"default","ast-page-background-enabled":"default","ast-page-background-meta":{"desktop":{"background-color":"var(--ast-global-color-5)","background-image":"","background-repeat":"repeat","background-position":"center center","background-size":"auto","background-attachment":"scroll","background-type":"","background-media":"","overlay-type":"","overlay-color":"","overlay-opacity":"","overlay-gradient":""},"tablet":{"background-color":"","background-image":"","background-repeat":"repeat","background-position":"center center","background-size":"auto","background-attachment":"scroll","background-type":"","background-media":"","overlay-type":"","overlay-color":"","overlay-opacity":"","overlay-gradient":""},"mobile":{"background-color":"","background-image":"","background-repeat":"repeat","background-position":"center center","background-size":"auto","background-attachment":"scroll","background-type":"","background-media":"","overlay-type":"","overlay-color":"","overlay-opacity":"","overlay-gradient":""}},"ast-content-background-meta":{"desktop":{"background-color":"var(--ast-global-color-4)","background-image":"","background-repeat":"repeat","background-position":"center center","background-size":"auto","background-attachment":"scroll","background-type":"","background-media":"","overlay-type":"","overlay-color":"","overlay-opacity":"","overlay-gradient":""},"tablet":{"background-color":"var(--ast-global-color-4)","background-image":"","background-repeat":"repeat","background-position":"center center","background-size":"auto","background-attachment":"scroll","background-type":"","background-media":"","overlay-type":"","overlay-color":"","overlay-opacity":"","overlay-gradient":""},"mobile":{"background-color":"var(--ast-global-color-4)","background-image":"","background-repeat":"repeat","background-position":"center center","background-size":"auto","background-attachment":"scroll","background-type":"","background-media":"","overlay-type":"","overlay-color":"","overlay-opacity":"","overlay-gradient":""}}},"product_brand":[],"product_cat":[168,103],"product_tag":[314,241],"class_list":{"0":"post-5204","1":"product","2":"type-product","3":"status-publish","4":"has-post-thumbnail","6":"product_cat-wood-usb-flash-drive","7":"product_cat-usb2-0-usb-pendrive","8":"product_tag-wooden-painted-usb-flash-drives","9":"product_tag-wooden-usb-flash-drive","10":"desktop-align-left","11":"tablet-align-left","12":"mobile-align-left","14":"first","15":"instock","16":"shipping-taxable","17":"product-type-simple"},"_links":{"self":[{"href":"https:\/\/www.usborkeychain.com\/it\/wp-json\/wp\/v2\/product\/5204","targetHints":{"allow":["GET"]}}],"collection":[{"href":"https:\/\/www.usborkeychain.com\/it\/wp-json\/wp\/v2\/product"}],"about":[{"href":"https:\/\/www.usborkeychain.com\/it\/wp-json\/wp\/v2\/types\/product"}],"replies":[{"embeddable":true,"href":"https:\/\/www.usborkeychain.com\/it\/wp-json\/wp\/v2\/comments?post=5204"}],"wp:featuredmedia":[{"embeddable":true,"href":"https:\/\/www.usborkeychain.com\/it\/wp-json\/wp\/v2\/media\/5216"}],"wp:attachment":[{"href":"https:\/\/www.usborkeychain.com\/it\/wp-json\/wp\/v2\/media?parent=5204"}],"wp:term":[{"taxonomy":"product_brand","embeddable":true,"href":"https:\/\/www.usborkeychain.com\/it\/wp-json\/wp\/v2\/product_brand?post=5204"},{"taxonomy":"product_cat","embeddable":true,"href":"https:\/\/www.usborkeychain.com\/it\/wp-json\/wp\/v2\/product_cat?post=5204"},{"taxonomy":"product_tag","embeddable":true,"href":"https:\/\/www.usborkeychain.com\/it\/wp-json\/wp\/v2\/product_tag?post=5204"}],"curies":[{"name":"wp","href":"https:\/\/api.w.org\/{rel}","templated":true}]}}