{"id":5248,"date":"2025-07-30T13:57:05","date_gmt":"2025-07-30T13:57:05","guid":{"rendered":"https:\/\/www.usborkeychain.com\/?post_type=product&#038;p=5248"},"modified":"2025-07-31T00:21:02","modified_gmt":"2025-07-31T00:21:02","slug":"transparent-plastic-usb-flash-drive-pen","status":"publish","type":"product","link":"https:\/\/www.usborkeychain.com\/it\/prodotto\/transparent-plastic-usb-flash-drive-pen\/","title":{"rendered":"Penna per unit\u00e0 flash USB in plastica trasparente"},"content":{"rendered":"<div class=\"wp-block-columns is-layout-flex wp-container-core-columns-is-layout-28f84493 wp-block-columns-is-layout-flex\">\n<div class=\"wp-block-column is-vertically-aligned-center is-layout-flow wp-block-column-is-layout-flow\">\n<p>Il <strong>penna USB in plastica trasparente<\/strong> \u00e8 un prodotto crossover che integra una penna a sfera in plastica e un'unit\u00e0 flash USB ad alta velocit\u00e0, concentrandosi sulle esigenze di \"registrazione + archiviazione\" negli uffici aziendali:<\/p>\n\n\n\n<ul class=\"wp-block-list\">\n<li>Copertura della capacit\u00e0 di archiviazione: Supporta le principali specifiche di archiviazione come 8GB, 32GB e 64GB, soddisfacendo le esigenze di archiviazione di materiali come contratti, piani e documenti di presentazione.<\/li>\n\n\n\n<li>Adattamento multicolore: Il corpo della penna offre opzioni di colore tra cui il nero, il blu, il rosso e il bianco, compatibili con il VI design aziendale e l'estetica personale, adatte a scenari quali le firme aziendali e le registrazioni quotidiane.<\/li>\n<\/ul>\n<\/div>\n\n\n\n<div class=\"wp-block-column is-vertically-aligned-center is-layout-flow wp-block-column-is-layout-flow\">\n<figure class=\"wp-block-image size-full\"><img alt=\"\" fetchpriority=\"high\" decoding=\"async\" width=\"800\" height=\"800\" src=\"https:\/\/www.usborkeychain.com\/wp-content\/uploads\/pen-with-usb-flash-drive.jpg\" class=\"wp-image-5259\" srcset=\"https:\/\/www.usborkeychain.com\/wp-content\/uploads\/pen-with-usb-flash-drive.jpg 800w, https:\/\/www.usborkeychain.com\/wp-content\/uploads\/pen-with-usb-flash-drive-300x300.jpg 300w, https:\/\/www.usborkeychain.com\/wp-content\/uploads\/pen-with-usb-flash-drive-150x150.jpg 150w, https:\/\/www.usborkeychain.com\/wp-content\/uploads\/pen-with-usb-flash-drive-768x768.jpg 768w, https:\/\/www.usborkeychain.com\/wp-content\/uploads\/pen-with-usb-flash-drive-12x12.jpg 12w, https:\/\/www.usborkeychain.com\/wp-content\/uploads\/pen-with-usb-flash-drive-600x600.jpg 600w, https:\/\/www.usborkeychain.com\/wp-content\/uploads\/pen-with-usb-flash-drive-100x100.jpg 100w\" sizes=\"(max-width: 800px) 100vw, 800px\" \/><\/figure>\n<\/div>\n<\/div>\n\n\n\n<div class=\"wp-block-columns is-layout-flex wp-container-core-columns-is-layout-28f84493 wp-block-columns-is-layout-flex\">\n<div class=\"wp-block-column is-vertically-aligned-center is-layout-flow wp-block-column-is-layout-flow\">\n<figure class=\"wp-block-image size-full\"><img alt=\"\" decoding=\"async\" width=\"800\" height=\"800\" src=\"https:\/\/www.usborkeychain.com\/wp-content\/uploads\/Custom-Printed-Promotional-Trans-USB-Pen.jpg\" class=\"wp-image-5255\" srcset=\"https:\/\/www.usborkeychain.com\/wp-content\/uploads\/Custom-Printed-Promotional-Trans-USB-Pen.jpg 800w, https:\/\/www.usborkeychain.com\/wp-content\/uploads\/Custom-Printed-Promotional-Trans-USB-Pen-300x300.jpg 300w, https:\/\/www.usborkeychain.com\/wp-content\/uploads\/Custom-Printed-Promotional-Trans-USB-Pen-150x150.jpg 150w, https:\/\/www.usborkeychain.com\/wp-content\/uploads\/Custom-Printed-Promotional-Trans-USB-Pen-768x768.jpg 768w, https:\/\/www.usborkeychain.com\/wp-content\/uploads\/Custom-Printed-Promotional-Trans-USB-Pen-12x12.jpg 12w, https:\/\/www.usborkeychain.com\/wp-content\/uploads\/Custom-Printed-Promotional-Trans-USB-Pen-600x600.jpg 600w, https:\/\/www.usborkeychain.com\/wp-content\/uploads\/Custom-Printed-Promotional-Trans-USB-Pen-100x100.jpg 100w\" sizes=\"(max-width: 800px) 100vw, 800px\" \/><\/figure>\n<\/div>\n\n\n\n<div class=\"wp-block-column is-vertically-aligned-center is-layout-flow wp-block-column-is-layout-flow\">\n<h2 class=\"wp-block-heading\">Materiale:<\/h2>\n\n\n\n<p>Adotta <strong>ABS (elevata tenacit\u00e0) + PC (resistenza agli urti) <\/strong>materiale composito, in grado di bilanciare durata e leggerezza:<\/p>\n\n\n\n<ul class=\"wp-block-list\">\n<li>Guscio trasparente: Presenta un aspetto fresco e minimalista, consentendo un'osservazione intuitiva della struttura interna ed esaltando la raffinatezza del prodotto.<\/li>\n\n\n\n<li>Impugnatura in gomma: Il design colorato (nero\/blu\/rosso\/bianco) \u00e8 conforme all'ergonomia, garantendo una presa confortevole e senza affaticamento anche con un uso prolungato.<\/li>\n<\/ul>\n<\/div>\n<\/div>\n\n\n\n<div class=\"wp-block-columns is-layout-flex wp-container-core-columns-is-layout-28f84493 wp-block-columns-is-layout-flex\">\n<div class=\"wp-block-column is-vertically-aligned-center is-layout-flow wp-block-column-is-layout-flow\">\n<h2 class=\"wp-block-heading\">Design staccabile:<\/h2>\n\n\n\n<p>Il corpo della penna e il modulo dell'unit\u00e0 flash USB supportano il \"disassemblaggio staccabile\":<\/p>\n\n\n\n<ul class=\"wp-block-list\">\n<li>Quando \u00e8 necessario scrivere, pu\u00f2 essere utilizzata come penna a sfera indipendente.<\/li>\n\n\n\n<li>Quando \u00e8 necessario trasferire file, l'unit\u00e0 flash USB pu\u00f2 essere estratta rapidamente per essere collegata separatamente ai dispositivi (senza dover portare con s\u00e9 l'intera penna), adattandosi in modo flessibile a vari scenari.<\/li>\n<\/ul>\n<\/div>\n\n\n\n<div class=\"wp-block-column is-vertically-aligned-center is-layout-flow wp-block-column-is-layout-flow\">\n<figure class=\"wp-block-image size-full\"><img alt=\"\" decoding=\"async\" width=\"800\" height=\"800\" src=\"https:\/\/www.usborkeychain.com\/wp-content\/uploads\/USB-Flash-drive-Pen-Combo.jpg\" class=\"wp-image-5261\" srcset=\"https:\/\/www.usborkeychain.com\/wp-content\/uploads\/USB-Flash-drive-Pen-Combo.jpg 800w, https:\/\/www.usborkeychain.com\/wp-content\/uploads\/USB-Flash-drive-Pen-Combo-300x300.jpg 300w, https:\/\/www.usborkeychain.com\/wp-content\/uploads\/USB-Flash-drive-Pen-Combo-150x150.jpg 150w, https:\/\/www.usborkeychain.com\/wp-content\/uploads\/USB-Flash-drive-Pen-Combo-768x768.jpg 768w, https:\/\/www.usborkeychain.com\/wp-content\/uploads\/USB-Flash-drive-Pen-Combo-12x12.jpg 12w, https:\/\/www.usborkeychain.com\/wp-content\/uploads\/USB-Flash-drive-Pen-Combo-600x600.jpg 600w, https:\/\/www.usborkeychain.com\/wp-content\/uploads\/USB-Flash-drive-Pen-Combo-100x100.jpg 100w\" sizes=\"(max-width: 800px) 100vw, 800px\" \/><\/figure>\n<\/div>\n<\/div>\n\n\n\n<h2 class=\"wp-block-heading\">Parametri professionali dell'unit\u00e0 flash USB<\/h2>\n\n\n\n<figure class=\"wp-block-table\"><table class=\"has-fixed-layout\"><thead><tr><th>Categoria di parametri<\/th><th>Specifiche dettagliate<\/th><\/tr><\/thead><tbody><tr><td>Capacit\u00e0 di stoccaggio<\/td><td>8GB, 16GB, 32GB, 64GB, 128GB<\/td><\/tr><tr><td>Dimensioni della penna<\/td><td>134 mm di lunghezza, 12 mm di diametro<\/td><\/tr><tr><td>Peso del prodotto<\/td><td>Circa 20 g<\/td><\/tr><tr><td>Tipo di interfaccia<\/td><td>USB 2.0 (compatibile con le interfacce USB 3.0)<\/td><\/tr><tr><td>Specifiche della ricarica<\/td><td>Refill per penna a sfera standard (sostituibile)<\/td><\/tr><\/tbody><\/table><\/figure>\n\n\n\n<h2 class=\"wp-block-heading\">Quali sono i vantaggi di questa chiavetta USB?<\/h2>\n\n\n\n<div class=\"wp-block-columns is-layout-flex wp-container-core-columns-is-layout-28f84493 wp-block-columns-is-layout-flex\">\n<div class=\"wp-block-column is-layout-flow wp-block-column-is-layout-flow\">\n<h3 class=\"wp-block-heading\">Funzionalit\u00e0 2-in-1<\/h3>\n\n\n\n<ul class=\"wp-block-list\">\n<li>Fine della scrittura: Il refill della penna a sfera \u00e8 liscio, adatto alla scrittura quotidiana.<\/li>\n\n\n\n<li>Fine della memorizzazione: Il modulo dell'unit\u00e0 flash USB supporta la lettura e la scrittura ad alta velocit\u00e0, consentendo il backup dei dati e il trasferimento dei file. Un solo dispositivo soddisfa due importanti esigenze d'ufficio.<\/li>\n<\/ul>\n<\/div>\n\n\n\n<div class=\"wp-block-column is-layout-flow wp-block-column-is-layout-flow\">\n<h3 class=\"wp-block-heading\">Ricarica sostituibile<\/h3>\n\n\n\n<p>Il refill pu\u00f2 essere sostituito con i normali refill per penna a sfera, eliminando la necessit\u00e0 di gettare l'intero prodotto quando il refill si esaurisce.<\/p>\n<\/div>\n\n\n\n<div class=\"wp-block-column is-layout-flow wp-block-column-is-layout-flow\">\n<h3 class=\"wp-block-heading\">Design di alto valore<\/h3>\n\n\n\n<p>La combinazione di un guscio trasparente e di un'impugnatura in gomma colorata rompe la monotonia della tradizionale cancelleria da ufficio, esaltando lo stile personale dell'ufficio e rendendo pi\u00f9 riconoscibili i regali personalizzati dal marchio.<\/p>\n<\/div>\n<\/div>\n\n\n\n<div class=\"wp-block-columns is-layout-flex wp-container-core-columns-is-layout-28f84493 wp-block-columns-is-layout-flex\">\n<div class=\"wp-block-column is-layout-flow wp-block-column-is-layout-flow\">\n<figure class=\"wp-block-image size-full\"><img alt=\"\" loading=\"lazy\" decoding=\"async\" width=\"800\" height=\"800\" src=\"https:\/\/www.usborkeychain.com\/wp-content\/uploads\/pen-flash-usb-1.jpg\" class=\"wp-image-5257\" srcset=\"https:\/\/www.usborkeychain.com\/wp-content\/uploads\/pen-flash-usb-1.jpg 800w, https:\/\/www.usborkeychain.com\/wp-content\/uploads\/pen-flash-usb-1-300x300.jpg 300w, https:\/\/www.usborkeychain.com\/wp-content\/uploads\/pen-flash-usb-1-150x150.jpg 150w, https:\/\/www.usborkeychain.com\/wp-content\/uploads\/pen-flash-usb-1-768x768.jpg 768w, https:\/\/www.usborkeychain.com\/wp-content\/uploads\/pen-flash-usb-1-12x12.jpg 12w, https:\/\/www.usborkeychain.com\/wp-content\/uploads\/pen-flash-usb-1-600x600.jpg 600w, https:\/\/www.usborkeychain.com\/wp-content\/uploads\/pen-flash-usb-1-100x100.jpg 100w\" sizes=\"(max-width: 800px) 100vw, 800px\" \/><\/figure>\n<\/div>\n\n\n\n<div class=\"wp-block-column is-layout-flow wp-block-column-is-layout-flow\">\n<figure class=\"wp-block-image size-full\"><img alt=\"\" loading=\"lazy\" decoding=\"async\" width=\"800\" height=\"800\" src=\"https:\/\/www.usborkeychain.com\/wp-content\/uploads\/custome-pen-usb-flash-1.jpg\" class=\"wp-image-5256\" srcset=\"https:\/\/www.usborkeychain.com\/wp-content\/uploads\/custome-pen-usb-flash-1.jpg 800w, https:\/\/www.usborkeychain.com\/wp-content\/uploads\/custome-pen-usb-flash-1-300x300.jpg 300w, https:\/\/www.usborkeychain.com\/wp-content\/uploads\/custome-pen-usb-flash-1-150x150.jpg 150w, https:\/\/www.usborkeychain.com\/wp-content\/uploads\/custome-pen-usb-flash-1-768x768.jpg 768w, https:\/\/www.usborkeychain.com\/wp-content\/uploads\/custome-pen-usb-flash-1-12x12.jpg 12w, https:\/\/www.usborkeychain.com\/wp-content\/uploads\/custome-pen-usb-flash-1-600x600.jpg 600w, https:\/\/www.usborkeychain.com\/wp-content\/uploads\/custome-pen-usb-flash-1-100x100.jpg 100w\" sizes=\"(max-width: 800px) 100vw, 800px\" \/><\/figure>\n<\/div>\n\n\n\n<div class=\"wp-block-column is-layout-flow wp-block-column-is-layout-flow\">\n<figure class=\"wp-block-image size-full\"><img alt=\"\" loading=\"lazy\" decoding=\"async\" width=\"800\" height=\"800\" src=\"https:\/\/www.usborkeychain.com\/wp-content\/uploads\/Corporate-Gift-Pen-Ballpoint-Usb-Flash-Drive.jpg\" class=\"wp-image-5254\" srcset=\"https:\/\/www.usborkeychain.com\/wp-content\/uploads\/Corporate-Gift-Pen-Ballpoint-Usb-Flash-Drive.jpg 800w, https:\/\/www.usborkeychain.com\/wp-content\/uploads\/Corporate-Gift-Pen-Ballpoint-Usb-Flash-Drive-300x300.jpg 300w, https:\/\/www.usborkeychain.com\/wp-content\/uploads\/Corporate-Gift-Pen-Ballpoint-Usb-Flash-Drive-150x150.jpg 150w, https:\/\/www.usborkeychain.com\/wp-content\/uploads\/Corporate-Gift-Pen-Ballpoint-Usb-Flash-Drive-768x768.jpg 768w, https:\/\/www.usborkeychain.com\/wp-content\/uploads\/Corporate-Gift-Pen-Ballpoint-Usb-Flash-Drive-12x12.jpg 12w, https:\/\/www.usborkeychain.com\/wp-content\/uploads\/Corporate-Gift-Pen-Ballpoint-Usb-Flash-Drive-600x600.jpg 600w, https:\/\/www.usborkeychain.com\/wp-content\/uploads\/Corporate-Gift-Pen-Ballpoint-Usb-Flash-Drive-100x100.jpg 100w\" sizes=\"(max-width: 800px) 100vw, 800px\" \/><\/figure>\n<\/div>\n<\/div>\n\n\n\n<h2 class=\"wp-block-heading\">Per quali imprese o attivit\u00e0 \u00e8 adatto come regalo?<\/h2>\n\n\n\n<div class=\"wp-block-columns is-layout-flex wp-container-core-columns-is-layout-28f84493 wp-block-columns-is-layout-flex\">\n<div class=\"wp-block-column is-vertically-aligned-center is-layout-flow wp-block-column-is-layout-flow\">\n<ul class=\"wp-block-list\">\n<li><strong>Regali aziendali<\/strong>: Dopo essere stato personalizzato con il logo aziendale, pu\u00f2 servire come souvenir di una conferenza o come regalo di apprezzamento per i clienti.<\/li>\n\n\n\n<li><strong>Riunioni aziendali\/formazione<\/strong>: I partecipanti possono annotare i punti chiave in loco e contemporaneamente archiviare i materiali della riunione (PPT, documenti).<\/li>\n\n\n\n<li><strong>Attivit\u00e0 di pubbliche relazioni\/mostre<\/strong>: Distribuito come souvenir, trasmette continuamente il valore del marchio.<\/li>\n\n\n\n<li><strong>Uso quotidiano in ufficio<\/strong>: Riduce l'onere di \"portare con s\u00e9 sia una penna che una chiavetta USB\", mantiene la scrivania pi\u00f9 ordinata e migliora l'efficienza.<\/li>\n<\/ul>\n<\/div>\n\n\n\n<div class=\"wp-block-column is-layout-flow wp-block-column-is-layout-flow\">\n<figure class=\"wp-block-image size-full\"><img alt=\"\" loading=\"lazy\" decoding=\"async\" width=\"800\" height=\"800\" src=\"https:\/\/www.usborkeychain.com\/wp-content\/uploads\/Pen-USB-Flash-Drives.jpg\" class=\"wp-image-5258\" srcset=\"https:\/\/www.usborkeychain.com\/wp-content\/uploads\/Pen-USB-Flash-Drives.jpg 800w, https:\/\/www.usborkeychain.com\/wp-content\/uploads\/Pen-USB-Flash-Drives-300x300.jpg 300w, https:\/\/www.usborkeychain.com\/wp-content\/uploads\/Pen-USB-Flash-Drives-150x150.jpg 150w, https:\/\/www.usborkeychain.com\/wp-content\/uploads\/Pen-USB-Flash-Drives-768x768.jpg 768w, https:\/\/www.usborkeychain.com\/wp-content\/uploads\/Pen-USB-Flash-Drives-12x12.jpg 12w, https:\/\/www.usborkeychain.com\/wp-content\/uploads\/Pen-USB-Flash-Drives-600x600.jpg 600w, https:\/\/www.usborkeychain.com\/wp-content\/uploads\/Pen-USB-Flash-Drives-100x100.jpg 100w\" sizes=\"(max-width: 800px) 100vw, 800px\" \/><\/figure>\n<\/div>\n<\/div>\n\n\n\n<div class=\"wp-block-columns is-layout-flex wp-container-core-columns-is-layout-28f84493 wp-block-columns-is-layout-flex\">\n<div class=\"wp-block-column is-vertically-aligned-center is-layout-flow wp-block-column-is-layout-flow\">\n<figure class=\"wp-block-image size-full\"><img alt=\"\" loading=\"lazy\" decoding=\"async\" width=\"800\" height=\"800\" src=\"https:\/\/www.usborkeychain.com\/wp-content\/uploads\/ballpoint-pen-with-usb-flash-drive-1.jpg\" class=\"wp-image-5253\" srcset=\"https:\/\/www.usborkeychain.com\/wp-content\/uploads\/ballpoint-pen-with-usb-flash-drive-1.jpg 800w, https:\/\/www.usborkeychain.com\/wp-content\/uploads\/ballpoint-pen-with-usb-flash-drive-1-300x300.jpg 300w, https:\/\/www.usborkeychain.com\/wp-content\/uploads\/ballpoint-pen-with-usb-flash-drive-1-150x150.jpg 150w, https:\/\/www.usborkeychain.com\/wp-content\/uploads\/ballpoint-pen-with-usb-flash-drive-1-768x768.jpg 768w, https:\/\/www.usborkeychain.com\/wp-content\/uploads\/ballpoint-pen-with-usb-flash-drive-1-12x12.jpg 12w, https:\/\/www.usborkeychain.com\/wp-content\/uploads\/ballpoint-pen-with-usb-flash-drive-1-600x600.jpg 600w, https:\/\/www.usborkeychain.com\/wp-content\/uploads\/ballpoint-pen-with-usb-flash-drive-1-100x100.jpg 100w\" sizes=\"(max-width: 800px) 100vw, 800px\" \/><\/figure>\n<\/div>\n\n\n\n<div class=\"wp-block-column is-vertically-aligned-center is-layout-flow wp-block-column-is-layout-flow\">\n<p>Consigli per l'acquisto: Per gli ordini di grandi quantit\u00e0 (\u2265100 unit\u00e0), sono disponibili servizi di partizionamento della capacit\u00e0 (ad esempio, creazione di una partizione crittografata per 32GB). Si consiglia di abbinarla a una confezione regalo in velluto per migliorare la qualit\u00e0 del regalo. Questa penna USB flash drive ha superato la certificazione RoHS ed \u00e8 conforme agli standard di sicurezza UE per le forniture per ufficio.<\/p>\n\n\n\n<p>Il <strong>penna USB in plastica trasparente<\/strong> integra le funzioni di una chiavetta USB e di una penna a sfera, ridefinendo il valore della cancelleria per ufficio. Sia come regalo aziendale per trasmettere il calore del marchio, sia per l'uso personale in ufficio per migliorare l'efficienza, pu\u00f2 essere un \"partner d'ufficio\" affidabile.<\/p>\n<\/div>\n<\/div>","protected":false},"excerpt":{"rendered":"<ul>\n<li>Penna a sfera in plastica<\/li>\n<li>Unit\u00e0 flash USB ad alta velocit\u00e0<\/li>\n<li>Ricarica sostituibile<\/li>\n<li>RoHS<\/li>\n<li>MOQ: 100pcs<\/li>\n<\/ul>","protected":false},"featured_media":5259,"comment_status":"open","ping_status":"closed","template":"","meta":{"_seopress_robots_primary_cat":"","_seopress_titles_title":"","_seopress_titles_desc":"","_seopress_robots_index":"","site-sidebar-layout":"default","site-content-layout":"","ast-site-content-layout":"","site-content-style":"default","site-sidebar-style":"default","ast-global-header-display":"","ast-banner-title-visibility":"","ast-main-header-display":"","ast-hfb-above-header-display":"","ast-hfb-below-header-display":"","ast-hfb-mobile-header-display":"","site-post-title":"","ast-breadcrumbs-content":"","ast-featured-img":"","footer-sml-layout":"","theme-transparent-header-meta":"","adv-header-id-meta":"","stick-header-meta":"","header-above-stick-meta":"","header-main-stick-meta":"","header-below-stick-meta":"","astra-migrate-meta-layouts":"default","ast-page-background-enabled":"default","ast-page-background-meta":{"desktop":{"background-color":"var(--ast-global-color-5)","background-image":"","background-repeat":"repeat","background-position":"center center","background-size":"auto","background-attachment":"scroll","background-type":"","background-media":"","overlay-type":"","overlay-color":"","overlay-opacity":"","overlay-gradient":""},"tablet":{"background-color":"","background-image":"","background-repeat":"repeat","background-position":"center center","background-size":"auto","background-attachment":"scroll","background-type":"","background-media":"","overlay-type":"","overlay-color":"","overlay-opacity":"","overlay-gradient":""},"mobile":{"background-color":"","background-image":"","background-repeat":"repeat","background-position":"center center","background-size":"auto","background-attachment":"scroll","background-type":"","background-media":"","overlay-type":"","overlay-color":"","overlay-opacity":"","overlay-gradient":""}},"ast-content-background-meta":{"desktop":{"background-color":"var(--ast-global-color-4)","background-image":"","background-repeat":"repeat","background-position":"center center","background-size":"auto","background-attachment":"scroll","background-type":"","background-media":"","overlay-type":"","overlay-color":"","overlay-opacity":"","overlay-gradient":""},"tablet":{"background-color":"var(--ast-global-color-4)","background-image":"","background-repeat":"repeat","background-position":"center center","background-size":"auto","background-attachment":"scroll","background-type":"","background-media":"","overlay-type":"","overlay-color":"","overlay-opacity":"","overlay-gradient":""},"mobile":{"background-color":"var(--ast-global-color-4)","background-image":"","background-repeat":"repeat","background-position":"center center","background-size":"auto","background-attachment":"scroll","background-type":"","background-media":"","overlay-type":"","overlay-color":"","overlay-opacity":"","overlay-gradient":""}}},"product_brand":[],"product_cat":[100],"product_tag":[324,318,323],"class_list":{"0":"post-5248","1":"product","2":"type-product","3":"status-publish","4":"has-post-thumbnail","6":"product_cat-usb-drive-with-pen","7":"product_tag-ballpoint-usb-flash-drive-pen","8":"product_tag-colorful-pen-usb-flash","9":"product_tag-transparent-usb-flash-drive-pen","10":"desktop-align-left","11":"tablet-align-left","12":"mobile-align-left","14":"first","15":"instock","16":"shipping-taxable","17":"product-type-simple"},"_links":{"self":[{"href":"https:\/\/www.usborkeychain.com\/it\/wp-json\/wp\/v2\/product\/5248","targetHints":{"allow":["GET"]}}],"collection":[{"href":"https:\/\/www.usborkeychain.com\/it\/wp-json\/wp\/v2\/product"}],"about":[{"href":"https:\/\/www.usborkeychain.com\/it\/wp-json\/wp\/v2\/types\/product"}],"replies":[{"embeddable":true,"href":"https:\/\/www.usborkeychain.com\/it\/wp-json\/wp\/v2\/comments?post=5248"}],"wp:featuredmedia":[{"embeddable":true,"href":"https:\/\/www.usborkeychain.com\/it\/wp-json\/wp\/v2\/media\/5259"}],"wp:attachment":[{"href":"https:\/\/www.usborkeychain.com\/it\/wp-json\/wp\/v2\/media?parent=5248"}],"wp:term":[{"taxonomy":"product_brand","embeddable":true,"href":"https:\/\/www.usborkeychain.com\/it\/wp-json\/wp\/v2\/product_brand?post=5248"},{"taxonomy":"product_cat","embeddable":true,"href":"https:\/\/www.usborkeychain.com\/it\/wp-json\/wp\/v2\/product_cat?post=5248"},{"taxonomy":"product_tag","embeddable":true,"href":"https:\/\/www.usborkeychain.com\/it\/wp-json\/wp\/v2\/product_tag?post=5248"}],"curies":[{"name":"wp","href":"https:\/\/api.w.org\/{rel}","templated":true}]}}