{"id":5353,"date":"2025-07-31T09:21:25","date_gmt":"2025-07-31T09:21:25","guid":{"rendered":"https:\/\/www.usborkeychain.com\/?post_type=product&#038;p=5353"},"modified":"2025-08-01T15:14:35","modified_gmt":"2025-08-01T15:14:35","slug":"colorful-pointed-usb-pen","status":"publish","type":"product","link":"https:\/\/www.usborkeychain.com\/it\/prodotto\/colorful-pointed-usb-pen\/","title":{"rendered":"Penna USB a punta colorata"},"content":{"rendered":"<div class=\"wp-block-columns is-layout-flex wp-container-core-columns-is-layout-28f84493 wp-block-columns-is-layout-flex\">\n<div class=\"wp-block-column is-vertically-aligned-center is-layout-flow wp-block-column-is-layout-flow\">\n<h3 class=\"wp-block-heading\">Che cos'\u00e8 la penna USB a punta colorata?<\/h3>\n\n\n\n<p>La penna USB a punta colorata \u00e8 un\u00a0<strong>strumento di cancelleria digitale 2 in 1 di livello professionale<\/strong>\u00a0che integra l'archiviazione dati USB (fino a 128 GB) e la funzionalit\u00e0 di penna a sfera. Realizzato con un\u00a0<strong>costruzione interamente in metallo<\/strong>\u00a0e design a doppia conicit\u00e0, colori resistenti: ideale per coniugare praticit\u00e0 (archiviazione + scrittura) e portabilit\u00e0 in ambito lavorativo, educativo e di uso quotidiano.<\/p>\n<\/div>\n\n\n\n<div class=\"wp-block-column is-vertically-aligned-center is-layout-flow wp-block-column-is-layout-flow\">\n<figure class=\"wp-block-image size-large\"><img alt=\"\" fetchpriority=\"high\" decoding=\"async\" width=\"800\" height=\"776\" src=\"https:\/\/www.usborkeychain.com\/wp-content\/uploads\/Ballpoint-USB-Combo-Pen-800x776.jpg\" class=\"wp-image-5358\" srcset=\"https:\/\/www.usborkeychain.com\/wp-content\/uploads\/Ballpoint-USB-Combo-Pen-800x776.jpg 800w, https:\/\/www.usborkeychain.com\/wp-content\/uploads\/Ballpoint-USB-Combo-Pen-300x291.jpg 300w, https:\/\/www.usborkeychain.com\/wp-content\/uploads\/Ballpoint-USB-Combo-Pen-768x745.jpg 768w, https:\/\/www.usborkeychain.com\/wp-content\/uploads\/Ballpoint-USB-Combo-Pen-12x12.jpg 12w, https:\/\/www.usborkeychain.com\/wp-content\/uploads\/Ballpoint-USB-Combo-Pen-600x582.jpg 600w, https:\/\/www.usborkeychain.com\/wp-content\/uploads\/Ballpoint-USB-Combo-Pen.jpg 1024w\" sizes=\"(max-width: 800px) 100vw, 800px\" \/><\/figure>\n<\/div>\n<\/div>\n\n\n\n<div class=\"wp-block-columns is-layout-flex wp-container-core-columns-is-layout-28f84493 wp-block-columns-is-layout-flex\">\n<div class=\"wp-block-column is-vertically-aligned-center is-layout-flow wp-block-column-is-layout-flow\">\n<figure class=\"wp-block-image size-full\"><img alt=\"\" decoding=\"async\" width=\"750\" height=\"750\" src=\"https:\/\/www.usborkeychain.com\/wp-content\/uploads\/2-in-1-Ballpoint-Pen-USB-Drive.jpg\" class=\"wp-image-5356\" srcset=\"https:\/\/www.usborkeychain.com\/wp-content\/uploads\/2-in-1-Ballpoint-Pen-USB-Drive.jpg 750w, https:\/\/www.usborkeychain.com\/wp-content\/uploads\/2-in-1-Ballpoint-Pen-USB-Drive-300x300.jpg 300w, https:\/\/www.usborkeychain.com\/wp-content\/uploads\/2-in-1-Ballpoint-Pen-USB-Drive-150x150.jpg 150w, https:\/\/www.usborkeychain.com\/wp-content\/uploads\/2-in-1-Ballpoint-Pen-USB-Drive-12x12.jpg 12w, https:\/\/www.usborkeychain.com\/wp-content\/uploads\/2-in-1-Ballpoint-Pen-USB-Drive-600x600.jpg 600w, https:\/\/www.usborkeychain.com\/wp-content\/uploads\/2-in-1-Ballpoint-Pen-USB-Drive-100x100.jpg 100w\" sizes=\"(max-width: 750px) 100vw, 750px\" \/><\/figure>\n<\/div>\n\n\n\n<div class=\"wp-block-column is-vertically-aligned-center is-layout-flow wp-block-column-is-layout-flow\">\n<h3 class=\"wp-block-heading\">Caratteristiche e materiali principali<\/h3>\n\n\n\n<ul class=\"wp-block-list\">\n<li><strong>Funzionalit\u00e0 2-in-1<\/strong>: Combina senza soluzione di continuit\u00e0\u00a0<strong>Archiviazione USB<\/strong>\u00a0(USB 2.0\/aggiornabile a 3.0) e\u00a0<strong>Scrittura a sfera in stile Parker<\/strong>\u00a0(inchiostro nero\/blu), eliminando la necessit\u00e0 di utilizzare pi\u00f9 strumenti.<\/li>\n\n\n\n<li><strong>Struttura interamente in metallo di qualit\u00e0 superiore<\/strong>: Intero fusto in metallo con trattamenti di ossidazione\/elettroplaccatura\/ \u70e4\u6f06, che offre resistenza a graffi e cadute e un'estetica di alto livello (disponibile in rosso, argento, nero, blu, ecc.).<\/li>\n\n\n\n<li><strong>Design ergonomico<\/strong>: 135 mm di lunghezza \u00d7 13 mm di diametro, 33,5 g di peso leggero e impugnatura ergonomica per un uso confortevole e prolungato.<\/li>\n<\/ul>\n<\/div>\n<\/div>\n\n\n\n<div class=\"wp-block-columns is-layout-flex wp-container-core-columns-is-layout-28f84493 wp-block-columns-is-layout-flex\">\n<div class=\"wp-block-column is-vertically-aligned-center is-layout-flow wp-block-column-is-layout-flow\">\n<h3 class=\"wp-block-heading\">Opzioni di personalizzazione<\/h3>\n\n\n\n<ul class=\"wp-block-list\">\n<li><strong>Logo\/testo inciso al laser<\/strong>: Identificatori del marchio o messaggi personalizzati per\u00a0<strong>esposizione del marchio ad alta frequenza<\/strong>.<\/li>\n\n\n\n<li><strong>Personalizzazione del colore<\/strong>: Finiture su misura per soddisfare le preferenze aziendali\/individuali.<\/li>\n\n\n\n<li><strong>Imballaggio di lusso<\/strong>: Opzionale\u00a0<strong>confezione regalo in lega di alluminio<\/strong>\u00a0per un regalo elevato (ideale per souvenir aziendali o campagne promozionali).<\/li>\n<\/ul>\n<\/div>\n\n\n\n<div class=\"wp-block-column is-vertically-aligned-center is-layout-flow wp-block-column-is-layout-flow\">\n<figure class=\"wp-block-image size-full\"><img alt=\"\" decoding=\"async\" width=\"750\" height=\"750\" src=\"https:\/\/www.usborkeychain.com\/wp-content\/uploads\/Ballpoint-pens-with-usb.jpg\" class=\"wp-image-5357\" srcset=\"https:\/\/www.usborkeychain.com\/wp-content\/uploads\/Ballpoint-pens-with-usb.jpg 750w, https:\/\/www.usborkeychain.com\/wp-content\/uploads\/Ballpoint-pens-with-usb-300x300.jpg 300w, https:\/\/www.usborkeychain.com\/wp-content\/uploads\/Ballpoint-pens-with-usb-150x150.jpg 150w, https:\/\/www.usborkeychain.com\/wp-content\/uploads\/Ballpoint-pens-with-usb-12x12.jpg 12w, https:\/\/www.usborkeychain.com\/wp-content\/uploads\/Ballpoint-pens-with-usb-600x600.jpg 600w, https:\/\/www.usborkeychain.com\/wp-content\/uploads\/Ballpoint-pens-with-usb-100x100.jpg 100w\" sizes=\"(max-width: 750px) 100vw, 750px\" \/><\/figure>\n<\/div>\n<\/div>\n\n\n\n<h3 class=\"wp-block-heading\">Specifiche USB (tabella)<\/h3>\n\n\n\n<figure class=\"wp-block-table\"><table class=\"has-fixed-layout\"><thead><tr><th>Parametro<\/th><th>Dettagli<\/th><\/tr><\/thead><tbody><tr><td>Capacit\u00e0<\/td><td>8GB\/16GB\/32GB\/64GB\/128GB (personalizzabile)<\/td><\/tr><tr><td>Dimensioni<\/td><td>135 mm (L) \u00d7 13 mm (P)<\/td><\/tr><tr><td>Peso<\/td><td>33.5g<\/td><\/tr><tr><td>Interfaccia<\/td><td>USB 2.0 (aggiornamento USB 3.0 disponibile)<\/td><\/tr><tr><td>Costruzione<\/td><td>Canna interamente in metallo con rivestimento anticorrosione<\/td><\/tr><\/tbody><\/table><\/figure>\n\n\n\n<div class=\"wp-block-columns is-layout-flex wp-container-core-columns-is-layout-28f84493 wp-block-columns-is-layout-flex\">\n<div class=\"wp-block-column is-vertically-aligned-center is-layout-flow wp-block-column-is-layout-flow\">\n<h3 class=\"wp-block-heading\">Vantaggi principali<\/h3>\n\n\n\n<ol class=\"wp-block-list\">\n<li><strong>Integrazione funzionale<\/strong>: Semplificare i flussi di lavoro con un unico strumento per l'archiviazione\u00a0<em>e<\/em>\u00a0scrittura.<\/li>\n\n\n\n<li><strong>Esperienza di scrittura premium<\/strong>: Le ricariche a sfera standard Parker (sostituibili) garantiscono un inchiostro fluido e di lunga durata (nero\/blu), riducendo i costi di sostituzione.<\/li>\n\n\n\n<li><strong>Durata<\/strong>: La struttura in metallo e le finiture galvaniche resistono all'uso quotidiano e mantengono l'integrit\u00e0 del colore.<\/li>\n\n\n\n<li><strong>Flessibilit\u00e0 di personalizzazione<\/strong>: Colori, loghi e confezioni allineati al marchio per applicazioni B2B\/B2C.<\/li>\n\n\n\n<li><strong>Portabilit\u00e0<\/strong>: Design leggero (33,5 g) e dimensioni tascabili per i professionisti sempre in movimento.<\/li>\n<\/ol>\n<\/div>\n\n\n\n<div class=\"wp-block-column is-layout-flow wp-block-column-is-layout-flow\">\n<figure class=\"wp-block-image size-full\"><img alt=\"\" loading=\"lazy\" decoding=\"async\" width=\"750\" height=\"750\" src=\"https:\/\/www.usborkeychain.com\/wp-content\/uploads\/multi-color-pen-with-usb-drive.jpg\" class=\"wp-image-5361\" srcset=\"https:\/\/www.usborkeychain.com\/wp-content\/uploads\/multi-color-pen-with-usb-drive.jpg 750w, https:\/\/www.usborkeychain.com\/wp-content\/uploads\/multi-color-pen-with-usb-drive-300x300.jpg 300w, https:\/\/www.usborkeychain.com\/wp-content\/uploads\/multi-color-pen-with-usb-drive-150x150.jpg 150w, https:\/\/www.usborkeychain.com\/wp-content\/uploads\/multi-color-pen-with-usb-drive-12x12.jpg 12w, https:\/\/www.usborkeychain.com\/wp-content\/uploads\/multi-color-pen-with-usb-drive-600x600.jpg 600w, https:\/\/www.usborkeychain.com\/wp-content\/uploads\/multi-color-pen-with-usb-drive-100x100.jpg 100w\" sizes=\"(max-width: 750px) 100vw, 750px\" \/><\/figure>\n<\/div>\n<\/div>\n\n\n\n<div class=\"wp-block-columns is-layout-flex wp-container-core-columns-is-layout-28f84493 wp-block-columns-is-layout-flex\">\n<div class=\"wp-block-column is-layout-flow wp-block-column-is-layout-flow\">\n<figure class=\"wp-block-image size-full\"><img alt=\"\" loading=\"lazy\" decoding=\"async\" width=\"750\" height=\"750\" src=\"https:\/\/www.usborkeychain.com\/wp-content\/uploads\/USB-memory-ballpoint-pen-metal.jpg\" class=\"wp-image-5362\" srcset=\"https:\/\/www.usborkeychain.com\/wp-content\/uploads\/USB-memory-ballpoint-pen-metal.jpg 750w, https:\/\/www.usborkeychain.com\/wp-content\/uploads\/USB-memory-ballpoint-pen-metal-300x300.jpg 300w, https:\/\/www.usborkeychain.com\/wp-content\/uploads\/USB-memory-ballpoint-pen-metal-150x150.jpg 150w, https:\/\/www.usborkeychain.com\/wp-content\/uploads\/USB-memory-ballpoint-pen-metal-12x12.jpg 12w, https:\/\/www.usborkeychain.com\/wp-content\/uploads\/USB-memory-ballpoint-pen-metal-600x600.jpg 600w, https:\/\/www.usborkeychain.com\/wp-content\/uploads\/USB-memory-ballpoint-pen-metal-100x100.jpg 100w\" sizes=\"(max-width: 750px) 100vw, 750px\" \/><\/figure>\n<\/div>\n\n\n\n<div class=\"wp-block-column is-vertically-aligned-center is-layout-flow wp-block-column-is-layout-flow\">\n<h3 class=\"wp-block-heading\">Applicazioni target<\/h3>\n\n\n\n<ul class=\"wp-block-list\">\n<li><strong>Regali aziendali<\/strong>: Rafforzare le relazioni con i clienti\/dipendenti con souvenir funzionali e di marca.<\/li>\n\n\n\n<li><strong>Mostre e offerte<\/strong>: Articoli promozionali a basso costo e ad alta visibilit\u00e0 con loghi personalizzabili.<\/li>\n\n\n\n<li><strong>Regali di laurea<\/strong>: Ricordi incisi che uniscono praticit\u00e0 e sentimentalismo.<\/li>\n\n\n\n<li><strong>Omaggi per la conferenza<\/strong>: Sostituite le USB generiche con uno strumento a doppio uso per un richiamo duraturo del marchio.<\/li>\n<\/ul>\n<\/div>\n<\/div>\n\n\n\n<div class=\"wp-block-columns is-layout-flex wp-container-core-columns-is-layout-28f84493 wp-block-columns-is-layout-flex\">\n<div class=\"wp-block-column is-vertically-aligned-center is-layout-flow wp-block-column-is-layout-flow\">\n<h3 class=\"wp-block-heading\">Politica di acquisto in blocco<\/h3>\n\n\n\n<ul class=\"wp-block-list\">\n<li><strong>Ordine minimo<\/strong>: 100 unit\u00e0 per prezzi all'ingrosso; oltre 500 unit\u00e0 per sconti esclusivi.<\/li>\n\n\n\n<li><strong>Tempi di consegna<\/strong>7 giorni per l'incisione del logo di base; 15-20 giorni per la personalizzazione del colore e della confezione.<\/li>\n\n\n\n<li><strong>Termini di pagamento<\/strong>: 30% deposito anticipato, saldo alla consegna\/collaudo qualit\u00e0.<\/li>\n<\/ul>\n<\/div>\n\n\n\n<div class=\"wp-block-column is-layout-flow wp-block-column-is-layout-flow\">\n<figure class=\"wp-block-image size-full\"><img alt=\"\" loading=\"lazy\" decoding=\"async\" width=\"750\" height=\"750\" src=\"https:\/\/www.usborkeychain.com\/wp-content\/uploads\/IMG_4161.jpg\" class=\"wp-image-5360\" srcset=\"https:\/\/www.usborkeychain.com\/wp-content\/uploads\/IMG_4161.jpg 750w, https:\/\/www.usborkeychain.com\/wp-content\/uploads\/IMG_4161-300x300.jpg 300w, https:\/\/www.usborkeychain.com\/wp-content\/uploads\/IMG_4161-150x150.jpg 150w, https:\/\/www.usborkeychain.com\/wp-content\/uploads\/IMG_4161-12x12.jpg 12w, https:\/\/www.usborkeychain.com\/wp-content\/uploads\/IMG_4161-600x600.jpg 600w, https:\/\/www.usborkeychain.com\/wp-content\/uploads\/IMG_4161-100x100.jpg 100w\" sizes=\"(max-width: 750px) 100vw, 750px\" \/><\/figure>\n<\/div>\n<\/div>","protected":false},"excerpt":{"rendered":"<ul>\n<li>Penna a sfera 2 in 1 Unit\u00e0 USB<\/li>\n<li>Penna a sfera USB Flash Drive 2-in-1 Penna per scrivere e disco U<\/li>\n<li>Unit\u00e0 flash USB multifunzionale<\/li>\n<li>Penna aziendale usb<\/li>\n<li>MOQ: 100pcs<\/li>\n<\/ul>","protected":false},"featured_media":5362,"comment_status":"open","ping_status":"closed","template":"","meta":{"_seopress_robots_primary_cat":"none","_seopress_titles_title":"","_seopress_titles_desc":"","_seopress_robots_index":"","site-sidebar-layout":"default","site-content-layout":"","ast-site-content-layout":"","site-content-style":"default","site-sidebar-style":"default","ast-global-header-display":"","ast-banner-title-visibility":"","ast-main-header-display":"","ast-hfb-above-header-display":"","ast-hfb-below-header-display":"","ast-hfb-mobile-header-display":"","site-post-title":"","ast-breadcrumbs-content":"","ast-featured-img":"","footer-sml-layout":"","theme-transparent-header-meta":"","adv-header-id-meta":"","stick-header-meta":"","header-above-stick-meta":"","header-main-stick-meta":"","header-below-stick-meta":"","astra-migrate-meta-layouts":"default","ast-page-background-enabled":"default","ast-page-background-meta":{"desktop":{"background-color":"var(--ast-global-color-5)","background-image":"","background-repeat":"repeat","background-position":"center center","background-size":"auto","background-attachment":"scroll","background-type":"","background-media":"","overlay-type":"","overlay-color":"","overlay-opacity":"","overlay-gradient":""},"tablet":{"background-color":"","background-image":"","background-repeat":"repeat","background-position":"center center","background-size":"auto","background-attachment":"scroll","background-type":"","background-media":"","overlay-type":"","overlay-color":"","overlay-opacity":"","overlay-gradient":""},"mobile":{"background-color":"","background-image":"","background-repeat":"repeat","background-position":"center center","background-size":"auto","background-attachment":"scroll","background-type":"","background-media":"","overlay-type":"","overlay-color":"","overlay-opacity":"","overlay-gradient":""}},"ast-content-background-meta":{"desktop":{"background-color":"var(--ast-global-color-4)","background-image":"","background-repeat":"repeat","background-position":"center center","background-size":"auto","background-attachment":"scroll","background-type":"","background-media":"","overlay-type":"","overlay-color":"","overlay-opacity":"","overlay-gradient":""},"tablet":{"background-color":"var(--ast-global-color-4)","background-image":"","background-repeat":"repeat","background-position":"center center","background-size":"auto","background-attachment":"scroll","background-type":"","background-media":"","overlay-type":"","overlay-color":"","overlay-opacity":"","overlay-gradient":""},"mobile":{"background-color":"var(--ast-global-color-4)","background-image":"","background-repeat":"repeat","background-position":"center center","background-size":"auto","background-attachment":"scroll","background-type":"","background-media":"","overlay-type":"","overlay-color":"","overlay-opacity":"","overlay-gradient":""}}},"product_brand":[],"product_cat":[100],"product_tag":[334,324,327],"class_list":{"0":"post-5353","1":"product","2":"type-product","3":"status-publish","4":"has-post-thumbnail","6":"product_cat-usb-drive-with-pen","7":"product_tag-2-in-1-ballpoint-pen-usb-drive-2","8":"product_tag-ballpoint-usb-flash-drive-pen","9":"product_tag-colorful-pointed-usb-pen","10":"desktop-align-left","11":"tablet-align-left","12":"mobile-align-left","14":"first","15":"instock","16":"shipping-taxable","17":"product-type-simple"},"_links":{"self":[{"href":"https:\/\/www.usborkeychain.com\/it\/wp-json\/wp\/v2\/product\/5353","targetHints":{"allow":["GET"]}}],"collection":[{"href":"https:\/\/www.usborkeychain.com\/it\/wp-json\/wp\/v2\/product"}],"about":[{"href":"https:\/\/www.usborkeychain.com\/it\/wp-json\/wp\/v2\/types\/product"}],"replies":[{"embeddable":true,"href":"https:\/\/www.usborkeychain.com\/it\/wp-json\/wp\/v2\/comments?post=5353"}],"wp:featuredmedia":[{"embeddable":true,"href":"https:\/\/www.usborkeychain.com\/it\/wp-json\/wp\/v2\/media\/5362"}],"wp:attachment":[{"href":"https:\/\/www.usborkeychain.com\/it\/wp-json\/wp\/v2\/media?parent=5353"}],"wp:term":[{"taxonomy":"product_brand","embeddable":true,"href":"https:\/\/www.usborkeychain.com\/it\/wp-json\/wp\/v2\/product_brand?post=5353"},{"taxonomy":"product_cat","embeddable":true,"href":"https:\/\/www.usborkeychain.com\/it\/wp-json\/wp\/v2\/product_cat?post=5353"},{"taxonomy":"product_tag","embeddable":true,"href":"https:\/\/www.usborkeychain.com\/it\/wp-json\/wp\/v2\/product_tag?post=5353"}],"curies":[{"name":"wp","href":"https:\/\/api.w.org\/{rel}","templated":true}]}}